

{"id":14846,"date":"2023-07-05T14:49:25","date_gmt":"2023-07-05T12:49:25","guid":{"rendered":"https:\/\/www.gamapa.de\/marcus-hornig-steuerberater-partner\/"},"modified":"2025-11-06T10:49:44","modified_gmt":"2025-11-06T09:49:44","slug":"marcus-hornig-tax-consultant-partner","status":"publish","type":"page","link":"https:\/\/www.gamapa.de\/en\/advisors\/marcus-hornig-tax-consultant-partner\/","title":{"rendered":"Marcus Hornig"},"content":{"rendered":"\n<h3 class=\"wp-block-heading\">Main fields of activity<\/h3>\n\n\n\n<ul class=\"wp-block-list\">\n<li>Tax litigation<\/li>\n\n\n\n<li>Criminal Tax Law<\/li>\n\n\n\n<li>Private Clients <\/li>\n\n\n\n<li>Sports Law&nbsp;&nbsp;<\/li>\n<\/ul>\n\n\n\n<h3 class=\"wp-block-heading\">Career<\/h3>\n\n\n\n<figure class=\"wp-block-table tablist\"><table><tbody><tr><td>1993-1996<\/td><td>University of Cooperative Education Karlsruhe\/Baden-W\u00fcrttemberg (Department of Taxation); Degree: Diplom-Betriebswird DHBW (Diploma in Business Administration)<\/td><\/tr><tr><td>1993-2003<\/td><td>Tax consultancy of German rental companies of food discounters and Hungarian permanent establishments\/foreign trade companies in Germany<\/td><\/tr><tr><td>2003<\/td><td>Appointment as tax consultant<\/td><\/tr><tr><td>2003-2009<\/td><td>Tax consulting of Japanese subsidiaries in Germany and high net worth individuals with their domestic and foreign corporate investments<\/td><\/tr><tr><td>2009-2023<\/td><td>2009-2014 Senior Manager and from <br>2015 Director and Location Manager Private Clients at TOP-5 tax consulting firm thereof <br>2011-2021 Tax Manager of a listed stock corporation<\/td><\/tr><tr><td>since 2023<\/td><td>Partner at Dr. Gantef\u00fchrer, Marquardt &amp; Partner<\/td><\/tr><\/tbody><\/table><\/figure>\n\n\n\n<h3 class=\"wp-block-heading\">Industries<\/h3>\n\n\n\n<ul class=\"wp-block-list\">\n<li>Board members\/managing directors<\/li>\n\n\n\n<li>Wealthy private individuals<\/li>\n\n\n\n<li>Soccer clubs of the 1st and 2nd Bundesliga<\/li>\n<\/ul>\n\n\n\n<h3 class=\"wp-block-heading\">Publications<\/h3>\n\n\n\n<ul class=\"wp-block-list\">\n<li>Do emigrants face trouble with the tax authorities in: WirtschaftsWoche v. 17.02.2023<\/li>\n\n\n\n<li>Fleeing the taxman abroad in: WirtschaftsWoche v. 22.04.2022<\/li>\n\n\n\n<li>Why expats are threatened with tax trouble with the bank in: WirtschaftsWoche v. 13.02.2022<\/li>\n\n\n\n<li>German tax on pensions from France in: WirtschaftsWoche v. 02.03.2022<\/li>\n\n\n\n<li>Greetings to the tax office in: WirtschaftsWoche v. 24.01.2020<\/li>\n\n\n\n<li>\u00a7153 AO: Correction without delay? &#8211; An overview in: PStR Praxis Steuerstrafrecht 01\/2020<\/li>\n\n\n\n<li>The immediacy of a correction under section 153 AO as a high-risk area in: PStR Praxis Steuerstrafrecht 12\/2019<\/li>\n\n\n\n<li>Design considerations in the build-up and transfer of art in: NWB Erben + Verm\u00f6gen 05\/2018<\/li>\n\n\n\n<li>Liechtenstein foundations in the crosshairs of the tax authorities &#8211; Why distributions from shielding foundations are currently subject to income and gift tax in: NWB Erben + Verm\u00f6gen 11\/2016<\/li>\n\n\n\n<li>Immediate taxation for Spanish real estate companies in: IWB 07\/2014<\/li>\n\n\n\n<li>Searches at Commerzbank in: PStR Praxis Steuerstrafrecht 04\/2014<\/li>\n\n\n\n<li>LGT-Bank: No proof of tax evasion despite naming on CD in: PStR Praxis Steuerstrafrecht 02\/2014<\/li>\n\n\n\n<li>Author in: Weinmann\/Revenstorff\/Offerhaus\/Erkis Inheritance and Gift Tax Law, NJW Praxis, Verlag C.H. BECK, 4th edition 2017<\/li>\n<\/ul>\n\n\n\n<div style=\"height:20px\" aria-hidden=\"true\" class=\"wp-block-spacer\"><\/div>\n\n\n\n<div class=\"wp-block-button zurueck\"><a class=\"wp-block-button__link wp-element-button\" href=\"https:\/\/www.gamapa.de\/en\/advisors\/\">BACK<\/a><\/div>\n\n\n\n<p><\/p>\n","protected":false},"excerpt":{"rendered":"<p>Main fields of activity Career 1993-1996 University of Cooperative Education Karlsruhe\/Baden-W\u00fcrttemberg (Department of Taxation); Degree: Diplom-Betriebswird DHBW (Diploma in Business Administration) 1993-2003 Tax consultancy of German rental companies of food discounters and Hungarian permanent establishments\/foreign trade companies in Germany 2003 Appointment as tax consultant 2003-2009 Tax consulting of Japanese subsidiaries in Germany and high net <a href=\"https:\/\/www.gamapa.de\/en\/advisors\/marcus-hornig-tax-consultant-partner\/\">[\u2026]<\/a><\/p>\n","protected":false},"author":1,"featured_media":14872,"parent":5642,"menu_order":26,"comment_status":"closed","ping_status":"closed","template":"templates\/template-Profil.php","meta":{"_acf_changed":false,"_uag_custom_page_level_css":"","footnotes":""},"class_list":["post-14846","page","type-page","status-publish","has-post-thumbnail","hentry"],"acf":[],"yoast_head":"<!-- This site is optimized with the Yoast SEO plugin v27.3 - https:\/\/yoast.com\/product\/yoast-seo-wordpress\/ -->\n<title>Marcus Hornig - GANTEF\u00dcHRER<\/title>\n<meta name=\"robots\" content=\"index, follow, max-snippet:-1, max-image-preview:large, max-video-preview:-1\" \/>\n<link rel=\"canonical\" href=\"https:\/\/www.gamapa.de\/en\/advisors\/marcus-hornig-tax-consultant-partner\/\" \/>\n<meta property=\"og:locale\" content=\"en_US\" \/>\n<meta property=\"og:type\" content=\"article\" \/>\n<meta property=\"og:title\" content=\"Marcus Hornig - GANTEF\u00dcHRER\" \/>\n<meta property=\"og:description\" content=\"Main fields of activity Career 1993-1996 University of Cooperative Education Karlsruhe\/Baden-W\u00fcrttemberg (Department of Taxation); Degree: Diplom-Betriebswird DHBW (Diploma in Business Administration) 1993-2003 Tax consultancy of German rental companies of food discounters and Hungarian permanent establishments\/foreign trade companies in Germany 2003 Appointment as tax consultant 2003-2009 Tax consulting of Japanese subsidiaries in Germany and high net [\u2026]\" \/>\n<meta property=\"og:url\" content=\"https:\/\/www.gamapa.de\/en\/advisors\/marcus-hornig-tax-consultant-partner\/\" \/>\n<meta property=\"og:site_name\" content=\"GANTEF\u00dcHRER\" \/>\n<meta property=\"article:modified_time\" content=\"2025-11-06T09:49:44+00:00\" \/>\n<meta property=\"og:image\" content=\"https:\/\/www.gamapa.de\/wp-content\/uploads\/2023\/07\/Hornig_2.jpg\" \/>\n\t<meta property=\"og:image:width\" content=\"1440\" \/>\n\t<meta property=\"og:image:height\" content=\"859\" \/>\n\t<meta property=\"og:image:type\" content=\"image\/jpeg\" \/>\n<meta name=\"twitter:card\" content=\"summary_large_image\" \/>\n<meta name=\"twitter:label1\" content=\"Est. reading time\" \/>\n\t<meta name=\"twitter:data1\" content=\"2 minutes\" \/>\n<script type=\"application\/ld+json\" class=\"yoast-schema-graph\">{\"@context\":\"https:\\\/\\\/schema.org\",\"@graph\":[{\"@type\":\"WebPage\",\"@id\":\"https:\\\/\\\/www.gamapa.de\\\/en\\\/advisors\\\/marcus-hornig-tax-consultant-partner\\\/\",\"url\":\"https:\\\/\\\/www.gamapa.de\\\/en\\\/advisors\\\/marcus-hornig-tax-consultant-partner\\\/\",\"name\":\"Marcus Hornig - GANTEF\u00dcHRER\",\"isPartOf\":{\"@id\":\"https:\\\/\\\/www.gamapa.de\\\/en\\\/#website\"},\"primaryImageOfPage\":{\"@id\":\"https:\\\/\\\/www.gamapa.de\\\/en\\\/advisors\\\/marcus-hornig-tax-consultant-partner\\\/#primaryimage\"},\"image\":{\"@id\":\"https:\\\/\\\/www.gamapa.de\\\/en\\\/advisors\\\/marcus-hornig-tax-consultant-partner\\\/#primaryimage\"},\"thumbnailUrl\":\"https:\\\/\\\/www.gamapa.de\\\/wp-content\\\/uploads\\\/2023\\\/07\\\/Hornig_2.jpg\",\"datePublished\":\"2023-07-05T12:49:25+00:00\",\"dateModified\":\"2025-11-06T09:49:44+00:00\",\"breadcrumb\":{\"@id\":\"https:\\\/\\\/www.gamapa.de\\\/en\\\/advisors\\\/marcus-hornig-tax-consultant-partner\\\/#breadcrumb\"},\"inLanguage\":\"en-US\",\"potentialAction\":[{\"@type\":\"ReadAction\",\"target\":[\"https:\\\/\\\/www.gamapa.de\\\/en\\\/advisors\\\/marcus-hornig-tax-consultant-partner\\\/\"]}]},{\"@type\":\"ImageObject\",\"inLanguage\":\"en-US\",\"@id\":\"https:\\\/\\\/www.gamapa.de\\\/en\\\/advisors\\\/marcus-hornig-tax-consultant-partner\\\/#primaryimage\",\"url\":\"https:\\\/\\\/www.gamapa.de\\\/wp-content\\\/uploads\\\/2023\\\/07\\\/Hornig_2.jpg\",\"contentUrl\":\"https:\\\/\\\/www.gamapa.de\\\/wp-content\\\/uploads\\\/2023\\\/07\\\/Hornig_2.jpg\",\"width\":1440,\"height\":859,\"caption\":\"Marcus Hornig Diplom-Betriebswirt (DHBW) Steuerberater Partner\"},{\"@type\":\"BreadcrumbList\",\"@id\":\"https:\\\/\\\/www.gamapa.de\\\/en\\\/advisors\\\/marcus-hornig-tax-consultant-partner\\\/#breadcrumb\",\"itemListElement\":[{\"@type\":\"ListItem\",\"position\":1,\"name\":\"Startseite\",\"item\":\"https:\\\/\\\/www.gamapa.de\\\/en\\\/\"},{\"@type\":\"ListItem\",\"position\":2,\"name\":\"Advisors\",\"item\":\"https:\\\/\\\/www.gamapa.de\\\/en\\\/advisors\\\/\"},{\"@type\":\"ListItem\",\"position\":3,\"name\":\"Marcus Hornig\"}]},{\"@type\":\"WebSite\",\"@id\":\"https:\\\/\\\/www.gamapa.de\\\/en\\\/#website\",\"url\":\"https:\\\/\\\/www.gamapa.de\\\/en\\\/\",\"name\":\"GANTEF\u00dcHRER\",\"description\":\"Wirtschaftspr\u00fcfer, Steuerberater, Rechtsanw\u00e4lte\",\"publisher\":{\"@id\":\"https:\\\/\\\/www.gamapa.de\\\/en\\\/#organization\"},\"potentialAction\":[{\"@type\":\"SearchAction\",\"target\":{\"@type\":\"EntryPoint\",\"urlTemplate\":\"https:\\\/\\\/www.gamapa.de\\\/en\\\/?s={search_term_string}\"},\"query-input\":{\"@type\":\"PropertyValueSpecification\",\"valueRequired\":true,\"valueName\":\"search_term_string\"}}],\"inLanguage\":\"en-US\"},{\"@type\":\"Organization\",\"@id\":\"https:\\\/\\\/www.gamapa.de\\\/en\\\/#organization\",\"name\":\"Gantef\u00fchrer Wirtschaftspr\u00fcfer, Steuerberater, Rechtsanw\u00e4lte\",\"url\":\"https:\\\/\\\/www.gamapa.de\\\/en\\\/\",\"logo\":{\"@type\":\"ImageObject\",\"inLanguage\":\"en-US\",\"@id\":\"https:\\\/\\\/www.gamapa.de\\\/en\\\/#\\\/schema\\\/logo\\\/image\\\/\",\"url\":\"https:\\\/\\\/www.gamapa.de\\\/wp-content\\\/uploads\\\/2026\\\/01\\\/Logo-Gantefuehrer.png\",\"contentUrl\":\"https:\\\/\\\/www.gamapa.de\\\/wp-content\\\/uploads\\\/2026\\\/01\\\/Logo-Gantefuehrer.png\",\"width\":767,\"height\":156,\"caption\":\"Gantef\u00fchrer Wirtschaftspr\u00fcfer, Steuerberater, Rechtsanw\u00e4lte\"},\"image\":{\"@id\":\"https:\\\/\\\/www.gamapa.de\\\/en\\\/#\\\/schema\\\/logo\\\/image\\\/\"}}]}<\/script>\n<!-- \/ Yoast SEO plugin. -->","yoast_head_json":{"title":"Marcus Hornig - GANTEF\u00dcHRER","robots":{"index":"index","follow":"follow","max-snippet":"max-snippet:-1","max-image-preview":"max-image-preview:large","max-video-preview":"max-video-preview:-1"},"canonical":"https:\/\/www.gamapa.de\/en\/advisors\/marcus-hornig-tax-consultant-partner\/","og_locale":"en_US","og_type":"article","og_title":"Marcus Hornig - GANTEF\u00dcHRER","og_description":"Main fields of activity Career 1993-1996 University of Cooperative Education Karlsruhe\/Baden-W\u00fcrttemberg (Department of Taxation); Degree: Diplom-Betriebswird DHBW (Diploma in Business Administration) 1993-2003 Tax consultancy of German rental companies of food discounters and Hungarian permanent establishments\/foreign trade companies in Germany 2003 Appointment as tax consultant 2003-2009 Tax consulting of Japanese subsidiaries in Germany and high net [\u2026]","og_url":"https:\/\/www.gamapa.de\/en\/advisors\/marcus-hornig-tax-consultant-partner\/","og_site_name":"GANTEF\u00dcHRER","article_modified_time":"2025-11-06T09:49:44+00:00","og_image":[{"width":1440,"height":859,"url":"https:\/\/www.gamapa.de\/wp-content\/uploads\/2023\/07\/Hornig_2.jpg","type":"image\/jpeg"}],"twitter_card":"summary_large_image","twitter_misc":{"Est. reading time":"2 minutes"},"schema":{"@context":"https:\/\/schema.org","@graph":[{"@type":"WebPage","@id":"https:\/\/www.gamapa.de\/en\/advisors\/marcus-hornig-tax-consultant-partner\/","url":"https:\/\/www.gamapa.de\/en\/advisors\/marcus-hornig-tax-consultant-partner\/","name":"Marcus Hornig - GANTEF\u00dcHRER","isPartOf":{"@id":"https:\/\/www.gamapa.de\/en\/#website"},"primaryImageOfPage":{"@id":"https:\/\/www.gamapa.de\/en\/advisors\/marcus-hornig-tax-consultant-partner\/#primaryimage"},"image":{"@id":"https:\/\/www.gamapa.de\/en\/advisors\/marcus-hornig-tax-consultant-partner\/#primaryimage"},"thumbnailUrl":"https:\/\/www.gamapa.de\/wp-content\/uploads\/2023\/07\/Hornig_2.jpg","datePublished":"2023-07-05T12:49:25+00:00","dateModified":"2025-11-06T09:49:44+00:00","breadcrumb":{"@id":"https:\/\/www.gamapa.de\/en\/advisors\/marcus-hornig-tax-consultant-partner\/#breadcrumb"},"inLanguage":"en-US","potentialAction":[{"@type":"ReadAction","target":["https:\/\/www.gamapa.de\/en\/advisors\/marcus-hornig-tax-consultant-partner\/"]}]},{"@type":"ImageObject","inLanguage":"en-US","@id":"https:\/\/www.gamapa.de\/en\/advisors\/marcus-hornig-tax-consultant-partner\/#primaryimage","url":"https:\/\/www.gamapa.de\/wp-content\/uploads\/2023\/07\/Hornig_2.jpg","contentUrl":"https:\/\/www.gamapa.de\/wp-content\/uploads\/2023\/07\/Hornig_2.jpg","width":1440,"height":859,"caption":"Marcus Hornig Diplom-Betriebswirt (DHBW) Steuerberater Partner"},{"@type":"BreadcrumbList","@id":"https:\/\/www.gamapa.de\/en\/advisors\/marcus-hornig-tax-consultant-partner\/#breadcrumb","itemListElement":[{"@type":"ListItem","position":1,"name":"Startseite","item":"https:\/\/www.gamapa.de\/en\/"},{"@type":"ListItem","position":2,"name":"Advisors","item":"https:\/\/www.gamapa.de\/en\/advisors\/"},{"@type":"ListItem","position":3,"name":"Marcus Hornig"}]},{"@type":"WebSite","@id":"https:\/\/www.gamapa.de\/en\/#website","url":"https:\/\/www.gamapa.de\/en\/","name":"GANTEF\u00dcHRER","description":"Wirtschaftspr\u00fcfer, Steuerberater, Rechtsanw\u00e4lte","publisher":{"@id":"https:\/\/www.gamapa.de\/en\/#organization"},"potentialAction":[{"@type":"SearchAction","target":{"@type":"EntryPoint","urlTemplate":"https:\/\/www.gamapa.de\/en\/?s={search_term_string}"},"query-input":{"@type":"PropertyValueSpecification","valueRequired":true,"valueName":"search_term_string"}}],"inLanguage":"en-US"},{"@type":"Organization","@id":"https:\/\/www.gamapa.de\/en\/#organization","name":"Gantef\u00fchrer Wirtschaftspr\u00fcfer, Steuerberater, Rechtsanw\u00e4lte","url":"https:\/\/www.gamapa.de\/en\/","logo":{"@type":"ImageObject","inLanguage":"en-US","@id":"https:\/\/www.gamapa.de\/en\/#\/schema\/logo\/image\/","url":"https:\/\/www.gamapa.de\/wp-content\/uploads\/2026\/01\/Logo-Gantefuehrer.png","contentUrl":"https:\/\/www.gamapa.de\/wp-content\/uploads\/2026\/01\/Logo-Gantefuehrer.png","width":767,"height":156,"caption":"Gantef\u00fchrer Wirtschaftspr\u00fcfer, Steuerberater, Rechtsanw\u00e4lte"},"image":{"@id":"https:\/\/www.gamapa.de\/en\/#\/schema\/logo\/image\/"}}]}},"uagb_featured_image_src":{"full":["https:\/\/www.gamapa.de\/wp-content\/uploads\/2023\/07\/Hornig_2.jpg",1440,859,false],"thumbnail":["https:\/\/www.gamapa.de\/wp-content\/uploads\/2023\/07\/Hornig_2-150x150.jpg",150,150,true],"medium":["https:\/\/www.gamapa.de\/wp-content\/uploads\/2023\/07\/Hornig_2-600x358.jpg",600,358,true],"medium_large":["https:\/\/www.gamapa.de\/wp-content\/uploads\/2023\/07\/Hornig_2-768x458.jpg",580,346,true],"large":["https:\/\/www.gamapa.de\/wp-content\/uploads\/2023\/07\/Hornig_2.jpg",580,346,false],"gs-tiny":["https:\/\/www.gamapa.de\/wp-content\/uploads\/2023\/07\/Hornig_2.jpg",50,30,false],"xl":["https:\/\/www.gamapa.de\/wp-content\/uploads\/2023\/07\/Hornig_2.jpg",1440,859,false],"xxl":["https:\/\/www.gamapa.de\/wp-content\/uploads\/2023\/07\/Hornig_2.jpg",1440,859,false],"xxxl":["https:\/\/www.gamapa.de\/wp-content\/uploads\/2023\/07\/Hornig_2.jpg",1440,859,false],"xxxxl":["https:\/\/www.gamapa.de\/wp-content\/uploads\/2023\/07\/Hornig_2.jpg",1440,859,false],"xxxxxl":["https:\/\/www.gamapa.de\/wp-content\/uploads\/2023\/07\/Hornig_2.jpg",1440,859,false],"1536x1536":["https:\/\/www.gamapa.de\/wp-content\/uploads\/2023\/07\/Hornig_2.jpg",1440,859,false],"2048x2048":["https:\/\/www.gamapa.de\/wp-content\/uploads\/2023\/07\/Hornig_2.jpg",1440,859,false],"post-thumbnail":["https:\/\/www.gamapa.de\/wp-content\/uploads\/2023\/07\/Hornig_2.jpg",1440,859,false],"twentytwenty-fullscreen":["https:\/\/www.gamapa.de\/wp-content\/uploads\/2023\/07\/Hornig_2.jpg",1440,859,false],"theme-slug-single-post":["https:\/\/www.gamapa.de\/wp-content\/uploads\/2023\/07\/Hornig_2-1440x400.jpg",1440,400,true]},"uagb_author_info":{"display_name":"linda","author_link":"https:\/\/www.gamapa.de\/en\/author\/linda\/"},"uagb_comment_info":0,"uagb_excerpt":"Main fields of activity Career 1993-1996 University of Cooperative Education Karlsruhe\/Baden-W\u00fcrttemberg (Department of Taxation); Degree: Diplom-Betriebswird DHBW (Diploma in Business Administration) 1993-2003 Tax consultancy of German rental companies of food discounters and Hungarian permanent establishments\/foreign trade companies in Germany 2003 Appointment as tax consultant 2003-2009 Tax consulting of Japanese subsidiaries in Germany and high net&hellip;","_links":{"self":[{"href":"https:\/\/www.gamapa.de\/en\/wp-json\/wp\/v2\/pages\/14846","targetHints":{"allow":["GET"]}}],"collection":[{"href":"https:\/\/www.gamapa.de\/en\/wp-json\/wp\/v2\/pages"}],"about":[{"href":"https:\/\/www.gamapa.de\/en\/wp-json\/wp\/v2\/types\/page"}],"author":[{"embeddable":true,"href":"https:\/\/www.gamapa.de\/en\/wp-json\/wp\/v2\/users\/1"}],"replies":[{"embeddable":true,"href":"https:\/\/www.gamapa.de\/en\/wp-json\/wp\/v2\/comments?post=14846"}],"version-history":[{"count":15,"href":"https:\/\/www.gamapa.de\/en\/wp-json\/wp\/v2\/pages\/14846\/revisions"}],"predecessor-version":[{"id":22268,"href":"https:\/\/www.gamapa.de\/en\/wp-json\/wp\/v2\/pages\/14846\/revisions\/22268"}],"up":[{"embeddable":true,"href":"https:\/\/www.gamapa.de\/en\/wp-json\/wp\/v2\/pages\/5642"}],"wp:featuredmedia":[{"embeddable":true,"href":"https:\/\/www.gamapa.de\/en\/wp-json\/wp\/v2\/media\/14872"}],"wp:attachment":[{"href":"https:\/\/www.gamapa.de\/en\/wp-json\/wp\/v2\/media?parent=14846"}],"curies":[{"name":"wp","href":"https:\/\/api.w.org\/{rel}","templated":true}]}}