

{"id":21884,"date":"2025-10-09T11:36:44","date_gmt":"2025-10-09T09:36:44","guid":{"rendered":"https:\/\/www.gamapa.de\/?page_id=21884"},"modified":"2025-11-04T15:49:06","modified_gmt":"2025-11-04T14:49:06","slug":"dr-martin-minkner","status":"publish","type":"page","link":"https:\/\/www.gamapa.de\/en\/advisors\/dr-martin-minkner\/","title":{"rendered":"Dr. Martin Minkner"},"content":{"rendered":"\n<h3 class=\"wp-block-heading\">Main fields of activity<\/h3>\n\n\n\n<ul class=\"wp-block-list\">\n<li>Competition law<\/li>\n\n\n\n<li>Trademark, design and copyright law<\/li>\n\n\n\n<li>IT law<\/li>\n\n\n\n<li>Data protection law<\/li>\n\n\n\n<li>Data usage law<\/li>\n\n\n\n<li>Cyber security issues<\/li>\n\n\n\n<li>AI compliance<\/li>\n\n\n\n<li>Know-how protection<\/li>\n\n\n\n<li>Commercial agency law<\/li>\n\n\n\n<li>Litigation<\/li>\n<\/ul>\n\n\n\n<h3 class=\"wp-block-heading\">Career<\/h3>\n\n\n\n<figure class=\"wp-block-table tablist\"><table><tbody><tr><td>2004-2011<\/td><td>Studied law at the Universities of Heidelberg, Ferrara (Italy) and M\u00fcnster<\/td><\/tr><tr><td>2011-2014<\/td><td>Doctorate in law at the University of M\u00fcnster with research stay at the University of Bologna<\/td><\/tr><tr><td>2014-2016<\/td><td>Legal traineeship in Essen with a placement at the German Embassy in Bangkok<\/td><\/tr><tr><td>2017-2018<\/td><td>Lawyer at Loschelder, K\u00f6ln<\/td><\/tr><tr><td>2018-2025<\/td><td>Lawyer and Salary Partner at Schmidt, von der Osten &amp; Huber, Essen<\/td><\/tr><tr><td>since 2021<\/td><td>Specialist lawyer for industrial property rights<\/td><\/tr><tr><td>since 2025<\/td><td>Lawyer at Dr. Gantef\u00fchrer, Marquardt &amp; Partner<\/td><\/tr><\/tbody><\/table><\/figure>\n\n\n\n<h3 class=\"wp-block-heading\">Industries<\/h3>\n\n\n\n<ul class=\"wp-block-list\">\n<li>E-commerce<\/li>\n\n\n\n<li>(Food) retail<\/li>\n\n\n\n<li>Advertising\/marketing<\/li>\n\n\n\n<li>Sports and fitness (including advising a club in the First Football Bundesliga)<\/li>\n\n\n\n<li>IT service providers<\/li>\n\n\n\n<li>Medium-sized companies in various industries<\/li>\n<\/ul>\n\n\n\n<h3 class=\"wp-block-heading\">Publications<\/h3>\n\n\n\n<ul class=\"wp-block-list\">\n<li>Court administration in Germany and Italy \u2013 democratic versus technical legitimacy, Mohr Siebeck, 2015<\/li>\n\n\n\n<li>State and religion. New questions about a supposedly well-established relationship (conference proceedings, edited together with Katharina Ebner, Tosan Kraneis, Yvonne Neuefeind and Daniel Wolff), Mohr Siebeck, 2014<\/li>\n<\/ul>\n\n\n\n<h3 class=\"wp-block-heading\">Awards<\/h3>\n\n\n\n<ul class=\"wp-block-list\">\n<li>Award \u201eBest Lawyers 2025 \u2013 Ones To Watch\u201c for IT law and intellectual property law<\/li>\n\n\n\n<li>Award \u201eBest Lawyers 2024 \u2013 Ones To Watch\u201c for IT law and intellectual property law<\/li>\n<\/ul>\n\n\n\n<h3 class=\"wp-block-heading\">Membership<\/h3>\n\n\n\n<ul class=\"wp-block-list\">\n<li>German Association for Industrial Property and Copyright Law<\/li>\n<\/ul>\n\n\n\n<div class=\"wp-block-buttons is-layout-flex wp-block-buttons-is-layout-flex\">\n<div class=\"wp-block-button zurueck\"><a class=\"wp-block-button__link wp-element-button\" href=\"https:\/\/www.gamapa.de\/en\/advisors\/\">Back<\/a><\/div>\n<\/div>\n","protected":false},"excerpt":{"rendered":"<p>Main fields of activity Career 2004-2011 Studied law at the Universities of Heidelberg, Ferrara (Italy) and M\u00fcnster 2011-2014 Doctorate in law at the University of M\u00fcnster with research stay at the University of Bologna 2014-2016 Legal traineeship in Essen with a placement at the German Embassy in Bangkok 2017-2018 Lawyer at Loschelder, K\u00f6ln 2018-2025 Lawyer <a href=\"https:\/\/www.gamapa.de\/en\/advisors\/dr-martin-minkner\/\">[\u2026]<\/a><\/p>\n","protected":false},"author":11,"featured_media":22046,"parent":5642,"menu_order":4,"comment_status":"closed","ping_status":"closed","template":"templates\/template-Profil.php","meta":{"_acf_changed":false,"_uag_custom_page_level_css":"","footnotes":""},"class_list":["post-21884","page","type-page","status-publish","has-post-thumbnail","hentry"],"acf":[],"yoast_head":"<!-- This site is optimized with the Yoast SEO plugin v27.5 - https:\/\/yoast.com\/product\/yoast-seo-wordpress\/ -->\n<title>Dr. Martin Minkner | Dr. Gantef\u00fchrer, Marquardt &amp; Partner mbB<\/title>\n<meta name=\"description\" content=\"Dr. Martin Minkner, Lawyer specialising in intellectual property law, named one of the \u2018Best Lawyers 2025 \u2013 Ones To Watch\u2019\" \/>\n<meta name=\"robots\" content=\"index, follow, max-snippet:-1, max-image-preview:large, max-video-preview:-1\" \/>\n<link rel=\"canonical\" href=\"https:\/\/www.gamapa.de\/en\/advisors\/dr-martin-minkner\/\" \/>\n<meta property=\"og:locale\" content=\"en_US\" \/>\n<meta property=\"og:type\" content=\"article\" \/>\n<meta property=\"og:title\" content=\"Dr. Martin Minkner | Dr. Gantef\u00fchrer, Marquardt &amp; Partner mbB\" \/>\n<meta property=\"og:description\" content=\"Dr. Martin Minkner, Lawyer specialising in intellectual property law, named one of the \u2018Best Lawyers 2025 \u2013 Ones To Watch\u2019\" \/>\n<meta property=\"og:url\" content=\"https:\/\/www.gamapa.de\/en\/advisors\/dr-martin-minkner\/\" \/>\n<meta property=\"og:site_name\" content=\"GANTEF\u00dcHRER\" \/>\n<meta property=\"article:modified_time\" content=\"2025-11-04T14:49:06+00:00\" \/>\n<meta property=\"og:image\" content=\"https:\/\/www.gamapa.de\/wp-content\/uploads\/2025\/10\/Minkner_2.jpg\" \/>\n\t<meta property=\"og:image:width\" content=\"1440\" \/>\n\t<meta property=\"og:image:height\" content=\"859\" \/>\n\t<meta property=\"og:image:type\" content=\"image\/jpeg\" \/>\n<meta name=\"twitter:card\" content=\"summary_large_image\" \/>\n<meta name=\"twitter:label1\" content=\"Est. reading time\" \/>\n\t<meta name=\"twitter:data1\" content=\"2 minutes\" \/>\n<script type=\"application\/ld+json\" class=\"yoast-schema-graph\">{\"@context\":\"https:\\\/\\\/schema.org\",\"@graph\":[{\"@type\":\"WebPage\",\"@id\":\"https:\\\/\\\/www.gamapa.de\\\/en\\\/advisors\\\/dr-martin-minkner\\\/\",\"url\":\"https:\\\/\\\/www.gamapa.de\\\/en\\\/advisors\\\/dr-martin-minkner\\\/\",\"name\":\"Dr. Martin Minkner | Dr. Gantef\u00fchrer, Marquardt & Partner mbB\",\"isPartOf\":{\"@id\":\"https:\\\/\\\/www.gamapa.de\\\/en\\\/#website\"},\"primaryImageOfPage\":{\"@id\":\"https:\\\/\\\/www.gamapa.de\\\/en\\\/advisors\\\/dr-martin-minkner\\\/#primaryimage\"},\"image\":{\"@id\":\"https:\\\/\\\/www.gamapa.de\\\/en\\\/advisors\\\/dr-martin-minkner\\\/#primaryimage\"},\"thumbnailUrl\":\"https:\\\/\\\/www.gamapa.de\\\/wp-content\\\/uploads\\\/2025\\\/10\\\/Minkner_2.jpg\",\"datePublished\":\"2025-10-09T09:36:44+00:00\",\"dateModified\":\"2025-11-04T14:49:06+00:00\",\"description\":\"Dr. Martin Minkner, Lawyer specialising in intellectual property law, named one of the \u2018Best Lawyers 2025 \u2013 Ones To Watch\u2019\",\"breadcrumb\":{\"@id\":\"https:\\\/\\\/www.gamapa.de\\\/en\\\/advisors\\\/dr-martin-minkner\\\/#breadcrumb\"},\"inLanguage\":\"en-US\",\"potentialAction\":[{\"@type\":\"ReadAction\",\"target\":[\"https:\\\/\\\/www.gamapa.de\\\/en\\\/advisors\\\/dr-martin-minkner\\\/\"]}]},{\"@type\":\"ImageObject\",\"inLanguage\":\"en-US\",\"@id\":\"https:\\\/\\\/www.gamapa.de\\\/en\\\/advisors\\\/dr-martin-minkner\\\/#primaryimage\",\"url\":\"https:\\\/\\\/www.gamapa.de\\\/wp-content\\\/uploads\\\/2025\\\/10\\\/Minkner_2.jpg\",\"contentUrl\":\"https:\\\/\\\/www.gamapa.de\\\/wp-content\\\/uploads\\\/2025\\\/10\\\/Minkner_2.jpg\",\"width\":1440,\"height\":859,\"caption\":\"Dr. Minkner\"},{\"@type\":\"BreadcrumbList\",\"@id\":\"https:\\\/\\\/www.gamapa.de\\\/en\\\/advisors\\\/dr-martin-minkner\\\/#breadcrumb\",\"itemListElement\":[{\"@type\":\"ListItem\",\"position\":1,\"name\":\"Startseite\",\"item\":\"https:\\\/\\\/www.gamapa.de\\\/en\\\/\"},{\"@type\":\"ListItem\",\"position\":2,\"name\":\"Advisors\",\"item\":\"https:\\\/\\\/www.gamapa.de\\\/en\\\/advisors\\\/\"},{\"@type\":\"ListItem\",\"position\":3,\"name\":\"Dr. Martin Minkner\"}]},{\"@type\":\"WebSite\",\"@id\":\"https:\\\/\\\/www.gamapa.de\\\/en\\\/#website\",\"url\":\"https:\\\/\\\/www.gamapa.de\\\/en\\\/\",\"name\":\"GANTEF\u00dcHRER\",\"description\":\"Wirtschaftspr\u00fcfer, Steuerberater, Rechtsanw\u00e4lte\",\"publisher\":{\"@id\":\"https:\\\/\\\/www.gamapa.de\\\/en\\\/#organization\"},\"potentialAction\":[{\"@type\":\"SearchAction\",\"target\":{\"@type\":\"EntryPoint\",\"urlTemplate\":\"https:\\\/\\\/www.gamapa.de\\\/en\\\/?s={search_term_string}\"},\"query-input\":{\"@type\":\"PropertyValueSpecification\",\"valueRequired\":true,\"valueName\":\"search_term_string\"}}],\"inLanguage\":\"en-US\"},{\"@type\":\"Organization\",\"@id\":\"https:\\\/\\\/www.gamapa.de\\\/en\\\/#organization\",\"name\":\"Gantef\u00fchrer Wirtschaftspr\u00fcfer, Steuerberater, Rechtsanw\u00e4lte\",\"url\":\"https:\\\/\\\/www.gamapa.de\\\/en\\\/\",\"logo\":{\"@type\":\"ImageObject\",\"inLanguage\":\"en-US\",\"@id\":\"https:\\\/\\\/www.gamapa.de\\\/en\\\/#\\\/schema\\\/logo\\\/image\\\/\",\"url\":\"https:\\\/\\\/www.gamapa.de\\\/wp-content\\\/uploads\\\/2026\\\/01\\\/Logo-Gantefuehrer.png\",\"contentUrl\":\"https:\\\/\\\/www.gamapa.de\\\/wp-content\\\/uploads\\\/2026\\\/01\\\/Logo-Gantefuehrer.png\",\"width\":767,\"height\":156,\"caption\":\"Gantef\u00fchrer Wirtschaftspr\u00fcfer, Steuerberater, Rechtsanw\u00e4lte\"},\"image\":{\"@id\":\"https:\\\/\\\/www.gamapa.de\\\/en\\\/#\\\/schema\\\/logo\\\/image\\\/\"}}]}<\/script>\n<!-- \/ Yoast SEO plugin. -->","yoast_head_json":{"title":"Dr. Martin Minkner | Dr. Gantef\u00fchrer, Marquardt & Partner mbB","description":"Dr. Martin Minkner, Lawyer specialising in intellectual property law, named one of the \u2018Best Lawyers 2025 \u2013 Ones To Watch\u2019","robots":{"index":"index","follow":"follow","max-snippet":"max-snippet:-1","max-image-preview":"max-image-preview:large","max-video-preview":"max-video-preview:-1"},"canonical":"https:\/\/www.gamapa.de\/en\/advisors\/dr-martin-minkner\/","og_locale":"en_US","og_type":"article","og_title":"Dr. Martin Minkner | Dr. Gantef\u00fchrer, Marquardt & Partner mbB","og_description":"Dr. Martin Minkner, Lawyer specialising in intellectual property law, named one of the \u2018Best Lawyers 2025 \u2013 Ones To Watch\u2019","og_url":"https:\/\/www.gamapa.de\/en\/advisors\/dr-martin-minkner\/","og_site_name":"GANTEF\u00dcHRER","article_modified_time":"2025-11-04T14:49:06+00:00","og_image":[{"width":1440,"height":859,"url":"https:\/\/www.gamapa.de\/wp-content\/uploads\/2025\/10\/Minkner_2.jpg","type":"image\/jpeg"}],"twitter_card":"summary_large_image","twitter_misc":{"Est. reading time":"2 minutes"},"schema":{"@context":"https:\/\/schema.org","@graph":[{"@type":"WebPage","@id":"https:\/\/www.gamapa.de\/en\/advisors\/dr-martin-minkner\/","url":"https:\/\/www.gamapa.de\/en\/advisors\/dr-martin-minkner\/","name":"Dr. Martin Minkner | Dr. Gantef\u00fchrer, Marquardt & Partner mbB","isPartOf":{"@id":"https:\/\/www.gamapa.de\/en\/#website"},"primaryImageOfPage":{"@id":"https:\/\/www.gamapa.de\/en\/advisors\/dr-martin-minkner\/#primaryimage"},"image":{"@id":"https:\/\/www.gamapa.de\/en\/advisors\/dr-martin-minkner\/#primaryimage"},"thumbnailUrl":"https:\/\/www.gamapa.de\/wp-content\/uploads\/2025\/10\/Minkner_2.jpg","datePublished":"2025-10-09T09:36:44+00:00","dateModified":"2025-11-04T14:49:06+00:00","description":"Dr. Martin Minkner, Lawyer specialising in intellectual property law, named one of the \u2018Best Lawyers 2025 \u2013 Ones To Watch\u2019","breadcrumb":{"@id":"https:\/\/www.gamapa.de\/en\/advisors\/dr-martin-minkner\/#breadcrumb"},"inLanguage":"en-US","potentialAction":[{"@type":"ReadAction","target":["https:\/\/www.gamapa.de\/en\/advisors\/dr-martin-minkner\/"]}]},{"@type":"ImageObject","inLanguage":"en-US","@id":"https:\/\/www.gamapa.de\/en\/advisors\/dr-martin-minkner\/#primaryimage","url":"https:\/\/www.gamapa.de\/wp-content\/uploads\/2025\/10\/Minkner_2.jpg","contentUrl":"https:\/\/www.gamapa.de\/wp-content\/uploads\/2025\/10\/Minkner_2.jpg","width":1440,"height":859,"caption":"Dr. Minkner"},{"@type":"BreadcrumbList","@id":"https:\/\/www.gamapa.de\/en\/advisors\/dr-martin-minkner\/#breadcrumb","itemListElement":[{"@type":"ListItem","position":1,"name":"Startseite","item":"https:\/\/www.gamapa.de\/en\/"},{"@type":"ListItem","position":2,"name":"Advisors","item":"https:\/\/www.gamapa.de\/en\/advisors\/"},{"@type":"ListItem","position":3,"name":"Dr. Martin Minkner"}]},{"@type":"WebSite","@id":"https:\/\/www.gamapa.de\/en\/#website","url":"https:\/\/www.gamapa.de\/en\/","name":"GANTEF\u00dcHRER","description":"Wirtschaftspr\u00fcfer, Steuerberater, Rechtsanw\u00e4lte","publisher":{"@id":"https:\/\/www.gamapa.de\/en\/#organization"},"potentialAction":[{"@type":"SearchAction","target":{"@type":"EntryPoint","urlTemplate":"https:\/\/www.gamapa.de\/en\/?s={search_term_string}"},"query-input":{"@type":"PropertyValueSpecification","valueRequired":true,"valueName":"search_term_string"}}],"inLanguage":"en-US"},{"@type":"Organization","@id":"https:\/\/www.gamapa.de\/en\/#organization","name":"Gantef\u00fchrer Wirtschaftspr\u00fcfer, Steuerberater, Rechtsanw\u00e4lte","url":"https:\/\/www.gamapa.de\/en\/","logo":{"@type":"ImageObject","inLanguage":"en-US","@id":"https:\/\/www.gamapa.de\/en\/#\/schema\/logo\/image\/","url":"https:\/\/www.gamapa.de\/wp-content\/uploads\/2026\/01\/Logo-Gantefuehrer.png","contentUrl":"https:\/\/www.gamapa.de\/wp-content\/uploads\/2026\/01\/Logo-Gantefuehrer.png","width":767,"height":156,"caption":"Gantef\u00fchrer Wirtschaftspr\u00fcfer, Steuerberater, Rechtsanw\u00e4lte"},"image":{"@id":"https:\/\/www.gamapa.de\/en\/#\/schema\/logo\/image\/"}}]}},"uagb_featured_image_src":{"full":["https:\/\/www.gamapa.de\/wp-content\/uploads\/2025\/10\/Minkner_2.jpg",1440,859,false],"thumbnail":["https:\/\/www.gamapa.de\/wp-content\/uploads\/2025\/10\/Minkner_2-150x150.jpg",150,150,true],"medium":["https:\/\/www.gamapa.de\/wp-content\/uploads\/2025\/10\/Minkner_2-600x358.jpg",600,358,true],"medium_large":["https:\/\/www.gamapa.de\/wp-content\/uploads\/2025\/10\/Minkner_2-768x458.jpg",580,346,true],"large":["https:\/\/www.gamapa.de\/wp-content\/uploads\/2025\/10\/Minkner_2.jpg",580,346,false],"gs-tiny":["https:\/\/www.gamapa.de\/wp-content\/uploads\/2025\/10\/Minkner_2-50x30.jpg",50,30,true],"xl":["https:\/\/www.gamapa.de\/wp-content\/uploads\/2025\/10\/Minkner_2.jpg",1440,859,false],"xxl":["https:\/\/www.gamapa.de\/wp-content\/uploads\/2025\/10\/Minkner_2.jpg",1440,859,false],"xxxl":["https:\/\/www.gamapa.de\/wp-content\/uploads\/2025\/10\/Minkner_2.jpg",1440,859,false],"xxxxl":["https:\/\/www.gamapa.de\/wp-content\/uploads\/2025\/10\/Minkner_2.jpg",1440,859,false],"xxxxxl":["https:\/\/www.gamapa.de\/wp-content\/uploads\/2025\/10\/Minkner_2.jpg",1440,859,false],"1536x1536":["https:\/\/www.gamapa.de\/wp-content\/uploads\/2025\/10\/Minkner_2.jpg",1440,859,false],"2048x2048":["https:\/\/www.gamapa.de\/wp-content\/uploads\/2025\/10\/Minkner_2.jpg",1440,859,false],"post-thumbnail":["https:\/\/www.gamapa.de\/wp-content\/uploads\/2025\/10\/Minkner_2.jpg",1440,859,false],"twentytwenty-fullscreen":["https:\/\/www.gamapa.de\/wp-content\/uploads\/2025\/10\/Minkner_2.jpg",1440,859,false],"theme-slug-single-post":["https:\/\/www.gamapa.de\/wp-content\/uploads\/2025\/10\/Minkner_2-1440x400.jpg",1440,400,true]},"uagb_author_info":{"display_name":"ninasenft","author_link":"https:\/\/www.gamapa.de\/en\/author\/ninasenft\/"},"uagb_comment_info":0,"uagb_excerpt":"Main fields of activity Career 2004-2011 Studied law at the Universities of Heidelberg, Ferrara (Italy) and M\u00fcnster 2011-2014 Doctorate in law at the University of M\u00fcnster with research stay at the University of Bologna 2014-2016 Legal traineeship in Essen with a placement at the German Embassy in Bangkok 2017-2018 Lawyer at Loschelder, K\u00f6ln 2018-2025 Lawyer&hellip;","_links":{"self":[{"href":"https:\/\/www.gamapa.de\/en\/wp-json\/wp\/v2\/pages\/21884","targetHints":{"allow":["GET"]}}],"collection":[{"href":"https:\/\/www.gamapa.de\/en\/wp-json\/wp\/v2\/pages"}],"about":[{"href":"https:\/\/www.gamapa.de\/en\/wp-json\/wp\/v2\/types\/page"}],"author":[{"embeddable":true,"href":"https:\/\/www.gamapa.de\/en\/wp-json\/wp\/v2\/users\/11"}],"replies":[{"embeddable":true,"href":"https:\/\/www.gamapa.de\/en\/wp-json\/wp\/v2\/comments?post=21884"}],"version-history":[{"count":9,"href":"https:\/\/www.gamapa.de\/en\/wp-json\/wp\/v2\/pages\/21884\/revisions"}],"predecessor-version":[{"id":22214,"href":"https:\/\/www.gamapa.de\/en\/wp-json\/wp\/v2\/pages\/21884\/revisions\/22214"}],"up":[{"embeddable":true,"href":"https:\/\/www.gamapa.de\/en\/wp-json\/wp\/v2\/pages\/5642"}],"wp:featuredmedia":[{"embeddable":true,"href":"https:\/\/www.gamapa.de\/en\/wp-json\/wp\/v2\/media\/22046"}],"wp:attachment":[{"href":"https:\/\/www.gamapa.de\/en\/wp-json\/wp\/v2\/media?parent=21884"}],"curies":[{"name":"wp","href":"https:\/\/api.w.org\/{rel}","templated":true}]}}