

{"id":22462,"date":"2025-11-10T10:15:03","date_gmt":"2025-11-10T09:15:03","guid":{"rendered":"https:\/\/www.gamapa.de\/fields-of-advice\/legal-advice\/wettbewerbsrecht\/"},"modified":"2025-11-13T17:34:33","modified_gmt":"2025-11-13T16:34:33","slug":"competition-law","status":"publish","type":"page","link":"https:\/\/www.gamapa.de\/en\/fields-of-advice\/legal-advice\/competition-law\/","title":{"rendered":"Competition law"},"content":{"rendered":"\n<h2 class=\"wp-block-heading\">We ensure fair competition for your company<\/h2>\n\n\n\n<p>The German Unfair Competition Act (UWG) sets out the rules for fair business conduct that every company must observe when offering and purchasing services. We work with you to develop a sustainable strategy for your image, offerings, advertising and sales \u2013 legally compliant, risk-minimised and practical.<\/p>\n\n\n\n<h3 class=\"wp-block-heading\">Our range of services in competition law includes:<\/h3>\n\n\n\n<ul class=\"wp-block-list\">\n<li>Review of advertising and marketing campaigns (e.g. green advertising, health claims, competitions)<\/li>\n\n\n\n<li>Advice on influencer marketing<\/li>\n\n\n\n<li>Advice on competition law protection against imitation of product design<\/li>\n\n\n\n<li>Prevention of unfair advertising and other unfair business practices by competitors<\/li>\n\n\n\n<li>Contract drafting: agency, influencer and settlement agreements<\/li>\n\n\n\n<li>Trade secret protection: compliance concepts and defence strategies in the event of betrayal or misuse of trade secrets<\/li>\n\n\n\n<li>Extrajudicial and judicial enforcement &amp; defence: advice on injunctive relief, information and damages claims by way of warning letters and legal representation (active and passive)<\/li>\n<\/ul>\n\n\n\n<p>Find your contact person in the field of competition law <a href=\"https:\/\/www.gamapa.de\/en\/advisors\/\">here<\/a>.<\/p>\n","protected":false},"excerpt":{"rendered":"<p>We ensure fair competition for your company The German Unfair Competition Act (UWG) sets out the rules for fair business conduct that every company must observe when offering and purchasing services. We work with you to develop a sustainable strategy for your image, offerings, advertising and sales \u2013 legally compliant, risk-minimised and practical. Our range <a href=\"https:\/\/www.gamapa.de\/en\/fields-of-advice\/legal-advice\/competition-law\/\">[\u2026]<\/a><\/p>\n","protected":false},"author":11,"featured_media":3876,"parent":5658,"menu_order":14,"comment_status":"closed","ping_status":"closed","template":"templates\/template-simple-site.php","meta":{"_acf_changed":false,"_uag_custom_page_level_css":"","footnotes":""},"class_list":["post-22462","page","type-page","status-publish","has-post-thumbnail","hentry"],"acf":[],"yoast_head":"<!-- This site is optimized with the Yoast SEO plugin v27.5 - https:\/\/yoast.com\/product\/yoast-seo-wordpress\/ -->\n<title>Competition law | Dr. Gantef\u00fchrer, Marquardt und Partner<\/title>\n<meta name=\"description\" content=\"Competition law: advice, compliance checks and litigation. Minimise risks, avoid legal violations. Contact us for an initial consultation.\" \/>\n<meta name=\"robots\" content=\"index, follow, max-snippet:-1, max-image-preview:large, max-video-preview:-1\" \/>\n<link rel=\"canonical\" href=\"https:\/\/www.gamapa.de\/en\/fields-of-advice\/legal-advice\/competition-law\/\" \/>\n<meta property=\"og:locale\" content=\"en_US\" \/>\n<meta property=\"og:type\" content=\"article\" \/>\n<meta property=\"og:title\" content=\"Competition law | Dr. Gantef\u00fchrer, Marquardt und Partner\" \/>\n<meta property=\"og:description\" content=\"Competition law: advice, compliance checks and litigation. Minimise risks, avoid legal violations. Contact us for an initial consultation.\" \/>\n<meta property=\"og:url\" content=\"https:\/\/www.gamapa.de\/en\/fields-of-advice\/legal-advice\/competition-law\/\" \/>\n<meta property=\"og:site_name\" content=\"GANTEF\u00dcHRER\" \/>\n<meta property=\"article:modified_time\" content=\"2025-11-13T16:34:33+00:00\" \/>\n<meta property=\"og:image\" content=\"https:\/\/www.gamapa.de\/wp-content\/uploads\/2020\/07\/U-Header-Rechtsgebiete-2-scaled.jpg\" \/>\n\t<meta property=\"og:image:width\" content=\"2560\" \/>\n\t<meta property=\"og:image:height\" content=\"764\" \/>\n\t<meta property=\"og:image:type\" content=\"image\/jpeg\" \/>\n<meta name=\"twitter:card\" content=\"summary_large_image\" \/>\n<meta name=\"twitter:label1\" content=\"Est. reading time\" \/>\n\t<meta name=\"twitter:data1\" content=\"2 minutes\" \/>\n<script type=\"application\/ld+json\" class=\"yoast-schema-graph\">{\"@context\":\"https:\\\/\\\/schema.org\",\"@graph\":[{\"@type\":\"WebPage\",\"@id\":\"https:\\\/\\\/www.gamapa.de\\\/en\\\/fields-of-advice\\\/legal-advice\\\/competition-law\\\/\",\"url\":\"https:\\\/\\\/www.gamapa.de\\\/en\\\/fields-of-advice\\\/legal-advice\\\/competition-law\\\/\",\"name\":\"Competition law | Dr. Gantef\u00fchrer, Marquardt und Partner\",\"isPartOf\":{\"@id\":\"https:\\\/\\\/www.gamapa.de\\\/en\\\/#website\"},\"primaryImageOfPage\":{\"@id\":\"https:\\\/\\\/www.gamapa.de\\\/en\\\/fields-of-advice\\\/legal-advice\\\/competition-law\\\/#primaryimage\"},\"image\":{\"@id\":\"https:\\\/\\\/www.gamapa.de\\\/en\\\/fields-of-advice\\\/legal-advice\\\/competition-law\\\/#primaryimage\"},\"thumbnailUrl\":\"https:\\\/\\\/www.gamapa.de\\\/wp-content\\\/uploads\\\/2020\\\/07\\\/U-Header-Rechtsgebiete-2-scaled.jpg\",\"datePublished\":\"2025-11-10T09:15:03+00:00\",\"dateModified\":\"2025-11-13T16:34:33+00:00\",\"description\":\"Competition law: advice, compliance checks and litigation. Minimise risks, avoid legal violations. Contact us for an initial consultation.\",\"breadcrumb\":{\"@id\":\"https:\\\/\\\/www.gamapa.de\\\/en\\\/fields-of-advice\\\/legal-advice\\\/competition-law\\\/#breadcrumb\"},\"inLanguage\":\"en-US\",\"potentialAction\":[{\"@type\":\"ReadAction\",\"target\":[\"https:\\\/\\\/www.gamapa.de\\\/en\\\/fields-of-advice\\\/legal-advice\\\/competition-law\\\/\"]}]},{\"@type\":\"ImageObject\",\"inLanguage\":\"en-US\",\"@id\":\"https:\\\/\\\/www.gamapa.de\\\/en\\\/fields-of-advice\\\/legal-advice\\\/competition-law\\\/#primaryimage\",\"url\":\"https:\\\/\\\/www.gamapa.de\\\/wp-content\\\/uploads\\\/2020\\\/07\\\/U-Header-Rechtsgebiete-2-scaled.jpg\",\"contentUrl\":\"https:\\\/\\\/www.gamapa.de\\\/wp-content\\\/uploads\\\/2020\\\/07\\\/U-Header-Rechtsgebiete-2-scaled.jpg\",\"width\":2560,\"height\":764,\"caption\":\"Allgemeines Wirtschaftsrecht, Rechtsberatung D\u00fcsseldorf \u2013multidisziplin\u00e4re Kanzleien f\u00fcr den Mittelstand in Nordrhein-Westfalen\"},{\"@type\":\"BreadcrumbList\",\"@id\":\"https:\\\/\\\/www.gamapa.de\\\/en\\\/fields-of-advice\\\/legal-advice\\\/competition-law\\\/#breadcrumb\",\"itemListElement\":[{\"@type\":\"ListItem\",\"position\":1,\"name\":\"Startseite\",\"item\":\"https:\\\/\\\/www.gamapa.de\\\/en\\\/\"},{\"@type\":\"ListItem\",\"position\":2,\"name\":\"Fields of advice\",\"item\":\"https:\\\/\\\/www.gamapa.de\\\/en\\\/fields-of-advice\\\/\"},{\"@type\":\"ListItem\",\"position\":3,\"name\":\"Legal advice\",\"item\":\"https:\\\/\\\/www.gamapa.de\\\/en\\\/fields-of-advice\\\/legal-advice\\\/\"},{\"@type\":\"ListItem\",\"position\":4,\"name\":\"Competition law\"}]},{\"@type\":\"WebSite\",\"@id\":\"https:\\\/\\\/www.gamapa.de\\\/en\\\/#website\",\"url\":\"https:\\\/\\\/www.gamapa.de\\\/en\\\/\",\"name\":\"GANTEF\u00dcHRER\",\"description\":\"Wirtschaftspr\u00fcfer, Steuerberater, Rechtsanw\u00e4lte\",\"publisher\":{\"@id\":\"https:\\\/\\\/www.gamapa.de\\\/en\\\/#organization\"},\"potentialAction\":[{\"@type\":\"SearchAction\",\"target\":{\"@type\":\"EntryPoint\",\"urlTemplate\":\"https:\\\/\\\/www.gamapa.de\\\/en\\\/?s={search_term_string}\"},\"query-input\":{\"@type\":\"PropertyValueSpecification\",\"valueRequired\":true,\"valueName\":\"search_term_string\"}}],\"inLanguage\":\"en-US\"},{\"@type\":\"Organization\",\"@id\":\"https:\\\/\\\/www.gamapa.de\\\/en\\\/#organization\",\"name\":\"Gantef\u00fchrer Wirtschaftspr\u00fcfer, Steuerberater, Rechtsanw\u00e4lte\",\"url\":\"https:\\\/\\\/www.gamapa.de\\\/en\\\/\",\"logo\":{\"@type\":\"ImageObject\",\"inLanguage\":\"en-US\",\"@id\":\"https:\\\/\\\/www.gamapa.de\\\/en\\\/#\\\/schema\\\/logo\\\/image\\\/\",\"url\":\"https:\\\/\\\/www.gamapa.de\\\/wp-content\\\/uploads\\\/2026\\\/01\\\/Logo-Gantefuehrer.png\",\"contentUrl\":\"https:\\\/\\\/www.gamapa.de\\\/wp-content\\\/uploads\\\/2026\\\/01\\\/Logo-Gantefuehrer.png\",\"width\":767,\"height\":156,\"caption\":\"Gantef\u00fchrer Wirtschaftspr\u00fcfer, Steuerberater, Rechtsanw\u00e4lte\"},\"image\":{\"@id\":\"https:\\\/\\\/www.gamapa.de\\\/en\\\/#\\\/schema\\\/logo\\\/image\\\/\"}}]}<\/script>\n<!-- \/ Yoast SEO plugin. -->","yoast_head_json":{"title":"Competition law | Dr. Gantef\u00fchrer, Marquardt und Partner","description":"Competition law: advice, compliance checks and litigation. Minimise risks, avoid legal violations. Contact us for an initial consultation.","robots":{"index":"index","follow":"follow","max-snippet":"max-snippet:-1","max-image-preview":"max-image-preview:large","max-video-preview":"max-video-preview:-1"},"canonical":"https:\/\/www.gamapa.de\/en\/fields-of-advice\/legal-advice\/competition-law\/","og_locale":"en_US","og_type":"article","og_title":"Competition law | Dr. Gantef\u00fchrer, Marquardt und Partner","og_description":"Competition law: advice, compliance checks and litigation. Minimise risks, avoid legal violations. Contact us for an initial consultation.","og_url":"https:\/\/www.gamapa.de\/en\/fields-of-advice\/legal-advice\/competition-law\/","og_site_name":"GANTEF\u00dcHRER","article_modified_time":"2025-11-13T16:34:33+00:00","og_image":[{"width":2560,"height":764,"url":"https:\/\/www.gamapa.de\/wp-content\/uploads\/2020\/07\/U-Header-Rechtsgebiete-2-scaled.jpg","type":"image\/jpeg"}],"twitter_card":"summary_large_image","twitter_misc":{"Est. reading time":"2 minutes"},"schema":{"@context":"https:\/\/schema.org","@graph":[{"@type":"WebPage","@id":"https:\/\/www.gamapa.de\/en\/fields-of-advice\/legal-advice\/competition-law\/","url":"https:\/\/www.gamapa.de\/en\/fields-of-advice\/legal-advice\/competition-law\/","name":"Competition law | Dr. Gantef\u00fchrer, Marquardt und Partner","isPartOf":{"@id":"https:\/\/www.gamapa.de\/en\/#website"},"primaryImageOfPage":{"@id":"https:\/\/www.gamapa.de\/en\/fields-of-advice\/legal-advice\/competition-law\/#primaryimage"},"image":{"@id":"https:\/\/www.gamapa.de\/en\/fields-of-advice\/legal-advice\/competition-law\/#primaryimage"},"thumbnailUrl":"https:\/\/www.gamapa.de\/wp-content\/uploads\/2020\/07\/U-Header-Rechtsgebiete-2-scaled.jpg","datePublished":"2025-11-10T09:15:03+00:00","dateModified":"2025-11-13T16:34:33+00:00","description":"Competition law: advice, compliance checks and litigation. Minimise risks, avoid legal violations. Contact us for an initial consultation.","breadcrumb":{"@id":"https:\/\/www.gamapa.de\/en\/fields-of-advice\/legal-advice\/competition-law\/#breadcrumb"},"inLanguage":"en-US","potentialAction":[{"@type":"ReadAction","target":["https:\/\/www.gamapa.de\/en\/fields-of-advice\/legal-advice\/competition-law\/"]}]},{"@type":"ImageObject","inLanguage":"en-US","@id":"https:\/\/www.gamapa.de\/en\/fields-of-advice\/legal-advice\/competition-law\/#primaryimage","url":"https:\/\/www.gamapa.de\/wp-content\/uploads\/2020\/07\/U-Header-Rechtsgebiete-2-scaled.jpg","contentUrl":"https:\/\/www.gamapa.de\/wp-content\/uploads\/2020\/07\/U-Header-Rechtsgebiete-2-scaled.jpg","width":2560,"height":764,"caption":"Allgemeines Wirtschaftsrecht, Rechtsberatung D\u00fcsseldorf \u2013multidisziplin\u00e4re Kanzleien f\u00fcr den Mittelstand in Nordrhein-Westfalen"},{"@type":"BreadcrumbList","@id":"https:\/\/www.gamapa.de\/en\/fields-of-advice\/legal-advice\/competition-law\/#breadcrumb","itemListElement":[{"@type":"ListItem","position":1,"name":"Startseite","item":"https:\/\/www.gamapa.de\/en\/"},{"@type":"ListItem","position":2,"name":"Fields of advice","item":"https:\/\/www.gamapa.de\/en\/fields-of-advice\/"},{"@type":"ListItem","position":3,"name":"Legal advice","item":"https:\/\/www.gamapa.de\/en\/fields-of-advice\/legal-advice\/"},{"@type":"ListItem","position":4,"name":"Competition law"}]},{"@type":"WebSite","@id":"https:\/\/www.gamapa.de\/en\/#website","url":"https:\/\/www.gamapa.de\/en\/","name":"GANTEF\u00dcHRER","description":"Wirtschaftspr\u00fcfer, Steuerberater, Rechtsanw\u00e4lte","publisher":{"@id":"https:\/\/www.gamapa.de\/en\/#organization"},"potentialAction":[{"@type":"SearchAction","target":{"@type":"EntryPoint","urlTemplate":"https:\/\/www.gamapa.de\/en\/?s={search_term_string}"},"query-input":{"@type":"PropertyValueSpecification","valueRequired":true,"valueName":"search_term_string"}}],"inLanguage":"en-US"},{"@type":"Organization","@id":"https:\/\/www.gamapa.de\/en\/#organization","name":"Gantef\u00fchrer Wirtschaftspr\u00fcfer, Steuerberater, Rechtsanw\u00e4lte","url":"https:\/\/www.gamapa.de\/en\/","logo":{"@type":"ImageObject","inLanguage":"en-US","@id":"https:\/\/www.gamapa.de\/en\/#\/schema\/logo\/image\/","url":"https:\/\/www.gamapa.de\/wp-content\/uploads\/2026\/01\/Logo-Gantefuehrer.png","contentUrl":"https:\/\/www.gamapa.de\/wp-content\/uploads\/2026\/01\/Logo-Gantefuehrer.png","width":767,"height":156,"caption":"Gantef\u00fchrer Wirtschaftspr\u00fcfer, Steuerberater, Rechtsanw\u00e4lte"},"image":{"@id":"https:\/\/www.gamapa.de\/en\/#\/schema\/logo\/image\/"}}]}},"uagb_featured_image_src":{"full":["https:\/\/www.gamapa.de\/wp-content\/uploads\/2020\/07\/U-Header-Rechtsgebiete-2-scaled.jpg",2560,764,false],"thumbnail":["https:\/\/www.gamapa.de\/wp-content\/uploads\/2020\/07\/U-Header-Rechtsgebiete-2-150x150.jpg",150,150,true],"medium":["https:\/\/www.gamapa.de\/wp-content\/uploads\/2020\/07\/U-Header-Rechtsgebiete-2-600x179.jpg",600,179,true],"medium_large":["https:\/\/www.gamapa.de\/wp-content\/uploads\/2020\/07\/U-Header-Rechtsgebiete-2-768x229.jpg",580,173,true],"large":["https:\/\/www.gamapa.de\/wp-content\/uploads\/2020\/07\/U-Header-Rechtsgebiete-2-scaled.jpg",580,173,false],"gs-tiny":["https:\/\/www.gamapa.de\/wp-content\/uploads\/2020\/07\/U-Header-Rechtsgebiete-2-scaled.jpg",50,15,false],"xl":["https:\/\/www.gamapa.de\/wp-content\/uploads\/2020\/07\/U-Header-Rechtsgebiete-2-scaled.jpg",1600,478,false],"xxl":["https:\/\/www.gamapa.de\/wp-content\/uploads\/2020\/07\/U-Header-Rechtsgebiete-2-scaled.jpg",2200,657,false],"xxxl":["https:\/\/www.gamapa.de\/wp-content\/uploads\/2020\/07\/U-Header-Rechtsgebiete-2-scaled.jpg",2560,764,false],"xxxxl":["https:\/\/www.gamapa.de\/wp-content\/uploads\/2020\/07\/U-Header-Rechtsgebiete-2-scaled.jpg",2560,764,false],"xxxxxl":["https:\/\/www.gamapa.de\/wp-content\/uploads\/2020\/07\/U-Header-Rechtsgebiete-2-scaled.jpg",2560,764,false],"1536x1536":["https:\/\/www.gamapa.de\/wp-content\/uploads\/2020\/07\/U-Header-Rechtsgebiete-2-1536x458.jpg",1536,458,true],"2048x2048":["https:\/\/www.gamapa.de\/wp-content\/uploads\/2020\/07\/U-Header-Rechtsgebiete-2-2048x611.jpg",2048,611,true],"post-thumbnail":["https:\/\/www.gamapa.de\/wp-content\/uploads\/2020\/07\/U-Header-Rechtsgebiete-2-scaled.jpg",2560,764,false],"twentytwenty-fullscreen":["https:\/\/www.gamapa.de\/wp-content\/uploads\/2020\/07\/U-Header-Rechtsgebiete-2-scaled.jpg",2560,764,false],"theme-slug-single-post":["https:\/\/www.gamapa.de\/wp-content\/uploads\/2020\/07\/U-Header-Rechtsgebiete-2-1600x400.jpg",1600,400,true]},"uagb_author_info":{"display_name":"ninasenft","author_link":"https:\/\/www.gamapa.de\/en\/author\/ninasenft\/"},"uagb_comment_info":0,"uagb_excerpt":"We ensure fair competition for your company The German Unfair Competition Act (UWG) sets out the rules for fair business conduct that every company must observe when offering and purchasing services. We work with you to develop a sustainable strategy for your image, offerings, advertising and sales \u2013 legally compliant, risk-minimised and practical. Our range&hellip;","_links":{"self":[{"href":"https:\/\/www.gamapa.de\/en\/wp-json\/wp\/v2\/pages\/22462","targetHints":{"allow":["GET"]}}],"collection":[{"href":"https:\/\/www.gamapa.de\/en\/wp-json\/wp\/v2\/pages"}],"about":[{"href":"https:\/\/www.gamapa.de\/en\/wp-json\/wp\/v2\/types\/page"}],"author":[{"embeddable":true,"href":"https:\/\/www.gamapa.de\/en\/wp-json\/wp\/v2\/users\/11"}],"replies":[{"embeddable":true,"href":"https:\/\/www.gamapa.de\/en\/wp-json\/wp\/v2\/comments?post=22462"}],"version-history":[{"count":4,"href":"https:\/\/www.gamapa.de\/en\/wp-json\/wp\/v2\/pages\/22462\/revisions"}],"predecessor-version":[{"id":22497,"href":"https:\/\/www.gamapa.de\/en\/wp-json\/wp\/v2\/pages\/22462\/revisions\/22497"}],"up":[{"embeddable":true,"href":"https:\/\/www.gamapa.de\/en\/wp-json\/wp\/v2\/pages\/5658"}],"wp:featuredmedia":[{"embeddable":true,"href":"https:\/\/www.gamapa.de\/en\/wp-json\/wp\/v2\/media\/3876"}],"wp:attachment":[{"href":"https:\/\/www.gamapa.de\/en\/wp-json\/wp\/v2\/media?parent=22462"}],"curies":[{"name":"wp","href":"https:\/\/api.w.org\/{rel}","templated":true}]}}