

{"id":22542,"date":"2022-01-18T15:59:58","date_gmt":"2022-01-18T14:59:58","guid":{"rendered":"https:\/\/www.gamapa.de\/fields-of-advice\/mediation\/"},"modified":"2026-01-19T16:20:45","modified_gmt":"2026-01-19T15:20:45","slug":"mediation","status":"publish","type":"page","link":"https:\/\/www.gamapa.de\/en\/fields-of-advice\/mediation\/","title":{"rendered":"Mediation"},"content":{"rendered":"\n<h2 class=\"wp-block-heading inhalt\">Out-of-court and rapid conflict resolution<\/h2>\n\n\n\n<p class=\"inhalt\">The issues addressed in mediation are omnipresent in everyday life. Conflicts arise everywhere and every day when different people with different interests and needs come together. In the private sphere, differences of opinion often arise in disputes within the family or inheritance disputes. In the business world, disputes can arise at the company level between shareholders, at the hierarchical level between supervisors and employees, or within a level between employees themselves. In addition, disputes often arise in the context of succession planning within the company or in the context of customer relationships.<\/p>\n\n\n\n<p>Conflicts usually cost those involved a lot of time, patience and nerves, and are often quite expensive.<\/p>\n\n\n\n<p>Often, the parties to a conflict see going to court as their only option. However, in court, only one party wins \u2013 if at all \u2013 and it is usually uncertain and impossible to predict who that will be. The background to the dispute is neither examined nor resolved.<\/p>\n\n\n\n<p>By appointing a mediator, you create opportunities to resolve conflicts quickly, efficiently and in a manner tailored to your individual needs. The mediation process is a genuine alternative to time-consuming and costly court proceedings, as it allows the parties to find a solution to their problem on their own terms.<\/p>\n\n\n\n<div style=\"height:40px\" aria-hidden=\"true\" class=\"wp-block-spacer\"><\/div>\n\n\n\n<div class=\"wp-block-pb-accordion-item c-accordion__item js-accordion-item no-js medi\" data-initially-open=\"false\" data-click-to-close=\"true\" data-auto-close=\"true\" data-scroll=\"false\" data-scroll-offset=\"0\"><h2 id=\"at-225420\" class=\"c-accordion__title js-accordion-controller\" role=\"button\">What is mediation?<\/h2><div id=\"ac-225420\" class=\"c-accordion__content\">\n<p>Mediation is an out-of-court, legally regulated and structured conflict resolution procedure in which the parties voluntarily and independently seek an amicable settlement of the conflict with the help of an independent and impartial mediator.<\/p>\n\n\n\n<p>The aim of mediation is to achieve a win-win solution: instead of a decision being made by a third party, you work together with the other party under the guidance of a neutral third party, the mediator, to find a solution that suits both of you. The interests and needs of the people involved are considered and worked out so that mutual understanding can develop without neglecting or putting aside your own concerns. This solution is then set out in a binding, forward-looking agreement \u2013 out of court and without legal recourse.<\/p>\n<\/div><\/div>\n\n\n\n<div class=\"wp-block-pb-accordion-item c-accordion__item js-accordion-item no-js medi\" data-initially-open=\"false\" data-click-to-close=\"true\" data-auto-close=\"true\" data-scroll=\"false\" data-scroll-offset=\"0\"><h2 id=\"at-225421\" class=\"c-accordion__title js-accordion-controller\" role=\"button\">Who can benefit from mediation?<\/h2><div id=\"ac-225421\" class=\"c-accordion__content\">\n<p>We can say from experience that, in principle, all conflicts can be mediated, even in cases where the atmosphere is extremely tense due to significant differences, hurt feelings and various incidents, and where an amicable agreement seems impossible at first glance.<\/p>\n\n\n\n<p>Mediation is particularly useful when:<\/p>\n\n\n\n<ul class=\"wp-block-list\">\n<li>there is no longer any progress between the parties, discussions are going round in circles, or clear and productive communication is no longer possible<\/li>\n\n\n\n<li>the disputes are very complex and confusing there is no longer any clarity<\/li>\n\n\n\n<li>the conflict is highly emotional<\/li>\n\n\n\n<li>future contact or cooperation cannot or should not be avoided, and it is therefore important to maintain relations<\/li>\n\n\n\n<li>a quick and unbureaucratic solution is to be found<\/li>\n\n\n\n<li>the greatest possible confidentiality is to be maintained<\/li>\n\n\n\n<li>the (conflict) costs are to be kept low<\/li>\n<\/ul>\n\n\n\n<p>Mediation is not advisable if the parties are not willing to participate in mediation. In this case, however, it may be advisable for only one party to seek unilateral counselling in order to work out how to deal with the dispute in the future. Of course, mediation is not a panacea. The parties must participate in mediation voluntarily and on their own responsibility. There should also be a fundamental willingness to reach an agreement. If these conditions are met, there is nothing to prevent an individual solution from being found in the mediation process.<\/p>\n<\/div><\/div>\n\n\n\n<h3 class=\"wp-block-heading\">Your contact persons:<\/h3>\n\n\n\n<div class=\"wp-block-columns is-layout-flex wp-container-core-columns-is-layout-9d6595d7 wp-block-columns-is-layout-flex\">\n<div class=\"wp-block-column is-layout-flow wp-block-column-is-layout-flow\">\n<figure class=\"wp-block-image size-full\"><a href=\"https:\/\/www.gamapa.de\/en\/advisors\/vera-niedermeyer-attorney-at-law-mediator\/\"><img loading=\"lazy\" decoding=\"async\" width=\"600\" height=\"389\" src=\"https:\/\/www.gamapa.de\/wp-content\/uploads\/2020\/08\/Niedermeyer-600x389-1.jpg\" alt=\"\" class=\"wp-image-8135\"\/><\/a><figcaption class=\"wp-element-caption\">Vera Niedermeyer<\/figcaption><\/figure>\n<\/div>\n\n\n\n<div class=\"wp-block-column 2-5rem is-layout-flow wp-block-column-is-layout-flow\">\n<figure class=\"wp-block-image size-full\"><a href=\"https:\/\/www.gamapa.de\/en\/advisors\/antje-stosch-attorney-at-law-specialist-lawyer-for-family-law\/\"><img loading=\"lazy\" decoding=\"async\" width=\"600\" height=\"389\" src=\"https:\/\/www.gamapa.de\/wp-content\/uploads\/2021\/10\/Antje-Stosch_1.jpg\" alt=\"\" class=\"wp-image-9442\"\/><\/a><figcaption class=\"wp-element-caption\">Antje Stosch<\/figcaption><\/figure>\n<\/div>\n<\/div>\n\n\n\n<div class=\"wp-block-columns is-layout-flex wp-container-core-columns-is-layout-9d6595d7 wp-block-columns-is-layout-flex\">\n<div class=\"wp-block-column is-layout-flow wp-block-column-is-layout-flow\">\n<figure class=\"wp-block-image size-full\"><a href=\"https:\/\/www.gamapa.de\/en\/advisors\/eva-schmitz-dipl-kff-tax-consultant\/\"><img loading=\"lazy\" decoding=\"async\" width=\"600\" height=\"389\" src=\"https:\/\/www.gamapa.de\/wp-content\/uploads\/2022\/02\/Schmitz_1.jpg\" alt=\"Eva Schmitz\" class=\"wp-image-12284\"\/><\/a><figcaption class=\"wp-element-caption\">Eva Schmitz<\/figcaption><\/figure>\n<\/div>\n\n\n\n<div class=\"wp-block-column is-layout-flow wp-block-column-is-layout-flow\">\n<figure class=\"wp-block-image size-full\"><a href=\"https:\/\/www.gamapa.de\/en\/advisors\/daniel-troost-tax-consultant-partner\/\"><img loading=\"lazy\" decoding=\"async\" width=\"600\" height=\"389\" src=\"https:\/\/www.gamapa.de\/wp-content\/uploads\/2022\/11\/Troost_1.jpg\" alt=\"\" class=\"wp-image-13723\"\/><\/a><figcaption class=\"wp-element-caption\">Daniel Troost<\/figcaption><\/figure>\n<\/div>\n<\/div>\n\n\n\n<div style=\"height:40px\" aria-hidden=\"true\" class=\"wp-block-spacer\"><\/div>\n\n\n\n<div class=\"wp-block-columns is-layout-flex wp-container-core-columns-is-layout-9d6595d7 wp-block-columns-is-layout-flex\">\n<div class=\"wp-block-column breites-raster med is-layout-flow wp-block-column-is-layout-flow\">\n<div class=\"wp-block-button\"><a class=\"wp-block-button__link has-background wp-element-button\" href=\"https:\/\/www.gamapa.de\/en\/fields-of-advice\/mediation\/business-mediation\/\" style=\"background-color:#003565\">Business mediation<\/a><\/div>\n<\/div>\n\n\n\n<div class=\"wp-block-column med is-layout-flow wp-block-column-is-layout-flow\">\n<div class=\"wp-block-button\"><a class=\"wp-block-button__link has-background wp-element-button\" href=\"https:\/\/www.gamapa.de\/en\/fields-of-advice\/mediation\/mediation-in-private-matters\/\" style=\"background-color:#003565\">Mediation in private matters<\/a><\/div>\n<\/div>\n\n\n\n<div class=\"wp-block-column med is-layout-flow wp-block-column-is-layout-flow\">\n<div class=\"wp-block-button\"><a class=\"wp-block-button__link has-background wp-element-button\" href=\"https:\/\/www.gamapa.de\/en\/fields-of-advice\/mediation\/practical-cases-as-case-studies\/\" style=\"background-color:#003565\">Practical cases as case studies<\/a><\/div>\n<\/div>\n<\/div>\n\n\n\n<div class=\"wp-block-columns is-layout-flex wp-container-core-columns-is-layout-9d6595d7 wp-block-columns-is-layout-flex\"><\/div>\n","protected":false},"excerpt":{"rendered":"<p>Out-of-court and rapid conflict resolution The issues addressed in mediation are omnipresent in everyday life. Conflicts arise everywhere and every day when different people with different interests and needs come together. In the private sphere, differences of opinion often arise in disputes within the family or inheritance disputes. In the business world, disputes can arise <a href=\"https:\/\/www.gamapa.de\/en\/fields-of-advice\/mediation\/\">[\u2026]<\/a><\/p>\n","protected":false},"author":1,"featured_media":12065,"parent":5807,"menu_order":6,"comment_status":"closed","ping_status":"closed","template":"","meta":{"_acf_changed":false,"_uag_custom_page_level_css":"","footnotes":""},"class_list":["post-22542","page","type-page","status-publish","has-post-thumbnail","hentry"],"acf":[],"yoast_head":"<!-- This site is optimized with the Yoast SEO plugin v27.3 - https:\/\/yoast.com\/product\/yoast-seo-wordpress\/ -->\n<title>Mediation | Dr. Gantef\u00fchrer Marquardt und Partner<\/title>\n<meta name=\"description\" content=\"Die Mediation schafft die M\u00f6glichkeiten, Konflikte schnell, effizient und individuell auf Sie zugeschnitten, zu l\u00f6sen.\" \/>\n<meta name=\"robots\" content=\"index, follow, max-snippet:-1, max-image-preview:large, max-video-preview:-1\" \/>\n<link rel=\"canonical\" href=\"https:\/\/www.gamapa.de\/en\/fields-of-advice\/mediation\/\" \/>\n<meta property=\"og:locale\" content=\"en_US\" \/>\n<meta property=\"og:type\" content=\"article\" \/>\n<meta property=\"og:title\" content=\"Mediation | Dr. Gantef\u00fchrer Marquardt und Partner\" \/>\n<meta property=\"og:description\" content=\"Die Mediation schafft die M\u00f6glichkeiten, Konflikte schnell, effizient und individuell auf Sie zugeschnitten, zu l\u00f6sen.\" \/>\n<meta property=\"og:url\" content=\"https:\/\/www.gamapa.de\/en\/fields-of-advice\/mediation\/\" \/>\n<meta property=\"og:site_name\" content=\"GANTEF\u00dcHRER\" \/>\n<meta property=\"article:modified_time\" content=\"2026-01-19T15:20:45+00:00\" \/>\n<meta property=\"og:image\" content=\"https:\/\/www.gamapa.de\/wp-content\/uploads\/2022\/02\/Mediation-2-scaled.jpg\" \/>\n\t<meta property=\"og:image:width\" content=\"2560\" \/>\n\t<meta property=\"og:image:height\" content=\"764\" \/>\n\t<meta property=\"og:image:type\" content=\"image\/jpeg\" \/>\n<meta name=\"twitter:card\" content=\"summary_large_image\" \/>\n<meta name=\"twitter:label1\" content=\"Est. reading time\" \/>\n\t<meta name=\"twitter:data1\" content=\"5 minutes\" \/>\n<script type=\"application\/ld+json\" class=\"yoast-schema-graph\">{\"@context\":\"https:\\\/\\\/schema.org\",\"@graph\":[{\"@type\":\"WebPage\",\"@id\":\"https:\\\/\\\/www.gamapa.de\\\/en\\\/fields-of-advice\\\/mediation\\\/\",\"url\":\"https:\\\/\\\/www.gamapa.de\\\/en\\\/fields-of-advice\\\/mediation\\\/\",\"name\":\"Mediation | Dr. Gantef\u00fchrer Marquardt und Partner\",\"isPartOf\":{\"@id\":\"https:\\\/\\\/www.gamapa.de\\\/en\\\/#website\"},\"primaryImageOfPage\":{\"@id\":\"https:\\\/\\\/www.gamapa.de\\\/en\\\/fields-of-advice\\\/mediation\\\/#primaryimage\"},\"image\":{\"@id\":\"https:\\\/\\\/www.gamapa.de\\\/en\\\/fields-of-advice\\\/mediation\\\/#primaryimage\"},\"thumbnailUrl\":\"https:\\\/\\\/www.gamapa.de\\\/wp-content\\\/uploads\\\/2022\\\/02\\\/Mediation-2-scaled.jpg\",\"datePublished\":\"2022-01-18T14:59:58+00:00\",\"dateModified\":\"2026-01-19T15:20:45+00:00\",\"description\":\"Die Mediation schafft die M\u00f6glichkeiten, Konflikte schnell, effizient und individuell auf Sie zugeschnitten, zu l\u00f6sen.\",\"breadcrumb\":{\"@id\":\"https:\\\/\\\/www.gamapa.de\\\/en\\\/fields-of-advice\\\/mediation\\\/#breadcrumb\"},\"inLanguage\":\"en-US\",\"potentialAction\":[{\"@type\":\"ReadAction\",\"target\":[\"https:\\\/\\\/www.gamapa.de\\\/en\\\/fields-of-advice\\\/mediation\\\/\"]}]},{\"@type\":\"ImageObject\",\"inLanguage\":\"en-US\",\"@id\":\"https:\\\/\\\/www.gamapa.de\\\/en\\\/fields-of-advice\\\/mediation\\\/#primaryimage\",\"url\":\"https:\\\/\\\/www.gamapa.de\\\/wp-content\\\/uploads\\\/2022\\\/02\\\/Mediation-2-scaled.jpg\",\"contentUrl\":\"https:\\\/\\\/www.gamapa.de\\\/wp-content\\\/uploads\\\/2022\\\/02\\\/Mediation-2-scaled.jpg\",\"width\":2560,\"height\":764,\"caption\":\"Mediation-2\"},{\"@type\":\"BreadcrumbList\",\"@id\":\"https:\\\/\\\/www.gamapa.de\\\/en\\\/fields-of-advice\\\/mediation\\\/#breadcrumb\",\"itemListElement\":[{\"@type\":\"ListItem\",\"position\":1,\"name\":\"Startseite\",\"item\":\"https:\\\/\\\/www.gamapa.de\\\/en\\\/\"},{\"@type\":\"ListItem\",\"position\":2,\"name\":\"Fields of advice\",\"item\":\"https:\\\/\\\/www.gamapa.de\\\/en\\\/fields-of-advice\\\/\"},{\"@type\":\"ListItem\",\"position\":3,\"name\":\"Mediation\"}]},{\"@type\":\"WebSite\",\"@id\":\"https:\\\/\\\/www.gamapa.de\\\/en\\\/#website\",\"url\":\"https:\\\/\\\/www.gamapa.de\\\/en\\\/\",\"name\":\"GANTEF\u00dcHRER\",\"description\":\"Wirtschaftspr\u00fcfer, Steuerberater, Rechtsanw\u00e4lte\",\"publisher\":{\"@id\":\"https:\\\/\\\/www.gamapa.de\\\/en\\\/#organization\"},\"potentialAction\":[{\"@type\":\"SearchAction\",\"target\":{\"@type\":\"EntryPoint\",\"urlTemplate\":\"https:\\\/\\\/www.gamapa.de\\\/en\\\/?s={search_term_string}\"},\"query-input\":{\"@type\":\"PropertyValueSpecification\",\"valueRequired\":true,\"valueName\":\"search_term_string\"}}],\"inLanguage\":\"en-US\"},{\"@type\":\"Organization\",\"@id\":\"https:\\\/\\\/www.gamapa.de\\\/en\\\/#organization\",\"name\":\"Gantef\u00fchrer Wirtschaftspr\u00fcfer, Steuerberater, Rechtsanw\u00e4lte\",\"url\":\"https:\\\/\\\/www.gamapa.de\\\/en\\\/\",\"logo\":{\"@type\":\"ImageObject\",\"inLanguage\":\"en-US\",\"@id\":\"https:\\\/\\\/www.gamapa.de\\\/en\\\/#\\\/schema\\\/logo\\\/image\\\/\",\"url\":\"https:\\\/\\\/www.gamapa.de\\\/wp-content\\\/uploads\\\/2026\\\/01\\\/Logo-Gantefuehrer.png\",\"contentUrl\":\"https:\\\/\\\/www.gamapa.de\\\/wp-content\\\/uploads\\\/2026\\\/01\\\/Logo-Gantefuehrer.png\",\"width\":767,\"height\":156,\"caption\":\"Gantef\u00fchrer Wirtschaftspr\u00fcfer, Steuerberater, Rechtsanw\u00e4lte\"},\"image\":{\"@id\":\"https:\\\/\\\/www.gamapa.de\\\/en\\\/#\\\/schema\\\/logo\\\/image\\\/\"}}]}<\/script>\n<!-- \/ Yoast SEO plugin. -->","yoast_head_json":{"title":"Mediation | Dr. Gantef\u00fchrer Marquardt und Partner","description":"Die Mediation schafft die M\u00f6glichkeiten, Konflikte schnell, effizient und individuell auf Sie zugeschnitten, zu l\u00f6sen.","robots":{"index":"index","follow":"follow","max-snippet":"max-snippet:-1","max-image-preview":"max-image-preview:large","max-video-preview":"max-video-preview:-1"},"canonical":"https:\/\/www.gamapa.de\/en\/fields-of-advice\/mediation\/","og_locale":"en_US","og_type":"article","og_title":"Mediation | Dr. Gantef\u00fchrer Marquardt und Partner","og_description":"Die Mediation schafft die M\u00f6glichkeiten, Konflikte schnell, effizient und individuell auf Sie zugeschnitten, zu l\u00f6sen.","og_url":"https:\/\/www.gamapa.de\/en\/fields-of-advice\/mediation\/","og_site_name":"GANTEF\u00dcHRER","article_modified_time":"2026-01-19T15:20:45+00:00","og_image":[{"width":2560,"height":764,"url":"https:\/\/www.gamapa.de\/wp-content\/uploads\/2022\/02\/Mediation-2-scaled.jpg","type":"image\/jpeg"}],"twitter_card":"summary_large_image","twitter_misc":{"Est. reading time":"5 minutes"},"schema":{"@context":"https:\/\/schema.org","@graph":[{"@type":"WebPage","@id":"https:\/\/www.gamapa.de\/en\/fields-of-advice\/mediation\/","url":"https:\/\/www.gamapa.de\/en\/fields-of-advice\/mediation\/","name":"Mediation | Dr. Gantef\u00fchrer Marquardt und Partner","isPartOf":{"@id":"https:\/\/www.gamapa.de\/en\/#website"},"primaryImageOfPage":{"@id":"https:\/\/www.gamapa.de\/en\/fields-of-advice\/mediation\/#primaryimage"},"image":{"@id":"https:\/\/www.gamapa.de\/en\/fields-of-advice\/mediation\/#primaryimage"},"thumbnailUrl":"https:\/\/www.gamapa.de\/wp-content\/uploads\/2022\/02\/Mediation-2-scaled.jpg","datePublished":"2022-01-18T14:59:58+00:00","dateModified":"2026-01-19T15:20:45+00:00","description":"Die Mediation schafft die M\u00f6glichkeiten, Konflikte schnell, effizient und individuell auf Sie zugeschnitten, zu l\u00f6sen.","breadcrumb":{"@id":"https:\/\/www.gamapa.de\/en\/fields-of-advice\/mediation\/#breadcrumb"},"inLanguage":"en-US","potentialAction":[{"@type":"ReadAction","target":["https:\/\/www.gamapa.de\/en\/fields-of-advice\/mediation\/"]}]},{"@type":"ImageObject","inLanguage":"en-US","@id":"https:\/\/www.gamapa.de\/en\/fields-of-advice\/mediation\/#primaryimage","url":"https:\/\/www.gamapa.de\/wp-content\/uploads\/2022\/02\/Mediation-2-scaled.jpg","contentUrl":"https:\/\/www.gamapa.de\/wp-content\/uploads\/2022\/02\/Mediation-2-scaled.jpg","width":2560,"height":764,"caption":"Mediation-2"},{"@type":"BreadcrumbList","@id":"https:\/\/www.gamapa.de\/en\/fields-of-advice\/mediation\/#breadcrumb","itemListElement":[{"@type":"ListItem","position":1,"name":"Startseite","item":"https:\/\/www.gamapa.de\/en\/"},{"@type":"ListItem","position":2,"name":"Fields of advice","item":"https:\/\/www.gamapa.de\/en\/fields-of-advice\/"},{"@type":"ListItem","position":3,"name":"Mediation"}]},{"@type":"WebSite","@id":"https:\/\/www.gamapa.de\/en\/#website","url":"https:\/\/www.gamapa.de\/en\/","name":"GANTEF\u00dcHRER","description":"Wirtschaftspr\u00fcfer, Steuerberater, Rechtsanw\u00e4lte","publisher":{"@id":"https:\/\/www.gamapa.de\/en\/#organization"},"potentialAction":[{"@type":"SearchAction","target":{"@type":"EntryPoint","urlTemplate":"https:\/\/www.gamapa.de\/en\/?s={search_term_string}"},"query-input":{"@type":"PropertyValueSpecification","valueRequired":true,"valueName":"search_term_string"}}],"inLanguage":"en-US"},{"@type":"Organization","@id":"https:\/\/www.gamapa.de\/en\/#organization","name":"Gantef\u00fchrer Wirtschaftspr\u00fcfer, Steuerberater, Rechtsanw\u00e4lte","url":"https:\/\/www.gamapa.de\/en\/","logo":{"@type":"ImageObject","inLanguage":"en-US","@id":"https:\/\/www.gamapa.de\/en\/#\/schema\/logo\/image\/","url":"https:\/\/www.gamapa.de\/wp-content\/uploads\/2026\/01\/Logo-Gantefuehrer.png","contentUrl":"https:\/\/www.gamapa.de\/wp-content\/uploads\/2026\/01\/Logo-Gantefuehrer.png","width":767,"height":156,"caption":"Gantef\u00fchrer Wirtschaftspr\u00fcfer, Steuerberater, Rechtsanw\u00e4lte"},"image":{"@id":"https:\/\/www.gamapa.de\/en\/#\/schema\/logo\/image\/"}}]}},"uagb_featured_image_src":{"full":["https:\/\/www.gamapa.de\/wp-content\/uploads\/2022\/02\/Mediation-2-scaled.jpg",2560,764,false],"thumbnail":["https:\/\/www.gamapa.de\/wp-content\/uploads\/2022\/02\/Mediation-2-150x150.jpg",150,150,true],"medium":["https:\/\/www.gamapa.de\/wp-content\/uploads\/2022\/02\/Mediation-2-600x179.jpg",600,179,true],"medium_large":["https:\/\/www.gamapa.de\/wp-content\/uploads\/2022\/02\/Mediation-2-768x229.jpg",580,173,true],"large":["https:\/\/www.gamapa.de\/wp-content\/uploads\/2022\/02\/Mediation-2-scaled.jpg",580,173,false],"gs-tiny":["https:\/\/www.gamapa.de\/wp-content\/uploads\/2022\/02\/Mediation-2-scaled.jpg",50,15,false],"xl":["https:\/\/www.gamapa.de\/wp-content\/uploads\/2022\/02\/Mediation-2-1600x477.jpg",1600,477,true],"xxl":["https:\/\/www.gamapa.de\/wp-content\/uploads\/2022\/02\/Mediation-2-2200x656.jpg",2200,656,true],"xxxl":["https:\/\/www.gamapa.de\/wp-content\/uploads\/2022\/02\/Mediation-2-2800x835.jpg",2800,835,true],"xxxxl":["https:\/\/www.gamapa.de\/wp-content\/uploads\/2022\/02\/Mediation-2-scaled.jpg",2560,764,false],"xxxxxl":["https:\/\/www.gamapa.de\/wp-content\/uploads\/2022\/02\/Mediation-2-scaled.jpg",2560,764,false],"1536x1536":["https:\/\/www.gamapa.de\/wp-content\/uploads\/2022\/02\/Mediation-2-1536x458.jpg",1536,458,true],"2048x2048":["https:\/\/www.gamapa.de\/wp-content\/uploads\/2022\/02\/Mediation-2-2048x611.jpg",2048,611,true],"post-thumbnail":["https:\/\/www.gamapa.de\/wp-content\/uploads\/2022\/02\/Mediation-2-scaled.jpg",2560,764,false],"twentytwenty-fullscreen":["https:\/\/www.gamapa.de\/wp-content\/uploads\/2022\/02\/Mediation-2-scaled.jpg",2560,764,false],"theme-slug-single-post":["https:\/\/www.gamapa.de\/wp-content\/uploads\/2022\/02\/Mediation-2-1600x400.jpg",1600,400,true]},"uagb_author_info":{"display_name":"linda","author_link":"https:\/\/www.gamapa.de\/en\/author\/linda\/"},"uagb_comment_info":0,"uagb_excerpt":"Out-of-court and rapid conflict resolution The issues addressed in mediation are omnipresent in everyday life. Conflicts arise everywhere and every day when different people with different interests and needs come together. In the private sphere, differences of opinion often arise in disputes within the family or inheritance disputes. In the business world, disputes can arise&hellip;","_links":{"self":[{"href":"https:\/\/www.gamapa.de\/en\/wp-json\/wp\/v2\/pages\/22542","targetHints":{"allow":["GET"]}}],"collection":[{"href":"https:\/\/www.gamapa.de\/en\/wp-json\/wp\/v2\/pages"}],"about":[{"href":"https:\/\/www.gamapa.de\/en\/wp-json\/wp\/v2\/types\/page"}],"author":[{"embeddable":true,"href":"https:\/\/www.gamapa.de\/en\/wp-json\/wp\/v2\/users\/1"}],"replies":[{"embeddable":true,"href":"https:\/\/www.gamapa.de\/en\/wp-json\/wp\/v2\/comments?post=22542"}],"version-history":[{"count":8,"href":"https:\/\/www.gamapa.de\/en\/wp-json\/wp\/v2\/pages\/22542\/revisions"}],"predecessor-version":[{"id":22571,"href":"https:\/\/www.gamapa.de\/en\/wp-json\/wp\/v2\/pages\/22542\/revisions\/22571"}],"up":[{"embeddable":true,"href":"https:\/\/www.gamapa.de\/en\/wp-json\/wp\/v2\/pages\/5807"}],"wp:featuredmedia":[{"embeddable":true,"href":"https:\/\/www.gamapa.de\/en\/wp-json\/wp\/v2\/media\/12065"}],"wp:attachment":[{"href":"https:\/\/www.gamapa.de\/en\/wp-json\/wp\/v2\/media?parent=22542"}],"curies":[{"name":"wp","href":"https:\/\/api.w.org\/{rel}","templated":true}]}}