

{"id":22566,"date":"2022-01-18T17:38:50","date_gmt":"2022-01-18T16:38:50","guid":{"rendered":"https:\/\/www.gamapa.de\/fields-of-advice\/mediation\/praxisfaelle-als-fallbeispiele\/"},"modified":"2026-01-19T16:32:08","modified_gmt":"2026-01-19T15:32:08","slug":"practical-cases-as-case-studies","status":"publish","type":"page","link":"https:\/\/www.gamapa.de\/en\/fields-of-advice\/mediation\/practical-cases-as-case-studies\/","title":{"rendered":"Practical cases as case studies"},"content":{"rendered":"\n<h3 class=\"wp-block-heading\">a. Generational change<\/h3>\n\n\n\n<p>In a successful medium-sized company, the founder and senior partner has transferred management and company shares to his son. The senior partner wants to enjoy his new freedom on the golf course and travelling. From now on, the junior partner is to run the business alone. However, from the outset, the senior partner interferes in his son&#8217;s management of the business. The son finds this disruptive and patronising. The conflicts between father and son become increasingly intense, threatening to escalate to the point where the son no longer wants to run the business and is considering withdrawing from management.<\/p>\n\n\n\n<p>On the recommendation of the company&#8217;s tax advisor, an experienced business mediator is brought in. In the mediation process, all points of contention between father and son are resolved after an exchange of interests and the development of possible solutions. In the end, the junior partner remains managing director and continues to run the business alone and successfully. The father is finally able to enjoy his freedom to the fullest. Peace has been restored both in the company and in the family.<\/p>\n\n\n\n<h3 class=\"wp-block-heading\">b. Merger<\/h3>\n\n\n\n<p>Two car dealers want to merge because their dealerships are located just a few kilometres apart and both locations \u2013 which are both profitable \u2013 sell the same car brand. The customer base is too small for two dealerships to generate good business for both. The car manufacturer is also calling for the merger for economic reasons.<\/p>\n\n\n\n<p>The conflict quickly becomes apparent, as both car dealership owners demand the sole managing director position; this \u2013 as the subsequent mediation shows \u2013 is for different reasons and interests. In the course of the mediation, these different interests are worked out and solutions can be developed that allow all parties to come out as winners. The managing director positions were divided according to interests and strengths in a success-oriented manner.<\/p>\n\n\n\n<h3 class=\"wp-block-heading\">c. Staff turnover<\/h3>\n\n\n\n<p>For some time now, more and more employees have been resigning from a company. The reasons for this are not apparent to the management. Even open discussions with the staff have not helped the management. Staff turnover is causing a great deal of stress and unrest within the company. The remaining employees have to compensate for the work of those who have left, which is why dissatisfaction is also growing among these employees. The next wave of resignations is looming. The current work situation makes it much more difficult to hire new staff. The costs of the conflict are high: hiring a headhunter; time for job interviews; dissatisfied staff, loss of efficiency, loss of revenue, training time for new colleagues; more stress and unrest in the company; further resignations.<\/p>\n\n\n\n<p>The management learns about the possibility of mediation from a business partner and subsequently commissions a business mediator. In a few confidential discussions, the mediator is able to uncover the reasons behind the wave of resignations among the employees and, thanks to self-developed solution options, stop the wave so that the company can once again look to the future with confidence.<\/p>\n","protected":false},"excerpt":{"rendered":"<p>a. Generational change In a successful medium-sized company, the founder and senior partner has transferred management and company shares to his son. The senior partner wants to enjoy his new freedom on the golf course and travelling. From now on, the junior partner is to run the business alone. However, from the outset, the senior <a href=\"https:\/\/www.gamapa.de\/en\/fields-of-advice\/mediation\/practical-cases-as-case-studies\/\">[\u2026]<\/a><\/p>\n","protected":false},"author":1,"featured_media":12275,"parent":22542,"menu_order":4,"comment_status":"closed","ping_status":"closed","template":"templates\/template-simple-site.php","meta":{"_acf_changed":false,"_uag_custom_page_level_css":"","footnotes":""},"class_list":["post-22566","page","type-page","status-publish","has-post-thumbnail","hentry"],"acf":[],"yoast_head":"<!-- This site is optimized with the Yoast SEO plugin v27.3 - https:\/\/yoast.com\/product\/yoast-seo-wordpress\/ -->\n<title>case studies | Dr. Gantef\u00fchrer<\/title>\n<meta name=\"description\" content=\"Practical cases and case studies \u2013 e.g. mediation in the context of generational change. Let our experts advise you.\" \/>\n<meta name=\"robots\" content=\"index, follow, max-snippet:-1, max-image-preview:large, max-video-preview:-1\" \/>\n<link rel=\"canonical\" href=\"https:\/\/www.gamapa.de\/en\/fields-of-advice\/mediation\/practical-cases-as-case-studies\/\" \/>\n<meta property=\"og:locale\" content=\"en_US\" \/>\n<meta property=\"og:type\" content=\"article\" \/>\n<meta property=\"og:title\" content=\"case studies | Dr. Gantef\u00fchrer\" \/>\n<meta property=\"og:description\" content=\"Practical cases and case studies \u2013 e.g. mediation in the context of generational change. Let our experts advise you.\" \/>\n<meta property=\"og:url\" content=\"https:\/\/www.gamapa.de\/en\/fields-of-advice\/mediation\/practical-cases-as-case-studies\/\" \/>\n<meta property=\"og:site_name\" content=\"GANTEF\u00dcHRER\" \/>\n<meta property=\"article:modified_time\" content=\"2026-01-19T15:32:08+00:00\" \/>\n<meta property=\"og:image\" content=\"https:\/\/www.gamapa.de\/wp-content\/uploads\/2022\/02\/Mediation-Fallbeispiele-1-scaled.jpg\" \/>\n\t<meta property=\"og:image:width\" content=\"2560\" \/>\n\t<meta property=\"og:image:height\" content=\"764\" \/>\n\t<meta property=\"og:image:type\" content=\"image\/jpeg\" \/>\n<meta name=\"twitter:card\" content=\"summary_large_image\" \/>\n<meta name=\"twitter:label1\" content=\"Est. reading time\" \/>\n\t<meta name=\"twitter:data1\" content=\"4 minutes\" \/>\n<script type=\"application\/ld+json\" class=\"yoast-schema-graph\">{\"@context\":\"https:\\\/\\\/schema.org\",\"@graph\":[{\"@type\":\"WebPage\",\"@id\":\"https:\\\/\\\/www.gamapa.de\\\/en\\\/fields-of-advice\\\/mediation\\\/practical-cases-as-case-studies\\\/\",\"url\":\"https:\\\/\\\/www.gamapa.de\\\/en\\\/fields-of-advice\\\/mediation\\\/practical-cases-as-case-studies\\\/\",\"name\":\"case studies | Dr. Gantef\u00fchrer\",\"isPartOf\":{\"@id\":\"https:\\\/\\\/www.gamapa.de\\\/en\\\/#website\"},\"primaryImageOfPage\":{\"@id\":\"https:\\\/\\\/www.gamapa.de\\\/en\\\/fields-of-advice\\\/mediation\\\/practical-cases-as-case-studies\\\/#primaryimage\"},\"image\":{\"@id\":\"https:\\\/\\\/www.gamapa.de\\\/en\\\/fields-of-advice\\\/mediation\\\/practical-cases-as-case-studies\\\/#primaryimage\"},\"thumbnailUrl\":\"https:\\\/\\\/www.gamapa.de\\\/wp-content\\\/uploads\\\/2022\\\/02\\\/Mediation-Fallbeispiele-1-scaled.jpg\",\"datePublished\":\"2022-01-18T16:38:50+00:00\",\"dateModified\":\"2026-01-19T15:32:08+00:00\",\"description\":\"Practical cases and case studies \u2013 e.g. mediation in the context of generational change. Let our experts advise you.\",\"breadcrumb\":{\"@id\":\"https:\\\/\\\/www.gamapa.de\\\/en\\\/fields-of-advice\\\/mediation\\\/practical-cases-as-case-studies\\\/#breadcrumb\"},\"inLanguage\":\"en-US\",\"potentialAction\":[{\"@type\":\"ReadAction\",\"target\":[\"https:\\\/\\\/www.gamapa.de\\\/en\\\/fields-of-advice\\\/mediation\\\/practical-cases-as-case-studies\\\/\"]}]},{\"@type\":\"ImageObject\",\"inLanguage\":\"en-US\",\"@id\":\"https:\\\/\\\/www.gamapa.de\\\/en\\\/fields-of-advice\\\/mediation\\\/practical-cases-as-case-studies\\\/#primaryimage\",\"url\":\"https:\\\/\\\/www.gamapa.de\\\/wp-content\\\/uploads\\\/2022\\\/02\\\/Mediation-Fallbeispiele-1-scaled.jpg\",\"contentUrl\":\"https:\\\/\\\/www.gamapa.de\\\/wp-content\\\/uploads\\\/2022\\\/02\\\/Mediation-Fallbeispiele-1-scaled.jpg\",\"width\":2560,\"height\":764,\"caption\":\"Mediation Fallbeispiele\"},{\"@type\":\"BreadcrumbList\",\"@id\":\"https:\\\/\\\/www.gamapa.de\\\/en\\\/fields-of-advice\\\/mediation\\\/practical-cases-as-case-studies\\\/#breadcrumb\",\"itemListElement\":[{\"@type\":\"ListItem\",\"position\":1,\"name\":\"Startseite\",\"item\":\"https:\\\/\\\/www.gamapa.de\\\/en\\\/\"},{\"@type\":\"ListItem\",\"position\":2,\"name\":\"Fields of advice\",\"item\":\"https:\\\/\\\/www.gamapa.de\\\/en\\\/fields-of-advice\\\/\"},{\"@type\":\"ListItem\",\"position\":3,\"name\":\"Mediation\",\"item\":\"https:\\\/\\\/www.gamapa.de\\\/en\\\/fields-of-advice\\\/mediation\\\/\"},{\"@type\":\"ListItem\",\"position\":4,\"name\":\"Practical cases as case studies\"}]},{\"@type\":\"WebSite\",\"@id\":\"https:\\\/\\\/www.gamapa.de\\\/en\\\/#website\",\"url\":\"https:\\\/\\\/www.gamapa.de\\\/en\\\/\",\"name\":\"GANTEF\u00dcHRER\",\"description\":\"Wirtschaftspr\u00fcfer, Steuerberater, Rechtsanw\u00e4lte\",\"publisher\":{\"@id\":\"https:\\\/\\\/www.gamapa.de\\\/en\\\/#organization\"},\"potentialAction\":[{\"@type\":\"SearchAction\",\"target\":{\"@type\":\"EntryPoint\",\"urlTemplate\":\"https:\\\/\\\/www.gamapa.de\\\/en\\\/?s={search_term_string}\"},\"query-input\":{\"@type\":\"PropertyValueSpecification\",\"valueRequired\":true,\"valueName\":\"search_term_string\"}}],\"inLanguage\":\"en-US\"},{\"@type\":\"Organization\",\"@id\":\"https:\\\/\\\/www.gamapa.de\\\/en\\\/#organization\",\"name\":\"Gantef\u00fchrer Wirtschaftspr\u00fcfer, Steuerberater, Rechtsanw\u00e4lte\",\"url\":\"https:\\\/\\\/www.gamapa.de\\\/en\\\/\",\"logo\":{\"@type\":\"ImageObject\",\"inLanguage\":\"en-US\",\"@id\":\"https:\\\/\\\/www.gamapa.de\\\/en\\\/#\\\/schema\\\/logo\\\/image\\\/\",\"url\":\"https:\\\/\\\/www.gamapa.de\\\/wp-content\\\/uploads\\\/2026\\\/01\\\/Logo-Gantefuehrer.png\",\"contentUrl\":\"https:\\\/\\\/www.gamapa.de\\\/wp-content\\\/uploads\\\/2026\\\/01\\\/Logo-Gantefuehrer.png\",\"width\":767,\"height\":156,\"caption\":\"Gantef\u00fchrer Wirtschaftspr\u00fcfer, Steuerberater, Rechtsanw\u00e4lte\"},\"image\":{\"@id\":\"https:\\\/\\\/www.gamapa.de\\\/en\\\/#\\\/schema\\\/logo\\\/image\\\/\"}}]}<\/script>\n<!-- \/ Yoast SEO plugin. -->","yoast_head_json":{"title":"case studies | Dr. Gantef\u00fchrer","description":"Practical cases and case studies \u2013 e.g. mediation in the context of generational change. Let our experts advise you.","robots":{"index":"index","follow":"follow","max-snippet":"max-snippet:-1","max-image-preview":"max-image-preview:large","max-video-preview":"max-video-preview:-1"},"canonical":"https:\/\/www.gamapa.de\/en\/fields-of-advice\/mediation\/practical-cases-as-case-studies\/","og_locale":"en_US","og_type":"article","og_title":"case studies | Dr. Gantef\u00fchrer","og_description":"Practical cases and case studies \u2013 e.g. mediation in the context of generational change. Let our experts advise you.","og_url":"https:\/\/www.gamapa.de\/en\/fields-of-advice\/mediation\/practical-cases-as-case-studies\/","og_site_name":"GANTEF\u00dcHRER","article_modified_time":"2026-01-19T15:32:08+00:00","og_image":[{"width":2560,"height":764,"url":"https:\/\/www.gamapa.de\/wp-content\/uploads\/2022\/02\/Mediation-Fallbeispiele-1-scaled.jpg","type":"image\/jpeg"}],"twitter_card":"summary_large_image","twitter_misc":{"Est. reading time":"4 minutes"},"schema":{"@context":"https:\/\/schema.org","@graph":[{"@type":"WebPage","@id":"https:\/\/www.gamapa.de\/en\/fields-of-advice\/mediation\/practical-cases-as-case-studies\/","url":"https:\/\/www.gamapa.de\/en\/fields-of-advice\/mediation\/practical-cases-as-case-studies\/","name":"case studies | Dr. Gantef\u00fchrer","isPartOf":{"@id":"https:\/\/www.gamapa.de\/en\/#website"},"primaryImageOfPage":{"@id":"https:\/\/www.gamapa.de\/en\/fields-of-advice\/mediation\/practical-cases-as-case-studies\/#primaryimage"},"image":{"@id":"https:\/\/www.gamapa.de\/en\/fields-of-advice\/mediation\/practical-cases-as-case-studies\/#primaryimage"},"thumbnailUrl":"https:\/\/www.gamapa.de\/wp-content\/uploads\/2022\/02\/Mediation-Fallbeispiele-1-scaled.jpg","datePublished":"2022-01-18T16:38:50+00:00","dateModified":"2026-01-19T15:32:08+00:00","description":"Practical cases and case studies \u2013 e.g. mediation in the context of generational change. Let our experts advise you.","breadcrumb":{"@id":"https:\/\/www.gamapa.de\/en\/fields-of-advice\/mediation\/practical-cases-as-case-studies\/#breadcrumb"},"inLanguage":"en-US","potentialAction":[{"@type":"ReadAction","target":["https:\/\/www.gamapa.de\/en\/fields-of-advice\/mediation\/practical-cases-as-case-studies\/"]}]},{"@type":"ImageObject","inLanguage":"en-US","@id":"https:\/\/www.gamapa.de\/en\/fields-of-advice\/mediation\/practical-cases-as-case-studies\/#primaryimage","url":"https:\/\/www.gamapa.de\/wp-content\/uploads\/2022\/02\/Mediation-Fallbeispiele-1-scaled.jpg","contentUrl":"https:\/\/www.gamapa.de\/wp-content\/uploads\/2022\/02\/Mediation-Fallbeispiele-1-scaled.jpg","width":2560,"height":764,"caption":"Mediation Fallbeispiele"},{"@type":"BreadcrumbList","@id":"https:\/\/www.gamapa.de\/en\/fields-of-advice\/mediation\/practical-cases-as-case-studies\/#breadcrumb","itemListElement":[{"@type":"ListItem","position":1,"name":"Startseite","item":"https:\/\/www.gamapa.de\/en\/"},{"@type":"ListItem","position":2,"name":"Fields of advice","item":"https:\/\/www.gamapa.de\/en\/fields-of-advice\/"},{"@type":"ListItem","position":3,"name":"Mediation","item":"https:\/\/www.gamapa.de\/en\/fields-of-advice\/mediation\/"},{"@type":"ListItem","position":4,"name":"Practical cases as case studies"}]},{"@type":"WebSite","@id":"https:\/\/www.gamapa.de\/en\/#website","url":"https:\/\/www.gamapa.de\/en\/","name":"GANTEF\u00dcHRER","description":"Wirtschaftspr\u00fcfer, Steuerberater, Rechtsanw\u00e4lte","publisher":{"@id":"https:\/\/www.gamapa.de\/en\/#organization"},"potentialAction":[{"@type":"SearchAction","target":{"@type":"EntryPoint","urlTemplate":"https:\/\/www.gamapa.de\/en\/?s={search_term_string}"},"query-input":{"@type":"PropertyValueSpecification","valueRequired":true,"valueName":"search_term_string"}}],"inLanguage":"en-US"},{"@type":"Organization","@id":"https:\/\/www.gamapa.de\/en\/#organization","name":"Gantef\u00fchrer Wirtschaftspr\u00fcfer, Steuerberater, Rechtsanw\u00e4lte","url":"https:\/\/www.gamapa.de\/en\/","logo":{"@type":"ImageObject","inLanguage":"en-US","@id":"https:\/\/www.gamapa.de\/en\/#\/schema\/logo\/image\/","url":"https:\/\/www.gamapa.de\/wp-content\/uploads\/2026\/01\/Logo-Gantefuehrer.png","contentUrl":"https:\/\/www.gamapa.de\/wp-content\/uploads\/2026\/01\/Logo-Gantefuehrer.png","width":767,"height":156,"caption":"Gantef\u00fchrer Wirtschaftspr\u00fcfer, Steuerberater, Rechtsanw\u00e4lte"},"image":{"@id":"https:\/\/www.gamapa.de\/en\/#\/schema\/logo\/image\/"}}]}},"uagb_featured_image_src":{"full":["https:\/\/www.gamapa.de\/wp-content\/uploads\/2022\/02\/Mediation-Fallbeispiele-1-scaled.jpg",2560,764,false],"thumbnail":["https:\/\/www.gamapa.de\/wp-content\/uploads\/2022\/02\/Mediation-Fallbeispiele-1-150x150.jpg",150,150,true],"medium":["https:\/\/www.gamapa.de\/wp-content\/uploads\/2022\/02\/Mediation-Fallbeispiele-1-600x179.jpg",600,179,true],"medium_large":["https:\/\/www.gamapa.de\/wp-content\/uploads\/2022\/02\/Mediation-Fallbeispiele-1-768x229.jpg",580,173,true],"large":["https:\/\/www.gamapa.de\/wp-content\/uploads\/2022\/02\/Mediation-Fallbeispiele-1-scaled.jpg",580,173,false],"gs-tiny":["https:\/\/www.gamapa.de\/wp-content\/uploads\/2022\/02\/Mediation-Fallbeispiele-1-scaled.jpg",50,15,false],"xl":["https:\/\/www.gamapa.de\/wp-content\/uploads\/2022\/02\/Mediation-Fallbeispiele-1-1600x477.jpg",1600,477,true],"xxl":["https:\/\/www.gamapa.de\/wp-content\/uploads\/2022\/02\/Mediation-Fallbeispiele-1-2200x656.jpg",2200,656,true],"xxxl":["https:\/\/www.gamapa.de\/wp-content\/uploads\/2022\/02\/Mediation-Fallbeispiele-1-2800x835.jpg",2800,835,true],"xxxxl":["https:\/\/www.gamapa.de\/wp-content\/uploads\/2022\/02\/Mediation-Fallbeispiele-1-scaled.jpg",2560,764,false],"xxxxxl":["https:\/\/www.gamapa.de\/wp-content\/uploads\/2022\/02\/Mediation-Fallbeispiele-1-scaled.jpg",2560,764,false],"1536x1536":["https:\/\/www.gamapa.de\/wp-content\/uploads\/2022\/02\/Mediation-Fallbeispiele-1-1536x458.jpg",1536,458,true],"2048x2048":["https:\/\/www.gamapa.de\/wp-content\/uploads\/2022\/02\/Mediation-Fallbeispiele-1-2048x611.jpg",2048,611,true],"post-thumbnail":["https:\/\/www.gamapa.de\/wp-content\/uploads\/2022\/02\/Mediation-Fallbeispiele-1-scaled.jpg",2560,764,false],"twentytwenty-fullscreen":["https:\/\/www.gamapa.de\/wp-content\/uploads\/2022\/02\/Mediation-Fallbeispiele-1-scaled.jpg",2560,764,false],"theme-slug-single-post":["https:\/\/www.gamapa.de\/wp-content\/uploads\/2022\/02\/Mediation-Fallbeispiele-1-1600x400.jpg",1600,400,true]},"uagb_author_info":{"display_name":"linda","author_link":"https:\/\/www.gamapa.de\/en\/author\/linda\/"},"uagb_comment_info":0,"uagb_excerpt":"a. Generational change In a successful medium-sized company, the founder and senior partner has transferred management and company shares to his son. The senior partner wants to enjoy his new freedom on the golf course and travelling. From now on, the junior partner is to run the business alone. However, from the outset, the senior&hellip;","_links":{"self":[{"href":"https:\/\/www.gamapa.de\/en\/wp-json\/wp\/v2\/pages\/22566","targetHints":{"allow":["GET"]}}],"collection":[{"href":"https:\/\/www.gamapa.de\/en\/wp-json\/wp\/v2\/pages"}],"about":[{"href":"https:\/\/www.gamapa.de\/en\/wp-json\/wp\/v2\/types\/page"}],"author":[{"embeddable":true,"href":"https:\/\/www.gamapa.de\/en\/wp-json\/wp\/v2\/users\/1"}],"replies":[{"embeddable":true,"href":"https:\/\/www.gamapa.de\/en\/wp-json\/wp\/v2\/comments?post=22566"}],"version-history":[{"count":3,"href":"https:\/\/www.gamapa.de\/en\/wp-json\/wp\/v2\/pages\/22566\/revisions"}],"predecessor-version":[{"id":23645,"href":"https:\/\/www.gamapa.de\/en\/wp-json\/wp\/v2\/pages\/22566\/revisions\/23645"}],"up":[{"embeddable":true,"href":"https:\/\/www.gamapa.de\/en\/wp-json\/wp\/v2\/pages\/22542"}],"wp:featuredmedia":[{"embeddable":true,"href":"https:\/\/www.gamapa.de\/en\/wp-json\/wp\/v2\/media\/12275"}],"wp:attachment":[{"href":"https:\/\/www.gamapa.de\/en\/wp-json\/wp\/v2\/media?parent=22566"}],"curies":[{"name":"wp","href":"https:\/\/api.w.org\/{rel}","templated":true}]}}