

{"id":22684,"date":"2025-12-15T14:38:08","date_gmt":"2025-12-15T13:38:08","guid":{"rendered":"https:\/\/www.gamapa.de\/?page_id=22684"},"modified":"2025-12-15T14:40:10","modified_gmt":"2025-12-15T13:40:10","slug":"aljoscha-frank","status":"publish","type":"page","link":"https:\/\/www.gamapa.de\/en\/advisors\/aljoscha-frank\/","title":{"rendered":"Aljoscha Frank"},"content":{"rendered":"\n<h3 class=\"wp-block-heading\">Main fields of activity<\/h3>\n\n\n\n<ul class=\"wp-block-list\">\n<li>Auditing of annual financial statements and consolidated financial statements (HGB\/IFRS)<\/li>\n\n\n\n<li>Preparation of annual financial statements and consolidated financial statements (HGB)<\/li>\n\n\n\n<li>Data analysis of annual financial statement data<\/li>\n\n\n\n<li>MaBV audits<\/li>\n\n\n\n<li>Audit reviews<\/li>\n<\/ul>\n\n\n\n<h3 class=\"wp-block-heading\">Career<\/h3>\n\n\n\n<figure class=\"wp-block-table tablist\"><table><tbody><tr><td>2013-2016<\/td><td>Apprenticeship as a tax clerk<\/td><\/tr><tr><td>2016-2019<\/td><td>Bachelor&#8217;s degree in Economics at Bielefeld University<\/td><\/tr><tr><td>2019-2025<\/td><td>Auditing assistant\/examination supervisor at Dr. Gantef\u00fchrer, Marquardt und Partner mbB<\/td><\/tr><tr><td>2025<\/td><td>Appointment as auditor<\/td><\/tr><tr><td>since 2025<\/td><td>Auditor at Dr. Gantef\u00fchrer, Marquardt und Partner mbB<\/td><\/tr><tr><td>since 2025<\/td><td>Managing director at GaMa GmbH Wirtschaftspr\u00fcfungsgesellschaft<\/td><\/tr><\/tbody><\/table><\/figure>\n\n\n\n<h3 class=\"wp-block-heading\">Industries<\/h3>\n\n\n\n<ul class=\"wp-block-list\">\n<li>Medium-sized companies<\/li>\n\n\n\n<li>International corporate groups<\/li>\n\n\n\n<li>IT service providers<\/li>\n\n\n\n<li>Temporary employment agencies<\/li>\n\n\n\n<li>Automotive suppliers<\/li>\n\n\n\n<li>Fitness studio operators<\/li>\n<\/ul>\n\n\n\n<div class=\"wp-block-buttons is-layout-flex wp-block-buttons-is-layout-flex\">\n<div class=\"wp-block-button zurueck\"><a class=\"wp-block-button__link wp-element-button\" href=\"https:\/\/www.gamapa.de\/en\/advisors\/\">Zur\u00fcck<\/a><\/div>\n<\/div>\n","protected":false},"excerpt":{"rendered":"<p>Main fields of activity Career 2013-2016 Apprenticeship as a tax clerk 2016-2019 Bachelor&#8217;s degree in Economics at Bielefeld University 2019-2025 Auditing assistant\/examination supervisor at Dr. Gantef\u00fchrer, Marquardt und Partner mbB 2025 Appointment as auditor since 2025 Auditor at Dr. Gantef\u00fchrer, Marquardt und Partner mbB since 2025 Managing director at GaMa GmbH Wirtschaftspr\u00fcfungsgesellschaft Industries<\/p>\n","protected":false},"author":11,"featured_media":23057,"parent":5642,"menu_order":2,"comment_status":"closed","ping_status":"closed","template":"templates\/template-Profil.php","meta":{"_acf_changed":false,"_uag_custom_page_level_css":"","footnotes":""},"class_list":["post-22684","page","type-page","status-publish","has-post-thumbnail","hentry"],"acf":[],"yoast_head":"<!-- This site is optimized with the Yoast SEO plugin v27.5 - https:\/\/yoast.com\/product\/yoast-seo-wordpress\/ -->\n<title>Aljoscha Frank | Dr. Gantef\u00fchrer, Marquardt &amp; Partner mbB<\/title>\n<meta name=\"description\" content=\"Aljoscha Frank, Auditor at Gantef\u00fchrer\" \/>\n<meta name=\"robots\" content=\"index, follow, max-snippet:-1, max-image-preview:large, max-video-preview:-1\" \/>\n<link rel=\"canonical\" href=\"https:\/\/www.gamapa.de\/en\/advisors\/aljoscha-frank\/\" \/>\n<meta property=\"og:locale\" content=\"en_US\" \/>\n<meta property=\"og:type\" content=\"article\" \/>\n<meta property=\"og:title\" content=\"Aljoscha Frank | Dr. Gantef\u00fchrer, Marquardt &amp; Partner mbB\" \/>\n<meta property=\"og:description\" content=\"Aljoscha Frank, Auditor at Gantef\u00fchrer\" \/>\n<meta property=\"og:url\" content=\"https:\/\/www.gamapa.de\/en\/advisors\/aljoscha-frank\/\" \/>\n<meta property=\"og:site_name\" content=\"GANTEF\u00dcHRER\" \/>\n<meta property=\"article:modified_time\" content=\"2025-12-15T13:40:10+00:00\" \/>\n<meta property=\"og:image\" content=\"https:\/\/www.gamapa.de\/wp-content\/uploads\/2025\/12\/Frank-klein-neu.jpg\" \/>\n\t<meta property=\"og:image:width\" content=\"1000\" \/>\n\t<meta property=\"og:image:height\" content=\"596\" \/>\n\t<meta property=\"og:image:type\" content=\"image\/jpeg\" \/>\n<meta name=\"twitter:card\" content=\"summary_large_image\" \/>\n<meta name=\"twitter:label1\" content=\"Est. reading time\" \/>\n\t<meta name=\"twitter:data1\" content=\"1 minute\" \/>\n<script type=\"application\/ld+json\" class=\"yoast-schema-graph\">{\"@context\":\"https:\\\/\\\/schema.org\",\"@graph\":[{\"@type\":\"WebPage\",\"@id\":\"https:\\\/\\\/www.gamapa.de\\\/en\\\/advisors\\\/aljoscha-frank\\\/\",\"url\":\"https:\\\/\\\/www.gamapa.de\\\/en\\\/advisors\\\/aljoscha-frank\\\/\",\"name\":\"Aljoscha Frank | Dr. Gantef\u00fchrer, Marquardt & Partner mbB\",\"isPartOf\":{\"@id\":\"https:\\\/\\\/www.gamapa.de\\\/en\\\/#website\"},\"primaryImageOfPage\":{\"@id\":\"https:\\\/\\\/www.gamapa.de\\\/en\\\/advisors\\\/aljoscha-frank\\\/#primaryimage\"},\"image\":{\"@id\":\"https:\\\/\\\/www.gamapa.de\\\/en\\\/advisors\\\/aljoscha-frank\\\/#primaryimage\"},\"thumbnailUrl\":\"https:\\\/\\\/www.gamapa.de\\\/wp-content\\\/uploads\\\/2025\\\/12\\\/Frank-klein-neu.jpg\",\"datePublished\":\"2025-12-15T13:38:08+00:00\",\"dateModified\":\"2025-12-15T13:40:10+00:00\",\"description\":\"Aljoscha Frank, Auditor at Gantef\u00fchrer\",\"breadcrumb\":{\"@id\":\"https:\\\/\\\/www.gamapa.de\\\/en\\\/advisors\\\/aljoscha-frank\\\/#breadcrumb\"},\"inLanguage\":\"en-US\",\"potentialAction\":[{\"@type\":\"ReadAction\",\"target\":[\"https:\\\/\\\/www.gamapa.de\\\/en\\\/advisors\\\/aljoscha-frank\\\/\"]}]},{\"@type\":\"ImageObject\",\"inLanguage\":\"en-US\",\"@id\":\"https:\\\/\\\/www.gamapa.de\\\/en\\\/advisors\\\/aljoscha-frank\\\/#primaryimage\",\"url\":\"https:\\\/\\\/www.gamapa.de\\\/wp-content\\\/uploads\\\/2025\\\/12\\\/Frank-klein-neu.jpg\",\"contentUrl\":\"https:\\\/\\\/www.gamapa.de\\\/wp-content\\\/uploads\\\/2025\\\/12\\\/Frank-klein-neu.jpg\",\"width\":1000,\"height\":596,\"caption\":\"Aljoscha Frank Arbeitssituation\"},{\"@type\":\"BreadcrumbList\",\"@id\":\"https:\\\/\\\/www.gamapa.de\\\/en\\\/advisors\\\/aljoscha-frank\\\/#breadcrumb\",\"itemListElement\":[{\"@type\":\"ListItem\",\"position\":1,\"name\":\"Startseite\",\"item\":\"https:\\\/\\\/www.gamapa.de\\\/en\\\/\"},{\"@type\":\"ListItem\",\"position\":2,\"name\":\"Advisors\",\"item\":\"https:\\\/\\\/www.gamapa.de\\\/en\\\/advisors\\\/\"},{\"@type\":\"ListItem\",\"position\":3,\"name\":\"Aljoscha Frank\"}]},{\"@type\":\"WebSite\",\"@id\":\"https:\\\/\\\/www.gamapa.de\\\/en\\\/#website\",\"url\":\"https:\\\/\\\/www.gamapa.de\\\/en\\\/\",\"name\":\"GANTEF\u00dcHRER\",\"description\":\"Wirtschaftspr\u00fcfer, Steuerberater, Rechtsanw\u00e4lte\",\"publisher\":{\"@id\":\"https:\\\/\\\/www.gamapa.de\\\/en\\\/#organization\"},\"potentialAction\":[{\"@type\":\"SearchAction\",\"target\":{\"@type\":\"EntryPoint\",\"urlTemplate\":\"https:\\\/\\\/www.gamapa.de\\\/en\\\/?s={search_term_string}\"},\"query-input\":{\"@type\":\"PropertyValueSpecification\",\"valueRequired\":true,\"valueName\":\"search_term_string\"}}],\"inLanguage\":\"en-US\"},{\"@type\":\"Organization\",\"@id\":\"https:\\\/\\\/www.gamapa.de\\\/en\\\/#organization\",\"name\":\"Gantef\u00fchrer Wirtschaftspr\u00fcfer, Steuerberater, Rechtsanw\u00e4lte\",\"url\":\"https:\\\/\\\/www.gamapa.de\\\/en\\\/\",\"logo\":{\"@type\":\"ImageObject\",\"inLanguage\":\"en-US\",\"@id\":\"https:\\\/\\\/www.gamapa.de\\\/en\\\/#\\\/schema\\\/logo\\\/image\\\/\",\"url\":\"https:\\\/\\\/www.gamapa.de\\\/wp-content\\\/uploads\\\/2026\\\/01\\\/Logo-Gantefuehrer.png\",\"contentUrl\":\"https:\\\/\\\/www.gamapa.de\\\/wp-content\\\/uploads\\\/2026\\\/01\\\/Logo-Gantefuehrer.png\",\"width\":767,\"height\":156,\"caption\":\"Gantef\u00fchrer Wirtschaftspr\u00fcfer, Steuerberater, Rechtsanw\u00e4lte\"},\"image\":{\"@id\":\"https:\\\/\\\/www.gamapa.de\\\/en\\\/#\\\/schema\\\/logo\\\/image\\\/\"}}]}<\/script>\n<!-- \/ Yoast SEO plugin. -->","yoast_head_json":{"title":"Aljoscha Frank | Dr. Gantef\u00fchrer, Marquardt & Partner mbB","description":"Aljoscha Frank, Auditor at Gantef\u00fchrer","robots":{"index":"index","follow":"follow","max-snippet":"max-snippet:-1","max-image-preview":"max-image-preview:large","max-video-preview":"max-video-preview:-1"},"canonical":"https:\/\/www.gamapa.de\/en\/advisors\/aljoscha-frank\/","og_locale":"en_US","og_type":"article","og_title":"Aljoscha Frank | Dr. Gantef\u00fchrer, Marquardt & Partner mbB","og_description":"Aljoscha Frank, Auditor at Gantef\u00fchrer","og_url":"https:\/\/www.gamapa.de\/en\/advisors\/aljoscha-frank\/","og_site_name":"GANTEF\u00dcHRER","article_modified_time":"2025-12-15T13:40:10+00:00","og_image":[{"width":1000,"height":596,"url":"https:\/\/www.gamapa.de\/wp-content\/uploads\/2025\/12\/Frank-klein-neu.jpg","type":"image\/jpeg"}],"twitter_card":"summary_large_image","twitter_misc":{"Est. reading time":"1 minute"},"schema":{"@context":"https:\/\/schema.org","@graph":[{"@type":"WebPage","@id":"https:\/\/www.gamapa.de\/en\/advisors\/aljoscha-frank\/","url":"https:\/\/www.gamapa.de\/en\/advisors\/aljoscha-frank\/","name":"Aljoscha Frank | Dr. Gantef\u00fchrer, Marquardt & Partner mbB","isPartOf":{"@id":"https:\/\/www.gamapa.de\/en\/#website"},"primaryImageOfPage":{"@id":"https:\/\/www.gamapa.de\/en\/advisors\/aljoscha-frank\/#primaryimage"},"image":{"@id":"https:\/\/www.gamapa.de\/en\/advisors\/aljoscha-frank\/#primaryimage"},"thumbnailUrl":"https:\/\/www.gamapa.de\/wp-content\/uploads\/2025\/12\/Frank-klein-neu.jpg","datePublished":"2025-12-15T13:38:08+00:00","dateModified":"2025-12-15T13:40:10+00:00","description":"Aljoscha Frank, Auditor at Gantef\u00fchrer","breadcrumb":{"@id":"https:\/\/www.gamapa.de\/en\/advisors\/aljoscha-frank\/#breadcrumb"},"inLanguage":"en-US","potentialAction":[{"@type":"ReadAction","target":["https:\/\/www.gamapa.de\/en\/advisors\/aljoscha-frank\/"]}]},{"@type":"ImageObject","inLanguage":"en-US","@id":"https:\/\/www.gamapa.de\/en\/advisors\/aljoscha-frank\/#primaryimage","url":"https:\/\/www.gamapa.de\/wp-content\/uploads\/2025\/12\/Frank-klein-neu.jpg","contentUrl":"https:\/\/www.gamapa.de\/wp-content\/uploads\/2025\/12\/Frank-klein-neu.jpg","width":1000,"height":596,"caption":"Aljoscha Frank Arbeitssituation"},{"@type":"BreadcrumbList","@id":"https:\/\/www.gamapa.de\/en\/advisors\/aljoscha-frank\/#breadcrumb","itemListElement":[{"@type":"ListItem","position":1,"name":"Startseite","item":"https:\/\/www.gamapa.de\/en\/"},{"@type":"ListItem","position":2,"name":"Advisors","item":"https:\/\/www.gamapa.de\/en\/advisors\/"},{"@type":"ListItem","position":3,"name":"Aljoscha Frank"}]},{"@type":"WebSite","@id":"https:\/\/www.gamapa.de\/en\/#website","url":"https:\/\/www.gamapa.de\/en\/","name":"GANTEF\u00dcHRER","description":"Wirtschaftspr\u00fcfer, Steuerberater, Rechtsanw\u00e4lte","publisher":{"@id":"https:\/\/www.gamapa.de\/en\/#organization"},"potentialAction":[{"@type":"SearchAction","target":{"@type":"EntryPoint","urlTemplate":"https:\/\/www.gamapa.de\/en\/?s={search_term_string}"},"query-input":{"@type":"PropertyValueSpecification","valueRequired":true,"valueName":"search_term_string"}}],"inLanguage":"en-US"},{"@type":"Organization","@id":"https:\/\/www.gamapa.de\/en\/#organization","name":"Gantef\u00fchrer Wirtschaftspr\u00fcfer, Steuerberater, Rechtsanw\u00e4lte","url":"https:\/\/www.gamapa.de\/en\/","logo":{"@type":"ImageObject","inLanguage":"en-US","@id":"https:\/\/www.gamapa.de\/en\/#\/schema\/logo\/image\/","url":"https:\/\/www.gamapa.de\/wp-content\/uploads\/2026\/01\/Logo-Gantefuehrer.png","contentUrl":"https:\/\/www.gamapa.de\/wp-content\/uploads\/2026\/01\/Logo-Gantefuehrer.png","width":767,"height":156,"caption":"Gantef\u00fchrer Wirtschaftspr\u00fcfer, Steuerberater, Rechtsanw\u00e4lte"},"image":{"@id":"https:\/\/www.gamapa.de\/en\/#\/schema\/logo\/image\/"}}]}},"uagb_featured_image_src":{"full":["https:\/\/www.gamapa.de\/wp-content\/uploads\/2025\/12\/Frank-klein-neu.jpg",1000,596,false],"thumbnail":["https:\/\/www.gamapa.de\/wp-content\/uploads\/2025\/12\/Frank-klein-neu-150x150.jpg",150,150,true],"medium":["https:\/\/www.gamapa.de\/wp-content\/uploads\/2025\/12\/Frank-klein-neu-600x358.jpg",600,358,true],"medium_large":["https:\/\/www.gamapa.de\/wp-content\/uploads\/2025\/12\/Frank-klein-neu-768x458.jpg",580,346,true],"large":["https:\/\/www.gamapa.de\/wp-content\/uploads\/2025\/12\/Frank-klein-neu.jpg",580,346,false],"gs-tiny":["https:\/\/www.gamapa.de\/wp-content\/uploads\/2025\/12\/Frank-klein-neu-50x30.jpg",50,30,true],"xl":["https:\/\/www.gamapa.de\/wp-content\/uploads\/2025\/12\/Frank-klein-neu.jpg",1000,596,false],"xxl":["https:\/\/www.gamapa.de\/wp-content\/uploads\/2025\/12\/Frank-klein-neu.jpg",1000,596,false],"xxxl":["https:\/\/www.gamapa.de\/wp-content\/uploads\/2025\/12\/Frank-klein-neu.jpg",1000,596,false],"xxxxl":["https:\/\/www.gamapa.de\/wp-content\/uploads\/2025\/12\/Frank-klein-neu.jpg",1000,596,false],"xxxxxl":["https:\/\/www.gamapa.de\/wp-content\/uploads\/2025\/12\/Frank-klein-neu.jpg",1000,596,false],"1536x1536":["https:\/\/www.gamapa.de\/wp-content\/uploads\/2025\/12\/Frank-klein-neu.jpg",1000,596,false],"2048x2048":["https:\/\/www.gamapa.de\/wp-content\/uploads\/2025\/12\/Frank-klein-neu.jpg",1000,596,false],"post-thumbnail":["https:\/\/www.gamapa.de\/wp-content\/uploads\/2025\/12\/Frank-klein-neu.jpg",1000,596,false],"twentytwenty-fullscreen":["https:\/\/www.gamapa.de\/wp-content\/uploads\/2025\/12\/Frank-klein-neu.jpg",1000,596,false],"theme-slug-single-post":["https:\/\/www.gamapa.de\/wp-content\/uploads\/2025\/12\/Frank-klein-neu-1000x400.jpg",1000,400,true]},"uagb_author_info":{"display_name":"ninasenft","author_link":"https:\/\/www.gamapa.de\/en\/author\/ninasenft\/"},"uagb_comment_info":0,"uagb_excerpt":"Main fields of activity Career 2013-2016 Apprenticeship as a tax clerk 2016-2019 Bachelor&#8217;s degree in Economics at Bielefeld University 2019-2025 Auditing assistant\/examination supervisor at Dr. Gantef\u00fchrer, Marquardt und Partner mbB 2025 Appointment as auditor since 2025 Auditor at Dr. Gantef\u00fchrer, Marquardt und Partner mbB since 2025 Managing director at GaMa GmbH Wirtschaftspr\u00fcfungsgesellschaft Industries","_links":{"self":[{"href":"https:\/\/www.gamapa.de\/en\/wp-json\/wp\/v2\/pages\/22684","targetHints":{"allow":["GET"]}}],"collection":[{"href":"https:\/\/www.gamapa.de\/en\/wp-json\/wp\/v2\/pages"}],"about":[{"href":"https:\/\/www.gamapa.de\/en\/wp-json\/wp\/v2\/types\/page"}],"author":[{"embeddable":true,"href":"https:\/\/www.gamapa.de\/en\/wp-json\/wp\/v2\/users\/11"}],"replies":[{"embeddable":true,"href":"https:\/\/www.gamapa.de\/en\/wp-json\/wp\/v2\/comments?post=22684"}],"version-history":[{"count":4,"href":"https:\/\/www.gamapa.de\/en\/wp-json\/wp\/v2\/pages\/22684\/revisions"}],"predecessor-version":[{"id":23065,"href":"https:\/\/www.gamapa.de\/en\/wp-json\/wp\/v2\/pages\/22684\/revisions\/23065"}],"up":[{"embeddable":true,"href":"https:\/\/www.gamapa.de\/en\/wp-json\/wp\/v2\/pages\/5642"}],"wp:featuredmedia":[{"embeddable":true,"href":"https:\/\/www.gamapa.de\/en\/wp-json\/wp\/v2\/media\/23057"}],"wp:attachment":[{"href":"https:\/\/www.gamapa.de\/en\/wp-json\/wp\/v2\/media?parent=22684"}],"curies":[{"name":"wp","href":"https:\/\/api.w.org\/{rel}","templated":true}]}}