

{"id":22874,"date":"2025-12-03T19:24:44","date_gmt":"2025-12-03T18:24:44","guid":{"rendered":"https:\/\/www.gamapa.de\/advisors\/jan-eltzschig-ll-m\/"},"modified":"2026-01-21T16:40:31","modified_gmt":"2026-01-21T15:40:31","slug":"jan-eltzschig-ll-m","status":"publish","type":"page","link":"https:\/\/www.gamapa.de\/en\/advisors\/jan-eltzschig-ll-m\/","title":{"rendered":"Jan Eltzschig, LL.M."},"content":{"rendered":"\n<h3 class=\"wp-block-heading\">Main fields of activity<\/h3>\n\n\n\n<ul class=\"wp-block-list\">\n<li>Corporate law (partnerships and corporations)<\/li>\n\n\n\n<li>Corporate transactions\/M&amp;A, national and international<\/li>\n\n\n\n<li>Joint ventures, cooperations, investments (financial and strategic), portfolio transfers<\/li>\n\n\n\n<li>Group structuring and (re)organization<\/li>\n\n\n\n<li>Management board and supervisory board consulting (including corporate co-determination and compliance)<\/li>\n<\/ul>\n\n\n\n<h3 class=\"wp-block-heading\">Career<\/h3>\n\n\n\n<figure class=\"wp-block-table tablist\"><table><tbody><tr><td>1995-2002<\/td><td>Studied law at the University of Cologne and the University of Paris I (Paris I\/Sorbonne)<\/td><\/tr><tr><td>2002-2007<\/td><td>Research assistant, University of Cologne<\/td><\/tr><tr><td>2005-2007<\/td><td>Legal clerkship in Cologne<\/td><\/tr><tr><td>2007-2013<\/td><td>Lawyer at Cleary, Gottlieb, Steen &amp; Hamilton in Cologne and Frankfurt<\/td><\/tr><tr><td>2013-2021<\/td><td>Lawyer at DLA Piper, Cologne (partner since 2015)<\/td><\/tr><tr><td>2021-2023<\/td><td>Lawyer and partner at Herbert Smith Freehills, D\u00fcsseldorf<\/td><\/tr><tr><td>2023-2025<\/td><td>Lawyer and partner at Advant Beiten, D\u00fcsseldorf<\/td><\/tr><tr><td>since 2025<\/td><td>Lawyer and partner at Dr. Gantef\u00fchrer, Marquardt &amp; Partner<\/td><\/tr><\/tbody><\/table><\/figure>\n\n\n\n<h3 class=\"wp-block-heading\">Industries<\/h3>\n\n\n\n<ul class=\"wp-block-list\">\n<li>Insurance and finance sector<\/li>\n\n\n\n<li>Industry\/manufacturing<\/li>\n\n\n\n<li>Healthcare sector<\/li>\n\n\n\n<li>Medium-sized and family-owned companies<\/li>\n\n\n\n<li>Defense<\/li>\n\n\n\n<li>Automotive<\/li>\n\n\n\n<li>Chemicals<\/li>\n<\/ul>\n\n\n\n<h3 class=\"wp-block-heading\">Awards<\/h3>\n\n\n\n<ul class=\"wp-block-list\">\n<li>JUVE (2020 and 2021): Recommended lawyer<\/li>\n\n\n\n<li>Legal 500 Germany (2021): Recommended lawyer<\/li>\n\n\n\n<li>Handelsblatt Best Lawyers (2022, 2025): Recommended lawyer<\/li>\n<\/ul>\n\n\n\n<h3 class=\"wp-block-heading\">Selected transactions<\/h3>\n\n\n\n<ul class=\"wp-block-list\">\n<li>International group of companies (healthcare): Advice on complex group structure and potential corporate reorganization (over 100 legal group entities, with particular consideration given to corporate, labor, tax, and regulatory aspects)*<\/li>\n\n\n\n<li>Medium-sized German entrepreneurs on several transactions relating to the sale of shareholdings and the unbundling of complex shareholding structures in the energy services sector*<\/li>\n\n\n\n<li>International group of companies (defense) on various issues relating to the structuring of the German group of companies and corporate law*<\/li>\n\n\n\n<li>International group of companies (chemicals, industrials) on numerous German and international corporate law issues and transactions*<\/li>\n\n\n\n<li>Gothaer Insurance Group: on various national and international shareholdings in companies and investments (equity and mezzanine), including in the field of renewable energies (onshore\/offshore) and mobility services*<\/li>\n\n\n\n<li>TilT Group on minority shareholding in a German group for renewable energy *<\/li>\n\n\n\n<li>Steadfast Group: on the acquisition of a majority stake in the global unisonSteadfast network<\/li>\n\n\n\n<li>Verivox: on the acquisition of GetSafe&#8217;s brokerage business, including a web-based trading and customer service platform<\/li>\n\n\n\n<li>Baloise Group: on the sale of its stake in Deutscher Ring Bausparkasse AG to BAWAG and on the sale of the run-off portfolio and business operations of the German branch of Basler Leben AG to the Frankfurter Leben Group*<\/li>\n<\/ul>\n\n\n\n<p><sub>* Mandates prior to joining Gantef\u00fchrer<\/sub><\/p>\n\n\n\n<div class=\"wp-block-buttons is-layout-flex wp-block-buttons-is-layout-flex\">\n<div class=\"wp-block-button zurueck\"><a class=\"wp-block-button__link wp-element-button\" href=\"https:\/\/www.gamapa.de\/en\/advisors\/\">back<\/a><\/div>\n<\/div>\n","protected":false},"excerpt":{"rendered":"<p>Main fields of activity Career 1995-2002 Studied law at the University of Cologne and the University of Paris I (Paris I\/Sorbonne) 2002-2007 Research assistant, University of Cologne 2005-2007 Legal clerkship in Cologne 2007-2013 Lawyer at Cleary, Gottlieb, Steen &amp; Hamilton in Cologne and Frankfurt 2013-2021 Lawyer at DLA Piper, Cologne (partner since 2015) 2021-2023 Lawyer <a href=\"https:\/\/www.gamapa.de\/en\/advisors\/jan-eltzschig-ll-m\/\">[\u2026]<\/a><\/p>\n","protected":false},"author":11,"featured_media":23116,"parent":5642,"menu_order":3,"comment_status":"closed","ping_status":"closed","template":"templates\/template-Profil.php","meta":{"_acf_changed":false,"_uag_custom_page_level_css":"","footnotes":""},"class_list":["post-22874","page","type-page","status-publish","has-post-thumbnail","hentry"],"acf":[],"yoast_head":"<!-- This site is optimized with the Yoast SEO plugin v27.5 - https:\/\/yoast.com\/product\/yoast-seo-wordpress\/ -->\n<title>Jan Eltzschig | Lawyer at Dr. Gantef\u00fchrer, Marquardt &amp; Partner<\/title>\n<meta name=\"description\" content=\"Jan Eltzschig advises companies on private M&amp;A transactions and corporate law issues and brings extensive experience in national and international transactions and complex reorganizations.\" \/>\n<meta name=\"robots\" content=\"index, follow, max-snippet:-1, max-image-preview:large, max-video-preview:-1\" \/>\n<link rel=\"canonical\" href=\"https:\/\/www.gamapa.de\/en\/advisors\/jan-eltzschig-ll-m\/\" \/>\n<meta property=\"og:locale\" content=\"en_US\" \/>\n<meta property=\"og:type\" content=\"article\" \/>\n<meta property=\"og:title\" content=\"Jan Eltzschig | Lawyer at Dr. Gantef\u00fchrer, Marquardt &amp; Partner\" \/>\n<meta property=\"og:description\" content=\"Jan Eltzschig advises companies on private M&amp;A transactions and corporate law issues and brings extensive experience in national and international transactions and complex reorganizations.\" \/>\n<meta property=\"og:url\" content=\"https:\/\/www.gamapa.de\/en\/advisors\/jan-eltzschig-ll-m\/\" \/>\n<meta property=\"og:site_name\" content=\"GANTEF\u00dcHRER\" \/>\n<meta property=\"article:modified_time\" content=\"2026-01-21T15:40:31+00:00\" \/>\n<meta property=\"og:image\" content=\"https:\/\/www.gamapa.de\/wp-content\/uploads\/2025\/12\/Eltzschig-2.jpg\" \/>\n\t<meta property=\"og:image:width\" content=\"1700\" \/>\n\t<meta property=\"og:image:height\" content=\"1014\" \/>\n\t<meta property=\"og:image:type\" content=\"image\/jpeg\" \/>\n<meta name=\"twitter:card\" content=\"summary_large_image\" \/>\n<meta name=\"twitter:label1\" content=\"Est. reading time\" \/>\n\t<meta name=\"twitter:data1\" content=\"3 minutes\" \/>\n<script type=\"application\/ld+json\" class=\"yoast-schema-graph\">{\"@context\":\"https:\\\/\\\/schema.org\",\"@graph\":[{\"@type\":\"WebPage\",\"@id\":\"https:\\\/\\\/www.gamapa.de\\\/en\\\/advisors\\\/jan-eltzschig-ll-m\\\/\",\"url\":\"https:\\\/\\\/www.gamapa.de\\\/en\\\/advisors\\\/jan-eltzschig-ll-m\\\/\",\"name\":\"Jan Eltzschig | Lawyer at Dr. Gantef\u00fchrer, Marquardt & Partner\",\"isPartOf\":{\"@id\":\"https:\\\/\\\/www.gamapa.de\\\/en\\\/#website\"},\"primaryImageOfPage\":{\"@id\":\"https:\\\/\\\/www.gamapa.de\\\/en\\\/advisors\\\/jan-eltzschig-ll-m\\\/#primaryimage\"},\"image\":{\"@id\":\"https:\\\/\\\/www.gamapa.de\\\/en\\\/advisors\\\/jan-eltzschig-ll-m\\\/#primaryimage\"},\"thumbnailUrl\":\"https:\\\/\\\/www.gamapa.de\\\/wp-content\\\/uploads\\\/2025\\\/12\\\/Eltzschig-2.jpg\",\"datePublished\":\"2025-12-03T18:24:44+00:00\",\"dateModified\":\"2026-01-21T15:40:31+00:00\",\"description\":\"Jan Eltzschig advises companies on private M&A transactions and corporate law issues and brings extensive experience in national and international transactions and complex reorganizations.\",\"breadcrumb\":{\"@id\":\"https:\\\/\\\/www.gamapa.de\\\/en\\\/advisors\\\/jan-eltzschig-ll-m\\\/#breadcrumb\"},\"inLanguage\":\"en-US\",\"potentialAction\":[{\"@type\":\"ReadAction\",\"target\":[\"https:\\\/\\\/www.gamapa.de\\\/en\\\/advisors\\\/jan-eltzschig-ll-m\\\/\"]}]},{\"@type\":\"ImageObject\",\"inLanguage\":\"en-US\",\"@id\":\"https:\\\/\\\/www.gamapa.de\\\/en\\\/advisors\\\/jan-eltzschig-ll-m\\\/#primaryimage\",\"url\":\"https:\\\/\\\/www.gamapa.de\\\/wp-content\\\/uploads\\\/2025\\\/12\\\/Eltzschig-2.jpg\",\"contentUrl\":\"https:\\\/\\\/www.gamapa.de\\\/wp-content\\\/uploads\\\/2025\\\/12\\\/Eltzschig-2.jpg\",\"width\":1700,\"height\":1014,\"caption\":\"Jan Eltzschig am Laptop\"},{\"@type\":\"BreadcrumbList\",\"@id\":\"https:\\\/\\\/www.gamapa.de\\\/en\\\/advisors\\\/jan-eltzschig-ll-m\\\/#breadcrumb\",\"itemListElement\":[{\"@type\":\"ListItem\",\"position\":1,\"name\":\"Startseite\",\"item\":\"https:\\\/\\\/www.gamapa.de\\\/en\\\/\"},{\"@type\":\"ListItem\",\"position\":2,\"name\":\"Advisors\",\"item\":\"https:\\\/\\\/www.gamapa.de\\\/en\\\/advisors\\\/\"},{\"@type\":\"ListItem\",\"position\":3,\"name\":\"Jan Eltzschig, LL.M.\"}]},{\"@type\":\"WebSite\",\"@id\":\"https:\\\/\\\/www.gamapa.de\\\/en\\\/#website\",\"url\":\"https:\\\/\\\/www.gamapa.de\\\/en\\\/\",\"name\":\"GANTEF\u00dcHRER\",\"description\":\"Wirtschaftspr\u00fcfer, Steuerberater, Rechtsanw\u00e4lte\",\"publisher\":{\"@id\":\"https:\\\/\\\/www.gamapa.de\\\/en\\\/#organization\"},\"potentialAction\":[{\"@type\":\"SearchAction\",\"target\":{\"@type\":\"EntryPoint\",\"urlTemplate\":\"https:\\\/\\\/www.gamapa.de\\\/en\\\/?s={search_term_string}\"},\"query-input\":{\"@type\":\"PropertyValueSpecification\",\"valueRequired\":true,\"valueName\":\"search_term_string\"}}],\"inLanguage\":\"en-US\"},{\"@type\":\"Organization\",\"@id\":\"https:\\\/\\\/www.gamapa.de\\\/en\\\/#organization\",\"name\":\"Gantef\u00fchrer Wirtschaftspr\u00fcfer, Steuerberater, Rechtsanw\u00e4lte\",\"url\":\"https:\\\/\\\/www.gamapa.de\\\/en\\\/\",\"logo\":{\"@type\":\"ImageObject\",\"inLanguage\":\"en-US\",\"@id\":\"https:\\\/\\\/www.gamapa.de\\\/en\\\/#\\\/schema\\\/logo\\\/image\\\/\",\"url\":\"https:\\\/\\\/www.gamapa.de\\\/wp-content\\\/uploads\\\/2026\\\/01\\\/Logo-Gantefuehrer.png\",\"contentUrl\":\"https:\\\/\\\/www.gamapa.de\\\/wp-content\\\/uploads\\\/2026\\\/01\\\/Logo-Gantefuehrer.png\",\"width\":767,\"height\":156,\"caption\":\"Gantef\u00fchrer Wirtschaftspr\u00fcfer, Steuerberater, Rechtsanw\u00e4lte\"},\"image\":{\"@id\":\"https:\\\/\\\/www.gamapa.de\\\/en\\\/#\\\/schema\\\/logo\\\/image\\\/\"}}]}<\/script>\n<!-- \/ Yoast SEO plugin. -->","yoast_head_json":{"title":"Jan Eltzschig | Lawyer at Dr. Gantef\u00fchrer, Marquardt & Partner","description":"Jan Eltzschig advises companies on private M&A transactions and corporate law issues and brings extensive experience in national and international transactions and complex reorganizations.","robots":{"index":"index","follow":"follow","max-snippet":"max-snippet:-1","max-image-preview":"max-image-preview:large","max-video-preview":"max-video-preview:-1"},"canonical":"https:\/\/www.gamapa.de\/en\/advisors\/jan-eltzschig-ll-m\/","og_locale":"en_US","og_type":"article","og_title":"Jan Eltzschig | Lawyer at Dr. Gantef\u00fchrer, Marquardt & Partner","og_description":"Jan Eltzschig advises companies on private M&A transactions and corporate law issues and brings extensive experience in national and international transactions and complex reorganizations.","og_url":"https:\/\/www.gamapa.de\/en\/advisors\/jan-eltzschig-ll-m\/","og_site_name":"GANTEF\u00dcHRER","article_modified_time":"2026-01-21T15:40:31+00:00","og_image":[{"width":1700,"height":1014,"url":"https:\/\/www.gamapa.de\/wp-content\/uploads\/2025\/12\/Eltzschig-2.jpg","type":"image\/jpeg"}],"twitter_card":"summary_large_image","twitter_misc":{"Est. reading time":"3 minutes"},"schema":{"@context":"https:\/\/schema.org","@graph":[{"@type":"WebPage","@id":"https:\/\/www.gamapa.de\/en\/advisors\/jan-eltzschig-ll-m\/","url":"https:\/\/www.gamapa.de\/en\/advisors\/jan-eltzschig-ll-m\/","name":"Jan Eltzschig | Lawyer at Dr. Gantef\u00fchrer, Marquardt & Partner","isPartOf":{"@id":"https:\/\/www.gamapa.de\/en\/#website"},"primaryImageOfPage":{"@id":"https:\/\/www.gamapa.de\/en\/advisors\/jan-eltzschig-ll-m\/#primaryimage"},"image":{"@id":"https:\/\/www.gamapa.de\/en\/advisors\/jan-eltzschig-ll-m\/#primaryimage"},"thumbnailUrl":"https:\/\/www.gamapa.de\/wp-content\/uploads\/2025\/12\/Eltzschig-2.jpg","datePublished":"2025-12-03T18:24:44+00:00","dateModified":"2026-01-21T15:40:31+00:00","description":"Jan Eltzschig advises companies on private M&A transactions and corporate law issues and brings extensive experience in national and international transactions and complex reorganizations.","breadcrumb":{"@id":"https:\/\/www.gamapa.de\/en\/advisors\/jan-eltzschig-ll-m\/#breadcrumb"},"inLanguage":"en-US","potentialAction":[{"@type":"ReadAction","target":["https:\/\/www.gamapa.de\/en\/advisors\/jan-eltzschig-ll-m\/"]}]},{"@type":"ImageObject","inLanguage":"en-US","@id":"https:\/\/www.gamapa.de\/en\/advisors\/jan-eltzschig-ll-m\/#primaryimage","url":"https:\/\/www.gamapa.de\/wp-content\/uploads\/2025\/12\/Eltzschig-2.jpg","contentUrl":"https:\/\/www.gamapa.de\/wp-content\/uploads\/2025\/12\/Eltzschig-2.jpg","width":1700,"height":1014,"caption":"Jan Eltzschig am Laptop"},{"@type":"BreadcrumbList","@id":"https:\/\/www.gamapa.de\/en\/advisors\/jan-eltzschig-ll-m\/#breadcrumb","itemListElement":[{"@type":"ListItem","position":1,"name":"Startseite","item":"https:\/\/www.gamapa.de\/en\/"},{"@type":"ListItem","position":2,"name":"Advisors","item":"https:\/\/www.gamapa.de\/en\/advisors\/"},{"@type":"ListItem","position":3,"name":"Jan Eltzschig, LL.M."}]},{"@type":"WebSite","@id":"https:\/\/www.gamapa.de\/en\/#website","url":"https:\/\/www.gamapa.de\/en\/","name":"GANTEF\u00dcHRER","description":"Wirtschaftspr\u00fcfer, Steuerberater, Rechtsanw\u00e4lte","publisher":{"@id":"https:\/\/www.gamapa.de\/en\/#organization"},"potentialAction":[{"@type":"SearchAction","target":{"@type":"EntryPoint","urlTemplate":"https:\/\/www.gamapa.de\/en\/?s={search_term_string}"},"query-input":{"@type":"PropertyValueSpecification","valueRequired":true,"valueName":"search_term_string"}}],"inLanguage":"en-US"},{"@type":"Organization","@id":"https:\/\/www.gamapa.de\/en\/#organization","name":"Gantef\u00fchrer Wirtschaftspr\u00fcfer, Steuerberater, Rechtsanw\u00e4lte","url":"https:\/\/www.gamapa.de\/en\/","logo":{"@type":"ImageObject","inLanguage":"en-US","@id":"https:\/\/www.gamapa.de\/en\/#\/schema\/logo\/image\/","url":"https:\/\/www.gamapa.de\/wp-content\/uploads\/2026\/01\/Logo-Gantefuehrer.png","contentUrl":"https:\/\/www.gamapa.de\/wp-content\/uploads\/2026\/01\/Logo-Gantefuehrer.png","width":767,"height":156,"caption":"Gantef\u00fchrer Wirtschaftspr\u00fcfer, Steuerberater, Rechtsanw\u00e4lte"},"image":{"@id":"https:\/\/www.gamapa.de\/en\/#\/schema\/logo\/image\/"}}]}},"uagb_featured_image_src":{"full":["https:\/\/www.gamapa.de\/wp-content\/uploads\/2025\/12\/Eltzschig-2.jpg",1700,1014,false],"thumbnail":["https:\/\/www.gamapa.de\/wp-content\/uploads\/2025\/12\/Eltzschig-2-150x150.jpg",150,150,true],"medium":["https:\/\/www.gamapa.de\/wp-content\/uploads\/2025\/12\/Eltzschig-2-600x358.jpg",600,358,true],"medium_large":["https:\/\/www.gamapa.de\/wp-content\/uploads\/2025\/12\/Eltzschig-2-768x458.jpg",580,346,true],"large":["https:\/\/www.gamapa.de\/wp-content\/uploads\/2025\/12\/Eltzschig-2.jpg",580,346,false],"gs-tiny":["https:\/\/www.gamapa.de\/wp-content\/uploads\/2025\/12\/Eltzschig-2-50x30.jpg",50,30,true],"xl":["https:\/\/www.gamapa.de\/wp-content\/uploads\/2025\/12\/Eltzschig-2-1600x954.jpg",1600,954,true],"xxl":["https:\/\/www.gamapa.de\/wp-content\/uploads\/2025\/12\/Eltzschig-2.jpg",1700,1014,false],"xxxl":["https:\/\/www.gamapa.de\/wp-content\/uploads\/2025\/12\/Eltzschig-2.jpg",1700,1014,false],"xxxxl":["https:\/\/www.gamapa.de\/wp-content\/uploads\/2025\/12\/Eltzschig-2.jpg",1700,1014,false],"xxxxxl":["https:\/\/www.gamapa.de\/wp-content\/uploads\/2025\/12\/Eltzschig-2.jpg",1700,1014,false],"1536x1536":["https:\/\/www.gamapa.de\/wp-content\/uploads\/2025\/12\/Eltzschig-2-1536x916.jpg",1536,916,true],"2048x2048":["https:\/\/www.gamapa.de\/wp-content\/uploads\/2025\/12\/Eltzschig-2.jpg",1700,1014,false],"post-thumbnail":["https:\/\/www.gamapa.de\/wp-content\/uploads\/2025\/12\/Eltzschig-2.jpg",1700,1014,false],"twentytwenty-fullscreen":["https:\/\/www.gamapa.de\/wp-content\/uploads\/2025\/12\/Eltzschig-2.jpg",1700,1014,false],"theme-slug-single-post":["https:\/\/www.gamapa.de\/wp-content\/uploads\/2025\/12\/Eltzschig-2-1600x400.jpg",1600,400,true]},"uagb_author_info":{"display_name":"ninasenft","author_link":"https:\/\/www.gamapa.de\/en\/author\/ninasenft\/"},"uagb_comment_info":0,"uagb_excerpt":"Main fields of activity Career 1995-2002 Studied law at the University of Cologne and the University of Paris I (Paris I\/Sorbonne) 2002-2007 Research assistant, University of Cologne 2005-2007 Legal clerkship in Cologne 2007-2013 Lawyer at Cleary, Gottlieb, Steen &amp; Hamilton in Cologne and Frankfurt 2013-2021 Lawyer at DLA Piper, Cologne (partner since 2015) 2021-2023 Lawyer&hellip;","_links":{"self":[{"href":"https:\/\/www.gamapa.de\/en\/wp-json\/wp\/v2\/pages\/22874","targetHints":{"allow":["GET"]}}],"collection":[{"href":"https:\/\/www.gamapa.de\/en\/wp-json\/wp\/v2\/pages"}],"about":[{"href":"https:\/\/www.gamapa.de\/en\/wp-json\/wp\/v2\/types\/page"}],"author":[{"embeddable":true,"href":"https:\/\/www.gamapa.de\/en\/wp-json\/wp\/v2\/users\/11"}],"replies":[{"embeddable":true,"href":"https:\/\/www.gamapa.de\/en\/wp-json\/wp\/v2\/comments?post=22874"}],"version-history":[{"count":5,"href":"https:\/\/www.gamapa.de\/en\/wp-json\/wp\/v2\/pages\/22874\/revisions"}],"predecessor-version":[{"id":23811,"href":"https:\/\/www.gamapa.de\/en\/wp-json\/wp\/v2\/pages\/22874\/revisions\/23811"}],"up":[{"embeddable":true,"href":"https:\/\/www.gamapa.de\/en\/wp-json\/wp\/v2\/pages\/5642"}],"wp:featuredmedia":[{"embeddable":true,"href":"https:\/\/www.gamapa.de\/en\/wp-json\/wp\/v2\/media\/23116"}],"wp:attachment":[{"href":"https:\/\/www.gamapa.de\/en\/wp-json\/wp\/v2\/media?parent=22874"}],"curies":[{"name":"wp","href":"https:\/\/api.w.org\/{rel}","templated":true}]}}