

{"id":23503,"date":"2026-01-05T14:36:13","date_gmt":"2026-01-05T13:36:13","guid":{"rendered":"https:\/\/www.gamapa.de\/auszeichnungen\/"},"modified":"2026-01-15T15:51:03","modified_gmt":"2026-01-15T14:51:03","slug":"awards","status":"publish","type":"page","link":"https:\/\/www.gamapa.de\/en\/awards\/","title":{"rendered":"Awards"},"content":{"rendered":"\n<h2 class=\"wp-block-heading inhalt\">Our commitment is recognized<\/h2>\n\n\n\n<p class=\"inhalt\">We are delighted to receive regular recognition for our achievements and commitment in various areas:<\/p>\n\n\n\n<div class=\"wp-block-columns inhalt ausze is-layout-flex wp-container-core-columns-is-layout-9d6595d7 wp-block-columns-is-layout-flex\">\n<div class=\"wp-block-column juve is-layout-flow wp-block-column-is-layout-flow\">\n<h2 class=\"wp-block-heading\">Juve<\/h2>\n\n\n\n<figure class=\"wp-block-image alignleft size-full is-resized\"><img loading=\"lazy\" decoding=\"async\" width=\"768\" height=\"763\" src=\"https:\/\/www.gamapa.de\/wp-content\/uploads\/2026\/01\/JUVE-Awards-Steuern-2024_Vermoegende-Privatpersonen-und-gemeinnuetzige-Einrichtungen.jpg\" alt=\"Juve Awards 2024: Kanzlei des Jahres f\u00fcr Verm\u00f6gende Privatpersonen und gemeinn\u00fctzige Einrichtungen\" class=\"wp-image-23217\" style=\"width:180px\" srcset=\"https:\/\/www.gamapa.de\/wp-content\/uploads\/2026\/01\/JUVE-Awards-Steuern-2024_Vermoegende-Privatpersonen-und-gemeinnuetzige-Einrichtungen.jpg 768w, https:\/\/www.gamapa.de\/wp-content\/uploads\/2026\/01\/JUVE-Awards-Steuern-2024_Vermoegende-Privatpersonen-und-gemeinnuetzige-Einrichtungen-600x596.jpg 600w, https:\/\/www.gamapa.de\/wp-content\/uploads\/2026\/01\/JUVE-Awards-Steuern-2024_Vermoegende-Privatpersonen-und-gemeinnuetzige-Einrichtungen-150x150.jpg 150w, https:\/\/www.gamapa.de\/wp-content\/uploads\/2026\/01\/JUVE-Awards-Steuern-2024_Vermoegende-Privatpersonen-und-gemeinnuetzige-Einrichtungen-50x50.jpg 50w\" sizes=\"auto, (max-width: 768px) 100vw, 768px\" \/><\/figure>\n\n\n\n<figure class=\"wp-block-image alignleft size-full is-resized\"><img loading=\"lazy\" decoding=\"async\" width=\"768\" height=\"697\" src=\"https:\/\/www.gamapa.de\/wp-content\/uploads\/2026\/01\/JUVE-Awards-2025-Logo-Westen.jpg\" alt=\"Juve Awards 2025: Kanzlei des Westens\" class=\"wp-image-23212\" style=\"width:197px\" srcset=\"https:\/\/www.gamapa.de\/wp-content\/uploads\/2026\/01\/JUVE-Awards-2025-Logo-Westen.jpg 768w, https:\/\/www.gamapa.de\/wp-content\/uploads\/2026\/01\/JUVE-Awards-2025-Logo-Westen-600x545.jpg 600w, https:\/\/www.gamapa.de\/wp-content\/uploads\/2026\/01\/JUVE-Awards-2025-Logo-Westen-50x45.jpg 50w\" sizes=\"auto, (max-width: 768px) 100vw, 768px\" \/><\/figure>\n<\/div>\n<\/div>\n\n\n\n<div class=\"wp-block-columns inhalt ausze is-layout-flex wp-container-core-columns-is-layout-9d6595d7 wp-block-columns-is-layout-flex\">\n<div class=\"wp-block-column is-layout-flow wp-block-column-is-layout-flow\">\n<h2 class=\"wp-block-heading\">Kununu<\/h2>\n\n\n\n<figure class=\"wp-block-image alignleft size-full is-resized\"><img loading=\"lazy\" decoding=\"async\" width=\"600\" height=\"791\" src=\"https:\/\/www.gamapa.de\/wp-content\/uploads\/2026\/01\/kununu_TopCompanyBadge_2025_RGB-1.png\" alt=\"Kununu Top Company Auszeichnung 2025\" class=\"wp-image-23236\" style=\"width:170px\" srcset=\"https:\/\/www.gamapa.de\/wp-content\/uploads\/2026\/01\/kununu_TopCompanyBadge_2025_RGB-1.png 600w, https:\/\/www.gamapa.de\/wp-content\/uploads\/2026\/01\/kununu_TopCompanyBadge_2025_RGB-1-455x600.png 455w, https:\/\/www.gamapa.de\/wp-content\/uploads\/2026\/01\/kununu_TopCompanyBadge_2025_RGB-1-50x66.png 50w\" sizes=\"auto, (max-width: 600px) 100vw, 600px\" \/><\/figure>\n\n\n\n<figure class=\"wp-block-image alignleft size-full is-resized\"><img loading=\"lazy\" decoding=\"async\" width=\"600\" height=\"791\" src=\"https:\/\/www.gamapa.de\/wp-content\/uploads\/2026\/01\/kununu_TopCompanyBadge_2026_RGB.png\" alt=\"Kununu Top Company Auszeichnung 2026\" class=\"wp-image-23241\" style=\"width:170px\" srcset=\"https:\/\/www.gamapa.de\/wp-content\/uploads\/2026\/01\/kununu_TopCompanyBadge_2026_RGB.png 600w, https:\/\/www.gamapa.de\/wp-content\/uploads\/2026\/01\/kununu_TopCompanyBadge_2026_RGB-455x600.png 455w, https:\/\/www.gamapa.de\/wp-content\/uploads\/2026\/01\/kununu_TopCompanyBadge_2026_RGB-50x66.png 50w\" sizes=\"auto, (max-width: 600px) 100vw, 600px\" \/><\/figure>\n<\/div>\n<\/div>\n\n\n\n<div class=\"wp-block-columns inhalt ausze is-layout-flex wp-container-core-columns-is-layout-9d6595d7 wp-block-columns-is-layout-flex\">\n<div class=\"wp-block-column is-layout-flow wp-block-column-is-layout-flow\">\n<h2 class=\"wp-block-heading\">Wirtschaftswoche<\/h2>\n\n\n\n<figure class=\"wp-block-image alignleft size-full is-resized\"><img loading=\"lazy\" decoding=\"async\" width=\"809\" height=\"830\" src=\"https:\/\/www.gamapa.de\/wp-content\/uploads\/2026\/01\/www.wiwo_.de_.jpeg\" alt=\"WirtschaftsWoche Beste Steuerberater 2025\" class=\"wp-image-23228\" style=\"width:170px\" srcset=\"https:\/\/www.gamapa.de\/wp-content\/uploads\/2026\/01\/www.wiwo_.de_.jpeg 809w, https:\/\/www.gamapa.de\/wp-content\/uploads\/2026\/01\/www.wiwo_.de_-585x600.jpeg 585w, https:\/\/www.gamapa.de\/wp-content\/uploads\/2026\/01\/www.wiwo_.de_-768x788.jpeg 768w, https:\/\/www.gamapa.de\/wp-content\/uploads\/2026\/01\/www.wiwo_.de_-50x51.jpeg 50w\" sizes=\"auto, (max-width: 809px) 100vw, 809px\" \/><\/figure>\n<\/div>\n<\/div>\n\n\n\n<p><\/p>\n","protected":false},"excerpt":{"rendered":"<p>Our commitment is recognized We are delighted to receive regular recognition for our achievements and commitment in various areas: Juve Kununu Wirtschaftswoche<\/p>\n","protected":false},"author":11,"featured_media":3864,"parent":0,"menu_order":1,"comment_status":"closed","ping_status":"closed","template":"templates\/template-full-width.php","meta":{"_acf_changed":false,"_uag_custom_page_level_css":"","footnotes":""},"class_list":["post-23503","page","type-page","status-publish","has-post-thumbnail","hentry"],"acf":[],"yoast_head":"<!-- This site is optimized with the Yoast SEO plugin v27.3 - https:\/\/yoast.com\/product\/yoast-seo-wordpress\/ -->\n<title>Awards| Dr. Gantef\u00fchrer, Marquardt und Partner mbB<\/title>\n<meta name=\"description\" content=\"Our continuous development and commitment to high standards are regularly recognized with prestigious awards.\" \/>\n<meta name=\"robots\" content=\"index, follow, max-snippet:-1, max-image-preview:large, max-video-preview:-1\" \/>\n<link rel=\"canonical\" href=\"https:\/\/www.gamapa.de\/en\/awards\/\" \/>\n<meta property=\"og:locale\" content=\"en_US\" \/>\n<meta property=\"og:type\" content=\"article\" \/>\n<meta property=\"og:title\" content=\"Awards| Dr. Gantef\u00fchrer, Marquardt und Partner mbB\" \/>\n<meta property=\"og:description\" content=\"Our continuous development and commitment to high standards are regularly recognized with prestigious awards.\" \/>\n<meta property=\"og:url\" content=\"https:\/\/www.gamapa.de\/en\/awards\/\" \/>\n<meta property=\"og:site_name\" content=\"GANTEF\u00dcHRER\" \/>\n<meta property=\"article:modified_time\" content=\"2026-01-15T14:51:03+00:00\" \/>\n<meta property=\"og:image\" content=\"https:\/\/www.gamapa.de\/wp-content\/uploads\/2020\/07\/Header-var53-scaled.jpg\" \/>\n\t<meta property=\"og:image:width\" content=\"2560\" \/>\n\t<meta property=\"og:image:height\" content=\"764\" \/>\n\t<meta property=\"og:image:type\" content=\"image\/jpeg\" \/>\n<meta name=\"twitter:card\" content=\"summary_large_image\" \/>\n<meta name=\"twitter:label1\" content=\"Est. reading time\" \/>\n\t<meta name=\"twitter:data1\" content=\"2 minutes\" \/>\n<script type=\"application\/ld+json\" class=\"yoast-schema-graph\">{\"@context\":\"https:\\\/\\\/schema.org\",\"@graph\":[{\"@type\":\"WebPage\",\"@id\":\"https:\\\/\\\/www.gamapa.de\\\/en\\\/awards\\\/\",\"url\":\"https:\\\/\\\/www.gamapa.de\\\/en\\\/awards\\\/\",\"name\":\"Awards| Dr. Gantef\u00fchrer, Marquardt und Partner mbB\",\"isPartOf\":{\"@id\":\"https:\\\/\\\/www.gamapa.de\\\/en\\\/#website\"},\"primaryImageOfPage\":{\"@id\":\"https:\\\/\\\/www.gamapa.de\\\/en\\\/awards\\\/#primaryimage\"},\"image\":{\"@id\":\"https:\\\/\\\/www.gamapa.de\\\/en\\\/awards\\\/#primaryimage\"},\"thumbnailUrl\":\"https:\\\/\\\/www.gamapa.de\\\/wp-content\\\/uploads\\\/2020\\\/07\\\/Header-var53-scaled.jpg\",\"datePublished\":\"2026-01-05T13:36:13+00:00\",\"dateModified\":\"2026-01-15T14:51:03+00:00\",\"description\":\"Our continuous development and commitment to high standards are regularly recognized with prestigious awards.\",\"breadcrumb\":{\"@id\":\"https:\\\/\\\/www.gamapa.de\\\/en\\\/awards\\\/#breadcrumb\"},\"inLanguage\":\"en-US\",\"potentialAction\":[{\"@type\":\"ReadAction\",\"target\":[\"https:\\\/\\\/www.gamapa.de\\\/en\\\/awards\\\/\"]}]},{\"@type\":\"ImageObject\",\"inLanguage\":\"en-US\",\"@id\":\"https:\\\/\\\/www.gamapa.de\\\/en\\\/awards\\\/#primaryimage\",\"url\":\"https:\\\/\\\/www.gamapa.de\\\/wp-content\\\/uploads\\\/2020\\\/07\\\/Header-var53-scaled.jpg\",\"contentUrl\":\"https:\\\/\\\/www.gamapa.de\\\/wp-content\\\/uploads\\\/2020\\\/07\\\/Header-var53-scaled.jpg\",\"width\":2560,\"height\":764,\"caption\":\"Ansicht vin An\"},{\"@type\":\"BreadcrumbList\",\"@id\":\"https:\\\/\\\/www.gamapa.de\\\/en\\\/awards\\\/#breadcrumb\",\"itemListElement\":[{\"@type\":\"ListItem\",\"position\":1,\"name\":\"Startseite\",\"item\":\"https:\\\/\\\/www.gamapa.de\\\/en\\\/\"},{\"@type\":\"ListItem\",\"position\":2,\"name\":\"Awards\"}]},{\"@type\":\"WebSite\",\"@id\":\"https:\\\/\\\/www.gamapa.de\\\/en\\\/#website\",\"url\":\"https:\\\/\\\/www.gamapa.de\\\/en\\\/\",\"name\":\"GANTEF\u00dcHRER\",\"description\":\"Wirtschaftspr\u00fcfer, Steuerberater, Rechtsanw\u00e4lte\",\"publisher\":{\"@id\":\"https:\\\/\\\/www.gamapa.de\\\/en\\\/#organization\"},\"potentialAction\":[{\"@type\":\"SearchAction\",\"target\":{\"@type\":\"EntryPoint\",\"urlTemplate\":\"https:\\\/\\\/www.gamapa.de\\\/en\\\/?s={search_term_string}\"},\"query-input\":{\"@type\":\"PropertyValueSpecification\",\"valueRequired\":true,\"valueName\":\"search_term_string\"}}],\"inLanguage\":\"en-US\"},{\"@type\":\"Organization\",\"@id\":\"https:\\\/\\\/www.gamapa.de\\\/en\\\/#organization\",\"name\":\"Gantef\u00fchrer Wirtschaftspr\u00fcfer, Steuerberater, Rechtsanw\u00e4lte\",\"url\":\"https:\\\/\\\/www.gamapa.de\\\/en\\\/\",\"logo\":{\"@type\":\"ImageObject\",\"inLanguage\":\"en-US\",\"@id\":\"https:\\\/\\\/www.gamapa.de\\\/en\\\/#\\\/schema\\\/logo\\\/image\\\/\",\"url\":\"https:\\\/\\\/www.gamapa.de\\\/wp-content\\\/uploads\\\/2026\\\/01\\\/Logo-Gantefuehrer.png\",\"contentUrl\":\"https:\\\/\\\/www.gamapa.de\\\/wp-content\\\/uploads\\\/2026\\\/01\\\/Logo-Gantefuehrer.png\",\"width\":767,\"height\":156,\"caption\":\"Gantef\u00fchrer Wirtschaftspr\u00fcfer, Steuerberater, Rechtsanw\u00e4lte\"},\"image\":{\"@id\":\"https:\\\/\\\/www.gamapa.de\\\/en\\\/#\\\/schema\\\/logo\\\/image\\\/\"}}]}<\/script>\n<!-- \/ Yoast SEO plugin. -->","yoast_head_json":{"title":"Awards| Dr. Gantef\u00fchrer, Marquardt und Partner mbB","description":"Our continuous development and commitment to high standards are regularly recognized with prestigious awards.","robots":{"index":"index","follow":"follow","max-snippet":"max-snippet:-1","max-image-preview":"max-image-preview:large","max-video-preview":"max-video-preview:-1"},"canonical":"https:\/\/www.gamapa.de\/en\/awards\/","og_locale":"en_US","og_type":"article","og_title":"Awards| Dr. Gantef\u00fchrer, Marquardt und Partner mbB","og_description":"Our continuous development and commitment to high standards are regularly recognized with prestigious awards.","og_url":"https:\/\/www.gamapa.de\/en\/awards\/","og_site_name":"GANTEF\u00dcHRER","article_modified_time":"2026-01-15T14:51:03+00:00","og_image":[{"width":2560,"height":764,"url":"https:\/\/www.gamapa.de\/wp-content\/uploads\/2020\/07\/Header-var53-scaled.jpg","type":"image\/jpeg"}],"twitter_card":"summary_large_image","twitter_misc":{"Est. reading time":"2 minutes"},"schema":{"@context":"https:\/\/schema.org","@graph":[{"@type":"WebPage","@id":"https:\/\/www.gamapa.de\/en\/awards\/","url":"https:\/\/www.gamapa.de\/en\/awards\/","name":"Awards| Dr. Gantef\u00fchrer, Marquardt und Partner mbB","isPartOf":{"@id":"https:\/\/www.gamapa.de\/en\/#website"},"primaryImageOfPage":{"@id":"https:\/\/www.gamapa.de\/en\/awards\/#primaryimage"},"image":{"@id":"https:\/\/www.gamapa.de\/en\/awards\/#primaryimage"},"thumbnailUrl":"https:\/\/www.gamapa.de\/wp-content\/uploads\/2020\/07\/Header-var53-scaled.jpg","datePublished":"2026-01-05T13:36:13+00:00","dateModified":"2026-01-15T14:51:03+00:00","description":"Our continuous development and commitment to high standards are regularly recognized with prestigious awards.","breadcrumb":{"@id":"https:\/\/www.gamapa.de\/en\/awards\/#breadcrumb"},"inLanguage":"en-US","potentialAction":[{"@type":"ReadAction","target":["https:\/\/www.gamapa.de\/en\/awards\/"]}]},{"@type":"ImageObject","inLanguage":"en-US","@id":"https:\/\/www.gamapa.de\/en\/awards\/#primaryimage","url":"https:\/\/www.gamapa.de\/wp-content\/uploads\/2020\/07\/Header-var53-scaled.jpg","contentUrl":"https:\/\/www.gamapa.de\/wp-content\/uploads\/2020\/07\/Header-var53-scaled.jpg","width":2560,"height":764,"caption":"Ansicht vin An"},{"@type":"BreadcrumbList","@id":"https:\/\/www.gamapa.de\/en\/awards\/#breadcrumb","itemListElement":[{"@type":"ListItem","position":1,"name":"Startseite","item":"https:\/\/www.gamapa.de\/en\/"},{"@type":"ListItem","position":2,"name":"Awards"}]},{"@type":"WebSite","@id":"https:\/\/www.gamapa.de\/en\/#website","url":"https:\/\/www.gamapa.de\/en\/","name":"GANTEF\u00dcHRER","description":"Wirtschaftspr\u00fcfer, Steuerberater, Rechtsanw\u00e4lte","publisher":{"@id":"https:\/\/www.gamapa.de\/en\/#organization"},"potentialAction":[{"@type":"SearchAction","target":{"@type":"EntryPoint","urlTemplate":"https:\/\/www.gamapa.de\/en\/?s={search_term_string}"},"query-input":{"@type":"PropertyValueSpecification","valueRequired":true,"valueName":"search_term_string"}}],"inLanguage":"en-US"},{"@type":"Organization","@id":"https:\/\/www.gamapa.de\/en\/#organization","name":"Gantef\u00fchrer Wirtschaftspr\u00fcfer, Steuerberater, Rechtsanw\u00e4lte","url":"https:\/\/www.gamapa.de\/en\/","logo":{"@type":"ImageObject","inLanguage":"en-US","@id":"https:\/\/www.gamapa.de\/en\/#\/schema\/logo\/image\/","url":"https:\/\/www.gamapa.de\/wp-content\/uploads\/2026\/01\/Logo-Gantefuehrer.png","contentUrl":"https:\/\/www.gamapa.de\/wp-content\/uploads\/2026\/01\/Logo-Gantefuehrer.png","width":767,"height":156,"caption":"Gantef\u00fchrer Wirtschaftspr\u00fcfer, Steuerberater, Rechtsanw\u00e4lte"},"image":{"@id":"https:\/\/www.gamapa.de\/en\/#\/schema\/logo\/image\/"}}]}},"uagb_featured_image_src":{"full":["https:\/\/www.gamapa.de\/wp-content\/uploads\/2020\/07\/Header-var53-scaled.jpg",2560,764,false],"thumbnail":["https:\/\/www.gamapa.de\/wp-content\/uploads\/2020\/07\/Header-var53-150x150.jpg",150,150,true],"medium":["https:\/\/www.gamapa.de\/wp-content\/uploads\/2020\/07\/Header-var53-600x179.jpg",600,179,true],"medium_large":["https:\/\/www.gamapa.de\/wp-content\/uploads\/2020\/07\/Header-var53-768x229.jpg",580,173,true],"large":["https:\/\/www.gamapa.de\/wp-content\/uploads\/2020\/07\/Header-var53-scaled.jpg",580,173,false],"gs-tiny":["https:\/\/www.gamapa.de\/wp-content\/uploads\/2020\/07\/Header-var53-scaled.jpg",50,15,false],"xl":["https:\/\/www.gamapa.de\/wp-content\/uploads\/2020\/07\/Header-var53-scaled.jpg",1600,478,false],"xxl":["https:\/\/www.gamapa.de\/wp-content\/uploads\/2020\/07\/Header-var53-scaled.jpg",2200,657,false],"xxxl":["https:\/\/www.gamapa.de\/wp-content\/uploads\/2020\/07\/Header-var53-scaled.jpg",2560,764,false],"xxxxl":["https:\/\/www.gamapa.de\/wp-content\/uploads\/2020\/07\/Header-var53-scaled.jpg",2560,764,false],"xxxxxl":["https:\/\/www.gamapa.de\/wp-content\/uploads\/2020\/07\/Header-var53-scaled.jpg",2560,764,false],"1536x1536":["https:\/\/www.gamapa.de\/wp-content\/uploads\/2020\/07\/Header-var53-1536x458.jpg",1536,458,true],"2048x2048":["https:\/\/www.gamapa.de\/wp-content\/uploads\/2020\/07\/Header-var53-2048x611.jpg",2048,611,true],"post-thumbnail":["https:\/\/www.gamapa.de\/wp-content\/uploads\/2020\/07\/Header-var53-scaled.jpg",2560,764,false],"twentytwenty-fullscreen":["https:\/\/www.gamapa.de\/wp-content\/uploads\/2020\/07\/Header-var53-scaled.jpg",2560,764,false],"theme-slug-single-post":["https:\/\/www.gamapa.de\/wp-content\/uploads\/2020\/07\/Header-var53-1600x400.jpg",1600,400,true]},"uagb_author_info":{"display_name":"ninasenft","author_link":"https:\/\/www.gamapa.de\/en\/author\/ninasenft\/"},"uagb_comment_info":0,"uagb_excerpt":"Our commitment is recognized We are delighted to receive regular recognition for our achievements and commitment in various areas: Juve Kununu Wirtschaftswoche","_links":{"self":[{"href":"https:\/\/www.gamapa.de\/en\/wp-json\/wp\/v2\/pages\/23503","targetHints":{"allow":["GET"]}}],"collection":[{"href":"https:\/\/www.gamapa.de\/en\/wp-json\/wp\/v2\/pages"}],"about":[{"href":"https:\/\/www.gamapa.de\/en\/wp-json\/wp\/v2\/types\/page"}],"author":[{"embeddable":true,"href":"https:\/\/www.gamapa.de\/en\/wp-json\/wp\/v2\/users\/11"}],"replies":[{"embeddable":true,"href":"https:\/\/www.gamapa.de\/en\/wp-json\/wp\/v2\/comments?post=23503"}],"version-history":[{"count":1,"href":"https:\/\/www.gamapa.de\/en\/wp-json\/wp\/v2\/pages\/23503\/revisions"}],"predecessor-version":[{"id":23507,"href":"https:\/\/www.gamapa.de\/en\/wp-json\/wp\/v2\/pages\/23503\/revisions\/23507"}],"wp:featuredmedia":[{"embeddable":true,"href":"https:\/\/www.gamapa.de\/en\/wp-json\/wp\/v2\/media\/3864"}],"wp:attachment":[{"href":"https:\/\/www.gamapa.de\/en\/wp-json\/wp\/v2\/media?parent=23503"}],"curies":[{"name":"wp","href":"https:\/\/api.w.org\/{rel}","templated":true}]}}