

{"id":23594,"date":"2024-12-12T14:12:23","date_gmt":"2024-12-12T13:12:23","guid":{"rendered":"https:\/\/www.gamapa.de\/gesellschaftliches-engagement\/"},"modified":"2026-01-21T10:21:59","modified_gmt":"2026-01-21T09:21:59","slug":"socialcommitment","status":"publish","type":"page","link":"https:\/\/www.gamapa.de\/en\/socialcommitment\/","title":{"rendered":"Social commitment"},"content":{"rendered":"\n<h3 class=\"wp-block-heading\">Responsibility for sustainable management<\/h3>\n\n\n\n<p>We base our business activities on the fundamental principles of sustainable, i.e. economically, ecologically and socially compatible, business practices. Companies are an integral part of a global, social and ecological system. As such, we bear responsibility for the future of our planet, its societies and nature. Sustainability is therefore an integral part of our corporate guidelines and corporate goals. The realisation of sustainable business practices is an ongoing process, the implementation of which is a high priority at all levels and in all areas of our company, going beyond the minimum legal requirements.<\/p>\n\n\n\n<h3 class=\"wp-block-heading\">Responsibility for society<\/h3>\n\n\n\n<p>We take our responsibility for our employees and for cultural and social coexistence seriously. For us, respect for human rights is just as much a matter of course as fair and equitable working conditions \u2013 not only at our company, but also at our suppliers. We firmly reject child labour, exploitation and corruption. We actively promote diversity and are committed to respectful coexistence in all areas of society.<\/p>\n\n\n\n<h3 class=\"wp-block-heading\">Responsibility for the future<\/h3>\n\n\n\n<p>Our economic activities are guided by the principle of avoiding current, foreseeable and anticipated future risks to the environment and society, or preventing them from arising in the first place. We want to play an active role in shaping the future and take advantage of the many opportunities offered by sustainable business practices.<\/p>\n\n\n\n<h3 class=\"wp-block-heading\">Responsibility for transparency<\/h3>\n\n\n\n<p>We report regularly, comprehensively and transparently, both internally and externally, on the status of sustainability within the company. This covers progress made, but also remaining challenges and goals, as well as the measures required to achieve them. We are open to dialogue with all social groups, provide the media with information relevant to sustainability, and cooperate with authorities, associations and other institutions.<\/p>\n\n\n\n<div class=\"wp-block-columns is-layout-flex wp-container-core-columns-is-layout-9d6595d7 wp-block-columns-is-layout-flex\"><\/div>\n\n\n\n<h2 class=\"wp-block-heading\">We specifically support the following areas:<\/h2>\n\n\n\n<div class=\"wp-block-columns is-layout-flex wp-container-core-columns-is-layout-9d6595d7 wp-block-columns-is-layout-flex\">\n<div class=\"wp-block-column is-layout-flow wp-block-column-is-layout-flow\">\n<div class=\"wp-block-button\"><a class=\"wp-block-button__link has-background wp-element-button\" href=\"https:\/\/www.gamapa.de\/en\/https-www-gamapa-de-en-https-www-gamapa-de-en-socialcommitment\/engagement-in-sports\/\" style=\"background-color:#003565\">Sport<\/a><\/div>\n<\/div>\n\n\n\n<div class=\"wp-block-column is-layout-flow wp-block-column-is-layout-flow\">\n<div class=\"wp-block-button zweizeilig\"><a class=\"wp-block-button__link has-background wp-element-button\" href=\"https:\/\/www.gamapa.de\/en\/https-www-gamapa-de-en-https-www-gamapa-de-en-socialcommitment\/art-and-culture\/\" style=\"background-color:#003565\">Fine Arts and Cultural Activities<\/a><\/div>\n<\/div>\n<\/div>\n\n\n\n<div class=\"wp-block-columns is-layout-flex wp-container-core-columns-is-layout-9d6595d7 wp-block-columns-is-layout-flex\">\n<div class=\"wp-block-column is-layout-flow wp-block-column-is-layout-flow\">\n<div class=\"wp-block-button\"><a class=\"wp-block-button__link has-background wp-element-button\" href=\"https:\/\/www.gamapa.de\/en\/https-www-gamapa-de-en-https-www-gamapa-de-en-socialcommitment\/sustainability-environment\/\" style=\"background-color:#003565\">Environment<\/a><\/div>\n<\/div>\n\n\n\n<div class=\"wp-block-column is-layout-flow wp-block-column-is-layout-flow\">\n<div class=\"wp-block-button\"><a class=\"wp-block-button__link has-background wp-element-button\" href=\"https:\/\/www.gamapa.de\/en\/https-www-gamapa-de-en-https-www-gamapa-de-en-socialcommitment\/rooted-in-the-region\/\" style=\"background-color:#003565\">Local activities<\/a><\/div>\n<\/div>\n<\/div>\n","protected":false},"excerpt":{"rendered":"<p>Responsibility for sustainable management We base our business activities on the fundamental principles of sustainable, i.e. economically, ecologically and socially compatible, business practices. Companies are an integral part of a global, social and ecological system. As such, we bear responsibility for the future of our planet, its societies and nature. Sustainability is therefore an integral <a href=\"https:\/\/www.gamapa.de\/en\/socialcommitment\/\">[\u2026]<\/a><\/p>\n","protected":false},"author":11,"featured_media":12072,"parent":0,"menu_order":2,"comment_status":"closed","ping_status":"closed","template":"","meta":{"_acf_changed":false,"_uag_custom_page_level_css":"","footnotes":""},"class_list":["post-23594","page","type-page","status-publish","has-post-thumbnail","hentry"],"acf":[],"yoast_head":"<!-- This site is optimized with the Yoast SEO plugin v27.3 - https:\/\/yoast.com\/product\/yoast-seo-wordpress\/ -->\n<title>Gesellschaftliches Engagement<\/title>\n<meta name=\"description\" content=\"Gesellschaftliches Engagement: lokal, in Sport, Umwelt, Kunst &amp; Kultur \u2013 vielf\u00e4ltige Aktivit\u00e4ten mit nachhaltigem Mehrwert.\" \/>\n<meta name=\"robots\" content=\"index, follow, max-snippet:-1, max-image-preview:large, max-video-preview:-1\" \/>\n<link rel=\"canonical\" href=\"https:\/\/www.gamapa.de\/en\/socialcommitment\/\" \/>\n<meta property=\"og:locale\" content=\"en_US\" \/>\n<meta property=\"og:type\" content=\"article\" \/>\n<meta property=\"og:title\" content=\"Gesellschaftliches Engagement\" \/>\n<meta property=\"og:description\" content=\"Gesellschaftliches Engagement: lokal, in Sport, Umwelt, Kunst &amp; Kultur \u2013 vielf\u00e4ltige Aktivit\u00e4ten mit nachhaltigem Mehrwert.\" \/>\n<meta property=\"og:url\" content=\"https:\/\/www.gamapa.de\/en\/socialcommitment\/\" \/>\n<meta property=\"og:site_name\" content=\"GANTEF\u00dcHRER\" \/>\n<meta property=\"article:modified_time\" content=\"2026-01-21T09:21:59+00:00\" \/>\n<meta property=\"og:image\" content=\"https:\/\/www.gamapa.de\/wp-content\/uploads\/2022\/02\/Wirtschaftsmediation-scaled.jpg\" \/>\n\t<meta property=\"og:image:width\" content=\"2560\" \/>\n\t<meta property=\"og:image:height\" content=\"764\" \/>\n\t<meta property=\"og:image:type\" content=\"image\/jpeg\" \/>\n<meta name=\"twitter:card\" content=\"summary_large_image\" \/>\n<meta name=\"twitter:label1\" content=\"Est. reading time\" \/>\n\t<meta name=\"twitter:data1\" content=\"2 minutes\" \/>\n<script type=\"application\/ld+json\" class=\"yoast-schema-graph\">{\"@context\":\"https:\\\/\\\/schema.org\",\"@graph\":[{\"@type\":\"WebPage\",\"@id\":\"https:\\\/\\\/www.gamapa.de\\\/en\\\/socialcommitment\\\/\",\"url\":\"https:\\\/\\\/www.gamapa.de\\\/en\\\/socialcommitment\\\/\",\"name\":\"Gesellschaftliches Engagement\",\"isPartOf\":{\"@id\":\"https:\\\/\\\/www.gamapa.de\\\/en\\\/#website\"},\"primaryImageOfPage\":{\"@id\":\"https:\\\/\\\/www.gamapa.de\\\/en\\\/socialcommitment\\\/#primaryimage\"},\"image\":{\"@id\":\"https:\\\/\\\/www.gamapa.de\\\/en\\\/socialcommitment\\\/#primaryimage\"},\"thumbnailUrl\":\"https:\\\/\\\/www.gamapa.de\\\/wp-content\\\/uploads\\\/2022\\\/02\\\/Wirtschaftsmediation-scaled.jpg\",\"datePublished\":\"2024-12-12T13:12:23+00:00\",\"dateModified\":\"2026-01-21T09:21:59+00:00\",\"description\":\"Gesellschaftliches Engagement: lokal, in Sport, Umwelt, Kunst & Kultur \u2013 vielf\u00e4ltige Aktivit\u00e4ten mit nachhaltigem Mehrwert.\",\"breadcrumb\":{\"@id\":\"https:\\\/\\\/www.gamapa.de\\\/en\\\/socialcommitment\\\/#breadcrumb\"},\"inLanguage\":\"en-US\",\"potentialAction\":[{\"@type\":\"ReadAction\",\"target\":[\"https:\\\/\\\/www.gamapa.de\\\/en\\\/socialcommitment\\\/\"]}]},{\"@type\":\"ImageObject\",\"inLanguage\":\"en-US\",\"@id\":\"https:\\\/\\\/www.gamapa.de\\\/en\\\/socialcommitment\\\/#primaryimage\",\"url\":\"https:\\\/\\\/www.gamapa.de\\\/wp-content\\\/uploads\\\/2022\\\/02\\\/Wirtschaftsmediation-scaled.jpg\",\"contentUrl\":\"https:\\\/\\\/www.gamapa.de\\\/wp-content\\\/uploads\\\/2022\\\/02\\\/Wirtschaftsmediation-scaled.jpg\",\"width\":2560,\"height\":764,\"caption\":\"Wirtschaftsmediation\"},{\"@type\":\"BreadcrumbList\",\"@id\":\"https:\\\/\\\/www.gamapa.de\\\/en\\\/socialcommitment\\\/#breadcrumb\",\"itemListElement\":[{\"@type\":\"ListItem\",\"position\":1,\"name\":\"Startseite\",\"item\":\"https:\\\/\\\/www.gamapa.de\\\/en\\\/\"},{\"@type\":\"ListItem\",\"position\":2,\"name\":\"Social commitment\"}]},{\"@type\":\"WebSite\",\"@id\":\"https:\\\/\\\/www.gamapa.de\\\/en\\\/#website\",\"url\":\"https:\\\/\\\/www.gamapa.de\\\/en\\\/\",\"name\":\"GANTEF\u00dcHRER\",\"description\":\"Wirtschaftspr\u00fcfer, Steuerberater, Rechtsanw\u00e4lte\",\"publisher\":{\"@id\":\"https:\\\/\\\/www.gamapa.de\\\/en\\\/#organization\"},\"potentialAction\":[{\"@type\":\"SearchAction\",\"target\":{\"@type\":\"EntryPoint\",\"urlTemplate\":\"https:\\\/\\\/www.gamapa.de\\\/en\\\/?s={search_term_string}\"},\"query-input\":{\"@type\":\"PropertyValueSpecification\",\"valueRequired\":true,\"valueName\":\"search_term_string\"}}],\"inLanguage\":\"en-US\"},{\"@type\":\"Organization\",\"@id\":\"https:\\\/\\\/www.gamapa.de\\\/en\\\/#organization\",\"name\":\"Gantef\u00fchrer Wirtschaftspr\u00fcfer, Steuerberater, Rechtsanw\u00e4lte\",\"url\":\"https:\\\/\\\/www.gamapa.de\\\/en\\\/\",\"logo\":{\"@type\":\"ImageObject\",\"inLanguage\":\"en-US\",\"@id\":\"https:\\\/\\\/www.gamapa.de\\\/en\\\/#\\\/schema\\\/logo\\\/image\\\/\",\"url\":\"https:\\\/\\\/www.gamapa.de\\\/wp-content\\\/uploads\\\/2026\\\/01\\\/Logo-Gantefuehrer.png\",\"contentUrl\":\"https:\\\/\\\/www.gamapa.de\\\/wp-content\\\/uploads\\\/2026\\\/01\\\/Logo-Gantefuehrer.png\",\"width\":767,\"height\":156,\"caption\":\"Gantef\u00fchrer Wirtschaftspr\u00fcfer, Steuerberater, Rechtsanw\u00e4lte\"},\"image\":{\"@id\":\"https:\\\/\\\/www.gamapa.de\\\/en\\\/#\\\/schema\\\/logo\\\/image\\\/\"}}]}<\/script>\n<!-- \/ Yoast SEO plugin. -->","yoast_head_json":{"title":"Gesellschaftliches Engagement","description":"Gesellschaftliches Engagement: lokal, in Sport, Umwelt, Kunst & Kultur \u2013 vielf\u00e4ltige Aktivit\u00e4ten mit nachhaltigem Mehrwert.","robots":{"index":"index","follow":"follow","max-snippet":"max-snippet:-1","max-image-preview":"max-image-preview:large","max-video-preview":"max-video-preview:-1"},"canonical":"https:\/\/www.gamapa.de\/en\/socialcommitment\/","og_locale":"en_US","og_type":"article","og_title":"Gesellschaftliches Engagement","og_description":"Gesellschaftliches Engagement: lokal, in Sport, Umwelt, Kunst & Kultur \u2013 vielf\u00e4ltige Aktivit\u00e4ten mit nachhaltigem Mehrwert.","og_url":"https:\/\/www.gamapa.de\/en\/socialcommitment\/","og_site_name":"GANTEF\u00dcHRER","article_modified_time":"2026-01-21T09:21:59+00:00","og_image":[{"width":2560,"height":764,"url":"https:\/\/www.gamapa.de\/wp-content\/uploads\/2022\/02\/Wirtschaftsmediation-scaled.jpg","type":"image\/jpeg"}],"twitter_card":"summary_large_image","twitter_misc":{"Est. reading time":"2 minutes"},"schema":{"@context":"https:\/\/schema.org","@graph":[{"@type":"WebPage","@id":"https:\/\/www.gamapa.de\/en\/socialcommitment\/","url":"https:\/\/www.gamapa.de\/en\/socialcommitment\/","name":"Gesellschaftliches Engagement","isPartOf":{"@id":"https:\/\/www.gamapa.de\/en\/#website"},"primaryImageOfPage":{"@id":"https:\/\/www.gamapa.de\/en\/socialcommitment\/#primaryimage"},"image":{"@id":"https:\/\/www.gamapa.de\/en\/socialcommitment\/#primaryimage"},"thumbnailUrl":"https:\/\/www.gamapa.de\/wp-content\/uploads\/2022\/02\/Wirtschaftsmediation-scaled.jpg","datePublished":"2024-12-12T13:12:23+00:00","dateModified":"2026-01-21T09:21:59+00:00","description":"Gesellschaftliches Engagement: lokal, in Sport, Umwelt, Kunst & Kultur \u2013 vielf\u00e4ltige Aktivit\u00e4ten mit nachhaltigem Mehrwert.","breadcrumb":{"@id":"https:\/\/www.gamapa.de\/en\/socialcommitment\/#breadcrumb"},"inLanguage":"en-US","potentialAction":[{"@type":"ReadAction","target":["https:\/\/www.gamapa.de\/en\/socialcommitment\/"]}]},{"@type":"ImageObject","inLanguage":"en-US","@id":"https:\/\/www.gamapa.de\/en\/socialcommitment\/#primaryimage","url":"https:\/\/www.gamapa.de\/wp-content\/uploads\/2022\/02\/Wirtschaftsmediation-scaled.jpg","contentUrl":"https:\/\/www.gamapa.de\/wp-content\/uploads\/2022\/02\/Wirtschaftsmediation-scaled.jpg","width":2560,"height":764,"caption":"Wirtschaftsmediation"},{"@type":"BreadcrumbList","@id":"https:\/\/www.gamapa.de\/en\/socialcommitment\/#breadcrumb","itemListElement":[{"@type":"ListItem","position":1,"name":"Startseite","item":"https:\/\/www.gamapa.de\/en\/"},{"@type":"ListItem","position":2,"name":"Social commitment"}]},{"@type":"WebSite","@id":"https:\/\/www.gamapa.de\/en\/#website","url":"https:\/\/www.gamapa.de\/en\/","name":"GANTEF\u00dcHRER","description":"Wirtschaftspr\u00fcfer, Steuerberater, Rechtsanw\u00e4lte","publisher":{"@id":"https:\/\/www.gamapa.de\/en\/#organization"},"potentialAction":[{"@type":"SearchAction","target":{"@type":"EntryPoint","urlTemplate":"https:\/\/www.gamapa.de\/en\/?s={search_term_string}"},"query-input":{"@type":"PropertyValueSpecification","valueRequired":true,"valueName":"search_term_string"}}],"inLanguage":"en-US"},{"@type":"Organization","@id":"https:\/\/www.gamapa.de\/en\/#organization","name":"Gantef\u00fchrer Wirtschaftspr\u00fcfer, Steuerberater, Rechtsanw\u00e4lte","url":"https:\/\/www.gamapa.de\/en\/","logo":{"@type":"ImageObject","inLanguage":"en-US","@id":"https:\/\/www.gamapa.de\/en\/#\/schema\/logo\/image\/","url":"https:\/\/www.gamapa.de\/wp-content\/uploads\/2026\/01\/Logo-Gantefuehrer.png","contentUrl":"https:\/\/www.gamapa.de\/wp-content\/uploads\/2026\/01\/Logo-Gantefuehrer.png","width":767,"height":156,"caption":"Gantef\u00fchrer Wirtschaftspr\u00fcfer, Steuerberater, Rechtsanw\u00e4lte"},"image":{"@id":"https:\/\/www.gamapa.de\/en\/#\/schema\/logo\/image\/"}}]}},"uagb_featured_image_src":{"full":["https:\/\/www.gamapa.de\/wp-content\/uploads\/2022\/02\/Wirtschaftsmediation-scaled.jpg",2560,764,false],"thumbnail":["https:\/\/www.gamapa.de\/wp-content\/uploads\/2022\/02\/Wirtschaftsmediation-150x150.jpg",150,150,true],"medium":["https:\/\/www.gamapa.de\/wp-content\/uploads\/2022\/02\/Wirtschaftsmediation-600x179.jpg",600,179,true],"medium_large":["https:\/\/www.gamapa.de\/wp-content\/uploads\/2022\/02\/Wirtschaftsmediation-768x229.jpg",580,173,true],"large":["https:\/\/www.gamapa.de\/wp-content\/uploads\/2022\/02\/Wirtschaftsmediation-scaled.jpg",580,173,false],"gs-tiny":["https:\/\/www.gamapa.de\/wp-content\/uploads\/2022\/02\/Wirtschaftsmediation-scaled.jpg",50,15,false],"xl":["https:\/\/www.gamapa.de\/wp-content\/uploads\/2022\/02\/Wirtschaftsmediation-1600x477.jpg",1600,477,true],"xxl":["https:\/\/www.gamapa.de\/wp-content\/uploads\/2022\/02\/Wirtschaftsmediation-2200x656.jpg",2200,656,true],"xxxl":["https:\/\/www.gamapa.de\/wp-content\/uploads\/2022\/02\/Wirtschaftsmediation-2800x835.jpg",2800,835,true],"xxxxl":["https:\/\/www.gamapa.de\/wp-content\/uploads\/2022\/02\/Wirtschaftsmediation-scaled.jpg",2560,764,false],"xxxxxl":["https:\/\/www.gamapa.de\/wp-content\/uploads\/2022\/02\/Wirtschaftsmediation-scaled.jpg",2560,764,false],"1536x1536":["https:\/\/www.gamapa.de\/wp-content\/uploads\/2022\/02\/Wirtschaftsmediation-1536x458.jpg",1536,458,true],"2048x2048":["https:\/\/www.gamapa.de\/wp-content\/uploads\/2022\/02\/Wirtschaftsmediation-2048x611.jpg",2048,611,true],"post-thumbnail":["https:\/\/www.gamapa.de\/wp-content\/uploads\/2022\/02\/Wirtschaftsmediation-scaled.jpg",2560,764,false],"twentytwenty-fullscreen":["https:\/\/www.gamapa.de\/wp-content\/uploads\/2022\/02\/Wirtschaftsmediation-scaled.jpg",2560,764,false],"theme-slug-single-post":["https:\/\/www.gamapa.de\/wp-content\/uploads\/2022\/02\/Wirtschaftsmediation-1600x400.jpg",1600,400,true]},"uagb_author_info":{"display_name":"ninasenft","author_link":"https:\/\/www.gamapa.de\/en\/author\/ninasenft\/"},"uagb_comment_info":0,"uagb_excerpt":"Responsibility for sustainable management We base our business activities on the fundamental principles of sustainable, i.e. economically, ecologically and socially compatible, business practices. Companies are an integral part of a global, social and ecological system. As such, we bear responsibility for the future of our planet, its societies and nature. Sustainability is therefore an integral&hellip;","_links":{"self":[{"href":"https:\/\/www.gamapa.de\/en\/wp-json\/wp\/v2\/pages\/23594","targetHints":{"allow":["GET"]}}],"collection":[{"href":"https:\/\/www.gamapa.de\/en\/wp-json\/wp\/v2\/pages"}],"about":[{"href":"https:\/\/www.gamapa.de\/en\/wp-json\/wp\/v2\/types\/page"}],"author":[{"embeddable":true,"href":"https:\/\/www.gamapa.de\/en\/wp-json\/wp\/v2\/users\/11"}],"replies":[{"embeddable":true,"href":"https:\/\/www.gamapa.de\/en\/wp-json\/wp\/v2\/comments?post=23594"}],"version-history":[{"count":10,"href":"https:\/\/www.gamapa.de\/en\/wp-json\/wp\/v2\/pages\/23594\/revisions"}],"predecessor-version":[{"id":23689,"href":"https:\/\/www.gamapa.de\/en\/wp-json\/wp\/v2\/pages\/23594\/revisions\/23689"}],"wp:featuredmedia":[{"embeddable":true,"href":"https:\/\/www.gamapa.de\/en\/wp-json\/wp\/v2\/media\/12072"}],"wp:attachment":[{"href":"https:\/\/www.gamapa.de\/en\/wp-json\/wp\/v2\/media?parent=23594"}],"curies":[{"name":"wp","href":"https:\/\/api.w.org\/{rel}","templated":true}]}}