

{"id":23599,"date":"2024-12-16T12:56:10","date_gmt":"2024-12-16T11:56:10","guid":{"rendered":"https:\/\/www.gamapa.de\/gesellschaftliches-engagement\/sportliches-engagement\/"},"modified":"2026-01-21T10:10:55","modified_gmt":"2026-01-21T09:10:55","slug":"engagement-in-sports","status":"publish","type":"page","link":"https:\/\/www.gamapa.de\/en\/socialcommitment\/engagement-in-sports\/","title":{"rendered":"Engagement in sports"},"content":{"rendered":"\n<h3 class=\"wp-block-heading inhalt\">Moving forward together<\/h3>\n\n\n\n<p>Sport brings people together and promotes cohesion \u2013 an important contribution to society.<\/p>\n\n\n\n<p>Through our involvement in the sports sector, we aim to further expand our occupational health management programme and provide targeted support for local competitive sports in our home town, with which we have close ties.<\/p>\n\n\n\n<div style=\"height:40px\" aria-hidden=\"true\" class=\"wp-block-spacer\"><\/div>\n\n\n\n<div class=\"wp-block-pb-accordion-item c-accordion__item js-accordion-item no-js medi\" data-initially-open=\"false\" data-click-to-close=\"true\" data-auto-close=\"true\" data-scroll=\"false\" data-scroll-offset=\"0\"><h2 id=\"at-235990\" class=\"c-accordion__title js-accordion-controller\" role=\"button\">Fortuna D\u00fcsseldorf<\/h2><div id=\"ac-235990\" class=\"c-accordion__content\">\n<p><strong>95 ol\u00e9<\/strong> &#8211; As part of <a href=\"https:\/\/www.f95.de\/business\/partner\/club95partner\/\">Club95<\/a>, we support our local club, Fortuna D\u00fcsseldorf.<\/p>\n\n\n\n<section class=\"wp-block-uagb-section uagb-section__wrap uagb-section__background-none uagb-block-f9d9e8f1\"><div class=\"uagb-section__overlay\"><\/div><div class=\"uagb-section__inner-wrap\">\n<figure class=\"wp-block-image size-full is-resized\"><img loading=\"lazy\" decoding=\"async\" width=\"3159\" height=\"1000\" src=\"https:\/\/www.gamapa.de\/wp-content\/uploads\/2024\/12\/F95_Club95_r_extern-1.png\" alt=\"Fortuna 95 Club Logo\" class=\"wp-image-17177\" style=\"width:424px;height:auto\" srcset=\"https:\/\/www.gamapa.de\/wp-content\/uploads\/2024\/12\/F95_Club95_r_extern-1.png 3159w, https:\/\/www.gamapa.de\/wp-content\/uploads\/2024\/12\/F95_Club95_r_extern-1-600x190.png 600w, https:\/\/www.gamapa.de\/wp-content\/uploads\/2024\/12\/F95_Club95_r_extern-1-768x243.png 768w, https:\/\/www.gamapa.de\/wp-content\/uploads\/2024\/12\/F95_Club95_r_extern-1-50x16.png 50w, https:\/\/www.gamapa.de\/wp-content\/uploads\/2024\/12\/F95_Club95_r_extern-1-1600x506.png 1600w, https:\/\/www.gamapa.de\/wp-content\/uploads\/2024\/12\/F95_Club95_r_extern-1-1536x486.png 1536w, https:\/\/www.gamapa.de\/wp-content\/uploads\/2024\/12\/F95_Club95_r_extern-1-2048x648.png 2048w\" sizes=\"auto, (max-width: 3159px) 100vw, 3159px\" \/><\/figure>\n<\/div><\/section>\n<\/div><\/div>\n\n\n\n<div class=\"wp-block-pb-accordion-item c-accordion__item js-accordion-item no-js medi\" data-initially-open=\"false\" data-click-to-close=\"true\" data-auto-close=\"true\" data-scroll=\"false\" data-scroll-offset=\"0\"><h2 id=\"at-235991\" class=\"c-accordion__title js-accordion-controller\" role=\"button\">B2Run <\/h2><div id=\"ac-235991\" class=\"c-accordion__content\">\n<p>As &#8220;Gantef\u00fchrer Runners&#8221;, we took part in the B2Run in D\u00fcsseldorf for the first time in 2024 \u2013 together with 14,500 other motivated runners. But for us, it&#8217;s not just about fitness and fun: at Gantef\u00fchrer, sustainability is at the heart of everything we do. A tree is planted for every team that takes part. This is how we combine exercise and community with a contribution to a greener future.<\/p>\n\n\n\n<section class=\"wp-block-uagb-section uagb-section__wrap uagb-section__background-none uagb-block-06e89ba1\"><div class=\"uagb-section__overlay\"><\/div><div class=\"uagb-section__inner-wrap\">\n<figure class=\"wp-block-image size-full is-resized\"><img loading=\"lazy\" decoding=\"async\" width=\"290\" height=\"174\" src=\"https:\/\/www.gamapa.de\/wp-content\/uploads\/2024\/12\/Herunterladen.png\" alt=\"B2 Run Logo\" class=\"wp-image-17184\" style=\"width:288px;height:auto\" srcset=\"https:\/\/www.gamapa.de\/wp-content\/uploads\/2024\/12\/Herunterladen.png 290w, https:\/\/www.gamapa.de\/wp-content\/uploads\/2024\/12\/Herunterladen-50x30.png 50w\" sizes=\"auto, (max-width: 290px) 100vw, 290px\" \/><\/figure>\n<\/div><\/section>\n<\/div><\/div>\n\n\n\n<h3 class=\"wp-block-heading\">Your contact:<\/h3>\n\n\n\n<div class=\"wp-block-columns is-layout-flex wp-container-core-columns-is-layout-9d6595d7 wp-block-columns-is-layout-flex\">\n<div class=\"wp-block-column is-layout-flow wp-block-column-is-layout-flow\">\n<figure class=\"wp-block-image size-full\"><img loading=\"lazy\" decoding=\"async\" width=\"600\" height=\"389\" src=\"https:\/\/www.gamapa.de\/wp-content\/uploads\/2020\/08\/Schaar_1.jpg\" alt=\"R\u00fcdiger Schaar\" class=\"wp-image-15507\"\/><figcaption class=\"wp-element-caption\"><a href=\"https:\/\/www.gamapa.de\/en\/advisors\/ruediger-schaar-tax-consultant\/\">R\u00fcdiger Schaar<\/a><\/figcaption><\/figure>\n<\/div>\n\n\n\n<div class=\"wp-block-column 2-5rem is-layout-flow wp-block-column-is-layout-flow\"><\/div>\n<\/div>\n\n\n\n<div style=\"height:40px\" aria-hidden=\"true\" class=\"wp-block-spacer\"><\/div>\n\n\n\n<p>Back to the other areas in which we are personally and professionally involved:<\/p>\n\n\n\n<div class=\"wp-block-columns is-layout-flex wp-container-core-columns-is-layout-9d6595d7 wp-block-columns-is-layout-flex\">\n<div class=\"wp-block-column breites-raster med is-layout-flow wp-block-column-is-layout-flow\">\n<div class=\"wp-block-button\"><a class=\"wp-block-button__link has-background wp-element-button\" href=\"https:\/\/www.gamapa.de\/en\/https-www-gamapa-de-en-https-www-gamapa-de-en-socialcommitment\/art-and-culture\/\" style=\"background-color:#003565\">Fine Arts &amp; Cultural Activities<\/a><\/div>\n<\/div>\n\n\n\n<div class=\"wp-block-column med is-layout-flow wp-block-column-is-layout-flow\">\n<div class=\"wp-block-button\"><a class=\"wp-block-button__link has-background wp-element-button\" href=\"https:\/\/www.gamapa.de\/en\/https-www-gamapa-de-en-https-www-gamapa-de-en-socialcommitment\/sustainability-environment\/\" style=\"background-color:#003565\">Environment<\/a><\/div>\n<\/div>\n\n\n\n<div class=\"wp-block-column med is-layout-flow wp-block-column-is-layout-flow\">\n<div class=\"wp-block-button\"><a class=\"wp-block-button__link has-background wp-element-button\" href=\"https:\/\/www.gamapa.de\/en\/https-www-gamapa-de-en-https-www-gamapa-de-en-socialcommitment\/rooted-in-the-region\/\" style=\"background-color:#003565\">Lokal activities<\/a><\/div>\n<\/div>\n<\/div>\n\n\n\n<div class=\"wp-block-columns is-layout-flex wp-container-core-columns-is-layout-9d6595d7 wp-block-columns-is-layout-flex\"><\/div>\n","protected":false},"excerpt":{"rendered":"<p>Moving forward together Sport brings people together and promotes cohesion \u2013 an important contribution to society. Through our involvement in the sports sector, we aim to further expand our occupational health management programme and provide targeted support for local competitive sports in our home town, with which we have close ties. Your contact: Back to <a href=\"https:\/\/www.gamapa.de\/en\/socialcommitment\/engagement-in-sports\/\">[\u2026]<\/a><\/p>\n","protected":false},"author":11,"featured_media":17191,"parent":23594,"menu_order":2,"comment_status":"closed","ping_status":"closed","template":"","meta":{"_acf_changed":false,"_uag_custom_page_level_css":"","footnotes":""},"class_list":["post-23599","page","type-page","status-publish","has-post-thumbnail","hentry"],"acf":[],"yoast_head":"<!-- This site is optimized with the Yoast SEO plugin v27.3 - https:\/\/yoast.com\/product\/yoast-seo-wordpress\/ -->\n<title>Engagement in sports<\/title>\n<meta name=\"description\" content=\"Sporting activities bring people together and strengthen social cohesion \u2013 a contribution that we actively support.\" \/>\n<meta name=\"robots\" content=\"index, follow, max-snippet:-1, max-image-preview:large, max-video-preview:-1\" \/>\n<link rel=\"canonical\" href=\"https:\/\/www.gamapa.de\/en\/socialcommitment\/engagement-in-sports\/\" \/>\n<meta property=\"og:locale\" content=\"en_US\" \/>\n<meta property=\"og:type\" content=\"article\" \/>\n<meta property=\"og:title\" content=\"Engagement in sports\" \/>\n<meta property=\"og:description\" content=\"Sporting activities bring people together and strengthen social cohesion \u2013 a contribution that we actively support.\" \/>\n<meta property=\"og:url\" content=\"https:\/\/www.gamapa.de\/en\/socialcommitment\/engagement-in-sports\/\" \/>\n<meta property=\"og:site_name\" content=\"GANTEF\u00dcHRER\" \/>\n<meta property=\"article:modified_time\" content=\"2026-01-21T09:10:55+00:00\" \/>\n<meta property=\"og:image\" content=\"https:\/\/www.gamapa.de\/wp-content\/uploads\/2024\/12\/pexels-pavel-danilyuk-6539272-scaled.jpg\" \/>\n\t<meta property=\"og:image:width\" content=\"2560\" \/>\n\t<meta property=\"og:image:height\" content=\"1709\" \/>\n\t<meta property=\"og:image:type\" content=\"image\/jpeg\" \/>\n<meta name=\"twitter:card\" content=\"summary_large_image\" \/>\n<meta name=\"twitter:label1\" content=\"Est. reading time\" \/>\n\t<meta name=\"twitter:data1\" content=\"2 minutes\" \/>\n<script type=\"application\/ld+json\" class=\"yoast-schema-graph\">{\"@context\":\"https:\\\/\\\/schema.org\",\"@graph\":[{\"@type\":\"WebPage\",\"@id\":\"https:\\\/\\\/www.gamapa.de\\\/en\\\/socialcommitment\\\/engagement-in-sports\\\/\",\"url\":\"https:\\\/\\\/www.gamapa.de\\\/en\\\/socialcommitment\\\/engagement-in-sports\\\/\",\"name\":\"Engagement in sports\",\"isPartOf\":{\"@id\":\"https:\\\/\\\/www.gamapa.de\\\/en\\\/#website\"},\"primaryImageOfPage\":{\"@id\":\"https:\\\/\\\/www.gamapa.de\\\/en\\\/socialcommitment\\\/engagement-in-sports\\\/#primaryimage\"},\"image\":{\"@id\":\"https:\\\/\\\/www.gamapa.de\\\/en\\\/socialcommitment\\\/engagement-in-sports\\\/#primaryimage\"},\"thumbnailUrl\":\"https:\\\/\\\/www.gamapa.de\\\/wp-content\\\/uploads\\\/2024\\\/12\\\/pexels-pavel-danilyuk-6539272-scaled.jpg\",\"datePublished\":\"2024-12-16T11:56:10+00:00\",\"dateModified\":\"2026-01-21T09:10:55+00:00\",\"description\":\"Sporting activities bring people together and strengthen social cohesion \u2013 a contribution that we actively support.\",\"breadcrumb\":{\"@id\":\"https:\\\/\\\/www.gamapa.de\\\/en\\\/socialcommitment\\\/engagement-in-sports\\\/#breadcrumb\"},\"inLanguage\":\"en-US\",\"potentialAction\":[{\"@type\":\"ReadAction\",\"target\":[\"https:\\\/\\\/www.gamapa.de\\\/en\\\/socialcommitment\\\/engagement-in-sports\\\/\"]}]},{\"@type\":\"ImageObject\",\"inLanguage\":\"en-US\",\"@id\":\"https:\\\/\\\/www.gamapa.de\\\/en\\\/socialcommitment\\\/engagement-in-sports\\\/#primaryimage\",\"url\":\"https:\\\/\\\/www.gamapa.de\\\/wp-content\\\/uploads\\\/2024\\\/12\\\/pexels-pavel-danilyuk-6539272-scaled.jpg\",\"contentUrl\":\"https:\\\/\\\/www.gamapa.de\\\/wp-content\\\/uploads\\\/2024\\\/12\\\/pexels-pavel-danilyuk-6539272-scaled.jpg\",\"width\":2560,\"height\":1709},{\"@type\":\"BreadcrumbList\",\"@id\":\"https:\\\/\\\/www.gamapa.de\\\/en\\\/socialcommitment\\\/engagement-in-sports\\\/#breadcrumb\",\"itemListElement\":[{\"@type\":\"ListItem\",\"position\":1,\"name\":\"Startseite\",\"item\":\"https:\\\/\\\/www.gamapa.de\\\/en\\\/\"},{\"@type\":\"ListItem\",\"position\":2,\"name\":\"Social commitment\",\"item\":\"https:\\\/\\\/www.gamapa.de\\\/en\\\/socialcommitment\\\/\"},{\"@type\":\"ListItem\",\"position\":3,\"name\":\"Engagement in sports\"}]},{\"@type\":\"WebSite\",\"@id\":\"https:\\\/\\\/www.gamapa.de\\\/en\\\/#website\",\"url\":\"https:\\\/\\\/www.gamapa.de\\\/en\\\/\",\"name\":\"GANTEF\u00dcHRER\",\"description\":\"Wirtschaftspr\u00fcfer, Steuerberater, Rechtsanw\u00e4lte\",\"publisher\":{\"@id\":\"https:\\\/\\\/www.gamapa.de\\\/en\\\/#organization\"},\"potentialAction\":[{\"@type\":\"SearchAction\",\"target\":{\"@type\":\"EntryPoint\",\"urlTemplate\":\"https:\\\/\\\/www.gamapa.de\\\/en\\\/?s={search_term_string}\"},\"query-input\":{\"@type\":\"PropertyValueSpecification\",\"valueRequired\":true,\"valueName\":\"search_term_string\"}}],\"inLanguage\":\"en-US\"},{\"@type\":\"Organization\",\"@id\":\"https:\\\/\\\/www.gamapa.de\\\/en\\\/#organization\",\"name\":\"Gantef\u00fchrer Wirtschaftspr\u00fcfer, Steuerberater, Rechtsanw\u00e4lte\",\"url\":\"https:\\\/\\\/www.gamapa.de\\\/en\\\/\",\"logo\":{\"@type\":\"ImageObject\",\"inLanguage\":\"en-US\",\"@id\":\"https:\\\/\\\/www.gamapa.de\\\/en\\\/#\\\/schema\\\/logo\\\/image\\\/\",\"url\":\"https:\\\/\\\/www.gamapa.de\\\/wp-content\\\/uploads\\\/2026\\\/01\\\/Logo-Gantefuehrer.png\",\"contentUrl\":\"https:\\\/\\\/www.gamapa.de\\\/wp-content\\\/uploads\\\/2026\\\/01\\\/Logo-Gantefuehrer.png\",\"width\":767,\"height\":156,\"caption\":\"Gantef\u00fchrer Wirtschaftspr\u00fcfer, Steuerberater, Rechtsanw\u00e4lte\"},\"image\":{\"@id\":\"https:\\\/\\\/www.gamapa.de\\\/en\\\/#\\\/schema\\\/logo\\\/image\\\/\"}}]}<\/script>\n<!-- \/ Yoast SEO plugin. -->","yoast_head_json":{"title":"Engagement in sports","description":"Sporting activities bring people together and strengthen social cohesion \u2013 a contribution that we actively support.","robots":{"index":"index","follow":"follow","max-snippet":"max-snippet:-1","max-image-preview":"max-image-preview:large","max-video-preview":"max-video-preview:-1"},"canonical":"https:\/\/www.gamapa.de\/en\/socialcommitment\/engagement-in-sports\/","og_locale":"en_US","og_type":"article","og_title":"Engagement in sports","og_description":"Sporting activities bring people together and strengthen social cohesion \u2013 a contribution that we actively support.","og_url":"https:\/\/www.gamapa.de\/en\/socialcommitment\/engagement-in-sports\/","og_site_name":"GANTEF\u00dcHRER","article_modified_time":"2026-01-21T09:10:55+00:00","og_image":[{"width":2560,"height":1709,"url":"https:\/\/www.gamapa.de\/wp-content\/uploads\/2024\/12\/pexels-pavel-danilyuk-6539272-scaled.jpg","type":"image\/jpeg"}],"twitter_card":"summary_large_image","twitter_misc":{"Est. reading time":"2 minutes"},"schema":{"@context":"https:\/\/schema.org","@graph":[{"@type":"WebPage","@id":"https:\/\/www.gamapa.de\/en\/socialcommitment\/engagement-in-sports\/","url":"https:\/\/www.gamapa.de\/en\/socialcommitment\/engagement-in-sports\/","name":"Engagement in sports","isPartOf":{"@id":"https:\/\/www.gamapa.de\/en\/#website"},"primaryImageOfPage":{"@id":"https:\/\/www.gamapa.de\/en\/socialcommitment\/engagement-in-sports\/#primaryimage"},"image":{"@id":"https:\/\/www.gamapa.de\/en\/socialcommitment\/engagement-in-sports\/#primaryimage"},"thumbnailUrl":"https:\/\/www.gamapa.de\/wp-content\/uploads\/2024\/12\/pexels-pavel-danilyuk-6539272-scaled.jpg","datePublished":"2024-12-16T11:56:10+00:00","dateModified":"2026-01-21T09:10:55+00:00","description":"Sporting activities bring people together and strengthen social cohesion \u2013 a contribution that we actively support.","breadcrumb":{"@id":"https:\/\/www.gamapa.de\/en\/socialcommitment\/engagement-in-sports\/#breadcrumb"},"inLanguage":"en-US","potentialAction":[{"@type":"ReadAction","target":["https:\/\/www.gamapa.de\/en\/socialcommitment\/engagement-in-sports\/"]}]},{"@type":"ImageObject","inLanguage":"en-US","@id":"https:\/\/www.gamapa.de\/en\/socialcommitment\/engagement-in-sports\/#primaryimage","url":"https:\/\/www.gamapa.de\/wp-content\/uploads\/2024\/12\/pexels-pavel-danilyuk-6539272-scaled.jpg","contentUrl":"https:\/\/www.gamapa.de\/wp-content\/uploads\/2024\/12\/pexels-pavel-danilyuk-6539272-scaled.jpg","width":2560,"height":1709},{"@type":"BreadcrumbList","@id":"https:\/\/www.gamapa.de\/en\/socialcommitment\/engagement-in-sports\/#breadcrumb","itemListElement":[{"@type":"ListItem","position":1,"name":"Startseite","item":"https:\/\/www.gamapa.de\/en\/"},{"@type":"ListItem","position":2,"name":"Social commitment","item":"https:\/\/www.gamapa.de\/en\/socialcommitment\/"},{"@type":"ListItem","position":3,"name":"Engagement in sports"}]},{"@type":"WebSite","@id":"https:\/\/www.gamapa.de\/en\/#website","url":"https:\/\/www.gamapa.de\/en\/","name":"GANTEF\u00dcHRER","description":"Wirtschaftspr\u00fcfer, Steuerberater, Rechtsanw\u00e4lte","publisher":{"@id":"https:\/\/www.gamapa.de\/en\/#organization"},"potentialAction":[{"@type":"SearchAction","target":{"@type":"EntryPoint","urlTemplate":"https:\/\/www.gamapa.de\/en\/?s={search_term_string}"},"query-input":{"@type":"PropertyValueSpecification","valueRequired":true,"valueName":"search_term_string"}}],"inLanguage":"en-US"},{"@type":"Organization","@id":"https:\/\/www.gamapa.de\/en\/#organization","name":"Gantef\u00fchrer Wirtschaftspr\u00fcfer, Steuerberater, Rechtsanw\u00e4lte","url":"https:\/\/www.gamapa.de\/en\/","logo":{"@type":"ImageObject","inLanguage":"en-US","@id":"https:\/\/www.gamapa.de\/en\/#\/schema\/logo\/image\/","url":"https:\/\/www.gamapa.de\/wp-content\/uploads\/2026\/01\/Logo-Gantefuehrer.png","contentUrl":"https:\/\/www.gamapa.de\/wp-content\/uploads\/2026\/01\/Logo-Gantefuehrer.png","width":767,"height":156,"caption":"Gantef\u00fchrer Wirtschaftspr\u00fcfer, Steuerberater, Rechtsanw\u00e4lte"},"image":{"@id":"https:\/\/www.gamapa.de\/en\/#\/schema\/logo\/image\/"}}]}},"uagb_featured_image_src":{"full":["https:\/\/www.gamapa.de\/wp-content\/uploads\/2024\/12\/pexels-pavel-danilyuk-6539272-scaled.jpg",2560,1709,false],"thumbnail":["https:\/\/www.gamapa.de\/wp-content\/uploads\/2024\/12\/pexels-pavel-danilyuk-6539272-150x150.jpg",150,150,true],"medium":["https:\/\/www.gamapa.de\/wp-content\/uploads\/2024\/12\/pexels-pavel-danilyuk-6539272-600x401.jpg",600,401,true],"medium_large":["https:\/\/www.gamapa.de\/wp-content\/uploads\/2024\/12\/pexels-pavel-danilyuk-6539272-768x513.jpg",580,387,true],"large":["https:\/\/www.gamapa.de\/wp-content\/uploads\/2024\/12\/pexels-pavel-danilyuk-6539272-2397x1600.jpg",580,387,true],"gs-tiny":["https:\/\/www.gamapa.de\/wp-content\/uploads\/2024\/12\/pexels-pavel-danilyuk-6539272-50x33.jpg",50,33,true],"xl":["https:\/\/www.gamapa.de\/wp-content\/uploads\/2024\/12\/pexels-pavel-danilyuk-6539272-1600x1068.jpg",1600,1068,true],"xxl":["https:\/\/www.gamapa.de\/wp-content\/uploads\/2024\/12\/pexels-pavel-danilyuk-6539272-2200x1469.jpg",2200,1469,true],"xxxl":["https:\/\/www.gamapa.de\/wp-content\/uploads\/2024\/12\/pexels-pavel-danilyuk-6539272-2800x1869.jpg",2800,1869,true],"xxxxl":["https:\/\/www.gamapa.de\/wp-content\/uploads\/2024\/12\/pexels-pavel-danilyuk-6539272-3400x2270.jpg",3400,2270,true],"xxxxxl":["https:\/\/www.gamapa.de\/wp-content\/uploads\/2024\/12\/pexels-pavel-danilyuk-6539272-4000x2670.jpg",4000,2670,true],"1536x1536":["https:\/\/www.gamapa.de\/wp-content\/uploads\/2024\/12\/pexels-pavel-danilyuk-6539272-1536x1025.jpg",1536,1025,true],"2048x2048":["https:\/\/www.gamapa.de\/wp-content\/uploads\/2024\/12\/pexels-pavel-danilyuk-6539272-2048x1367.jpg",2048,1367,true],"post-thumbnail":["https:\/\/www.gamapa.de\/wp-content\/uploads\/2024\/12\/pexels-pavel-danilyuk-6539272-2697x1800.jpg",2697,1800,true],"twentytwenty-fullscreen":["https:\/\/www.gamapa.de\/wp-content\/uploads\/2024\/12\/pexels-pavel-danilyuk-6539272-2880x1922.jpg",2880,1922,true],"theme-slug-single-post":["https:\/\/www.gamapa.de\/wp-content\/uploads\/2024\/12\/pexels-pavel-danilyuk-6539272-1600x400.jpg",1600,400,true]},"uagb_author_info":{"display_name":"ninasenft","author_link":"https:\/\/www.gamapa.de\/en\/author\/ninasenft\/"},"uagb_comment_info":0,"uagb_excerpt":"Moving forward together Sport brings people together and promotes cohesion \u2013 an important contribution to society. Through our involvement in the sports sector, we aim to further expand our occupational health management programme and provide targeted support for local competitive sports in our home town, with which we have close ties. Your contact: Back to&hellip;","_links":{"self":[{"href":"https:\/\/www.gamapa.de\/en\/wp-json\/wp\/v2\/pages\/23599","targetHints":{"allow":["GET"]}}],"collection":[{"href":"https:\/\/www.gamapa.de\/en\/wp-json\/wp\/v2\/pages"}],"about":[{"href":"https:\/\/www.gamapa.de\/en\/wp-json\/wp\/v2\/types\/page"}],"author":[{"embeddable":true,"href":"https:\/\/www.gamapa.de\/en\/wp-json\/wp\/v2\/users\/11"}],"replies":[{"embeddable":true,"href":"https:\/\/www.gamapa.de\/en\/wp-json\/wp\/v2\/comments?post=23599"}],"version-history":[{"count":8,"href":"https:\/\/www.gamapa.de\/en\/wp-json\/wp\/v2\/pages\/23599\/revisions"}],"predecessor-version":[{"id":23691,"href":"https:\/\/www.gamapa.de\/en\/wp-json\/wp\/v2\/pages\/23599\/revisions\/23691"}],"up":[{"embeddable":true,"href":"https:\/\/www.gamapa.de\/en\/wp-json\/wp\/v2\/pages\/23594"}],"wp:featuredmedia":[{"embeddable":true,"href":"https:\/\/www.gamapa.de\/en\/wp-json\/wp\/v2\/media\/17191"}],"wp:attachment":[{"href":"https:\/\/www.gamapa.de\/en\/wp-json\/wp\/v2\/media?parent=23599"}],"curies":[{"name":"wp","href":"https:\/\/api.w.org\/{rel}","templated":true}]}}