

{"id":23607,"date":"2024-12-16T12:56:54","date_gmt":"2024-12-16T11:56:54","guid":{"rendered":"https:\/\/www.gamapa.de\/gesellschaftliches-engagement\/engagement-im-bereich-kunst-und-kultur\/"},"modified":"2026-01-21T10:13:34","modified_gmt":"2026-01-21T09:13:34","slug":"art-and-culture","status":"publish","type":"page","link":"https:\/\/www.gamapa.de\/en\/socialcommitment\/art-and-culture\/","title":{"rendered":"Commitment to art and culture"},"content":{"rendered":"\n<h2 class=\"wp-block-heading inhalt\">Passion for the focus of our company<\/h2>\n\n\n\n<p class=\"inhalt\">The visual arts have been a special area of expertise for our firm since its inception. This passion was developed by our founder and continues to be evident today.<\/p>\n\n\n\n<div style=\"height:40px\" aria-hidden=\"true\" class=\"wp-block-spacer\"><\/div>\n\n\n\n<div class=\"wp-block-pb-accordion-item c-accordion__item js-accordion-item no-js medi\" data-initially-open=\"false\" data-click-to-close=\"true\" data-auto-close=\"true\" data-scroll=\"false\" data-scroll-offset=\"0\"><h2 id=\"at-236070\" class=\"c-accordion__title js-accordion-controller\" role=\"button\">Dezain Crush<\/h2><div id=\"ac-236070\" class=\"c-accordion__content\">\n<p>In 2025, we were the official partner of <a href=\"http:\/\/dezain-crush.com\">Dezain Crush<\/a>, the Japanese-German design exhibition in D\u00fcsseldorf.<\/p>\n\n\n\n<section class=\"wp-block-uagb-section uagb-section__wrap uagb-section__background-none uagb-block-aed27b53\"><div class=\"uagb-section__overlay\"><\/div><div class=\"uagb-section__inner-wrap\">\n<figure class=\"wp-block-image size-full is-resized\"><img loading=\"lazy\" decoding=\"async\" width=\"453\" height=\"216\" src=\"https:\/\/www.gamapa.de\/wp-content\/uploads\/2025\/01\/dezain-crush-rot.png\" alt=\"Dezain Crush Logo\" class=\"wp-image-18632\" style=\"width:326px;height:auto\" srcset=\"https:\/\/www.gamapa.de\/wp-content\/uploads\/2025\/01\/dezain-crush-rot.png 453w, https:\/\/www.gamapa.de\/wp-content\/uploads\/2025\/01\/dezain-crush-rot-50x24.png 50w\" sizes=\"auto, (max-width: 453px) 100vw, 453px\" \/><\/figure>\n<\/div><\/section>\n<\/div><\/div>\n\n\n\n<div class=\"wp-block-pb-accordion-item c-accordion__item js-accordion-item no-js medi\" data-initially-open=\"false\" data-click-to-close=\"true\" data-auto-close=\"true\" data-scroll=\"false\" data-scroll-offset=\"0\"><h2 id=\"at-236071\" class=\"c-accordion__title js-accordion-controller\" role=\"button\">Club 111<\/h2><div id=\"ac-236071\" class=\"c-accordion__content\">\n<p>Gantef\u00fchrer was founded in D\u00fcsseldorf 50 years ago. That is why we feel closely connected to our hometown and its traditions, and it is particularly important to us to actively promote the D\u00fcsseldorf Carnival and our Rhineland customs.<\/p>\n\n\n\n<p>To mark our law firm&#8217;s anniversary in 2025 and the 200th anniversary of the D\u00fcsseldorf Carnival, we have joined the \u2018Club 111\u2019 of the <a href=\"https:\/\/www.helau.cc\/de\">Comitee D\u00fcsseldorfer Carneval e.V.<\/a> <br>Through this commitment, we want to help ensure that smaller clubs can also preserve our traditions and pass them on to future generations.<\/p>\n\n\n\n<section class=\"wp-block-uagb-section uagb-section__wrap uagb-section__background-none uagb-block-44a4321e\"><div class=\"uagb-section__overlay\"><\/div><div class=\"uagb-section__inner-wrap\">\n<figure class=\"wp-block-image size-full is-resized\"><img loading=\"lazy\" decoding=\"async\" width=\"2560\" height=\"1437\" src=\"https:\/\/www.gamapa.de\/wp-content\/uploads\/2025\/01\/Club-111-Logo-scaled.jpg\" alt=\"Club 111 Logo \" class=\"wp-image-18642\" style=\"width:326px;height:auto\" srcset=\"https:\/\/www.gamapa.de\/wp-content\/uploads\/2025\/01\/Club-111-Logo-scaled.jpg 2560w, https:\/\/www.gamapa.de\/wp-content\/uploads\/2025\/01\/Club-111-Logo-600x337.jpg 600w, https:\/\/www.gamapa.de\/wp-content\/uploads\/2025\/01\/Club-111-Logo-768x431.jpg 768w, https:\/\/www.gamapa.de\/wp-content\/uploads\/2025\/01\/Club-111-Logo-50x28.jpg 50w, https:\/\/www.gamapa.de\/wp-content\/uploads\/2025\/01\/Club-111-Logo-1600x898.jpg 1600w, https:\/\/www.gamapa.de\/wp-content\/uploads\/2025\/01\/Club-111-Logo-1536x862.jpg 1536w, https:\/\/www.gamapa.de\/wp-content\/uploads\/2025\/01\/Club-111-Logo-2048x1150.jpg 2048w\" sizes=\"auto, (max-width: 2560px) 100vw, 2560px\" \/><\/figure>\n<\/div><\/section>\n<\/div><\/div>\n\n\n\n<div class=\"wp-block-pb-accordion-item c-accordion__item js-accordion-item no-js medi\" data-initially-open=\"false\" data-click-to-close=\"true\" data-auto-close=\"true\" data-scroll=\"false\" data-scroll-offset=\"0\"><h2 id=\"at-236072\" class=\"c-accordion__title js-accordion-controller\" role=\"button\">Friends of the Design Department at D\u00fcsseldorf University of Applied Sciences<\/h2><div id=\"ac-236072\" class=\"c-accordion__content\">\n<p>We are supporters of the <a href=\"https:\/\/hsd-pbsa.de\/foerderverein\/\">Friends of the Design Department at D\u00fcsseldorf University of Applied Sciences<\/a>. <\/p>\n\n\n\n<section class=\"wp-block-uagb-section uagb-section__wrap uagb-section__background-none uagb-block-d460c333\"><div class=\"uagb-section__overlay\"><\/div><div class=\"uagb-section__inner-wrap\">\n<figure class=\"wp-block-image size-full\"><img loading=\"lazy\" decoding=\"async\" width=\"307\" height=\"164\" src=\"https:\/\/www.gamapa.de\/wp-content\/uploads\/2024\/12\/HSD.png\" alt=\"Hochschule D\u00fcsseldorf HSD Logo\" class=\"wp-image-17196\" srcset=\"https:\/\/www.gamapa.de\/wp-content\/uploads\/2024\/12\/HSD.png 307w, https:\/\/www.gamapa.de\/wp-content\/uploads\/2024\/12\/HSD-50x27.png 50w\" sizes=\"auto, (max-width: 307px) 100vw, 307px\" \/><\/figure>\n<\/div><\/section>\n\n\n\n<div style=\"height:66px\" aria-hidden=\"true\" class=\"wp-block-spacer\"><\/div>\n<\/div><\/div>\n\n\n\n<div class=\"wp-block-pb-accordion-item c-accordion__item js-accordion-item no-js medi\" data-initially-open=\"false\" data-click-to-close=\"true\" data-auto-close=\"true\" data-scroll=\"false\" data-scroll-offset=\"0\"><h2 id=\"at-236073\" class=\"c-accordion__title js-accordion-controller\" role=\"button\">Friends of the Museum Kunstpalast e.V.<\/h2><div id=\"ac-236073\" class=\"c-accordion__content\">\n<p>We are members of the Friends of the Kunstpalast Museum association.<\/p>\n\n\n\n<p> The primary task of the <a href=\"https:\/\/freunde.kunstpalast.de\/\">Friends of the Kunstpalast Museum association<\/a> is to promote the Kunstpalast and its partner institutions, the NRW Forum and Robert Schumann Hall.<\/p>\n\n\n\n<section class=\"wp-block-uagb-section uagb-section__wrap uagb-section__background-none uagb-block-f3ebe76e\"><div class=\"uagb-section__overlay\"><\/div><div class=\"uagb-section__inner-wrap\">\n<figure class=\"wp-block-image size-full is-resized\"><img loading=\"lazy\" decoding=\"async\" width=\"682\" height=\"249\" src=\"https:\/\/www.gamapa.de\/wp-content\/uploads\/2024\/12\/brandingfriends-kunstpalast.png\" alt=\"\" class=\"wp-image-18213\" style=\"width:440px;height:auto\" srcset=\"https:\/\/www.gamapa.de\/wp-content\/uploads\/2024\/12\/brandingfriends-kunstpalast.png 682w, https:\/\/www.gamapa.de\/wp-content\/uploads\/2024\/12\/brandingfriends-kunstpalast-600x219.png 600w, https:\/\/www.gamapa.de\/wp-content\/uploads\/2024\/12\/brandingfriends-kunstpalast-50x18.png 50w\" sizes=\"auto, (max-width: 682px) 100vw, 682px\" \/><\/figure>\n<\/div><\/section>\n\n\n\n<div style=\"height:66px\" aria-hidden=\"true\" class=\"wp-block-spacer\"><\/div>\n<\/div><\/div>\n\n\n\n<div class=\"wp-block-pb-accordion-item c-accordion__item js-accordion-item no-js medi\" data-initially-open=\"false\" data-click-to-close=\"true\" data-auto-close=\"true\" data-scroll=\"false\" data-scroll-offset=\"0\"><h2 id=\"at-236074\" class=\"c-accordion__title js-accordion-controller\" role=\"button\">Friends of Kunstsammlung NRW e.V.<\/h2><div id=\"ac-236074\" class=\"c-accordion__content\">\n<p> The <a href=\"https:\/\/www.kunstsammlung.de\/de\/engagement\/friends\/\">Friends of the Kunstsammlung Nordrhein-Westfalen e.V.<\/a> have been supporting the art collection since 1969.<\/p>\n\n\n\n<p>The association&#8217;s tasks are described most precisely in its statutes: the conceptual and material promotion of the Kunstsammlung Nordrhein-Westfalen. The focus is on the acquisition of works of art. Over the years \u2013 see \u2018Acquisitions\u2019 \u2013 many otherwise unattainable wishes of the art collection have been fulfilled.<\/p>\n\n\n\n<section class=\"wp-block-uagb-section uagb-section__wrap uagb-section__background-none uagb-block-4ffa4305\"><div class=\"uagb-section__overlay\"><\/div><div class=\"uagb-section__inner-wrap\">\n<figure class=\"wp-block-image size-full is-resized\"><img loading=\"lazy\" decoding=\"async\" width=\"305\" height=\"94\" src=\"https:\/\/www.gamapa.de\/wp-content\/uploads\/2024\/12\/freunde-Kunstsammlung.png\" alt=\"Freunde der Kunstsammlung NRW Logo\" class=\"wp-image-18220\" style=\"width:440px;height:auto\" srcset=\"https:\/\/www.gamapa.de\/wp-content\/uploads\/2024\/12\/freunde-Kunstsammlung.png 305w, https:\/\/www.gamapa.de\/wp-content\/uploads\/2024\/12\/freunde-Kunstsammlung-50x15.png 50w\" sizes=\"auto, (max-width: 305px) 100vw, 305px\" \/><\/figure>\n<\/div><\/section>\n\n\n\n<div style=\"height:66px\" aria-hidden=\"true\" class=\"wp-block-spacer\"><\/div>\n<\/div><\/div>\n\n\n\n<h3 class=\"wp-block-heading\">Your contact:<\/h3>\n\n\n\n<div class=\"wp-block-columns is-layout-flex wp-container-core-columns-is-layout-9d6595d7 wp-block-columns-is-layout-flex\">\n<div class=\"wp-block-column is-layout-flow wp-block-column-is-layout-flow\">\n<figure class=\"wp-block-image size-full\"><img loading=\"lazy\" decoding=\"async\" width=\"600\" height=\"389\" src=\"https:\/\/www.gamapa.de\/wp-content\/uploads\/2020\/08\/Niedermeyer-600x389-1.jpg\" alt=\"Vera Niedermeyer\" class=\"wp-image-8135\"\/><figcaption class=\"wp-element-caption\"><a href=\"https:\/\/www.gamapa.de\/en\/advisors\/vera-niedermeyer-attorney-at-law-mediator\/\">Vera Niedermeyer<\/a><\/figcaption><\/figure>\n<\/div>\n\n\n\n<div class=\"wp-block-column 2-5rem is-layout-flow wp-block-column-is-layout-flow\">\n<figure class=\"wp-block-image size-full\"><img loading=\"lazy\" decoding=\"async\" width=\"600\" height=\"389\" src=\"https:\/\/www.gamapa.de\/wp-content\/uploads\/2020\/08\/Schaar_1.jpg\" alt=\"R\u00fcdiger Schaar\" class=\"wp-image-15507\"\/><figcaption class=\"wp-element-caption\"><a href=\"https:\/\/www.gamapa.de\/en\/advisors\/ruediger-schaar-tax-consultant\/\">R\u00fcdiger Schaar<\/a><\/figcaption><\/figure>\n<\/div>\n<\/div>\n\n\n\n<div style=\"height:65px\" aria-hidden=\"true\" class=\"wp-block-spacer\"><\/div>\n\n\n\n<p>Back to the other areas in which we are personally and professionally involved:<\/p>\n\n\n\n<div class=\"wp-block-columns is-layout-flex wp-container-core-columns-is-layout-9d6595d7 wp-block-columns-is-layout-flex\">\n<div class=\"wp-block-column breites-raster med is-layout-flow wp-block-column-is-layout-flow\">\n<div class=\"wp-block-button\"><a class=\"wp-block-button__link has-background wp-element-button\" href=\"https:\/\/www.gamapa.de\/en\/https-www-gamapa-de-en-https-www-gamapa-de-en-socialcommitment\/engagement-in-sports\/\" style=\"background-color:#003565\">Sport<\/a><\/div>\n<\/div>\n\n\n\n<div class=\"wp-block-column med is-layout-flow wp-block-column-is-layout-flow\">\n<div class=\"wp-block-button\"><a class=\"wp-block-button__link has-background wp-element-button\" href=\"https:\/\/www.gamapa.de\/en\/https-www-gamapa-de-en-https-www-gamapa-de-en-socialcommitment\/sustainability-environment\/\" style=\"background-color:#003565\">Environment<\/a><\/div>\n<\/div>\n\n\n\n<div class=\"wp-block-column med is-layout-flow wp-block-column-is-layout-flow\">\n<div class=\"wp-block-button\"><a class=\"wp-block-button__link has-background wp-element-button\" href=\"https:\/\/www.gamapa.de\/en\/https-www-gamapa-de-en-https-www-gamapa-de-en-socialcommitment\/rooted-in-the-region\/\" style=\"background-color:#003565\">Lokal activities<\/a><\/div>\n<\/div>\n<\/div>\n\n\n\n<div class=\"wp-block-columns is-layout-flex wp-container-core-columns-is-layout-9d6595d7 wp-block-columns-is-layout-flex\"><\/div>\n","protected":false},"excerpt":{"rendered":"<p>Passion for the focus of our company The visual arts have been a special area of expertise for our firm since its inception. This passion was developed by our founder and continues to be evident today. Your contact: Back to the other areas in which we are personally and professionally involved:<\/p>\n","protected":false},"author":11,"featured_media":8954,"parent":23594,"menu_order":3,"comment_status":"closed","ping_status":"closed","template":"","meta":{"_acf_changed":false,"_uag_custom_page_level_css":"","footnotes":""},"class_list":["post-23607","page","type-page","status-publish","has-post-thumbnail","hentry"],"acf":[],"yoast_head":"<!-- This site is optimized with the Yoast SEO plugin v27.3 - https:\/\/yoast.com\/product\/yoast-seo-wordpress\/ -->\n<title>Art and Culture<\/title>\n<meta name=\"description\" content=\"Commitment to art and culture - Visual arts have been a special area of expertise for our firm since its inception.\" \/>\n<meta name=\"robots\" content=\"index, follow, max-snippet:-1, max-image-preview:large, max-video-preview:-1\" \/>\n<link rel=\"canonical\" href=\"https:\/\/www.gamapa.de\/en\/socialcommitment\/art-and-culture\/\" \/>\n<meta property=\"og:locale\" content=\"en_US\" \/>\n<meta property=\"og:type\" content=\"article\" \/>\n<meta property=\"og:title\" content=\"Art and Culture\" \/>\n<meta property=\"og:description\" content=\"Commitment to art and culture - Visual arts have been a special area of expertise for our firm since its inception.\" \/>\n<meta property=\"og:url\" content=\"https:\/\/www.gamapa.de\/en\/socialcommitment\/art-and-culture\/\" \/>\n<meta property=\"og:site_name\" content=\"GANTEF\u00dcHRER\" \/>\n<meta property=\"article:modified_time\" content=\"2026-01-21T09:13:34+00:00\" \/>\n<meta property=\"og:image\" content=\"https:\/\/www.gamapa.de\/wp-content\/uploads\/2021\/08\/Header-rat-scaled.jpg\" \/>\n\t<meta property=\"og:image:width\" content=\"2560\" \/>\n\t<meta property=\"og:image:height\" content=\"764\" \/>\n\t<meta property=\"og:image:type\" content=\"image\/jpeg\" \/>\n<meta name=\"twitter:card\" content=\"summary_large_image\" \/>\n<meta name=\"twitter:label1\" content=\"Est. reading time\" \/>\n\t<meta name=\"twitter:data1\" content=\"4 minutes\" \/>\n<script type=\"application\/ld+json\" class=\"yoast-schema-graph\">{\"@context\":\"https:\\\/\\\/schema.org\",\"@graph\":[{\"@type\":\"WebPage\",\"@id\":\"https:\\\/\\\/www.gamapa.de\\\/en\\\/socialcommitment\\\/art-and-culture\\\/\",\"url\":\"https:\\\/\\\/www.gamapa.de\\\/en\\\/socialcommitment\\\/art-and-culture\\\/\",\"name\":\"Art and Culture\",\"isPartOf\":{\"@id\":\"https:\\\/\\\/www.gamapa.de\\\/en\\\/#website\"},\"primaryImageOfPage\":{\"@id\":\"https:\\\/\\\/www.gamapa.de\\\/en\\\/socialcommitment\\\/art-and-culture\\\/#primaryimage\"},\"image\":{\"@id\":\"https:\\\/\\\/www.gamapa.de\\\/en\\\/socialcommitment\\\/art-and-culture\\\/#primaryimage\"},\"thumbnailUrl\":\"https:\\\/\\\/www.gamapa.de\\\/wp-content\\\/uploads\\\/2021\\\/08\\\/Header-rat-scaled.jpg\",\"datePublished\":\"2024-12-16T11:56:54+00:00\",\"dateModified\":\"2026-01-21T09:13:34+00:00\",\"description\":\"Commitment to art and culture - Visual arts have been a special area of expertise for our firm since its inception.\",\"breadcrumb\":{\"@id\":\"https:\\\/\\\/www.gamapa.de\\\/en\\\/socialcommitment\\\/art-and-culture\\\/#breadcrumb\"},\"inLanguage\":\"en-US\",\"potentialAction\":[{\"@type\":\"ReadAction\",\"target\":[\"https:\\\/\\\/www.gamapa.de\\\/en\\\/socialcommitment\\\/art-and-culture\\\/\"]}]},{\"@type\":\"ImageObject\",\"inLanguage\":\"en-US\",\"@id\":\"https:\\\/\\\/www.gamapa.de\\\/en\\\/socialcommitment\\\/art-and-culture\\\/#primaryimage\",\"url\":\"https:\\\/\\\/www.gamapa.de\\\/wp-content\\\/uploads\\\/2021\\\/08\\\/Header-rat-scaled.jpg\",\"contentUrl\":\"https:\\\/\\\/www.gamapa.de\\\/wp-content\\\/uploads\\\/2021\\\/08\\\/Header-rat-scaled.jpg\",\"width\":2560,\"height\":764},{\"@type\":\"BreadcrumbList\",\"@id\":\"https:\\\/\\\/www.gamapa.de\\\/en\\\/socialcommitment\\\/art-and-culture\\\/#breadcrumb\",\"itemListElement\":[{\"@type\":\"ListItem\",\"position\":1,\"name\":\"Startseite\",\"item\":\"https:\\\/\\\/www.gamapa.de\\\/en\\\/\"},{\"@type\":\"ListItem\",\"position\":2,\"name\":\"Social commitment\",\"item\":\"https:\\\/\\\/www.gamapa.de\\\/en\\\/socialcommitment\\\/\"},{\"@type\":\"ListItem\",\"position\":3,\"name\":\"Commitment to art and culture\"}]},{\"@type\":\"WebSite\",\"@id\":\"https:\\\/\\\/www.gamapa.de\\\/en\\\/#website\",\"url\":\"https:\\\/\\\/www.gamapa.de\\\/en\\\/\",\"name\":\"GANTEF\u00dcHRER\",\"description\":\"Wirtschaftspr\u00fcfer, Steuerberater, Rechtsanw\u00e4lte\",\"publisher\":{\"@id\":\"https:\\\/\\\/www.gamapa.de\\\/en\\\/#organization\"},\"potentialAction\":[{\"@type\":\"SearchAction\",\"target\":{\"@type\":\"EntryPoint\",\"urlTemplate\":\"https:\\\/\\\/www.gamapa.de\\\/en\\\/?s={search_term_string}\"},\"query-input\":{\"@type\":\"PropertyValueSpecification\",\"valueRequired\":true,\"valueName\":\"search_term_string\"}}],\"inLanguage\":\"en-US\"},{\"@type\":\"Organization\",\"@id\":\"https:\\\/\\\/www.gamapa.de\\\/en\\\/#organization\",\"name\":\"Gantef\u00fchrer Wirtschaftspr\u00fcfer, Steuerberater, Rechtsanw\u00e4lte\",\"url\":\"https:\\\/\\\/www.gamapa.de\\\/en\\\/\",\"logo\":{\"@type\":\"ImageObject\",\"inLanguage\":\"en-US\",\"@id\":\"https:\\\/\\\/www.gamapa.de\\\/en\\\/#\\\/schema\\\/logo\\\/image\\\/\",\"url\":\"https:\\\/\\\/www.gamapa.de\\\/wp-content\\\/uploads\\\/2026\\\/01\\\/Logo-Gantefuehrer.png\",\"contentUrl\":\"https:\\\/\\\/www.gamapa.de\\\/wp-content\\\/uploads\\\/2026\\\/01\\\/Logo-Gantefuehrer.png\",\"width\":767,\"height\":156,\"caption\":\"Gantef\u00fchrer Wirtschaftspr\u00fcfer, Steuerberater, Rechtsanw\u00e4lte\"},\"image\":{\"@id\":\"https:\\\/\\\/www.gamapa.de\\\/en\\\/#\\\/schema\\\/logo\\\/image\\\/\"}}]}<\/script>\n<!-- \/ Yoast SEO plugin. -->","yoast_head_json":{"title":"Art and Culture","description":"Commitment to art and culture - Visual arts have been a special area of expertise for our firm since its inception.","robots":{"index":"index","follow":"follow","max-snippet":"max-snippet:-1","max-image-preview":"max-image-preview:large","max-video-preview":"max-video-preview:-1"},"canonical":"https:\/\/www.gamapa.de\/en\/socialcommitment\/art-and-culture\/","og_locale":"en_US","og_type":"article","og_title":"Art and Culture","og_description":"Commitment to art and culture - Visual arts have been a special area of expertise for our firm since its inception.","og_url":"https:\/\/www.gamapa.de\/en\/socialcommitment\/art-and-culture\/","og_site_name":"GANTEF\u00dcHRER","article_modified_time":"2026-01-21T09:13:34+00:00","og_image":[{"width":2560,"height":764,"url":"https:\/\/www.gamapa.de\/wp-content\/uploads\/2021\/08\/Header-rat-scaled.jpg","type":"image\/jpeg"}],"twitter_card":"summary_large_image","twitter_misc":{"Est. reading time":"4 minutes"},"schema":{"@context":"https:\/\/schema.org","@graph":[{"@type":"WebPage","@id":"https:\/\/www.gamapa.de\/en\/socialcommitment\/art-and-culture\/","url":"https:\/\/www.gamapa.de\/en\/socialcommitment\/art-and-culture\/","name":"Art and Culture","isPartOf":{"@id":"https:\/\/www.gamapa.de\/en\/#website"},"primaryImageOfPage":{"@id":"https:\/\/www.gamapa.de\/en\/socialcommitment\/art-and-culture\/#primaryimage"},"image":{"@id":"https:\/\/www.gamapa.de\/en\/socialcommitment\/art-and-culture\/#primaryimage"},"thumbnailUrl":"https:\/\/www.gamapa.de\/wp-content\/uploads\/2021\/08\/Header-rat-scaled.jpg","datePublished":"2024-12-16T11:56:54+00:00","dateModified":"2026-01-21T09:13:34+00:00","description":"Commitment to art and culture - Visual arts have been a special area of expertise for our firm since its inception.","breadcrumb":{"@id":"https:\/\/www.gamapa.de\/en\/socialcommitment\/art-and-culture\/#breadcrumb"},"inLanguage":"en-US","potentialAction":[{"@type":"ReadAction","target":["https:\/\/www.gamapa.de\/en\/socialcommitment\/art-and-culture\/"]}]},{"@type":"ImageObject","inLanguage":"en-US","@id":"https:\/\/www.gamapa.de\/en\/socialcommitment\/art-and-culture\/#primaryimage","url":"https:\/\/www.gamapa.de\/wp-content\/uploads\/2021\/08\/Header-rat-scaled.jpg","contentUrl":"https:\/\/www.gamapa.de\/wp-content\/uploads\/2021\/08\/Header-rat-scaled.jpg","width":2560,"height":764},{"@type":"BreadcrumbList","@id":"https:\/\/www.gamapa.de\/en\/socialcommitment\/art-and-culture\/#breadcrumb","itemListElement":[{"@type":"ListItem","position":1,"name":"Startseite","item":"https:\/\/www.gamapa.de\/en\/"},{"@type":"ListItem","position":2,"name":"Social commitment","item":"https:\/\/www.gamapa.de\/en\/socialcommitment\/"},{"@type":"ListItem","position":3,"name":"Commitment to art and culture"}]},{"@type":"WebSite","@id":"https:\/\/www.gamapa.de\/en\/#website","url":"https:\/\/www.gamapa.de\/en\/","name":"GANTEF\u00dcHRER","description":"Wirtschaftspr\u00fcfer, Steuerberater, Rechtsanw\u00e4lte","publisher":{"@id":"https:\/\/www.gamapa.de\/en\/#organization"},"potentialAction":[{"@type":"SearchAction","target":{"@type":"EntryPoint","urlTemplate":"https:\/\/www.gamapa.de\/en\/?s={search_term_string}"},"query-input":{"@type":"PropertyValueSpecification","valueRequired":true,"valueName":"search_term_string"}}],"inLanguage":"en-US"},{"@type":"Organization","@id":"https:\/\/www.gamapa.de\/en\/#organization","name":"Gantef\u00fchrer Wirtschaftspr\u00fcfer, Steuerberater, Rechtsanw\u00e4lte","url":"https:\/\/www.gamapa.de\/en\/","logo":{"@type":"ImageObject","inLanguage":"en-US","@id":"https:\/\/www.gamapa.de\/en\/#\/schema\/logo\/image\/","url":"https:\/\/www.gamapa.de\/wp-content\/uploads\/2026\/01\/Logo-Gantefuehrer.png","contentUrl":"https:\/\/www.gamapa.de\/wp-content\/uploads\/2026\/01\/Logo-Gantefuehrer.png","width":767,"height":156,"caption":"Gantef\u00fchrer Wirtschaftspr\u00fcfer, Steuerberater, Rechtsanw\u00e4lte"},"image":{"@id":"https:\/\/www.gamapa.de\/en\/#\/schema\/logo\/image\/"}}]}},"uagb_featured_image_src":{"full":["https:\/\/www.gamapa.de\/wp-content\/uploads\/2021\/08\/Header-rat-scaled.jpg",2560,764,false],"thumbnail":["https:\/\/www.gamapa.de\/wp-content\/uploads\/2021\/08\/Header-rat-150x150.jpg",150,150,true],"medium":["https:\/\/www.gamapa.de\/wp-content\/uploads\/2021\/08\/Header-rat-600x179.jpg",600,179,true],"medium_large":["https:\/\/www.gamapa.de\/wp-content\/uploads\/2021\/08\/Header-rat-768x229.jpg",580,173,true],"large":["https:\/\/www.gamapa.de\/wp-content\/uploads\/2021\/08\/Header-rat-scaled.jpg",580,173,false],"gs-tiny":["https:\/\/www.gamapa.de\/wp-content\/uploads\/2021\/08\/Header-rat-scaled.jpg",50,15,false],"xl":["https:\/\/www.gamapa.de\/wp-content\/uploads\/2021\/08\/Header-rat-1600x477.jpg",1600,477,true],"xxl":["https:\/\/www.gamapa.de\/wp-content\/uploads\/2021\/08\/Header-rat-2200x656.jpg",2200,656,true],"xxxl":["https:\/\/www.gamapa.de\/wp-content\/uploads\/2021\/08\/Header-rat-2800x835.jpg",2800,835,true],"xxxxl":["https:\/\/www.gamapa.de\/wp-content\/uploads\/2021\/08\/Header-rat-scaled.jpg",2560,764,false],"xxxxxl":["https:\/\/www.gamapa.de\/wp-content\/uploads\/2021\/08\/Header-rat-scaled.jpg",2560,764,false],"1536x1536":["https:\/\/www.gamapa.de\/wp-content\/uploads\/2021\/08\/Header-rat-1536x458.jpg",1536,458,true],"2048x2048":["https:\/\/www.gamapa.de\/wp-content\/uploads\/2021\/08\/Header-rat-2048x611.jpg",2048,611,true],"post-thumbnail":["https:\/\/www.gamapa.de\/wp-content\/uploads\/2021\/08\/Header-rat-scaled.jpg",2560,764,false],"twentytwenty-fullscreen":["https:\/\/www.gamapa.de\/wp-content\/uploads\/2021\/08\/Header-rat-scaled.jpg",2560,764,false],"theme-slug-single-post":["https:\/\/www.gamapa.de\/wp-content\/uploads\/2021\/08\/Header-rat-1600x400.jpg",1600,400,true]},"uagb_author_info":{"display_name":"ninasenft","author_link":"https:\/\/www.gamapa.de\/en\/author\/ninasenft\/"},"uagb_comment_info":0,"uagb_excerpt":"Passion for the focus of our company The visual arts have been a special area of expertise for our firm since its inception. This passion was developed by our founder and continues to be evident today. Your contact: Back to the other areas in which we are personally and professionally involved:","_links":{"self":[{"href":"https:\/\/www.gamapa.de\/en\/wp-json\/wp\/v2\/pages\/23607","targetHints":{"allow":["GET"]}}],"collection":[{"href":"https:\/\/www.gamapa.de\/en\/wp-json\/wp\/v2\/pages"}],"about":[{"href":"https:\/\/www.gamapa.de\/en\/wp-json\/wp\/v2\/types\/page"}],"author":[{"embeddable":true,"href":"https:\/\/www.gamapa.de\/en\/wp-json\/wp\/v2\/users\/11"}],"replies":[{"embeddable":true,"href":"https:\/\/www.gamapa.de\/en\/wp-json\/wp\/v2\/comments?post=23607"}],"version-history":[{"count":6,"href":"https:\/\/www.gamapa.de\/en\/wp-json\/wp\/v2\/pages\/23607\/revisions"}],"predecessor-version":[{"id":23692,"href":"https:\/\/www.gamapa.de\/en\/wp-json\/wp\/v2\/pages\/23607\/revisions\/23692"}],"up":[{"embeddable":true,"href":"https:\/\/www.gamapa.de\/en\/wp-json\/wp\/v2\/pages\/23594"}],"wp:featuredmedia":[{"embeddable":true,"href":"https:\/\/www.gamapa.de\/en\/wp-json\/wp\/v2\/media\/8954"}],"wp:attachment":[{"href":"https:\/\/www.gamapa.de\/en\/wp-json\/wp\/v2\/media?parent=23607"}],"curies":[{"name":"wp","href":"https:\/\/api.w.org\/{rel}","templated":true}]}}