

{"id":23615,"date":"2024-12-16T12:49:01","date_gmt":"2024-12-16T11:49:01","guid":{"rendered":"https:\/\/www.gamapa.de\/gesellschaftliches-engagement\/nachhaltigkeit-und-umwelt\/"},"modified":"2026-01-21T10:15:08","modified_gmt":"2026-01-21T09:15:08","slug":"sustainability-environment","status":"publish","type":"page","link":"https:\/\/www.gamapa.de\/en\/socialcommitment\/sustainability-environment\/","title":{"rendered":"Sustainability and the environment"},"content":{"rendered":"\n<h2 class=\"wp-block-heading inhalt\">Responsibility for nature<\/h2>\n\n\n\n<p>As a company, our actions give us a special responsibility for preserving global natural resources and using resources sparingly. We therefore want to avoid harming the environment and ecosystems as much as possible and preserve biological diversity. Continuously improving the sustainability of our products, services and processes is a central part of what we do. We use natural resources, raw materials and other goods as efficiently as possible, taking into account the entire value chain, including use and disposal at the end of the products&#8217; service life, with the aim of recycling materials as much as possible. We involve suppliers and customers in this process.<\/p>\n\n\n\n<p>As far as possible, we avoid long business trips by plane or car. We also want to contribute to the mobility transition and subsidise our team&#8217;s Germany-wide rail ticket. However, we always offer our clients the opportunity to look their advisor in the eye via video conferencing. In the area of payroll and financial accounting, we operate as a digital firm.<\/p>\n\n\n\n<h3 class=\"wp-block-heading\">We are also involved in the following networks:<\/h3>\n\n\n\n<div style=\"height:37px\" aria-hidden=\"true\" class=\"wp-block-spacer\"><\/div>\n\n\n\n<div class=\"wp-block-pb-accordion-item c-accordion__item js-accordion-item no-js medi\" data-initially-open=\"false\" data-click-to-close=\"true\" data-auto-close=\"true\" data-scroll=\"false\" data-scroll-offset=\"0\"><h2 id=\"at-236150\" class=\"c-accordion__title js-accordion-controller\" role=\"button\">D\u00fcsseldorf Climate Pact<\/h2><div id=\"ac-236150\" class=\"c-accordion__content\">\n<p>Climate neutral by 2035 \u2013 with this goal in mind, the state capital of D\u00fcsseldorf, the D\u00fcsseldorf Chamber of Industry and Commerce, the D\u00fcsseldorf Chamber of Crafts and the D\u00fcsseldorf District Craftsmen&#8217;s Association founded the \u2018D\u00fcsseldorf Climate Pact with Industry\u2019. As a committed law firm, we have joined the <a href=\"https:\/\/klimapakt-duesseldorf.de\/\">D\u00fcsseldorf Climate Pact<\/a>, signed the climate agreement and want to do our part to ensure that D\u00fcsseldorf is climate neutral by 2035.<\/p>\n\n\n\n<section class=\"wp-block-uagb-section uagb-section__wrap uagb-section__background-none uagb-block-7076d4cd\"><div class=\"uagb-section__overlay\"><\/div><div class=\"uagb-section__inner-wrap\">\n<figure class=\"wp-block-image size-full is-resized\"><img loading=\"lazy\" decoding=\"async\" width=\"700\" height=\"232\" src=\"https:\/\/www.gamapa.de\/wp-content\/uploads\/2023\/05\/Klimapakt_Aktionslogo_Klimapartner_RGB_farbig-2880x1186-1.jpg\" alt=\"\" class=\"wp-image-14543\" style=\"width:404px;height:auto\" srcset=\"https:\/\/www.gamapa.de\/wp-content\/uploads\/2023\/05\/Klimapakt_Aktionslogo_Klimapartner_RGB_farbig-2880x1186-1.jpg 700w, https:\/\/www.gamapa.de\/wp-content\/uploads\/2023\/05\/Klimapakt_Aktionslogo_Klimapartner_RGB_farbig-2880x1186-1-600x199.jpg 600w\" sizes=\"auto, (max-width: 700px) 100vw, 700px\" \/><\/figure>\n<\/div><\/section>\n<\/div><\/div>\n\n\n\n<p><\/p>\n\n\n\n<div class=\"wp-block-pb-accordion-item c-accordion__item js-accordion-item no-js medi\" data-initially-open=\"false\" data-click-to-close=\"true\" data-auto-close=\"true\" data-scroll=\"false\" data-scroll-offset=\"0\"><h2 id=\"at-236151\" class=\"c-accordion__title js-accordion-controller\" role=\"button\">B.A.U.M.-Codex<\/h2><div id=\"ac-236151\" class=\"c-accordion__content\">\n<p>Our law firm is part of <a href=\"https:\/\/www.baumev.de\/Kodex\">B.A.U.M. e.V.<\/a>, a network that is committed to promoting a central concern: creating a future worth living through sustainable management within the limits of the planet. As members of the B.A.U.M. support group, we are committed to acting in accordance with the B.A.U.M. Code for Sustainable Business and actively promote its implementation.<\/p>\n\n\n\n<section class=\"wp-block-uagb-section uagb-section__wrap uagb-section__background-none uagb-block-e10f3879\"><div class=\"uagb-section__overlay\"><\/div><div class=\"uagb-section__inner-wrap\">\n<figure class=\"wp-block-image size-full is-resized\"><img loading=\"lazy\" decoding=\"async\" width=\"1549\" height=\"1222\" src=\"https:\/\/www.gamapa.de\/wp-content\/uploads\/2024\/03\/210107_BAUM_Logo_RGB_mit_Claim.png\" alt=\"\" class=\"wp-image-15702\" style=\"width:243px;height:auto\" srcset=\"https:\/\/www.gamapa.de\/wp-content\/uploads\/2024\/03\/210107_BAUM_Logo_RGB_mit_Claim.png 1549w, https:\/\/www.gamapa.de\/wp-content\/uploads\/2024\/03\/210107_BAUM_Logo_RGB_mit_Claim-600x473.png 600w, https:\/\/www.gamapa.de\/wp-content\/uploads\/2024\/03\/210107_BAUM_Logo_RGB_mit_Claim-768x606.png 768w, https:\/\/www.gamapa.de\/wp-content\/uploads\/2024\/03\/210107_BAUM_Logo_RGB_mit_Claim-1536x1212.png 1536w\" sizes=\"auto, (max-width: 1549px) 100vw, 1549px\" \/><\/figure>\n<\/div><\/section>\n<\/div><\/div>\n\n\n\n<div class=\"wp-block-pb-accordion-item c-accordion__item js-accordion-item no-js medi\" data-initially-open=\"false\" data-click-to-close=\"true\" data-auto-close=\"true\" data-scroll=\"false\" data-scroll-offset=\"0\"><h2 id=\"at-236152\" class=\"c-accordion__title js-accordion-controller\" role=\"button\">Trees for babies<\/h2><div id=\"ac-236152\" class=\"c-accordion__content\">\n<p>2024 marks the beginning of a new, sustainable tradition at our law firm: to celebrate the birth of a child in our Gantef\u00fchrer family, the proud parents will receive a special certificate from us, among other things. This certificate represents our commitment to a greener future \u2013 a donation to the D\u00fcsseldorf Parks Department, which will plant a tree in our name. With every birth, we <a href=\"https:\/\/www.duesseldorf.de\/stadtgruen\/baeume-in-der-stadt\/strassenbaum\">donate a tree to our city<\/a>.<\/p>\n\n\n\n<p><\/p>\n<\/div><\/div>\n\n\n\n<h3 class=\"wp-block-heading\">Your contact:<\/h3>\n\n\n\n<div class=\"wp-block-columns is-layout-flex wp-container-core-columns-is-layout-9d6595d7 wp-block-columns-is-layout-flex\">\n<div class=\"wp-block-column is-layout-flow wp-block-column-is-layout-flow\">\n<figure class=\"wp-block-image size-full\"><img loading=\"lazy\" decoding=\"async\" width=\"600\" height=\"389\" src=\"https:\/\/www.gamapa.de\/wp-content\/uploads\/2022\/11\/Troost_1.jpg\" alt=\"Daniel Troost, Steuerberater, Wirtschaftsmediator, Partner, Gantef\u00fchrer - \nSteuerberater, Rechtsanw\u00e4lte, Wirtschaftspr\u00fcfer\" class=\"wp-image-13723\"\/><figcaption class=\"wp-element-caption\"><a href=\"https:\/\/www.gamapa.de\/en\/advisors\/daniel-troost-tax-consultant-partner\/\">Daniel Troost<\/a><\/figcaption><\/figure>\n<\/div>\n\n\n\n<div class=\"wp-block-column 2-5rem is-layout-flow wp-block-column-is-layout-flow\"><\/div>\n<\/div>\n\n\n\n<div style=\"height:40px\" aria-hidden=\"true\" class=\"wp-block-spacer\"><\/div>\n\n\n\n<p>Back to the other areas in which we are personally and professionally involved:<\/p>\n\n\n\n<div class=\"wp-block-columns is-layout-flex wp-container-core-columns-is-layout-9d6595d7 wp-block-columns-is-layout-flex\">\n<div class=\"wp-block-column breites-raster med is-layout-flow wp-block-column-is-layout-flow\">\n<div class=\"wp-block-button\"><a class=\"wp-block-button__link has-background wp-element-button\" href=\"https:\/\/www.gamapa.de\/en\/https-www-gamapa-de-en-https-www-gamapa-de-en-socialcommitment\/art-and-culture\/\" style=\"background-color:#003565\">Fine arts &amp; cultural activities<\/a><\/div>\n<\/div>\n\n\n\n<div class=\"wp-block-column med is-layout-flow wp-block-column-is-layout-flow\">\n<div class=\"wp-block-button\"><a class=\"wp-block-button__link has-background wp-element-button\" href=\"https:\/\/www.gamapa.de\/en\/https-www-gamapa-de-en-https-www-gamapa-de-en-socialcommitment\/engagement-in-sports\/\" style=\"background-color:#003565\">Sport<\/a><\/div>\n<\/div>\n\n\n\n<div class=\"wp-block-column med is-layout-flow wp-block-column-is-layout-flow\">\n<div class=\"wp-block-button\"><a class=\"wp-block-button__link has-background wp-element-button\" href=\"https:\/\/www.gamapa.de\/en\/https-www-gamapa-de-en-https-www-gamapa-de-en-socialcommitment\/rooted-in-the-region\/\" style=\"background-color:#003565\">Lokal Activities<\/a><\/div>\n<\/div>\n<\/div>\n\n\n\n<div class=\"wp-block-columns is-layout-flex wp-container-core-columns-is-layout-9d6595d7 wp-block-columns-is-layout-flex\"><\/div>\n","protected":false},"excerpt":{"rendered":"<p>Responsibility for nature As a company, our actions give us a special responsibility for preserving global natural resources and using resources sparingly. We therefore want to avoid harming the environment and ecosystems as much as possible and preserve biological diversity. Continuously improving the sustainability of our products, services and processes is a central part of <a href=\"https:\/\/www.gamapa.de\/en\/socialcommitment\/sustainability-environment\/\">[\u2026]<\/a><\/p>\n","protected":false},"author":11,"featured_media":15268,"parent":23594,"menu_order":1,"comment_status":"closed","ping_status":"closed","template":"","meta":{"_acf_changed":false,"_uag_custom_page_level_css":"","footnotes":""},"class_list":["post-23615","page","type-page","status-publish","has-post-thumbnail","hentry"],"acf":[],"yoast_head":"<!-- This site is optimized with the Yoast SEO plugin v27.3 - https:\/\/yoast.com\/product\/yoast-seo-wordpress\/ -->\n<title>Nachhaltigkeit und Umwelt<\/title>\n<meta name=\"description\" content=\"Als Unternehmen f\u00f6rdern wir nachhaltiges Wirtschaften und setzen uns f\u00fcr den Schutz nat\u00fcrlicher Lebensgrundlagen und Ressourcenschonung ein.\" \/>\n<meta name=\"robots\" content=\"index, follow, max-snippet:-1, max-image-preview:large, max-video-preview:-1\" \/>\n<link rel=\"canonical\" href=\"https:\/\/www.gamapa.de\/en\/socialcommitment\/sustainability-environment\/\" \/>\n<meta property=\"og:locale\" content=\"en_US\" \/>\n<meta property=\"og:type\" content=\"article\" \/>\n<meta property=\"og:title\" content=\"Nachhaltigkeit und Umwelt\" \/>\n<meta property=\"og:description\" content=\"Als Unternehmen f\u00f6rdern wir nachhaltiges Wirtschaften und setzen uns f\u00fcr den Schutz nat\u00fcrlicher Lebensgrundlagen und Ressourcenschonung ein.\" \/>\n<meta property=\"og:url\" content=\"https:\/\/www.gamapa.de\/en\/socialcommitment\/sustainability-environment\/\" \/>\n<meta property=\"og:site_name\" content=\"GANTEF\u00dcHRER\" \/>\n<meta property=\"article:modified_time\" content=\"2026-01-21T09:15:08+00:00\" \/>\n<meta property=\"og:image\" content=\"https:\/\/www.gamapa.de\/wp-content\/uploads\/2023\/11\/Nachhaltigkeit-5.jpg\" \/>\n\t<meta property=\"og:image:width\" content=\"2560\" \/>\n\t<meta property=\"og:image:height\" content=\"764\" \/>\n\t<meta property=\"og:image:type\" content=\"image\/jpeg\" \/>\n<meta name=\"twitter:card\" content=\"summary_large_image\" \/>\n<meta name=\"twitter:label1\" content=\"Est. reading time\" \/>\n\t<meta name=\"twitter:data1\" content=\"4 minutes\" \/>\n<script type=\"application\/ld+json\" class=\"yoast-schema-graph\">{\"@context\":\"https:\\\/\\\/schema.org\",\"@graph\":[{\"@type\":\"WebPage\",\"@id\":\"https:\\\/\\\/www.gamapa.de\\\/en\\\/socialcommitment\\\/sustainability-environment\\\/\",\"url\":\"https:\\\/\\\/www.gamapa.de\\\/en\\\/socialcommitment\\\/sustainability-environment\\\/\",\"name\":\"Nachhaltigkeit und Umwelt\",\"isPartOf\":{\"@id\":\"https:\\\/\\\/www.gamapa.de\\\/en\\\/#website\"},\"primaryImageOfPage\":{\"@id\":\"https:\\\/\\\/www.gamapa.de\\\/en\\\/socialcommitment\\\/sustainability-environment\\\/#primaryimage\"},\"image\":{\"@id\":\"https:\\\/\\\/www.gamapa.de\\\/en\\\/socialcommitment\\\/sustainability-environment\\\/#primaryimage\"},\"thumbnailUrl\":\"https:\\\/\\\/www.gamapa.de\\\/wp-content\\\/uploads\\\/2023\\\/11\\\/Nachhaltigkeit-5.jpg\",\"datePublished\":\"2024-12-16T11:49:01+00:00\",\"dateModified\":\"2026-01-21T09:15:08+00:00\",\"description\":\"Als Unternehmen f\u00f6rdern wir nachhaltiges Wirtschaften und setzen uns f\u00fcr den Schutz nat\u00fcrlicher Lebensgrundlagen und Ressourcenschonung ein.\",\"breadcrumb\":{\"@id\":\"https:\\\/\\\/www.gamapa.de\\\/en\\\/socialcommitment\\\/sustainability-environment\\\/#breadcrumb\"},\"inLanguage\":\"en-US\",\"potentialAction\":[{\"@type\":\"ReadAction\",\"target\":[\"https:\\\/\\\/www.gamapa.de\\\/en\\\/socialcommitment\\\/sustainability-environment\\\/\"]}]},{\"@type\":\"ImageObject\",\"inLanguage\":\"en-US\",\"@id\":\"https:\\\/\\\/www.gamapa.de\\\/en\\\/socialcommitment\\\/sustainability-environment\\\/#primaryimage\",\"url\":\"https:\\\/\\\/www.gamapa.de\\\/wp-content\\\/uploads\\\/2023\\\/11\\\/Nachhaltigkeit-5.jpg\",\"contentUrl\":\"https:\\\/\\\/www.gamapa.de\\\/wp-content\\\/uploads\\\/2023\\\/11\\\/Nachhaltigkeit-5.jpg\",\"width\":2560,\"height\":764,\"caption\":\"Nachhaltige Unternehmensf\u00fchrung\"},{\"@type\":\"BreadcrumbList\",\"@id\":\"https:\\\/\\\/www.gamapa.de\\\/en\\\/socialcommitment\\\/sustainability-environment\\\/#breadcrumb\",\"itemListElement\":[{\"@type\":\"ListItem\",\"position\":1,\"name\":\"Startseite\",\"item\":\"https:\\\/\\\/www.gamapa.de\\\/en\\\/\"},{\"@type\":\"ListItem\",\"position\":2,\"name\":\"Social commitment\",\"item\":\"https:\\\/\\\/www.gamapa.de\\\/en\\\/socialcommitment\\\/\"},{\"@type\":\"ListItem\",\"position\":3,\"name\":\"Sustainability and the environment\"}]},{\"@type\":\"WebSite\",\"@id\":\"https:\\\/\\\/www.gamapa.de\\\/en\\\/#website\",\"url\":\"https:\\\/\\\/www.gamapa.de\\\/en\\\/\",\"name\":\"GANTEF\u00dcHRER\",\"description\":\"Wirtschaftspr\u00fcfer, Steuerberater, Rechtsanw\u00e4lte\",\"publisher\":{\"@id\":\"https:\\\/\\\/www.gamapa.de\\\/en\\\/#organization\"},\"potentialAction\":[{\"@type\":\"SearchAction\",\"target\":{\"@type\":\"EntryPoint\",\"urlTemplate\":\"https:\\\/\\\/www.gamapa.de\\\/en\\\/?s={search_term_string}\"},\"query-input\":{\"@type\":\"PropertyValueSpecification\",\"valueRequired\":true,\"valueName\":\"search_term_string\"}}],\"inLanguage\":\"en-US\"},{\"@type\":\"Organization\",\"@id\":\"https:\\\/\\\/www.gamapa.de\\\/en\\\/#organization\",\"name\":\"Gantef\u00fchrer Wirtschaftspr\u00fcfer, Steuerberater, Rechtsanw\u00e4lte\",\"url\":\"https:\\\/\\\/www.gamapa.de\\\/en\\\/\",\"logo\":{\"@type\":\"ImageObject\",\"inLanguage\":\"en-US\",\"@id\":\"https:\\\/\\\/www.gamapa.de\\\/en\\\/#\\\/schema\\\/logo\\\/image\\\/\",\"url\":\"https:\\\/\\\/www.gamapa.de\\\/wp-content\\\/uploads\\\/2026\\\/01\\\/Logo-Gantefuehrer.png\",\"contentUrl\":\"https:\\\/\\\/www.gamapa.de\\\/wp-content\\\/uploads\\\/2026\\\/01\\\/Logo-Gantefuehrer.png\",\"width\":767,\"height\":156,\"caption\":\"Gantef\u00fchrer Wirtschaftspr\u00fcfer, Steuerberater, Rechtsanw\u00e4lte\"},\"image\":{\"@id\":\"https:\\\/\\\/www.gamapa.de\\\/en\\\/#\\\/schema\\\/logo\\\/image\\\/\"}}]}<\/script>\n<!-- \/ Yoast SEO plugin. -->","yoast_head_json":{"title":"Nachhaltigkeit und Umwelt","description":"Als Unternehmen f\u00f6rdern wir nachhaltiges Wirtschaften und setzen uns f\u00fcr den Schutz nat\u00fcrlicher Lebensgrundlagen und Ressourcenschonung ein.","robots":{"index":"index","follow":"follow","max-snippet":"max-snippet:-1","max-image-preview":"max-image-preview:large","max-video-preview":"max-video-preview:-1"},"canonical":"https:\/\/www.gamapa.de\/en\/socialcommitment\/sustainability-environment\/","og_locale":"en_US","og_type":"article","og_title":"Nachhaltigkeit und Umwelt","og_description":"Als Unternehmen f\u00f6rdern wir nachhaltiges Wirtschaften und setzen uns f\u00fcr den Schutz nat\u00fcrlicher Lebensgrundlagen und Ressourcenschonung ein.","og_url":"https:\/\/www.gamapa.de\/en\/socialcommitment\/sustainability-environment\/","og_site_name":"GANTEF\u00dcHRER","article_modified_time":"2026-01-21T09:15:08+00:00","og_image":[{"width":2560,"height":764,"url":"https:\/\/www.gamapa.de\/wp-content\/uploads\/2023\/11\/Nachhaltigkeit-5.jpg","type":"image\/jpeg"}],"twitter_card":"summary_large_image","twitter_misc":{"Est. reading time":"4 minutes"},"schema":{"@context":"https:\/\/schema.org","@graph":[{"@type":"WebPage","@id":"https:\/\/www.gamapa.de\/en\/socialcommitment\/sustainability-environment\/","url":"https:\/\/www.gamapa.de\/en\/socialcommitment\/sustainability-environment\/","name":"Nachhaltigkeit und Umwelt","isPartOf":{"@id":"https:\/\/www.gamapa.de\/en\/#website"},"primaryImageOfPage":{"@id":"https:\/\/www.gamapa.de\/en\/socialcommitment\/sustainability-environment\/#primaryimage"},"image":{"@id":"https:\/\/www.gamapa.de\/en\/socialcommitment\/sustainability-environment\/#primaryimage"},"thumbnailUrl":"https:\/\/www.gamapa.de\/wp-content\/uploads\/2023\/11\/Nachhaltigkeit-5.jpg","datePublished":"2024-12-16T11:49:01+00:00","dateModified":"2026-01-21T09:15:08+00:00","description":"Als Unternehmen f\u00f6rdern wir nachhaltiges Wirtschaften und setzen uns f\u00fcr den Schutz nat\u00fcrlicher Lebensgrundlagen und Ressourcenschonung ein.","breadcrumb":{"@id":"https:\/\/www.gamapa.de\/en\/socialcommitment\/sustainability-environment\/#breadcrumb"},"inLanguage":"en-US","potentialAction":[{"@type":"ReadAction","target":["https:\/\/www.gamapa.de\/en\/socialcommitment\/sustainability-environment\/"]}]},{"@type":"ImageObject","inLanguage":"en-US","@id":"https:\/\/www.gamapa.de\/en\/socialcommitment\/sustainability-environment\/#primaryimage","url":"https:\/\/www.gamapa.de\/wp-content\/uploads\/2023\/11\/Nachhaltigkeit-5.jpg","contentUrl":"https:\/\/www.gamapa.de\/wp-content\/uploads\/2023\/11\/Nachhaltigkeit-5.jpg","width":2560,"height":764,"caption":"Nachhaltige Unternehmensf\u00fchrung"},{"@type":"BreadcrumbList","@id":"https:\/\/www.gamapa.de\/en\/socialcommitment\/sustainability-environment\/#breadcrumb","itemListElement":[{"@type":"ListItem","position":1,"name":"Startseite","item":"https:\/\/www.gamapa.de\/en\/"},{"@type":"ListItem","position":2,"name":"Social commitment","item":"https:\/\/www.gamapa.de\/en\/socialcommitment\/"},{"@type":"ListItem","position":3,"name":"Sustainability and the environment"}]},{"@type":"WebSite","@id":"https:\/\/www.gamapa.de\/en\/#website","url":"https:\/\/www.gamapa.de\/en\/","name":"GANTEF\u00dcHRER","description":"Wirtschaftspr\u00fcfer, Steuerberater, Rechtsanw\u00e4lte","publisher":{"@id":"https:\/\/www.gamapa.de\/en\/#organization"},"potentialAction":[{"@type":"SearchAction","target":{"@type":"EntryPoint","urlTemplate":"https:\/\/www.gamapa.de\/en\/?s={search_term_string}"},"query-input":{"@type":"PropertyValueSpecification","valueRequired":true,"valueName":"search_term_string"}}],"inLanguage":"en-US"},{"@type":"Organization","@id":"https:\/\/www.gamapa.de\/en\/#organization","name":"Gantef\u00fchrer Wirtschaftspr\u00fcfer, Steuerberater, Rechtsanw\u00e4lte","url":"https:\/\/www.gamapa.de\/en\/","logo":{"@type":"ImageObject","inLanguage":"en-US","@id":"https:\/\/www.gamapa.de\/en\/#\/schema\/logo\/image\/","url":"https:\/\/www.gamapa.de\/wp-content\/uploads\/2026\/01\/Logo-Gantefuehrer.png","contentUrl":"https:\/\/www.gamapa.de\/wp-content\/uploads\/2026\/01\/Logo-Gantefuehrer.png","width":767,"height":156,"caption":"Gantef\u00fchrer Wirtschaftspr\u00fcfer, Steuerberater, Rechtsanw\u00e4lte"},"image":{"@id":"https:\/\/www.gamapa.de\/en\/#\/schema\/logo\/image\/"}}]}},"uagb_featured_image_src":{"full":["https:\/\/www.gamapa.de\/wp-content\/uploads\/2023\/11\/Nachhaltigkeit-5.jpg",2560,764,false],"thumbnail":["https:\/\/www.gamapa.de\/wp-content\/uploads\/2023\/11\/Nachhaltigkeit-5-150x150.jpg",150,150,true],"medium":["https:\/\/www.gamapa.de\/wp-content\/uploads\/2023\/11\/Nachhaltigkeit-5-600x179.jpg",600,179,true],"medium_large":["https:\/\/www.gamapa.de\/wp-content\/uploads\/2023\/11\/Nachhaltigkeit-5-768x229.jpg",580,173,true],"large":["https:\/\/www.gamapa.de\/wp-content\/uploads\/2023\/11\/Nachhaltigkeit-5.jpg",580,173,false],"gs-tiny":["https:\/\/www.gamapa.de\/wp-content\/uploads\/2023\/11\/Nachhaltigkeit-5.jpg",50,15,false],"xl":["https:\/\/www.gamapa.de\/wp-content\/uploads\/2023\/11\/Nachhaltigkeit-5-1600x478.jpg",1600,478,true],"xxl":["https:\/\/www.gamapa.de\/wp-content\/uploads\/2023\/11\/Nachhaltigkeit-5-2200x657.jpg",2200,657,true],"xxxl":["https:\/\/www.gamapa.de\/wp-content\/uploads\/2023\/11\/Nachhaltigkeit-5.jpg",2560,764,false],"xxxxl":["https:\/\/www.gamapa.de\/wp-content\/uploads\/2023\/11\/Nachhaltigkeit-5.jpg",2560,764,false],"xxxxxl":["https:\/\/www.gamapa.de\/wp-content\/uploads\/2023\/11\/Nachhaltigkeit-5.jpg",2560,764,false],"1536x1536":["https:\/\/www.gamapa.de\/wp-content\/uploads\/2023\/11\/Nachhaltigkeit-5-1536x458.jpg",1536,458,true],"2048x2048":["https:\/\/www.gamapa.de\/wp-content\/uploads\/2023\/11\/Nachhaltigkeit-5-2048x611.jpg",2048,611,true],"post-thumbnail":["https:\/\/www.gamapa.de\/wp-content\/uploads\/2023\/11\/Nachhaltigkeit-5.jpg",2560,764,false],"twentytwenty-fullscreen":["https:\/\/www.gamapa.de\/wp-content\/uploads\/2023\/11\/Nachhaltigkeit-5.jpg",2560,764,false],"theme-slug-single-post":["https:\/\/www.gamapa.de\/wp-content\/uploads\/2023\/11\/Nachhaltigkeit-5-1600x400.jpg",1600,400,true]},"uagb_author_info":{"display_name":"ninasenft","author_link":"https:\/\/www.gamapa.de\/en\/author\/ninasenft\/"},"uagb_comment_info":0,"uagb_excerpt":"Responsibility for nature As a company, our actions give us a special responsibility for preserving global natural resources and using resources sparingly. We therefore want to avoid harming the environment and ecosystems as much as possible and preserve biological diversity. Continuously improving the sustainability of our products, services and processes is a central part of&hellip;","_links":{"self":[{"href":"https:\/\/www.gamapa.de\/en\/wp-json\/wp\/v2\/pages\/23615","targetHints":{"allow":["GET"]}}],"collection":[{"href":"https:\/\/www.gamapa.de\/en\/wp-json\/wp\/v2\/pages"}],"about":[{"href":"https:\/\/www.gamapa.de\/en\/wp-json\/wp\/v2\/types\/page"}],"author":[{"embeddable":true,"href":"https:\/\/www.gamapa.de\/en\/wp-json\/wp\/v2\/users\/11"}],"replies":[{"embeddable":true,"href":"https:\/\/www.gamapa.de\/en\/wp-json\/wp\/v2\/comments?post=23615"}],"version-history":[{"count":7,"href":"https:\/\/www.gamapa.de\/en\/wp-json\/wp\/v2\/pages\/23615\/revisions"}],"predecessor-version":[{"id":23694,"href":"https:\/\/www.gamapa.de\/en\/wp-json\/wp\/v2\/pages\/23615\/revisions\/23694"}],"up":[{"embeddable":true,"href":"https:\/\/www.gamapa.de\/en\/wp-json\/wp\/v2\/pages\/23594"}],"wp:featuredmedia":[{"embeddable":true,"href":"https:\/\/www.gamapa.de\/en\/wp-json\/wp\/v2\/media\/15268"}],"wp:attachment":[{"href":"https:\/\/www.gamapa.de\/en\/wp-json\/wp\/v2\/media?parent=23615"}],"curies":[{"name":"wp","href":"https:\/\/api.w.org\/{rel}","templated":true}]}}