

{"id":23624,"date":"2024-12-16T12:50:09","date_gmt":"2024-12-16T11:50:09","guid":{"rendered":"https:\/\/www.gamapa.de\/gesellschaftliches-engagement\/in-der-region-verwurzelt\/"},"modified":"2026-01-21T10:17:44","modified_gmt":"2026-01-21T09:17:44","slug":"rooted-in-the-region","status":"publish","type":"page","link":"https:\/\/www.gamapa.de\/en\/socialcommitment\/rooted-in-the-region\/","title":{"rendered":"Rooted in the region"},"content":{"rendered":"\n<h3 class=\"wp-block-heading inhalt\">Our lokal engagement<\/h3>\n\n\n\n<p>Founded in D\u00fcsseldorf, we feel deeply connected to our home city, not only professionally but also socially. That is why we actively support local projects, associations and institutions and are committed to the positive development of our city. Here are some examples of where we are active:<\/p>\n\n\n\n<div style=\"height:56px\" aria-hidden=\"true\" class=\"wp-block-spacer\"><\/div>\n\n\n\n<div class=\"wp-block-pb-accordion-item c-accordion__item js-accordion-item no-js medi\" data-initially-open=\"false\" data-click-to-close=\"true\" data-auto-close=\"true\" data-scroll=\"false\" data-scroll-offset=\"0\"><h2 id=\"at-236240\" class=\"c-accordion__title js-accordion-controller\" role=\"button\">Founding member of TechHub.K67<\/h2><div id=\"ac-236240\" class=\"c-accordion__content\">\n<p><a href=\"https:\/\/www.techhubk67.de\/\">TechHub.K67<\/a> is a community space for start-ups, companies and innovation in D\u00fcsseldorf. Here, we offer start-ups space, resources and networks to quickly advance and expand their ideas. We give companies direct access to technologies and talent, as well as the opportunity to increase their visibility in the context of innovation.<\/p>\n\n\n\n<p>The chairman of the TechHub.K67 e.V. support association is our partner <a href=\"https:\/\/www.gamapa.de\/en\/advisors\/ruediger-schaar-tax-consultant\/\">R\u00fcdiger Schaar<\/a>.<\/p>\n\n\n\n<section class=\"wp-block-uagb-section uagb-section__wrap uagb-section__background-none uagb-block-7076d4cd\"><div class=\"uagb-section__overlay\"><\/div><div class=\"uagb-section__inner-wrap\">\n<figure class=\"wp-block-image size-full is-resized\"><img loading=\"lazy\" decoding=\"async\" width=\"3440\" height=\"2048\" src=\"https:\/\/www.gamapa.de\/wp-content\/uploads\/2024\/12\/k67-logo.png\" alt=\"\" class=\"wp-image-17135\" style=\"aspect-ratio:1.3333333333333333;object-fit:cover;width:244px;height:auto\" srcset=\"https:\/\/www.gamapa.de\/wp-content\/uploads\/2024\/12\/k67-logo.png 3440w, https:\/\/www.gamapa.de\/wp-content\/uploads\/2024\/12\/k67-logo-600x357.png 600w, https:\/\/www.gamapa.de\/wp-content\/uploads\/2024\/12\/k67-logo-768x457.png 768w, https:\/\/www.gamapa.de\/wp-content\/uploads\/2024\/12\/k67-logo-50x30.png 50w, https:\/\/www.gamapa.de\/wp-content\/uploads\/2024\/12\/k67-logo-1600x953.png 1600w, https:\/\/www.gamapa.de\/wp-content\/uploads\/2024\/12\/k67-logo-1536x914.png 1536w, https:\/\/www.gamapa.de\/wp-content\/uploads\/2024\/12\/k67-logo-2048x1219.png 2048w\" sizes=\"auto, (max-width: 3440px) 100vw, 3440px\" \/><\/figure>\n<\/div><\/section>\n<\/div><\/div>\n\n\n\n<p><\/p>\n\n\n\n<div class=\"wp-block-pb-accordion-item c-accordion__item js-accordion-item no-js medi\" data-initially-open=\"false\" data-click-to-close=\"true\" data-auto-close=\"true\" data-scroll=\"false\" data-scroll-offset=\"0\"><h2 id=\"at-236241\" class=\"c-accordion__title js-accordion-controller\" role=\"button\">Member of Destination D\u00fcsseldorf<\/h2><div id=\"ac-236241\" class=\"c-accordion__content\">\n<p>What began in 1989 as a working group of eight companies is now an association with around 150 member companies pursuing a common goal: to increase the attractiveness of the state capital and its surroundings.<\/p>\n\n\n\n<p><a href=\"https:\/\/destination-duesseldorf.de\/\">Destination D\u00fcsseldorf (DD)<\/a> works closely with the city to promote location marketing and the interests of small and medium-sized businesses in D\u00fcsseldorf. It is involved in cultural, sporting and tourism issues as well as economic policy.<\/p>\n\n\n\n<p>Our partner <a href=\"https:\/\/www.gamapa.de\/en\/advisors\/ruediger-schaar-tax-consultant\/\">R\u00fcdiger Schaar<\/a> is a member of the board of Destination D\u00fcsseldorf.<\/p>\n\n\n\n<section class=\"wp-block-uagb-section uagb-section__wrap uagb-section__background-none uagb-block-8148bce3\"><div class=\"uagb-section__overlay\"><\/div><div class=\"uagb-section__inner-wrap\">\n<figure class=\"wp-block-image size-full is-resized\"><img loading=\"lazy\" decoding=\"async\" width=\"1400\" height=\"1219\" src=\"https:\/\/www.gamapa.de\/wp-content\/uploads\/2024\/12\/DD-01.jpg\" alt=\"\" class=\"wp-image-17127\" style=\"width:243px;height:auto\" srcset=\"https:\/\/www.gamapa.de\/wp-content\/uploads\/2024\/12\/DD-01.jpg 1400w, https:\/\/www.gamapa.de\/wp-content\/uploads\/2024\/12\/DD-01-600x522.jpg 600w, https:\/\/www.gamapa.de\/wp-content\/uploads\/2024\/12\/DD-01-768x669.jpg 768w, https:\/\/www.gamapa.de\/wp-content\/uploads\/2024\/12\/DD-01-50x44.jpg 50w\" sizes=\"auto, (max-width: 1400px) 100vw, 1400px\" \/><\/figure>\n<\/div><\/section>\n<\/div><\/div>\n\n\n\n<div class=\"wp-block-pb-accordion-item c-accordion__item js-accordion-item no-js medi\" data-initially-open=\"false\" data-click-to-close=\"true\" data-auto-close=\"true\" data-scroll=\"false\" data-scroll-offset=\"0\"><h2 id=\"at-236242\" class=\"c-accordion__title js-accordion-controller\" role=\"button\">Unicorn partner of Startup Week D\u00fcsseldorf<\/h2><div id=\"ac-236242\" class=\"c-accordion__content\">\n<p>At <a href=\"https:\/\/www.startupwoche-dus.de\/\">Startup-Week D\u00fcsseldorf<\/a>, visionaries meet corporates, lone wolves meet strong teams, founders meet business angels, and beginners meet experts.<\/p>\n\n\n\n<p>You will gain direct insight into the D\u00fcsseldorf start-up scene, learn why trends will continue to come from D\u00fcsseldorf in the future, and have the opportunity to learn so much that you can simply focus on founding your start-up by the end of the year.<\/p>\n\n\n\n<section class=\"wp-block-uagb-section uagb-section__wrap uagb-section__background-none uagb-block-e10f3879\"><div class=\"uagb-section__overlay\"><\/div><div class=\"uagb-section__inner-wrap\">\n<figure class=\"wp-block-image size-full is-resized\"><img loading=\"lazy\" decoding=\"async\" width=\"730\" height=\"930\" src=\"https:\/\/www.gamapa.de\/wp-content\/uploads\/2024\/12\/Start-Up-Logo.jpg\" alt=\"\" class=\"wp-image-17143\" style=\"width:214px;height:auto\" srcset=\"https:\/\/www.gamapa.de\/wp-content\/uploads\/2024\/12\/Start-Up-Logo.jpg 730w, https:\/\/www.gamapa.de\/wp-content\/uploads\/2024\/12\/Start-Up-Logo-471x600.jpg 471w, https:\/\/www.gamapa.de\/wp-content\/uploads\/2024\/12\/Start-Up-Logo-50x64.jpg 50w\" sizes=\"auto, (max-width: 730px) 100vw, 730px\" \/><\/figure>\n<\/div><\/section>\n<\/div><\/div>\n\n\n\n<div class=\"wp-block-pb-accordion-item c-accordion__item js-accordion-item no-js medi\" data-initially-open=\"false\" data-click-to-close=\"true\" data-auto-close=\"true\" data-scroll=\"false\" data-scroll-offset=\"0\"><h2 id=\"at-236243\" class=\"c-accordion__title js-accordion-controller\" role=\"button\">Exhibition partner Japan Business Day<\/h2><div id=\"ac-236243\" class=\"c-accordion__content\">\n<p>The <a href=\"https:\/\/www.japantag-duesseldorf-nrw.de\/erleben\/wirtschaftstag\">economic conference<\/a> has been held since 2002 and, together with the annual Japan Day \u2018Culture and Encounter Festival\u2019, it underlines the importance of strong German-Japanese relations in D\u00fcsseldorf and North Rhine-Westphalia.<\/p>\n\n\n\n<p>We are also regularly represented at the Business Day with our <a href=\"https:\/\/www.gamapa.de\/ja\/japanese-desk\/\">Japanese Desk<\/a>.<\/p>\n\n\n\n<section class=\"wp-block-uagb-section uagb-section__wrap uagb-section__background-none uagb-block-59a13997\"><div class=\"uagb-section__overlay\"><\/div><div class=\"uagb-section__inner-wrap\">\n<figure class=\"wp-block-image size-full is-resized\"><img loading=\"lazy\" decoding=\"async\" width=\"420\" height=\"254\" src=\"https:\/\/www.gamapa.de\/wp-content\/uploads\/2024\/12\/420_254_logo_wirtschaftstag.jpg\" alt=\"\" class=\"wp-image-17150\" style=\"width:356px;height:auto\" srcset=\"https:\/\/www.gamapa.de\/wp-content\/uploads\/2024\/12\/420_254_logo_wirtschaftstag.jpg 420w, https:\/\/www.gamapa.de\/wp-content\/uploads\/2024\/12\/420_254_logo_wirtschaftstag-50x30.jpg 50w\" sizes=\"auto, (max-width: 420px) 100vw, 420px\" \/><\/figure>\n<\/div><\/section>\n<\/div><\/div>\n\n\n\n<div class=\"wp-block-pb-accordion-item c-accordion__item js-accordion-item no-js medi\" data-initially-open=\"false\" data-click-to-close=\"true\" data-auto-close=\"true\" data-scroll=\"false\" data-scroll-offset=\"0\"><h2 id=\"at-236244\" class=\"c-accordion__title js-accordion-controller\" role=\"button\">Member of the German-Japanese Business Association<\/h2><div id=\"ac-236244\" class=\"c-accordion__content\">\n<p>We are represented in the <a href=\"https:\/\/www.djw.de\/de\/expertenpool\/\">expert pool<\/a> of the Business Circle and occasionally write newsletters on current tax and legal topics in German and Japanese, which are published on the Business Circle&#8217;s homepage.<\/p>\n<\/div><\/div>\n\n\n\n<div class=\"wp-block-pb-accordion-item c-accordion__item js-accordion-item no-js medi\" data-initially-open=\"false\" data-click-to-close=\"true\" data-auto-close=\"true\" data-scroll=\"false\" data-scroll-offset=\"0\"><h2 id=\"at-236245\" class=\"c-accordion__title js-accordion-controller\" role=\"button\">Member of the Japanese Chamber of Commerce and Industry in D\u00fcsseldorf<\/h2><div id=\"ac-236245\" class=\"c-accordion__content\">\n<p>We are a member of the Legal Committee of the <a href=\"https:\/\/www.jihk.de\/de\">Japanese Chamber of Commerce and Industry in D\u00fcsseldorf<\/a> and give annual lectures on current legal topics. In this way, we inform Japanese companies about important legal developments in Germany in order to provide them with the best possible support for their business activities in Germany and Europe.<\/p>\n<\/div><\/div>\n\n\n\n<div style=\"height:40px\" aria-hidden=\"true\" class=\"wp-block-spacer\"><\/div>\n\n\n\n<h3 class=\"wp-block-heading\">Your contact:<\/h3>\n\n\n\n<div class=\"wp-block-columns is-layout-flex wp-container-core-columns-is-layout-9d6595d7 wp-block-columns-is-layout-flex\">\n<div class=\"wp-block-column is-layout-flow wp-block-column-is-layout-flow\">\n<figure class=\"wp-block-image size-full\"><img loading=\"lazy\" decoding=\"async\" width=\"600\" height=\"389\" src=\"https:\/\/www.gamapa.de\/wp-content\/uploads\/2020\/08\/Schaar_1.jpg\" alt=\"\" class=\"wp-image-15507\"\/><figcaption class=\"wp-element-caption\"><a href=\"https:\/\/www.gamapa.de\/en\/advisors\/ruediger-schaar-tax-consultant\/\">R\u00fcdiger Schaar<\/a><\/figcaption><\/figure>\n<\/div>\n\n\n\n<div class=\"wp-block-column 2-5rem is-layout-flow wp-block-column-is-layout-flow\">\n<figure class=\"wp-block-image size-full\"><img loading=\"lazy\" decoding=\"async\" width=\"600\" height=\"389\" src=\"https:\/\/www.gamapa.de\/wp-content\/uploads\/2020\/08\/Kawazoe-600x389-1.jpg\" alt=\"\" class=\"wp-image-8120\"\/><figcaption class=\"wp-element-caption\"><a href=\"https:\/\/www.gamapa.de\/en\/advisors\/saeko-kawazoe-attorney-at-law-tax-consultant\/\">Saeko Kawazoe<\/a><\/figcaption><\/figure>\n\n\n\n<p>Japanese Desk<\/p>\n<\/div>\n<\/div>\n\n\n\n<div style=\"height:50px\" aria-hidden=\"true\" class=\"wp-block-spacer\"><\/div>\n\n\n\n<p>Back to the other areas in which we are personally and professionally involved:<\/p>\n\n\n\n<div class=\"wp-block-columns is-layout-flex wp-container-core-columns-is-layout-9d6595d7 wp-block-columns-is-layout-flex\">\n<div class=\"wp-block-column breites-raster med is-layout-flow wp-block-column-is-layout-flow\">\n<div class=\"wp-block-button\"><a class=\"wp-block-button__link has-background wp-element-button\" href=\"https:\/\/www.gamapa.de\/en\/https-www-gamapa-de-en-https-www-gamapa-de-en-socialcommitment\/art-and-culture\/\" style=\"background-color:#003565\">Fine art &amp; cultural activities<\/a><\/div>\n<\/div>\n\n\n\n<div class=\"wp-block-column med is-layout-flow wp-block-column-is-layout-flow\">\n<div class=\"wp-block-button\"><a class=\"wp-block-button__link has-background wp-element-button\" href=\"https:\/\/www.gamapa.de\/en\/https-www-gamapa-de-en-https-www-gamapa-de-en-socialcommitment\/engagement-in-sports\/\" style=\"background-color:#003565\">Sport<\/a><\/div>\n<\/div>\n\n\n\n<div class=\"wp-block-column med is-layout-flow wp-block-column-is-layout-flow\">\n<div class=\"wp-block-button\"><a class=\"wp-block-button__link has-background wp-element-button\" href=\"https:\/\/www.gamapa.de\/en\/https-www-gamapa-de-en-https-www-gamapa-de-en-socialcommitment\/sustainability-environment\/\" style=\"background-color:#003565\">Environment<\/a><\/div>\n<\/div>\n<\/div>\n\n\n\n<div class=\"wp-block-columns is-layout-flex wp-container-core-columns-is-layout-9d6595d7 wp-block-columns-is-layout-flex\"><\/div>\n","protected":false},"excerpt":{"rendered":"<p>Our lokal engagement Founded in D\u00fcsseldorf, we feel deeply connected to our home city, not only professionally but also socially. That is why we actively support local projects, associations and institutions and are committed to the positive development of our city. Here are some examples of where we are active: Your contact: Japanese Desk Back <a href=\"https:\/\/www.gamapa.de\/en\/socialcommitment\/rooted-in-the-region\/\">[\u2026]<\/a><\/p>\n","protected":false},"author":11,"featured_media":17168,"parent":23594,"menu_order":0,"comment_status":"closed","ping_status":"closed","template":"","meta":{"_acf_changed":false,"_uag_custom_page_level_css":"","footnotes":""},"class_list":["post-23624","page","type-page","status-publish","has-post-thumbnail","hentry"],"acf":[],"yoast_head":"<!-- This site is optimized with the Yoast SEO plugin v27.3 - https:\/\/yoast.com\/product\/yoast-seo-wordpress\/ -->\n<title>Rooted in the region<\/title>\n<meta name=\"description\" content=\"Founded and rooted in D\u00fcsseldorf \u2013 as a law firm, we have close professional and social ties to our home city.\" \/>\n<meta name=\"robots\" content=\"index, follow, max-snippet:-1, max-image-preview:large, max-video-preview:-1\" \/>\n<link rel=\"canonical\" href=\"https:\/\/www.gamapa.de\/en\/socialcommitment\/rooted-in-the-region\/\" \/>\n<meta property=\"og:locale\" content=\"en_US\" \/>\n<meta property=\"og:type\" content=\"article\" \/>\n<meta property=\"og:title\" content=\"Rooted in the region\" \/>\n<meta property=\"og:description\" content=\"Founded and rooted in D\u00fcsseldorf \u2013 as a law firm, we have close professional and social ties to our home city.\" \/>\n<meta property=\"og:url\" content=\"https:\/\/www.gamapa.de\/en\/socialcommitment\/rooted-in-the-region\/\" \/>\n<meta property=\"og:site_name\" content=\"GANTEF\u00dcHRER\" \/>\n<meta property=\"article:modified_time\" content=\"2026-01-21T09:17:44+00:00\" \/>\n<meta property=\"og:image\" content=\"https:\/\/www.gamapa.de\/wp-content\/uploads\/2024\/12\/In-der-Region-verwurzelt-b.jpg\" \/>\n\t<meta property=\"og:image:width\" content=\"2560\" \/>\n\t<meta property=\"og:image:height\" content=\"764\" \/>\n\t<meta property=\"og:image:type\" content=\"image\/jpeg\" \/>\n<meta name=\"twitter:card\" content=\"summary_large_image\" \/>\n<meta name=\"twitter:label1\" content=\"Est. reading time\" \/>\n\t<meta name=\"twitter:data1\" content=\"4 minutes\" \/>\n<script type=\"application\/ld+json\" class=\"yoast-schema-graph\">{\"@context\":\"https:\\\/\\\/schema.org\",\"@graph\":[{\"@type\":\"WebPage\",\"@id\":\"https:\\\/\\\/www.gamapa.de\\\/en\\\/socialcommitment\\\/rooted-in-the-region\\\/\",\"url\":\"https:\\\/\\\/www.gamapa.de\\\/en\\\/socialcommitment\\\/rooted-in-the-region\\\/\",\"name\":\"Rooted in the region\",\"isPartOf\":{\"@id\":\"https:\\\/\\\/www.gamapa.de\\\/en\\\/#website\"},\"primaryImageOfPage\":{\"@id\":\"https:\\\/\\\/www.gamapa.de\\\/en\\\/socialcommitment\\\/rooted-in-the-region\\\/#primaryimage\"},\"image\":{\"@id\":\"https:\\\/\\\/www.gamapa.de\\\/en\\\/socialcommitment\\\/rooted-in-the-region\\\/#primaryimage\"},\"thumbnailUrl\":\"https:\\\/\\\/www.gamapa.de\\\/wp-content\\\/uploads\\\/2024\\\/12\\\/In-der-Region-verwurzelt-b.jpg\",\"datePublished\":\"2024-12-16T11:50:09+00:00\",\"dateModified\":\"2026-01-21T09:17:44+00:00\",\"description\":\"Founded and rooted in D\u00fcsseldorf \u2013 as a law firm, we have close professional and social ties to our home city.\",\"breadcrumb\":{\"@id\":\"https:\\\/\\\/www.gamapa.de\\\/en\\\/socialcommitment\\\/rooted-in-the-region\\\/#breadcrumb\"},\"inLanguage\":\"en-US\",\"potentialAction\":[{\"@type\":\"ReadAction\",\"target\":[\"https:\\\/\\\/www.gamapa.de\\\/en\\\/socialcommitment\\\/rooted-in-the-region\\\/\"]}]},{\"@type\":\"ImageObject\",\"inLanguage\":\"en-US\",\"@id\":\"https:\\\/\\\/www.gamapa.de\\\/en\\\/socialcommitment\\\/rooted-in-the-region\\\/#primaryimage\",\"url\":\"https:\\\/\\\/www.gamapa.de\\\/wp-content\\\/uploads\\\/2024\\\/12\\\/In-der-Region-verwurzelt-b.jpg\",\"contentUrl\":\"https:\\\/\\\/www.gamapa.de\\\/wp-content\\\/uploads\\\/2024\\\/12\\\/In-der-Region-verwurzelt-b.jpg\",\"width\":2560,\"height\":764,\"caption\":\"Nachhaltiges Engagement in der Region - Gantef\u00fchrer Rechtsanw\u00e4lte Wirtschaftspr\u00fcfer\"},{\"@type\":\"BreadcrumbList\",\"@id\":\"https:\\\/\\\/www.gamapa.de\\\/en\\\/socialcommitment\\\/rooted-in-the-region\\\/#breadcrumb\",\"itemListElement\":[{\"@type\":\"ListItem\",\"position\":1,\"name\":\"Startseite\",\"item\":\"https:\\\/\\\/www.gamapa.de\\\/en\\\/\"},{\"@type\":\"ListItem\",\"position\":2,\"name\":\"Social commitment\",\"item\":\"https:\\\/\\\/www.gamapa.de\\\/en\\\/socialcommitment\\\/\"},{\"@type\":\"ListItem\",\"position\":3,\"name\":\"Rooted in the region\"}]},{\"@type\":\"WebSite\",\"@id\":\"https:\\\/\\\/www.gamapa.de\\\/en\\\/#website\",\"url\":\"https:\\\/\\\/www.gamapa.de\\\/en\\\/\",\"name\":\"GANTEF\u00dcHRER\",\"description\":\"Wirtschaftspr\u00fcfer, Steuerberater, Rechtsanw\u00e4lte\",\"publisher\":{\"@id\":\"https:\\\/\\\/www.gamapa.de\\\/en\\\/#organization\"},\"potentialAction\":[{\"@type\":\"SearchAction\",\"target\":{\"@type\":\"EntryPoint\",\"urlTemplate\":\"https:\\\/\\\/www.gamapa.de\\\/en\\\/?s={search_term_string}\"},\"query-input\":{\"@type\":\"PropertyValueSpecification\",\"valueRequired\":true,\"valueName\":\"search_term_string\"}}],\"inLanguage\":\"en-US\"},{\"@type\":\"Organization\",\"@id\":\"https:\\\/\\\/www.gamapa.de\\\/en\\\/#organization\",\"name\":\"Gantef\u00fchrer Wirtschaftspr\u00fcfer, Steuerberater, Rechtsanw\u00e4lte\",\"url\":\"https:\\\/\\\/www.gamapa.de\\\/en\\\/\",\"logo\":{\"@type\":\"ImageObject\",\"inLanguage\":\"en-US\",\"@id\":\"https:\\\/\\\/www.gamapa.de\\\/en\\\/#\\\/schema\\\/logo\\\/image\\\/\",\"url\":\"https:\\\/\\\/www.gamapa.de\\\/wp-content\\\/uploads\\\/2026\\\/01\\\/Logo-Gantefuehrer.png\",\"contentUrl\":\"https:\\\/\\\/www.gamapa.de\\\/wp-content\\\/uploads\\\/2026\\\/01\\\/Logo-Gantefuehrer.png\",\"width\":767,\"height\":156,\"caption\":\"Gantef\u00fchrer Wirtschaftspr\u00fcfer, Steuerberater, Rechtsanw\u00e4lte\"},\"image\":{\"@id\":\"https:\\\/\\\/www.gamapa.de\\\/en\\\/#\\\/schema\\\/logo\\\/image\\\/\"}}]}<\/script>\n<!-- \/ Yoast SEO plugin. -->","yoast_head_json":{"title":"Rooted in the region","description":"Founded and rooted in D\u00fcsseldorf \u2013 as a law firm, we have close professional and social ties to our home city.","robots":{"index":"index","follow":"follow","max-snippet":"max-snippet:-1","max-image-preview":"max-image-preview:large","max-video-preview":"max-video-preview:-1"},"canonical":"https:\/\/www.gamapa.de\/en\/socialcommitment\/rooted-in-the-region\/","og_locale":"en_US","og_type":"article","og_title":"Rooted in the region","og_description":"Founded and rooted in D\u00fcsseldorf \u2013 as a law firm, we have close professional and social ties to our home city.","og_url":"https:\/\/www.gamapa.de\/en\/socialcommitment\/rooted-in-the-region\/","og_site_name":"GANTEF\u00dcHRER","article_modified_time":"2026-01-21T09:17:44+00:00","og_image":[{"width":2560,"height":764,"url":"https:\/\/www.gamapa.de\/wp-content\/uploads\/2024\/12\/In-der-Region-verwurzelt-b.jpg","type":"image\/jpeg"}],"twitter_card":"summary_large_image","twitter_misc":{"Est. reading time":"4 minutes"},"schema":{"@context":"https:\/\/schema.org","@graph":[{"@type":"WebPage","@id":"https:\/\/www.gamapa.de\/en\/socialcommitment\/rooted-in-the-region\/","url":"https:\/\/www.gamapa.de\/en\/socialcommitment\/rooted-in-the-region\/","name":"Rooted in the region","isPartOf":{"@id":"https:\/\/www.gamapa.de\/en\/#website"},"primaryImageOfPage":{"@id":"https:\/\/www.gamapa.de\/en\/socialcommitment\/rooted-in-the-region\/#primaryimage"},"image":{"@id":"https:\/\/www.gamapa.de\/en\/socialcommitment\/rooted-in-the-region\/#primaryimage"},"thumbnailUrl":"https:\/\/www.gamapa.de\/wp-content\/uploads\/2024\/12\/In-der-Region-verwurzelt-b.jpg","datePublished":"2024-12-16T11:50:09+00:00","dateModified":"2026-01-21T09:17:44+00:00","description":"Founded and rooted in D\u00fcsseldorf \u2013 as a law firm, we have close professional and social ties to our home city.","breadcrumb":{"@id":"https:\/\/www.gamapa.de\/en\/socialcommitment\/rooted-in-the-region\/#breadcrumb"},"inLanguage":"en-US","potentialAction":[{"@type":"ReadAction","target":["https:\/\/www.gamapa.de\/en\/socialcommitment\/rooted-in-the-region\/"]}]},{"@type":"ImageObject","inLanguage":"en-US","@id":"https:\/\/www.gamapa.de\/en\/socialcommitment\/rooted-in-the-region\/#primaryimage","url":"https:\/\/www.gamapa.de\/wp-content\/uploads\/2024\/12\/In-der-Region-verwurzelt-b.jpg","contentUrl":"https:\/\/www.gamapa.de\/wp-content\/uploads\/2024\/12\/In-der-Region-verwurzelt-b.jpg","width":2560,"height":764,"caption":"Nachhaltiges Engagement in der Region - Gantef\u00fchrer Rechtsanw\u00e4lte Wirtschaftspr\u00fcfer"},{"@type":"BreadcrumbList","@id":"https:\/\/www.gamapa.de\/en\/socialcommitment\/rooted-in-the-region\/#breadcrumb","itemListElement":[{"@type":"ListItem","position":1,"name":"Startseite","item":"https:\/\/www.gamapa.de\/en\/"},{"@type":"ListItem","position":2,"name":"Social commitment","item":"https:\/\/www.gamapa.de\/en\/socialcommitment\/"},{"@type":"ListItem","position":3,"name":"Rooted in the region"}]},{"@type":"WebSite","@id":"https:\/\/www.gamapa.de\/en\/#website","url":"https:\/\/www.gamapa.de\/en\/","name":"GANTEF\u00dcHRER","description":"Wirtschaftspr\u00fcfer, Steuerberater, Rechtsanw\u00e4lte","publisher":{"@id":"https:\/\/www.gamapa.de\/en\/#organization"},"potentialAction":[{"@type":"SearchAction","target":{"@type":"EntryPoint","urlTemplate":"https:\/\/www.gamapa.de\/en\/?s={search_term_string}"},"query-input":{"@type":"PropertyValueSpecification","valueRequired":true,"valueName":"search_term_string"}}],"inLanguage":"en-US"},{"@type":"Organization","@id":"https:\/\/www.gamapa.de\/en\/#organization","name":"Gantef\u00fchrer Wirtschaftspr\u00fcfer, Steuerberater, Rechtsanw\u00e4lte","url":"https:\/\/www.gamapa.de\/en\/","logo":{"@type":"ImageObject","inLanguage":"en-US","@id":"https:\/\/www.gamapa.de\/en\/#\/schema\/logo\/image\/","url":"https:\/\/www.gamapa.de\/wp-content\/uploads\/2026\/01\/Logo-Gantefuehrer.png","contentUrl":"https:\/\/www.gamapa.de\/wp-content\/uploads\/2026\/01\/Logo-Gantefuehrer.png","width":767,"height":156,"caption":"Gantef\u00fchrer Wirtschaftspr\u00fcfer, Steuerberater, Rechtsanw\u00e4lte"},"image":{"@id":"https:\/\/www.gamapa.de\/en\/#\/schema\/logo\/image\/"}}]}},"uagb_featured_image_src":{"full":["https:\/\/www.gamapa.de\/wp-content\/uploads\/2024\/12\/In-der-Region-verwurzelt-b.jpg",2560,764,false],"thumbnail":["https:\/\/www.gamapa.de\/wp-content\/uploads\/2024\/12\/In-der-Region-verwurzelt-b-150x150.jpg",150,150,true],"medium":["https:\/\/www.gamapa.de\/wp-content\/uploads\/2024\/12\/In-der-Region-verwurzelt-b-600x179.jpg",600,179,true],"medium_large":["https:\/\/www.gamapa.de\/wp-content\/uploads\/2024\/12\/In-der-Region-verwurzelt-b-768x229.jpg",580,173,true],"large":["https:\/\/www.gamapa.de\/wp-content\/uploads\/2024\/12\/In-der-Region-verwurzelt-b.jpg",580,173,false],"gs-tiny":["https:\/\/www.gamapa.de\/wp-content\/uploads\/2024\/12\/In-der-Region-verwurzelt-b-50x15.jpg",50,15,true],"xl":["https:\/\/www.gamapa.de\/wp-content\/uploads\/2024\/12\/In-der-Region-verwurzelt-b-1600x478.jpg",1600,478,true],"xxl":["https:\/\/www.gamapa.de\/wp-content\/uploads\/2024\/12\/In-der-Region-verwurzelt-b-2200x657.jpg",2200,657,true],"xxxl":["https:\/\/www.gamapa.de\/wp-content\/uploads\/2024\/12\/In-der-Region-verwurzelt-b.jpg",2560,764,false],"xxxxl":["https:\/\/www.gamapa.de\/wp-content\/uploads\/2024\/12\/In-der-Region-verwurzelt-b.jpg",2560,764,false],"xxxxxl":["https:\/\/www.gamapa.de\/wp-content\/uploads\/2024\/12\/In-der-Region-verwurzelt-b.jpg",2560,764,false],"1536x1536":["https:\/\/www.gamapa.de\/wp-content\/uploads\/2024\/12\/In-der-Region-verwurzelt-b-1536x458.jpg",1536,458,true],"2048x2048":["https:\/\/www.gamapa.de\/wp-content\/uploads\/2024\/12\/In-der-Region-verwurzelt-b-2048x611.jpg",2048,611,true],"post-thumbnail":["https:\/\/www.gamapa.de\/wp-content\/uploads\/2024\/12\/In-der-Region-verwurzelt-b.jpg",2560,764,false],"twentytwenty-fullscreen":["https:\/\/www.gamapa.de\/wp-content\/uploads\/2024\/12\/In-der-Region-verwurzelt-b.jpg",2560,764,false],"theme-slug-single-post":["https:\/\/www.gamapa.de\/wp-content\/uploads\/2024\/12\/In-der-Region-verwurzelt-b-1600x400.jpg",1600,400,true]},"uagb_author_info":{"display_name":"ninasenft","author_link":"https:\/\/www.gamapa.de\/en\/author\/ninasenft\/"},"uagb_comment_info":0,"uagb_excerpt":"Our lokal engagement Founded in D\u00fcsseldorf, we feel deeply connected to our home city, not only professionally but also socially. That is why we actively support local projects, associations and institutions and are committed to the positive development of our city. Here are some examples of where we are active: Your contact: Japanese Desk Back&hellip;","_links":{"self":[{"href":"https:\/\/www.gamapa.de\/en\/wp-json\/wp\/v2\/pages\/23624","targetHints":{"allow":["GET"]}}],"collection":[{"href":"https:\/\/www.gamapa.de\/en\/wp-json\/wp\/v2\/pages"}],"about":[{"href":"https:\/\/www.gamapa.de\/en\/wp-json\/wp\/v2\/types\/page"}],"author":[{"embeddable":true,"href":"https:\/\/www.gamapa.de\/en\/wp-json\/wp\/v2\/users\/11"}],"replies":[{"embeddable":true,"href":"https:\/\/www.gamapa.de\/en\/wp-json\/wp\/v2\/comments?post=23624"}],"version-history":[{"count":8,"href":"https:\/\/www.gamapa.de\/en\/wp-json\/wp\/v2\/pages\/23624\/revisions"}],"predecessor-version":[{"id":23699,"href":"https:\/\/www.gamapa.de\/en\/wp-json\/wp\/v2\/pages\/23624\/revisions\/23699"}],"up":[{"embeddable":true,"href":"https:\/\/www.gamapa.de\/en\/wp-json\/wp\/v2\/pages\/23594"}],"wp:featuredmedia":[{"embeddable":true,"href":"https:\/\/www.gamapa.de\/en\/wp-json\/wp\/v2\/media\/17168"}],"wp:attachment":[{"href":"https:\/\/www.gamapa.de\/en\/wp-json\/wp\/v2\/media?parent=23624"}],"curies":[{"name":"wp","href":"https:\/\/api.w.org\/{rel}","templated":true}]}}