

{"id":4701,"date":"2020-08-29T19:58:46","date_gmt":"2020-08-29T17:58:46","guid":{"rendered":"https:\/\/www.gamapa.de\/oliver-lambrecht-dipl-kfm-steuerberater\/"},"modified":"2025-11-06T11:53:46","modified_gmt":"2025-11-06T10:53:46","slug":"oliver-lambrecht-tax-consultant","status":"publish","type":"page","link":"https:\/\/www.gamapa.de\/en\/advisors\/oliver-lambrecht-tax-consultant\/","title":{"rendered":"Oliver Lambrecht"},"content":{"rendered":"\n<h3 class=\"wp-block-heading\">Main fields of activity<\/h3>\n\n\n\n<ul class=\"wp-block-list\">\n<li>Preparation of annual financial statements<\/li>\n\n\n\n<li>Company taxation<\/li>\n\n\n\n<li>Personal income tax<\/li>\n\n\n\n<li>Supervision of tax inspections<\/li>\n<\/ul>\n\n\n\n<h3 class=\"wp-block-heading\">Career<\/h3>\n\n\n\n<figure class=\"wp-block-table tablist\"><table><tbody><tr><td>2002-2009<\/td><td>Universities of Bonn, D\u00fcsseldorf and Cologne<\/td><\/tr><tr><td>2009-2014<\/td><td>Tax assistant at Dr. Gantef\u00fchrer, Marquardt und Partner<\/td><\/tr><tr><td>2014<\/td><td>Appointment as a tax consultant<\/td><\/tr><tr><td>since 2014<\/td><td>Tax consultant at Dr. Gantef\u00fchrer, Marquardt und Partner<\/td><\/tr><tr><td>2020<\/td><td>Appointment as a specialist consultant for the health care system (DStV e.V.)<\/td><\/tr><\/tbody><\/table><\/figure>\n\n\n\n<h3 class=\"wp-block-heading\">Industries<\/h3>\n\n\n\n<ul class=\"wp-block-list\">\n<li>Service and trading companies<\/li>\n\n\n\n<li>Wealthy private individuals<\/li>\n\n\n\n<li>Art and culture segment<\/li>\n<\/ul>\n\n\n\n\n\n<div class=\"wp-block-button zurueck\"><a class=\"wp-block-button__link wp-element-button\" href=\"https:\/\/www.gamapa.de\/en\/advisors\/\">Back<\/a><\/div>\n\n\n\n<p><\/p>\n","protected":false},"excerpt":{"rendered":"<p>Main fields of activity Career 2002-2009 Universities of Bonn, D\u00fcsseldorf and Cologne 2009-2014 Tax assistant at Dr. Gantef\u00fchrer, Marquardt und Partner 2014 Appointment as a tax consultant since 2014 Tax consultant at Dr. Gantef\u00fchrer, Marquardt und Partner 2020 Appointment as a specialist consultant for the health care system (DStV e.V.) Industries<\/p>\n","protected":false},"author":1,"featured_media":9508,"parent":5642,"menu_order":51,"comment_status":"closed","ping_status":"closed","template":"templates\/template-Profil.php","meta":{"_acf_changed":false,"_uag_custom_page_level_css":"","footnotes":""},"class_list":["post-4701","page","type-page","status-publish","has-post-thumbnail","hentry"],"acf":[],"yoast_head":"<!-- This site is optimized with the Yoast SEO plugin v27.3 - https:\/\/yoast.com\/product\/yoast-seo-wordpress\/ -->\n<title>Oliver Lambrecht - GANTEF\u00dcHRER<\/title>\n<meta name=\"robots\" content=\"index, follow, max-snippet:-1, max-image-preview:large, max-video-preview:-1\" \/>\n<link rel=\"canonical\" href=\"https:\/\/www.gamapa.de\/en\/advisors\/oliver-lambrecht-tax-consultant\/\" \/>\n<meta property=\"og:locale\" content=\"en_US\" \/>\n<meta property=\"og:type\" content=\"article\" \/>\n<meta property=\"og:title\" content=\"Oliver Lambrecht - GANTEF\u00dcHRER\" \/>\n<meta property=\"og:description\" content=\"Main fields of activity Career 2002-2009 Universities of Bonn, D\u00fcsseldorf and Cologne 2009-2014 Tax assistant at Dr. Gantef\u00fchrer, Marquardt und Partner 2014 Appointment as a tax consultant since 2014 Tax consultant at Dr. Gantef\u00fchrer, Marquardt und Partner 2020 Appointment as a specialist consultant for the health care system (DStV e.V.) Industries\" \/>\n<meta property=\"og:url\" content=\"https:\/\/www.gamapa.de\/en\/advisors\/oliver-lambrecht-tax-consultant\/\" \/>\n<meta property=\"og:site_name\" content=\"GANTEF\u00dcHRER\" \/>\n<meta property=\"article:modified_time\" content=\"2025-11-06T10:53:46+00:00\" \/>\n<meta property=\"og:image\" content=\"https:\/\/www.gamapa.de\/wp-content\/uploads\/2021\/10\/Oliver-Lambrecht_2.jpg\" \/>\n\t<meta property=\"og:image:width\" content=\"1440\" \/>\n\t<meta property=\"og:image:height\" content=\"859\" \/>\n\t<meta property=\"og:image:type\" content=\"image\/jpeg\" \/>\n<meta name=\"twitter:card\" content=\"summary_large_image\" \/>\n<meta name=\"twitter:label1\" content=\"Est. reading time\" \/>\n\t<meta name=\"twitter:data1\" content=\"1 minute\" \/>\n<script type=\"application\/ld+json\" class=\"yoast-schema-graph\">{\"@context\":\"https:\\\/\\\/schema.org\",\"@graph\":[{\"@type\":\"WebPage\",\"@id\":\"https:\\\/\\\/www.gamapa.de\\\/en\\\/advisors\\\/oliver-lambrecht-tax-consultant\\\/\",\"url\":\"https:\\\/\\\/www.gamapa.de\\\/en\\\/advisors\\\/oliver-lambrecht-tax-consultant\\\/\",\"name\":\"Oliver Lambrecht - GANTEF\u00dcHRER\",\"isPartOf\":{\"@id\":\"https:\\\/\\\/www.gamapa.de\\\/en\\\/#website\"},\"primaryImageOfPage\":{\"@id\":\"https:\\\/\\\/www.gamapa.de\\\/en\\\/advisors\\\/oliver-lambrecht-tax-consultant\\\/#primaryimage\"},\"image\":{\"@id\":\"https:\\\/\\\/www.gamapa.de\\\/en\\\/advisors\\\/oliver-lambrecht-tax-consultant\\\/#primaryimage\"},\"thumbnailUrl\":\"https:\\\/\\\/www.gamapa.de\\\/wp-content\\\/uploads\\\/2021\\\/10\\\/Oliver-Lambrecht_2.jpg\",\"datePublished\":\"2020-08-29T17:58:46+00:00\",\"dateModified\":\"2025-11-06T10:53:46+00:00\",\"breadcrumb\":{\"@id\":\"https:\\\/\\\/www.gamapa.de\\\/en\\\/advisors\\\/oliver-lambrecht-tax-consultant\\\/#breadcrumb\"},\"inLanguage\":\"en-US\",\"potentialAction\":[{\"@type\":\"ReadAction\",\"target\":[\"https:\\\/\\\/www.gamapa.de\\\/en\\\/advisors\\\/oliver-lambrecht-tax-consultant\\\/\"]}]},{\"@type\":\"ImageObject\",\"inLanguage\":\"en-US\",\"@id\":\"https:\\\/\\\/www.gamapa.de\\\/en\\\/advisors\\\/oliver-lambrecht-tax-consultant\\\/#primaryimage\",\"url\":\"https:\\\/\\\/www.gamapa.de\\\/wp-content\\\/uploads\\\/2021\\\/10\\\/Oliver-Lambrecht_2.jpg\",\"contentUrl\":\"https:\\\/\\\/www.gamapa.de\\\/wp-content\\\/uploads\\\/2021\\\/10\\\/Oliver-Lambrecht_2.jpg\",\"width\":1440,\"height\":859,\"caption\":\"Oliver Lambrecht, Dipl. Kfm., Steuerberater, Fachberater f\u00fcr das Gesundheitswesen (DStV e.V.)\"},{\"@type\":\"BreadcrumbList\",\"@id\":\"https:\\\/\\\/www.gamapa.de\\\/en\\\/advisors\\\/oliver-lambrecht-tax-consultant\\\/#breadcrumb\",\"itemListElement\":[{\"@type\":\"ListItem\",\"position\":1,\"name\":\"Startseite\",\"item\":\"https:\\\/\\\/www.gamapa.de\\\/en\\\/\"},{\"@type\":\"ListItem\",\"position\":2,\"name\":\"Advisors\",\"item\":\"https:\\\/\\\/www.gamapa.de\\\/en\\\/advisors\\\/\"},{\"@type\":\"ListItem\",\"position\":3,\"name\":\"Oliver Lambrecht\"}]},{\"@type\":\"WebSite\",\"@id\":\"https:\\\/\\\/www.gamapa.de\\\/en\\\/#website\",\"url\":\"https:\\\/\\\/www.gamapa.de\\\/en\\\/\",\"name\":\"GANTEF\u00dcHRER\",\"description\":\"Wirtschaftspr\u00fcfer, Steuerberater, Rechtsanw\u00e4lte\",\"publisher\":{\"@id\":\"https:\\\/\\\/www.gamapa.de\\\/en\\\/#organization\"},\"potentialAction\":[{\"@type\":\"SearchAction\",\"target\":{\"@type\":\"EntryPoint\",\"urlTemplate\":\"https:\\\/\\\/www.gamapa.de\\\/en\\\/?s={search_term_string}\"},\"query-input\":{\"@type\":\"PropertyValueSpecification\",\"valueRequired\":true,\"valueName\":\"search_term_string\"}}],\"inLanguage\":\"en-US\"},{\"@type\":\"Organization\",\"@id\":\"https:\\\/\\\/www.gamapa.de\\\/en\\\/#organization\",\"name\":\"Gantef\u00fchrer Wirtschaftspr\u00fcfer, Steuerberater, Rechtsanw\u00e4lte\",\"url\":\"https:\\\/\\\/www.gamapa.de\\\/en\\\/\",\"logo\":{\"@type\":\"ImageObject\",\"inLanguage\":\"en-US\",\"@id\":\"https:\\\/\\\/www.gamapa.de\\\/en\\\/#\\\/schema\\\/logo\\\/image\\\/\",\"url\":\"https:\\\/\\\/www.gamapa.de\\\/wp-content\\\/uploads\\\/2026\\\/01\\\/Logo-Gantefuehrer.png\",\"contentUrl\":\"https:\\\/\\\/www.gamapa.de\\\/wp-content\\\/uploads\\\/2026\\\/01\\\/Logo-Gantefuehrer.png\",\"width\":767,\"height\":156,\"caption\":\"Gantef\u00fchrer Wirtschaftspr\u00fcfer, Steuerberater, Rechtsanw\u00e4lte\"},\"image\":{\"@id\":\"https:\\\/\\\/www.gamapa.de\\\/en\\\/#\\\/schema\\\/logo\\\/image\\\/\"}}]}<\/script>\n<!-- \/ Yoast SEO plugin. -->","yoast_head_json":{"title":"Oliver Lambrecht - GANTEF\u00dcHRER","robots":{"index":"index","follow":"follow","max-snippet":"max-snippet:-1","max-image-preview":"max-image-preview:large","max-video-preview":"max-video-preview:-1"},"canonical":"https:\/\/www.gamapa.de\/en\/advisors\/oliver-lambrecht-tax-consultant\/","og_locale":"en_US","og_type":"article","og_title":"Oliver Lambrecht - GANTEF\u00dcHRER","og_description":"Main fields of activity Career 2002-2009 Universities of Bonn, D\u00fcsseldorf and Cologne 2009-2014 Tax assistant at Dr. Gantef\u00fchrer, Marquardt und Partner 2014 Appointment as a tax consultant since 2014 Tax consultant at Dr. Gantef\u00fchrer, Marquardt und Partner 2020 Appointment as a specialist consultant for the health care system (DStV e.V.) Industries","og_url":"https:\/\/www.gamapa.de\/en\/advisors\/oliver-lambrecht-tax-consultant\/","og_site_name":"GANTEF\u00dcHRER","article_modified_time":"2025-11-06T10:53:46+00:00","og_image":[{"width":1440,"height":859,"url":"https:\/\/www.gamapa.de\/wp-content\/uploads\/2021\/10\/Oliver-Lambrecht_2.jpg","type":"image\/jpeg"}],"twitter_card":"summary_large_image","twitter_misc":{"Est. reading time":"1 minute"},"schema":{"@context":"https:\/\/schema.org","@graph":[{"@type":"WebPage","@id":"https:\/\/www.gamapa.de\/en\/advisors\/oliver-lambrecht-tax-consultant\/","url":"https:\/\/www.gamapa.de\/en\/advisors\/oliver-lambrecht-tax-consultant\/","name":"Oliver Lambrecht - GANTEF\u00dcHRER","isPartOf":{"@id":"https:\/\/www.gamapa.de\/en\/#website"},"primaryImageOfPage":{"@id":"https:\/\/www.gamapa.de\/en\/advisors\/oliver-lambrecht-tax-consultant\/#primaryimage"},"image":{"@id":"https:\/\/www.gamapa.de\/en\/advisors\/oliver-lambrecht-tax-consultant\/#primaryimage"},"thumbnailUrl":"https:\/\/www.gamapa.de\/wp-content\/uploads\/2021\/10\/Oliver-Lambrecht_2.jpg","datePublished":"2020-08-29T17:58:46+00:00","dateModified":"2025-11-06T10:53:46+00:00","breadcrumb":{"@id":"https:\/\/www.gamapa.de\/en\/advisors\/oliver-lambrecht-tax-consultant\/#breadcrumb"},"inLanguage":"en-US","potentialAction":[{"@type":"ReadAction","target":["https:\/\/www.gamapa.de\/en\/advisors\/oliver-lambrecht-tax-consultant\/"]}]},{"@type":"ImageObject","inLanguage":"en-US","@id":"https:\/\/www.gamapa.de\/en\/advisors\/oliver-lambrecht-tax-consultant\/#primaryimage","url":"https:\/\/www.gamapa.de\/wp-content\/uploads\/2021\/10\/Oliver-Lambrecht_2.jpg","contentUrl":"https:\/\/www.gamapa.de\/wp-content\/uploads\/2021\/10\/Oliver-Lambrecht_2.jpg","width":1440,"height":859,"caption":"Oliver Lambrecht, Dipl. Kfm., Steuerberater, Fachberater f\u00fcr das Gesundheitswesen (DStV e.V.)"},{"@type":"BreadcrumbList","@id":"https:\/\/www.gamapa.de\/en\/advisors\/oliver-lambrecht-tax-consultant\/#breadcrumb","itemListElement":[{"@type":"ListItem","position":1,"name":"Startseite","item":"https:\/\/www.gamapa.de\/en\/"},{"@type":"ListItem","position":2,"name":"Advisors","item":"https:\/\/www.gamapa.de\/en\/advisors\/"},{"@type":"ListItem","position":3,"name":"Oliver Lambrecht"}]},{"@type":"WebSite","@id":"https:\/\/www.gamapa.de\/en\/#website","url":"https:\/\/www.gamapa.de\/en\/","name":"GANTEF\u00dcHRER","description":"Wirtschaftspr\u00fcfer, Steuerberater, Rechtsanw\u00e4lte","publisher":{"@id":"https:\/\/www.gamapa.de\/en\/#organization"},"potentialAction":[{"@type":"SearchAction","target":{"@type":"EntryPoint","urlTemplate":"https:\/\/www.gamapa.de\/en\/?s={search_term_string}"},"query-input":{"@type":"PropertyValueSpecification","valueRequired":true,"valueName":"search_term_string"}}],"inLanguage":"en-US"},{"@type":"Organization","@id":"https:\/\/www.gamapa.de\/en\/#organization","name":"Gantef\u00fchrer Wirtschaftspr\u00fcfer, Steuerberater, Rechtsanw\u00e4lte","url":"https:\/\/www.gamapa.de\/en\/","logo":{"@type":"ImageObject","inLanguage":"en-US","@id":"https:\/\/www.gamapa.de\/en\/#\/schema\/logo\/image\/","url":"https:\/\/www.gamapa.de\/wp-content\/uploads\/2026\/01\/Logo-Gantefuehrer.png","contentUrl":"https:\/\/www.gamapa.de\/wp-content\/uploads\/2026\/01\/Logo-Gantefuehrer.png","width":767,"height":156,"caption":"Gantef\u00fchrer Wirtschaftspr\u00fcfer, Steuerberater, Rechtsanw\u00e4lte"},"image":{"@id":"https:\/\/www.gamapa.de\/en\/#\/schema\/logo\/image\/"}}]}},"uagb_featured_image_src":{"full":["https:\/\/www.gamapa.de\/wp-content\/uploads\/2021\/10\/Oliver-Lambrecht_2.jpg",1440,859,false],"thumbnail":["https:\/\/www.gamapa.de\/wp-content\/uploads\/2021\/10\/Oliver-Lambrecht_2-150x150.jpg",150,150,true],"medium":["https:\/\/www.gamapa.de\/wp-content\/uploads\/2021\/10\/Oliver-Lambrecht_2-600x358.jpg",600,358,true],"medium_large":["https:\/\/www.gamapa.de\/wp-content\/uploads\/2021\/10\/Oliver-Lambrecht_2-768x458.jpg",580,346,true],"large":["https:\/\/www.gamapa.de\/wp-content\/uploads\/2021\/10\/Oliver-Lambrecht_2.jpg",580,346,false],"gs-tiny":["https:\/\/www.gamapa.de\/wp-content\/uploads\/2021\/10\/Oliver-Lambrecht_2.jpg",50,30,false],"xl":["https:\/\/www.gamapa.de\/wp-content\/uploads\/2021\/10\/Oliver-Lambrecht_2.jpg",1440,859,false],"xxl":["https:\/\/www.gamapa.de\/wp-content\/uploads\/2021\/10\/Oliver-Lambrecht_2.jpg",1440,859,false],"xxxl":["https:\/\/www.gamapa.de\/wp-content\/uploads\/2021\/10\/Oliver-Lambrecht_2.jpg",1440,859,false],"xxxxl":["https:\/\/www.gamapa.de\/wp-content\/uploads\/2021\/10\/Oliver-Lambrecht_2.jpg",1440,859,false],"xxxxxl":["https:\/\/www.gamapa.de\/wp-content\/uploads\/2021\/10\/Oliver-Lambrecht_2.jpg",1440,859,false],"1536x1536":["https:\/\/www.gamapa.de\/wp-content\/uploads\/2021\/10\/Oliver-Lambrecht_2.jpg",1440,859,false],"2048x2048":["https:\/\/www.gamapa.de\/wp-content\/uploads\/2021\/10\/Oliver-Lambrecht_2.jpg",1440,859,false],"post-thumbnail":["https:\/\/www.gamapa.de\/wp-content\/uploads\/2021\/10\/Oliver-Lambrecht_2.jpg",1440,859,false],"twentytwenty-fullscreen":["https:\/\/www.gamapa.de\/wp-content\/uploads\/2021\/10\/Oliver-Lambrecht_2.jpg",1440,859,false],"theme-slug-single-post":["https:\/\/www.gamapa.de\/wp-content\/uploads\/2021\/10\/Oliver-Lambrecht_2-1440x400.jpg",1440,400,true]},"uagb_author_info":{"display_name":"linda","author_link":"https:\/\/www.gamapa.de\/en\/author\/linda\/"},"uagb_comment_info":0,"uagb_excerpt":"Main fields of activity Career 2002-2009 Universities of Bonn, D\u00fcsseldorf and Cologne 2009-2014 Tax assistant at Dr. Gantef\u00fchrer, Marquardt und Partner 2014 Appointment as a tax consultant since 2014 Tax consultant at Dr. Gantef\u00fchrer, Marquardt und Partner 2020 Appointment as a specialist consultant for the health care system (DStV e.V.) Industries","_links":{"self":[{"href":"https:\/\/www.gamapa.de\/en\/wp-json\/wp\/v2\/pages\/4701","targetHints":{"allow":["GET"]}}],"collection":[{"href":"https:\/\/www.gamapa.de\/en\/wp-json\/wp\/v2\/pages"}],"about":[{"href":"https:\/\/www.gamapa.de\/en\/wp-json\/wp\/v2\/types\/page"}],"author":[{"embeddable":true,"href":"https:\/\/www.gamapa.de\/en\/wp-json\/wp\/v2\/users\/1"}],"replies":[{"embeddable":true,"href":"https:\/\/www.gamapa.de\/en\/wp-json\/wp\/v2\/comments?post=4701"}],"version-history":[{"count":11,"href":"https:\/\/www.gamapa.de\/en\/wp-json\/wp\/v2\/pages\/4701\/revisions"}],"predecessor-version":[{"id":22277,"href":"https:\/\/www.gamapa.de\/en\/wp-json\/wp\/v2\/pages\/4701\/revisions\/22277"}],"up":[{"embeddable":true,"href":"https:\/\/www.gamapa.de\/en\/wp-json\/wp\/v2\/pages\/5642"}],"wp:featuredmedia":[{"embeddable":true,"href":"https:\/\/www.gamapa.de\/en\/wp-json\/wp\/v2\/media\/9508"}],"wp:attachment":[{"href":"https:\/\/www.gamapa.de\/en\/wp-json\/wp\/v2\/media?parent=4701"}],"curies":[{"name":"wp","href":"https:\/\/api.w.org\/{rel}","templated":true}]}}