

{"id":4720,"date":"2020-08-29T20:55:05","date_gmt":"2020-08-29T18:55:05","guid":{"rendered":"https:\/\/www.gamapa.de\/sabine-nowak-dipl-kff-wirtschaftsprueferin-steuerberaterin\/"},"modified":"2025-11-06T13:48:00","modified_gmt":"2025-11-06T12:48:00","slug":"sabine-nowak-dipl-kff-auditor-tax-consultant","status":"publish","type":"page","link":"https:\/\/www.gamapa.de\/en\/advisors\/sabine-nowak-dipl-kff-auditor-tax-consultant\/","title":{"rendered":"Sabine Nowak"},"content":{"rendered":"\n<h3 class=\"wp-block-heading\">Main fields of activity<\/h3>\n\n\n\n<ul class=\"wp-block-list\"><li>Preparation of annual financial statements, tax balance sheets and tax returns<\/li><li>Consulting for museums, artists and galleries<\/li><li>Assistance during external tax inspections, management of extrajudicial and judicial appeal proceedings<\/li><li>Advice in connection with inheritance and donation tax issues<\/li><\/ul>\n\n\n\n<h3 class=\"wp-block-heading\">Career<\/h3>\n\n\n\n<figure class=\"wp-block-table tablist\"><table><tbody><tr><td>1993-1998<\/td><td>Business studies in Ingolstadt<\/td><\/tr><tr><td>1998-2016<\/td><td>Certified auditor and tax consultant at Mazars, D\u00fcsseldorf and Paris<\/td><\/tr><tr><td>2002<\/td><td>Appointment as a tax consultant<\/td><\/tr><tr><td>2004<\/td><td>Appointment as a certified auditor<\/td><\/tr><tr><td>since 2016<\/td><td>Certified auditor at Dr. Gantef\u00fchrer, Marquardt und Partner<\/td><\/tr><tr><td>since 2022<\/td><td>Partner at Dr. Gantef\u00fchrer Marquardt und Partner<\/td><\/tr><\/tbody><\/table><\/figure>\n\n\n\n<h3 class=\"wp-block-heading\">Industries<\/h3>\n\n\n\n<ul class=\"wp-block-list\"><li>Automotive suppliers<\/li><li>Transport and logistics<\/li><li>Internet service providers<\/li><li>Real estate<\/li><li>Services<\/li><\/ul>\n\n\n\n\n\n<div class=\"wp-block-button zurueck\"><a class=\"wp-block-button__link\" href=\"https:\/\/www.gamapa.de\/en\/advisors\/\">Back<\/a><\/div>\n\n\n\n<p><\/p>\n","protected":false},"excerpt":{"rendered":"<p>Main fields of activity Preparation of annual financial statements, tax balance sheets and tax returns Consulting for museums, artists and galleries Assistance during external tax inspections, management of extrajudicial and judicial appeal proceedings Advice in connection with inheritance and donation tax issues Career 1993-1998 Business studies in Ingolstadt 1998-2016 Certified auditor and tax consultant at <a href=\"https:\/\/www.gamapa.de\/en\/advisors\/sabine-nowak-dipl-kff-auditor-tax-consultant\/\">[\u2026]<\/a><\/p>\n","protected":false},"author":1,"featured_media":4005,"parent":5642,"menu_order":48,"comment_status":"closed","ping_status":"closed","template":"templates\/template-Profil.php","meta":{"_acf_changed":false,"_uag_custom_page_level_css":"","footnotes":""},"class_list":["post-4720","page","type-page","status-publish","has-post-thumbnail","hentry"],"acf":[],"yoast_head":"<!-- This site is optimized with the Yoast SEO plugin v27.5 - https:\/\/yoast.com\/product\/yoast-seo-wordpress\/ -->\n<title>Sabine Nowak - GANTEF\u00dcHRER<\/title>\n<meta name=\"robots\" content=\"index, follow, max-snippet:-1, max-image-preview:large, max-video-preview:-1\" \/>\n<link rel=\"canonical\" href=\"https:\/\/www.gamapa.de\/en\/advisors\/sabine-nowak-dipl-kff-auditor-tax-consultant\/\" \/>\n<meta property=\"og:locale\" content=\"en_US\" \/>\n<meta property=\"og:type\" content=\"article\" \/>\n<meta property=\"og:title\" content=\"Sabine Nowak - GANTEF\u00dcHRER\" \/>\n<meta property=\"og:description\" content=\"Main fields of activity Preparation of annual financial statements, tax balance sheets and tax returns Consulting for museums, artists and galleries Assistance during external tax inspections, management of extrajudicial and judicial appeal proceedings Advice in connection with inheritance and donation tax issues Career 1993-1998 Business studies in Ingolstadt 1998-2016 Certified auditor and tax consultant at [\u2026]\" \/>\n<meta property=\"og:url\" content=\"https:\/\/www.gamapa.de\/en\/advisors\/sabine-nowak-dipl-kff-auditor-tax-consultant\/\" \/>\n<meta property=\"og:site_name\" content=\"GANTEF\u00dcHRER\" \/>\n<meta property=\"article:modified_time\" content=\"2025-11-06T12:48:00+00:00\" \/>\n<meta property=\"og:image\" content=\"https:\/\/www.gamapa.de\/wp-content\/uploads\/2020\/08\/Nowak-big.jpg\" \/>\n\t<meta property=\"og:image:width\" content=\"1440\" \/>\n\t<meta property=\"og:image:height\" content=\"859\" \/>\n\t<meta property=\"og:image:type\" content=\"image\/jpeg\" \/>\n<meta name=\"twitter:card\" content=\"summary_large_image\" \/>\n<meta name=\"twitter:label1\" content=\"Est. reading time\" \/>\n\t<meta name=\"twitter:data1\" content=\"1 minute\" \/>\n<script type=\"application\/ld+json\" class=\"yoast-schema-graph\">{\"@context\":\"https:\\\/\\\/schema.org\",\"@graph\":[{\"@type\":\"WebPage\",\"@id\":\"https:\\\/\\\/www.gamapa.de\\\/en\\\/advisors\\\/sabine-nowak-dipl-kff-auditor-tax-consultant\\\/\",\"url\":\"https:\\\/\\\/www.gamapa.de\\\/en\\\/advisors\\\/sabine-nowak-dipl-kff-auditor-tax-consultant\\\/\",\"name\":\"Sabine Nowak - GANTEF\u00dcHRER\",\"isPartOf\":{\"@id\":\"https:\\\/\\\/www.gamapa.de\\\/en\\\/#website\"},\"primaryImageOfPage\":{\"@id\":\"https:\\\/\\\/www.gamapa.de\\\/en\\\/advisors\\\/sabine-nowak-dipl-kff-auditor-tax-consultant\\\/#primaryimage\"},\"image\":{\"@id\":\"https:\\\/\\\/www.gamapa.de\\\/en\\\/advisors\\\/sabine-nowak-dipl-kff-auditor-tax-consultant\\\/#primaryimage\"},\"thumbnailUrl\":\"https:\\\/\\\/www.gamapa.de\\\/wp-content\\\/uploads\\\/2020\\\/08\\\/Nowak-big.jpg\",\"datePublished\":\"2020-08-29T18:55:05+00:00\",\"dateModified\":\"2025-11-06T12:48:00+00:00\",\"breadcrumb\":{\"@id\":\"https:\\\/\\\/www.gamapa.de\\\/en\\\/advisors\\\/sabine-nowak-dipl-kff-auditor-tax-consultant\\\/#breadcrumb\"},\"inLanguage\":\"en-US\",\"potentialAction\":[{\"@type\":\"ReadAction\",\"target\":[\"https:\\\/\\\/www.gamapa.de\\\/en\\\/advisors\\\/sabine-nowak-dipl-kff-auditor-tax-consultant\\\/\"]}]},{\"@type\":\"ImageObject\",\"inLanguage\":\"en-US\",\"@id\":\"https:\\\/\\\/www.gamapa.de\\\/en\\\/advisors\\\/sabine-nowak-dipl-kff-auditor-tax-consultant\\\/#primaryimage\",\"url\":\"https:\\\/\\\/www.gamapa.de\\\/wp-content\\\/uploads\\\/2020\\\/08\\\/Nowak-big.jpg\",\"contentUrl\":\"https:\\\/\\\/www.gamapa.de\\\/wp-content\\\/uploads\\\/2020\\\/08\\\/Nowak-big.jpg\",\"width\":1440,\"height\":859,\"caption\":\"Sabine Nowak, Diplom-Kffr. (Univ.), Wirtschaftspr\u00fcferin, Steuerberaterin, Partnerin, Gantef\u00fchrer - Steuerberater, Rechtsanw\u00e4lte, Wirtschaftspr\u00fcfer\"},{\"@type\":\"BreadcrumbList\",\"@id\":\"https:\\\/\\\/www.gamapa.de\\\/en\\\/advisors\\\/sabine-nowak-dipl-kff-auditor-tax-consultant\\\/#breadcrumb\",\"itemListElement\":[{\"@type\":\"ListItem\",\"position\":1,\"name\":\"Startseite\",\"item\":\"https:\\\/\\\/www.gamapa.de\\\/en\\\/\"},{\"@type\":\"ListItem\",\"position\":2,\"name\":\"Advisors\",\"item\":\"https:\\\/\\\/www.gamapa.de\\\/en\\\/advisors\\\/\"},{\"@type\":\"ListItem\",\"position\":3,\"name\":\"Sabine Nowak\"}]},{\"@type\":\"WebSite\",\"@id\":\"https:\\\/\\\/www.gamapa.de\\\/en\\\/#website\",\"url\":\"https:\\\/\\\/www.gamapa.de\\\/en\\\/\",\"name\":\"GANTEF\u00dcHRER\",\"description\":\"Wirtschaftspr\u00fcfer, Steuerberater, Rechtsanw\u00e4lte\",\"publisher\":{\"@id\":\"https:\\\/\\\/www.gamapa.de\\\/en\\\/#organization\"},\"potentialAction\":[{\"@type\":\"SearchAction\",\"target\":{\"@type\":\"EntryPoint\",\"urlTemplate\":\"https:\\\/\\\/www.gamapa.de\\\/en\\\/?s={search_term_string}\"},\"query-input\":{\"@type\":\"PropertyValueSpecification\",\"valueRequired\":true,\"valueName\":\"search_term_string\"}}],\"inLanguage\":\"en-US\"},{\"@type\":\"Organization\",\"@id\":\"https:\\\/\\\/www.gamapa.de\\\/en\\\/#organization\",\"name\":\"Gantef\u00fchrer Wirtschaftspr\u00fcfer, Steuerberater, Rechtsanw\u00e4lte\",\"url\":\"https:\\\/\\\/www.gamapa.de\\\/en\\\/\",\"logo\":{\"@type\":\"ImageObject\",\"inLanguage\":\"en-US\",\"@id\":\"https:\\\/\\\/www.gamapa.de\\\/en\\\/#\\\/schema\\\/logo\\\/image\\\/\",\"url\":\"https:\\\/\\\/www.gamapa.de\\\/wp-content\\\/uploads\\\/2026\\\/01\\\/Logo-Gantefuehrer.png\",\"contentUrl\":\"https:\\\/\\\/www.gamapa.de\\\/wp-content\\\/uploads\\\/2026\\\/01\\\/Logo-Gantefuehrer.png\",\"width\":767,\"height\":156,\"caption\":\"Gantef\u00fchrer Wirtschaftspr\u00fcfer, Steuerberater, Rechtsanw\u00e4lte\"},\"image\":{\"@id\":\"https:\\\/\\\/www.gamapa.de\\\/en\\\/#\\\/schema\\\/logo\\\/image\\\/\"}}]}<\/script>\n<!-- \/ Yoast SEO plugin. -->","yoast_head_json":{"title":"Sabine Nowak - GANTEF\u00dcHRER","robots":{"index":"index","follow":"follow","max-snippet":"max-snippet:-1","max-image-preview":"max-image-preview:large","max-video-preview":"max-video-preview:-1"},"canonical":"https:\/\/www.gamapa.de\/en\/advisors\/sabine-nowak-dipl-kff-auditor-tax-consultant\/","og_locale":"en_US","og_type":"article","og_title":"Sabine Nowak - GANTEF\u00dcHRER","og_description":"Main fields of activity Preparation of annual financial statements, tax balance sheets and tax returns Consulting for museums, artists and galleries Assistance during external tax inspections, management of extrajudicial and judicial appeal proceedings Advice in connection with inheritance and donation tax issues Career 1993-1998 Business studies in Ingolstadt 1998-2016 Certified auditor and tax consultant at [\u2026]","og_url":"https:\/\/www.gamapa.de\/en\/advisors\/sabine-nowak-dipl-kff-auditor-tax-consultant\/","og_site_name":"GANTEF\u00dcHRER","article_modified_time":"2025-11-06T12:48:00+00:00","og_image":[{"width":1440,"height":859,"url":"https:\/\/www.gamapa.de\/wp-content\/uploads\/2020\/08\/Nowak-big.jpg","type":"image\/jpeg"}],"twitter_card":"summary_large_image","twitter_misc":{"Est. reading time":"1 minute"},"schema":{"@context":"https:\/\/schema.org","@graph":[{"@type":"WebPage","@id":"https:\/\/www.gamapa.de\/en\/advisors\/sabine-nowak-dipl-kff-auditor-tax-consultant\/","url":"https:\/\/www.gamapa.de\/en\/advisors\/sabine-nowak-dipl-kff-auditor-tax-consultant\/","name":"Sabine Nowak - GANTEF\u00dcHRER","isPartOf":{"@id":"https:\/\/www.gamapa.de\/en\/#website"},"primaryImageOfPage":{"@id":"https:\/\/www.gamapa.de\/en\/advisors\/sabine-nowak-dipl-kff-auditor-tax-consultant\/#primaryimage"},"image":{"@id":"https:\/\/www.gamapa.de\/en\/advisors\/sabine-nowak-dipl-kff-auditor-tax-consultant\/#primaryimage"},"thumbnailUrl":"https:\/\/www.gamapa.de\/wp-content\/uploads\/2020\/08\/Nowak-big.jpg","datePublished":"2020-08-29T18:55:05+00:00","dateModified":"2025-11-06T12:48:00+00:00","breadcrumb":{"@id":"https:\/\/www.gamapa.de\/en\/advisors\/sabine-nowak-dipl-kff-auditor-tax-consultant\/#breadcrumb"},"inLanguage":"en-US","potentialAction":[{"@type":"ReadAction","target":["https:\/\/www.gamapa.de\/en\/advisors\/sabine-nowak-dipl-kff-auditor-tax-consultant\/"]}]},{"@type":"ImageObject","inLanguage":"en-US","@id":"https:\/\/www.gamapa.de\/en\/advisors\/sabine-nowak-dipl-kff-auditor-tax-consultant\/#primaryimage","url":"https:\/\/www.gamapa.de\/wp-content\/uploads\/2020\/08\/Nowak-big.jpg","contentUrl":"https:\/\/www.gamapa.de\/wp-content\/uploads\/2020\/08\/Nowak-big.jpg","width":1440,"height":859,"caption":"Sabine Nowak, Diplom-Kffr. (Univ.), Wirtschaftspr\u00fcferin, Steuerberaterin, Partnerin, Gantef\u00fchrer - Steuerberater, Rechtsanw\u00e4lte, Wirtschaftspr\u00fcfer"},{"@type":"BreadcrumbList","@id":"https:\/\/www.gamapa.de\/en\/advisors\/sabine-nowak-dipl-kff-auditor-tax-consultant\/#breadcrumb","itemListElement":[{"@type":"ListItem","position":1,"name":"Startseite","item":"https:\/\/www.gamapa.de\/en\/"},{"@type":"ListItem","position":2,"name":"Advisors","item":"https:\/\/www.gamapa.de\/en\/advisors\/"},{"@type":"ListItem","position":3,"name":"Sabine Nowak"}]},{"@type":"WebSite","@id":"https:\/\/www.gamapa.de\/en\/#website","url":"https:\/\/www.gamapa.de\/en\/","name":"GANTEF\u00dcHRER","description":"Wirtschaftspr\u00fcfer, Steuerberater, Rechtsanw\u00e4lte","publisher":{"@id":"https:\/\/www.gamapa.de\/en\/#organization"},"potentialAction":[{"@type":"SearchAction","target":{"@type":"EntryPoint","urlTemplate":"https:\/\/www.gamapa.de\/en\/?s={search_term_string}"},"query-input":{"@type":"PropertyValueSpecification","valueRequired":true,"valueName":"search_term_string"}}],"inLanguage":"en-US"},{"@type":"Organization","@id":"https:\/\/www.gamapa.de\/en\/#organization","name":"Gantef\u00fchrer Wirtschaftspr\u00fcfer, Steuerberater, Rechtsanw\u00e4lte","url":"https:\/\/www.gamapa.de\/en\/","logo":{"@type":"ImageObject","inLanguage":"en-US","@id":"https:\/\/www.gamapa.de\/en\/#\/schema\/logo\/image\/","url":"https:\/\/www.gamapa.de\/wp-content\/uploads\/2026\/01\/Logo-Gantefuehrer.png","contentUrl":"https:\/\/www.gamapa.de\/wp-content\/uploads\/2026\/01\/Logo-Gantefuehrer.png","width":767,"height":156,"caption":"Gantef\u00fchrer Wirtschaftspr\u00fcfer, Steuerberater, Rechtsanw\u00e4lte"},"image":{"@id":"https:\/\/www.gamapa.de\/en\/#\/schema\/logo\/image\/"}}]}},"uagb_featured_image_src":{"full":["https:\/\/www.gamapa.de\/wp-content\/uploads\/2020\/08\/Nowak-big.jpg",1440,859,false],"thumbnail":["https:\/\/www.gamapa.de\/wp-content\/uploads\/2020\/08\/Nowak-big-150x150.jpg",150,150,true],"medium":["https:\/\/www.gamapa.de\/wp-content\/uploads\/2020\/08\/Nowak-big-600x358.jpg",600,358,true],"medium_large":["https:\/\/www.gamapa.de\/wp-content\/uploads\/2020\/08\/Nowak-big-768x458.jpg",580,346,true],"large":["https:\/\/www.gamapa.de\/wp-content\/uploads\/2020\/08\/Nowak-big.jpg",580,346,false],"gs-tiny":["https:\/\/www.gamapa.de\/wp-content\/uploads\/2020\/08\/Nowak-big.jpg",50,30,false],"xl":["https:\/\/www.gamapa.de\/wp-content\/uploads\/2020\/08\/Nowak-big.jpg",1440,859,false],"xxl":["https:\/\/www.gamapa.de\/wp-content\/uploads\/2020\/08\/Nowak-big.jpg",1440,859,false],"xxxl":["https:\/\/www.gamapa.de\/wp-content\/uploads\/2020\/08\/Nowak-big.jpg",1440,859,false],"xxxxl":["https:\/\/www.gamapa.de\/wp-content\/uploads\/2020\/08\/Nowak-big.jpg",1440,859,false],"xxxxxl":["https:\/\/www.gamapa.de\/wp-content\/uploads\/2020\/08\/Nowak-big.jpg",1440,859,false],"1536x1536":["https:\/\/www.gamapa.de\/wp-content\/uploads\/2020\/08\/Nowak-big.jpg",1440,859,false],"2048x2048":["https:\/\/www.gamapa.de\/wp-content\/uploads\/2020\/08\/Nowak-big.jpg",1440,859,false],"post-thumbnail":["https:\/\/www.gamapa.de\/wp-content\/uploads\/2020\/08\/Nowak-big.jpg",1440,859,false],"twentytwenty-fullscreen":["https:\/\/www.gamapa.de\/wp-content\/uploads\/2020\/08\/Nowak-big.jpg",1440,859,false],"theme-slug-single-post":["https:\/\/www.gamapa.de\/wp-content\/uploads\/2020\/08\/Nowak-big-1440x400.jpg",1440,400,true]},"uagb_author_info":{"display_name":"linda","author_link":"https:\/\/www.gamapa.de\/en\/author\/linda\/"},"uagb_comment_info":0,"uagb_excerpt":"Main fields of activity Preparation of annual financial statements, tax balance sheets and tax returns Consulting for museums, artists and galleries Assistance during external tax inspections, management of extrajudicial and judicial appeal proceedings Advice in connection with inheritance and donation tax issues Career 1993-1998 Business studies in Ingolstadt 1998-2016 Certified auditor and tax consultant at&hellip;","_links":{"self":[{"href":"https:\/\/www.gamapa.de\/en\/wp-json\/wp\/v2\/pages\/4720","targetHints":{"allow":["GET"]}}],"collection":[{"href":"https:\/\/www.gamapa.de\/en\/wp-json\/wp\/v2\/pages"}],"about":[{"href":"https:\/\/www.gamapa.de\/en\/wp-json\/wp\/v2\/types\/page"}],"author":[{"embeddable":true,"href":"https:\/\/www.gamapa.de\/en\/wp-json\/wp\/v2\/users\/1"}],"replies":[{"embeddable":true,"href":"https:\/\/www.gamapa.de\/en\/wp-json\/wp\/v2\/comments?post=4720"}],"version-history":[{"count":16,"href":"https:\/\/www.gamapa.de\/en\/wp-json\/wp\/v2\/pages\/4720\/revisions"}],"predecessor-version":[{"id":22296,"href":"https:\/\/www.gamapa.de\/en\/wp-json\/wp\/v2\/pages\/4720\/revisions\/22296"}],"up":[{"embeddable":true,"href":"https:\/\/www.gamapa.de\/en\/wp-json\/wp\/v2\/pages\/5642"}],"wp:featuredmedia":[{"embeddable":true,"href":"https:\/\/www.gamapa.de\/en\/wp-json\/wp\/v2\/media\/4005"}],"wp:attachment":[{"href":"https:\/\/www.gamapa.de\/en\/wp-json\/wp\/v2\/media?parent=4720"}],"curies":[{"name":"wp","href":"https:\/\/api.w.org\/{rel}","templated":true}]}}