

{"id":4845,"date":"2020-09-02T14:01:37","date_gmt":"2020-09-02T12:01:37","guid":{"rendered":"https:\/\/www.gamapa.de\/dr-joerg-irlich-rechtsanwalt\/"},"modified":"2025-07-10T11:49:31","modified_gmt":"2025-07-10T09:49:31","slug":"dr-joerg-irlich-attorney-at-law","status":"publish","type":"page","link":"https:\/\/www.gamapa.de\/en\/advisors\/dr-joerg-irlich-attorney-at-law\/","title":{"rendered":"Dr. J\u00f6rg Irlich"},"content":{"rendered":"\n<h3 class=\"wp-block-heading\">Main fields of activity<\/h3>\n\n\n\n<ul class=\"wp-block-list\">\n<li>Commercial and corporate law<\/li>\n\n\n\n<li>Tax structuring advice<\/li>\n\n\n\n<li>Succession planning<\/li>\n\n\n\n<li>Representation in criminal tax and fiscal court proceedings<\/li>\n<\/ul>\n\n\n\n<h3 class=\"wp-block-heading\">Career<\/h3>\n\n\n\n<figure class=\"wp-block-table tablist\"><table><tbody><tr><td>1984-1991 <\/td><td>University of Cologne<\/td><\/tr><tr><td>1992-1995<\/td><td>Legal traineeship in Kleve<\/td><\/tr><tr><td>1995-2000<\/td><td>Lawyer at Dehnen &amp; Partner, D\u00fcsseldorf<\/td><\/tr><tr><td>1999<\/td><td>Doctorate as Dr. iur.<\/td><\/tr><tr><td>2000-2018<\/td><td>Lawyer at the HLB Dr. Schumacher &amp; Partner GmbH auditing and tax consulting company, D\u00fcsseldorf<\/td><\/tr><tr><td>since 2018<\/td><td>Lawyer at Dr. Gantef\u00fchrer, Marquardt &amp; Partner<\/td><\/tr><\/tbody><\/table><\/figure>\n\n\n\n<h3 class=\"wp-block-heading\">Industries<\/h3>\n\n\n\n<ul class=\"wp-block-list\">\n<li>Small and medium-sized companies in various industries<\/li>\n\n\n\n<li>Natural persons<\/li>\n\n\n\n<li>Foundations<\/li>\n<\/ul>\n\n\n\n<h3 class=\"wp-block-heading\">Other activities<\/h3>\n\n\n\n<ul class=\"wp-block-list\">\n<li>Collaboration on the principles for determining the income earned by the undertaking and their application to banks, insurance companies and other financing companies, German National Report on Topic I of the 50th IFA Congress in Geneva 1996<\/li>\n\n\n\n<li>Member of the Board of Directors of a public profit foundation<\/li>\n<\/ul>\n\n\n\n<h3 class=\"wp-block-heading\">Membership<\/h3>\n\n\n\n<p>Gespr\u00e4chskreis Rhein-Ruhr f\u00fcr Internationales Steuerrecht e.V.<\/p>\n\n\n\n\n\n<div class=\"wp-block-button zurueck\"><a class=\"wp-block-button__link wp-element-button\" href=\"https:\/\/www.gamapa.de\/en\/advisors\/\">back<\/a><\/div>\n\n\n\n<p><\/p>\n","protected":false},"excerpt":{"rendered":"<p>Main fields of activity Career 1984-1991 University of Cologne 1992-1995 Legal traineeship in Kleve 1995-2000 Lawyer at Dehnen &amp; Partner, D\u00fcsseldorf 1999 Doctorate as Dr. iur. 2000-2018 Lawyer at the HLB Dr. Schumacher &amp; Partner GmbH auditing and tax consulting company, D\u00fcsseldorf since 2018 Lawyer at Dr. Gantef\u00fchrer, Marquardt &amp; Partner Industries Other activities Membership <a href=\"https:\/\/www.gamapa.de\/en\/advisors\/dr-joerg-irlich-attorney-at-law\/\">[\u2026]<\/a><\/p>\n","protected":false},"author":1,"featured_media":4218,"parent":5642,"menu_order":15,"comment_status":"closed","ping_status":"closed","template":"templates\/template-Profil.php","meta":{"_acf_changed":false,"_uag_custom_page_level_css":"","footnotes":""},"class_list":["post-4845","page","type-page","status-publish","has-post-thumbnail","hentry"],"acf":[],"yoast_head":"<!-- This site is optimized with the Yoast SEO plugin v27.3 - https:\/\/yoast.com\/product\/yoast-seo-wordpress\/ -->\n<title>Dr. J\u00f6rg Irlich - GANTEF\u00dcHRER<\/title>\n<meta name=\"robots\" content=\"index, follow, max-snippet:-1, max-image-preview:large, max-video-preview:-1\" \/>\n<link rel=\"canonical\" href=\"https:\/\/www.gamapa.de\/en\/advisors\/dr-joerg-irlich-attorney-at-law\/\" \/>\n<meta property=\"og:locale\" content=\"en_US\" \/>\n<meta property=\"og:type\" content=\"article\" \/>\n<meta property=\"og:title\" content=\"Dr. J\u00f6rg Irlich - GANTEF\u00dcHRER\" \/>\n<meta property=\"og:description\" content=\"Main fields of activity Career 1984-1991 University of Cologne 1992-1995 Legal traineeship in Kleve 1995-2000 Lawyer at Dehnen &amp; Partner, D\u00fcsseldorf 1999 Doctorate as Dr. iur. 2000-2018 Lawyer at the HLB Dr. Schumacher &amp; Partner GmbH auditing and tax consulting company, D\u00fcsseldorf since 2018 Lawyer at Dr. Gantef\u00fchrer, Marquardt &amp; Partner Industries Other activities Membership [\u2026]\" \/>\n<meta property=\"og:url\" content=\"https:\/\/www.gamapa.de\/en\/advisors\/dr-joerg-irlich-attorney-at-law\/\" \/>\n<meta property=\"og:site_name\" content=\"GANTEF\u00dcHRER\" \/>\n<meta property=\"article:modified_time\" content=\"2025-07-10T09:49:31+00:00\" \/>\n<meta property=\"og:image\" content=\"https:\/\/www.gamapa.de\/wp-content\/uploads\/2020\/08\/Irlich-big-1.jpg\" \/>\n\t<meta property=\"og:image:width\" content=\"1440\" \/>\n\t<meta property=\"og:image:height\" content=\"859\" \/>\n\t<meta property=\"og:image:type\" content=\"image\/jpeg\" \/>\n<meta name=\"twitter:card\" content=\"summary_large_image\" \/>\n<meta name=\"twitter:label1\" content=\"Est. reading time\" \/>\n\t<meta name=\"twitter:data1\" content=\"1 minute\" \/>\n<script type=\"application\/ld+json\" class=\"yoast-schema-graph\">{\"@context\":\"https:\\\/\\\/schema.org\",\"@graph\":[{\"@type\":\"WebPage\",\"@id\":\"https:\\\/\\\/www.gamapa.de\\\/en\\\/advisors\\\/dr-joerg-irlich-attorney-at-law\\\/\",\"url\":\"https:\\\/\\\/www.gamapa.de\\\/en\\\/advisors\\\/dr-joerg-irlich-attorney-at-law\\\/\",\"name\":\"Dr. J\u00f6rg Irlich - GANTEF\u00dcHRER\",\"isPartOf\":{\"@id\":\"https:\\\/\\\/www.gamapa.de\\\/en\\\/#website\"},\"primaryImageOfPage\":{\"@id\":\"https:\\\/\\\/www.gamapa.de\\\/en\\\/advisors\\\/dr-joerg-irlich-attorney-at-law\\\/#primaryimage\"},\"image\":{\"@id\":\"https:\\\/\\\/www.gamapa.de\\\/en\\\/advisors\\\/dr-joerg-irlich-attorney-at-law\\\/#primaryimage\"},\"thumbnailUrl\":\"https:\\\/\\\/www.gamapa.de\\\/wp-content\\\/uploads\\\/2020\\\/08\\\/Irlich-big-1.jpg\",\"datePublished\":\"2020-09-02T12:01:37+00:00\",\"dateModified\":\"2025-07-10T09:49:31+00:00\",\"breadcrumb\":{\"@id\":\"https:\\\/\\\/www.gamapa.de\\\/en\\\/advisors\\\/dr-joerg-irlich-attorney-at-law\\\/#breadcrumb\"},\"inLanguage\":\"en-US\",\"potentialAction\":[{\"@type\":\"ReadAction\",\"target\":[\"https:\\\/\\\/www.gamapa.de\\\/en\\\/advisors\\\/dr-joerg-irlich-attorney-at-law\\\/\"]}]},{\"@type\":\"ImageObject\",\"inLanguage\":\"en-US\",\"@id\":\"https:\\\/\\\/www.gamapa.de\\\/en\\\/advisors\\\/dr-joerg-irlich-attorney-at-law\\\/#primaryimage\",\"url\":\"https:\\\/\\\/www.gamapa.de\\\/wp-content\\\/uploads\\\/2020\\\/08\\\/Irlich-big-1.jpg\",\"contentUrl\":\"https:\\\/\\\/www.gamapa.de\\\/wp-content\\\/uploads\\\/2020\\\/08\\\/Irlich-big-1.jpg\",\"width\":1440,\"height\":859,\"caption\":\"Dr. J\u00f6rg Irlich, Rechtsanwalt\"},{\"@type\":\"BreadcrumbList\",\"@id\":\"https:\\\/\\\/www.gamapa.de\\\/en\\\/advisors\\\/dr-joerg-irlich-attorney-at-law\\\/#breadcrumb\",\"itemListElement\":[{\"@type\":\"ListItem\",\"position\":1,\"name\":\"Startseite\",\"item\":\"https:\\\/\\\/www.gamapa.de\\\/en\\\/\"},{\"@type\":\"ListItem\",\"position\":2,\"name\":\"Advisors\",\"item\":\"https:\\\/\\\/www.gamapa.de\\\/en\\\/advisors\\\/\"},{\"@type\":\"ListItem\",\"position\":3,\"name\":\"Dr. J\u00f6rg Irlich\"}]},{\"@type\":\"WebSite\",\"@id\":\"https:\\\/\\\/www.gamapa.de\\\/en\\\/#website\",\"url\":\"https:\\\/\\\/www.gamapa.de\\\/en\\\/\",\"name\":\"GANTEF\u00dcHRER\",\"description\":\"Wirtschaftspr\u00fcfer, Steuerberater, Rechtsanw\u00e4lte\",\"publisher\":{\"@id\":\"https:\\\/\\\/www.gamapa.de\\\/en\\\/#organization\"},\"potentialAction\":[{\"@type\":\"SearchAction\",\"target\":{\"@type\":\"EntryPoint\",\"urlTemplate\":\"https:\\\/\\\/www.gamapa.de\\\/en\\\/?s={search_term_string}\"},\"query-input\":{\"@type\":\"PropertyValueSpecification\",\"valueRequired\":true,\"valueName\":\"search_term_string\"}}],\"inLanguage\":\"en-US\"},{\"@type\":\"Organization\",\"@id\":\"https:\\\/\\\/www.gamapa.de\\\/en\\\/#organization\",\"name\":\"Gantef\u00fchrer Wirtschaftspr\u00fcfer, Steuerberater, Rechtsanw\u00e4lte\",\"url\":\"https:\\\/\\\/www.gamapa.de\\\/en\\\/\",\"logo\":{\"@type\":\"ImageObject\",\"inLanguage\":\"en-US\",\"@id\":\"https:\\\/\\\/www.gamapa.de\\\/en\\\/#\\\/schema\\\/logo\\\/image\\\/\",\"url\":\"https:\\\/\\\/www.gamapa.de\\\/wp-content\\\/uploads\\\/2026\\\/01\\\/Logo-Gantefuehrer.png\",\"contentUrl\":\"https:\\\/\\\/www.gamapa.de\\\/wp-content\\\/uploads\\\/2026\\\/01\\\/Logo-Gantefuehrer.png\",\"width\":767,\"height\":156,\"caption\":\"Gantef\u00fchrer Wirtschaftspr\u00fcfer, Steuerberater, Rechtsanw\u00e4lte\"},\"image\":{\"@id\":\"https:\\\/\\\/www.gamapa.de\\\/en\\\/#\\\/schema\\\/logo\\\/image\\\/\"}}]}<\/script>\n<!-- \/ Yoast SEO plugin. -->","yoast_head_json":{"title":"Dr. J\u00f6rg Irlich - GANTEF\u00dcHRER","robots":{"index":"index","follow":"follow","max-snippet":"max-snippet:-1","max-image-preview":"max-image-preview:large","max-video-preview":"max-video-preview:-1"},"canonical":"https:\/\/www.gamapa.de\/en\/advisors\/dr-joerg-irlich-attorney-at-law\/","og_locale":"en_US","og_type":"article","og_title":"Dr. J\u00f6rg Irlich - GANTEF\u00dcHRER","og_description":"Main fields of activity Career 1984-1991 University of Cologne 1992-1995 Legal traineeship in Kleve 1995-2000 Lawyer at Dehnen &amp; Partner, D\u00fcsseldorf 1999 Doctorate as Dr. iur. 2000-2018 Lawyer at the HLB Dr. Schumacher &amp; Partner GmbH auditing and tax consulting company, D\u00fcsseldorf since 2018 Lawyer at Dr. Gantef\u00fchrer, Marquardt &amp; Partner Industries Other activities Membership [\u2026]","og_url":"https:\/\/www.gamapa.de\/en\/advisors\/dr-joerg-irlich-attorney-at-law\/","og_site_name":"GANTEF\u00dcHRER","article_modified_time":"2025-07-10T09:49:31+00:00","og_image":[{"width":1440,"height":859,"url":"https:\/\/www.gamapa.de\/wp-content\/uploads\/2020\/08\/Irlich-big-1.jpg","type":"image\/jpeg"}],"twitter_card":"summary_large_image","twitter_misc":{"Est. reading time":"1 minute"},"schema":{"@context":"https:\/\/schema.org","@graph":[{"@type":"WebPage","@id":"https:\/\/www.gamapa.de\/en\/advisors\/dr-joerg-irlich-attorney-at-law\/","url":"https:\/\/www.gamapa.de\/en\/advisors\/dr-joerg-irlich-attorney-at-law\/","name":"Dr. J\u00f6rg Irlich - GANTEF\u00dcHRER","isPartOf":{"@id":"https:\/\/www.gamapa.de\/en\/#website"},"primaryImageOfPage":{"@id":"https:\/\/www.gamapa.de\/en\/advisors\/dr-joerg-irlich-attorney-at-law\/#primaryimage"},"image":{"@id":"https:\/\/www.gamapa.de\/en\/advisors\/dr-joerg-irlich-attorney-at-law\/#primaryimage"},"thumbnailUrl":"https:\/\/www.gamapa.de\/wp-content\/uploads\/2020\/08\/Irlich-big-1.jpg","datePublished":"2020-09-02T12:01:37+00:00","dateModified":"2025-07-10T09:49:31+00:00","breadcrumb":{"@id":"https:\/\/www.gamapa.de\/en\/advisors\/dr-joerg-irlich-attorney-at-law\/#breadcrumb"},"inLanguage":"en-US","potentialAction":[{"@type":"ReadAction","target":["https:\/\/www.gamapa.de\/en\/advisors\/dr-joerg-irlich-attorney-at-law\/"]}]},{"@type":"ImageObject","inLanguage":"en-US","@id":"https:\/\/www.gamapa.de\/en\/advisors\/dr-joerg-irlich-attorney-at-law\/#primaryimage","url":"https:\/\/www.gamapa.de\/wp-content\/uploads\/2020\/08\/Irlich-big-1.jpg","contentUrl":"https:\/\/www.gamapa.de\/wp-content\/uploads\/2020\/08\/Irlich-big-1.jpg","width":1440,"height":859,"caption":"Dr. J\u00f6rg Irlich, Rechtsanwalt"},{"@type":"BreadcrumbList","@id":"https:\/\/www.gamapa.de\/en\/advisors\/dr-joerg-irlich-attorney-at-law\/#breadcrumb","itemListElement":[{"@type":"ListItem","position":1,"name":"Startseite","item":"https:\/\/www.gamapa.de\/en\/"},{"@type":"ListItem","position":2,"name":"Advisors","item":"https:\/\/www.gamapa.de\/en\/advisors\/"},{"@type":"ListItem","position":3,"name":"Dr. J\u00f6rg Irlich"}]},{"@type":"WebSite","@id":"https:\/\/www.gamapa.de\/en\/#website","url":"https:\/\/www.gamapa.de\/en\/","name":"GANTEF\u00dcHRER","description":"Wirtschaftspr\u00fcfer, Steuerberater, Rechtsanw\u00e4lte","publisher":{"@id":"https:\/\/www.gamapa.de\/en\/#organization"},"potentialAction":[{"@type":"SearchAction","target":{"@type":"EntryPoint","urlTemplate":"https:\/\/www.gamapa.de\/en\/?s={search_term_string}"},"query-input":{"@type":"PropertyValueSpecification","valueRequired":true,"valueName":"search_term_string"}}],"inLanguage":"en-US"},{"@type":"Organization","@id":"https:\/\/www.gamapa.de\/en\/#organization","name":"Gantef\u00fchrer Wirtschaftspr\u00fcfer, Steuerberater, Rechtsanw\u00e4lte","url":"https:\/\/www.gamapa.de\/en\/","logo":{"@type":"ImageObject","inLanguage":"en-US","@id":"https:\/\/www.gamapa.de\/en\/#\/schema\/logo\/image\/","url":"https:\/\/www.gamapa.de\/wp-content\/uploads\/2026\/01\/Logo-Gantefuehrer.png","contentUrl":"https:\/\/www.gamapa.de\/wp-content\/uploads\/2026\/01\/Logo-Gantefuehrer.png","width":767,"height":156,"caption":"Gantef\u00fchrer Wirtschaftspr\u00fcfer, Steuerberater, Rechtsanw\u00e4lte"},"image":{"@id":"https:\/\/www.gamapa.de\/en\/#\/schema\/logo\/image\/"}}]}},"uagb_featured_image_src":{"full":["https:\/\/www.gamapa.de\/wp-content\/uploads\/2020\/08\/Irlich-big-1.jpg",1440,859,false],"thumbnail":["https:\/\/www.gamapa.de\/wp-content\/uploads\/2020\/08\/Irlich-big-1-150x150.jpg",150,150,true],"medium":["https:\/\/www.gamapa.de\/wp-content\/uploads\/2020\/08\/Irlich-big-1-600x358.jpg",600,358,true],"medium_large":["https:\/\/www.gamapa.de\/wp-content\/uploads\/2020\/08\/Irlich-big-1-768x458.jpg",580,346,true],"large":["https:\/\/www.gamapa.de\/wp-content\/uploads\/2020\/08\/Irlich-big-1.jpg",580,346,false],"gs-tiny":["https:\/\/www.gamapa.de\/wp-content\/uploads\/2020\/08\/Irlich-big-1.jpg",50,30,false],"xl":["https:\/\/www.gamapa.de\/wp-content\/uploads\/2020\/08\/Irlich-big-1.jpg",1440,859,false],"xxl":["https:\/\/www.gamapa.de\/wp-content\/uploads\/2020\/08\/Irlich-big-1.jpg",1440,859,false],"xxxl":["https:\/\/www.gamapa.de\/wp-content\/uploads\/2020\/08\/Irlich-big-1.jpg",1440,859,false],"xxxxl":["https:\/\/www.gamapa.de\/wp-content\/uploads\/2020\/08\/Irlich-big-1.jpg",1440,859,false],"xxxxxl":["https:\/\/www.gamapa.de\/wp-content\/uploads\/2020\/08\/Irlich-big-1.jpg",1440,859,false],"1536x1536":["https:\/\/www.gamapa.de\/wp-content\/uploads\/2020\/08\/Irlich-big-1.jpg",1440,859,false],"2048x2048":["https:\/\/www.gamapa.de\/wp-content\/uploads\/2020\/08\/Irlich-big-1.jpg",1440,859,false],"post-thumbnail":["https:\/\/www.gamapa.de\/wp-content\/uploads\/2020\/08\/Irlich-big-1.jpg",1440,859,false],"twentytwenty-fullscreen":["https:\/\/www.gamapa.de\/wp-content\/uploads\/2020\/08\/Irlich-big-1.jpg",1440,859,false],"theme-slug-single-post":["https:\/\/www.gamapa.de\/wp-content\/uploads\/2020\/08\/Irlich-big-1-1440x400.jpg",1440,400,true]},"uagb_author_info":{"display_name":"linda","author_link":"https:\/\/www.gamapa.de\/en\/author\/linda\/"},"uagb_comment_info":0,"uagb_excerpt":"Main fields of activity Career 1984-1991 University of Cologne 1992-1995 Legal traineeship in Kleve 1995-2000 Lawyer at Dehnen &amp; Partner, D\u00fcsseldorf 1999 Doctorate as Dr. iur. 2000-2018 Lawyer at the HLB Dr. Schumacher &amp; Partner GmbH auditing and tax consulting company, D\u00fcsseldorf since 2018 Lawyer at Dr. Gantef\u00fchrer, Marquardt &amp; Partner Industries Other activities Membership&hellip;","_links":{"self":[{"href":"https:\/\/www.gamapa.de\/en\/wp-json\/wp\/v2\/pages\/4845","targetHints":{"allow":["GET"]}}],"collection":[{"href":"https:\/\/www.gamapa.de\/en\/wp-json\/wp\/v2\/pages"}],"about":[{"href":"https:\/\/www.gamapa.de\/en\/wp-json\/wp\/v2\/types\/page"}],"author":[{"embeddable":true,"href":"https:\/\/www.gamapa.de\/en\/wp-json\/wp\/v2\/users\/1"}],"replies":[{"embeddable":true,"href":"https:\/\/www.gamapa.de\/en\/wp-json\/wp\/v2\/comments?post=4845"}],"version-history":[{"count":5,"href":"https:\/\/www.gamapa.de\/en\/wp-json\/wp\/v2\/pages\/4845\/revisions"}],"predecessor-version":[{"id":20579,"href":"https:\/\/www.gamapa.de\/en\/wp-json\/wp\/v2\/pages\/4845\/revisions\/20579"}],"up":[{"embeddable":true,"href":"https:\/\/www.gamapa.de\/en\/wp-json\/wp\/v2\/pages\/5642"}],"wp:featuredmedia":[{"embeddable":true,"href":"https:\/\/www.gamapa.de\/en\/wp-json\/wp\/v2\/media\/4218"}],"wp:attachment":[{"href":"https:\/\/www.gamapa.de\/en\/wp-json\/wp\/v2\/media?parent=4845"}],"curies":[{"name":"wp","href":"https:\/\/api.w.org\/{rel}","templated":true}]}}