

{"id":4898,"date":"2020-09-02T15:59:52","date_gmt":"2020-09-02T13:59:52","guid":{"rendered":"https:\/\/www.gamapa.de\/dr-sabrina-von-rueden-rechtsanwaeltin\/"},"modified":"2026-01-13T10:13:53","modified_gmt":"2026-01-13T09:13:53","slug":"dr-sabrina-von-rueden-attorney-at-law","status":"publish","type":"page","link":"https:\/\/www.gamapa.de\/en\/advisors\/dr-sabrina-von-rueden-attorney-at-law\/","title":{"rendered":"Dr. Sabrina von R\u00fcden"},"content":{"rendered":"\n<h3 class=\"wp-block-heading\">Main fields of activity<\/h3>\n\n\n\n<ul class=\"wp-block-list\">\n<li>Advice to partnerships and corporations on all aspects of corporate law<\/li>\n\n\n\n<li>Shareholder disputes<\/li>\n\n\n\n<li>Cartel law-compliant design of distribution systems<\/li>\n\n\n\n<li>Advice on commercial law issues<\/li>\n\n\n\n<li>Legal enforcement of claims under corporate and commercial law<\/li>\n\n\n\n<li>Compliance<\/li>\n<\/ul>\n\n\n\n<h3 class=\"wp-block-heading\">Career<\/h3>\n\n\n\n<figure class=\"wp-block-table tablist\"><table><tbody><tr><td>2000-2005 <\/td><td>University of Osnabr\u00fcck<\/td><\/tr><tr><td>2005-2009<\/td><td>Doctorate as Dr. iur.<\/td><\/tr><tr><td>2007-2009<\/td><td>Legal traineeship in D\u00fcsseldorf<\/td><\/tr><tr><td>2009-2012<\/td><td>Lawyer at Taylor Wessing, D\u00fcsseldorf<\/td><\/tr><tr><td>2012-2019<\/td><td>Lawyer at Kapellmann und Partner Rechtsanw\u00e4lte<\/td><\/tr><tr><td> since 2019<\/td><td>Lawyer at Dr. Gantef\u00fchrer, Marquardt &amp; Partner<\/td><\/tr><tr><td>since 2022<\/td><td>Partner at Dr. Gantef\u00fchrer, Marquardt &amp; Partner<\/td><\/tr><\/tbody><\/table><\/figure>\n\n\n\n<h3 class=\"wp-block-heading\">Industries<\/h3>\n\n\n\n<ul class=\"wp-block-list\">\n<li>Small and medium-sized companies in various industries<\/li>\n\n\n\n<li>Dual systems<\/li>\n\n\n\n<li>Product manufacturers<\/li>\n<\/ul>\n\n\n\n<h3 class=\"wp-block-heading\">Publications<\/h3>\n\n\n\n<ul class=\"wp-block-list\">\n<li>Risk distribution in distribution systems and the effect on their admissibility under competition law in Germany and England (Dissertation, 2009)<\/li>\n\n\n\n<li>\u201cNeed for clarification of the new \u00a7 7 para. 6 VerpackG\u201d, AbfallR 2018, 165 (together with lawyer Dr. Katharina Kolb)<\/li>\n<\/ul>\n\n\n\n<h3 class=\"wp-block-heading\">Membership<\/h3>\n\n\n\n<ul class=\"wp-block-list\">\n<li>Studienvereinigung Kartellrecht<\/li>\n\n\n\n<li>Deutsche Gesellschaft f\u00fcr Vertriebsrecht e.V.<\/li>\n<\/ul>\n\n\n\n\n\n<div class=\"wp-block-button zurueck\"><a class=\"wp-block-button__link wp-element-button\" href=\"https:\/\/www.gamapa.de\/en\/advisors\/\">Back<\/a><\/div>\n\n\n\n<p><\/p>\n","protected":false},"excerpt":{"rendered":"<p>Main fields of activity Career 2000-2005 University of Osnabr\u00fcck 2005-2009 Doctorate as Dr. iur. 2007-2009 Legal traineeship in D\u00fcsseldorf 2009-2012 Lawyer at Taylor Wessing, D\u00fcsseldorf 2012-2019 Lawyer at Kapellmann und Partner Rechtsanw\u00e4lte since 2019 Lawyer at Dr. Gantef\u00fchrer, Marquardt &amp; Partner since 2022 Partner at Dr. Gantef\u00fchrer, Marquardt &amp; Partner Industries Publications Membership<\/p>\n","protected":false},"author":1,"featured_media":16446,"parent":5642,"menu_order":12,"comment_status":"closed","ping_status":"closed","template":"templates\/template-Profil.php","meta":{"_acf_changed":false,"_uag_custom_page_level_css":"","footnotes":""},"class_list":["post-4898","page","type-page","status-publish","has-post-thumbnail","hentry"],"acf":[],"yoast_head":"<!-- This site is optimized with the Yoast SEO plugin v27.5 - https:\/\/yoast.com\/product\/yoast-seo-wordpress\/ -->\n<title>Dr. Sabrina von R\u00fcden - GANTEF\u00dcHRER<\/title>\n<meta name=\"robots\" content=\"index, follow, max-snippet:-1, max-image-preview:large, max-video-preview:-1\" \/>\n<link rel=\"canonical\" href=\"https:\/\/www.gamapa.de\/en\/advisors\/dr-sabrina-von-rueden-attorney-at-law\/\" \/>\n<meta property=\"og:locale\" content=\"en_US\" \/>\n<meta property=\"og:type\" content=\"article\" \/>\n<meta property=\"og:title\" content=\"Dr. Sabrina von R\u00fcden - GANTEF\u00dcHRER\" \/>\n<meta property=\"og:description\" content=\"Main fields of activity Career 2000-2005 University of Osnabr\u00fcck 2005-2009 Doctorate as Dr. iur. 2007-2009 Legal traineeship in D\u00fcsseldorf 2009-2012 Lawyer at Taylor Wessing, D\u00fcsseldorf 2012-2019 Lawyer at Kapellmann und Partner Rechtsanw\u00e4lte since 2019 Lawyer at Dr. Gantef\u00fchrer, Marquardt &amp; Partner since 2022 Partner at Dr. Gantef\u00fchrer, Marquardt &amp; Partner Industries Publications Membership\" \/>\n<meta property=\"og:url\" content=\"https:\/\/www.gamapa.de\/en\/advisors\/dr-sabrina-von-rueden-attorney-at-law\/\" \/>\n<meta property=\"og:site_name\" content=\"GANTEF\u00dcHRER\" \/>\n<meta property=\"article:modified_time\" content=\"2026-01-13T09:13:53+00:00\" \/>\n<meta property=\"og:image\" content=\"https:\/\/www.gamapa.de\/wp-content\/uploads\/2020\/08\/VonRueden-2.jpg\" \/>\n\t<meta property=\"og:image:width\" content=\"1440\" \/>\n\t<meta property=\"og:image:height\" content=\"859\" \/>\n\t<meta property=\"og:image:type\" content=\"image\/jpeg\" \/>\n<meta name=\"twitter:card\" content=\"summary_large_image\" \/>\n<meta name=\"twitter:label1\" content=\"Est. reading time\" \/>\n\t<meta name=\"twitter:data1\" content=\"2 minutes\" \/>\n<script type=\"application\/ld+json\" class=\"yoast-schema-graph\">{\"@context\":\"https:\\\/\\\/schema.org\",\"@graph\":[{\"@type\":\"WebPage\",\"@id\":\"https:\\\/\\\/www.gamapa.de\\\/en\\\/advisors\\\/dr-sabrina-von-rueden-attorney-at-law\\\/\",\"url\":\"https:\\\/\\\/www.gamapa.de\\\/en\\\/advisors\\\/dr-sabrina-von-rueden-attorney-at-law\\\/\",\"name\":\"Dr. Sabrina von R\u00fcden - GANTEF\u00dcHRER\",\"isPartOf\":{\"@id\":\"https:\\\/\\\/www.gamapa.de\\\/en\\\/#website\"},\"primaryImageOfPage\":{\"@id\":\"https:\\\/\\\/www.gamapa.de\\\/en\\\/advisors\\\/dr-sabrina-von-rueden-attorney-at-law\\\/#primaryimage\"},\"image\":{\"@id\":\"https:\\\/\\\/www.gamapa.de\\\/en\\\/advisors\\\/dr-sabrina-von-rueden-attorney-at-law\\\/#primaryimage\"},\"thumbnailUrl\":\"https:\\\/\\\/www.gamapa.de\\\/wp-content\\\/uploads\\\/2020\\\/08\\\/VonRueden-2.jpg\",\"datePublished\":\"2020-09-02T13:59:52+00:00\",\"dateModified\":\"2026-01-13T09:13:53+00:00\",\"breadcrumb\":{\"@id\":\"https:\\\/\\\/www.gamapa.de\\\/en\\\/advisors\\\/dr-sabrina-von-rueden-attorney-at-law\\\/#breadcrumb\"},\"inLanguage\":\"en-US\",\"potentialAction\":[{\"@type\":\"ReadAction\",\"target\":[\"https:\\\/\\\/www.gamapa.de\\\/en\\\/advisors\\\/dr-sabrina-von-rueden-attorney-at-law\\\/\"]}]},{\"@type\":\"ImageObject\",\"inLanguage\":\"en-US\",\"@id\":\"https:\\\/\\\/www.gamapa.de\\\/en\\\/advisors\\\/dr-sabrina-von-rueden-attorney-at-law\\\/#primaryimage\",\"url\":\"https:\\\/\\\/www.gamapa.de\\\/wp-content\\\/uploads\\\/2020\\\/08\\\/VonRueden-2.jpg\",\"contentUrl\":\"https:\\\/\\\/www.gamapa.de\\\/wp-content\\\/uploads\\\/2020\\\/08\\\/VonRueden-2.jpg\",\"width\":1440,\"height\":859,\"caption\":\"Dr. Sabrina von R\u00fcden, Rechtsanw\u00e4ltin, Fachanw\u00e4ltin f\u00fcr Handels- und Gesellschaftsrecht, Lehrbeauftragte an der IST Hochschule f\u00fcr Management, Partnerin\"},{\"@type\":\"BreadcrumbList\",\"@id\":\"https:\\\/\\\/www.gamapa.de\\\/en\\\/advisors\\\/dr-sabrina-von-rueden-attorney-at-law\\\/#breadcrumb\",\"itemListElement\":[{\"@type\":\"ListItem\",\"position\":1,\"name\":\"Startseite\",\"item\":\"https:\\\/\\\/www.gamapa.de\\\/en\\\/\"},{\"@type\":\"ListItem\",\"position\":2,\"name\":\"Advisors\",\"item\":\"https:\\\/\\\/www.gamapa.de\\\/en\\\/advisors\\\/\"},{\"@type\":\"ListItem\",\"position\":3,\"name\":\"Dr. Sabrina von R\u00fcden\"}]},{\"@type\":\"WebSite\",\"@id\":\"https:\\\/\\\/www.gamapa.de\\\/en\\\/#website\",\"url\":\"https:\\\/\\\/www.gamapa.de\\\/en\\\/\",\"name\":\"GANTEF\u00dcHRER\",\"description\":\"Wirtschaftspr\u00fcfer, Steuerberater, Rechtsanw\u00e4lte\",\"publisher\":{\"@id\":\"https:\\\/\\\/www.gamapa.de\\\/en\\\/#organization\"},\"potentialAction\":[{\"@type\":\"SearchAction\",\"target\":{\"@type\":\"EntryPoint\",\"urlTemplate\":\"https:\\\/\\\/www.gamapa.de\\\/en\\\/?s={search_term_string}\"},\"query-input\":{\"@type\":\"PropertyValueSpecification\",\"valueRequired\":true,\"valueName\":\"search_term_string\"}}],\"inLanguage\":\"en-US\"},{\"@type\":\"Organization\",\"@id\":\"https:\\\/\\\/www.gamapa.de\\\/en\\\/#organization\",\"name\":\"Gantef\u00fchrer Wirtschaftspr\u00fcfer, Steuerberater, Rechtsanw\u00e4lte\",\"url\":\"https:\\\/\\\/www.gamapa.de\\\/en\\\/\",\"logo\":{\"@type\":\"ImageObject\",\"inLanguage\":\"en-US\",\"@id\":\"https:\\\/\\\/www.gamapa.de\\\/en\\\/#\\\/schema\\\/logo\\\/image\\\/\",\"url\":\"https:\\\/\\\/www.gamapa.de\\\/wp-content\\\/uploads\\\/2026\\\/01\\\/Logo-Gantefuehrer.png\",\"contentUrl\":\"https:\\\/\\\/www.gamapa.de\\\/wp-content\\\/uploads\\\/2026\\\/01\\\/Logo-Gantefuehrer.png\",\"width\":767,\"height\":156,\"caption\":\"Gantef\u00fchrer Wirtschaftspr\u00fcfer, Steuerberater, Rechtsanw\u00e4lte\"},\"image\":{\"@id\":\"https:\\\/\\\/www.gamapa.de\\\/en\\\/#\\\/schema\\\/logo\\\/image\\\/\"}}]}<\/script>\n<!-- \/ Yoast SEO plugin. -->","yoast_head_json":{"title":"Dr. Sabrina von R\u00fcden - GANTEF\u00dcHRER","robots":{"index":"index","follow":"follow","max-snippet":"max-snippet:-1","max-image-preview":"max-image-preview:large","max-video-preview":"max-video-preview:-1"},"canonical":"https:\/\/www.gamapa.de\/en\/advisors\/dr-sabrina-von-rueden-attorney-at-law\/","og_locale":"en_US","og_type":"article","og_title":"Dr. Sabrina von R\u00fcden - GANTEF\u00dcHRER","og_description":"Main fields of activity Career 2000-2005 University of Osnabr\u00fcck 2005-2009 Doctorate as Dr. iur. 2007-2009 Legal traineeship in D\u00fcsseldorf 2009-2012 Lawyer at Taylor Wessing, D\u00fcsseldorf 2012-2019 Lawyer at Kapellmann und Partner Rechtsanw\u00e4lte since 2019 Lawyer at Dr. Gantef\u00fchrer, Marquardt &amp; Partner since 2022 Partner at Dr. Gantef\u00fchrer, Marquardt &amp; Partner Industries Publications Membership","og_url":"https:\/\/www.gamapa.de\/en\/advisors\/dr-sabrina-von-rueden-attorney-at-law\/","og_site_name":"GANTEF\u00dcHRER","article_modified_time":"2026-01-13T09:13:53+00:00","og_image":[{"width":1440,"height":859,"url":"https:\/\/www.gamapa.de\/wp-content\/uploads\/2020\/08\/VonRueden-2.jpg","type":"image\/jpeg"}],"twitter_card":"summary_large_image","twitter_misc":{"Est. reading time":"2 minutes"},"schema":{"@context":"https:\/\/schema.org","@graph":[{"@type":"WebPage","@id":"https:\/\/www.gamapa.de\/en\/advisors\/dr-sabrina-von-rueden-attorney-at-law\/","url":"https:\/\/www.gamapa.de\/en\/advisors\/dr-sabrina-von-rueden-attorney-at-law\/","name":"Dr. Sabrina von R\u00fcden - GANTEF\u00dcHRER","isPartOf":{"@id":"https:\/\/www.gamapa.de\/en\/#website"},"primaryImageOfPage":{"@id":"https:\/\/www.gamapa.de\/en\/advisors\/dr-sabrina-von-rueden-attorney-at-law\/#primaryimage"},"image":{"@id":"https:\/\/www.gamapa.de\/en\/advisors\/dr-sabrina-von-rueden-attorney-at-law\/#primaryimage"},"thumbnailUrl":"https:\/\/www.gamapa.de\/wp-content\/uploads\/2020\/08\/VonRueden-2.jpg","datePublished":"2020-09-02T13:59:52+00:00","dateModified":"2026-01-13T09:13:53+00:00","breadcrumb":{"@id":"https:\/\/www.gamapa.de\/en\/advisors\/dr-sabrina-von-rueden-attorney-at-law\/#breadcrumb"},"inLanguage":"en-US","potentialAction":[{"@type":"ReadAction","target":["https:\/\/www.gamapa.de\/en\/advisors\/dr-sabrina-von-rueden-attorney-at-law\/"]}]},{"@type":"ImageObject","inLanguage":"en-US","@id":"https:\/\/www.gamapa.de\/en\/advisors\/dr-sabrina-von-rueden-attorney-at-law\/#primaryimage","url":"https:\/\/www.gamapa.de\/wp-content\/uploads\/2020\/08\/VonRueden-2.jpg","contentUrl":"https:\/\/www.gamapa.de\/wp-content\/uploads\/2020\/08\/VonRueden-2.jpg","width":1440,"height":859,"caption":"Dr. Sabrina von R\u00fcden, Rechtsanw\u00e4ltin, Fachanw\u00e4ltin f\u00fcr Handels- und Gesellschaftsrecht, Lehrbeauftragte an der IST Hochschule f\u00fcr Management, Partnerin"},{"@type":"BreadcrumbList","@id":"https:\/\/www.gamapa.de\/en\/advisors\/dr-sabrina-von-rueden-attorney-at-law\/#breadcrumb","itemListElement":[{"@type":"ListItem","position":1,"name":"Startseite","item":"https:\/\/www.gamapa.de\/en\/"},{"@type":"ListItem","position":2,"name":"Advisors","item":"https:\/\/www.gamapa.de\/en\/advisors\/"},{"@type":"ListItem","position":3,"name":"Dr. Sabrina von R\u00fcden"}]},{"@type":"WebSite","@id":"https:\/\/www.gamapa.de\/en\/#website","url":"https:\/\/www.gamapa.de\/en\/","name":"GANTEF\u00dcHRER","description":"Wirtschaftspr\u00fcfer, Steuerberater, Rechtsanw\u00e4lte","publisher":{"@id":"https:\/\/www.gamapa.de\/en\/#organization"},"potentialAction":[{"@type":"SearchAction","target":{"@type":"EntryPoint","urlTemplate":"https:\/\/www.gamapa.de\/en\/?s={search_term_string}"},"query-input":{"@type":"PropertyValueSpecification","valueRequired":true,"valueName":"search_term_string"}}],"inLanguage":"en-US"},{"@type":"Organization","@id":"https:\/\/www.gamapa.de\/en\/#organization","name":"Gantef\u00fchrer Wirtschaftspr\u00fcfer, Steuerberater, Rechtsanw\u00e4lte","url":"https:\/\/www.gamapa.de\/en\/","logo":{"@type":"ImageObject","inLanguage":"en-US","@id":"https:\/\/www.gamapa.de\/en\/#\/schema\/logo\/image\/","url":"https:\/\/www.gamapa.de\/wp-content\/uploads\/2026\/01\/Logo-Gantefuehrer.png","contentUrl":"https:\/\/www.gamapa.de\/wp-content\/uploads\/2026\/01\/Logo-Gantefuehrer.png","width":767,"height":156,"caption":"Gantef\u00fchrer Wirtschaftspr\u00fcfer, Steuerberater, Rechtsanw\u00e4lte"},"image":{"@id":"https:\/\/www.gamapa.de\/en\/#\/schema\/logo\/image\/"}}]}},"uagb_featured_image_src":{"full":["https:\/\/www.gamapa.de\/wp-content\/uploads\/2020\/08\/VonRueden-2.jpg",1440,859,false],"thumbnail":["https:\/\/www.gamapa.de\/wp-content\/uploads\/2020\/08\/VonRueden-2-150x150.jpg",150,150,true],"medium":["https:\/\/www.gamapa.de\/wp-content\/uploads\/2020\/08\/VonRueden-2-600x358.jpg",600,358,true],"medium_large":["https:\/\/www.gamapa.de\/wp-content\/uploads\/2020\/08\/VonRueden-2-768x458.jpg",580,346,true],"large":["https:\/\/www.gamapa.de\/wp-content\/uploads\/2020\/08\/VonRueden-2.jpg",580,346,false],"gs-tiny":["https:\/\/www.gamapa.de\/wp-content\/uploads\/2020\/08\/VonRueden-2-50x30.jpg",50,30,true],"xl":["https:\/\/www.gamapa.de\/wp-content\/uploads\/2020\/08\/VonRueden-2.jpg",1440,859,false],"xxl":["https:\/\/www.gamapa.de\/wp-content\/uploads\/2020\/08\/VonRueden-2.jpg",1440,859,false],"xxxl":["https:\/\/www.gamapa.de\/wp-content\/uploads\/2020\/08\/VonRueden-2.jpg",1440,859,false],"xxxxl":["https:\/\/www.gamapa.de\/wp-content\/uploads\/2020\/08\/VonRueden-2.jpg",1440,859,false],"xxxxxl":["https:\/\/www.gamapa.de\/wp-content\/uploads\/2020\/08\/VonRueden-2.jpg",1440,859,false],"1536x1536":["https:\/\/www.gamapa.de\/wp-content\/uploads\/2020\/08\/VonRueden-2.jpg",1440,859,false],"2048x2048":["https:\/\/www.gamapa.de\/wp-content\/uploads\/2020\/08\/VonRueden-2.jpg",1440,859,false],"post-thumbnail":["https:\/\/www.gamapa.de\/wp-content\/uploads\/2020\/08\/VonRueden-2.jpg",1440,859,false],"twentytwenty-fullscreen":["https:\/\/www.gamapa.de\/wp-content\/uploads\/2020\/08\/VonRueden-2.jpg",1440,859,false],"theme-slug-single-post":["https:\/\/www.gamapa.de\/wp-content\/uploads\/2020\/08\/VonRueden-2-1440x400.jpg",1440,400,true]},"uagb_author_info":{"display_name":"linda","author_link":"https:\/\/www.gamapa.de\/en\/author\/linda\/"},"uagb_comment_info":0,"uagb_excerpt":"Main fields of activity Career 2000-2005 University of Osnabr\u00fcck 2005-2009 Doctorate as Dr. iur. 2007-2009 Legal traineeship in D\u00fcsseldorf 2009-2012 Lawyer at Taylor Wessing, D\u00fcsseldorf 2012-2019 Lawyer at Kapellmann und Partner Rechtsanw\u00e4lte since 2019 Lawyer at Dr. Gantef\u00fchrer, Marquardt &amp; Partner since 2022 Partner at Dr. Gantef\u00fchrer, Marquardt &amp; Partner Industries Publications Membership","_links":{"self":[{"href":"https:\/\/www.gamapa.de\/en\/wp-json\/wp\/v2\/pages\/4898","targetHints":{"allow":["GET"]}}],"collection":[{"href":"https:\/\/www.gamapa.de\/en\/wp-json\/wp\/v2\/pages"}],"about":[{"href":"https:\/\/www.gamapa.de\/en\/wp-json\/wp\/v2\/types\/page"}],"author":[{"embeddable":true,"href":"https:\/\/www.gamapa.de\/en\/wp-json\/wp\/v2\/users\/1"}],"replies":[{"embeddable":true,"href":"https:\/\/www.gamapa.de\/en\/wp-json\/wp\/v2\/comments?post=4898"}],"version-history":[{"count":23,"href":"https:\/\/www.gamapa.de\/en\/wp-json\/wp\/v2\/pages\/4898\/revisions"}],"predecessor-version":[{"id":23471,"href":"https:\/\/www.gamapa.de\/en\/wp-json\/wp\/v2\/pages\/4898\/revisions\/23471"}],"up":[{"embeddable":true,"href":"https:\/\/www.gamapa.de\/en\/wp-json\/wp\/v2\/pages\/5642"}],"wp:featuredmedia":[{"embeddable":true,"href":"https:\/\/www.gamapa.de\/en\/wp-json\/wp\/v2\/media\/16446"}],"wp:attachment":[{"href":"https:\/\/www.gamapa.de\/en\/wp-json\/wp\/v2\/media?parent=4898"}],"curies":[{"name":"wp","href":"https:\/\/api.w.org\/{rel}","templated":true}]}}