

{"id":4975,"date":"2020-09-02T21:49:03","date_gmt":"2020-09-02T19:49:03","guid":{"rendered":"https:\/\/www.gamapa.de\/impressum\/"},"modified":"2026-01-07T11:40:41","modified_gmt":"2026-01-07T10:40:41","slug":"imprint","status":"publish","type":"page","link":"https:\/\/www.gamapa.de\/en\/imprint\/","title":{"rendered":"Imprint"},"content":{"rendered":"\n<h1 class=\"wp-block-heading\">Imprint<\/h1>\n\n\n\n<p>Dr. Gantef\u00fchrer, Marquardt &amp; Partner mbB<br>Certified Auditors \u2013 Tax Consultants \u2013 Lawyers<br>Alte K\u00e4mmerei | Marktplatz 6 \u2013 40213 D\u00fcsseldorf<br>Phone: 0211 \/ 89 89 0<br>Telefax: 0211 \/ 89 89 150<br>E-Mail: info@gamapa.de<br>Internet: www.gamapa.de<br>Headquarters: D\u00fcsseldorf<br>Registry court: District Court in Essen, Register of Companies 2965<\/p>\n\n\n\n<p>VAT ID: DE 119 197 503<\/p>\n\n\n\n<p><strong>Managing Partners<\/strong><br>(each with sole power of representation):<\/p>\n\n\n\n<p>Bernd R\u00fchland<br>Roland Moskat<br>Claudia Stork<br>Norbert Pull<br>Thomas Kozik<br>Michael Baum<br>R\u00fcdiger Schaar<br>Daniel Troost<br>Dr. Jochen Kissling<br>Dr. Sabrina von R\u00fcden<br>Vera Niedermeyer<\/p>\n\n\n\n<p><strong>Data protection officer:<\/strong><br><br>Dr. Imke Aulbert<br><a href=\"mailto:aulbert@gamapa.de\">aulbert@gamapa.de<\/a><\/p>\n\n\n\n<p><strong>Professional titles and professional rules of our specialists:<\/strong><\/p>\n\n\n\n<p>Partners and employees of the firm Dr. Gantef\u00fchrer, Marquardt &amp; Partner bear the statutory professional titles of \u201clawyers\u201d, \u201ctax consultant\u201d and\/or \u201ccertified auditor\u201d. These professional titles were awarded in the Federal Republic of Germany.<\/p>\n\n\n\n<p><strong>Regulations in force for particular professions:<\/strong><\/p>\n\n\n\n<p><em>Lawyers<\/em><\/p>\n\n\n\n<p>Federal Lawyers\u2019 Act (BRAO)<br>Professional Code of Conduct for Lawyers (BORA)<br>Rules for Specialised Lawyers (FAO)<br>Professional Rules of the European Community Lawyers\u2019 Fees Act (RVG)<\/p>\n\n\n\n<p><em>Certified auditors<\/em><\/p>\n\n\n\n<p>Steuerberatungsgesetz (StBerG)<br>Durchf\u00fchrungsverordnung zum Steuerberatungsgesetz (DVStB)<br>Berufsordnung der Steuerberater (BOStB)<br>Steuerberatergeb\u00fchrenverordnung (StBGebV)<\/p>\n\n\n\n<p><em>Certified auditors<\/em><\/p>\n\n\n\n<p>Law on the Professional Code of Conduct for Auditors (Wirtschaftspr\u00fcferordnung, WPO)Auditing Regulations (Pr\u00fcfO)<br>Ordinance on the Design of the Seal of Certified Auditors etc. (Siegel-VO)<br>Ordinance on the Professional Liability Insurance of Auditors, etc. (BHV)<br>Guidelines of the Chamber of Auditors for the professional practice of certified auditors and sworn auditors<\/p>\n\n\n\n<p>The professional regulations can be inspected at the respective competent chambers:<\/p>\n\n\n\n<p>Bundesrechtsanwaltskammer, Littenstra\u00dfe 9, 10179 Berlin<br><a href=\"http:\/\/www.brak.de\" target=\"_blank\" rel=\"noreferrer noopener\"><em>www.brak.de<\/em><\/a><\/p>\n\n\n\n<p>Rechtsanwaltskammer D\u00fcsseldorf, Scheibenstra\u00dfe 17,40479 D\u00fcsseldorf<br><a href=\"http:\/\/www.rechtsanwaltskammer-duesseldorf.de\" target=\"_blank\" rel=\"noreferrer noopener\"><em>www.rechtsanwaltskammer-duesseldorf.de<\/em><\/a><\/p>\n\n\n\n<p>Bundessteuerberaterkammer, Neue Promenade 4, 10178 Berlin<br><a href=\"http:\/\/www.bstbk.de\" target=\"_blank\" rel=\"noreferrer noopener\"><em>www.bstbk.de<\/em><\/a><\/p>\n\n\n\n<p>Steuerberaterkammer D\u00fcsseldorf (Kd\u00f6R), Uhlandstr. 11, 40237 D\u00fcsseldorf<br><a href=\"http:\/\/www.stbk-duesseldorf.de\" target=\"_blank\" rel=\"noreferrer noopener\"><em>www.stbk-duesseldorf.de<\/em><\/a><\/p>\n\n\n\n<p>Wirtschaftspr\u00fcferkammer, Rauchstra\u00dfe 26, 10787 Berlin<br><a href=\"http:\/\/www.wpk.de\" target=\"_blank\" rel=\"noreferrer noopener\"><em>www.wpk.de<\/em><\/a><\/p>\n\n\n\n<p><strong>Professional liability insurance:<\/strong><\/p>\n\n\n\n<p>Professional liability insurance is taken out with HDI Gerling Firmen und Privat Vers. AG in Cologne. The insurance cover complies with the requirements of \u00a7 51 of the Federal Lawyers\u2019 Act (BRAO), \u00a7 67 of the Tax Consultancy Act (StBerG), \u00a7\u00a7 51 ff. of the Implementing Regulation for the Tax Consultancy Act (DVStB), \u00a7 54 of the Law on the Professional Code of Conduct for Auditors (WPO) in conjunction with the Ordinance on the Professional Liability Insurance of Certified Auditors and Sworn Auditors (WPBHV).<\/p>\n\n\n\n<p><strong>Conciliation office of the legal profession:<\/strong><\/p>\n\n\n\n<p>Schlichtungsstelle der Rechtsanwaltschaft<br>Neue Gr\u00fcnstra\u00dfe 17<br>D-10179 Berlin<br>Phone: +49(0)30\/2844417-0<br>Fax: +49(0)30\/2844417-12<br>E-Mail: <a href=\"mailto:schlichtungsstelle@schlichtungsstelle-der-rechtsanwaltschaft.de\"><em>schlichtungsstelle@schlichtungsstelle-der-rechtsanwaltschaft.de<\/em><\/a><br>Homepage: <a href=\"https:\/\/www.schlichtungsstelle-der-rechtsanwaltschaft.de\" target=\"_blank\" rel=\"noreferrer noopener\"><em>https:\/\/www.schlichtungsstelle-der-rechtsanwaltschaft.de \/<\/em><\/a><\/p>\n\n\n\n<p>We would like to point out that we are not obliged to take part in any dispute settlement proceedings before a consumer arbitration board, nor do we take part in any such proceedings.<\/p>\n\n\n\n<p><strong>Web design &amp; programming:<\/strong><br><em>MABENY Kommunikation &amp; Design GmbH &amp; Co. KG<\/em><br><strong><a data-type=\"URL\" data-id=\"https:\/\/www.mabeny.de\" href=\"https:\/\/www.mabeny.de\" target=\"_blank\" rel=\"noreferrer noopener\">www.mabeny.de<\/a><\/strong><\/p>\n\n\n\n<p><strong>Image rights:<\/strong><br><em>Profile photos<\/em><br>Dipl.-Des. Hardy Welsch<br><strong>hardywelsch&nbsp;<\/strong><br><a href=\"http:\/\/www.hardy-welsch.de\" target=\"_blank\" rel=\"noreferrer noopener\">http:\/\/www.hardy-welsch.de<\/a><br><br><em>Other photos<\/em><br>Markus Luigs<br><strong>B\u00fcro Luigs<\/strong><br><a data-type=\"URL\" data-id=\"https:\/\/www.bueroluigs.de\/\" href=\"https:\/\/www.bueroluigs.de\/\" target=\"_blank\" rel=\"noreferrer noopener\">www.bueroluigs.de<\/a><\/p>\n\n\n\n<p><\/p>\n","protected":false},"excerpt":{"rendered":"<p>Imprint Dr. Gantef\u00fchrer, Marquardt &amp; Partner mbBCertified Auditors \u2013 Tax Consultants \u2013 LawyersAlte K\u00e4mmerei | Marktplatz 6 \u2013 40213 D\u00fcsseldorfPhone: 0211 \/ 89 89 0Telefax: 0211 \/ 89 89 150E-Mail: info@gamapa.deInternet: www.gamapa.deHeadquarters: D\u00fcsseldorfRegistry court: District Court in Essen, Register of Companies 2965 VAT ID: DE 119 197 503 Managing Partners(each with sole power of representation): <a href=\"https:\/\/www.gamapa.de\/en\/imprint\/\">[\u2026]<\/a><\/p>\n","protected":false},"author":1,"featured_media":4296,"parent":0,"menu_order":10,"comment_status":"closed","ping_status":"closed","template":"","meta":{"_acf_changed":false,"_uag_custom_page_level_css":"","footnotes":""},"class_list":["post-4975","page","type-page","status-publish","has-post-thumbnail","hentry"],"acf":[],"yoast_head":"<!-- This site is optimized with the Yoast SEO plugin v27.3 - https:\/\/yoast.com\/product\/yoast-seo-wordpress\/ -->\n<title>Imprint | Dr. Gantef\u00fchrer, Marquardt &amp; Partner mbB<\/title>\n<meta name=\"description\" content=\"Legal information about our law and tax firm in accordance with German law (Impressum). Provider identification and mandatory disclosures\" \/>\n<meta name=\"robots\" content=\"noindex, follow\" \/>\n<meta property=\"og:locale\" content=\"en_US\" \/>\n<meta property=\"og:type\" content=\"article\" \/>\n<meta property=\"og:title\" content=\"Imprint | Dr. Gantef\u00fchrer, Marquardt &amp; Partner mbB\" \/>\n<meta property=\"og:description\" content=\"Legal information about our law and tax firm in accordance with German law (Impressum). Provider identification and mandatory disclosures\" \/>\n<meta property=\"og:url\" content=\"https:\/\/www.gamapa.de\/en\/imprint\/\" \/>\n<meta property=\"og:site_name\" content=\"GANTEF\u00dcHRER\" \/>\n<meta property=\"article:modified_time\" content=\"2026-01-07T10:40:41+00:00\" \/>\n<meta property=\"og:image\" content=\"https:\/\/www.gamapa.de\/wp-content\/uploads\/2020\/09\/Header-Kontakt-10-scaled.jpg\" \/>\n\t<meta property=\"og:image:width\" content=\"2560\" \/>\n\t<meta property=\"og:image:height\" content=\"764\" \/>\n\t<meta property=\"og:image:type\" content=\"image\/jpeg\" \/>\n<meta name=\"twitter:card\" content=\"summary_large_image\" \/>\n<meta name=\"twitter:label1\" content=\"Est. reading time\" \/>\n\t<meta name=\"twitter:data1\" content=\"3 minutes\" \/>\n<script type=\"application\/ld+json\" class=\"yoast-schema-graph\">{\"@context\":\"https:\\\/\\\/schema.org\",\"@graph\":[{\"@type\":\"WebPage\",\"@id\":\"https:\\\/\\\/www.gamapa.de\\\/en\\\/imprint\\\/\",\"url\":\"https:\\\/\\\/www.gamapa.de\\\/en\\\/imprint\\\/\",\"name\":\"Imprint | Dr. Gantef\u00fchrer, Marquardt & Partner mbB\",\"isPartOf\":{\"@id\":\"https:\\\/\\\/www.gamapa.de\\\/en\\\/#website\"},\"primaryImageOfPage\":{\"@id\":\"https:\\\/\\\/www.gamapa.de\\\/en\\\/imprint\\\/#primaryimage\"},\"image\":{\"@id\":\"https:\\\/\\\/www.gamapa.de\\\/en\\\/imprint\\\/#primaryimage\"},\"thumbnailUrl\":\"https:\\\/\\\/www.gamapa.de\\\/wp-content\\\/uploads\\\/2020\\\/09\\\/Header-Kontakt-10-scaled.jpg\",\"datePublished\":\"2020-09-02T19:49:03+00:00\",\"dateModified\":\"2026-01-07T10:40:41+00:00\",\"description\":\"Legal information about our law and tax firm in accordance with German law (Impressum). Provider identification and mandatory disclosures\",\"breadcrumb\":{\"@id\":\"https:\\\/\\\/www.gamapa.de\\\/en\\\/imprint\\\/#breadcrumb\"},\"inLanguage\":\"en-US\",\"potentialAction\":[{\"@type\":\"ReadAction\",\"target\":[\"https:\\\/\\\/www.gamapa.de\\\/en\\\/imprint\\\/\"]}]},{\"@type\":\"ImageObject\",\"inLanguage\":\"en-US\",\"@id\":\"https:\\\/\\\/www.gamapa.de\\\/en\\\/imprint\\\/#primaryimage\",\"url\":\"https:\\\/\\\/www.gamapa.de\\\/wp-content\\\/uploads\\\/2020\\\/09\\\/Header-Kontakt-10-scaled.jpg\",\"contentUrl\":\"https:\\\/\\\/www.gamapa.de\\\/wp-content\\\/uploads\\\/2020\\\/09\\\/Header-Kontakt-10-scaled.jpg\",\"width\":2560,\"height\":764},{\"@type\":\"BreadcrumbList\",\"@id\":\"https:\\\/\\\/www.gamapa.de\\\/en\\\/imprint\\\/#breadcrumb\",\"itemListElement\":[{\"@type\":\"ListItem\",\"position\":1,\"name\":\"Startseite\",\"item\":\"https:\\\/\\\/www.gamapa.de\\\/en\\\/\"},{\"@type\":\"ListItem\",\"position\":2,\"name\":\"Imprint\"}]},{\"@type\":\"WebSite\",\"@id\":\"https:\\\/\\\/www.gamapa.de\\\/en\\\/#website\",\"url\":\"https:\\\/\\\/www.gamapa.de\\\/en\\\/\",\"name\":\"GANTEF\u00dcHRER\",\"description\":\"Wirtschaftspr\u00fcfer, Steuerberater, Rechtsanw\u00e4lte\",\"publisher\":{\"@id\":\"https:\\\/\\\/www.gamapa.de\\\/en\\\/#organization\"},\"potentialAction\":[{\"@type\":\"SearchAction\",\"target\":{\"@type\":\"EntryPoint\",\"urlTemplate\":\"https:\\\/\\\/www.gamapa.de\\\/en\\\/?s={search_term_string}\"},\"query-input\":{\"@type\":\"PropertyValueSpecification\",\"valueRequired\":true,\"valueName\":\"search_term_string\"}}],\"inLanguage\":\"en-US\"},{\"@type\":\"Organization\",\"@id\":\"https:\\\/\\\/www.gamapa.de\\\/en\\\/#organization\",\"name\":\"Gantef\u00fchrer Wirtschaftspr\u00fcfer, Steuerberater, Rechtsanw\u00e4lte\",\"url\":\"https:\\\/\\\/www.gamapa.de\\\/en\\\/\",\"logo\":{\"@type\":\"ImageObject\",\"inLanguage\":\"en-US\",\"@id\":\"https:\\\/\\\/www.gamapa.de\\\/en\\\/#\\\/schema\\\/logo\\\/image\\\/\",\"url\":\"https:\\\/\\\/www.gamapa.de\\\/wp-content\\\/uploads\\\/2026\\\/01\\\/Logo-Gantefuehrer.png\",\"contentUrl\":\"https:\\\/\\\/www.gamapa.de\\\/wp-content\\\/uploads\\\/2026\\\/01\\\/Logo-Gantefuehrer.png\",\"width\":767,\"height\":156,\"caption\":\"Gantef\u00fchrer Wirtschaftspr\u00fcfer, Steuerberater, Rechtsanw\u00e4lte\"},\"image\":{\"@id\":\"https:\\\/\\\/www.gamapa.de\\\/en\\\/#\\\/schema\\\/logo\\\/image\\\/\"}}]}<\/script>\n<!-- \/ Yoast SEO plugin. -->","yoast_head_json":{"title":"Imprint | Dr. Gantef\u00fchrer, Marquardt & Partner mbB","description":"Legal information about our law and tax firm in accordance with German law (Impressum). Provider identification and mandatory disclosures","robots":{"index":"noindex","follow":"follow"},"og_locale":"en_US","og_type":"article","og_title":"Imprint | Dr. Gantef\u00fchrer, Marquardt & Partner mbB","og_description":"Legal information about our law and tax firm in accordance with German law (Impressum). Provider identification and mandatory disclosures","og_url":"https:\/\/www.gamapa.de\/en\/imprint\/","og_site_name":"GANTEF\u00dcHRER","article_modified_time":"2026-01-07T10:40:41+00:00","og_image":[{"width":2560,"height":764,"url":"https:\/\/www.gamapa.de\/wp-content\/uploads\/2020\/09\/Header-Kontakt-10-scaled.jpg","type":"image\/jpeg"}],"twitter_card":"summary_large_image","twitter_misc":{"Est. reading time":"3 minutes"},"schema":{"@context":"https:\/\/schema.org","@graph":[{"@type":"WebPage","@id":"https:\/\/www.gamapa.de\/en\/imprint\/","url":"https:\/\/www.gamapa.de\/en\/imprint\/","name":"Imprint | Dr. Gantef\u00fchrer, Marquardt & Partner mbB","isPartOf":{"@id":"https:\/\/www.gamapa.de\/en\/#website"},"primaryImageOfPage":{"@id":"https:\/\/www.gamapa.de\/en\/imprint\/#primaryimage"},"image":{"@id":"https:\/\/www.gamapa.de\/en\/imprint\/#primaryimage"},"thumbnailUrl":"https:\/\/www.gamapa.de\/wp-content\/uploads\/2020\/09\/Header-Kontakt-10-scaled.jpg","datePublished":"2020-09-02T19:49:03+00:00","dateModified":"2026-01-07T10:40:41+00:00","description":"Legal information about our law and tax firm in accordance with German law (Impressum). Provider identification and mandatory disclosures","breadcrumb":{"@id":"https:\/\/www.gamapa.de\/en\/imprint\/#breadcrumb"},"inLanguage":"en-US","potentialAction":[{"@type":"ReadAction","target":["https:\/\/www.gamapa.de\/en\/imprint\/"]}]},{"@type":"ImageObject","inLanguage":"en-US","@id":"https:\/\/www.gamapa.de\/en\/imprint\/#primaryimage","url":"https:\/\/www.gamapa.de\/wp-content\/uploads\/2020\/09\/Header-Kontakt-10-scaled.jpg","contentUrl":"https:\/\/www.gamapa.de\/wp-content\/uploads\/2020\/09\/Header-Kontakt-10-scaled.jpg","width":2560,"height":764},{"@type":"BreadcrumbList","@id":"https:\/\/www.gamapa.de\/en\/imprint\/#breadcrumb","itemListElement":[{"@type":"ListItem","position":1,"name":"Startseite","item":"https:\/\/www.gamapa.de\/en\/"},{"@type":"ListItem","position":2,"name":"Imprint"}]},{"@type":"WebSite","@id":"https:\/\/www.gamapa.de\/en\/#website","url":"https:\/\/www.gamapa.de\/en\/","name":"GANTEF\u00dcHRER","description":"Wirtschaftspr\u00fcfer, Steuerberater, Rechtsanw\u00e4lte","publisher":{"@id":"https:\/\/www.gamapa.de\/en\/#organization"},"potentialAction":[{"@type":"SearchAction","target":{"@type":"EntryPoint","urlTemplate":"https:\/\/www.gamapa.de\/en\/?s={search_term_string}"},"query-input":{"@type":"PropertyValueSpecification","valueRequired":true,"valueName":"search_term_string"}}],"inLanguage":"en-US"},{"@type":"Organization","@id":"https:\/\/www.gamapa.de\/en\/#organization","name":"Gantef\u00fchrer Wirtschaftspr\u00fcfer, Steuerberater, Rechtsanw\u00e4lte","url":"https:\/\/www.gamapa.de\/en\/","logo":{"@type":"ImageObject","inLanguage":"en-US","@id":"https:\/\/www.gamapa.de\/en\/#\/schema\/logo\/image\/","url":"https:\/\/www.gamapa.de\/wp-content\/uploads\/2026\/01\/Logo-Gantefuehrer.png","contentUrl":"https:\/\/www.gamapa.de\/wp-content\/uploads\/2026\/01\/Logo-Gantefuehrer.png","width":767,"height":156,"caption":"Gantef\u00fchrer Wirtschaftspr\u00fcfer, Steuerberater, Rechtsanw\u00e4lte"},"image":{"@id":"https:\/\/www.gamapa.de\/en\/#\/schema\/logo\/image\/"}}]}},"uagb_featured_image_src":{"full":["https:\/\/www.gamapa.de\/wp-content\/uploads\/2020\/09\/Header-Kontakt-10-scaled.jpg",2560,764,false],"thumbnail":["https:\/\/www.gamapa.de\/wp-content\/uploads\/2020\/09\/Header-Kontakt-10-150x150.jpg",150,150,true],"medium":["https:\/\/www.gamapa.de\/wp-content\/uploads\/2020\/09\/Header-Kontakt-10-600x179.jpg",600,179,true],"medium_large":["https:\/\/www.gamapa.de\/wp-content\/uploads\/2020\/09\/Header-Kontakt-10-768x229.jpg",580,173,true],"large":["https:\/\/www.gamapa.de\/wp-content\/uploads\/2020\/09\/Header-Kontakt-10-scaled.jpg",580,173,false],"gs-tiny":["https:\/\/www.gamapa.de\/wp-content\/uploads\/2020\/09\/Header-Kontakt-10-scaled.jpg",50,15,false],"xl":["https:\/\/www.gamapa.de\/wp-content\/uploads\/2020\/09\/Header-Kontakt-10-1600x477.jpg",1600,477,true],"xxl":["https:\/\/www.gamapa.de\/wp-content\/uploads\/2020\/09\/Header-Kontakt-10-2200x656.jpg",2200,656,true],"xxxl":["https:\/\/www.gamapa.de\/wp-content\/uploads\/2020\/09\/Header-Kontakt-10-2800x835.jpg",2800,835,true],"xxxxl":["https:\/\/www.gamapa.de\/wp-content\/uploads\/2020\/09\/Header-Kontakt-10-scaled.jpg",2560,764,false],"xxxxxl":["https:\/\/www.gamapa.de\/wp-content\/uploads\/2020\/09\/Header-Kontakt-10-scaled.jpg",2560,764,false],"1536x1536":["https:\/\/www.gamapa.de\/wp-content\/uploads\/2020\/09\/Header-Kontakt-10-1536x458.jpg",1536,458,true],"2048x2048":["https:\/\/www.gamapa.de\/wp-content\/uploads\/2020\/09\/Header-Kontakt-10-2048x611.jpg",2048,611,true],"post-thumbnail":["https:\/\/www.gamapa.de\/wp-content\/uploads\/2020\/09\/Header-Kontakt-10-scaled.jpg",2560,764,false],"twentytwenty-fullscreen":["https:\/\/www.gamapa.de\/wp-content\/uploads\/2020\/09\/Header-Kontakt-10-scaled.jpg",2560,764,false],"theme-slug-single-post":["https:\/\/www.gamapa.de\/wp-content\/uploads\/2020\/09\/Header-Kontakt-10-1600x400.jpg",1600,400,true]},"uagb_author_info":{"display_name":"linda","author_link":"https:\/\/www.gamapa.de\/en\/author\/linda\/"},"uagb_comment_info":0,"uagb_excerpt":"Imprint Dr. Gantef\u00fchrer, Marquardt &amp; Partner mbBCertified Auditors \u2013 Tax Consultants \u2013 LawyersAlte K\u00e4mmerei | Marktplatz 6 \u2013 40213 D\u00fcsseldorfPhone: 0211 \/ 89 89 0Telefax: 0211 \/ 89 89 150E-Mail: info@gamapa.deInternet: www.gamapa.deHeadquarters: D\u00fcsseldorfRegistry court: District Court in Essen, Register of Companies 2965 VAT ID: DE 119 197 503 Managing Partners(each with sole power of representation):&hellip;","_links":{"self":[{"href":"https:\/\/www.gamapa.de\/en\/wp-json\/wp\/v2\/pages\/4975","targetHints":{"allow":["GET"]}}],"collection":[{"href":"https:\/\/www.gamapa.de\/en\/wp-json\/wp\/v2\/pages"}],"about":[{"href":"https:\/\/www.gamapa.de\/en\/wp-json\/wp\/v2\/types\/page"}],"author":[{"embeddable":true,"href":"https:\/\/www.gamapa.de\/en\/wp-json\/wp\/v2\/users\/1"}],"replies":[{"embeddable":true,"href":"https:\/\/www.gamapa.de\/en\/wp-json\/wp\/v2\/comments?post=4975"}],"version-history":[{"count":10,"href":"https:\/\/www.gamapa.de\/en\/wp-json\/wp\/v2\/pages\/4975\/revisions"}],"predecessor-version":[{"id":23369,"href":"https:\/\/www.gamapa.de\/en\/wp-json\/wp\/v2\/pages\/4975\/revisions\/23369"}],"wp:featuredmedia":[{"embeddable":true,"href":"https:\/\/www.gamapa.de\/en\/wp-json\/wp\/v2\/media\/4296"}],"wp:attachment":[{"href":"https:\/\/www.gamapa.de\/en\/wp-json\/wp\/v2\/media?parent=4975"}],"curies":[{"name":"wp","href":"https:\/\/api.w.org\/{rel}","templated":true}]}}