

{"id":4983,"date":"2020-09-02T22:01:57","date_gmt":"2020-09-02T20:01:57","guid":{"rendered":"https:\/\/www.gamapa.de\/verarbeitung-personenbezogener-daten\/"},"modified":"2026-01-07T11:44:45","modified_gmt":"2026-01-07T10:44:45","slug":"general-information-on-the-processing-of-personal-data-by-gantefuehrer","status":"publish","type":"page","link":"https:\/\/www.gamapa.de\/en\/data-protection\/general-information-on-the-processing-of-personal-data-by-gantefuehrer\/","title":{"rendered":"General information on the processing of personal data by Gantef\u00fchrer"},"content":{"rendered":"\n<p>With regard to the General Data Protection Regulation (EU) 2016\/679 (in short: GDPR) in force from 25.05.2018, we would like to inform you about which personal data is collected, processed and used by the law firm Dr. Gantef\u00fchrer, Marquardt &amp; Partner mbB (in short: Gantef\u00fchrer ) and for what purposes. This information is addressed to every natural person (in particular our clients as well as their representatives, contact persons or employees, other business partners and applicants) with whom we have \u2013 or may have in the future \u2013 a mandate, order or business relationship or another communication relationship.<\/p>\n\n\n\n<p><strong>1. Responsibility for data processing and data protection officer<\/strong><\/p>\n\n\n\n<p>The responsibility for the lawful collection, processing and use of user data lies with<\/p>\n\n\n\n<p>Dr. Gantef\u00fchrer, Marquardt &amp; Partner mbB<br>Certified Auditors \u2013 Tax Consultants \u2013 Lawyers<br>Alte K\u00e4mmerei | Marktplatz 6<br>40213 D\u00fcsseldorf<br>Phone: 0211 \/ 89 89 0<br>Telefax: 0211 \/ 89 89 150<br>E-Mail: info@gamapa.de<\/p>\n\n\n\n<p>Managing Partners (each with sole power of representation): <\/p>\n\n\n\n<p>Bernd R\u00fchland<br>Roland Moskat<br>Claudia Stork<br>Norbert Pull<br>Thomas Kozik<br>Michael Baum<br>R\u00fcdiger Schaar<br>Daniel Troost<br>Dr. Jochen Kissling<br>Dr. Sabrina von R\u00fcden<br>Vera Niedermeyer<\/p>\n\n\n\n<p>Data protection officer at Gantef\u00fchrer &nbsp;is<\/p>\n\n\n\n<p>Dr. Imke Aulbert, lawyer<br>Dr. Gantef\u00fchrer, Marquardt &amp; Partner mbB<br>Alte K\u00e4mmerei | Marktplatz 6<br>40213 D\u00fcsseldorf<br>Telefon: 0211 \/ 89 89 125<br>Telefax: 0211 \/ 89 89 150<br>E-Mail: <a href=\"mailto:aulbert@gamapa.de\">aulbert@gamapa.de<\/a><\/p>\n\n\n\n<p><strong>2. Processed data and processing purposes<\/strong><\/p>\n\n\n\n<p>In particular, Gantef\u00fchrer &nbsp;collects contact data (e.g. name, address, telephone number, e-mail address) as well as other information required for the processing of orders or for communication. The data is processed and stored both in paper and electronic form.<\/p>\n\n\n\n<p>Gantef\u00fchrer &nbsp;collects and processes personal data in order to be able to identify its clients, business partners and communication partners, to be able to process mandates that have been granted, to correspond with clients, business partners and communication partners, to issue invoices, to settle any liability claims that may exist and, if necessary, to assert claims against clients, business partners and communication partners. It should be noted in this context that auditors, tax consultants and lawyers are professionally obliged to keep files and retain them for a certain period of time (see \u00a7 51b of the German Professional Code of Conduct for Auditors, \u00a7 66 of the German Tax Consultancy Act, \u00a7 50 of the Federal Lawyers\u2019 Act).<\/p>\n\n\n\n<p>Gantef\u00fchrer uses the access data to make the website accessible, to detect and correct any technical problems that may occur and to prevent and, if necessary, prosecute any misuse of the services offered by Gantef\u00fchrer.<\/p>\n\n\n\n<p>The legal basis for the collection and processing of personal data by Gantef\u00fchrer is Article 6(1) sentence 1 letter b) GDPR, Article 6(1) sentence 1 letter c) GDPR and Article 6(1) sentence 1 letter f) GDPR. The legitimate interests of the law firm arise from the data processing purposes described above.<\/p>\n\n\n\n<p><strong>3. Transfer of data to third parties<\/strong><\/p>\n\n\n\n<p>Insofar as this is necessary in accordance with Art. 6 (1) sentence 1 letters b) and f) GDPR for handling of the mandate relationship or other business and communication relationships, the personal data will be passed on to third parties. This includes in particular the disclosure to courts and other public authorities for the purpose of correspondence as well as for asserting and defending the rights of the client. In addition, the information is also passed on to defendants and their representatives (especially their lawyers). Finally, the personal data is also transferred to carefully selected processors who perform administrative tasks for Gantef\u00fchrer , such as electronic management and storage of files or archiving of paper files. The professional secrecy obligations arising from \u00a7 57b of the German Professional Code of Conduct for Auditors, \u00a7 57 of the German Tax Consultancy Act and \u00a7 43a of the Federal Lawyers\u2019 Act remain unaffected.<\/p>\n\n\n\n<p>Apart from this, personal data will only be disclosed without the express consent of the client, business partner or communication partner if Gantef\u00fchrer Law Firm is obliged to do so by law or by an official or court order.<\/p>\n\n\n\n<p><strong>4. Place of data storage<\/strong><\/p>\n\n\n\n<p>The data is processed exclusively in computer centres that fall within the scope of the GDPR.<\/p>\n\n\n\n<p><strong>5. Storage duration<\/strong><\/p>\n\n\n\n<p>The personal data will be deleted when it is no longer required for the purposes described in this privacy policy, unless legal provisions require longer storage.<\/p>\n\n\n\n<p><strong>6. Rights of data subjects<\/strong><\/p>\n\n\n\n<p>Data subjects are entitled to information about their personal data stored and, if the respective legal requirements are met, to correction, deletion, restriction of processing, objection to processing and data transferability. In addition, data subjects can also contact the competent supervisory authority with complaints about the use of data.<\/p>\n\n\n\n<p>Stand: September 2019<\/p>\n","protected":false},"excerpt":{"rendered":"<p>With regard to the General Data Protection Regulation (EU) 2016\/679 (in short: GDPR) in force from 25.05.2018, we would like to inform you about which personal data is collected, processed and used by the law firm Dr. Gantef\u00fchrer, Marquardt &amp; Partner mbB (in short: Gantef\u00fchrer ) and for what purposes. This information is addressed to <a href=\"https:\/\/www.gamapa.de\/en\/data-protection\/general-information-on-the-processing-of-personal-data-by-gantefuehrer\/\">[\u2026]<\/a><\/p>\n","protected":false},"author":1,"featured_media":4299,"parent":4979,"menu_order":0,"comment_status":"closed","ping_status":"closed","template":"","meta":{"_acf_changed":false,"_uag_custom_page_level_css":"","footnotes":""},"class_list":["post-4983","page","type-page","status-publish","has-post-thumbnail","hentry"],"acf":[],"yoast_head":"<!-- This site is optimized with the Yoast SEO plugin v27.3 - https:\/\/yoast.com\/product\/yoast-seo-wordpress\/ -->\n<title>General information on the processing of personal data by Gantef\u00fchrer - GANTEF\u00dcHRER<\/title>\n<meta name=\"robots\" content=\"index, follow, max-snippet:-1, max-image-preview:large, max-video-preview:-1\" \/>\n<link rel=\"canonical\" href=\"https:\/\/www.gamapa.de\/en\/data-protection\/general-information-on-the-processing-of-personal-data-by-gantefuehrer\/\" \/>\n<meta property=\"og:locale\" content=\"en_US\" \/>\n<meta property=\"og:type\" content=\"article\" \/>\n<meta property=\"og:title\" content=\"General information on the processing of personal data by Gantef\u00fchrer - GANTEF\u00dcHRER\" \/>\n<meta property=\"og:description\" content=\"With regard to the General Data Protection Regulation (EU) 2016\/679 (in short: GDPR) in force from 25.05.2018, we would like to inform you about which personal data is collected, processed and used by the law firm Dr. Gantef\u00fchrer, Marquardt &amp; Partner mbB (in short: Gantef\u00fchrer ) and for what purposes. This information is addressed to [\u2026]\" \/>\n<meta property=\"og:url\" content=\"https:\/\/www.gamapa.de\/en\/data-protection\/general-information-on-the-processing-of-personal-data-by-gantefuehrer\/\" \/>\n<meta property=\"og:site_name\" content=\"GANTEF\u00dcHRER\" \/>\n<meta property=\"article:modified_time\" content=\"2026-01-07T10:44:45+00:00\" \/>\n<meta property=\"og:image\" content=\"https:\/\/www.gamapa.de\/wp-content\/uploads\/2020\/09\/Header-Kontakt-11-scaled.jpg\" \/>\n\t<meta property=\"og:image:width\" content=\"2560\" \/>\n\t<meta property=\"og:image:height\" content=\"764\" \/>\n\t<meta property=\"og:image:type\" content=\"image\/jpeg\" \/>\n<meta name=\"twitter:card\" content=\"summary_large_image\" \/>\n<meta name=\"twitter:label1\" content=\"Est. reading time\" \/>\n\t<meta name=\"twitter:data1\" content=\"5 minutes\" \/>\n<script type=\"application\/ld+json\" class=\"yoast-schema-graph\">{\"@context\":\"https:\\\/\\\/schema.org\",\"@graph\":[{\"@type\":\"WebPage\",\"@id\":\"https:\\\/\\\/www.gamapa.de\\\/en\\\/data-protection\\\/general-information-on-the-processing-of-personal-data-by-gantefuehrer\\\/\",\"url\":\"https:\\\/\\\/www.gamapa.de\\\/en\\\/data-protection\\\/general-information-on-the-processing-of-personal-data-by-gantefuehrer\\\/\",\"name\":\"General information on the processing of personal data by Gantef\u00fchrer - GANTEF\u00dcHRER\",\"isPartOf\":{\"@id\":\"https:\\\/\\\/www.gamapa.de\\\/en\\\/#website\"},\"primaryImageOfPage\":{\"@id\":\"https:\\\/\\\/www.gamapa.de\\\/en\\\/data-protection\\\/general-information-on-the-processing-of-personal-data-by-gantefuehrer\\\/#primaryimage\"},\"image\":{\"@id\":\"https:\\\/\\\/www.gamapa.de\\\/en\\\/data-protection\\\/general-information-on-the-processing-of-personal-data-by-gantefuehrer\\\/#primaryimage\"},\"thumbnailUrl\":\"https:\\\/\\\/www.gamapa.de\\\/wp-content\\\/uploads\\\/2020\\\/09\\\/Header-Kontakt-11-scaled.jpg\",\"datePublished\":\"2020-09-02T20:01:57+00:00\",\"dateModified\":\"2026-01-07T10:44:45+00:00\",\"breadcrumb\":{\"@id\":\"https:\\\/\\\/www.gamapa.de\\\/en\\\/data-protection\\\/general-information-on-the-processing-of-personal-data-by-gantefuehrer\\\/#breadcrumb\"},\"inLanguage\":\"en-US\",\"potentialAction\":[{\"@type\":\"ReadAction\",\"target\":[\"https:\\\/\\\/www.gamapa.de\\\/en\\\/data-protection\\\/general-information-on-the-processing-of-personal-data-by-gantefuehrer\\\/\"]}]},{\"@type\":\"ImageObject\",\"inLanguage\":\"en-US\",\"@id\":\"https:\\\/\\\/www.gamapa.de\\\/en\\\/data-protection\\\/general-information-on-the-processing-of-personal-data-by-gantefuehrer\\\/#primaryimage\",\"url\":\"https:\\\/\\\/www.gamapa.de\\\/wp-content\\\/uploads\\\/2020\\\/09\\\/Header-Kontakt-11-scaled.jpg\",\"contentUrl\":\"https:\\\/\\\/www.gamapa.de\\\/wp-content\\\/uploads\\\/2020\\\/09\\\/Header-Kontakt-11-scaled.jpg\",\"width\":2560,\"height\":764,\"caption\":\"Kontakt\"},{\"@type\":\"BreadcrumbList\",\"@id\":\"https:\\\/\\\/www.gamapa.de\\\/en\\\/data-protection\\\/general-information-on-the-processing-of-personal-data-by-gantefuehrer\\\/#breadcrumb\",\"itemListElement\":[{\"@type\":\"ListItem\",\"position\":1,\"name\":\"Startseite\",\"item\":\"https:\\\/\\\/www.gamapa.de\\\/en\\\/\"},{\"@type\":\"ListItem\",\"position\":2,\"name\":\"Data protection\",\"item\":\"https:\\\/\\\/www.gamapa.de\\\/en\\\/data-protection\\\/\"},{\"@type\":\"ListItem\",\"position\":3,\"name\":\"General information on the processing of personal data by Gantef\u00fchrer\"}]},{\"@type\":\"WebSite\",\"@id\":\"https:\\\/\\\/www.gamapa.de\\\/en\\\/#website\",\"url\":\"https:\\\/\\\/www.gamapa.de\\\/en\\\/\",\"name\":\"GANTEF\u00dcHRER\",\"description\":\"Wirtschaftspr\u00fcfer, Steuerberater, Rechtsanw\u00e4lte\",\"publisher\":{\"@id\":\"https:\\\/\\\/www.gamapa.de\\\/en\\\/#organization\"},\"potentialAction\":[{\"@type\":\"SearchAction\",\"target\":{\"@type\":\"EntryPoint\",\"urlTemplate\":\"https:\\\/\\\/www.gamapa.de\\\/en\\\/?s={search_term_string}\"},\"query-input\":{\"@type\":\"PropertyValueSpecification\",\"valueRequired\":true,\"valueName\":\"search_term_string\"}}],\"inLanguage\":\"en-US\"},{\"@type\":\"Organization\",\"@id\":\"https:\\\/\\\/www.gamapa.de\\\/en\\\/#organization\",\"name\":\"Gantef\u00fchrer Wirtschaftspr\u00fcfer, Steuerberater, Rechtsanw\u00e4lte\",\"url\":\"https:\\\/\\\/www.gamapa.de\\\/en\\\/\",\"logo\":{\"@type\":\"ImageObject\",\"inLanguage\":\"en-US\",\"@id\":\"https:\\\/\\\/www.gamapa.de\\\/en\\\/#\\\/schema\\\/logo\\\/image\\\/\",\"url\":\"https:\\\/\\\/www.gamapa.de\\\/wp-content\\\/uploads\\\/2026\\\/01\\\/Logo-Gantefuehrer.png\",\"contentUrl\":\"https:\\\/\\\/www.gamapa.de\\\/wp-content\\\/uploads\\\/2026\\\/01\\\/Logo-Gantefuehrer.png\",\"width\":767,\"height\":156,\"caption\":\"Gantef\u00fchrer Wirtschaftspr\u00fcfer, Steuerberater, Rechtsanw\u00e4lte\"},\"image\":{\"@id\":\"https:\\\/\\\/www.gamapa.de\\\/en\\\/#\\\/schema\\\/logo\\\/image\\\/\"}}]}<\/script>\n<!-- \/ Yoast SEO plugin. -->","yoast_head_json":{"title":"General information on the processing of personal data by Gantef\u00fchrer - GANTEF\u00dcHRER","robots":{"index":"index","follow":"follow","max-snippet":"max-snippet:-1","max-image-preview":"max-image-preview:large","max-video-preview":"max-video-preview:-1"},"canonical":"https:\/\/www.gamapa.de\/en\/data-protection\/general-information-on-the-processing-of-personal-data-by-gantefuehrer\/","og_locale":"en_US","og_type":"article","og_title":"General information on the processing of personal data by Gantef\u00fchrer - GANTEF\u00dcHRER","og_description":"With regard to the General Data Protection Regulation (EU) 2016\/679 (in short: GDPR) in force from 25.05.2018, we would like to inform you about which personal data is collected, processed and used by the law firm Dr. Gantef\u00fchrer, Marquardt &amp; Partner mbB (in short: Gantef\u00fchrer ) and for what purposes. This information is addressed to [\u2026]","og_url":"https:\/\/www.gamapa.de\/en\/data-protection\/general-information-on-the-processing-of-personal-data-by-gantefuehrer\/","og_site_name":"GANTEF\u00dcHRER","article_modified_time":"2026-01-07T10:44:45+00:00","og_image":[{"width":2560,"height":764,"url":"https:\/\/www.gamapa.de\/wp-content\/uploads\/2020\/09\/Header-Kontakt-11-scaled.jpg","type":"image\/jpeg"}],"twitter_card":"summary_large_image","twitter_misc":{"Est. reading time":"5 minutes"},"schema":{"@context":"https:\/\/schema.org","@graph":[{"@type":"WebPage","@id":"https:\/\/www.gamapa.de\/en\/data-protection\/general-information-on-the-processing-of-personal-data-by-gantefuehrer\/","url":"https:\/\/www.gamapa.de\/en\/data-protection\/general-information-on-the-processing-of-personal-data-by-gantefuehrer\/","name":"General information on the processing of personal data by Gantef\u00fchrer - GANTEF\u00dcHRER","isPartOf":{"@id":"https:\/\/www.gamapa.de\/en\/#website"},"primaryImageOfPage":{"@id":"https:\/\/www.gamapa.de\/en\/data-protection\/general-information-on-the-processing-of-personal-data-by-gantefuehrer\/#primaryimage"},"image":{"@id":"https:\/\/www.gamapa.de\/en\/data-protection\/general-information-on-the-processing-of-personal-data-by-gantefuehrer\/#primaryimage"},"thumbnailUrl":"https:\/\/www.gamapa.de\/wp-content\/uploads\/2020\/09\/Header-Kontakt-11-scaled.jpg","datePublished":"2020-09-02T20:01:57+00:00","dateModified":"2026-01-07T10:44:45+00:00","breadcrumb":{"@id":"https:\/\/www.gamapa.de\/en\/data-protection\/general-information-on-the-processing-of-personal-data-by-gantefuehrer\/#breadcrumb"},"inLanguage":"en-US","potentialAction":[{"@type":"ReadAction","target":["https:\/\/www.gamapa.de\/en\/data-protection\/general-information-on-the-processing-of-personal-data-by-gantefuehrer\/"]}]},{"@type":"ImageObject","inLanguage":"en-US","@id":"https:\/\/www.gamapa.de\/en\/data-protection\/general-information-on-the-processing-of-personal-data-by-gantefuehrer\/#primaryimage","url":"https:\/\/www.gamapa.de\/wp-content\/uploads\/2020\/09\/Header-Kontakt-11-scaled.jpg","contentUrl":"https:\/\/www.gamapa.de\/wp-content\/uploads\/2020\/09\/Header-Kontakt-11-scaled.jpg","width":2560,"height":764,"caption":"Kontakt"},{"@type":"BreadcrumbList","@id":"https:\/\/www.gamapa.de\/en\/data-protection\/general-information-on-the-processing-of-personal-data-by-gantefuehrer\/#breadcrumb","itemListElement":[{"@type":"ListItem","position":1,"name":"Startseite","item":"https:\/\/www.gamapa.de\/en\/"},{"@type":"ListItem","position":2,"name":"Data protection","item":"https:\/\/www.gamapa.de\/en\/data-protection\/"},{"@type":"ListItem","position":3,"name":"General information on the processing of personal data by Gantef\u00fchrer"}]},{"@type":"WebSite","@id":"https:\/\/www.gamapa.de\/en\/#website","url":"https:\/\/www.gamapa.de\/en\/","name":"GANTEF\u00dcHRER","description":"Wirtschaftspr\u00fcfer, Steuerberater, Rechtsanw\u00e4lte","publisher":{"@id":"https:\/\/www.gamapa.de\/en\/#organization"},"potentialAction":[{"@type":"SearchAction","target":{"@type":"EntryPoint","urlTemplate":"https:\/\/www.gamapa.de\/en\/?s={search_term_string}"},"query-input":{"@type":"PropertyValueSpecification","valueRequired":true,"valueName":"search_term_string"}}],"inLanguage":"en-US"},{"@type":"Organization","@id":"https:\/\/www.gamapa.de\/en\/#organization","name":"Gantef\u00fchrer Wirtschaftspr\u00fcfer, Steuerberater, Rechtsanw\u00e4lte","url":"https:\/\/www.gamapa.de\/en\/","logo":{"@type":"ImageObject","inLanguage":"en-US","@id":"https:\/\/www.gamapa.de\/en\/#\/schema\/logo\/image\/","url":"https:\/\/www.gamapa.de\/wp-content\/uploads\/2026\/01\/Logo-Gantefuehrer.png","contentUrl":"https:\/\/www.gamapa.de\/wp-content\/uploads\/2026\/01\/Logo-Gantefuehrer.png","width":767,"height":156,"caption":"Gantef\u00fchrer Wirtschaftspr\u00fcfer, Steuerberater, Rechtsanw\u00e4lte"},"image":{"@id":"https:\/\/www.gamapa.de\/en\/#\/schema\/logo\/image\/"}}]}},"uagb_featured_image_src":{"full":["https:\/\/www.gamapa.de\/wp-content\/uploads\/2020\/09\/Header-Kontakt-11-scaled.jpg",2560,764,false],"thumbnail":["https:\/\/www.gamapa.de\/wp-content\/uploads\/2020\/09\/Header-Kontakt-11-150x150.jpg",150,150,true],"medium":["https:\/\/www.gamapa.de\/wp-content\/uploads\/2020\/09\/Header-Kontakt-11-600x179.jpg",600,179,true],"medium_large":["https:\/\/www.gamapa.de\/wp-content\/uploads\/2020\/09\/Header-Kontakt-11-768x229.jpg",580,173,true],"large":["https:\/\/www.gamapa.de\/wp-content\/uploads\/2020\/09\/Header-Kontakt-11-scaled.jpg",580,173,false],"gs-tiny":["https:\/\/www.gamapa.de\/wp-content\/uploads\/2020\/09\/Header-Kontakt-11-scaled.jpg",50,15,false],"xl":["https:\/\/www.gamapa.de\/wp-content\/uploads\/2020\/09\/Header-Kontakt-11-1600x477.jpg",1600,477,true],"xxl":["https:\/\/www.gamapa.de\/wp-content\/uploads\/2020\/09\/Header-Kontakt-11-2200x656.jpg",2200,656,true],"xxxl":["https:\/\/www.gamapa.de\/wp-content\/uploads\/2020\/09\/Header-Kontakt-11-2800x835.jpg",2800,835,true],"xxxxl":["https:\/\/www.gamapa.de\/wp-content\/uploads\/2020\/09\/Header-Kontakt-11-scaled.jpg",2560,764,false],"xxxxxl":["https:\/\/www.gamapa.de\/wp-content\/uploads\/2020\/09\/Header-Kontakt-11-scaled.jpg",2560,764,false],"1536x1536":["https:\/\/www.gamapa.de\/wp-content\/uploads\/2020\/09\/Header-Kontakt-11-1536x458.jpg",1536,458,true],"2048x2048":["https:\/\/www.gamapa.de\/wp-content\/uploads\/2020\/09\/Header-Kontakt-11-2048x611.jpg",2048,611,true],"post-thumbnail":["https:\/\/www.gamapa.de\/wp-content\/uploads\/2020\/09\/Header-Kontakt-11-scaled.jpg",2560,764,false],"twentytwenty-fullscreen":["https:\/\/www.gamapa.de\/wp-content\/uploads\/2020\/09\/Header-Kontakt-11-scaled.jpg",2560,764,false],"theme-slug-single-post":["https:\/\/www.gamapa.de\/wp-content\/uploads\/2020\/09\/Header-Kontakt-11-1600x400.jpg",1600,400,true]},"uagb_author_info":{"display_name":"linda","author_link":"https:\/\/www.gamapa.de\/en\/author\/linda\/"},"uagb_comment_info":0,"uagb_excerpt":"With regard to the General Data Protection Regulation (EU) 2016\/679 (in short: GDPR) in force from 25.05.2018, we would like to inform you about which personal data is collected, processed and used by the law firm Dr. Gantef\u00fchrer, Marquardt &amp; Partner mbB (in short: Gantef\u00fchrer ) and for what purposes. This information is addressed to&hellip;","_links":{"self":[{"href":"https:\/\/www.gamapa.de\/en\/wp-json\/wp\/v2\/pages\/4983","targetHints":{"allow":["GET"]}}],"collection":[{"href":"https:\/\/www.gamapa.de\/en\/wp-json\/wp\/v2\/pages"}],"about":[{"href":"https:\/\/www.gamapa.de\/en\/wp-json\/wp\/v2\/types\/page"}],"author":[{"embeddable":true,"href":"https:\/\/www.gamapa.de\/en\/wp-json\/wp\/v2\/users\/1"}],"replies":[{"embeddable":true,"href":"https:\/\/www.gamapa.de\/en\/wp-json\/wp\/v2\/comments?post=4983"}],"version-history":[{"count":7,"href":"https:\/\/www.gamapa.de\/en\/wp-json\/wp\/v2\/pages\/4983\/revisions"}],"predecessor-version":[{"id":23375,"href":"https:\/\/www.gamapa.de\/en\/wp-json\/wp\/v2\/pages\/4983\/revisions\/23375"}],"up":[{"embeddable":true,"href":"https:\/\/www.gamapa.de\/en\/wp-json\/wp\/v2\/pages\/4979"}],"wp:featuredmedia":[{"embeddable":true,"href":"https:\/\/www.gamapa.de\/en\/wp-json\/wp\/v2\/media\/4299"}],"wp:attachment":[{"href":"https:\/\/www.gamapa.de\/en\/wp-json\/wp\/v2\/media?parent=4983"}],"curies":[{"name":"wp","href":"https:\/\/api.w.org\/{rel}","templated":true}]}}