

{"id":4999,"date":"2020-03-11T10:23:58","date_gmt":"2020-03-11T09:23:58","guid":{"rendered":"https:\/\/www.gamapa.de\/steuerstrafrecht\/"},"modified":"2025-10-15T19:34:47","modified_gmt":"2025-10-15T17:34:47","slug":"steuerstrafrecht","status":"publish","type":"page","link":"https:\/\/www.gamapa.de\/en\/fields-of-advice\/tax-consultancy\/steuerstrafrecht\/","title":{"rendered":"Steuerstrafrecht"},"content":{"rendered":"\n<p>Die steuerstrafrechtliche Begleitung unserer Mandanten ist ein \nBereich, der in den letzten Jahren in unserer Beratungspraxis besonders \nan Bedeutung gewonnen hat.<\/p>\n\n\n\n<p>Ein wesentlicher Grund f\u00fcr die erh\u00f6hte Relevanz dieses Bereichs f\u00fcr \nunsere Arbeit ist der deutliche Anstieg der Anzahl \nsteuerstrafrechtlicher Ermittlungsverfahren sowie eine zeitliche \nVorverlagerung des T\u00e4tigwerdens der Ermittlungsbeh\u00f6rden. So ist in der \nPraxis zu beobachten, dass die Verfahren in immer fr\u00fcheren Stadien \nsteuerlicher Verwaltungsverfahren (z.B. im Rahmen von Betriebspr\u00fcfungen)\n eingeleitet werden. Dabei hat die Frage, ob der Betroffene bzw. \nSteuerpflichtige pers\u00f6nlich von der Steuerverk\u00fcrzung profitiert, f\u00fcr die\n Beurteilung des Vorsatzes an Relevanz eingeb\u00fc\u00dft.<\/p>\n\n\n\n<p>Vor diesem Hintergrund werden vermehrt auch im Rahmen von \nBetriebspr\u00fcfungen Verfahren gegen Vertreter von Unternehmen, Kommunen, \nkommunalen Unternehmen und gemeinn\u00fctzigen Institutionen eingeleitet. \nDies gilt selbst dann, wenn es sich um verh\u00e4ltnism\u00e4\u00dfig geringe \nSteuerbetr\u00e4ge handelt.<\/p>\n\n\n\n<p>In diesen F\u00e4llen beraten wir als Rechtsanw\u00e4lte und Steuerberater mit \numfangreicher Expertise ganzheitlich zu allen \nsteuer(verfahrens)rechtlichen Fragestellungen, die Gegenstand oder Folge\n eines steuerstrafrechtlichen Ermittlungsverfahrens sein k\u00f6nnen. Dabei \narbeiten wir in einzelnen F\u00e4llen auch mit Steuerberaterkollegen anderer \nKanzleien zusammen, deren Mandantschaft entsprechenden Beratungsbedarf \nhat. <\/p>\n\n\n\n<h3 class=\"wp-block-heading\">Zu unseren Beratungsleistungen geh\u00f6ren insbesondere<\/h3>\n\n\n\n<ul class=\"wp-block-list\"><li>Umfassende Begleitung steuerstrafrechtlicher Ermittlungsverfahren<\/li><li>Erstellung einer Verteidigungsstrategie bei einem steuerstrafrechtlichen Vorwurf <\/li><li>Erstellung von Gutachten zu steuer- und verfahrensrechtlichen Fragestellungen<\/li><li>Erstellung von Nacherkl\u00e4rungen nach \u00a7 153 AO<\/li><li>Erstellung strafbefreiender Selbstanzeigen bei dem Verdacht der Steuerhinterziehung oder leichtfertigen Steuerverk\u00fcrzung<\/li><li>Verhandlung tats\u00e4chlicher Verst\u00e4ndigungen in laufenden Steuerstrafverfahren <\/li><\/ul>\n\n\n\n<p>Sofern mit der Finanzverwaltung und den steuerstrafrechtlichen \nErmittlungsbeh\u00f6rden keine Einigung erzielt werden kann und in der Folge \nein Hauptverfahren vor einem Strafgericht er\u00f6ffnet wird, arbeiten wir \nf\u00fcr die gebotene strafrechtliche Verteidigung eng mit auf Steuer- und \nWirtschaftsstrafrecht spezialisierten Rechtsanwaltskollegen zusammen.<\/p>\n\n\n\n<p>Unabh\u00e4ngig von einem konkreten Ermittlungsverfahren sollten bereits \nim Vorfeld strafrechtliche Risiken vermieden werden. Gern unterst\u00fctzen \nwir Sie dazu in der Entwicklung und Implementierung eines <a href=\"https:\/\/www.gamapa.de\/tax-compliance\/\" target=\"_blank\" rel=\"noreferrer noopener\">Tax Compliance Management Systems<\/a> zwecks Einhaltung und Erf\u00fcllung steuerlicher Pflichten sowie der entsprechenden Dokumentation.<\/p>\n","protected":false},"excerpt":{"rendered":"<p>Die steuerstrafrechtliche Begleitung unserer Mandanten ist ein Bereich, der in den letzten Jahren in unserer Beratungspraxis besonders an Bedeutung gewonnen hat. Ein wesentlicher Grund f\u00fcr die erh\u00f6hte Relevanz dieses Bereichs f\u00fcr unsere Arbeit ist der deutliche Anstieg der Anzahl steuerstrafrechtlicher Ermittlungsverfahren sowie eine zeitliche Vorverlagerung des T\u00e4tigwerdens der Ermittlungsbeh\u00f6rden. So ist in der Praxis zu <a href=\"https:\/\/www.gamapa.de\/en\/fields-of-advice\/tax-consultancy\/steuerstrafrecht\/\">[\u2026]<\/a><\/p>\n","protected":false},"author":1,"featured_media":18347,"parent":5654,"menu_order":3,"comment_status":"closed","ping_status":"closed","template":"","meta":{"_acf_changed":false,"_uag_custom_page_level_css":"","footnotes":""},"class_list":["post-4999","page","type-page","status-publish","has-post-thumbnail","hentry"],"acf":[],"yoast_head":"<!-- This site is optimized with the Yoast SEO plugin v27.3 - https:\/\/yoast.com\/product\/yoast-seo-wordpress\/ -->\n<title>Beratungsfeld Steuerstrafrecht | Dr. Gantef\u00fchrer<\/title>\n<meta name=\"description\" content=\"Als Rechtsanw\u00e4lte und Steuerberater beraten wir Sie mit umfangreicher Expertise zu allen Fragestellungen im Bereich Steuerstrafrecht.\" \/>\n<meta name=\"robots\" content=\"index, follow, max-snippet:-1, max-image-preview:large, max-video-preview:-1\" \/>\n<link rel=\"canonical\" href=\"https:\/\/www.gamapa.de\/en\/fields-of-advice\/tax-consultancy\/steuerstrafrecht\/\" \/>\n<meta property=\"og:locale\" content=\"en_US\" \/>\n<meta property=\"og:type\" content=\"article\" \/>\n<meta property=\"og:title\" content=\"Beratungsfeld Steuerstrafrecht | Dr. Gantef\u00fchrer\" \/>\n<meta property=\"og:description\" content=\"Als Rechtsanw\u00e4lte und Steuerberater beraten wir Sie mit umfangreicher Expertise zu allen Fragestellungen im Bereich Steuerstrafrecht.\" \/>\n<meta property=\"og:url\" content=\"https:\/\/www.gamapa.de\/en\/fields-of-advice\/tax-consultancy\/steuerstrafrecht\/\" \/>\n<meta property=\"og:site_name\" content=\"GANTEF\u00dcHRER\" \/>\n<meta property=\"article:modified_time\" content=\"2025-10-15T17:34:47+00:00\" \/>\n<meta property=\"og:image\" content=\"https:\/\/www.gamapa.de\/wp-content\/uploads\/2025\/01\/Buecher-1-scaled.jpg\" \/>\n\t<meta property=\"og:image:width\" content=\"2560\" \/>\n\t<meta property=\"og:image:height\" content=\"764\" \/>\n\t<meta property=\"og:image:type\" content=\"image\/jpeg\" \/>\n<meta name=\"twitter:card\" content=\"summary_large_image\" \/>\n<meta name=\"twitter:label1\" content=\"Est. reading time\" \/>\n\t<meta name=\"twitter:data1\" content=\"2 minutes\" \/>\n<script type=\"application\/ld+json\" class=\"yoast-schema-graph\">{\"@context\":\"https:\\\/\\\/schema.org\",\"@graph\":[{\"@type\":\"WebPage\",\"@id\":\"https:\\\/\\\/www.gamapa.de\\\/en\\\/fields-of-advice\\\/tax-consultancy\\\/steuerstrafrecht\\\/\",\"url\":\"https:\\\/\\\/www.gamapa.de\\\/en\\\/fields-of-advice\\\/tax-consultancy\\\/steuerstrafrecht\\\/\",\"name\":\"Beratungsfeld Steuerstrafrecht | Dr. Gantef\u00fchrer\",\"isPartOf\":{\"@id\":\"https:\\\/\\\/www.gamapa.de\\\/en\\\/#website\"},\"primaryImageOfPage\":{\"@id\":\"https:\\\/\\\/www.gamapa.de\\\/en\\\/fields-of-advice\\\/tax-consultancy\\\/steuerstrafrecht\\\/#primaryimage\"},\"image\":{\"@id\":\"https:\\\/\\\/www.gamapa.de\\\/en\\\/fields-of-advice\\\/tax-consultancy\\\/steuerstrafrecht\\\/#primaryimage\"},\"thumbnailUrl\":\"https:\\\/\\\/www.gamapa.de\\\/wp-content\\\/uploads\\\/2025\\\/01\\\/Buecher-1-scaled.jpg\",\"datePublished\":\"2020-03-11T09:23:58+00:00\",\"dateModified\":\"2025-10-15T17:34:47+00:00\",\"description\":\"Als Rechtsanw\u00e4lte und Steuerberater beraten wir Sie mit umfangreicher Expertise zu allen Fragestellungen im Bereich Steuerstrafrecht.\",\"breadcrumb\":{\"@id\":\"https:\\\/\\\/www.gamapa.de\\\/en\\\/fields-of-advice\\\/tax-consultancy\\\/steuerstrafrecht\\\/#breadcrumb\"},\"inLanguage\":\"en-US\",\"potentialAction\":[{\"@type\":\"ReadAction\",\"target\":[\"https:\\\/\\\/www.gamapa.de\\\/en\\\/fields-of-advice\\\/tax-consultancy\\\/steuerstrafrecht\\\/\"]}]},{\"@type\":\"ImageObject\",\"inLanguage\":\"en-US\",\"@id\":\"https:\\\/\\\/www.gamapa.de\\\/en\\\/fields-of-advice\\\/tax-consultancy\\\/steuerstrafrecht\\\/#primaryimage\",\"url\":\"https:\\\/\\\/www.gamapa.de\\\/wp-content\\\/uploads\\\/2025\\\/01\\\/Buecher-1-scaled.jpg\",\"contentUrl\":\"https:\\\/\\\/www.gamapa.de\\\/wp-content\\\/uploads\\\/2025\\\/01\\\/Buecher-1-scaled.jpg\",\"width\":2560,\"height\":764,\"caption\":\"Steuerstrafrecht D\u00fcsseldorf - Rechtsb\u00fccher im Regal\"},{\"@type\":\"BreadcrumbList\",\"@id\":\"https:\\\/\\\/www.gamapa.de\\\/en\\\/fields-of-advice\\\/tax-consultancy\\\/steuerstrafrecht\\\/#breadcrumb\",\"itemListElement\":[{\"@type\":\"ListItem\",\"position\":1,\"name\":\"Startseite\",\"item\":\"https:\\\/\\\/www.gamapa.de\\\/en\\\/\"},{\"@type\":\"ListItem\",\"position\":2,\"name\":\"Fields of advice\",\"item\":\"https:\\\/\\\/www.gamapa.de\\\/en\\\/fields-of-advice\\\/\"},{\"@type\":\"ListItem\",\"position\":3,\"name\":\"Tax consultancy\",\"item\":\"https:\\\/\\\/www.gamapa.de\\\/en\\\/fields-of-advice\\\/tax-consultancy\\\/\"},{\"@type\":\"ListItem\",\"position\":4,\"name\":\"Steuerstrafrecht\"}]},{\"@type\":\"WebSite\",\"@id\":\"https:\\\/\\\/www.gamapa.de\\\/en\\\/#website\",\"url\":\"https:\\\/\\\/www.gamapa.de\\\/en\\\/\",\"name\":\"GANTEF\u00dcHRER\",\"description\":\"Wirtschaftspr\u00fcfer, Steuerberater, Rechtsanw\u00e4lte\",\"publisher\":{\"@id\":\"https:\\\/\\\/www.gamapa.de\\\/en\\\/#organization\"},\"potentialAction\":[{\"@type\":\"SearchAction\",\"target\":{\"@type\":\"EntryPoint\",\"urlTemplate\":\"https:\\\/\\\/www.gamapa.de\\\/en\\\/?s={search_term_string}\"},\"query-input\":{\"@type\":\"PropertyValueSpecification\",\"valueRequired\":true,\"valueName\":\"search_term_string\"}}],\"inLanguage\":\"en-US\"},{\"@type\":\"Organization\",\"@id\":\"https:\\\/\\\/www.gamapa.de\\\/en\\\/#organization\",\"name\":\"Gantef\u00fchrer Wirtschaftspr\u00fcfer, Steuerberater, Rechtsanw\u00e4lte\",\"url\":\"https:\\\/\\\/www.gamapa.de\\\/en\\\/\",\"logo\":{\"@type\":\"ImageObject\",\"inLanguage\":\"en-US\",\"@id\":\"https:\\\/\\\/www.gamapa.de\\\/en\\\/#\\\/schema\\\/logo\\\/image\\\/\",\"url\":\"https:\\\/\\\/www.gamapa.de\\\/wp-content\\\/uploads\\\/2026\\\/01\\\/Logo-Gantefuehrer.png\",\"contentUrl\":\"https:\\\/\\\/www.gamapa.de\\\/wp-content\\\/uploads\\\/2026\\\/01\\\/Logo-Gantefuehrer.png\",\"width\":767,\"height\":156,\"caption\":\"Gantef\u00fchrer Wirtschaftspr\u00fcfer, Steuerberater, Rechtsanw\u00e4lte\"},\"image\":{\"@id\":\"https:\\\/\\\/www.gamapa.de\\\/en\\\/#\\\/schema\\\/logo\\\/image\\\/\"}}]}<\/script>\n<!-- \/ Yoast SEO plugin. -->","yoast_head_json":{"title":"Beratungsfeld Steuerstrafrecht | Dr. Gantef\u00fchrer","description":"Als Rechtsanw\u00e4lte und Steuerberater beraten wir Sie mit umfangreicher Expertise zu allen Fragestellungen im Bereich Steuerstrafrecht.","robots":{"index":"index","follow":"follow","max-snippet":"max-snippet:-1","max-image-preview":"max-image-preview:large","max-video-preview":"max-video-preview:-1"},"canonical":"https:\/\/www.gamapa.de\/en\/fields-of-advice\/tax-consultancy\/steuerstrafrecht\/","og_locale":"en_US","og_type":"article","og_title":"Beratungsfeld Steuerstrafrecht | Dr. Gantef\u00fchrer","og_description":"Als Rechtsanw\u00e4lte und Steuerberater beraten wir Sie mit umfangreicher Expertise zu allen Fragestellungen im Bereich Steuerstrafrecht.","og_url":"https:\/\/www.gamapa.de\/en\/fields-of-advice\/tax-consultancy\/steuerstrafrecht\/","og_site_name":"GANTEF\u00dcHRER","article_modified_time":"2025-10-15T17:34:47+00:00","og_image":[{"width":2560,"height":764,"url":"https:\/\/www.gamapa.de\/wp-content\/uploads\/2025\/01\/Buecher-1-scaled.jpg","type":"image\/jpeg"}],"twitter_card":"summary_large_image","twitter_misc":{"Est. reading time":"2 minutes"},"schema":{"@context":"https:\/\/schema.org","@graph":[{"@type":"WebPage","@id":"https:\/\/www.gamapa.de\/en\/fields-of-advice\/tax-consultancy\/steuerstrafrecht\/","url":"https:\/\/www.gamapa.de\/en\/fields-of-advice\/tax-consultancy\/steuerstrafrecht\/","name":"Beratungsfeld Steuerstrafrecht | Dr. Gantef\u00fchrer","isPartOf":{"@id":"https:\/\/www.gamapa.de\/en\/#website"},"primaryImageOfPage":{"@id":"https:\/\/www.gamapa.de\/en\/fields-of-advice\/tax-consultancy\/steuerstrafrecht\/#primaryimage"},"image":{"@id":"https:\/\/www.gamapa.de\/en\/fields-of-advice\/tax-consultancy\/steuerstrafrecht\/#primaryimage"},"thumbnailUrl":"https:\/\/www.gamapa.de\/wp-content\/uploads\/2025\/01\/Buecher-1-scaled.jpg","datePublished":"2020-03-11T09:23:58+00:00","dateModified":"2025-10-15T17:34:47+00:00","description":"Als Rechtsanw\u00e4lte und Steuerberater beraten wir Sie mit umfangreicher Expertise zu allen Fragestellungen im Bereich Steuerstrafrecht.","breadcrumb":{"@id":"https:\/\/www.gamapa.de\/en\/fields-of-advice\/tax-consultancy\/steuerstrafrecht\/#breadcrumb"},"inLanguage":"en-US","potentialAction":[{"@type":"ReadAction","target":["https:\/\/www.gamapa.de\/en\/fields-of-advice\/tax-consultancy\/steuerstrafrecht\/"]}]},{"@type":"ImageObject","inLanguage":"en-US","@id":"https:\/\/www.gamapa.de\/en\/fields-of-advice\/tax-consultancy\/steuerstrafrecht\/#primaryimage","url":"https:\/\/www.gamapa.de\/wp-content\/uploads\/2025\/01\/Buecher-1-scaled.jpg","contentUrl":"https:\/\/www.gamapa.de\/wp-content\/uploads\/2025\/01\/Buecher-1-scaled.jpg","width":2560,"height":764,"caption":"Steuerstrafrecht D\u00fcsseldorf - Rechtsb\u00fccher im Regal"},{"@type":"BreadcrumbList","@id":"https:\/\/www.gamapa.de\/en\/fields-of-advice\/tax-consultancy\/steuerstrafrecht\/#breadcrumb","itemListElement":[{"@type":"ListItem","position":1,"name":"Startseite","item":"https:\/\/www.gamapa.de\/en\/"},{"@type":"ListItem","position":2,"name":"Fields of advice","item":"https:\/\/www.gamapa.de\/en\/fields-of-advice\/"},{"@type":"ListItem","position":3,"name":"Tax consultancy","item":"https:\/\/www.gamapa.de\/en\/fields-of-advice\/tax-consultancy\/"},{"@type":"ListItem","position":4,"name":"Steuerstrafrecht"}]},{"@type":"WebSite","@id":"https:\/\/www.gamapa.de\/en\/#website","url":"https:\/\/www.gamapa.de\/en\/","name":"GANTEF\u00dcHRER","description":"Wirtschaftspr\u00fcfer, Steuerberater, Rechtsanw\u00e4lte","publisher":{"@id":"https:\/\/www.gamapa.de\/en\/#organization"},"potentialAction":[{"@type":"SearchAction","target":{"@type":"EntryPoint","urlTemplate":"https:\/\/www.gamapa.de\/en\/?s={search_term_string}"},"query-input":{"@type":"PropertyValueSpecification","valueRequired":true,"valueName":"search_term_string"}}],"inLanguage":"en-US"},{"@type":"Organization","@id":"https:\/\/www.gamapa.de\/en\/#organization","name":"Gantef\u00fchrer Wirtschaftspr\u00fcfer, Steuerberater, Rechtsanw\u00e4lte","url":"https:\/\/www.gamapa.de\/en\/","logo":{"@type":"ImageObject","inLanguage":"en-US","@id":"https:\/\/www.gamapa.de\/en\/#\/schema\/logo\/image\/","url":"https:\/\/www.gamapa.de\/wp-content\/uploads\/2026\/01\/Logo-Gantefuehrer.png","contentUrl":"https:\/\/www.gamapa.de\/wp-content\/uploads\/2026\/01\/Logo-Gantefuehrer.png","width":767,"height":156,"caption":"Gantef\u00fchrer Wirtschaftspr\u00fcfer, Steuerberater, Rechtsanw\u00e4lte"},"image":{"@id":"https:\/\/www.gamapa.de\/en\/#\/schema\/logo\/image\/"}}]}},"uagb_featured_image_src":{"full":["https:\/\/www.gamapa.de\/wp-content\/uploads\/2025\/01\/Buecher-1-scaled.jpg",2560,764,false],"thumbnail":["https:\/\/www.gamapa.de\/wp-content\/uploads\/2025\/01\/Buecher-1-150x150.jpg",150,150,true],"medium":["https:\/\/www.gamapa.de\/wp-content\/uploads\/2025\/01\/Buecher-1-600x179.jpg",600,179,true],"medium_large":["https:\/\/www.gamapa.de\/wp-content\/uploads\/2025\/01\/Buecher-1-768x229.jpg",580,173,true],"large":["https:\/\/www.gamapa.de\/wp-content\/uploads\/2025\/01\/Buecher-1-scaled.jpg",580,173,false],"gs-tiny":["https:\/\/www.gamapa.de\/wp-content\/uploads\/2025\/01\/Buecher-1-50x15.jpg",50,15,true],"xl":["https:\/\/www.gamapa.de\/wp-content\/uploads\/2025\/01\/Buecher-1-1600x477.jpg",1600,477,true],"xxl":["https:\/\/www.gamapa.de\/wp-content\/uploads\/2025\/01\/Buecher-1-2200x656.jpg",2200,656,true],"xxxl":["https:\/\/www.gamapa.de\/wp-content\/uploads\/2025\/01\/Buecher-1-2800x835.jpg",2800,835,true],"xxxxl":["https:\/\/www.gamapa.de\/wp-content\/uploads\/2025\/01\/Buecher-1-scaled.jpg",2560,764,false],"xxxxxl":["https:\/\/www.gamapa.de\/wp-content\/uploads\/2025\/01\/Buecher-1-scaled.jpg",2560,764,false],"1536x1536":["https:\/\/www.gamapa.de\/wp-content\/uploads\/2025\/01\/Buecher-1-1536x458.jpg",1536,458,true],"2048x2048":["https:\/\/www.gamapa.de\/wp-content\/uploads\/2025\/01\/Buecher-1-2048x611.jpg",2048,611,true],"post-thumbnail":["https:\/\/www.gamapa.de\/wp-content\/uploads\/2025\/01\/Buecher-1-scaled.jpg",2560,764,false],"twentytwenty-fullscreen":["https:\/\/www.gamapa.de\/wp-content\/uploads\/2025\/01\/Buecher-1-scaled.jpg",2560,764,false],"theme-slug-single-post":["https:\/\/www.gamapa.de\/wp-content\/uploads\/2025\/01\/Buecher-1-1600x400.jpg",1600,400,true]},"uagb_author_info":{"display_name":"linda","author_link":"https:\/\/www.gamapa.de\/en\/author\/linda\/"},"uagb_comment_info":0,"uagb_excerpt":"Die steuerstrafrechtliche Begleitung unserer Mandanten ist ein Bereich, der in den letzten Jahren in unserer Beratungspraxis besonders an Bedeutung gewonnen hat. Ein wesentlicher Grund f\u00fcr die erh\u00f6hte Relevanz dieses Bereichs f\u00fcr unsere Arbeit ist der deutliche Anstieg der Anzahl steuerstrafrechtlicher Ermittlungsverfahren sowie eine zeitliche Vorverlagerung des T\u00e4tigwerdens der Ermittlungsbeh\u00f6rden. So ist in der Praxis zu&hellip;","_links":{"self":[{"href":"https:\/\/www.gamapa.de\/en\/wp-json\/wp\/v2\/pages\/4999","targetHints":{"allow":["GET"]}}],"collection":[{"href":"https:\/\/www.gamapa.de\/en\/wp-json\/wp\/v2\/pages"}],"about":[{"href":"https:\/\/www.gamapa.de\/en\/wp-json\/wp\/v2\/types\/page"}],"author":[{"embeddable":true,"href":"https:\/\/www.gamapa.de\/en\/wp-json\/wp\/v2\/users\/1"}],"replies":[{"embeddable":true,"href":"https:\/\/www.gamapa.de\/en\/wp-json\/wp\/v2\/comments?post=4999"}],"version-history":[{"count":1,"href":"https:\/\/www.gamapa.de\/en\/wp-json\/wp\/v2\/pages\/4999\/revisions"}],"predecessor-version":[{"id":9587,"href":"https:\/\/www.gamapa.de\/en\/wp-json\/wp\/v2\/pages\/4999\/revisions\/9587"}],"up":[{"embeddable":true,"href":"https:\/\/www.gamapa.de\/en\/wp-json\/wp\/v2\/pages\/5654"}],"wp:featuredmedia":[{"embeddable":true,"href":"https:\/\/www.gamapa.de\/en\/wp-json\/wp\/v2\/media\/18347"}],"wp:attachment":[{"href":"https:\/\/www.gamapa.de\/en\/wp-json\/wp\/v2\/media?parent=4999"}],"curies":[{"name":"wp","href":"https:\/\/api.w.org\/{rel}","templated":true}]}}