

{"id":5003,"date":"2020-03-11T10:23:19","date_gmt":"2020-03-11T09:23:19","guid":{"rendered":"https:\/\/www.gamapa.de\/stiftungen-und-gemeinnuetzige-organisation\/"},"modified":"2020-12-05T17:10:07","modified_gmt":"2020-12-05T16:10:07","slug":"fondations-et-organisations-dutilite-publique","status":"publish","type":"page","link":"https:\/\/www.gamapa.de\/en\/fondations-et-organisations-dutilite-publique\/","title":{"rendered":"Fondations et organisations d\u2019utilit\u00e9 publique"},"content":{"rendered":"\n<p>En tant que consultants exp\u00e9riment\u00e9s dans le domaine du droit des fondations, nous accompagnons nos clients dans l\u2019accomplissement des formalit\u00e9s li\u00e9es \u00e0 la cr\u00e9ation d\u2019une fondation ainsi que pour les questions juridiques et fiscales, comme par exemple le maintien du statut d\u2019int\u00e9r\u00eat g\u00e9n\u00e9ral, la gestion d\u2019un fonds fiduciaire, la gestion d\u2019une fondation publique ou le soutien volontaire \u00e0 une fondation.<\/p>\n\n\n\n<p>L\u2019activit\u00e9 des fondations concerne des domaines vari\u00e9s, souvent celui des arts visuels.<\/p>\n\n\n\n<p>Les fondations familiales peuvent \u00e9galement permettre aux entrepreneurs de r\u00e9gler fiscalement la question de la succession de mani\u00e8re optimale.<\/p>\n\n\n\n<p>Dans des certains cas, en raison de l&#8217;importance de la fondation concern\u00e9e (p.ex. \u00ab&nbsp;Schloss und Park Benrath&nbsp;\u00bb \u00e0 D\u00fcsseldorf), nous proc\u00e9dons \u00e9galement chaque ann\u00e9e \u00e0 l\u2019audit des comptes annuels.<\/p>\n\n\n\n<p>Plusieurs fondations que nous avons aid\u00e9 \u00e0 cr\u00e9er continuent \u00e0 faire appel aux services de notre cabinet, qui couvre \u00e9galement le suivi des op\u00e9rations de gestion.<\/p>\n","protected":false},"excerpt":{"rendered":"<p>En tant que consultants exp\u00e9riment\u00e9s dans le domaine du droit des fondations, nous accompagnons nos clients dans l\u2019accomplissement des formalit\u00e9s li\u00e9es \u00e0 la cr\u00e9ation d\u2019une fondation ainsi que pour les questions juridiques et fiscales, comme par exemple le maintien du statut d\u2019int\u00e9r\u00eat g\u00e9n\u00e9ral, la gestion d\u2019un fonds fiduciaire, la gestion d\u2019une fondation publique ou le <a href=\"https:\/\/www.gamapa.de\/en\/fondations-et-organisations-dutilite-publique\/\">[\u2026]<\/a><\/p>\n","protected":false},"author":1,"featured_media":3414,"parent":0,"menu_order":4,"comment_status":"closed","ping_status":"closed","template":"","meta":{"_acf_changed":false,"_uag_custom_page_level_css":"","footnotes":""},"class_list":["post-5003","page","type-page","status-publish","has-post-thumbnail","hentry"],"acf":[],"yoast_head":"<!-- This site is optimized with the Yoast SEO plugin v27.3 - https:\/\/yoast.com\/product\/yoast-seo-wordpress\/ -->\n<title>Fondations et organisations d\u2019utilit\u00e9 publique - GANTEF\u00dcHRER<\/title>\n<meta name=\"robots\" content=\"index, follow, max-snippet:-1, max-image-preview:large, max-video-preview:-1\" \/>\n<link rel=\"canonical\" href=\"https:\/\/www.gamapa.de\/en\/fondations-et-organisations-dutilite-publique\/\" \/>\n<meta property=\"og:locale\" content=\"en_US\" \/>\n<meta property=\"og:type\" content=\"article\" \/>\n<meta property=\"og:title\" content=\"Fondations et organisations d\u2019utilit\u00e9 publique - GANTEF\u00dcHRER\" \/>\n<meta property=\"og:description\" content=\"En tant que consultants exp\u00e9riment\u00e9s dans le domaine du droit des fondations, nous accompagnons nos clients dans l\u2019accomplissement des formalit\u00e9s li\u00e9es \u00e0 la cr\u00e9ation d\u2019une fondation ainsi que pour les questions juridiques et fiscales, comme par exemple le maintien du statut d\u2019int\u00e9r\u00eat g\u00e9n\u00e9ral, la gestion d\u2019un fonds fiduciaire, la gestion d\u2019une fondation publique ou le [\u2026]\" \/>\n<meta property=\"og:url\" content=\"https:\/\/www.gamapa.de\/en\/fondations-et-organisations-dutilite-publique\/\" \/>\n<meta property=\"og:site_name\" content=\"GANTEF\u00dcHRER\" \/>\n<meta property=\"article:modified_time\" content=\"2020-12-05T16:10:07+00:00\" \/>\n<meta property=\"og:image\" content=\"https:\/\/www.gamapa.de\/wp-content\/uploads\/2020\/03\/Header-var62-scaled.jpg\" \/>\n\t<meta property=\"og:image:width\" content=\"2560\" \/>\n\t<meta property=\"og:image:height\" content=\"764\" \/>\n\t<meta property=\"og:image:type\" content=\"image\/jpeg\" \/>\n<meta name=\"twitter:card\" content=\"summary_large_image\" \/>\n<meta name=\"twitter:label1\" content=\"Est. reading time\" \/>\n\t<meta name=\"twitter:data1\" content=\"1 minute\" \/>\n<script type=\"application\/ld+json\" class=\"yoast-schema-graph\">{\"@context\":\"https:\\\/\\\/schema.org\",\"@graph\":[{\"@type\":\"WebPage\",\"@id\":\"https:\\\/\\\/www.gamapa.de\\\/en\\\/fondations-et-organisations-dutilite-publique\\\/\",\"url\":\"https:\\\/\\\/www.gamapa.de\\\/en\\\/fondations-et-organisations-dutilite-publique\\\/\",\"name\":\"Fondations et organisations d\u2019utilit\u00e9 publique - GANTEF\u00dcHRER\",\"isPartOf\":{\"@id\":\"https:\\\/\\\/www.gamapa.de\\\/en\\\/#website\"},\"primaryImageOfPage\":{\"@id\":\"https:\\\/\\\/www.gamapa.de\\\/en\\\/fondations-et-organisations-dutilite-publique\\\/#primaryimage\"},\"image\":{\"@id\":\"https:\\\/\\\/www.gamapa.de\\\/en\\\/fondations-et-organisations-dutilite-publique\\\/#primaryimage\"},\"thumbnailUrl\":\"https:\\\/\\\/www.gamapa.de\\\/wp-content\\\/uploads\\\/2020\\\/03\\\/Header-var62-scaled.jpg\",\"datePublished\":\"2020-03-11T09:23:19+00:00\",\"dateModified\":\"2020-12-05T16:10:07+00:00\",\"breadcrumb\":{\"@id\":\"https:\\\/\\\/www.gamapa.de\\\/en\\\/fondations-et-organisations-dutilite-publique\\\/#breadcrumb\"},\"inLanguage\":\"en-US\",\"potentialAction\":[{\"@type\":\"ReadAction\",\"target\":[\"https:\\\/\\\/www.gamapa.de\\\/en\\\/fondations-et-organisations-dutilite-publique\\\/\"]}]},{\"@type\":\"ImageObject\",\"inLanguage\":\"en-US\",\"@id\":\"https:\\\/\\\/www.gamapa.de\\\/en\\\/fondations-et-organisations-dutilite-publique\\\/#primaryimage\",\"url\":\"https:\\\/\\\/www.gamapa.de\\\/wp-content\\\/uploads\\\/2020\\\/03\\\/Header-var62-scaled.jpg\",\"contentUrl\":\"https:\\\/\\\/www.gamapa.de\\\/wp-content\\\/uploads\\\/2020\\\/03\\\/Header-var62-scaled.jpg\",\"width\":2560,\"height\":764},{\"@type\":\"BreadcrumbList\",\"@id\":\"https:\\\/\\\/www.gamapa.de\\\/en\\\/fondations-et-organisations-dutilite-publique\\\/#breadcrumb\",\"itemListElement\":[{\"@type\":\"ListItem\",\"position\":1,\"name\":\"Startseite\",\"item\":\"https:\\\/\\\/www.gamapa.de\\\/en\\\/\"},{\"@type\":\"ListItem\",\"position\":2,\"name\":\"Fondations et organisations d\u2019utilit\u00e9 publique\"}]},{\"@type\":\"WebSite\",\"@id\":\"https:\\\/\\\/www.gamapa.de\\\/en\\\/#website\",\"url\":\"https:\\\/\\\/www.gamapa.de\\\/en\\\/\",\"name\":\"GANTEF\u00dcHRER\",\"description\":\"Wirtschaftspr\u00fcfer, Steuerberater, Rechtsanw\u00e4lte\",\"publisher\":{\"@id\":\"https:\\\/\\\/www.gamapa.de\\\/en\\\/#organization\"},\"potentialAction\":[{\"@type\":\"SearchAction\",\"target\":{\"@type\":\"EntryPoint\",\"urlTemplate\":\"https:\\\/\\\/www.gamapa.de\\\/en\\\/?s={search_term_string}\"},\"query-input\":{\"@type\":\"PropertyValueSpecification\",\"valueRequired\":true,\"valueName\":\"search_term_string\"}}],\"inLanguage\":\"en-US\"},{\"@type\":\"Organization\",\"@id\":\"https:\\\/\\\/www.gamapa.de\\\/en\\\/#organization\",\"name\":\"Gantef\u00fchrer Wirtschaftspr\u00fcfer, Steuerberater, Rechtsanw\u00e4lte\",\"url\":\"https:\\\/\\\/www.gamapa.de\\\/en\\\/\",\"logo\":{\"@type\":\"ImageObject\",\"inLanguage\":\"en-US\",\"@id\":\"https:\\\/\\\/www.gamapa.de\\\/en\\\/#\\\/schema\\\/logo\\\/image\\\/\",\"url\":\"https:\\\/\\\/www.gamapa.de\\\/wp-content\\\/uploads\\\/2026\\\/01\\\/Logo-Gantefuehrer.png\",\"contentUrl\":\"https:\\\/\\\/www.gamapa.de\\\/wp-content\\\/uploads\\\/2026\\\/01\\\/Logo-Gantefuehrer.png\",\"width\":767,\"height\":156,\"caption\":\"Gantef\u00fchrer Wirtschaftspr\u00fcfer, Steuerberater, Rechtsanw\u00e4lte\"},\"image\":{\"@id\":\"https:\\\/\\\/www.gamapa.de\\\/en\\\/#\\\/schema\\\/logo\\\/image\\\/\"}}]}<\/script>\n<!-- \/ Yoast SEO plugin. -->","yoast_head_json":{"title":"Fondations et organisations d\u2019utilit\u00e9 publique - GANTEF\u00dcHRER","robots":{"index":"index","follow":"follow","max-snippet":"max-snippet:-1","max-image-preview":"max-image-preview:large","max-video-preview":"max-video-preview:-1"},"canonical":"https:\/\/www.gamapa.de\/en\/fondations-et-organisations-dutilite-publique\/","og_locale":"en_US","og_type":"article","og_title":"Fondations et organisations d\u2019utilit\u00e9 publique - GANTEF\u00dcHRER","og_description":"En tant que consultants exp\u00e9riment\u00e9s dans le domaine du droit des fondations, nous accompagnons nos clients dans l\u2019accomplissement des formalit\u00e9s li\u00e9es \u00e0 la cr\u00e9ation d\u2019une fondation ainsi que pour les questions juridiques et fiscales, comme par exemple le maintien du statut d\u2019int\u00e9r\u00eat g\u00e9n\u00e9ral, la gestion d\u2019un fonds fiduciaire, la gestion d\u2019une fondation publique ou le [\u2026]","og_url":"https:\/\/www.gamapa.de\/en\/fondations-et-organisations-dutilite-publique\/","og_site_name":"GANTEF\u00dcHRER","article_modified_time":"2020-12-05T16:10:07+00:00","og_image":[{"width":2560,"height":764,"url":"https:\/\/www.gamapa.de\/wp-content\/uploads\/2020\/03\/Header-var62-scaled.jpg","type":"image\/jpeg"}],"twitter_card":"summary_large_image","twitter_misc":{"Est. reading time":"1 minute"},"schema":{"@context":"https:\/\/schema.org","@graph":[{"@type":"WebPage","@id":"https:\/\/www.gamapa.de\/en\/fondations-et-organisations-dutilite-publique\/","url":"https:\/\/www.gamapa.de\/en\/fondations-et-organisations-dutilite-publique\/","name":"Fondations et organisations d\u2019utilit\u00e9 publique - GANTEF\u00dcHRER","isPartOf":{"@id":"https:\/\/www.gamapa.de\/en\/#website"},"primaryImageOfPage":{"@id":"https:\/\/www.gamapa.de\/en\/fondations-et-organisations-dutilite-publique\/#primaryimage"},"image":{"@id":"https:\/\/www.gamapa.de\/en\/fondations-et-organisations-dutilite-publique\/#primaryimage"},"thumbnailUrl":"https:\/\/www.gamapa.de\/wp-content\/uploads\/2020\/03\/Header-var62-scaled.jpg","datePublished":"2020-03-11T09:23:19+00:00","dateModified":"2020-12-05T16:10:07+00:00","breadcrumb":{"@id":"https:\/\/www.gamapa.de\/en\/fondations-et-organisations-dutilite-publique\/#breadcrumb"},"inLanguage":"en-US","potentialAction":[{"@type":"ReadAction","target":["https:\/\/www.gamapa.de\/en\/fondations-et-organisations-dutilite-publique\/"]}]},{"@type":"ImageObject","inLanguage":"en-US","@id":"https:\/\/www.gamapa.de\/en\/fondations-et-organisations-dutilite-publique\/#primaryimage","url":"https:\/\/www.gamapa.de\/wp-content\/uploads\/2020\/03\/Header-var62-scaled.jpg","contentUrl":"https:\/\/www.gamapa.de\/wp-content\/uploads\/2020\/03\/Header-var62-scaled.jpg","width":2560,"height":764},{"@type":"BreadcrumbList","@id":"https:\/\/www.gamapa.de\/en\/fondations-et-organisations-dutilite-publique\/#breadcrumb","itemListElement":[{"@type":"ListItem","position":1,"name":"Startseite","item":"https:\/\/www.gamapa.de\/en\/"},{"@type":"ListItem","position":2,"name":"Fondations et organisations d\u2019utilit\u00e9 publique"}]},{"@type":"WebSite","@id":"https:\/\/www.gamapa.de\/en\/#website","url":"https:\/\/www.gamapa.de\/en\/","name":"GANTEF\u00dcHRER","description":"Wirtschaftspr\u00fcfer, Steuerberater, Rechtsanw\u00e4lte","publisher":{"@id":"https:\/\/www.gamapa.de\/en\/#organization"},"potentialAction":[{"@type":"SearchAction","target":{"@type":"EntryPoint","urlTemplate":"https:\/\/www.gamapa.de\/en\/?s={search_term_string}"},"query-input":{"@type":"PropertyValueSpecification","valueRequired":true,"valueName":"search_term_string"}}],"inLanguage":"en-US"},{"@type":"Organization","@id":"https:\/\/www.gamapa.de\/en\/#organization","name":"Gantef\u00fchrer Wirtschaftspr\u00fcfer, Steuerberater, Rechtsanw\u00e4lte","url":"https:\/\/www.gamapa.de\/en\/","logo":{"@type":"ImageObject","inLanguage":"en-US","@id":"https:\/\/www.gamapa.de\/en\/#\/schema\/logo\/image\/","url":"https:\/\/www.gamapa.de\/wp-content\/uploads\/2026\/01\/Logo-Gantefuehrer.png","contentUrl":"https:\/\/www.gamapa.de\/wp-content\/uploads\/2026\/01\/Logo-Gantefuehrer.png","width":767,"height":156,"caption":"Gantef\u00fchrer Wirtschaftspr\u00fcfer, Steuerberater, Rechtsanw\u00e4lte"},"image":{"@id":"https:\/\/www.gamapa.de\/en\/#\/schema\/logo\/image\/"}}]}},"uagb_featured_image_src":{"full":["https:\/\/www.gamapa.de\/wp-content\/uploads\/2020\/03\/Header-var62-scaled.jpg",2560,764,false],"thumbnail":["https:\/\/www.gamapa.de\/wp-content\/uploads\/2020\/03\/Header-var62-150x150.jpg",150,150,true],"medium":["https:\/\/www.gamapa.de\/wp-content\/uploads\/2020\/03\/Header-var62-600x179.jpg",600,179,true],"medium_large":["https:\/\/www.gamapa.de\/wp-content\/uploads\/2020\/03\/Header-var62-768x229.jpg",580,173,true],"large":["https:\/\/www.gamapa.de\/wp-content\/uploads\/2020\/03\/Header-var62-scaled.jpg",580,173,false],"gs-tiny":["https:\/\/www.gamapa.de\/wp-content\/uploads\/2020\/03\/Header-var62-scaled.jpg",50,15,false],"xl":["https:\/\/www.gamapa.de\/wp-content\/uploads\/2020\/03\/Header-var62-scaled.jpg",1600,478,false],"xxl":["https:\/\/www.gamapa.de\/wp-content\/uploads\/2020\/03\/Header-var62-scaled.jpg",2200,657,false],"xxxl":["https:\/\/www.gamapa.de\/wp-content\/uploads\/2020\/03\/Header-var62-scaled.jpg",2560,764,false],"xxxxl":["https:\/\/www.gamapa.de\/wp-content\/uploads\/2020\/03\/Header-var62-scaled.jpg",2560,764,false],"xxxxxl":["https:\/\/www.gamapa.de\/wp-content\/uploads\/2020\/03\/Header-var62-scaled.jpg",2560,764,false],"1536x1536":["https:\/\/www.gamapa.de\/wp-content\/uploads\/2020\/03\/Header-var62-1536x458.jpg",1536,458,true],"2048x2048":["https:\/\/www.gamapa.de\/wp-content\/uploads\/2020\/03\/Header-var62-2048x611.jpg",2048,611,true],"post-thumbnail":["https:\/\/www.gamapa.de\/wp-content\/uploads\/2020\/03\/Header-var62-scaled.jpg",2560,764,false],"twentytwenty-fullscreen":["https:\/\/www.gamapa.de\/wp-content\/uploads\/2020\/03\/Header-var62-scaled.jpg",2560,764,false],"theme-slug-single-post":["https:\/\/www.gamapa.de\/wp-content\/uploads\/2020\/03\/Header-var62-1600x400.jpg",1600,400,true]},"uagb_author_info":{"display_name":"linda","author_link":"https:\/\/www.gamapa.de\/en\/author\/linda\/"},"uagb_comment_info":0,"uagb_excerpt":"En tant que consultants exp\u00e9riment\u00e9s dans le domaine du droit des fondations, nous accompagnons nos clients dans l\u2019accomplissement des formalit\u00e9s li\u00e9es \u00e0 la cr\u00e9ation d\u2019une fondation ainsi que pour les questions juridiques et fiscales, comme par exemple le maintien du statut d\u2019int\u00e9r\u00eat g\u00e9n\u00e9ral, la gestion d\u2019un fonds fiduciaire, la gestion d\u2019une fondation publique ou le&hellip;","_links":{"self":[{"href":"https:\/\/www.gamapa.de\/en\/wp-json\/wp\/v2\/pages\/5003","targetHints":{"allow":["GET"]}}],"collection":[{"href":"https:\/\/www.gamapa.de\/en\/wp-json\/wp\/v2\/pages"}],"about":[{"href":"https:\/\/www.gamapa.de\/en\/wp-json\/wp\/v2\/types\/page"}],"author":[{"embeddable":true,"href":"https:\/\/www.gamapa.de\/en\/wp-json\/wp\/v2\/users\/1"}],"replies":[{"embeddable":true,"href":"https:\/\/www.gamapa.de\/en\/wp-json\/wp\/v2\/comments?post=5003"}],"version-history":[{"count":1,"href":"https:\/\/www.gamapa.de\/en\/wp-json\/wp\/v2\/pages\/5003\/revisions"}],"predecessor-version":[{"id":5007,"href":"https:\/\/www.gamapa.de\/en\/wp-json\/wp\/v2\/pages\/5003\/revisions\/5007"}],"wp:featuredmedia":[{"embeddable":true,"href":"https:\/\/www.gamapa.de\/en\/wp-json\/wp\/v2\/media\/3414"}],"wp:attachment":[{"href":"https:\/\/www.gamapa.de\/en\/wp-json\/wp\/v2\/media?parent=5003"}],"curies":[{"name":"wp","href":"https:\/\/api.w.org\/{rel}","templated":true}]}}