

{"id":5637,"date":"2020-03-04T15:55:33","date_gmt":"2020-03-04T14:55:33","guid":{"rendered":"https:\/\/www.gamapa.de\/netzwerk\/"},"modified":"2025-08-07T13:19:55","modified_gmt":"2025-08-07T11:19:55","slug":"network","status":"publish","type":"page","link":"https:\/\/www.gamapa.de\/en\/network\/","title":{"rendered":"Network"},"content":{"rendered":"\n<h2 class=\"wp-block-heading\">Sharing knowledge, pooling skills<\/h2>\n\n\n\n<p>We are part of the <a href=\"https:\/\/www.hlb-deutschland.de\/\">HLB network<\/a>, an association of 24 medium-sized auditing and tax consulting companies. This makes HLB Germany one of the top 3 professional networks operating in Germany and part of the global network HLB International.<\/p>\n\n\n\n<h2 class=\"wp-block-heading\">Helping Local Business Internationally<\/h2>\n\n\n\n<p>The global <a href=\"https:\/\/www.hlb.global\/\">HLB network<\/a> was founded in 1969. Currently, it comprises more than 1100 offices with more than 51,000 employees in over 155 countries around the world.<\/p>\n\n\n<p><img decoding=\"async\" src=\"https:\/\/www.gamapa.de\/wp-content\/uploads\/2020\/06\/Tax-network-1.jpg\" style=\"margin-left:-5px;margin-top:30px\" width=\"300\"><\/p>","protected":false},"excerpt":{"rendered":"<p>Sharing knowledge, pooling skills We are part of the HLB network, an association of 24 medium-sized auditing and tax consulting companies. This makes HLB Germany one of the top 3 professional networks operating in Germany and part of the global network HLB International. Helping Local Business Internationally The global HLB network was founded in 1969. <a href=\"https:\/\/www.gamapa.de\/en\/network\/\">[\u2026]<\/a><\/p>\n","protected":false},"author":1,"featured_media":3864,"parent":0,"menu_order":3,"comment_status":"closed","ping_status":"closed","template":"","meta":{"_acf_changed":false,"_uag_custom_page_level_css":"","footnotes":""},"class_list":["post-5637","page","type-page","status-publish","has-post-thumbnail","hentry"],"acf":[],"yoast_head":"<!-- This site is optimized with the Yoast SEO plugin v27.3 - https:\/\/yoast.com\/product\/yoast-seo-wordpress\/ -->\n<title>Network | Dr. Gantef\u00fchrer, Marquardt &amp; Partner mbB<\/title>\n<meta name=\"description\" content=\"We are part of HLB \u2013 a leading network of 24 audit &amp; tax firms in Germany and member of the global HLB International network\" \/>\n<meta name=\"robots\" content=\"index, follow, max-snippet:-1, max-image-preview:large, max-video-preview:-1\" \/>\n<link rel=\"canonical\" href=\"https:\/\/www.gamapa.de\/en\/network\/\" \/>\n<meta property=\"og:locale\" content=\"en_US\" \/>\n<meta property=\"og:type\" content=\"article\" \/>\n<meta property=\"og:title\" content=\"Network | Dr. Gantef\u00fchrer, Marquardt &amp; Partner mbB\" \/>\n<meta property=\"og:description\" content=\"We are part of HLB \u2013 a leading network of 24 audit &amp; tax firms in Germany and member of the global HLB International network\" \/>\n<meta property=\"og:url\" content=\"https:\/\/www.gamapa.de\/en\/network\/\" \/>\n<meta property=\"og:site_name\" content=\"GANTEF\u00dcHRER\" \/>\n<meta property=\"article:modified_time\" content=\"2025-08-07T11:19:55+00:00\" \/>\n<meta property=\"og:image\" content=\"https:\/\/www.gamapa.de\/wp-content\/uploads\/2020\/07\/Header-var53-scaled.jpg\" \/>\n\t<meta property=\"og:image:width\" content=\"2560\" \/>\n\t<meta property=\"og:image:height\" content=\"764\" \/>\n\t<meta property=\"og:image:type\" content=\"image\/jpeg\" \/>\n<meta name=\"twitter:card\" content=\"summary_large_image\" \/>\n<meta name=\"twitter:label1\" content=\"Est. reading time\" \/>\n\t<meta name=\"twitter:data1\" content=\"1 minute\" \/>\n<script type=\"application\/ld+json\" class=\"yoast-schema-graph\">{\"@context\":\"https:\\\/\\\/schema.org\",\"@graph\":[{\"@type\":\"WebPage\",\"@id\":\"https:\\\/\\\/www.gamapa.de\\\/en\\\/network\\\/\",\"url\":\"https:\\\/\\\/www.gamapa.de\\\/en\\\/network\\\/\",\"name\":\"Network | Dr. Gantef\u00fchrer, Marquardt & Partner mbB\",\"isPartOf\":{\"@id\":\"https:\\\/\\\/www.gamapa.de\\\/en\\\/#website\"},\"primaryImageOfPage\":{\"@id\":\"https:\\\/\\\/www.gamapa.de\\\/en\\\/network\\\/#primaryimage\"},\"image\":{\"@id\":\"https:\\\/\\\/www.gamapa.de\\\/en\\\/network\\\/#primaryimage\"},\"thumbnailUrl\":\"https:\\\/\\\/www.gamapa.de\\\/wp-content\\\/uploads\\\/2020\\\/07\\\/Header-var53-scaled.jpg\",\"datePublished\":\"2020-03-04T14:55:33+00:00\",\"dateModified\":\"2025-08-07T11:19:55+00:00\",\"description\":\"We are part of HLB \u2013 a leading network of 24 audit & tax firms in Germany and member of the global HLB International network\",\"breadcrumb\":{\"@id\":\"https:\\\/\\\/www.gamapa.de\\\/en\\\/network\\\/#breadcrumb\"},\"inLanguage\":\"en-US\",\"potentialAction\":[{\"@type\":\"ReadAction\",\"target\":[\"https:\\\/\\\/www.gamapa.de\\\/en\\\/network\\\/\"]}]},{\"@type\":\"ImageObject\",\"inLanguage\":\"en-US\",\"@id\":\"https:\\\/\\\/www.gamapa.de\\\/en\\\/network\\\/#primaryimage\",\"url\":\"https:\\\/\\\/www.gamapa.de\\\/wp-content\\\/uploads\\\/2020\\\/07\\\/Header-var53-scaled.jpg\",\"contentUrl\":\"https:\\\/\\\/www.gamapa.de\\\/wp-content\\\/uploads\\\/2020\\\/07\\\/Header-var53-scaled.jpg\",\"width\":2560,\"height\":764,\"caption\":\"Ansicht vin An\"},{\"@type\":\"BreadcrumbList\",\"@id\":\"https:\\\/\\\/www.gamapa.de\\\/en\\\/network\\\/#breadcrumb\",\"itemListElement\":[{\"@type\":\"ListItem\",\"position\":1,\"name\":\"Startseite\",\"item\":\"https:\\\/\\\/www.gamapa.de\\\/en\\\/\"},{\"@type\":\"ListItem\",\"position\":2,\"name\":\"Network\"}]},{\"@type\":\"WebSite\",\"@id\":\"https:\\\/\\\/www.gamapa.de\\\/en\\\/#website\",\"url\":\"https:\\\/\\\/www.gamapa.de\\\/en\\\/\",\"name\":\"GANTEF\u00dcHRER\",\"description\":\"Wirtschaftspr\u00fcfer, Steuerberater, Rechtsanw\u00e4lte\",\"publisher\":{\"@id\":\"https:\\\/\\\/www.gamapa.de\\\/en\\\/#organization\"},\"potentialAction\":[{\"@type\":\"SearchAction\",\"target\":{\"@type\":\"EntryPoint\",\"urlTemplate\":\"https:\\\/\\\/www.gamapa.de\\\/en\\\/?s={search_term_string}\"},\"query-input\":{\"@type\":\"PropertyValueSpecification\",\"valueRequired\":true,\"valueName\":\"search_term_string\"}}],\"inLanguage\":\"en-US\"},{\"@type\":\"Organization\",\"@id\":\"https:\\\/\\\/www.gamapa.de\\\/en\\\/#organization\",\"name\":\"Gantef\u00fchrer Wirtschaftspr\u00fcfer, Steuerberater, Rechtsanw\u00e4lte\",\"url\":\"https:\\\/\\\/www.gamapa.de\\\/en\\\/\",\"logo\":{\"@type\":\"ImageObject\",\"inLanguage\":\"en-US\",\"@id\":\"https:\\\/\\\/www.gamapa.de\\\/en\\\/#\\\/schema\\\/logo\\\/image\\\/\",\"url\":\"https:\\\/\\\/www.gamapa.de\\\/wp-content\\\/uploads\\\/2026\\\/01\\\/Logo-Gantefuehrer.png\",\"contentUrl\":\"https:\\\/\\\/www.gamapa.de\\\/wp-content\\\/uploads\\\/2026\\\/01\\\/Logo-Gantefuehrer.png\",\"width\":767,\"height\":156,\"caption\":\"Gantef\u00fchrer Wirtschaftspr\u00fcfer, Steuerberater, Rechtsanw\u00e4lte\"},\"image\":{\"@id\":\"https:\\\/\\\/www.gamapa.de\\\/en\\\/#\\\/schema\\\/logo\\\/image\\\/\"}}]}<\/script>\n<!-- \/ Yoast SEO plugin. -->","yoast_head_json":{"title":"Network | Dr. Gantef\u00fchrer, Marquardt & Partner mbB","description":"We are part of HLB \u2013 a leading network of 24 audit & tax firms in Germany and member of the global HLB International network","robots":{"index":"index","follow":"follow","max-snippet":"max-snippet:-1","max-image-preview":"max-image-preview:large","max-video-preview":"max-video-preview:-1"},"canonical":"https:\/\/www.gamapa.de\/en\/network\/","og_locale":"en_US","og_type":"article","og_title":"Network | Dr. Gantef\u00fchrer, Marquardt & Partner mbB","og_description":"We are part of HLB \u2013 a leading network of 24 audit & tax firms in Germany and member of the global HLB International network","og_url":"https:\/\/www.gamapa.de\/en\/network\/","og_site_name":"GANTEF\u00dcHRER","article_modified_time":"2025-08-07T11:19:55+00:00","og_image":[{"width":2560,"height":764,"url":"https:\/\/www.gamapa.de\/wp-content\/uploads\/2020\/07\/Header-var53-scaled.jpg","type":"image\/jpeg"}],"twitter_card":"summary_large_image","twitter_misc":{"Est. reading time":"1 minute"},"schema":{"@context":"https:\/\/schema.org","@graph":[{"@type":"WebPage","@id":"https:\/\/www.gamapa.de\/en\/network\/","url":"https:\/\/www.gamapa.de\/en\/network\/","name":"Network | Dr. Gantef\u00fchrer, Marquardt & Partner mbB","isPartOf":{"@id":"https:\/\/www.gamapa.de\/en\/#website"},"primaryImageOfPage":{"@id":"https:\/\/www.gamapa.de\/en\/network\/#primaryimage"},"image":{"@id":"https:\/\/www.gamapa.de\/en\/network\/#primaryimage"},"thumbnailUrl":"https:\/\/www.gamapa.de\/wp-content\/uploads\/2020\/07\/Header-var53-scaled.jpg","datePublished":"2020-03-04T14:55:33+00:00","dateModified":"2025-08-07T11:19:55+00:00","description":"We are part of HLB \u2013 a leading network of 24 audit & tax firms in Germany and member of the global HLB International network","breadcrumb":{"@id":"https:\/\/www.gamapa.de\/en\/network\/#breadcrumb"},"inLanguage":"en-US","potentialAction":[{"@type":"ReadAction","target":["https:\/\/www.gamapa.de\/en\/network\/"]}]},{"@type":"ImageObject","inLanguage":"en-US","@id":"https:\/\/www.gamapa.de\/en\/network\/#primaryimage","url":"https:\/\/www.gamapa.de\/wp-content\/uploads\/2020\/07\/Header-var53-scaled.jpg","contentUrl":"https:\/\/www.gamapa.de\/wp-content\/uploads\/2020\/07\/Header-var53-scaled.jpg","width":2560,"height":764,"caption":"Ansicht vin An"},{"@type":"BreadcrumbList","@id":"https:\/\/www.gamapa.de\/en\/network\/#breadcrumb","itemListElement":[{"@type":"ListItem","position":1,"name":"Startseite","item":"https:\/\/www.gamapa.de\/en\/"},{"@type":"ListItem","position":2,"name":"Network"}]},{"@type":"WebSite","@id":"https:\/\/www.gamapa.de\/en\/#website","url":"https:\/\/www.gamapa.de\/en\/","name":"GANTEF\u00dcHRER","description":"Wirtschaftspr\u00fcfer, Steuerberater, Rechtsanw\u00e4lte","publisher":{"@id":"https:\/\/www.gamapa.de\/en\/#organization"},"potentialAction":[{"@type":"SearchAction","target":{"@type":"EntryPoint","urlTemplate":"https:\/\/www.gamapa.de\/en\/?s={search_term_string}"},"query-input":{"@type":"PropertyValueSpecification","valueRequired":true,"valueName":"search_term_string"}}],"inLanguage":"en-US"},{"@type":"Organization","@id":"https:\/\/www.gamapa.de\/en\/#organization","name":"Gantef\u00fchrer Wirtschaftspr\u00fcfer, Steuerberater, Rechtsanw\u00e4lte","url":"https:\/\/www.gamapa.de\/en\/","logo":{"@type":"ImageObject","inLanguage":"en-US","@id":"https:\/\/www.gamapa.de\/en\/#\/schema\/logo\/image\/","url":"https:\/\/www.gamapa.de\/wp-content\/uploads\/2026\/01\/Logo-Gantefuehrer.png","contentUrl":"https:\/\/www.gamapa.de\/wp-content\/uploads\/2026\/01\/Logo-Gantefuehrer.png","width":767,"height":156,"caption":"Gantef\u00fchrer Wirtschaftspr\u00fcfer, Steuerberater, Rechtsanw\u00e4lte"},"image":{"@id":"https:\/\/www.gamapa.de\/en\/#\/schema\/logo\/image\/"}}]}},"uagb_featured_image_src":{"full":["https:\/\/www.gamapa.de\/wp-content\/uploads\/2020\/07\/Header-var53-scaled.jpg",2560,764,false],"thumbnail":["https:\/\/www.gamapa.de\/wp-content\/uploads\/2020\/07\/Header-var53-150x150.jpg",150,150,true],"medium":["https:\/\/www.gamapa.de\/wp-content\/uploads\/2020\/07\/Header-var53-600x179.jpg",600,179,true],"medium_large":["https:\/\/www.gamapa.de\/wp-content\/uploads\/2020\/07\/Header-var53-768x229.jpg",580,173,true],"large":["https:\/\/www.gamapa.de\/wp-content\/uploads\/2020\/07\/Header-var53-scaled.jpg",580,173,false],"gs-tiny":["https:\/\/www.gamapa.de\/wp-content\/uploads\/2020\/07\/Header-var53-scaled.jpg",50,15,false],"xl":["https:\/\/www.gamapa.de\/wp-content\/uploads\/2020\/07\/Header-var53-scaled.jpg",1600,478,false],"xxl":["https:\/\/www.gamapa.de\/wp-content\/uploads\/2020\/07\/Header-var53-scaled.jpg",2200,657,false],"xxxl":["https:\/\/www.gamapa.de\/wp-content\/uploads\/2020\/07\/Header-var53-scaled.jpg",2560,764,false],"xxxxl":["https:\/\/www.gamapa.de\/wp-content\/uploads\/2020\/07\/Header-var53-scaled.jpg",2560,764,false],"xxxxxl":["https:\/\/www.gamapa.de\/wp-content\/uploads\/2020\/07\/Header-var53-scaled.jpg",2560,764,false],"1536x1536":["https:\/\/www.gamapa.de\/wp-content\/uploads\/2020\/07\/Header-var53-1536x458.jpg",1536,458,true],"2048x2048":["https:\/\/www.gamapa.de\/wp-content\/uploads\/2020\/07\/Header-var53-2048x611.jpg",2048,611,true],"post-thumbnail":["https:\/\/www.gamapa.de\/wp-content\/uploads\/2020\/07\/Header-var53-scaled.jpg",2560,764,false],"twentytwenty-fullscreen":["https:\/\/www.gamapa.de\/wp-content\/uploads\/2020\/07\/Header-var53-scaled.jpg",2560,764,false],"theme-slug-single-post":["https:\/\/www.gamapa.de\/wp-content\/uploads\/2020\/07\/Header-var53-1600x400.jpg",1600,400,true]},"uagb_author_info":{"display_name":"linda","author_link":"https:\/\/www.gamapa.de\/en\/author\/linda\/"},"uagb_comment_info":0,"uagb_excerpt":"Sharing knowledge, pooling skills We are part of the HLB network, an association of 24 medium-sized auditing and tax consulting companies. This makes HLB Germany one of the top 3 professional networks operating in Germany and part of the global network HLB International. Helping Local Business Internationally The global HLB network was founded in 1969.&hellip;","_links":{"self":[{"href":"https:\/\/www.gamapa.de\/en\/wp-json\/wp\/v2\/pages\/5637","targetHints":{"allow":["GET"]}}],"collection":[{"href":"https:\/\/www.gamapa.de\/en\/wp-json\/wp\/v2\/pages"}],"about":[{"href":"https:\/\/www.gamapa.de\/en\/wp-json\/wp\/v2\/types\/page"}],"author":[{"embeddable":true,"href":"https:\/\/www.gamapa.de\/en\/wp-json\/wp\/v2\/users\/1"}],"replies":[{"embeddable":true,"href":"https:\/\/www.gamapa.de\/en\/wp-json\/wp\/v2\/comments?post=5637"}],"version-history":[{"count":3,"href":"https:\/\/www.gamapa.de\/en\/wp-json\/wp\/v2\/pages\/5637\/revisions"}],"predecessor-version":[{"id":21715,"href":"https:\/\/www.gamapa.de\/en\/wp-json\/wp\/v2\/pages\/5637\/revisions\/21715"}],"wp:featuredmedia":[{"embeddable":true,"href":"https:\/\/www.gamapa.de\/en\/wp-json\/wp\/v2\/media\/3864"}],"wp:attachment":[{"href":"https:\/\/www.gamapa.de\/en\/wp-json\/wp\/v2\/media?parent=5637"}],"curies":[{"name":"wp","href":"https:\/\/api.w.org\/{rel}","templated":true}]}}