

{"id":5705,"date":"2020-03-11T10:16:14","date_gmt":"2020-03-11T09:16:14","guid":{"rendered":"https:\/\/www.gamapa.de\/steuerberatung\/tax-compliance\/"},"modified":"2021-08-31T15:23:58","modified_gmt":"2021-08-31T13:23:58","slug":"tax-compliance","status":"publish","type":"page","link":"https:\/\/www.gamapa.de\/en\/fields-of-advice\/tax-consultancy\/tax-compliance\/","title":{"rendered":"Tax Compliance"},"content":{"rendered":"\n<h2 class=\"wp-block-heading\">More transparency and efficiency \u2013less private risk<\/h2>\n\n\n\n<p>The topic of tax compliance affects companies of all sizes and industries as well as foundations and non-profit organisations. It has also become considerably more important for municipalities and municipal companies in recent years<\/p>\n\n\n\n<p>due to the decree issued by German tax authorities. Accordingly, a tax compliance management system can reduce the risk of being held criminally responsible and\/or personally liable for unintentional tax evasion. This requires a structured and, above all, documented process in order to demonstrably ensure compliance with tax obligations.<\/p>\n\n\n\n<p><strong>Your tailor-made system<\/strong><\/p>\n\n\n\n<p>We provide you with interdisciplinary advice. Our specialists from the fields of law, tax consultancy and audit co-operate closely to develop your tailor-made tax compliance management system. Your advantage: the proposed solution will meet your individual needs and will remain within reasonable limits in terms of organisation and costs.<\/p>\n\n\n\n<p>During an initial survey, we identify and document your existing processes. In a further step, if required, we define new workflows together with you. It is not, therefore, a question of setting up an extensive administrative structure. Rather, we aim to make use of&nbsp; the most of your existing structures and improve them (only) where necessary. Particularly with our long-standing clients, we benefit from our detailed knowledge of their internal processes.<\/p>\n\n\n\n<p>In addition, due to extensive expertise of our laywers and tax consultants, we are able to advise you on all issues related to tax law which are the \u201ccore element\u201d&nbsp; of any tax compliance management system. In this way we support you in complying with and fulfilling tax obligations.<\/p>\n","protected":false},"excerpt":{"rendered":"<p>More transparency and efficiency \u2013less private risk The topic of tax compliance affects companies of all sizes and industries as well as foundations and non-profit organisations. It has also become considerably more important for municipalities and municipal companies in recent years due to the decree issued by German tax authorities. Accordingly, a tax compliance management <a href=\"https:\/\/www.gamapa.de\/en\/fields-of-advice\/tax-consultancy\/tax-compliance\/\">[\u2026]<\/a><\/p>\n","protected":false},"author":1,"featured_media":3360,"parent":5654,"menu_order":7,"comment_status":"closed","ping_status":"closed","template":"templates\/template-simple-site.php","meta":{"_acf_changed":false,"_uag_custom_page_level_css":"","footnotes":""},"class_list":["post-5705","page","type-page","status-publish","has-post-thumbnail","hentry"],"acf":[],"yoast_head":"<!-- This site is optimized with the Yoast SEO plugin v27.5 - https:\/\/yoast.com\/product\/yoast-seo-wordpress\/ -->\n<title>Tax Compliance - GANTEF\u00dcHRER<\/title>\n<meta name=\"description\" content=\"The topic of tax compliance affects companies of all sizes and industries as well as foundations and non-profit organisations.\" \/>\n<meta name=\"robots\" content=\"index, follow, max-snippet:-1, max-image-preview:large, max-video-preview:-1\" \/>\n<link rel=\"canonical\" href=\"https:\/\/www.gamapa.de\/en\/fields-of-advice\/tax-consultancy\/tax-compliance\/\" \/>\n<meta property=\"og:locale\" content=\"en_US\" \/>\n<meta property=\"og:type\" content=\"article\" \/>\n<meta property=\"og:title\" content=\"Tax Compliance - GANTEF\u00dcHRER\" \/>\n<meta property=\"og:description\" content=\"The topic of tax compliance affects companies of all sizes and industries as well as foundations and non-profit organisations.\" \/>\n<meta property=\"og:url\" content=\"https:\/\/www.gamapa.de\/en\/fields-of-advice\/tax-consultancy\/tax-compliance\/\" \/>\n<meta property=\"og:site_name\" content=\"GANTEF\u00dcHRER\" \/>\n<meta property=\"article:modified_time\" content=\"2021-08-31T13:23:58+00:00\" \/>\n<meta property=\"og:image\" content=\"https:\/\/www.gamapa.de\/wp-content\/uploads\/2020\/03\/Header-Interdisziplinaere-Beratung-5-scaled.jpg\" \/>\n\t<meta property=\"og:image:width\" content=\"2560\" \/>\n\t<meta property=\"og:image:height\" content=\"764\" \/>\n\t<meta property=\"og:image:type\" content=\"image\/jpeg\" \/>\n<meta name=\"twitter:card\" content=\"summary_large_image\" \/>\n<meta name=\"twitter:label1\" content=\"Est. reading time\" \/>\n\t<meta name=\"twitter:data1\" content=\"2 minutes\" \/>\n<script type=\"application\/ld+json\" class=\"yoast-schema-graph\">{\"@context\":\"https:\\\/\\\/schema.org\",\"@graph\":[{\"@type\":\"WebPage\",\"@id\":\"https:\\\/\\\/www.gamapa.de\\\/en\\\/fields-of-advice\\\/tax-consultancy\\\/tax-compliance\\\/\",\"url\":\"https:\\\/\\\/www.gamapa.de\\\/en\\\/fields-of-advice\\\/tax-consultancy\\\/tax-compliance\\\/\",\"name\":\"Tax Compliance - GANTEF\u00dcHRER\",\"isPartOf\":{\"@id\":\"https:\\\/\\\/www.gamapa.de\\\/en\\\/#website\"},\"primaryImageOfPage\":{\"@id\":\"https:\\\/\\\/www.gamapa.de\\\/en\\\/fields-of-advice\\\/tax-consultancy\\\/tax-compliance\\\/#primaryimage\"},\"image\":{\"@id\":\"https:\\\/\\\/www.gamapa.de\\\/en\\\/fields-of-advice\\\/tax-consultancy\\\/tax-compliance\\\/#primaryimage\"},\"thumbnailUrl\":\"https:\\\/\\\/www.gamapa.de\\\/wp-content\\\/uploads\\\/2020\\\/03\\\/Header-Interdisziplinaere-Beratung-5-scaled.jpg\",\"datePublished\":\"2020-03-11T09:16:14+00:00\",\"dateModified\":\"2021-08-31T13:23:58+00:00\",\"description\":\"The topic of tax compliance affects companies of all sizes and industries as well as foundations and non-profit organisations.\",\"breadcrumb\":{\"@id\":\"https:\\\/\\\/www.gamapa.de\\\/en\\\/fields-of-advice\\\/tax-consultancy\\\/tax-compliance\\\/#breadcrumb\"},\"inLanguage\":\"en-US\",\"potentialAction\":[{\"@type\":\"ReadAction\",\"target\":[\"https:\\\/\\\/www.gamapa.de\\\/en\\\/fields-of-advice\\\/tax-consultancy\\\/tax-compliance\\\/\"]}]},{\"@type\":\"ImageObject\",\"inLanguage\":\"en-US\",\"@id\":\"https:\\\/\\\/www.gamapa.de\\\/en\\\/fields-of-advice\\\/tax-consultancy\\\/tax-compliance\\\/#primaryimage\",\"url\":\"https:\\\/\\\/www.gamapa.de\\\/wp-content\\\/uploads\\\/2020\\\/03\\\/Header-Interdisziplinaere-Beratung-5-scaled.jpg\",\"contentUrl\":\"https:\\\/\\\/www.gamapa.de\\\/wp-content\\\/uploads\\\/2020\\\/03\\\/Header-Interdisziplinaere-Beratung-5-scaled.jpg\",\"width\":2560,\"height\":764},{\"@type\":\"BreadcrumbList\",\"@id\":\"https:\\\/\\\/www.gamapa.de\\\/en\\\/fields-of-advice\\\/tax-consultancy\\\/tax-compliance\\\/#breadcrumb\",\"itemListElement\":[{\"@type\":\"ListItem\",\"position\":1,\"name\":\"Startseite\",\"item\":\"https:\\\/\\\/www.gamapa.de\\\/en\\\/\"},{\"@type\":\"ListItem\",\"position\":2,\"name\":\"Fields of advice\",\"item\":\"https:\\\/\\\/www.gamapa.de\\\/en\\\/fields-of-advice\\\/\"},{\"@type\":\"ListItem\",\"position\":3,\"name\":\"Tax consultancy\",\"item\":\"https:\\\/\\\/www.gamapa.de\\\/en\\\/fields-of-advice\\\/tax-consultancy\\\/\"},{\"@type\":\"ListItem\",\"position\":4,\"name\":\"Tax Compliance\"}]},{\"@type\":\"WebSite\",\"@id\":\"https:\\\/\\\/www.gamapa.de\\\/en\\\/#website\",\"url\":\"https:\\\/\\\/www.gamapa.de\\\/en\\\/\",\"name\":\"GANTEF\u00dcHRER\",\"description\":\"Wirtschaftspr\u00fcfer, Steuerberater, Rechtsanw\u00e4lte\",\"publisher\":{\"@id\":\"https:\\\/\\\/www.gamapa.de\\\/en\\\/#organization\"},\"potentialAction\":[{\"@type\":\"SearchAction\",\"target\":{\"@type\":\"EntryPoint\",\"urlTemplate\":\"https:\\\/\\\/www.gamapa.de\\\/en\\\/?s={search_term_string}\"},\"query-input\":{\"@type\":\"PropertyValueSpecification\",\"valueRequired\":true,\"valueName\":\"search_term_string\"}}],\"inLanguage\":\"en-US\"},{\"@type\":\"Organization\",\"@id\":\"https:\\\/\\\/www.gamapa.de\\\/en\\\/#organization\",\"name\":\"Gantef\u00fchrer Wirtschaftspr\u00fcfer, Steuerberater, Rechtsanw\u00e4lte\",\"url\":\"https:\\\/\\\/www.gamapa.de\\\/en\\\/\",\"logo\":{\"@type\":\"ImageObject\",\"inLanguage\":\"en-US\",\"@id\":\"https:\\\/\\\/www.gamapa.de\\\/en\\\/#\\\/schema\\\/logo\\\/image\\\/\",\"url\":\"https:\\\/\\\/www.gamapa.de\\\/wp-content\\\/uploads\\\/2026\\\/01\\\/Logo-Gantefuehrer.png\",\"contentUrl\":\"https:\\\/\\\/www.gamapa.de\\\/wp-content\\\/uploads\\\/2026\\\/01\\\/Logo-Gantefuehrer.png\",\"width\":767,\"height\":156,\"caption\":\"Gantef\u00fchrer Wirtschaftspr\u00fcfer, Steuerberater, Rechtsanw\u00e4lte\"},\"image\":{\"@id\":\"https:\\\/\\\/www.gamapa.de\\\/en\\\/#\\\/schema\\\/logo\\\/image\\\/\"}}]}<\/script>\n<!-- \/ Yoast SEO plugin. -->","yoast_head_json":{"title":"Tax Compliance - GANTEF\u00dcHRER","description":"The topic of tax compliance affects companies of all sizes and industries as well as foundations and non-profit organisations.","robots":{"index":"index","follow":"follow","max-snippet":"max-snippet:-1","max-image-preview":"max-image-preview:large","max-video-preview":"max-video-preview:-1"},"canonical":"https:\/\/www.gamapa.de\/en\/fields-of-advice\/tax-consultancy\/tax-compliance\/","og_locale":"en_US","og_type":"article","og_title":"Tax Compliance - GANTEF\u00dcHRER","og_description":"The topic of tax compliance affects companies of all sizes and industries as well as foundations and non-profit organisations.","og_url":"https:\/\/www.gamapa.de\/en\/fields-of-advice\/tax-consultancy\/tax-compliance\/","og_site_name":"GANTEF\u00dcHRER","article_modified_time":"2021-08-31T13:23:58+00:00","og_image":[{"width":2560,"height":764,"url":"https:\/\/www.gamapa.de\/wp-content\/uploads\/2020\/03\/Header-Interdisziplinaere-Beratung-5-scaled.jpg","type":"image\/jpeg"}],"twitter_card":"summary_large_image","twitter_misc":{"Est. reading time":"2 minutes"},"schema":{"@context":"https:\/\/schema.org","@graph":[{"@type":"WebPage","@id":"https:\/\/www.gamapa.de\/en\/fields-of-advice\/tax-consultancy\/tax-compliance\/","url":"https:\/\/www.gamapa.de\/en\/fields-of-advice\/tax-consultancy\/tax-compliance\/","name":"Tax Compliance - GANTEF\u00dcHRER","isPartOf":{"@id":"https:\/\/www.gamapa.de\/en\/#website"},"primaryImageOfPage":{"@id":"https:\/\/www.gamapa.de\/en\/fields-of-advice\/tax-consultancy\/tax-compliance\/#primaryimage"},"image":{"@id":"https:\/\/www.gamapa.de\/en\/fields-of-advice\/tax-consultancy\/tax-compliance\/#primaryimage"},"thumbnailUrl":"https:\/\/www.gamapa.de\/wp-content\/uploads\/2020\/03\/Header-Interdisziplinaere-Beratung-5-scaled.jpg","datePublished":"2020-03-11T09:16:14+00:00","dateModified":"2021-08-31T13:23:58+00:00","description":"The topic of tax compliance affects companies of all sizes and industries as well as foundations and non-profit organisations.","breadcrumb":{"@id":"https:\/\/www.gamapa.de\/en\/fields-of-advice\/tax-consultancy\/tax-compliance\/#breadcrumb"},"inLanguage":"en-US","potentialAction":[{"@type":"ReadAction","target":["https:\/\/www.gamapa.de\/en\/fields-of-advice\/tax-consultancy\/tax-compliance\/"]}]},{"@type":"ImageObject","inLanguage":"en-US","@id":"https:\/\/www.gamapa.de\/en\/fields-of-advice\/tax-consultancy\/tax-compliance\/#primaryimage","url":"https:\/\/www.gamapa.de\/wp-content\/uploads\/2020\/03\/Header-Interdisziplinaere-Beratung-5-scaled.jpg","contentUrl":"https:\/\/www.gamapa.de\/wp-content\/uploads\/2020\/03\/Header-Interdisziplinaere-Beratung-5-scaled.jpg","width":2560,"height":764},{"@type":"BreadcrumbList","@id":"https:\/\/www.gamapa.de\/en\/fields-of-advice\/tax-consultancy\/tax-compliance\/#breadcrumb","itemListElement":[{"@type":"ListItem","position":1,"name":"Startseite","item":"https:\/\/www.gamapa.de\/en\/"},{"@type":"ListItem","position":2,"name":"Fields of advice","item":"https:\/\/www.gamapa.de\/en\/fields-of-advice\/"},{"@type":"ListItem","position":3,"name":"Tax consultancy","item":"https:\/\/www.gamapa.de\/en\/fields-of-advice\/tax-consultancy\/"},{"@type":"ListItem","position":4,"name":"Tax Compliance"}]},{"@type":"WebSite","@id":"https:\/\/www.gamapa.de\/en\/#website","url":"https:\/\/www.gamapa.de\/en\/","name":"GANTEF\u00dcHRER","description":"Wirtschaftspr\u00fcfer, Steuerberater, Rechtsanw\u00e4lte","publisher":{"@id":"https:\/\/www.gamapa.de\/en\/#organization"},"potentialAction":[{"@type":"SearchAction","target":{"@type":"EntryPoint","urlTemplate":"https:\/\/www.gamapa.de\/en\/?s={search_term_string}"},"query-input":{"@type":"PropertyValueSpecification","valueRequired":true,"valueName":"search_term_string"}}],"inLanguage":"en-US"},{"@type":"Organization","@id":"https:\/\/www.gamapa.de\/en\/#organization","name":"Gantef\u00fchrer Wirtschaftspr\u00fcfer, Steuerberater, Rechtsanw\u00e4lte","url":"https:\/\/www.gamapa.de\/en\/","logo":{"@type":"ImageObject","inLanguage":"en-US","@id":"https:\/\/www.gamapa.de\/en\/#\/schema\/logo\/image\/","url":"https:\/\/www.gamapa.de\/wp-content\/uploads\/2026\/01\/Logo-Gantefuehrer.png","contentUrl":"https:\/\/www.gamapa.de\/wp-content\/uploads\/2026\/01\/Logo-Gantefuehrer.png","width":767,"height":156,"caption":"Gantef\u00fchrer Wirtschaftspr\u00fcfer, Steuerberater, Rechtsanw\u00e4lte"},"image":{"@id":"https:\/\/www.gamapa.de\/en\/#\/schema\/logo\/image\/"}}]}},"uagb_featured_image_src":{"full":["https:\/\/www.gamapa.de\/wp-content\/uploads\/2020\/03\/Header-Interdisziplinaere-Beratung-5-scaled.jpg",2560,764,false],"thumbnail":["https:\/\/www.gamapa.de\/wp-content\/uploads\/2020\/03\/Header-Interdisziplinaere-Beratung-5-150x150.jpg",150,150,true],"medium":["https:\/\/www.gamapa.de\/wp-content\/uploads\/2020\/03\/Header-Interdisziplinaere-Beratung-5-600x179.jpg",600,179,true],"medium_large":["https:\/\/www.gamapa.de\/wp-content\/uploads\/2020\/03\/Header-Interdisziplinaere-Beratung-5-768x229.jpg",580,173,true],"large":["https:\/\/www.gamapa.de\/wp-content\/uploads\/2020\/03\/Header-Interdisziplinaere-Beratung-5-scaled.jpg",580,173,false],"gs-tiny":["https:\/\/www.gamapa.de\/wp-content\/uploads\/2020\/03\/Header-Interdisziplinaere-Beratung-5-scaled.jpg",50,15,false],"xl":["https:\/\/www.gamapa.de\/wp-content\/uploads\/2020\/03\/Header-Interdisziplinaere-Beratung-5-scaled.jpg",1600,478,false],"xxl":["https:\/\/www.gamapa.de\/wp-content\/uploads\/2020\/03\/Header-Interdisziplinaere-Beratung-5-scaled.jpg",2200,657,false],"xxxl":["https:\/\/www.gamapa.de\/wp-content\/uploads\/2020\/03\/Header-Interdisziplinaere-Beratung-5-scaled.jpg",2560,764,false],"xxxxl":["https:\/\/www.gamapa.de\/wp-content\/uploads\/2020\/03\/Header-Interdisziplinaere-Beratung-5-scaled.jpg",2560,764,false],"xxxxxl":["https:\/\/www.gamapa.de\/wp-content\/uploads\/2020\/03\/Header-Interdisziplinaere-Beratung-5-scaled.jpg",2560,764,false],"1536x1536":["https:\/\/www.gamapa.de\/wp-content\/uploads\/2020\/03\/Header-Interdisziplinaere-Beratung-5-1536x458.jpg",1536,458,true],"2048x2048":["https:\/\/www.gamapa.de\/wp-content\/uploads\/2020\/03\/Header-Interdisziplinaere-Beratung-5-2048x611.jpg",2048,611,true],"post-thumbnail":["https:\/\/www.gamapa.de\/wp-content\/uploads\/2020\/03\/Header-Interdisziplinaere-Beratung-5-scaled.jpg",2560,764,false],"twentytwenty-fullscreen":["https:\/\/www.gamapa.de\/wp-content\/uploads\/2020\/03\/Header-Interdisziplinaere-Beratung-5-scaled.jpg",2560,764,false],"theme-slug-single-post":["https:\/\/www.gamapa.de\/wp-content\/uploads\/2020\/03\/Header-Interdisziplinaere-Beratung-5-1600x400.jpg",1600,400,true]},"uagb_author_info":{"display_name":"linda","author_link":"https:\/\/www.gamapa.de\/en\/author\/linda\/"},"uagb_comment_info":0,"uagb_excerpt":"More transparency and efficiency \u2013less private risk The topic of tax compliance affects companies of all sizes and industries as well as foundations and non-profit organisations. It has also become considerably more important for municipalities and municipal companies in recent years due to the decree issued by German tax authorities. Accordingly, a tax compliance management&hellip;","_links":{"self":[{"href":"https:\/\/www.gamapa.de\/en\/wp-json\/wp\/v2\/pages\/5705","targetHints":{"allow":["GET"]}}],"collection":[{"href":"https:\/\/www.gamapa.de\/en\/wp-json\/wp\/v2\/pages"}],"about":[{"href":"https:\/\/www.gamapa.de\/en\/wp-json\/wp\/v2\/types\/page"}],"author":[{"embeddable":true,"href":"https:\/\/www.gamapa.de\/en\/wp-json\/wp\/v2\/users\/1"}],"replies":[{"embeddable":true,"href":"https:\/\/www.gamapa.de\/en\/wp-json\/wp\/v2\/comments?post=5705"}],"version-history":[{"count":1,"href":"https:\/\/www.gamapa.de\/en\/wp-json\/wp\/v2\/pages\/5705\/revisions"}],"predecessor-version":[{"id":5708,"href":"https:\/\/www.gamapa.de\/en\/wp-json\/wp\/v2\/pages\/5705\/revisions\/5708"}],"up":[{"embeddable":true,"href":"https:\/\/www.gamapa.de\/en\/wp-json\/wp\/v2\/pages\/5654"}],"wp:featuredmedia":[{"embeddable":true,"href":"https:\/\/www.gamapa.de\/en\/wp-json\/wp\/v2\/media\/3360"}],"wp:attachment":[{"href":"https:\/\/www.gamapa.de\/en\/wp-json\/wp\/v2\/media?parent=5705"}],"curies":[{"name":"wp","href":"https:\/\/api.w.org\/{rel}","templated":true}]}}