

{"id":5713,"date":"2020-03-11T10:17:13","date_gmt":"2020-03-11T09:17:13","guid":{"rendered":"https:\/\/www.gamapa.de\/legal-advice\/bank-und-kapitalmarktrecht\/"},"modified":"2021-08-24T11:36:54","modified_gmt":"2021-08-24T09:36:54","slug":"banking-and-capital-market-law","status":"publish","type":"page","link":"https:\/\/www.gamapa.de\/en\/fields-of-advice\/legal-advice\/banking-and-capital-market-law\/","title":{"rendered":"Banking and capital market law"},"content":{"rendered":"\n<h2 class=\"wp-block-heading\">Comprehensive support in banking and capital market law<\/h2>\n\n\n\n<p><\/p>\n\n\n\n<p>In the area of banking and capital markets law, we support investors, clients and business partners of banks, savings banks, asset managers and investment advisors in all aspects of money and capital investment, as well as banks, asset managers and family offices in all matters of regulatory law.<\/p>\n\n\n\n<p><\/p>\n\n\n\n<p>Details for <a href=\"https:\/\/www.gamapa.de\/en\/fields-of-advice\/legal-advice\/investor-customers-and-business-partners\/\" target=\"_blank\" rel=\"noreferrer noopener\">investors, customers and business partners<\/a><\/p>\n\n\n\n<p>Details for <a href=\"https:\/\/www.gamapa.de\/en\/fields-of-advice\/legal-advice\/banks-asset-managers-and-family-offices\/\" target=\"_blank\" rel=\"noreferrer noopener\">banks, asset managers and family offices<\/a><\/p>\n","protected":false},"excerpt":{"rendered":"<p>Comprehensive support in banking and capital market law In the area of banking and capital markets law, we support investors, clients and business partners of banks, savings banks, asset managers and investment advisors in all aspects of money and capital investment, as well as banks, asset managers and family offices in all matters of regulatory <a href=\"https:\/\/www.gamapa.de\/en\/fields-of-advice\/legal-advice\/banking-and-capital-market-law\/\">[\u2026]<\/a><\/p>\n","protected":false},"author":1,"featured_media":3879,"parent":5658,"menu_order":2,"comment_status":"closed","ping_status":"closed","template":"templates\/template-simple-site.php","meta":{"_acf_changed":false,"_uag_custom_page_level_css":"","footnotes":""},"class_list":["post-5713","page","type-page","status-publish","has-post-thumbnail","hentry"],"acf":[],"yoast_head":"<!-- This site is optimized with the Yoast SEO plugin v27.5 - https:\/\/yoast.com\/product\/yoast-seo-wordpress\/ -->\n<title>Banking and capital market law - GANTEF\u00dcHRER<\/title>\n<meta name=\"description\" content=\"Our core competencies include a comprehensive approach to banking and capital market law.\" \/>\n<meta name=\"robots\" content=\"index, follow, max-snippet:-1, max-image-preview:large, max-video-preview:-1\" \/>\n<link rel=\"canonical\" href=\"https:\/\/www.gamapa.de\/en\/fields-of-advice\/legal-advice\/banking-and-capital-market-law\/\" \/>\n<meta property=\"og:locale\" content=\"en_US\" \/>\n<meta property=\"og:type\" content=\"article\" \/>\n<meta property=\"og:title\" content=\"Banking and capital market law - GANTEF\u00dcHRER\" \/>\n<meta property=\"og:description\" content=\"Our core competencies include a comprehensive approach to banking and capital market law.\" \/>\n<meta property=\"og:url\" content=\"https:\/\/www.gamapa.de\/en\/fields-of-advice\/legal-advice\/banking-and-capital-market-law\/\" \/>\n<meta property=\"og:site_name\" content=\"GANTEF\u00dcHRER\" \/>\n<meta property=\"article:modified_time\" content=\"2021-08-24T09:36:54+00:00\" \/>\n<meta property=\"og:image\" content=\"https:\/\/www.gamapa.de\/wp-content\/uploads\/2020\/07\/U-Header-Rechtsgebiete-2-1-scaled.jpg\" \/>\n\t<meta property=\"og:image:width\" content=\"2560\" \/>\n\t<meta property=\"og:image:height\" content=\"764\" \/>\n\t<meta property=\"og:image:type\" content=\"image\/jpeg\" \/>\n<meta name=\"twitter:card\" content=\"summary_large_image\" \/>\n<meta name=\"twitter:label1\" content=\"Est. reading time\" \/>\n\t<meta name=\"twitter:data1\" content=\"1 minute\" \/>\n<script type=\"application\/ld+json\" class=\"yoast-schema-graph\">{\"@context\":\"https:\\\/\\\/schema.org\",\"@graph\":[{\"@type\":\"WebPage\",\"@id\":\"https:\\\/\\\/www.gamapa.de\\\/en\\\/fields-of-advice\\\/legal-advice\\\/banking-and-capital-market-law\\\/\",\"url\":\"https:\\\/\\\/www.gamapa.de\\\/en\\\/fields-of-advice\\\/legal-advice\\\/banking-and-capital-market-law\\\/\",\"name\":\"Banking and capital market law - GANTEF\u00dcHRER\",\"isPartOf\":{\"@id\":\"https:\\\/\\\/www.gamapa.de\\\/en\\\/#website\"},\"primaryImageOfPage\":{\"@id\":\"https:\\\/\\\/www.gamapa.de\\\/en\\\/fields-of-advice\\\/legal-advice\\\/banking-and-capital-market-law\\\/#primaryimage\"},\"image\":{\"@id\":\"https:\\\/\\\/www.gamapa.de\\\/en\\\/fields-of-advice\\\/legal-advice\\\/banking-and-capital-market-law\\\/#primaryimage\"},\"thumbnailUrl\":\"https:\\\/\\\/www.gamapa.de\\\/wp-content\\\/uploads\\\/2020\\\/07\\\/U-Header-Rechtsgebiete-2-1-scaled.jpg\",\"datePublished\":\"2020-03-11T09:17:13+00:00\",\"dateModified\":\"2021-08-24T09:36:54+00:00\",\"description\":\"Our core competencies include a comprehensive approach to banking and capital market law.\",\"breadcrumb\":{\"@id\":\"https:\\\/\\\/www.gamapa.de\\\/en\\\/fields-of-advice\\\/legal-advice\\\/banking-and-capital-market-law\\\/#breadcrumb\"},\"inLanguage\":\"en-US\",\"potentialAction\":[{\"@type\":\"ReadAction\",\"target\":[\"https:\\\/\\\/www.gamapa.de\\\/en\\\/fields-of-advice\\\/legal-advice\\\/banking-and-capital-market-law\\\/\"]}]},{\"@type\":\"ImageObject\",\"inLanguage\":\"en-US\",\"@id\":\"https:\\\/\\\/www.gamapa.de\\\/en\\\/fields-of-advice\\\/legal-advice\\\/banking-and-capital-market-law\\\/#primaryimage\",\"url\":\"https:\\\/\\\/www.gamapa.de\\\/wp-content\\\/uploads\\\/2020\\\/07\\\/U-Header-Rechtsgebiete-2-1-scaled.jpg\",\"contentUrl\":\"https:\\\/\\\/www.gamapa.de\\\/wp-content\\\/uploads\\\/2020\\\/07\\\/U-Header-Rechtsgebiete-2-1-scaled.jpg\",\"width\":2560,\"height\":764,\"caption\":\"Anleger, Kunden und Gesch\u00e4ftspartner\"},{\"@type\":\"BreadcrumbList\",\"@id\":\"https:\\\/\\\/www.gamapa.de\\\/en\\\/fields-of-advice\\\/legal-advice\\\/banking-and-capital-market-law\\\/#breadcrumb\",\"itemListElement\":[{\"@type\":\"ListItem\",\"position\":1,\"name\":\"Startseite\",\"item\":\"https:\\\/\\\/www.gamapa.de\\\/en\\\/\"},{\"@type\":\"ListItem\",\"position\":2,\"name\":\"Fields of advice\",\"item\":\"https:\\\/\\\/www.gamapa.de\\\/en\\\/fields-of-advice\\\/\"},{\"@type\":\"ListItem\",\"position\":3,\"name\":\"Legal advice\",\"item\":\"https:\\\/\\\/www.gamapa.de\\\/en\\\/fields-of-advice\\\/legal-advice\\\/\"},{\"@type\":\"ListItem\",\"position\":4,\"name\":\"Banking and capital market law\"}]},{\"@type\":\"WebSite\",\"@id\":\"https:\\\/\\\/www.gamapa.de\\\/en\\\/#website\",\"url\":\"https:\\\/\\\/www.gamapa.de\\\/en\\\/\",\"name\":\"GANTEF\u00dcHRER\",\"description\":\"Wirtschaftspr\u00fcfer, Steuerberater, Rechtsanw\u00e4lte\",\"publisher\":{\"@id\":\"https:\\\/\\\/www.gamapa.de\\\/en\\\/#organization\"},\"potentialAction\":[{\"@type\":\"SearchAction\",\"target\":{\"@type\":\"EntryPoint\",\"urlTemplate\":\"https:\\\/\\\/www.gamapa.de\\\/en\\\/?s={search_term_string}\"},\"query-input\":{\"@type\":\"PropertyValueSpecification\",\"valueRequired\":true,\"valueName\":\"search_term_string\"}}],\"inLanguage\":\"en-US\"},{\"@type\":\"Organization\",\"@id\":\"https:\\\/\\\/www.gamapa.de\\\/en\\\/#organization\",\"name\":\"Gantef\u00fchrer Wirtschaftspr\u00fcfer, Steuerberater, Rechtsanw\u00e4lte\",\"url\":\"https:\\\/\\\/www.gamapa.de\\\/en\\\/\",\"logo\":{\"@type\":\"ImageObject\",\"inLanguage\":\"en-US\",\"@id\":\"https:\\\/\\\/www.gamapa.de\\\/en\\\/#\\\/schema\\\/logo\\\/image\\\/\",\"url\":\"https:\\\/\\\/www.gamapa.de\\\/wp-content\\\/uploads\\\/2026\\\/01\\\/Logo-Gantefuehrer.png\",\"contentUrl\":\"https:\\\/\\\/www.gamapa.de\\\/wp-content\\\/uploads\\\/2026\\\/01\\\/Logo-Gantefuehrer.png\",\"width\":767,\"height\":156,\"caption\":\"Gantef\u00fchrer Wirtschaftspr\u00fcfer, Steuerberater, Rechtsanw\u00e4lte\"},\"image\":{\"@id\":\"https:\\\/\\\/www.gamapa.de\\\/en\\\/#\\\/schema\\\/logo\\\/image\\\/\"}}]}<\/script>\n<!-- \/ Yoast SEO plugin. -->","yoast_head_json":{"title":"Banking and capital market law - GANTEF\u00dcHRER","description":"Our core competencies include a comprehensive approach to banking and capital market law.","robots":{"index":"index","follow":"follow","max-snippet":"max-snippet:-1","max-image-preview":"max-image-preview:large","max-video-preview":"max-video-preview:-1"},"canonical":"https:\/\/www.gamapa.de\/en\/fields-of-advice\/legal-advice\/banking-and-capital-market-law\/","og_locale":"en_US","og_type":"article","og_title":"Banking and capital market law - GANTEF\u00dcHRER","og_description":"Our core competencies include a comprehensive approach to banking and capital market law.","og_url":"https:\/\/www.gamapa.de\/en\/fields-of-advice\/legal-advice\/banking-and-capital-market-law\/","og_site_name":"GANTEF\u00dcHRER","article_modified_time":"2021-08-24T09:36:54+00:00","og_image":[{"width":2560,"height":764,"url":"https:\/\/www.gamapa.de\/wp-content\/uploads\/2020\/07\/U-Header-Rechtsgebiete-2-1-scaled.jpg","type":"image\/jpeg"}],"twitter_card":"summary_large_image","twitter_misc":{"Est. reading time":"1 minute"},"schema":{"@context":"https:\/\/schema.org","@graph":[{"@type":"WebPage","@id":"https:\/\/www.gamapa.de\/en\/fields-of-advice\/legal-advice\/banking-and-capital-market-law\/","url":"https:\/\/www.gamapa.de\/en\/fields-of-advice\/legal-advice\/banking-and-capital-market-law\/","name":"Banking and capital market law - GANTEF\u00dcHRER","isPartOf":{"@id":"https:\/\/www.gamapa.de\/en\/#website"},"primaryImageOfPage":{"@id":"https:\/\/www.gamapa.de\/en\/fields-of-advice\/legal-advice\/banking-and-capital-market-law\/#primaryimage"},"image":{"@id":"https:\/\/www.gamapa.de\/en\/fields-of-advice\/legal-advice\/banking-and-capital-market-law\/#primaryimage"},"thumbnailUrl":"https:\/\/www.gamapa.de\/wp-content\/uploads\/2020\/07\/U-Header-Rechtsgebiete-2-1-scaled.jpg","datePublished":"2020-03-11T09:17:13+00:00","dateModified":"2021-08-24T09:36:54+00:00","description":"Our core competencies include a comprehensive approach to banking and capital market law.","breadcrumb":{"@id":"https:\/\/www.gamapa.de\/en\/fields-of-advice\/legal-advice\/banking-and-capital-market-law\/#breadcrumb"},"inLanguage":"en-US","potentialAction":[{"@type":"ReadAction","target":["https:\/\/www.gamapa.de\/en\/fields-of-advice\/legal-advice\/banking-and-capital-market-law\/"]}]},{"@type":"ImageObject","inLanguage":"en-US","@id":"https:\/\/www.gamapa.de\/en\/fields-of-advice\/legal-advice\/banking-and-capital-market-law\/#primaryimage","url":"https:\/\/www.gamapa.de\/wp-content\/uploads\/2020\/07\/U-Header-Rechtsgebiete-2-1-scaled.jpg","contentUrl":"https:\/\/www.gamapa.de\/wp-content\/uploads\/2020\/07\/U-Header-Rechtsgebiete-2-1-scaled.jpg","width":2560,"height":764,"caption":"Anleger, Kunden und Gesch\u00e4ftspartner"},{"@type":"BreadcrumbList","@id":"https:\/\/www.gamapa.de\/en\/fields-of-advice\/legal-advice\/banking-and-capital-market-law\/#breadcrumb","itemListElement":[{"@type":"ListItem","position":1,"name":"Startseite","item":"https:\/\/www.gamapa.de\/en\/"},{"@type":"ListItem","position":2,"name":"Fields of advice","item":"https:\/\/www.gamapa.de\/en\/fields-of-advice\/"},{"@type":"ListItem","position":3,"name":"Legal advice","item":"https:\/\/www.gamapa.de\/en\/fields-of-advice\/legal-advice\/"},{"@type":"ListItem","position":4,"name":"Banking and capital market law"}]},{"@type":"WebSite","@id":"https:\/\/www.gamapa.de\/en\/#website","url":"https:\/\/www.gamapa.de\/en\/","name":"GANTEF\u00dcHRER","description":"Wirtschaftspr\u00fcfer, Steuerberater, Rechtsanw\u00e4lte","publisher":{"@id":"https:\/\/www.gamapa.de\/en\/#organization"},"potentialAction":[{"@type":"SearchAction","target":{"@type":"EntryPoint","urlTemplate":"https:\/\/www.gamapa.de\/en\/?s={search_term_string}"},"query-input":{"@type":"PropertyValueSpecification","valueRequired":true,"valueName":"search_term_string"}}],"inLanguage":"en-US"},{"@type":"Organization","@id":"https:\/\/www.gamapa.de\/en\/#organization","name":"Gantef\u00fchrer Wirtschaftspr\u00fcfer, Steuerberater, Rechtsanw\u00e4lte","url":"https:\/\/www.gamapa.de\/en\/","logo":{"@type":"ImageObject","inLanguage":"en-US","@id":"https:\/\/www.gamapa.de\/en\/#\/schema\/logo\/image\/","url":"https:\/\/www.gamapa.de\/wp-content\/uploads\/2026\/01\/Logo-Gantefuehrer.png","contentUrl":"https:\/\/www.gamapa.de\/wp-content\/uploads\/2026\/01\/Logo-Gantefuehrer.png","width":767,"height":156,"caption":"Gantef\u00fchrer Wirtschaftspr\u00fcfer, Steuerberater, Rechtsanw\u00e4lte"},"image":{"@id":"https:\/\/www.gamapa.de\/en\/#\/schema\/logo\/image\/"}}]}},"uagb_featured_image_src":{"full":["https:\/\/www.gamapa.de\/wp-content\/uploads\/2020\/07\/U-Header-Rechtsgebiete-2-1-scaled.jpg",2560,764,false],"thumbnail":["https:\/\/www.gamapa.de\/wp-content\/uploads\/2020\/07\/U-Header-Rechtsgebiete-2-1-150x150.jpg",150,150,true],"medium":["https:\/\/www.gamapa.de\/wp-content\/uploads\/2020\/07\/U-Header-Rechtsgebiete-2-1-600x179.jpg",600,179,true],"medium_large":["https:\/\/www.gamapa.de\/wp-content\/uploads\/2020\/07\/U-Header-Rechtsgebiete-2-1-768x229.jpg",580,173,true],"large":["https:\/\/www.gamapa.de\/wp-content\/uploads\/2020\/07\/U-Header-Rechtsgebiete-2-1-scaled.jpg",580,173,false],"gs-tiny":["https:\/\/www.gamapa.de\/wp-content\/uploads\/2020\/07\/U-Header-Rechtsgebiete-2-1-scaled.jpg",50,15,false],"xl":["https:\/\/www.gamapa.de\/wp-content\/uploads\/2020\/07\/U-Header-Rechtsgebiete-2-1-scaled.jpg",1600,478,false],"xxl":["https:\/\/www.gamapa.de\/wp-content\/uploads\/2020\/07\/U-Header-Rechtsgebiete-2-1-scaled.jpg",2200,657,false],"xxxl":["https:\/\/www.gamapa.de\/wp-content\/uploads\/2020\/07\/U-Header-Rechtsgebiete-2-1-scaled.jpg",2560,764,false],"xxxxl":["https:\/\/www.gamapa.de\/wp-content\/uploads\/2020\/07\/U-Header-Rechtsgebiete-2-1-scaled.jpg",2560,764,false],"xxxxxl":["https:\/\/www.gamapa.de\/wp-content\/uploads\/2020\/07\/U-Header-Rechtsgebiete-2-1-scaled.jpg",2560,764,false],"1536x1536":["https:\/\/www.gamapa.de\/wp-content\/uploads\/2020\/07\/U-Header-Rechtsgebiete-2-1-1536x458.jpg",1536,458,true],"2048x2048":["https:\/\/www.gamapa.de\/wp-content\/uploads\/2020\/07\/U-Header-Rechtsgebiete-2-1-2048x611.jpg",2048,611,true],"post-thumbnail":["https:\/\/www.gamapa.de\/wp-content\/uploads\/2020\/07\/U-Header-Rechtsgebiete-2-1-scaled.jpg",2560,764,false],"twentytwenty-fullscreen":["https:\/\/www.gamapa.de\/wp-content\/uploads\/2020\/07\/U-Header-Rechtsgebiete-2-1-scaled.jpg",2560,764,false],"theme-slug-single-post":["https:\/\/www.gamapa.de\/wp-content\/uploads\/2020\/07\/U-Header-Rechtsgebiete-2-1-1600x400.jpg",1600,400,true]},"uagb_author_info":{"display_name":"linda","author_link":"https:\/\/www.gamapa.de\/en\/author\/linda\/"},"uagb_comment_info":0,"uagb_excerpt":"Comprehensive support in banking and capital market law In the area of banking and capital markets law, we support investors, clients and business partners of banks, savings banks, asset managers and investment advisors in all aspects of money and capital investment, as well as banks, asset managers and family offices in all matters of regulatory&hellip;","_links":{"self":[{"href":"https:\/\/www.gamapa.de\/en\/wp-json\/wp\/v2\/pages\/5713","targetHints":{"allow":["GET"]}}],"collection":[{"href":"https:\/\/www.gamapa.de\/en\/wp-json\/wp\/v2\/pages"}],"about":[{"href":"https:\/\/www.gamapa.de\/en\/wp-json\/wp\/v2\/types\/page"}],"author":[{"embeddable":true,"href":"https:\/\/www.gamapa.de\/en\/wp-json\/wp\/v2\/users\/1"}],"replies":[{"embeddable":true,"href":"https:\/\/www.gamapa.de\/en\/wp-json\/wp\/v2\/comments?post=5713"}],"version-history":[{"count":6,"href":"https:\/\/www.gamapa.de\/en\/wp-json\/wp\/v2\/pages\/5713\/revisions"}],"predecessor-version":[{"id":9149,"href":"https:\/\/www.gamapa.de\/en\/wp-json\/wp\/v2\/pages\/5713\/revisions\/9149"}],"up":[{"embeddable":true,"href":"https:\/\/www.gamapa.de\/en\/wp-json\/wp\/v2\/pages\/5658"}],"wp:featuredmedia":[{"embeddable":true,"href":"https:\/\/www.gamapa.de\/en\/wp-json\/wp\/v2\/media\/3879"}],"wp:attachment":[{"href":"https:\/\/www.gamapa.de\/en\/wp-json\/wp\/v2\/media?parent=5713"}],"curies":[{"name":"wp","href":"https:\/\/api.w.org\/{rel}","templated":true}]}}