

{"id":5724,"date":"2020-03-11T10:18:15","date_gmt":"2020-03-11T09:18:15","guid":{"rendered":"https:\/\/www.gamapa.de\/insolvenzrecht-sanierungen\/"},"modified":"2026-01-01T09:29:44","modified_gmt":"2026-01-01T08:29:44","slug":"insolvency-law-reorganisations","status":"publish","type":"page","link":"https:\/\/www.gamapa.de\/en\/fields-of-advice\/insolvency-law-reorganisations\/","title":{"rendered":"Insolvency law, reorganisations"},"content":{"rendered":"\n<h2 class=\"wp-block-heading\">See the crisis as an opportunity<\/h2>\n\n\n\n<p>We advise companies in crisis with the aim of avoiding insolvency and restructuring. We support banks and other creditors in questions of avoiding insolvency of their debtors. If a reorganisation no longer seems possible, we are also at your side when it comes to finding rescue solutions and company transfers.<\/p>\n\n\n\n<div style=\"height:10px\" aria-hidden=\"true\" class=\"wp-block-spacer\"><\/div>\n\n\n\n<div class=\"wp-block-columns is-layout-flex wp-container-core-columns-is-layout-9d6595d7 wp-block-columns-is-layout-flex\">\n<div class=\"wp-block-column is-layout-flow wp-block-column-is-layout-flow\">\n<div class=\"wp-block-buttons is-layout-flex wp-block-buttons-is-layout-flex\">\n<div class=\"wp-block-button\"><a class=\"wp-block-button__link has-background wp-element-button\" href=\"https:\/\/www.gamapa.de\/en\/fields-of-advice\/insolvency-law-reorganisations\/redevelopment-consulting\/\" style=\"background-color:#003565\">Redevelopment consulting<\/a><\/div>\n<\/div>\n<\/div>\n\n\n\n<div class=\"wp-block-column is-layout-flow wp-block-column-is-layout-flow\">\n<div class=\"wp-block-buttons is-layout-flex wp-block-buttons-is-layout-flex\">\n<div class=\"wp-block-button\"><a class=\"wp-block-button__link has-background wp-element-button\" href=\"https:\/\/www.gamapa.de\/en\/fields-of-advice\/insolvency-law-reorganisations\/advice-for-creditors\/\" style=\"background-color:#003565\">Advice for creditors<\/a><\/div>\n<\/div>\n<\/div>\n<\/div>\n","protected":false},"excerpt":{"rendered":"<p>See the crisis as an opportunity We advise companies in crisis with the aim of avoiding insolvency and restructuring. We support banks and other creditors in questions of avoiding insolvency of their debtors. If a reorganisation no longer seems possible, we are also at your side when it comes to finding rescue solutions and company <a href=\"https:\/\/www.gamapa.de\/en\/fields-of-advice\/insolvency-law-reorganisations\/\">[\u2026]<\/a><\/p>\n","protected":false},"author":1,"featured_media":3870,"parent":5807,"menu_order":4,"comment_status":"closed","ping_status":"closed","template":"","meta":{"_acf_changed":false,"_uag_custom_page_level_css":"","footnotes":""},"class_list":["post-5724","page","type-page","status-publish","has-post-thumbnail","hentry"],"acf":[],"yoast_head":"<!-- This site is optimized with the Yoast SEO plugin v27.5 - https:\/\/yoast.com\/product\/yoast-seo-wordpress\/ -->\n<title>Insolvency law, reorganisations - GANTEF\u00dcHRER<\/title>\n<meta name=\"description\" content=\"We advise companies in crisis with the aim of avoiding insolvency and restructuring. We support banks and other creditors in questions of avoiding insolvency of their debtors.\" \/>\n<meta name=\"robots\" content=\"index, follow, max-snippet:-1, max-image-preview:large, max-video-preview:-1\" \/>\n<link rel=\"canonical\" href=\"https:\/\/www.gamapa.de\/en\/fields-of-advice\/insolvency-law-reorganisations\/\" \/>\n<meta property=\"og:locale\" content=\"en_US\" \/>\n<meta property=\"og:type\" content=\"article\" \/>\n<meta property=\"og:title\" content=\"Insolvency law, reorganisations - GANTEF\u00dcHRER\" \/>\n<meta property=\"og:description\" content=\"We advise companies in crisis with the aim of avoiding insolvency and restructuring. We support banks and other creditors in questions of avoiding insolvency of their debtors.\" \/>\n<meta property=\"og:url\" content=\"https:\/\/www.gamapa.de\/en\/fields-of-advice\/insolvency-law-reorganisations\/\" \/>\n<meta property=\"og:site_name\" content=\"GANTEF\u00dcHRER\" \/>\n<meta property=\"article:modified_time\" content=\"2026-01-01T08:29:44+00:00\" \/>\n<meta property=\"og:image\" content=\"https:\/\/www.gamapa.de\/wp-content\/uploads\/2020\/07\/Header-var71-scaled.jpg\" \/>\n\t<meta property=\"og:image:width\" content=\"2560\" \/>\n\t<meta property=\"og:image:height\" content=\"764\" \/>\n\t<meta property=\"og:image:type\" content=\"image\/jpeg\" \/>\n<meta name=\"twitter:card\" content=\"summary_large_image\" \/>\n<meta name=\"twitter:label1\" content=\"Est. reading time\" \/>\n\t<meta name=\"twitter:data1\" content=\"1 minute\" \/>\n<script type=\"application\/ld+json\" class=\"yoast-schema-graph\">{\"@context\":\"https:\\\/\\\/schema.org\",\"@graph\":[{\"@type\":\"WebPage\",\"@id\":\"https:\\\/\\\/www.gamapa.de\\\/en\\\/fields-of-advice\\\/insolvency-law-reorganisations\\\/\",\"url\":\"https:\\\/\\\/www.gamapa.de\\\/en\\\/fields-of-advice\\\/insolvency-law-reorganisations\\\/\",\"name\":\"Insolvency law, reorganisations - GANTEF\u00dcHRER\",\"isPartOf\":{\"@id\":\"https:\\\/\\\/www.gamapa.de\\\/en\\\/#website\"},\"primaryImageOfPage\":{\"@id\":\"https:\\\/\\\/www.gamapa.de\\\/en\\\/fields-of-advice\\\/insolvency-law-reorganisations\\\/#primaryimage\"},\"image\":{\"@id\":\"https:\\\/\\\/www.gamapa.de\\\/en\\\/fields-of-advice\\\/insolvency-law-reorganisations\\\/#primaryimage\"},\"thumbnailUrl\":\"https:\\\/\\\/www.gamapa.de\\\/wp-content\\\/uploads\\\/2020\\\/07\\\/Header-var71-scaled.jpg\",\"datePublished\":\"2020-03-11T09:18:15+00:00\",\"dateModified\":\"2026-01-01T08:29:44+00:00\",\"description\":\"We advise companies in crisis with the aim of avoiding insolvency and restructuring. We support banks and other creditors in questions of avoiding insolvency of their debtors.\",\"breadcrumb\":{\"@id\":\"https:\\\/\\\/www.gamapa.de\\\/en\\\/fields-of-advice\\\/insolvency-law-reorganisations\\\/#breadcrumb\"},\"inLanguage\":\"en-US\",\"potentialAction\":[{\"@type\":\"ReadAction\",\"target\":[\"https:\\\/\\\/www.gamapa.de\\\/en\\\/fields-of-advice\\\/insolvency-law-reorganisations\\\/\"]}]},{\"@type\":\"ImageObject\",\"inLanguage\":\"en-US\",\"@id\":\"https:\\\/\\\/www.gamapa.de\\\/en\\\/fields-of-advice\\\/insolvency-law-reorganisations\\\/#primaryimage\",\"url\":\"https:\\\/\\\/www.gamapa.de\\\/wp-content\\\/uploads\\\/2020\\\/07\\\/Header-var71-scaled.jpg\",\"contentUrl\":\"https:\\\/\\\/www.gamapa.de\\\/wp-content\\\/uploads\\\/2020\\\/07\\\/Header-var71-scaled.jpg\",\"width\":2560,\"height\":764},{\"@type\":\"BreadcrumbList\",\"@id\":\"https:\\\/\\\/www.gamapa.de\\\/en\\\/fields-of-advice\\\/insolvency-law-reorganisations\\\/#breadcrumb\",\"itemListElement\":[{\"@type\":\"ListItem\",\"position\":1,\"name\":\"Startseite\",\"item\":\"https:\\\/\\\/www.gamapa.de\\\/en\\\/\"},{\"@type\":\"ListItem\",\"position\":2,\"name\":\"Fields of advice\",\"item\":\"https:\\\/\\\/www.gamapa.de\\\/en\\\/fields-of-advice\\\/\"},{\"@type\":\"ListItem\",\"position\":3,\"name\":\"Insolvency law, reorganisations\"}]},{\"@type\":\"WebSite\",\"@id\":\"https:\\\/\\\/www.gamapa.de\\\/en\\\/#website\",\"url\":\"https:\\\/\\\/www.gamapa.de\\\/en\\\/\",\"name\":\"GANTEF\u00dcHRER\",\"description\":\"Wirtschaftspr\u00fcfer, Steuerberater, Rechtsanw\u00e4lte\",\"publisher\":{\"@id\":\"https:\\\/\\\/www.gamapa.de\\\/en\\\/#organization\"},\"potentialAction\":[{\"@type\":\"SearchAction\",\"target\":{\"@type\":\"EntryPoint\",\"urlTemplate\":\"https:\\\/\\\/www.gamapa.de\\\/en\\\/?s={search_term_string}\"},\"query-input\":{\"@type\":\"PropertyValueSpecification\",\"valueRequired\":true,\"valueName\":\"search_term_string\"}}],\"inLanguage\":\"en-US\"},{\"@type\":\"Organization\",\"@id\":\"https:\\\/\\\/www.gamapa.de\\\/en\\\/#organization\",\"name\":\"Gantef\u00fchrer Wirtschaftspr\u00fcfer, Steuerberater, Rechtsanw\u00e4lte\",\"url\":\"https:\\\/\\\/www.gamapa.de\\\/en\\\/\",\"logo\":{\"@type\":\"ImageObject\",\"inLanguage\":\"en-US\",\"@id\":\"https:\\\/\\\/www.gamapa.de\\\/en\\\/#\\\/schema\\\/logo\\\/image\\\/\",\"url\":\"https:\\\/\\\/www.gamapa.de\\\/wp-content\\\/uploads\\\/2026\\\/01\\\/Logo-Gantefuehrer.png\",\"contentUrl\":\"https:\\\/\\\/www.gamapa.de\\\/wp-content\\\/uploads\\\/2026\\\/01\\\/Logo-Gantefuehrer.png\",\"width\":767,\"height\":156,\"caption\":\"Gantef\u00fchrer Wirtschaftspr\u00fcfer, Steuerberater, Rechtsanw\u00e4lte\"},\"image\":{\"@id\":\"https:\\\/\\\/www.gamapa.de\\\/en\\\/#\\\/schema\\\/logo\\\/image\\\/\"}}]}<\/script>\n<!-- \/ Yoast SEO plugin. -->","yoast_head_json":{"title":"Insolvency law, reorganisations - GANTEF\u00dcHRER","description":"We advise companies in crisis with the aim of avoiding insolvency and restructuring. We support banks and other creditors in questions of avoiding insolvency of their debtors.","robots":{"index":"index","follow":"follow","max-snippet":"max-snippet:-1","max-image-preview":"max-image-preview:large","max-video-preview":"max-video-preview:-1"},"canonical":"https:\/\/www.gamapa.de\/en\/fields-of-advice\/insolvency-law-reorganisations\/","og_locale":"en_US","og_type":"article","og_title":"Insolvency law, reorganisations - GANTEF\u00dcHRER","og_description":"We advise companies in crisis with the aim of avoiding insolvency and restructuring. We support banks and other creditors in questions of avoiding insolvency of their debtors.","og_url":"https:\/\/www.gamapa.de\/en\/fields-of-advice\/insolvency-law-reorganisations\/","og_site_name":"GANTEF\u00dcHRER","article_modified_time":"2026-01-01T08:29:44+00:00","og_image":[{"width":2560,"height":764,"url":"https:\/\/www.gamapa.de\/wp-content\/uploads\/2020\/07\/Header-var71-scaled.jpg","type":"image\/jpeg"}],"twitter_card":"summary_large_image","twitter_misc":{"Est. reading time":"1 minute"},"schema":{"@context":"https:\/\/schema.org","@graph":[{"@type":"WebPage","@id":"https:\/\/www.gamapa.de\/en\/fields-of-advice\/insolvency-law-reorganisations\/","url":"https:\/\/www.gamapa.de\/en\/fields-of-advice\/insolvency-law-reorganisations\/","name":"Insolvency law, reorganisations - GANTEF\u00dcHRER","isPartOf":{"@id":"https:\/\/www.gamapa.de\/en\/#website"},"primaryImageOfPage":{"@id":"https:\/\/www.gamapa.de\/en\/fields-of-advice\/insolvency-law-reorganisations\/#primaryimage"},"image":{"@id":"https:\/\/www.gamapa.de\/en\/fields-of-advice\/insolvency-law-reorganisations\/#primaryimage"},"thumbnailUrl":"https:\/\/www.gamapa.de\/wp-content\/uploads\/2020\/07\/Header-var71-scaled.jpg","datePublished":"2020-03-11T09:18:15+00:00","dateModified":"2026-01-01T08:29:44+00:00","description":"We advise companies in crisis with the aim of avoiding insolvency and restructuring. We support banks and other creditors in questions of avoiding insolvency of their debtors.","breadcrumb":{"@id":"https:\/\/www.gamapa.de\/en\/fields-of-advice\/insolvency-law-reorganisations\/#breadcrumb"},"inLanguage":"en-US","potentialAction":[{"@type":"ReadAction","target":["https:\/\/www.gamapa.de\/en\/fields-of-advice\/insolvency-law-reorganisations\/"]}]},{"@type":"ImageObject","inLanguage":"en-US","@id":"https:\/\/www.gamapa.de\/en\/fields-of-advice\/insolvency-law-reorganisations\/#primaryimage","url":"https:\/\/www.gamapa.de\/wp-content\/uploads\/2020\/07\/Header-var71-scaled.jpg","contentUrl":"https:\/\/www.gamapa.de\/wp-content\/uploads\/2020\/07\/Header-var71-scaled.jpg","width":2560,"height":764},{"@type":"BreadcrumbList","@id":"https:\/\/www.gamapa.de\/en\/fields-of-advice\/insolvency-law-reorganisations\/#breadcrumb","itemListElement":[{"@type":"ListItem","position":1,"name":"Startseite","item":"https:\/\/www.gamapa.de\/en\/"},{"@type":"ListItem","position":2,"name":"Fields of advice","item":"https:\/\/www.gamapa.de\/en\/fields-of-advice\/"},{"@type":"ListItem","position":3,"name":"Insolvency law, reorganisations"}]},{"@type":"WebSite","@id":"https:\/\/www.gamapa.de\/en\/#website","url":"https:\/\/www.gamapa.de\/en\/","name":"GANTEF\u00dcHRER","description":"Wirtschaftspr\u00fcfer, Steuerberater, Rechtsanw\u00e4lte","publisher":{"@id":"https:\/\/www.gamapa.de\/en\/#organization"},"potentialAction":[{"@type":"SearchAction","target":{"@type":"EntryPoint","urlTemplate":"https:\/\/www.gamapa.de\/en\/?s={search_term_string}"},"query-input":{"@type":"PropertyValueSpecification","valueRequired":true,"valueName":"search_term_string"}}],"inLanguage":"en-US"},{"@type":"Organization","@id":"https:\/\/www.gamapa.de\/en\/#organization","name":"Gantef\u00fchrer Wirtschaftspr\u00fcfer, Steuerberater, Rechtsanw\u00e4lte","url":"https:\/\/www.gamapa.de\/en\/","logo":{"@type":"ImageObject","inLanguage":"en-US","@id":"https:\/\/www.gamapa.de\/en\/#\/schema\/logo\/image\/","url":"https:\/\/www.gamapa.de\/wp-content\/uploads\/2026\/01\/Logo-Gantefuehrer.png","contentUrl":"https:\/\/www.gamapa.de\/wp-content\/uploads\/2026\/01\/Logo-Gantefuehrer.png","width":767,"height":156,"caption":"Gantef\u00fchrer Wirtschaftspr\u00fcfer, Steuerberater, Rechtsanw\u00e4lte"},"image":{"@id":"https:\/\/www.gamapa.de\/en\/#\/schema\/logo\/image\/"}}]}},"uagb_featured_image_src":{"full":["https:\/\/www.gamapa.de\/wp-content\/uploads\/2020\/07\/Header-var71-scaled.jpg",2560,764,false],"thumbnail":["https:\/\/www.gamapa.de\/wp-content\/uploads\/2020\/07\/Header-var71-150x150.jpg",150,150,true],"medium":["https:\/\/www.gamapa.de\/wp-content\/uploads\/2020\/07\/Header-var71-600x179.jpg",600,179,true],"medium_large":["https:\/\/www.gamapa.de\/wp-content\/uploads\/2020\/07\/Header-var71-768x229.jpg",580,173,true],"large":["https:\/\/www.gamapa.de\/wp-content\/uploads\/2020\/07\/Header-var71-scaled.jpg",580,173,false],"gs-tiny":["https:\/\/www.gamapa.de\/wp-content\/uploads\/2020\/07\/Header-var71-scaled.jpg",50,15,false],"xl":["https:\/\/www.gamapa.de\/wp-content\/uploads\/2020\/07\/Header-var71-scaled.jpg",1600,478,false],"xxl":["https:\/\/www.gamapa.de\/wp-content\/uploads\/2020\/07\/Header-var71-scaled.jpg",2200,657,false],"xxxl":["https:\/\/www.gamapa.de\/wp-content\/uploads\/2020\/07\/Header-var71-scaled.jpg",2560,764,false],"xxxxl":["https:\/\/www.gamapa.de\/wp-content\/uploads\/2020\/07\/Header-var71-scaled.jpg",2560,764,false],"xxxxxl":["https:\/\/www.gamapa.de\/wp-content\/uploads\/2020\/07\/Header-var71-scaled.jpg",2560,764,false],"1536x1536":["https:\/\/www.gamapa.de\/wp-content\/uploads\/2020\/07\/Header-var71-1536x458.jpg",1536,458,true],"2048x2048":["https:\/\/www.gamapa.de\/wp-content\/uploads\/2020\/07\/Header-var71-2048x611.jpg",2048,611,true],"post-thumbnail":["https:\/\/www.gamapa.de\/wp-content\/uploads\/2020\/07\/Header-var71-scaled.jpg",2560,764,false],"twentytwenty-fullscreen":["https:\/\/www.gamapa.de\/wp-content\/uploads\/2020\/07\/Header-var71-scaled.jpg",2560,764,false],"theme-slug-single-post":["https:\/\/www.gamapa.de\/wp-content\/uploads\/2020\/07\/Header-var71-1600x400.jpg",1600,400,true]},"uagb_author_info":{"display_name":"linda","author_link":"https:\/\/www.gamapa.de\/en\/author\/linda\/"},"uagb_comment_info":0,"uagb_excerpt":"See the crisis as an opportunity We advise companies in crisis with the aim of avoiding insolvency and restructuring. We support banks and other creditors in questions of avoiding insolvency of their debtors. If a reorganisation no longer seems possible, we are also at your side when it comes to finding rescue solutions and company&hellip;","_links":{"self":[{"href":"https:\/\/www.gamapa.de\/en\/wp-json\/wp\/v2\/pages\/5724","targetHints":{"allow":["GET"]}}],"collection":[{"href":"https:\/\/www.gamapa.de\/en\/wp-json\/wp\/v2\/pages"}],"about":[{"href":"https:\/\/www.gamapa.de\/en\/wp-json\/wp\/v2\/types\/page"}],"author":[{"embeddable":true,"href":"https:\/\/www.gamapa.de\/en\/wp-json\/wp\/v2\/users\/1"}],"replies":[{"embeddable":true,"href":"https:\/\/www.gamapa.de\/en\/wp-json\/wp\/v2\/comments?post=5724"}],"version-history":[{"count":4,"href":"https:\/\/www.gamapa.de\/en\/wp-json\/wp\/v2\/pages\/5724\/revisions"}],"predecessor-version":[{"id":23125,"href":"https:\/\/www.gamapa.de\/en\/wp-json\/wp\/v2\/pages\/5724\/revisions\/23125"}],"up":[{"embeddable":true,"href":"https:\/\/www.gamapa.de\/en\/wp-json\/wp\/v2\/pages\/5807"}],"wp:featuredmedia":[{"embeddable":true,"href":"https:\/\/www.gamapa.de\/en\/wp-json\/wp\/v2\/media\/3870"}],"wp:attachment":[{"href":"https:\/\/www.gamapa.de\/en\/wp-json\/wp\/v2\/media?parent=5724"}],"curies":[{"name":"wp","href":"https:\/\/api.w.org\/{rel}","templated":true}]}}