

{"id":5735,"date":"2020-03-11T10:19:36","date_gmt":"2020-03-11T09:19:36","guid":{"rendered":"https:\/\/www.gamapa.de\/legal-advice\/ehe-und-familienrecht\/"},"modified":"2021-01-09T20:15:11","modified_gmt":"2021-01-09T19:15:11","slug":"marriage-and-family-law","status":"publish","type":"page","link":"https:\/\/www.gamapa.de\/en\/fields-of-advice\/legal-advice\/marriage-and-family-law\/","title":{"rendered":"Marriage and family law"},"content":{"rendered":"\n<h2 class=\"wp-block-heading\">From marriage contract to spouses\u2019 disputes<\/h2>\n\n\n\n<p>A marriage contract is often recommendable \u2013 and for entrepreneurs in most cases it is indispensable. In many cases they are even obliged to conclude one by their articles of association. In this way, they protect existing assets or their shares in a company in the event of a divorce. With our expert in family law, we develop customised solutions that are precisely tailored to the needs of married couples.<\/p>\n\n\n\n<p>In addition, in the event of a separation we support our clients to come to a quickly and reasonable financial solution. This concerns arrangements for the settlement of all issues concerning the division of joint assets, distributive awards, separation and post-marital maintenance, child support, child custody and access. We undertake liability for the development of a holistic concept \u2013 if necessary, our specialists also carry out company or property valuations.<br>The aim is to support married couples in reaching a satisfactory agreement on the consequences of separation or divorce. It saves time-consuming disputes at a later stage. If, despite this, the conflict is unavoidable, we enforce our clients\u2019 claims in the courts in D\u00fcsseldorf and represent them before all German district and higher regional courts.<\/p>\n\n\n\n<p>Apart from typical divorce cases, we also deal with other areas of family law. This includes in particular the assertion and defence of maintenance claims made by a mother in an out-of-wedlock relationship, amendment, forfeiture and limitation of maintenance claims or the recovery of in-laws\u2019 contributions.<\/p>\n","protected":false},"excerpt":{"rendered":"<p>From marriage contract to spouses\u2019 disputes A marriage contract is often recommendable \u2013 and for entrepreneurs in most cases it is indispensable. In many cases they are even obliged to conclude one by their articles of association. In this way, they protect existing assets or their shares in a company in the event of a <a href=\"https:\/\/www.gamapa.de\/en\/fields-of-advice\/legal-advice\/marriage-and-family-law\/\">[\u2026]<\/a><\/p>\n","protected":false},"author":1,"featured_media":3879,"parent":5658,"menu_order":6,"comment_status":"closed","ping_status":"closed","template":"templates\/template-simple-site.php","meta":{"_acf_changed":false,"_uag_custom_page_level_css":"","footnotes":""},"class_list":["post-5735","page","type-page","status-publish","has-post-thumbnail","hentry"],"acf":[],"yoast_head":"<!-- This site is optimized with the Yoast SEO plugin v27.5 - https:\/\/yoast.com\/product\/yoast-seo-wordpress\/ -->\n<title>Marriage and family law - GANTEF\u00dcHRER<\/title>\n<meta name=\"description\" content=\"A marriage contract is often recommendable \u2013 and for entrepreneurs in most cases it is indispensable. In many cases they are even obliged to conclude one by their articles of association.\" \/>\n<meta name=\"robots\" content=\"index, follow, max-snippet:-1, max-image-preview:large, max-video-preview:-1\" \/>\n<link rel=\"canonical\" href=\"https:\/\/www.gamapa.de\/en\/fields-of-advice\/legal-advice\/marriage-and-family-law\/\" \/>\n<meta property=\"og:locale\" content=\"en_US\" \/>\n<meta property=\"og:type\" content=\"article\" \/>\n<meta property=\"og:title\" content=\"Marriage and family law - GANTEF\u00dcHRER\" \/>\n<meta property=\"og:description\" content=\"A marriage contract is often recommendable \u2013 and for entrepreneurs in most cases it is indispensable. In many cases they are even obliged to conclude one by their articles of association.\" \/>\n<meta property=\"og:url\" content=\"https:\/\/www.gamapa.de\/en\/fields-of-advice\/legal-advice\/marriage-and-family-law\/\" \/>\n<meta property=\"og:site_name\" content=\"GANTEF\u00dcHRER\" \/>\n<meta property=\"article:modified_time\" content=\"2021-01-09T19:15:11+00:00\" \/>\n<meta property=\"og:image\" content=\"https:\/\/www.gamapa.de\/wp-content\/uploads\/2020\/07\/U-Header-Rechtsgebiete-2-1-scaled.jpg\" \/>\n\t<meta property=\"og:image:width\" content=\"2560\" \/>\n\t<meta property=\"og:image:height\" content=\"764\" \/>\n\t<meta property=\"og:image:type\" content=\"image\/jpeg\" \/>\n<meta name=\"twitter:card\" content=\"summary_large_image\" \/>\n<meta name=\"twitter:label1\" content=\"Est. reading time\" \/>\n\t<meta name=\"twitter:data1\" content=\"1 minute\" \/>\n<script type=\"application\/ld+json\" class=\"yoast-schema-graph\">{\"@context\":\"https:\\\/\\\/schema.org\",\"@graph\":[{\"@type\":\"WebPage\",\"@id\":\"https:\\\/\\\/www.gamapa.de\\\/en\\\/fields-of-advice\\\/legal-advice\\\/marriage-and-family-law\\\/\",\"url\":\"https:\\\/\\\/www.gamapa.de\\\/en\\\/fields-of-advice\\\/legal-advice\\\/marriage-and-family-law\\\/\",\"name\":\"Marriage and family law - GANTEF\u00dcHRER\",\"isPartOf\":{\"@id\":\"https:\\\/\\\/www.gamapa.de\\\/en\\\/#website\"},\"primaryImageOfPage\":{\"@id\":\"https:\\\/\\\/www.gamapa.de\\\/en\\\/fields-of-advice\\\/legal-advice\\\/marriage-and-family-law\\\/#primaryimage\"},\"image\":{\"@id\":\"https:\\\/\\\/www.gamapa.de\\\/en\\\/fields-of-advice\\\/legal-advice\\\/marriage-and-family-law\\\/#primaryimage\"},\"thumbnailUrl\":\"https:\\\/\\\/www.gamapa.de\\\/wp-content\\\/uploads\\\/2020\\\/07\\\/U-Header-Rechtsgebiete-2-1-scaled.jpg\",\"datePublished\":\"2020-03-11T09:19:36+00:00\",\"dateModified\":\"2021-01-09T19:15:11+00:00\",\"description\":\"A marriage contract is often recommendable \u2013 and for entrepreneurs in most cases it is indispensable. In many cases they are even obliged to conclude one by their articles of association.\",\"breadcrumb\":{\"@id\":\"https:\\\/\\\/www.gamapa.de\\\/en\\\/fields-of-advice\\\/legal-advice\\\/marriage-and-family-law\\\/#breadcrumb\"},\"inLanguage\":\"en-US\",\"potentialAction\":[{\"@type\":\"ReadAction\",\"target\":[\"https:\\\/\\\/www.gamapa.de\\\/en\\\/fields-of-advice\\\/legal-advice\\\/marriage-and-family-law\\\/\"]}]},{\"@type\":\"ImageObject\",\"inLanguage\":\"en-US\",\"@id\":\"https:\\\/\\\/www.gamapa.de\\\/en\\\/fields-of-advice\\\/legal-advice\\\/marriage-and-family-law\\\/#primaryimage\",\"url\":\"https:\\\/\\\/www.gamapa.de\\\/wp-content\\\/uploads\\\/2020\\\/07\\\/U-Header-Rechtsgebiete-2-1-scaled.jpg\",\"contentUrl\":\"https:\\\/\\\/www.gamapa.de\\\/wp-content\\\/uploads\\\/2020\\\/07\\\/U-Header-Rechtsgebiete-2-1-scaled.jpg\",\"width\":2560,\"height\":764,\"caption\":\"Anleger, Kunden und Gesch\u00e4ftspartner\"},{\"@type\":\"BreadcrumbList\",\"@id\":\"https:\\\/\\\/www.gamapa.de\\\/en\\\/fields-of-advice\\\/legal-advice\\\/marriage-and-family-law\\\/#breadcrumb\",\"itemListElement\":[{\"@type\":\"ListItem\",\"position\":1,\"name\":\"Startseite\",\"item\":\"https:\\\/\\\/www.gamapa.de\\\/en\\\/\"},{\"@type\":\"ListItem\",\"position\":2,\"name\":\"Fields of advice\",\"item\":\"https:\\\/\\\/www.gamapa.de\\\/en\\\/fields-of-advice\\\/\"},{\"@type\":\"ListItem\",\"position\":3,\"name\":\"Legal advice\",\"item\":\"https:\\\/\\\/www.gamapa.de\\\/en\\\/fields-of-advice\\\/legal-advice\\\/\"},{\"@type\":\"ListItem\",\"position\":4,\"name\":\"Marriage and family law\"}]},{\"@type\":\"WebSite\",\"@id\":\"https:\\\/\\\/www.gamapa.de\\\/en\\\/#website\",\"url\":\"https:\\\/\\\/www.gamapa.de\\\/en\\\/\",\"name\":\"GANTEF\u00dcHRER\",\"description\":\"Wirtschaftspr\u00fcfer, Steuerberater, Rechtsanw\u00e4lte\",\"publisher\":{\"@id\":\"https:\\\/\\\/www.gamapa.de\\\/en\\\/#organization\"},\"potentialAction\":[{\"@type\":\"SearchAction\",\"target\":{\"@type\":\"EntryPoint\",\"urlTemplate\":\"https:\\\/\\\/www.gamapa.de\\\/en\\\/?s={search_term_string}\"},\"query-input\":{\"@type\":\"PropertyValueSpecification\",\"valueRequired\":true,\"valueName\":\"search_term_string\"}}],\"inLanguage\":\"en-US\"},{\"@type\":\"Organization\",\"@id\":\"https:\\\/\\\/www.gamapa.de\\\/en\\\/#organization\",\"name\":\"Gantef\u00fchrer Wirtschaftspr\u00fcfer, Steuerberater, Rechtsanw\u00e4lte\",\"url\":\"https:\\\/\\\/www.gamapa.de\\\/en\\\/\",\"logo\":{\"@type\":\"ImageObject\",\"inLanguage\":\"en-US\",\"@id\":\"https:\\\/\\\/www.gamapa.de\\\/en\\\/#\\\/schema\\\/logo\\\/image\\\/\",\"url\":\"https:\\\/\\\/www.gamapa.de\\\/wp-content\\\/uploads\\\/2026\\\/01\\\/Logo-Gantefuehrer.png\",\"contentUrl\":\"https:\\\/\\\/www.gamapa.de\\\/wp-content\\\/uploads\\\/2026\\\/01\\\/Logo-Gantefuehrer.png\",\"width\":767,\"height\":156,\"caption\":\"Gantef\u00fchrer Wirtschaftspr\u00fcfer, Steuerberater, Rechtsanw\u00e4lte\"},\"image\":{\"@id\":\"https:\\\/\\\/www.gamapa.de\\\/en\\\/#\\\/schema\\\/logo\\\/image\\\/\"}}]}<\/script>\n<!-- \/ Yoast SEO plugin. -->","yoast_head_json":{"title":"Marriage and family law - GANTEF\u00dcHRER","description":"A marriage contract is often recommendable \u2013 and for entrepreneurs in most cases it is indispensable. In many cases they are even obliged to conclude one by their articles of association.","robots":{"index":"index","follow":"follow","max-snippet":"max-snippet:-1","max-image-preview":"max-image-preview:large","max-video-preview":"max-video-preview:-1"},"canonical":"https:\/\/www.gamapa.de\/en\/fields-of-advice\/legal-advice\/marriage-and-family-law\/","og_locale":"en_US","og_type":"article","og_title":"Marriage and family law - GANTEF\u00dcHRER","og_description":"A marriage contract is often recommendable \u2013 and for entrepreneurs in most cases it is indispensable. In many cases they are even obliged to conclude one by their articles of association.","og_url":"https:\/\/www.gamapa.de\/en\/fields-of-advice\/legal-advice\/marriage-and-family-law\/","og_site_name":"GANTEF\u00dcHRER","article_modified_time":"2021-01-09T19:15:11+00:00","og_image":[{"width":2560,"height":764,"url":"https:\/\/www.gamapa.de\/wp-content\/uploads\/2020\/07\/U-Header-Rechtsgebiete-2-1-scaled.jpg","type":"image\/jpeg"}],"twitter_card":"summary_large_image","twitter_misc":{"Est. reading time":"1 minute"},"schema":{"@context":"https:\/\/schema.org","@graph":[{"@type":"WebPage","@id":"https:\/\/www.gamapa.de\/en\/fields-of-advice\/legal-advice\/marriage-and-family-law\/","url":"https:\/\/www.gamapa.de\/en\/fields-of-advice\/legal-advice\/marriage-and-family-law\/","name":"Marriage and family law - GANTEF\u00dcHRER","isPartOf":{"@id":"https:\/\/www.gamapa.de\/en\/#website"},"primaryImageOfPage":{"@id":"https:\/\/www.gamapa.de\/en\/fields-of-advice\/legal-advice\/marriage-and-family-law\/#primaryimage"},"image":{"@id":"https:\/\/www.gamapa.de\/en\/fields-of-advice\/legal-advice\/marriage-and-family-law\/#primaryimage"},"thumbnailUrl":"https:\/\/www.gamapa.de\/wp-content\/uploads\/2020\/07\/U-Header-Rechtsgebiete-2-1-scaled.jpg","datePublished":"2020-03-11T09:19:36+00:00","dateModified":"2021-01-09T19:15:11+00:00","description":"A marriage contract is often recommendable \u2013 and for entrepreneurs in most cases it is indispensable. In many cases they are even obliged to conclude one by their articles of association.","breadcrumb":{"@id":"https:\/\/www.gamapa.de\/en\/fields-of-advice\/legal-advice\/marriage-and-family-law\/#breadcrumb"},"inLanguage":"en-US","potentialAction":[{"@type":"ReadAction","target":["https:\/\/www.gamapa.de\/en\/fields-of-advice\/legal-advice\/marriage-and-family-law\/"]}]},{"@type":"ImageObject","inLanguage":"en-US","@id":"https:\/\/www.gamapa.de\/en\/fields-of-advice\/legal-advice\/marriage-and-family-law\/#primaryimage","url":"https:\/\/www.gamapa.de\/wp-content\/uploads\/2020\/07\/U-Header-Rechtsgebiete-2-1-scaled.jpg","contentUrl":"https:\/\/www.gamapa.de\/wp-content\/uploads\/2020\/07\/U-Header-Rechtsgebiete-2-1-scaled.jpg","width":2560,"height":764,"caption":"Anleger, Kunden und Gesch\u00e4ftspartner"},{"@type":"BreadcrumbList","@id":"https:\/\/www.gamapa.de\/en\/fields-of-advice\/legal-advice\/marriage-and-family-law\/#breadcrumb","itemListElement":[{"@type":"ListItem","position":1,"name":"Startseite","item":"https:\/\/www.gamapa.de\/en\/"},{"@type":"ListItem","position":2,"name":"Fields of advice","item":"https:\/\/www.gamapa.de\/en\/fields-of-advice\/"},{"@type":"ListItem","position":3,"name":"Legal advice","item":"https:\/\/www.gamapa.de\/en\/fields-of-advice\/legal-advice\/"},{"@type":"ListItem","position":4,"name":"Marriage and family law"}]},{"@type":"WebSite","@id":"https:\/\/www.gamapa.de\/en\/#website","url":"https:\/\/www.gamapa.de\/en\/","name":"GANTEF\u00dcHRER","description":"Wirtschaftspr\u00fcfer, Steuerberater, Rechtsanw\u00e4lte","publisher":{"@id":"https:\/\/www.gamapa.de\/en\/#organization"},"potentialAction":[{"@type":"SearchAction","target":{"@type":"EntryPoint","urlTemplate":"https:\/\/www.gamapa.de\/en\/?s={search_term_string}"},"query-input":{"@type":"PropertyValueSpecification","valueRequired":true,"valueName":"search_term_string"}}],"inLanguage":"en-US"},{"@type":"Organization","@id":"https:\/\/www.gamapa.de\/en\/#organization","name":"Gantef\u00fchrer Wirtschaftspr\u00fcfer, Steuerberater, Rechtsanw\u00e4lte","url":"https:\/\/www.gamapa.de\/en\/","logo":{"@type":"ImageObject","inLanguage":"en-US","@id":"https:\/\/www.gamapa.de\/en\/#\/schema\/logo\/image\/","url":"https:\/\/www.gamapa.de\/wp-content\/uploads\/2026\/01\/Logo-Gantefuehrer.png","contentUrl":"https:\/\/www.gamapa.de\/wp-content\/uploads\/2026\/01\/Logo-Gantefuehrer.png","width":767,"height":156,"caption":"Gantef\u00fchrer Wirtschaftspr\u00fcfer, Steuerberater, Rechtsanw\u00e4lte"},"image":{"@id":"https:\/\/www.gamapa.de\/en\/#\/schema\/logo\/image\/"}}]}},"uagb_featured_image_src":{"full":["https:\/\/www.gamapa.de\/wp-content\/uploads\/2020\/07\/U-Header-Rechtsgebiete-2-1-scaled.jpg",2560,764,false],"thumbnail":["https:\/\/www.gamapa.de\/wp-content\/uploads\/2020\/07\/U-Header-Rechtsgebiete-2-1-150x150.jpg",150,150,true],"medium":["https:\/\/www.gamapa.de\/wp-content\/uploads\/2020\/07\/U-Header-Rechtsgebiete-2-1-600x179.jpg",600,179,true],"medium_large":["https:\/\/www.gamapa.de\/wp-content\/uploads\/2020\/07\/U-Header-Rechtsgebiete-2-1-768x229.jpg",580,173,true],"large":["https:\/\/www.gamapa.de\/wp-content\/uploads\/2020\/07\/U-Header-Rechtsgebiete-2-1-scaled.jpg",580,173,false],"gs-tiny":["https:\/\/www.gamapa.de\/wp-content\/uploads\/2020\/07\/U-Header-Rechtsgebiete-2-1-scaled.jpg",50,15,false],"xl":["https:\/\/www.gamapa.de\/wp-content\/uploads\/2020\/07\/U-Header-Rechtsgebiete-2-1-scaled.jpg",1600,478,false],"xxl":["https:\/\/www.gamapa.de\/wp-content\/uploads\/2020\/07\/U-Header-Rechtsgebiete-2-1-scaled.jpg",2200,657,false],"xxxl":["https:\/\/www.gamapa.de\/wp-content\/uploads\/2020\/07\/U-Header-Rechtsgebiete-2-1-scaled.jpg",2560,764,false],"xxxxl":["https:\/\/www.gamapa.de\/wp-content\/uploads\/2020\/07\/U-Header-Rechtsgebiete-2-1-scaled.jpg",2560,764,false],"xxxxxl":["https:\/\/www.gamapa.de\/wp-content\/uploads\/2020\/07\/U-Header-Rechtsgebiete-2-1-scaled.jpg",2560,764,false],"1536x1536":["https:\/\/www.gamapa.de\/wp-content\/uploads\/2020\/07\/U-Header-Rechtsgebiete-2-1-1536x458.jpg",1536,458,true],"2048x2048":["https:\/\/www.gamapa.de\/wp-content\/uploads\/2020\/07\/U-Header-Rechtsgebiete-2-1-2048x611.jpg",2048,611,true],"post-thumbnail":["https:\/\/www.gamapa.de\/wp-content\/uploads\/2020\/07\/U-Header-Rechtsgebiete-2-1-scaled.jpg",2560,764,false],"twentytwenty-fullscreen":["https:\/\/www.gamapa.de\/wp-content\/uploads\/2020\/07\/U-Header-Rechtsgebiete-2-1-scaled.jpg",2560,764,false],"theme-slug-single-post":["https:\/\/www.gamapa.de\/wp-content\/uploads\/2020\/07\/U-Header-Rechtsgebiete-2-1-1600x400.jpg",1600,400,true]},"uagb_author_info":{"display_name":"linda","author_link":"https:\/\/www.gamapa.de\/en\/author\/linda\/"},"uagb_comment_info":0,"uagb_excerpt":"From marriage contract to spouses\u2019 disputes A marriage contract is often recommendable \u2013 and for entrepreneurs in most cases it is indispensable. In many cases they are even obliged to conclude one by their articles of association. In this way, they protect existing assets or their shares in a company in the event of a&hellip;","_links":{"self":[{"href":"https:\/\/www.gamapa.de\/en\/wp-json\/wp\/v2\/pages\/5735","targetHints":{"allow":["GET"]}}],"collection":[{"href":"https:\/\/www.gamapa.de\/en\/wp-json\/wp\/v2\/pages"}],"about":[{"href":"https:\/\/www.gamapa.de\/en\/wp-json\/wp\/v2\/types\/page"}],"author":[{"embeddable":true,"href":"https:\/\/www.gamapa.de\/en\/wp-json\/wp\/v2\/users\/1"}],"replies":[{"embeddable":true,"href":"https:\/\/www.gamapa.de\/en\/wp-json\/wp\/v2\/comments?post=5735"}],"version-history":[{"count":1,"href":"https:\/\/www.gamapa.de\/en\/wp-json\/wp\/v2\/pages\/5735\/revisions"}],"predecessor-version":[{"id":5738,"href":"https:\/\/www.gamapa.de\/en\/wp-json\/wp\/v2\/pages\/5735\/revisions\/5738"}],"up":[{"embeddable":true,"href":"https:\/\/www.gamapa.de\/en\/wp-json\/wp\/v2\/pages\/5658"}],"wp:featuredmedia":[{"embeddable":true,"href":"https:\/\/www.gamapa.de\/en\/wp-json\/wp\/v2\/media\/3879"}],"wp:attachment":[{"href":"https:\/\/www.gamapa.de\/en\/wp-json\/wp\/v2\/media?parent=5735"}],"curies":[{"name":"wp","href":"https:\/\/api.w.org\/{rel}","templated":true}]}}