

{"id":5754,"date":"2020-03-11T10:21:32","date_gmt":"2020-03-11T09:21:32","guid":{"rendered":"https:\/\/www.gamapa.de\/management-consultancy\/unternehmensplanung\/"},"modified":"2025-12-11T13:12:00","modified_gmt":"2025-12-11T12:12:00","slug":"corporate-planning","status":"publish","type":"page","link":"https:\/\/www.gamapa.de\/en\/fields-of-advice\/management-consultancy\/corporate-planning\/","title":{"rendered":"Corporate planning"},"content":{"rendered":"\n<h2 class=\"wp-block-heading\"><strong>To make development transparent<\/strong><\/h2>\n\n\n\n<p>How is the Company going to develop in the future? Especially the shareholders and investors demand transparency to be able to take sustainable decisions. This is precisely where our professional corporate planning services are required.<\/p>\n\n\n\n<p>We support you in setting up and implementing a viable corporate planning strategy. We regularly use target-performance comparisons to check whether the planned targets have been achieved or need to be adjusted. Of course, we also support our clients in the external communication of the planning results, e.g. with lenders.<\/p>\n\n\n\n<p>Even if your company already has comprehensive corporate planning in place, it may be advisable to adapt it \u2013 for example, if the market and industry are subject to major changes or if individual objectives have not been met. We support you by checking the plausibility and validity of figures and measures as well as the integration of the business concept.<\/p>\n\n\n\n<p>For companies in a crisis, a sustainable and feasible restructuring concept is often the prerequisite for overcoming the difficult situation. Here we support our clients in creating transparency, showing a structured path to restoring financial stability and strengthening the confidence of the various stakeholders in crisis management, for example by preparing an independent restructuring concept or expert opinion.<\/p>\n","protected":false},"excerpt":{"rendered":"<p>To make development transparent How is the Company going to develop in the future? Especially the shareholders and investors demand transparency to be able to take sustainable decisions. This is precisely where our professional corporate planning services are required. We support you in setting up and implementing a viable corporate planning strategy. We regularly use <a href=\"https:\/\/www.gamapa.de\/en\/fields-of-advice\/management-consultancy\/corporate-planning\/\">[\u2026]<\/a><\/p>\n","protected":false},"author":1,"featured_media":19745,"parent":5662,"menu_order":2,"comment_status":"closed","ping_status":"closed","template":"templates\/template-simple-site.php","meta":{"_acf_changed":false,"_uag_custom_page_level_css":"","footnotes":""},"class_list":["post-5754","page","type-page","status-publish","has-post-thumbnail","hentry"],"acf":[],"yoast_head":"<!-- This site is optimized with the Yoast SEO plugin v27.5 - https:\/\/yoast.com\/product\/yoast-seo-wordpress\/ -->\n<title>Corporate planning - GANTEF\u00dcHRER<\/title>\n<meta name=\"description\" content=\"How is the Company going to develop in the future? Especially the shareholders and investors demand transparency to be able to take sustainable decisions.\" \/>\n<meta name=\"robots\" content=\"index, follow, max-snippet:-1, max-image-preview:large, max-video-preview:-1\" \/>\n<link rel=\"canonical\" href=\"https:\/\/www.gamapa.de\/en\/fields-of-advice\/management-consultancy\/corporate-planning\/\" \/>\n<meta property=\"og:locale\" content=\"en_US\" \/>\n<meta property=\"og:type\" content=\"article\" \/>\n<meta property=\"og:title\" content=\"Corporate planning - GANTEF\u00dcHRER\" \/>\n<meta property=\"og:description\" content=\"How is the Company going to develop in the future? Especially the shareholders and investors demand transparency to be able to take sustainable decisions.\" \/>\n<meta property=\"og:url\" content=\"https:\/\/www.gamapa.de\/en\/fields-of-advice\/management-consultancy\/corporate-planning\/\" \/>\n<meta property=\"og:site_name\" content=\"GANTEF\u00dcHRER\" \/>\n<meta property=\"article:modified_time\" content=\"2025-12-11T12:12:00+00:00\" \/>\n<meta property=\"og:image\" content=\"https:\/\/www.gamapa.de\/wp-content\/uploads\/2025\/06\/alter-konferenzraum-seitlich-schmal-scaled.jpg\" \/>\n\t<meta property=\"og:image:width\" content=\"2560\" \/>\n\t<meta property=\"og:image:height\" content=\"764\" \/>\n\t<meta property=\"og:image:type\" content=\"image\/jpeg\" \/>\n<meta name=\"twitter:card\" content=\"summary_large_image\" \/>\n<meta name=\"twitter:label1\" content=\"Est. reading time\" \/>\n\t<meta name=\"twitter:data1\" content=\"2 minutes\" \/>\n<script type=\"application\/ld+json\" class=\"yoast-schema-graph\">{\"@context\":\"https:\\\/\\\/schema.org\",\"@graph\":[{\"@type\":\"WebPage\",\"@id\":\"https:\\\/\\\/www.gamapa.de\\\/en\\\/fields-of-advice\\\/management-consultancy\\\/corporate-planning\\\/\",\"url\":\"https:\\\/\\\/www.gamapa.de\\\/en\\\/fields-of-advice\\\/management-consultancy\\\/corporate-planning\\\/\",\"name\":\"Corporate planning - GANTEF\u00dcHRER\",\"isPartOf\":{\"@id\":\"https:\\\/\\\/www.gamapa.de\\\/en\\\/#website\"},\"primaryImageOfPage\":{\"@id\":\"https:\\\/\\\/www.gamapa.de\\\/en\\\/fields-of-advice\\\/management-consultancy\\\/corporate-planning\\\/#primaryimage\"},\"image\":{\"@id\":\"https:\\\/\\\/www.gamapa.de\\\/en\\\/fields-of-advice\\\/management-consultancy\\\/corporate-planning\\\/#primaryimage\"},\"thumbnailUrl\":\"https:\\\/\\\/www.gamapa.de\\\/wp-content\\\/uploads\\\/2025\\\/06\\\/alter-konferenzraum-seitlich-schmal-scaled.jpg\",\"datePublished\":\"2020-03-11T09:21:32+00:00\",\"dateModified\":\"2025-12-11T12:12:00+00:00\",\"description\":\"How is the Company going to develop in the future? Especially the shareholders and investors demand transparency to be able to take sustainable decisions.\",\"breadcrumb\":{\"@id\":\"https:\\\/\\\/www.gamapa.de\\\/en\\\/fields-of-advice\\\/management-consultancy\\\/corporate-planning\\\/#breadcrumb\"},\"inLanguage\":\"en-US\",\"potentialAction\":[{\"@type\":\"ReadAction\",\"target\":[\"https:\\\/\\\/www.gamapa.de\\\/en\\\/fields-of-advice\\\/management-consultancy\\\/corporate-planning\\\/\"]}]},{\"@type\":\"ImageObject\",\"inLanguage\":\"en-US\",\"@id\":\"https:\\\/\\\/www.gamapa.de\\\/en\\\/fields-of-advice\\\/management-consultancy\\\/corporate-planning\\\/#primaryimage\",\"url\":\"https:\\\/\\\/www.gamapa.de\\\/wp-content\\\/uploads\\\/2025\\\/06\\\/alter-konferenzraum-seitlich-schmal-scaled.jpg\",\"contentUrl\":\"https:\\\/\\\/www.gamapa.de\\\/wp-content\\\/uploads\\\/2025\\\/06\\\/alter-konferenzraum-seitlich-schmal-scaled.jpg\",\"width\":2560,\"height\":764,\"caption\":\"Alter Konferenzraum in der K\u00e4mmerei D\u00fcsseldorf mit breitem Holztisch, Holzw\u00e4nden und St\u00fchlen\"},{\"@type\":\"BreadcrumbList\",\"@id\":\"https:\\\/\\\/www.gamapa.de\\\/en\\\/fields-of-advice\\\/management-consultancy\\\/corporate-planning\\\/#breadcrumb\",\"itemListElement\":[{\"@type\":\"ListItem\",\"position\":1,\"name\":\"Startseite\",\"item\":\"https:\\\/\\\/www.gamapa.de\\\/en\\\/\"},{\"@type\":\"ListItem\",\"position\":2,\"name\":\"Fields of advice\",\"item\":\"https:\\\/\\\/www.gamapa.de\\\/en\\\/fields-of-advice\\\/\"},{\"@type\":\"ListItem\",\"position\":3,\"name\":\"Management consultancy\",\"item\":\"https:\\\/\\\/www.gamapa.de\\\/en\\\/fields-of-advice\\\/management-consultancy\\\/\"},{\"@type\":\"ListItem\",\"position\":4,\"name\":\"Corporate planning\"}]},{\"@type\":\"WebSite\",\"@id\":\"https:\\\/\\\/www.gamapa.de\\\/en\\\/#website\",\"url\":\"https:\\\/\\\/www.gamapa.de\\\/en\\\/\",\"name\":\"GANTEF\u00dcHRER\",\"description\":\"Wirtschaftspr\u00fcfer, Steuerberater, Rechtsanw\u00e4lte\",\"publisher\":{\"@id\":\"https:\\\/\\\/www.gamapa.de\\\/en\\\/#organization\"},\"potentialAction\":[{\"@type\":\"SearchAction\",\"target\":{\"@type\":\"EntryPoint\",\"urlTemplate\":\"https:\\\/\\\/www.gamapa.de\\\/en\\\/?s={search_term_string}\"},\"query-input\":{\"@type\":\"PropertyValueSpecification\",\"valueRequired\":true,\"valueName\":\"search_term_string\"}}],\"inLanguage\":\"en-US\"},{\"@type\":\"Organization\",\"@id\":\"https:\\\/\\\/www.gamapa.de\\\/en\\\/#organization\",\"name\":\"Gantef\u00fchrer Wirtschaftspr\u00fcfer, Steuerberater, Rechtsanw\u00e4lte\",\"url\":\"https:\\\/\\\/www.gamapa.de\\\/en\\\/\",\"logo\":{\"@type\":\"ImageObject\",\"inLanguage\":\"en-US\",\"@id\":\"https:\\\/\\\/www.gamapa.de\\\/en\\\/#\\\/schema\\\/logo\\\/image\\\/\",\"url\":\"https:\\\/\\\/www.gamapa.de\\\/wp-content\\\/uploads\\\/2026\\\/01\\\/Logo-Gantefuehrer.png\",\"contentUrl\":\"https:\\\/\\\/www.gamapa.de\\\/wp-content\\\/uploads\\\/2026\\\/01\\\/Logo-Gantefuehrer.png\",\"width\":767,\"height\":156,\"caption\":\"Gantef\u00fchrer Wirtschaftspr\u00fcfer, Steuerberater, Rechtsanw\u00e4lte\"},\"image\":{\"@id\":\"https:\\\/\\\/www.gamapa.de\\\/en\\\/#\\\/schema\\\/logo\\\/image\\\/\"}}]}<\/script>\n<!-- \/ Yoast SEO plugin. -->","yoast_head_json":{"title":"Corporate planning - GANTEF\u00dcHRER","description":"How is the Company going to develop in the future? Especially the shareholders and investors demand transparency to be able to take sustainable decisions.","robots":{"index":"index","follow":"follow","max-snippet":"max-snippet:-1","max-image-preview":"max-image-preview:large","max-video-preview":"max-video-preview:-1"},"canonical":"https:\/\/www.gamapa.de\/en\/fields-of-advice\/management-consultancy\/corporate-planning\/","og_locale":"en_US","og_type":"article","og_title":"Corporate planning - GANTEF\u00dcHRER","og_description":"How is the Company going to develop in the future? Especially the shareholders and investors demand transparency to be able to take sustainable decisions.","og_url":"https:\/\/www.gamapa.de\/en\/fields-of-advice\/management-consultancy\/corporate-planning\/","og_site_name":"GANTEF\u00dcHRER","article_modified_time":"2025-12-11T12:12:00+00:00","og_image":[{"width":2560,"height":764,"url":"https:\/\/www.gamapa.de\/wp-content\/uploads\/2025\/06\/alter-konferenzraum-seitlich-schmal-scaled.jpg","type":"image\/jpeg"}],"twitter_card":"summary_large_image","twitter_misc":{"Est. reading time":"2 minutes"},"schema":{"@context":"https:\/\/schema.org","@graph":[{"@type":"WebPage","@id":"https:\/\/www.gamapa.de\/en\/fields-of-advice\/management-consultancy\/corporate-planning\/","url":"https:\/\/www.gamapa.de\/en\/fields-of-advice\/management-consultancy\/corporate-planning\/","name":"Corporate planning - GANTEF\u00dcHRER","isPartOf":{"@id":"https:\/\/www.gamapa.de\/en\/#website"},"primaryImageOfPage":{"@id":"https:\/\/www.gamapa.de\/en\/fields-of-advice\/management-consultancy\/corporate-planning\/#primaryimage"},"image":{"@id":"https:\/\/www.gamapa.de\/en\/fields-of-advice\/management-consultancy\/corporate-planning\/#primaryimage"},"thumbnailUrl":"https:\/\/www.gamapa.de\/wp-content\/uploads\/2025\/06\/alter-konferenzraum-seitlich-schmal-scaled.jpg","datePublished":"2020-03-11T09:21:32+00:00","dateModified":"2025-12-11T12:12:00+00:00","description":"How is the Company going to develop in the future? Especially the shareholders and investors demand transparency to be able to take sustainable decisions.","breadcrumb":{"@id":"https:\/\/www.gamapa.de\/en\/fields-of-advice\/management-consultancy\/corporate-planning\/#breadcrumb"},"inLanguage":"en-US","potentialAction":[{"@type":"ReadAction","target":["https:\/\/www.gamapa.de\/en\/fields-of-advice\/management-consultancy\/corporate-planning\/"]}]},{"@type":"ImageObject","inLanguage":"en-US","@id":"https:\/\/www.gamapa.de\/en\/fields-of-advice\/management-consultancy\/corporate-planning\/#primaryimage","url":"https:\/\/www.gamapa.de\/wp-content\/uploads\/2025\/06\/alter-konferenzraum-seitlich-schmal-scaled.jpg","contentUrl":"https:\/\/www.gamapa.de\/wp-content\/uploads\/2025\/06\/alter-konferenzraum-seitlich-schmal-scaled.jpg","width":2560,"height":764,"caption":"Alter Konferenzraum in der K\u00e4mmerei D\u00fcsseldorf mit breitem Holztisch, Holzw\u00e4nden und St\u00fchlen"},{"@type":"BreadcrumbList","@id":"https:\/\/www.gamapa.de\/en\/fields-of-advice\/management-consultancy\/corporate-planning\/#breadcrumb","itemListElement":[{"@type":"ListItem","position":1,"name":"Startseite","item":"https:\/\/www.gamapa.de\/en\/"},{"@type":"ListItem","position":2,"name":"Fields of advice","item":"https:\/\/www.gamapa.de\/en\/fields-of-advice\/"},{"@type":"ListItem","position":3,"name":"Management consultancy","item":"https:\/\/www.gamapa.de\/en\/fields-of-advice\/management-consultancy\/"},{"@type":"ListItem","position":4,"name":"Corporate planning"}]},{"@type":"WebSite","@id":"https:\/\/www.gamapa.de\/en\/#website","url":"https:\/\/www.gamapa.de\/en\/","name":"GANTEF\u00dcHRER","description":"Wirtschaftspr\u00fcfer, Steuerberater, Rechtsanw\u00e4lte","publisher":{"@id":"https:\/\/www.gamapa.de\/en\/#organization"},"potentialAction":[{"@type":"SearchAction","target":{"@type":"EntryPoint","urlTemplate":"https:\/\/www.gamapa.de\/en\/?s={search_term_string}"},"query-input":{"@type":"PropertyValueSpecification","valueRequired":true,"valueName":"search_term_string"}}],"inLanguage":"en-US"},{"@type":"Organization","@id":"https:\/\/www.gamapa.de\/en\/#organization","name":"Gantef\u00fchrer Wirtschaftspr\u00fcfer, Steuerberater, Rechtsanw\u00e4lte","url":"https:\/\/www.gamapa.de\/en\/","logo":{"@type":"ImageObject","inLanguage":"en-US","@id":"https:\/\/www.gamapa.de\/en\/#\/schema\/logo\/image\/","url":"https:\/\/www.gamapa.de\/wp-content\/uploads\/2026\/01\/Logo-Gantefuehrer.png","contentUrl":"https:\/\/www.gamapa.de\/wp-content\/uploads\/2026\/01\/Logo-Gantefuehrer.png","width":767,"height":156,"caption":"Gantef\u00fchrer Wirtschaftspr\u00fcfer, Steuerberater, Rechtsanw\u00e4lte"},"image":{"@id":"https:\/\/www.gamapa.de\/en\/#\/schema\/logo\/image\/"}}]}},"uagb_featured_image_src":{"full":["https:\/\/www.gamapa.de\/wp-content\/uploads\/2025\/06\/alter-konferenzraum-seitlich-schmal-scaled.jpg",2560,764,false],"thumbnail":["https:\/\/www.gamapa.de\/wp-content\/uploads\/2025\/06\/alter-konferenzraum-seitlich-schmal-150x150.jpg",150,150,true],"medium":["https:\/\/www.gamapa.de\/wp-content\/uploads\/2025\/06\/alter-konferenzraum-seitlich-schmal-600x179.jpg",600,179,true],"medium_large":["https:\/\/www.gamapa.de\/wp-content\/uploads\/2025\/06\/alter-konferenzraum-seitlich-schmal-768x229.jpg",580,173,true],"large":["https:\/\/www.gamapa.de\/wp-content\/uploads\/2025\/06\/alter-konferenzraum-seitlich-schmal-scaled.jpg",580,173,false],"gs-tiny":["https:\/\/www.gamapa.de\/wp-content\/uploads\/2025\/06\/alter-konferenzraum-seitlich-schmal-50x15.jpg",50,15,true],"xl":["https:\/\/www.gamapa.de\/wp-content\/uploads\/2025\/06\/alter-konferenzraum-seitlich-schmal-1600x477.jpg",1600,477,true],"xxl":["https:\/\/www.gamapa.de\/wp-content\/uploads\/2025\/06\/alter-konferenzraum-seitlich-schmal-2200x656.jpg",2200,656,true],"xxxl":["https:\/\/www.gamapa.de\/wp-content\/uploads\/2025\/06\/alter-konferenzraum-seitlich-schmal-2800x835.jpg",2800,835,true],"xxxxl":["https:\/\/www.gamapa.de\/wp-content\/uploads\/2025\/06\/alter-konferenzraum-seitlich-schmal-scaled.jpg",2560,764,false],"xxxxxl":["https:\/\/www.gamapa.de\/wp-content\/uploads\/2025\/06\/alter-konferenzraum-seitlich-schmal-scaled.jpg",2560,764,false],"1536x1536":["https:\/\/www.gamapa.de\/wp-content\/uploads\/2025\/06\/alter-konferenzraum-seitlich-schmal-1536x458.jpg",1536,458,true],"2048x2048":["https:\/\/www.gamapa.de\/wp-content\/uploads\/2025\/06\/alter-konferenzraum-seitlich-schmal-2048x611.jpg",2048,611,true],"post-thumbnail":["https:\/\/www.gamapa.de\/wp-content\/uploads\/2025\/06\/alter-konferenzraum-seitlich-schmal-scaled.jpg",2560,764,false],"twentytwenty-fullscreen":["https:\/\/www.gamapa.de\/wp-content\/uploads\/2025\/06\/alter-konferenzraum-seitlich-schmal-scaled.jpg",2560,764,false],"theme-slug-single-post":["https:\/\/www.gamapa.de\/wp-content\/uploads\/2025\/06\/alter-konferenzraum-seitlich-schmal-1600x400.jpg",1600,400,true]},"uagb_author_info":{"display_name":"linda","author_link":"https:\/\/www.gamapa.de\/en\/author\/linda\/"},"uagb_comment_info":0,"uagb_excerpt":"To make development transparent How is the Company going to develop in the future? Especially the shareholders and investors demand transparency to be able to take sustainable decisions. This is precisely where our professional corporate planning services are required. We support you in setting up and implementing a viable corporate planning strategy. We regularly use&hellip;","_links":{"self":[{"href":"https:\/\/www.gamapa.de\/en\/wp-json\/wp\/v2\/pages\/5754","targetHints":{"allow":["GET"]}}],"collection":[{"href":"https:\/\/www.gamapa.de\/en\/wp-json\/wp\/v2\/pages"}],"about":[{"href":"https:\/\/www.gamapa.de\/en\/wp-json\/wp\/v2\/types\/page"}],"author":[{"embeddable":true,"href":"https:\/\/www.gamapa.de\/en\/wp-json\/wp\/v2\/users\/1"}],"replies":[{"embeddable":true,"href":"https:\/\/www.gamapa.de\/en\/wp-json\/wp\/v2\/comments?post=5754"}],"version-history":[{"count":4,"href":"https:\/\/www.gamapa.de\/en\/wp-json\/wp\/v2\/pages\/5754\/revisions"}],"predecessor-version":[{"id":22912,"href":"https:\/\/www.gamapa.de\/en\/wp-json\/wp\/v2\/pages\/5754\/revisions\/22912"}],"up":[{"embeddable":true,"href":"https:\/\/www.gamapa.de\/en\/wp-json\/wp\/v2\/pages\/5662"}],"wp:featuredmedia":[{"embeddable":true,"href":"https:\/\/www.gamapa.de\/en\/wp-json\/wp\/v2\/media\/19745"}],"wp:attachment":[{"href":"https:\/\/www.gamapa.de\/en\/wp-json\/wp\/v2\/media?parent=5754"}],"curies":[{"name":"wp","href":"https:\/\/api.w.org\/{rel}","templated":true}]}}