

{"id":6449,"date":"2020-04-02T16:34:10","date_gmt":"2020-04-02T14:34:10","guid":{"rendered":"https:\/\/www.gamapa.de\/karriere\/steuerfachangestellte-m-w-d-oder-buchhalter-m-w-d\/"},"modified":"2021-01-16T21:59:13","modified_gmt":"2021-01-16T20:59:13","slug":"steuerfachangestellte-m-w-d-oder-buchhalter-m-w-d","status":"publish","type":"page","link":"https:\/\/www.gamapa.de\/en\/steuerfachangestellte-m-w-d-oder-buchhalter-m-w-d\/","title":{"rendered":"Tax Clerk (m\/f\/x)"},"content":{"rendered":"\n<p>Since our foundation in 1975, we have developed into one of the leading multidisciplinary medium-sized firms in the D\u00fcsseldorf region. We represent medium-sized companies from Germany and abroad as well as a large number of local authorities, municipal companies, galleries and well-known artists.<\/p>\n\n\n\n<p class=\"blu\"><strong><strong>To strengthen our team, we are looking for people ready to start part- or full-time work immediately as:<\/strong><\/strong><\/p>\n\n\n\n<h1 class=\"wp-block-heading\">Tax Clerk (m\/f\/x)<\/h1>\n\n\n\n<p><\/p>\n\n\n\n<p class=\"blu\"><strong><strong>Our offer:<\/strong><\/strong><\/p>\n\n\n\n<ul class=\"wp-block-list\"><li>a motivated team happy to assist you in taking on new tasks in a supportive working atmosphere<\/li><li>a safe and modern workplace<\/li><li>diversified tasks<\/li><li>an attractive, performance-related salary<\/li><li>work-life balance<\/li><li>downtown location, directly located at Carlsplatz<\/li><li>home office<\/li><li>professional development through targeted further education<\/li><\/ul>\n\n\n\n<p class=\"blu\"><strong><strong>Your future area of responsibility:<\/strong><\/strong><\/p>\n\n\n\n<ul class=\"wp-block-list\"><li>preparation of monthly financial and payroll accounting for clients of different legal forms and industries with DATEV<\/li><li>preparation of tax returns<\/li><li>preparation of cash-based accounting participation in the preparation of annual financial statements<\/li><\/ul>\n\n\n\n<p class=\"blu\"><strong>Your profile:<\/strong><\/p>\n\n\n\n<ul class=\"wp-block-list\"><li>successfully completed apprenticeship as a tax clerk<\/li><li>good to very good knowledge of payroll accounting<\/li><li>good knowledge of DATEV softwarereadiness to use digital solutions and openness to new approaches<\/li><li>team spirit, flexibility, initiative and discretion<\/li><\/ul>\n\n\n\n<p class=\"blu\"><strong>Are you interested?<\/strong><\/p>\n\n\n\n<p>Then we should get to know each other. We are looking forward to your application with indication of your desired salary!<\/p>\n\n\n\n<p>Please send your documents \u2013 also by e-mail \u2013 to:<\/p>\n\n\n\n<p class=\"blu\"><strong>Silke Rickhof<br>Dr. Gantef\u00fchrer, Marquardt &amp; Partner mbB<br> Postfach 10 25 52, 40016 D\u00fcsseldorf<br> E-Mail: <a rel=\"noreferrer noopener\" href=\"mailto:weber@gamapa.de\" target=\"_blank\">be<\/a><a aria-label=\"werbung@gamapa.de (\u00f6ffnet in neuem Tab)\" rel=\"noreferrer noopener\" href=\"mailto:bewerbung@gamapa.de\" target=\"_blank\">werbung@gamapa.de<\/a><br> www.gamapa.de<\/strong><\/p>\n\n\n\n<p>Do you have any other questions? You are welcome to contact us by telephone 0211\/8989 244.<\/p>\n\n\n\n<div class=\"wp-block-button zurueck\"><a class=\"wp-block-button__link\" href=\"https:\/\/www.gamapa.de\/en\/career\/\">back<\/a><\/div>\n","protected":false},"excerpt":{"rendered":"<p>Since our foundation in 1975, we have developed into one of the leading multidisciplinary medium-sized firms in the D\u00fcsseldorf region. We represent medium-sized companies from Germany and abroad as well as a large number of local authorities, municipal companies, galleries and well-known artists. To strengthen our team, we are looking for people ready to start <a href=\"https:\/\/www.gamapa.de\/en\/steuerfachangestellte-m-w-d-oder-buchhalter-m-w-d\/\">[\u2026]<\/a><\/p>\n","protected":false},"author":1,"featured_media":3798,"parent":0,"menu_order":13,"comment_status":"closed","ping_status":"closed","template":"templates\/template-stellenanzeige.php","meta":{"_acf_changed":false,"_uag_custom_page_level_css":"","footnotes":""},"class_list":["post-6449","page","type-page","status-publish","has-post-thumbnail","hentry"],"acf":[],"yoast_head":"<!-- This site is optimized with the Yoast SEO plugin v27.3 - https:\/\/yoast.com\/product\/yoast-seo-wordpress\/ -->\n<title>Tax Clerk (m\/f\/x) - GANTEF\u00dcHRER<\/title>\n<meta name=\"robots\" content=\"index, follow, max-snippet:-1, max-image-preview:large, max-video-preview:-1\" \/>\n<link rel=\"canonical\" href=\"https:\/\/www.gamapa.de\/en\/steuerfachangestellte-m-w-d-oder-buchhalter-m-w-d\/\" \/>\n<meta property=\"og:locale\" content=\"en_US\" \/>\n<meta property=\"og:type\" content=\"article\" \/>\n<meta property=\"og:title\" content=\"Tax Clerk (m\/f\/x) - GANTEF\u00dcHRER\" \/>\n<meta property=\"og:description\" content=\"Since our foundation in 1975, we have developed into one of the leading multidisciplinary medium-sized firms in the D\u00fcsseldorf region. We represent medium-sized companies from Germany and abroad as well as a large number of local authorities, municipal companies, galleries and well-known artists. To strengthen our team, we are looking for people ready to start [\u2026]\" \/>\n<meta property=\"og:url\" content=\"https:\/\/www.gamapa.de\/en\/steuerfachangestellte-m-w-d-oder-buchhalter-m-w-d\/\" \/>\n<meta property=\"og:site_name\" content=\"GANTEF\u00dcHRER\" \/>\n<meta property=\"article:modified_time\" content=\"2021-01-16T20:59:13+00:00\" \/>\n<meta property=\"og:image\" content=\"https:\/\/www.gamapa.de\/wp-content\/uploads\/2020\/03\/Abbinder-kontakt-1-scaled.jpg\" \/>\n\t<meta property=\"og:image:width\" content=\"2560\" \/>\n\t<meta property=\"og:image:height\" content=\"613\" \/>\n\t<meta property=\"og:image:type\" content=\"image\/jpeg\" \/>\n<meta name=\"twitter:card\" content=\"summary_large_image\" \/>\n<meta name=\"twitter:label1\" content=\"Est. reading time\" \/>\n\t<meta name=\"twitter:data1\" content=\"1 minute\" \/>\n<script type=\"application\/ld+json\" class=\"yoast-schema-graph\">{\"@context\":\"https:\\\/\\\/schema.org\",\"@graph\":[{\"@type\":\"WebPage\",\"@id\":\"https:\\\/\\\/www.gamapa.de\\\/en\\\/steuerfachangestellte-m-w-d-oder-buchhalter-m-w-d\\\/\",\"url\":\"https:\\\/\\\/www.gamapa.de\\\/en\\\/steuerfachangestellte-m-w-d-oder-buchhalter-m-w-d\\\/\",\"name\":\"Tax Clerk (m\\\/f\\\/x) - GANTEF\u00dcHRER\",\"isPartOf\":{\"@id\":\"https:\\\/\\\/www.gamapa.de\\\/en\\\/#website\"},\"primaryImageOfPage\":{\"@id\":\"https:\\\/\\\/www.gamapa.de\\\/en\\\/steuerfachangestellte-m-w-d-oder-buchhalter-m-w-d\\\/#primaryimage\"},\"image\":{\"@id\":\"https:\\\/\\\/www.gamapa.de\\\/en\\\/steuerfachangestellte-m-w-d-oder-buchhalter-m-w-d\\\/#primaryimage\"},\"thumbnailUrl\":\"https:\\\/\\\/www.gamapa.de\\\/wp-content\\\/uploads\\\/2020\\\/03\\\/Abbinder-kontakt-1-scaled.jpg\",\"datePublished\":\"2020-04-02T14:34:10+00:00\",\"dateModified\":\"2021-01-16T20:59:13+00:00\",\"breadcrumb\":{\"@id\":\"https:\\\/\\\/www.gamapa.de\\\/en\\\/steuerfachangestellte-m-w-d-oder-buchhalter-m-w-d\\\/#breadcrumb\"},\"inLanguage\":\"en-US\",\"potentialAction\":[{\"@type\":\"ReadAction\",\"target\":[\"https:\\\/\\\/www.gamapa.de\\\/en\\\/steuerfachangestellte-m-w-d-oder-buchhalter-m-w-d\\\/\"]}]},{\"@type\":\"ImageObject\",\"inLanguage\":\"en-US\",\"@id\":\"https:\\\/\\\/www.gamapa.de\\\/en\\\/steuerfachangestellte-m-w-d-oder-buchhalter-m-w-d\\\/#primaryimage\",\"url\":\"https:\\\/\\\/www.gamapa.de\\\/wp-content\\\/uploads\\\/2020\\\/03\\\/Abbinder-kontakt-1-scaled.jpg\",\"contentUrl\":\"https:\\\/\\\/www.gamapa.de\\\/wp-content\\\/uploads\\\/2020\\\/03\\\/Abbinder-kontakt-1-scaled.jpg\",\"width\":2560,\"height\":613},{\"@type\":\"BreadcrumbList\",\"@id\":\"https:\\\/\\\/www.gamapa.de\\\/en\\\/steuerfachangestellte-m-w-d-oder-buchhalter-m-w-d\\\/#breadcrumb\",\"itemListElement\":[{\"@type\":\"ListItem\",\"position\":1,\"name\":\"Startseite\",\"item\":\"https:\\\/\\\/www.gamapa.de\\\/en\\\/\"},{\"@type\":\"ListItem\",\"position\":2,\"name\":\"Tax Clerk (m\\\/f\\\/x)\"}]},{\"@type\":\"WebSite\",\"@id\":\"https:\\\/\\\/www.gamapa.de\\\/en\\\/#website\",\"url\":\"https:\\\/\\\/www.gamapa.de\\\/en\\\/\",\"name\":\"GANTEF\u00dcHRER\",\"description\":\"Wirtschaftspr\u00fcfer, Steuerberater, Rechtsanw\u00e4lte\",\"publisher\":{\"@id\":\"https:\\\/\\\/www.gamapa.de\\\/en\\\/#organization\"},\"potentialAction\":[{\"@type\":\"SearchAction\",\"target\":{\"@type\":\"EntryPoint\",\"urlTemplate\":\"https:\\\/\\\/www.gamapa.de\\\/en\\\/?s={search_term_string}\"},\"query-input\":{\"@type\":\"PropertyValueSpecification\",\"valueRequired\":true,\"valueName\":\"search_term_string\"}}],\"inLanguage\":\"en-US\"},{\"@type\":\"Organization\",\"@id\":\"https:\\\/\\\/www.gamapa.de\\\/en\\\/#organization\",\"name\":\"Gantef\u00fchrer Wirtschaftspr\u00fcfer, Steuerberater, Rechtsanw\u00e4lte\",\"url\":\"https:\\\/\\\/www.gamapa.de\\\/en\\\/\",\"logo\":{\"@type\":\"ImageObject\",\"inLanguage\":\"en-US\",\"@id\":\"https:\\\/\\\/www.gamapa.de\\\/en\\\/#\\\/schema\\\/logo\\\/image\\\/\",\"url\":\"https:\\\/\\\/www.gamapa.de\\\/wp-content\\\/uploads\\\/2026\\\/01\\\/Logo-Gantefuehrer.png\",\"contentUrl\":\"https:\\\/\\\/www.gamapa.de\\\/wp-content\\\/uploads\\\/2026\\\/01\\\/Logo-Gantefuehrer.png\",\"width\":767,\"height\":156,\"caption\":\"Gantef\u00fchrer Wirtschaftspr\u00fcfer, Steuerberater, Rechtsanw\u00e4lte\"},\"image\":{\"@id\":\"https:\\\/\\\/www.gamapa.de\\\/en\\\/#\\\/schema\\\/logo\\\/image\\\/\"}}]}<\/script>\n<!-- \/ Yoast SEO plugin. -->","yoast_head_json":{"title":"Tax Clerk (m\/f\/x) - GANTEF\u00dcHRER","robots":{"index":"index","follow":"follow","max-snippet":"max-snippet:-1","max-image-preview":"max-image-preview:large","max-video-preview":"max-video-preview:-1"},"canonical":"https:\/\/www.gamapa.de\/en\/steuerfachangestellte-m-w-d-oder-buchhalter-m-w-d\/","og_locale":"en_US","og_type":"article","og_title":"Tax Clerk (m\/f\/x) - GANTEF\u00dcHRER","og_description":"Since our foundation in 1975, we have developed into one of the leading multidisciplinary medium-sized firms in the D\u00fcsseldorf region. We represent medium-sized companies from Germany and abroad as well as a large number of local authorities, municipal companies, galleries and well-known artists. To strengthen our team, we are looking for people ready to start [\u2026]","og_url":"https:\/\/www.gamapa.de\/en\/steuerfachangestellte-m-w-d-oder-buchhalter-m-w-d\/","og_site_name":"GANTEF\u00dcHRER","article_modified_time":"2021-01-16T20:59:13+00:00","og_image":[{"width":2560,"height":613,"url":"https:\/\/www.gamapa.de\/wp-content\/uploads\/2020\/03\/Abbinder-kontakt-1-scaled.jpg","type":"image\/jpeg"}],"twitter_card":"summary_large_image","twitter_misc":{"Est. reading time":"1 minute"},"schema":{"@context":"https:\/\/schema.org","@graph":[{"@type":"WebPage","@id":"https:\/\/www.gamapa.de\/en\/steuerfachangestellte-m-w-d-oder-buchhalter-m-w-d\/","url":"https:\/\/www.gamapa.de\/en\/steuerfachangestellte-m-w-d-oder-buchhalter-m-w-d\/","name":"Tax Clerk (m\/f\/x) - GANTEF\u00dcHRER","isPartOf":{"@id":"https:\/\/www.gamapa.de\/en\/#website"},"primaryImageOfPage":{"@id":"https:\/\/www.gamapa.de\/en\/steuerfachangestellte-m-w-d-oder-buchhalter-m-w-d\/#primaryimage"},"image":{"@id":"https:\/\/www.gamapa.de\/en\/steuerfachangestellte-m-w-d-oder-buchhalter-m-w-d\/#primaryimage"},"thumbnailUrl":"https:\/\/www.gamapa.de\/wp-content\/uploads\/2020\/03\/Abbinder-kontakt-1-scaled.jpg","datePublished":"2020-04-02T14:34:10+00:00","dateModified":"2021-01-16T20:59:13+00:00","breadcrumb":{"@id":"https:\/\/www.gamapa.de\/en\/steuerfachangestellte-m-w-d-oder-buchhalter-m-w-d\/#breadcrumb"},"inLanguage":"en-US","potentialAction":[{"@type":"ReadAction","target":["https:\/\/www.gamapa.de\/en\/steuerfachangestellte-m-w-d-oder-buchhalter-m-w-d\/"]}]},{"@type":"ImageObject","inLanguage":"en-US","@id":"https:\/\/www.gamapa.de\/en\/steuerfachangestellte-m-w-d-oder-buchhalter-m-w-d\/#primaryimage","url":"https:\/\/www.gamapa.de\/wp-content\/uploads\/2020\/03\/Abbinder-kontakt-1-scaled.jpg","contentUrl":"https:\/\/www.gamapa.de\/wp-content\/uploads\/2020\/03\/Abbinder-kontakt-1-scaled.jpg","width":2560,"height":613},{"@type":"BreadcrumbList","@id":"https:\/\/www.gamapa.de\/en\/steuerfachangestellte-m-w-d-oder-buchhalter-m-w-d\/#breadcrumb","itemListElement":[{"@type":"ListItem","position":1,"name":"Startseite","item":"https:\/\/www.gamapa.de\/en\/"},{"@type":"ListItem","position":2,"name":"Tax Clerk (m\/f\/x)"}]},{"@type":"WebSite","@id":"https:\/\/www.gamapa.de\/en\/#website","url":"https:\/\/www.gamapa.de\/en\/","name":"GANTEF\u00dcHRER","description":"Wirtschaftspr\u00fcfer, Steuerberater, Rechtsanw\u00e4lte","publisher":{"@id":"https:\/\/www.gamapa.de\/en\/#organization"},"potentialAction":[{"@type":"SearchAction","target":{"@type":"EntryPoint","urlTemplate":"https:\/\/www.gamapa.de\/en\/?s={search_term_string}"},"query-input":{"@type":"PropertyValueSpecification","valueRequired":true,"valueName":"search_term_string"}}],"inLanguage":"en-US"},{"@type":"Organization","@id":"https:\/\/www.gamapa.de\/en\/#organization","name":"Gantef\u00fchrer Wirtschaftspr\u00fcfer, Steuerberater, Rechtsanw\u00e4lte","url":"https:\/\/www.gamapa.de\/en\/","logo":{"@type":"ImageObject","inLanguage":"en-US","@id":"https:\/\/www.gamapa.de\/en\/#\/schema\/logo\/image\/","url":"https:\/\/www.gamapa.de\/wp-content\/uploads\/2026\/01\/Logo-Gantefuehrer.png","contentUrl":"https:\/\/www.gamapa.de\/wp-content\/uploads\/2026\/01\/Logo-Gantefuehrer.png","width":767,"height":156,"caption":"Gantef\u00fchrer Wirtschaftspr\u00fcfer, Steuerberater, Rechtsanw\u00e4lte"},"image":{"@id":"https:\/\/www.gamapa.de\/en\/#\/schema\/logo\/image\/"}}]}},"uagb_featured_image_src":{"full":["https:\/\/www.gamapa.de\/wp-content\/uploads\/2020\/03\/Abbinder-kontakt-1-scaled.jpg",2560,613,false],"thumbnail":["https:\/\/www.gamapa.de\/wp-content\/uploads\/2020\/03\/Abbinder-kontakt-1-150x150.jpg",150,150,true],"medium":["https:\/\/www.gamapa.de\/wp-content\/uploads\/2020\/03\/Abbinder-kontakt-1-600x144.jpg",600,144,true],"medium_large":["https:\/\/www.gamapa.de\/wp-content\/uploads\/2020\/03\/Abbinder-kontakt-1-768x184.jpg",580,139,true],"large":["https:\/\/www.gamapa.de\/wp-content\/uploads\/2020\/03\/Abbinder-kontakt-1-scaled.jpg",580,139,false],"gs-tiny":["https:\/\/www.gamapa.de\/wp-content\/uploads\/2020\/03\/Abbinder-kontakt-1-scaled.jpg",50,12,false],"xl":["https:\/\/www.gamapa.de\/wp-content\/uploads\/2020\/03\/Abbinder-kontakt-1-scaled.jpg",1600,383,false],"xxl":["https:\/\/www.gamapa.de\/wp-content\/uploads\/2020\/03\/Abbinder-kontakt-1-scaled.jpg",2200,527,false],"xxxl":["https:\/\/www.gamapa.de\/wp-content\/uploads\/2020\/03\/Abbinder-kontakt-1-scaled.jpg",2560,613,false],"xxxxl":["https:\/\/www.gamapa.de\/wp-content\/uploads\/2020\/03\/Abbinder-kontakt-1-scaled.jpg",2560,613,false],"xxxxxl":["https:\/\/www.gamapa.de\/wp-content\/uploads\/2020\/03\/Abbinder-kontakt-1-scaled.jpg",2560,613,false],"1536x1536":["https:\/\/www.gamapa.de\/wp-content\/uploads\/2020\/03\/Abbinder-kontakt-1-1536x368.jpg",1536,368,true],"2048x2048":["https:\/\/www.gamapa.de\/wp-content\/uploads\/2020\/03\/Abbinder-kontakt-1-2048x491.jpg",2048,491,true],"post-thumbnail":["https:\/\/www.gamapa.de\/wp-content\/uploads\/2020\/03\/Abbinder-kontakt-1-scaled.jpg",2560,613,false],"twentytwenty-fullscreen":["https:\/\/www.gamapa.de\/wp-content\/uploads\/2020\/03\/Abbinder-kontakt-1-scaled.jpg",2560,613,false],"theme-slug-single-post":["https:\/\/www.gamapa.de\/wp-content\/uploads\/2020\/03\/Abbinder-kontakt-1-1600x400.jpg",1600,400,true]},"uagb_author_info":{"display_name":"linda","author_link":"https:\/\/www.gamapa.de\/en\/author\/linda\/"},"uagb_comment_info":0,"uagb_excerpt":"Since our foundation in 1975, we have developed into one of the leading multidisciplinary medium-sized firms in the D\u00fcsseldorf region. We represent medium-sized companies from Germany and abroad as well as a large number of local authorities, municipal companies, galleries and well-known artists. To strengthen our team, we are looking for people ready to start&hellip;","_links":{"self":[{"href":"https:\/\/www.gamapa.de\/en\/wp-json\/wp\/v2\/pages\/6449","targetHints":{"allow":["GET"]}}],"collection":[{"href":"https:\/\/www.gamapa.de\/en\/wp-json\/wp\/v2\/pages"}],"about":[{"href":"https:\/\/www.gamapa.de\/en\/wp-json\/wp\/v2\/types\/page"}],"author":[{"embeddable":true,"href":"https:\/\/www.gamapa.de\/en\/wp-json\/wp\/v2\/users\/1"}],"replies":[{"embeddable":true,"href":"https:\/\/www.gamapa.de\/en\/wp-json\/wp\/v2\/comments?post=6449"}],"version-history":[{"count":1,"href":"https:\/\/www.gamapa.de\/en\/wp-json\/wp\/v2\/pages\/6449\/revisions"}],"predecessor-version":[{"id":6452,"href":"https:\/\/www.gamapa.de\/en\/wp-json\/wp\/v2\/pages\/6449\/revisions\/6452"}],"wp:featuredmedia":[{"embeddable":true,"href":"https:\/\/www.gamapa.de\/en\/wp-json\/wp\/v2\/media\/3798"}],"wp:attachment":[{"href":"https:\/\/www.gamapa.de\/en\/wp-json\/wp\/v2\/media?parent=6449"}],"curies":[{"name":"wp","href":"https:\/\/api.w.org\/{rel}","templated":true}]}}