

{"id":7855,"date":"2021-04-10T21:35:06","date_gmt":"2021-04-10T19:35:06","guid":{"rendered":"https:\/\/www.gamapa.de\/vera-niedermeyer-rechstanwealtin-mediatorin\/"},"modified":"2025-07-14T12:20:00","modified_gmt":"2025-07-14T10:20:00","slug":"vera-niedermeyer-attorney-at-law-mediator","status":"publish","type":"page","link":"https:\/\/www.gamapa.de\/en\/advisors\/vera-niedermeyer-attorney-at-law-mediator\/","title":{"rendered":"Vera Niedermeyer"},"content":{"rendered":"\n<h3 class=\"wp-block-heading\">Main fields of activity<\/h3>\n\n\n\n<ul class=\"wp-block-list\">\n<li>Legal advice on assets and business succession <\/li>\n\n\n\n<li>Commercial law and corporation law, foundation law<\/li>\n\n\n\n<li>Art law<\/li>\n\n\n\n<li>Mediation<\/li>\n\n\n\n<li>Banking supervision law<\/li>\n<\/ul>\n\n\n\n<h3 class=\"wp-block-heading\">Career<\/h3>\n\n\n\n<figure class=\"wp-block-table tablist\"><table><tbody><tr><td>2002-2007<\/td><td>Law studies at the University of Konstanz<\/td><\/tr><tr><td>2008-2008<\/td><td>Internal at UBS Investment Bank, Zurich<\/td><\/tr><tr><td>2009-2011&nbsp;<\/td><td>Legal clerkship at the Higher Court of Frankfurt am Main<\/td><\/tr><tr><td>2011-2016<\/td><td>Lawyer and salaried partner at Heuking K\u00fchn L\u00fcer Wojtek, Zurich<\/td><\/tr><tr><td>2016-2021<\/td><td>Lawyer  and partner at Pontinova AG, Zurich<\/td><\/tr><tr><td>since 2020<\/td><td>Certified mediator<\/td><\/tr><tr><td>since 2021<\/td><td>Lawyer at Dr. Gantef\u00fchrer, Marquardt &amp; Partner mbB<\/td><\/tr><tr><td>since 2022<\/td><td>Partner at Dr. Gantef\u00fchrer, Marquardt &amp; Partner mbB<\/td><\/tr><\/tbody><\/table><\/figure>\n\n\n\n<h3 class=\"wp-block-heading\">Industries<\/h3>\n\n\n\n<ul class=\"wp-block-list\">\n<li>Medium-sized companies and entrepreneurial families<\/li>\n\n\n\n<li>Private clients<\/li>\n\n\n\n<li>Banks and asset managers<\/li>\n\n\n\n<li>Family offices<\/li>\n<\/ul>\n\n\n\n<h3 class=\"wp-block-heading\">Publications<\/h3>\n\n\n\n<ul class=\"wp-block-list\">\n<li>12\/2019 Ladies Drive: The business magazine for ladies: Out of the crisis<br>03\/2016 die bank: Swiss banks &#8211; The way to Germany<\/li>\n\n\n\n<li>07\/2014&nbsp;<a href=\"http:\/\/www.familymattersonline.info\/\">www.familymattersonline.info<\/a>: Statutory succession or last will &nbsp;\u2013 what is what? (mit Dirk W. Kolvenbach)<\/li>\n\n\n\n<li>09\/2013&nbsp;<a href=\"http:\/\/www.familymattersonline.info\/\">www.familymattersonline.info<\/a>: Accrual of inheritance involving assets abroad \u2013 complexity frequently underestimated<\/li>\n\n\n\n<li>09\/2012 Engel &amp; V\u00f6lkers Commercial: Often underestimated as well as Engel &amp;V\u00f6lkers Commercial: International inheritance law<\/li>\n\n\n\n<li>08\/2012 Private Wealth: The emergency plan (with Dirk W. Kolvenbach)<\/li>\n<\/ul>\n\n\n\n<div class=\"wp-block-buttons is-layout-flex wp-block-buttons-is-layout-flex\">\n<div class=\"wp-block-button zurueck\"><a class=\"wp-block-button__link wp-element-button\" href=\"https:\/\/www.gamapa.de\/en\/advisors\/\">back<\/a><\/div>\n<\/div>\n","protected":false},"excerpt":{"rendered":"<p>Main fields of activity Career 2002-2007 Law studies at the University of Konstanz 2008-2008 Internal at UBS Investment Bank, Zurich 2009-2011&nbsp; Legal clerkship at the Higher Court of Frankfurt am Main 2011-2016 Lawyer and salaried partner at Heuking K\u00fchn L\u00fcer Wojtek, Zurich 2016-2021 Lawyer and partner at Pontinova AG, Zurich since 2020 Certified mediator since <a href=\"https:\/\/www.gamapa.de\/en\/advisors\/vera-niedermeyer-attorney-at-law-mediator\/\">[\u2026]<\/a><\/p>\n","protected":false},"author":1,"featured_media":8141,"parent":5642,"menu_order":36,"comment_status":"closed","ping_status":"closed","template":"templates\/template-Profil.php","meta":{"_acf_changed":false,"_uag_custom_page_level_css":"","footnotes":""},"class_list":["post-7855","page","type-page","status-publish","has-post-thumbnail","hentry"],"acf":[],"yoast_head":"<!-- This site is optimized with the Yoast SEO plugin v27.5 - https:\/\/yoast.com\/product\/yoast-seo-wordpress\/ -->\n<title>Vera Niedermeyer - GANTEF\u00dcHRER<\/title>\n<meta name=\"robots\" content=\"index, follow, max-snippet:-1, max-image-preview:large, max-video-preview:-1\" \/>\n<link rel=\"canonical\" href=\"https:\/\/www.gamapa.de\/en\/advisors\/vera-niedermeyer-attorney-at-law-mediator\/\" \/>\n<meta property=\"og:locale\" content=\"en_US\" \/>\n<meta property=\"og:type\" content=\"article\" \/>\n<meta property=\"og:title\" content=\"Vera Niedermeyer - GANTEF\u00dcHRER\" \/>\n<meta property=\"og:description\" content=\"Main fields of activity Career 2002-2007 Law studies at the University of Konstanz 2008-2008 Internal at UBS Investment Bank, Zurich 2009-2011&nbsp; Legal clerkship at the Higher Court of Frankfurt am Main 2011-2016 Lawyer and salaried partner at Heuking K\u00fchn L\u00fcer Wojtek, Zurich 2016-2021 Lawyer and partner at Pontinova AG, Zurich since 2020 Certified mediator since [\u2026]\" \/>\n<meta property=\"og:url\" content=\"https:\/\/www.gamapa.de\/en\/advisors\/vera-niedermeyer-attorney-at-law-mediator\/\" \/>\n<meta property=\"og:site_name\" content=\"GANTEF\u00dcHRER\" \/>\n<meta property=\"article:modified_time\" content=\"2025-07-14T10:20:00+00:00\" \/>\n<meta property=\"og:image\" content=\"https:\/\/www.gamapa.de\/wp-content\/uploads\/2020\/08\/Niedermeyer-big.jpg\" \/>\n\t<meta property=\"og:image:width\" content=\"1440\" \/>\n\t<meta property=\"og:image:height\" content=\"859\" \/>\n\t<meta property=\"og:image:type\" content=\"image\/jpeg\" \/>\n<meta name=\"twitter:card\" content=\"summary_large_image\" \/>\n<meta name=\"twitter:label1\" content=\"Est. reading time\" \/>\n\t<meta name=\"twitter:data1\" content=\"2 minutes\" \/>\n<script type=\"application\/ld+json\" class=\"yoast-schema-graph\">{\"@context\":\"https:\\\/\\\/schema.org\",\"@graph\":[{\"@type\":\"WebPage\",\"@id\":\"https:\\\/\\\/www.gamapa.de\\\/en\\\/advisors\\\/vera-niedermeyer-attorney-at-law-mediator\\\/\",\"url\":\"https:\\\/\\\/www.gamapa.de\\\/en\\\/advisors\\\/vera-niedermeyer-attorney-at-law-mediator\\\/\",\"name\":\"Vera Niedermeyer - GANTEF\u00dcHRER\",\"isPartOf\":{\"@id\":\"https:\\\/\\\/www.gamapa.de\\\/en\\\/#website\"},\"primaryImageOfPage\":{\"@id\":\"https:\\\/\\\/www.gamapa.de\\\/en\\\/advisors\\\/vera-niedermeyer-attorney-at-law-mediator\\\/#primaryimage\"},\"image\":{\"@id\":\"https:\\\/\\\/www.gamapa.de\\\/en\\\/advisors\\\/vera-niedermeyer-attorney-at-law-mediator\\\/#primaryimage\"},\"thumbnailUrl\":\"https:\\\/\\\/www.gamapa.de\\\/wp-content\\\/uploads\\\/2020\\\/08\\\/Niedermeyer-big.jpg\",\"datePublished\":\"2021-04-10T19:35:06+00:00\",\"dateModified\":\"2025-07-14T10:20:00+00:00\",\"breadcrumb\":{\"@id\":\"https:\\\/\\\/www.gamapa.de\\\/en\\\/advisors\\\/vera-niedermeyer-attorney-at-law-mediator\\\/#breadcrumb\"},\"inLanguage\":\"en-US\",\"potentialAction\":[{\"@type\":\"ReadAction\",\"target\":[\"https:\\\/\\\/www.gamapa.de\\\/en\\\/advisors\\\/vera-niedermeyer-attorney-at-law-mediator\\\/\"]}]},{\"@type\":\"ImageObject\",\"inLanguage\":\"en-US\",\"@id\":\"https:\\\/\\\/www.gamapa.de\\\/en\\\/advisors\\\/vera-niedermeyer-attorney-at-law-mediator\\\/#primaryimage\",\"url\":\"https:\\\/\\\/www.gamapa.de\\\/wp-content\\\/uploads\\\/2020\\\/08\\\/Niedermeyer-big.jpg\",\"contentUrl\":\"https:\\\/\\\/www.gamapa.de\\\/wp-content\\\/uploads\\\/2020\\\/08\\\/Niedermeyer-big.jpg\",\"width\":1440,\"height\":859},{\"@type\":\"BreadcrumbList\",\"@id\":\"https:\\\/\\\/www.gamapa.de\\\/en\\\/advisors\\\/vera-niedermeyer-attorney-at-law-mediator\\\/#breadcrumb\",\"itemListElement\":[{\"@type\":\"ListItem\",\"position\":1,\"name\":\"Startseite\",\"item\":\"https:\\\/\\\/www.gamapa.de\\\/en\\\/\"},{\"@type\":\"ListItem\",\"position\":2,\"name\":\"Advisors\",\"item\":\"https:\\\/\\\/www.gamapa.de\\\/en\\\/advisors\\\/\"},{\"@type\":\"ListItem\",\"position\":3,\"name\":\"Vera Niedermeyer\"}]},{\"@type\":\"WebSite\",\"@id\":\"https:\\\/\\\/www.gamapa.de\\\/en\\\/#website\",\"url\":\"https:\\\/\\\/www.gamapa.de\\\/en\\\/\",\"name\":\"GANTEF\u00dcHRER\",\"description\":\"Wirtschaftspr\u00fcfer, Steuerberater, Rechtsanw\u00e4lte\",\"publisher\":{\"@id\":\"https:\\\/\\\/www.gamapa.de\\\/en\\\/#organization\"},\"potentialAction\":[{\"@type\":\"SearchAction\",\"target\":{\"@type\":\"EntryPoint\",\"urlTemplate\":\"https:\\\/\\\/www.gamapa.de\\\/en\\\/?s={search_term_string}\"},\"query-input\":{\"@type\":\"PropertyValueSpecification\",\"valueRequired\":true,\"valueName\":\"search_term_string\"}}],\"inLanguage\":\"en-US\"},{\"@type\":\"Organization\",\"@id\":\"https:\\\/\\\/www.gamapa.de\\\/en\\\/#organization\",\"name\":\"Gantef\u00fchrer Wirtschaftspr\u00fcfer, Steuerberater, Rechtsanw\u00e4lte\",\"url\":\"https:\\\/\\\/www.gamapa.de\\\/en\\\/\",\"logo\":{\"@type\":\"ImageObject\",\"inLanguage\":\"en-US\",\"@id\":\"https:\\\/\\\/www.gamapa.de\\\/en\\\/#\\\/schema\\\/logo\\\/image\\\/\",\"url\":\"https:\\\/\\\/www.gamapa.de\\\/wp-content\\\/uploads\\\/2026\\\/01\\\/Logo-Gantefuehrer.png\",\"contentUrl\":\"https:\\\/\\\/www.gamapa.de\\\/wp-content\\\/uploads\\\/2026\\\/01\\\/Logo-Gantefuehrer.png\",\"width\":767,\"height\":156,\"caption\":\"Gantef\u00fchrer Wirtschaftspr\u00fcfer, Steuerberater, Rechtsanw\u00e4lte\"},\"image\":{\"@id\":\"https:\\\/\\\/www.gamapa.de\\\/en\\\/#\\\/schema\\\/logo\\\/image\\\/\"}}]}<\/script>\n<!-- \/ Yoast SEO plugin. -->","yoast_head_json":{"title":"Vera Niedermeyer - GANTEF\u00dcHRER","robots":{"index":"index","follow":"follow","max-snippet":"max-snippet:-1","max-image-preview":"max-image-preview:large","max-video-preview":"max-video-preview:-1"},"canonical":"https:\/\/www.gamapa.de\/en\/advisors\/vera-niedermeyer-attorney-at-law-mediator\/","og_locale":"en_US","og_type":"article","og_title":"Vera Niedermeyer - GANTEF\u00dcHRER","og_description":"Main fields of activity Career 2002-2007 Law studies at the University of Konstanz 2008-2008 Internal at UBS Investment Bank, Zurich 2009-2011&nbsp; Legal clerkship at the Higher Court of Frankfurt am Main 2011-2016 Lawyer and salaried partner at Heuking K\u00fchn L\u00fcer Wojtek, Zurich 2016-2021 Lawyer and partner at Pontinova AG, Zurich since 2020 Certified mediator since [\u2026]","og_url":"https:\/\/www.gamapa.de\/en\/advisors\/vera-niedermeyer-attorney-at-law-mediator\/","og_site_name":"GANTEF\u00dcHRER","article_modified_time":"2025-07-14T10:20:00+00:00","og_image":[{"width":1440,"height":859,"url":"https:\/\/www.gamapa.de\/wp-content\/uploads\/2020\/08\/Niedermeyer-big.jpg","type":"image\/jpeg"}],"twitter_card":"summary_large_image","twitter_misc":{"Est. reading time":"2 minutes"},"schema":{"@context":"https:\/\/schema.org","@graph":[{"@type":"WebPage","@id":"https:\/\/www.gamapa.de\/en\/advisors\/vera-niedermeyer-attorney-at-law-mediator\/","url":"https:\/\/www.gamapa.de\/en\/advisors\/vera-niedermeyer-attorney-at-law-mediator\/","name":"Vera Niedermeyer - GANTEF\u00dcHRER","isPartOf":{"@id":"https:\/\/www.gamapa.de\/en\/#website"},"primaryImageOfPage":{"@id":"https:\/\/www.gamapa.de\/en\/advisors\/vera-niedermeyer-attorney-at-law-mediator\/#primaryimage"},"image":{"@id":"https:\/\/www.gamapa.de\/en\/advisors\/vera-niedermeyer-attorney-at-law-mediator\/#primaryimage"},"thumbnailUrl":"https:\/\/www.gamapa.de\/wp-content\/uploads\/2020\/08\/Niedermeyer-big.jpg","datePublished":"2021-04-10T19:35:06+00:00","dateModified":"2025-07-14T10:20:00+00:00","breadcrumb":{"@id":"https:\/\/www.gamapa.de\/en\/advisors\/vera-niedermeyer-attorney-at-law-mediator\/#breadcrumb"},"inLanguage":"en-US","potentialAction":[{"@type":"ReadAction","target":["https:\/\/www.gamapa.de\/en\/advisors\/vera-niedermeyer-attorney-at-law-mediator\/"]}]},{"@type":"ImageObject","inLanguage":"en-US","@id":"https:\/\/www.gamapa.de\/en\/advisors\/vera-niedermeyer-attorney-at-law-mediator\/#primaryimage","url":"https:\/\/www.gamapa.de\/wp-content\/uploads\/2020\/08\/Niedermeyer-big.jpg","contentUrl":"https:\/\/www.gamapa.de\/wp-content\/uploads\/2020\/08\/Niedermeyer-big.jpg","width":1440,"height":859},{"@type":"BreadcrumbList","@id":"https:\/\/www.gamapa.de\/en\/advisors\/vera-niedermeyer-attorney-at-law-mediator\/#breadcrumb","itemListElement":[{"@type":"ListItem","position":1,"name":"Startseite","item":"https:\/\/www.gamapa.de\/en\/"},{"@type":"ListItem","position":2,"name":"Advisors","item":"https:\/\/www.gamapa.de\/en\/advisors\/"},{"@type":"ListItem","position":3,"name":"Vera Niedermeyer"}]},{"@type":"WebSite","@id":"https:\/\/www.gamapa.de\/en\/#website","url":"https:\/\/www.gamapa.de\/en\/","name":"GANTEF\u00dcHRER","description":"Wirtschaftspr\u00fcfer, Steuerberater, Rechtsanw\u00e4lte","publisher":{"@id":"https:\/\/www.gamapa.de\/en\/#organization"},"potentialAction":[{"@type":"SearchAction","target":{"@type":"EntryPoint","urlTemplate":"https:\/\/www.gamapa.de\/en\/?s={search_term_string}"},"query-input":{"@type":"PropertyValueSpecification","valueRequired":true,"valueName":"search_term_string"}}],"inLanguage":"en-US"},{"@type":"Organization","@id":"https:\/\/www.gamapa.de\/en\/#organization","name":"Gantef\u00fchrer Wirtschaftspr\u00fcfer, Steuerberater, Rechtsanw\u00e4lte","url":"https:\/\/www.gamapa.de\/en\/","logo":{"@type":"ImageObject","inLanguage":"en-US","@id":"https:\/\/www.gamapa.de\/en\/#\/schema\/logo\/image\/","url":"https:\/\/www.gamapa.de\/wp-content\/uploads\/2026\/01\/Logo-Gantefuehrer.png","contentUrl":"https:\/\/www.gamapa.de\/wp-content\/uploads\/2026\/01\/Logo-Gantefuehrer.png","width":767,"height":156,"caption":"Gantef\u00fchrer Wirtschaftspr\u00fcfer, Steuerberater, Rechtsanw\u00e4lte"},"image":{"@id":"https:\/\/www.gamapa.de\/en\/#\/schema\/logo\/image\/"}}]}},"uagb_featured_image_src":{"full":["https:\/\/www.gamapa.de\/wp-content\/uploads\/2020\/08\/Niedermeyer-big.jpg",1440,859,false],"thumbnail":["https:\/\/www.gamapa.de\/wp-content\/uploads\/2020\/08\/Niedermeyer-big-150x150.jpg",150,150,true],"medium":["https:\/\/www.gamapa.de\/wp-content\/uploads\/2020\/08\/Niedermeyer-big-600x358.jpg",600,358,true],"medium_large":["https:\/\/www.gamapa.de\/wp-content\/uploads\/2020\/08\/Niedermeyer-big-768x458.jpg",580,346,true],"large":["https:\/\/www.gamapa.de\/wp-content\/uploads\/2020\/08\/Niedermeyer-big.jpg",580,346,false],"gs-tiny":["https:\/\/www.gamapa.de\/wp-content\/uploads\/2020\/08\/Niedermeyer-big.jpg",50,30,false],"xl":["https:\/\/www.gamapa.de\/wp-content\/uploads\/2020\/08\/Niedermeyer-big.jpg",1440,859,false],"xxl":["https:\/\/www.gamapa.de\/wp-content\/uploads\/2020\/08\/Niedermeyer-big.jpg",1440,859,false],"xxxl":["https:\/\/www.gamapa.de\/wp-content\/uploads\/2020\/08\/Niedermeyer-big.jpg",1440,859,false],"xxxxl":["https:\/\/www.gamapa.de\/wp-content\/uploads\/2020\/08\/Niedermeyer-big.jpg",1440,859,false],"xxxxxl":["https:\/\/www.gamapa.de\/wp-content\/uploads\/2020\/08\/Niedermeyer-big.jpg",1440,859,false],"1536x1536":["https:\/\/www.gamapa.de\/wp-content\/uploads\/2020\/08\/Niedermeyer-big.jpg",1440,859,false],"2048x2048":["https:\/\/www.gamapa.de\/wp-content\/uploads\/2020\/08\/Niedermeyer-big.jpg",1440,859,false],"post-thumbnail":["https:\/\/www.gamapa.de\/wp-content\/uploads\/2020\/08\/Niedermeyer-big.jpg",1440,859,false],"twentytwenty-fullscreen":["https:\/\/www.gamapa.de\/wp-content\/uploads\/2020\/08\/Niedermeyer-big.jpg",1440,859,false],"theme-slug-single-post":["https:\/\/www.gamapa.de\/wp-content\/uploads\/2020\/08\/Niedermeyer-big-1440x400.jpg",1440,400,true]},"uagb_author_info":{"display_name":"linda","author_link":"https:\/\/www.gamapa.de\/en\/author\/linda\/"},"uagb_comment_info":0,"uagb_excerpt":"Main fields of activity Career 2002-2007 Law studies at the University of Konstanz 2008-2008 Internal at UBS Investment Bank, Zurich 2009-2011&nbsp; Legal clerkship at the Higher Court of Frankfurt am Main 2011-2016 Lawyer and salaried partner at Heuking K\u00fchn L\u00fcer Wojtek, Zurich 2016-2021 Lawyer and partner at Pontinova AG, Zurich since 2020 Certified mediator since&hellip;","_links":{"self":[{"href":"https:\/\/www.gamapa.de\/en\/wp-json\/wp\/v2\/pages\/7855","targetHints":{"allow":["GET"]}}],"collection":[{"href":"https:\/\/www.gamapa.de\/en\/wp-json\/wp\/v2\/pages"}],"about":[{"href":"https:\/\/www.gamapa.de\/en\/wp-json\/wp\/v2\/types\/page"}],"author":[{"embeddable":true,"href":"https:\/\/www.gamapa.de\/en\/wp-json\/wp\/v2\/users\/1"}],"replies":[{"embeddable":true,"href":"https:\/\/www.gamapa.de\/en\/wp-json\/wp\/v2\/comments?post=7855"}],"version-history":[{"count":25,"href":"https:\/\/www.gamapa.de\/en\/wp-json\/wp\/v2\/pages\/7855\/revisions"}],"predecessor-version":[{"id":20736,"href":"https:\/\/www.gamapa.de\/en\/wp-json\/wp\/v2\/pages\/7855\/revisions\/20736"}],"up":[{"embeddable":true,"href":"https:\/\/www.gamapa.de\/en\/wp-json\/wp\/v2\/pages\/5642"}],"wp:featuredmedia":[{"embeddable":true,"href":"https:\/\/www.gamapa.de\/en\/wp-json\/wp\/v2\/media\/8141"}],"wp:attachment":[{"href":"https:\/\/www.gamapa.de\/en\/wp-json\/wp\/v2\/media?parent=7855"}],"curies":[{"name":"wp","href":"https:\/\/api.w.org\/{rel}","templated":true}]}}