

{"id":13577,"date":"2022-11-11T13:55:45","date_gmt":"2022-11-11T12:55:45","guid":{"rendered":"https:\/\/www.gamapa.de\/daniel-troost-steuerberater-partner\/"},"modified":"2025-11-06T15:17:38","modified_gmt":"2025-11-06T14:17:38","slug":"daniel-troost-conseiller-fiscal-associe","status":"publish","type":"page","link":"https:\/\/www.gamapa.de\/fr\/conseillers\/daniel-troost-conseiller-fiscal-associe\/","title":{"rendered":"Daniel Troost"},"content":{"rendered":"\n<h3 class=\"wp-block-heading\">Domaines de sp\u00e9cialisation<\/h3>\n\n\n\n<ul class=\"wp-block-list\">\n<li>Conseil fiscal aux entreprises du secteur de l&rsquo;assurance et aux entreprises de taille moyenne<\/li>\n\n\n\n<li>Conseil fiscal en mati\u00e8re d&rsquo;assurance<\/li>\n\n\n\n<li>Droit fiscal des investissements<\/li>\n\n\n\n<li>Conseil aux startups et aux investisseurs en mati\u00e8re de financement et de transactions (entre autres Investment Readiness Check et Due Diligence)<\/li>\n\n\n\n<li>Coaching, m\u00e9diation \u00e9conomique et gestion des conflits pour les startups<\/li>\n<\/ul>\n\n\n\n<h3 class=\"wp-block-heading\">Carri\u00e8re professionnelle<\/h3>\n\n\n\n<figure class=\"wp-block-table tablist\"><table><tbody><tr><td>1997-2000<\/td><td>\u00c9cole sup\u00e9rieure de finances du Land de Rh\u00e9nanie-Westphalie (Nordkirchen)<\/td><\/tr><tr><td>2000-2011<\/td><td>Senior Manager au d\u00e9partement \u00ab\u00a0Financial l Services Tax\u00a0\u00bb chez pwc Wirschaftspr\u00fcfungsgesellschaft GmbH (D\u00fcsseldorf\/Cologne)<\/td><\/tr><tr><td>2004<\/td><td>Obtention du dipl\u00f4me de conseiller fiscal<\/td><\/tr><tr><td>2012-2015<\/td><td>Associ\u00e9 au d\u00e9partement \u00ab\u00a0Tax Financial Services\u00a0\u00bb chez KPMG Wirtschaftspr\u00fcfungsgesellschaft AG, Cologne<\/td><\/tr><tr><td>depuis 2015<\/td><td>M\u00e9diateur \u00e9conomique<\/td><\/tr><tr><td>2015-2019<\/td><td>G\u00e9rant chez TRENZ Steuerberatungs GmbH<\/td><\/tr><tr><td>2019-2022<\/td><td>Associ\u00e9 du secteur \u201eFinancial Services Insurance\u00a0\u00bb chez BDO Wirtschaftspr\u00fcfungsgesellschaft AG<\/td><\/tr><tr><td>depuis 2023<\/td><td>Associ\u00e9 chez Dr. Gantef\u00fchrer, Marquardt &amp; Partner<\/td><\/tr><tr><td>depuis 2024<\/td><td>Directeur g\u00e9n\u00e9ral de <a href=\"https:\/\/schumacher-gantefuehrer.de\/\">HLB S&amp;G Consulting GmbH<\/a><\/td><\/tr><\/tbody><\/table><\/figure>\n\n\n\n<h3 class=\"wp-block-heading\">Secteurs<\/h3>\n\n\n\n<ul class=\"wp-block-list\">\n<li>Assurances (Dommages\/Accidents, Assurance-Vie, Fonds de pension, Caisses de retraite, Courtiers en assurances)<\/li>\n\n\n\n<li>Start-ups (MedTech, LegalTech, InsurTech, EdTech, AI)<\/li>\n\n\n\n<li>Venture Capital <\/li>\n\n\n\n<li>Entreprises moyennes de divers secteurs<\/li>\n<\/ul>\n\n\n\n<h3 class=\"wp-block-heading\">Publications<\/h3>\n\n\n\n<ul class=\"wp-block-list\">\n<li>\u00ab\u00a0TVA et taxe sur les assurances dans les contrats d&rsquo;assurance de groupe avec surprime de vente &#8211; cons\u00e9quences fiscales de l&rsquo;arr\u00eat de la CJCE sur le statut d&rsquo;interm\u00e9diaire du preneur d&rsquo;assurance\u00a0\u00bb, Troost\/Vo\u00df, Der Steuerberater, 221 ff., 2023<\/li>\n\n\n\n<li>Fehrenbacher\/Schnitger, Kommentar KStG, SpringerGabler, 2. Auflage zu \u00a7 21a, S.2008-2017<\/li>\n\n\n\n<li>Jan\u00dfen (Hrsg): Praktikerhandbuch MaGo, FCH, Tax CMS pour les compagnies d&rsquo;assurance, S. 204-220<\/li>\n\n\n\n<li>Freiberger\/Bruckner, Corporate Sustainability &#8211; Boussole pour le reporting sur le d\u00e9veloppement durable, Sch\u00e4fferPoeschel, Offenlegungsverordnung, S. 247-261<\/li>\n<\/ul>\n\n\n\n<div class=\"wp-block-buttons is-layout-flex wp-block-buttons-is-layout-flex\">\n<div class=\"wp-block-button zurueck\"><a class=\"wp-block-button__link wp-element-button\" href=\"https:\/\/www.gamapa.de\/fr\/conseillers\/\">retour<\/a><\/div>\n<\/div>\n","protected":false},"excerpt":{"rendered":"<p>Domaines de sp\u00e9cialisation Carri\u00e8re professionnelle 1997-2000 \u00c9cole sup\u00e9rieure de finances du Land de Rh\u00e9nanie-Westphalie (Nordkirchen) 2000-2011 Senior Manager au d\u00e9partement \u00ab\u00a0Financial l Services Tax\u00a0\u00bb chez pwc Wirschaftspr\u00fcfungsgesellschaft GmbH (D\u00fcsseldorf\/Cologne) 2004 Obtention du dipl\u00f4me de conseiller fiscal 2012-2015 Associ\u00e9 au d\u00e9partement \u00ab\u00a0Tax Financial Services\u00a0\u00bb chez KPMG Wirtschaftspr\u00fcfungsgesellschaft AG, Cologne depuis 2015 M\u00e9diateur \u00e9conomique 2015-2019 G\u00e9rant chez <a href=\"https:\/\/www.gamapa.de\/fr\/conseillers\/daniel-troost-conseiller-fiscal-associe\/\">[\u2026]<\/a><\/p>\n","protected":false},"author":1,"featured_media":13730,"parent":4584,"menu_order":5,"comment_status":"closed","ping_status":"closed","template":"templates\/template-Profil.php","meta":{"_acf_changed":false,"_uag_custom_page_level_css":"","footnotes":""},"class_list":["post-13577","page","type-page","status-publish","has-post-thumbnail","hentry"],"acf":[],"yoast_head":"<!-- This site is optimized with the Yoast SEO plugin v27.5 - https:\/\/yoast.com\/product\/yoast-seo-wordpress\/ -->\n<title>Daniel Troost - GANTEF\u00dcHRER<\/title>\n<meta name=\"robots\" content=\"index, follow, max-snippet:-1, max-image-preview:large, max-video-preview:-1\" \/>\n<link rel=\"canonical\" href=\"https:\/\/www.gamapa.de\/fr\/conseillers\/daniel-troost-conseiller-fiscal-associe\/\" \/>\n<meta property=\"og:locale\" content=\"fr_FR\" \/>\n<meta property=\"og:type\" content=\"article\" \/>\n<meta property=\"og:title\" content=\"Daniel Troost - GANTEF\u00dcHRER\" \/>\n<meta property=\"og:description\" content=\"Domaines de sp\u00e9cialisation Carri\u00e8re professionnelle 1997-2000 \u00c9cole sup\u00e9rieure de finances du Land de Rh\u00e9nanie-Westphalie (Nordkirchen) 2000-2011 Senior Manager au d\u00e9partement \u00ab\u00a0Financial l Services Tax\u00a0\u00bb chez pwc Wirschaftspr\u00fcfungsgesellschaft GmbH (D\u00fcsseldorf\/Cologne) 2004 Obtention du dipl\u00f4me de conseiller fiscal 2012-2015 Associ\u00e9 au d\u00e9partement \u00ab\u00a0Tax Financial Services\u00a0\u00bb chez KPMG Wirtschaftspr\u00fcfungsgesellschaft AG, Cologne depuis 2015 M\u00e9diateur \u00e9conomique 2015-2019 G\u00e9rant chez [\u2026]\" \/>\n<meta property=\"og:url\" content=\"https:\/\/www.gamapa.de\/fr\/conseillers\/daniel-troost-conseiller-fiscal-associe\/\" \/>\n<meta property=\"og:site_name\" content=\"GANTEF\u00dcHRER\" \/>\n<meta property=\"article:modified_time\" content=\"2025-11-06T14:17:38+00:00\" \/>\n<meta property=\"og:image\" content=\"https:\/\/www.gamapa.de\/wp-content\/uploads\/2022\/11\/Troost_2.jpg\" \/>\n\t<meta property=\"og:image:width\" content=\"1440\" \/>\n\t<meta property=\"og:image:height\" content=\"859\" \/>\n\t<meta property=\"og:image:type\" content=\"image\/jpeg\" \/>\n<meta name=\"twitter:card\" content=\"summary_large_image\" \/>\n<meta name=\"twitter:label1\" content=\"Dur\u00e9e de lecture estim\u00e9e\" \/>\n\t<meta name=\"twitter:data1\" content=\"2 minutes\" \/>\n<script type=\"application\/ld+json\" class=\"yoast-schema-graph\">{\"@context\":\"https:\\\/\\\/schema.org\",\"@graph\":[{\"@type\":\"WebPage\",\"@id\":\"https:\\\/\\\/www.gamapa.de\\\/fr\\\/conseillers\\\/daniel-troost-conseiller-fiscal-associe\\\/\",\"url\":\"https:\\\/\\\/www.gamapa.de\\\/fr\\\/conseillers\\\/daniel-troost-conseiller-fiscal-associe\\\/\",\"name\":\"Daniel Troost - GANTEF\u00dcHRER\",\"isPartOf\":{\"@id\":\"https:\\\/\\\/www.gamapa.de\\\/fr\\\/#website\"},\"primaryImageOfPage\":{\"@id\":\"https:\\\/\\\/www.gamapa.de\\\/fr\\\/conseillers\\\/daniel-troost-conseiller-fiscal-associe\\\/#primaryimage\"},\"image\":{\"@id\":\"https:\\\/\\\/www.gamapa.de\\\/fr\\\/conseillers\\\/daniel-troost-conseiller-fiscal-associe\\\/#primaryimage\"},\"thumbnailUrl\":\"https:\\\/\\\/www.gamapa.de\\\/wp-content\\\/uploads\\\/2022\\\/11\\\/Troost_2.jpg\",\"datePublished\":\"2022-11-11T12:55:45+00:00\",\"dateModified\":\"2025-11-06T14:17:38+00:00\",\"breadcrumb\":{\"@id\":\"https:\\\/\\\/www.gamapa.de\\\/fr\\\/conseillers\\\/daniel-troost-conseiller-fiscal-associe\\\/#breadcrumb\"},\"inLanguage\":\"fr-FR\",\"potentialAction\":[{\"@type\":\"ReadAction\",\"target\":[\"https:\\\/\\\/www.gamapa.de\\\/fr\\\/conseillers\\\/daniel-troost-conseiller-fiscal-associe\\\/\"]}]},{\"@type\":\"ImageObject\",\"inLanguage\":\"fr-FR\",\"@id\":\"https:\\\/\\\/www.gamapa.de\\\/fr\\\/conseillers\\\/daniel-troost-conseiller-fiscal-associe\\\/#primaryimage\",\"url\":\"https:\\\/\\\/www.gamapa.de\\\/wp-content\\\/uploads\\\/2022\\\/11\\\/Troost_2.jpg\",\"contentUrl\":\"https:\\\/\\\/www.gamapa.de\\\/wp-content\\\/uploads\\\/2022\\\/11\\\/Troost_2.jpg\",\"width\":1440,\"height\":859,\"caption\":\"Daniel Troost, Dipl.-Finw., Steuerberater, Partner Wirtschaftsmediator,\"},{\"@type\":\"BreadcrumbList\",\"@id\":\"https:\\\/\\\/www.gamapa.de\\\/fr\\\/conseillers\\\/daniel-troost-conseiller-fiscal-associe\\\/#breadcrumb\",\"itemListElement\":[{\"@type\":\"ListItem\",\"position\":1,\"name\":\"Startseite\",\"item\":\"https:\\\/\\\/www.gamapa.de\\\/fr\\\/\"},{\"@type\":\"ListItem\",\"position\":2,\"name\":\"Conseillers\",\"item\":\"https:\\\/\\\/www.gamapa.de\\\/fr\\\/conseillers\\\/\"},{\"@type\":\"ListItem\",\"position\":3,\"name\":\"Daniel Troost\"}]},{\"@type\":\"WebSite\",\"@id\":\"https:\\\/\\\/www.gamapa.de\\\/fr\\\/#website\",\"url\":\"https:\\\/\\\/www.gamapa.de\\\/fr\\\/\",\"name\":\"GANTEF\u00dcHRER\",\"description\":\"Wirtschaftspr\u00fcfer, Steuerberater, Rechtsanw\u00e4lte\",\"publisher\":{\"@id\":\"https:\\\/\\\/www.gamapa.de\\\/fr\\\/#organization\"},\"potentialAction\":[{\"@type\":\"SearchAction\",\"target\":{\"@type\":\"EntryPoint\",\"urlTemplate\":\"https:\\\/\\\/www.gamapa.de\\\/fr\\\/?s={search_term_string}\"},\"query-input\":{\"@type\":\"PropertyValueSpecification\",\"valueRequired\":true,\"valueName\":\"search_term_string\"}}],\"inLanguage\":\"fr-FR\"},{\"@type\":\"Organization\",\"@id\":\"https:\\\/\\\/www.gamapa.de\\\/fr\\\/#organization\",\"name\":\"Gantef\u00fchrer Wirtschaftspr\u00fcfer, Steuerberater, Rechtsanw\u00e4lte\",\"url\":\"https:\\\/\\\/www.gamapa.de\\\/fr\\\/\",\"logo\":{\"@type\":\"ImageObject\",\"inLanguage\":\"fr-FR\",\"@id\":\"https:\\\/\\\/www.gamapa.de\\\/fr\\\/#\\\/schema\\\/logo\\\/image\\\/\",\"url\":\"https:\\\/\\\/www.gamapa.de\\\/wp-content\\\/uploads\\\/2026\\\/01\\\/Logo-Gantefuehrer.png\",\"contentUrl\":\"https:\\\/\\\/www.gamapa.de\\\/wp-content\\\/uploads\\\/2026\\\/01\\\/Logo-Gantefuehrer.png\",\"width\":767,\"height\":156,\"caption\":\"Gantef\u00fchrer Wirtschaftspr\u00fcfer, Steuerberater, Rechtsanw\u00e4lte\"},\"image\":{\"@id\":\"https:\\\/\\\/www.gamapa.de\\\/fr\\\/#\\\/schema\\\/logo\\\/image\\\/\"}}]}<\/script>\n<!-- \/ Yoast SEO plugin. -->","yoast_head_json":{"title":"Daniel Troost - GANTEF\u00dcHRER","robots":{"index":"index","follow":"follow","max-snippet":"max-snippet:-1","max-image-preview":"max-image-preview:large","max-video-preview":"max-video-preview:-1"},"canonical":"https:\/\/www.gamapa.de\/fr\/conseillers\/daniel-troost-conseiller-fiscal-associe\/","og_locale":"fr_FR","og_type":"article","og_title":"Daniel Troost - GANTEF\u00dcHRER","og_description":"Domaines de sp\u00e9cialisation Carri\u00e8re professionnelle 1997-2000 \u00c9cole sup\u00e9rieure de finances du Land de Rh\u00e9nanie-Westphalie (Nordkirchen) 2000-2011 Senior Manager au d\u00e9partement \u00ab\u00a0Financial l Services Tax\u00a0\u00bb chez pwc Wirschaftspr\u00fcfungsgesellschaft GmbH (D\u00fcsseldorf\/Cologne) 2004 Obtention du dipl\u00f4me de conseiller fiscal 2012-2015 Associ\u00e9 au d\u00e9partement \u00ab\u00a0Tax Financial Services\u00a0\u00bb chez KPMG Wirtschaftspr\u00fcfungsgesellschaft AG, Cologne depuis 2015 M\u00e9diateur \u00e9conomique 2015-2019 G\u00e9rant chez [\u2026]","og_url":"https:\/\/www.gamapa.de\/fr\/conseillers\/daniel-troost-conseiller-fiscal-associe\/","og_site_name":"GANTEF\u00dcHRER","article_modified_time":"2025-11-06T14:17:38+00:00","og_image":[{"width":1440,"height":859,"url":"https:\/\/www.gamapa.de\/wp-content\/uploads\/2022\/11\/Troost_2.jpg","type":"image\/jpeg"}],"twitter_card":"summary_large_image","twitter_misc":{"Dur\u00e9e de lecture estim\u00e9e":"2 minutes"},"schema":{"@context":"https:\/\/schema.org","@graph":[{"@type":"WebPage","@id":"https:\/\/www.gamapa.de\/fr\/conseillers\/daniel-troost-conseiller-fiscal-associe\/","url":"https:\/\/www.gamapa.de\/fr\/conseillers\/daniel-troost-conseiller-fiscal-associe\/","name":"Daniel Troost - GANTEF\u00dcHRER","isPartOf":{"@id":"https:\/\/www.gamapa.de\/fr\/#website"},"primaryImageOfPage":{"@id":"https:\/\/www.gamapa.de\/fr\/conseillers\/daniel-troost-conseiller-fiscal-associe\/#primaryimage"},"image":{"@id":"https:\/\/www.gamapa.de\/fr\/conseillers\/daniel-troost-conseiller-fiscal-associe\/#primaryimage"},"thumbnailUrl":"https:\/\/www.gamapa.de\/wp-content\/uploads\/2022\/11\/Troost_2.jpg","datePublished":"2022-11-11T12:55:45+00:00","dateModified":"2025-11-06T14:17:38+00:00","breadcrumb":{"@id":"https:\/\/www.gamapa.de\/fr\/conseillers\/daniel-troost-conseiller-fiscal-associe\/#breadcrumb"},"inLanguage":"fr-FR","potentialAction":[{"@type":"ReadAction","target":["https:\/\/www.gamapa.de\/fr\/conseillers\/daniel-troost-conseiller-fiscal-associe\/"]}]},{"@type":"ImageObject","inLanguage":"fr-FR","@id":"https:\/\/www.gamapa.de\/fr\/conseillers\/daniel-troost-conseiller-fiscal-associe\/#primaryimage","url":"https:\/\/www.gamapa.de\/wp-content\/uploads\/2022\/11\/Troost_2.jpg","contentUrl":"https:\/\/www.gamapa.de\/wp-content\/uploads\/2022\/11\/Troost_2.jpg","width":1440,"height":859,"caption":"Daniel Troost, Dipl.-Finw., Steuerberater, Partner Wirtschaftsmediator,"},{"@type":"BreadcrumbList","@id":"https:\/\/www.gamapa.de\/fr\/conseillers\/daniel-troost-conseiller-fiscal-associe\/#breadcrumb","itemListElement":[{"@type":"ListItem","position":1,"name":"Startseite","item":"https:\/\/www.gamapa.de\/fr\/"},{"@type":"ListItem","position":2,"name":"Conseillers","item":"https:\/\/www.gamapa.de\/fr\/conseillers\/"},{"@type":"ListItem","position":3,"name":"Daniel Troost"}]},{"@type":"WebSite","@id":"https:\/\/www.gamapa.de\/fr\/#website","url":"https:\/\/www.gamapa.de\/fr\/","name":"GANTEF\u00dcHRER","description":"Wirtschaftspr\u00fcfer, Steuerberater, Rechtsanw\u00e4lte","publisher":{"@id":"https:\/\/www.gamapa.de\/fr\/#organization"},"potentialAction":[{"@type":"SearchAction","target":{"@type":"EntryPoint","urlTemplate":"https:\/\/www.gamapa.de\/fr\/?s={search_term_string}"},"query-input":{"@type":"PropertyValueSpecification","valueRequired":true,"valueName":"search_term_string"}}],"inLanguage":"fr-FR"},{"@type":"Organization","@id":"https:\/\/www.gamapa.de\/fr\/#organization","name":"Gantef\u00fchrer Wirtschaftspr\u00fcfer, Steuerberater, Rechtsanw\u00e4lte","url":"https:\/\/www.gamapa.de\/fr\/","logo":{"@type":"ImageObject","inLanguage":"fr-FR","@id":"https:\/\/www.gamapa.de\/fr\/#\/schema\/logo\/image\/","url":"https:\/\/www.gamapa.de\/wp-content\/uploads\/2026\/01\/Logo-Gantefuehrer.png","contentUrl":"https:\/\/www.gamapa.de\/wp-content\/uploads\/2026\/01\/Logo-Gantefuehrer.png","width":767,"height":156,"caption":"Gantef\u00fchrer Wirtschaftspr\u00fcfer, Steuerberater, Rechtsanw\u00e4lte"},"image":{"@id":"https:\/\/www.gamapa.de\/fr\/#\/schema\/logo\/image\/"}}]}},"uagb_featured_image_src":{"full":["https:\/\/www.gamapa.de\/wp-content\/uploads\/2022\/11\/Troost_2.jpg",1440,859,false],"thumbnail":["https:\/\/www.gamapa.de\/wp-content\/uploads\/2022\/11\/Troost_2-150x150.jpg",150,150,true],"medium":["https:\/\/www.gamapa.de\/wp-content\/uploads\/2022\/11\/Troost_2-600x358.jpg",600,358,true],"medium_large":["https:\/\/www.gamapa.de\/wp-content\/uploads\/2022\/11\/Troost_2-768x458.jpg",580,346,true],"large":["https:\/\/www.gamapa.de\/wp-content\/uploads\/2022\/11\/Troost_2.jpg",580,346,false],"gs-tiny":["https:\/\/www.gamapa.de\/wp-content\/uploads\/2022\/11\/Troost_2.jpg",50,30,false],"xl":["https:\/\/www.gamapa.de\/wp-content\/uploads\/2022\/11\/Troost_2.jpg",1440,859,false],"xxl":["https:\/\/www.gamapa.de\/wp-content\/uploads\/2022\/11\/Troost_2.jpg",1440,859,false],"xxxl":["https:\/\/www.gamapa.de\/wp-content\/uploads\/2022\/11\/Troost_2.jpg",1440,859,false],"xxxxl":["https:\/\/www.gamapa.de\/wp-content\/uploads\/2022\/11\/Troost_2.jpg",1440,859,false],"xxxxxl":["https:\/\/www.gamapa.de\/wp-content\/uploads\/2022\/11\/Troost_2.jpg",1440,859,false],"1536x1536":["https:\/\/www.gamapa.de\/wp-content\/uploads\/2022\/11\/Troost_2.jpg",1440,859,false],"2048x2048":["https:\/\/www.gamapa.de\/wp-content\/uploads\/2022\/11\/Troost_2.jpg",1440,859,false],"post-thumbnail":["https:\/\/www.gamapa.de\/wp-content\/uploads\/2022\/11\/Troost_2.jpg",1440,859,false],"twentytwenty-fullscreen":["https:\/\/www.gamapa.de\/wp-content\/uploads\/2022\/11\/Troost_2.jpg",1440,859,false],"theme-slug-single-post":["https:\/\/www.gamapa.de\/wp-content\/uploads\/2022\/11\/Troost_2-1440x400.jpg",1440,400,true]},"uagb_author_info":{"display_name":"linda","author_link":"https:\/\/www.gamapa.de\/fr\/author\/linda\/"},"uagb_comment_info":0,"uagb_excerpt":"Domaines de sp\u00e9cialisation Carri\u00e8re professionnelle 1997-2000 \u00c9cole sup\u00e9rieure de finances du Land de Rh\u00e9nanie-Westphalie (Nordkirchen) 2000-2011 Senior Manager au d\u00e9partement \u00ab\u00a0Financial l Services Tax\u00a0\u00bb chez pwc Wirschaftspr\u00fcfungsgesellschaft GmbH (D\u00fcsseldorf\/Cologne) 2004 Obtention du dipl\u00f4me de conseiller fiscal 2012-2015 Associ\u00e9 au d\u00e9partement \u00ab\u00a0Tax Financial Services\u00a0\u00bb chez KPMG Wirtschaftspr\u00fcfungsgesellschaft AG, Cologne depuis 2015 M\u00e9diateur \u00e9conomique 2015-2019 G\u00e9rant chez\u2026","_links":{"self":[{"href":"https:\/\/www.gamapa.de\/fr\/wp-json\/wp\/v2\/pages\/13577","targetHints":{"allow":["GET"]}}],"collection":[{"href":"https:\/\/www.gamapa.de\/fr\/wp-json\/wp\/v2\/pages"}],"about":[{"href":"https:\/\/www.gamapa.de\/fr\/wp-json\/wp\/v2\/types\/page"}],"author":[{"embeddable":true,"href":"https:\/\/www.gamapa.de\/fr\/wp-json\/wp\/v2\/users\/1"}],"replies":[{"embeddable":true,"href":"https:\/\/www.gamapa.de\/fr\/wp-json\/wp\/v2\/comments?post=13577"}],"version-history":[{"count":10,"href":"https:\/\/www.gamapa.de\/fr\/wp-json\/wp\/v2\/pages\/13577\/revisions"}],"predecessor-version":[{"id":22345,"href":"https:\/\/www.gamapa.de\/fr\/wp-json\/wp\/v2\/pages\/13577\/revisions\/22345"}],"up":[{"embeddable":true,"href":"https:\/\/www.gamapa.de\/fr\/wp-json\/wp\/v2\/pages\/4584"}],"wp:featuredmedia":[{"embeddable":true,"href":"https:\/\/www.gamapa.de\/fr\/wp-json\/wp\/v2\/media\/13730"}],"wp:attachment":[{"href":"https:\/\/www.gamapa.de\/fr\/wp-json\/wp\/v2\/media?parent=13577"}],"curies":[{"name":"wp","href":"https:\/\/api.w.org\/{rel}","templated":true}]}}