

{"id":13846,"date":"2023-01-05T13:24:02","date_gmt":"2023-01-05T12:24:02","guid":{"rendered":"https:\/\/www.gamapa.de\/michal-czader-steuerberater\/"},"modified":"2025-07-09T17:02:18","modified_gmt":"2025-07-09T15:02:18","slug":"michal-czader-conseiller-fiscal","status":"publish","type":"page","link":"https:\/\/www.gamapa.de\/fr\/conseillers\/michal-czader-conseiller-fiscal\/","title":{"rendered":"Michal Czader"},"content":{"rendered":"\n<div class=\"wp-block-group is-layout-constrained wp-block-group-is-layout-constrained\">\n<h3 class=\"wp-block-heading\">Domaines de sp\u00e9cialisation<\/h3>\n\n\n\n<ul class=\"wp-block-list\">\n<li>Conseil fiscal pour les entreprises et les fortunes priv\u00e9es<\/li>\n\n\n\n<li>Fiscalit\u00e9 internationale<\/li>\n\n\n\n<li>Assistance aux contr\u00f4les fiscaux et aux proc\u00e9dures judiciaires fiscales<\/li>\n\n\n\n<li>Restructurations fiscales<\/li>\n\n\n\n<li>Utilit\u00e9 publique<\/li>\n<\/ul>\n\n\n\n<h3 class=\"wp-block-heading\">Carri\u00e8re professionnelle<\/h3>\n\n\n\n<figure class=\"wp-block-table tablist\"><table><tbody><tr><td>2009-2012<\/td><td>Formation en tant qu\u2018assistant fiscal<\/td><\/tr><tr><td>2013-2016<\/td><td>Formation duale chez PWC AG, D\u00fcsseldorf et \u00e0 la DHEW, Villingen-Schwenningen, fiscalit\u00e9 et audit, en tant que \u00ab&nbsp;fiscaliste d\u2019entreprise&nbsp;\u00bb<\/td><\/tr><tr><td>2016-2020<\/td><td>Assistant fiscaliste dans diff\u00e9rents cabinets de taille moyenne \u00e0 D\u00fcsseldorf<\/td><\/tr><tr><td>2020<\/td><td>Obtention du dipl\u00f4me de conseiller fiscal<\/td><\/tr><tr><td>2020-2022<\/td><td>Conseiller fiscal dans un cabinet de taille moyenne \u00e0 D\u00fcsseldorf<\/td><\/tr><tr><td>depuis 2023<\/td><td>Conseiller fiscal chez Dr. Gantef\u00fchrer, Marquardt &amp; Partner<\/td><\/tr><tr><td>depuis<br>2025<\/td><td>Conseiller certifi\u00e9 pour l&rsquo;utilit\u00e9 publique (IFU\/ISM gGmbH)<\/td><\/tr><\/tbody><\/table><\/figure>\n\n\n\n<h3 class=\"wp-block-heading\">Secteurs<\/h3>\n\n\n\n<ul class=\"wp-block-list\">\n<li>Clients priv\u00e9s fortun\u00e9s<\/li>\n\n\n\n<li>Entreprises moyennes de divers secteurs<\/li>\n\n\n\n<li>Immobilier<\/li>\n\n\n\n<li>Organisations \u00e0 but non lucratif<\/li>\n<\/ul>\n\n\n\n\n\n<div class=\"wp-block-button zurueck\"><a class=\"wp-block-button__link wp-element-button\" href=\"https:\/\/www.gamapa.de\/fr\/conseillers\/\">retour<\/a><\/div>\n\n\n\n<p><\/p>\n<\/div>\n","protected":false},"excerpt":{"rendered":"<p>Domaines de sp\u00e9cialisation Carri\u00e8re professionnelle 2009-2012 Formation en tant qu\u2018assistant fiscal 2013-2016 Formation duale chez PWC AG, D\u00fcsseldorf et \u00e0 la DHEW, Villingen-Schwenningen, fiscalit\u00e9 et audit, en tant que \u00ab&nbsp;fiscaliste d\u2019entreprise&nbsp;\u00bb 2016-2020 Assistant fiscaliste dans diff\u00e9rents cabinets de taille moyenne \u00e0 D\u00fcsseldorf 2020 Obtention du dipl\u00f4me de conseiller fiscal 2020-2022 Conseiller fiscal dans un cabinet <a href=\"https:\/\/www.gamapa.de\/fr\/conseillers\/michal-czader-conseiller-fiscal\/\">[\u2026]<\/a><\/p>\n","protected":false},"author":1,"featured_media":14119,"parent":4584,"menu_order":31,"comment_status":"closed","ping_status":"closed","template":"templates\/template-Profil.php","meta":{"_acf_changed":false,"_uag_custom_page_level_css":"","footnotes":""},"class_list":["post-13846","page","type-page","status-publish","has-post-thumbnail","hentry"],"acf":[],"yoast_head":"<!-- This site is optimized with the Yoast SEO plugin v27.5 - https:\/\/yoast.com\/product\/yoast-seo-wordpress\/ -->\n<title>Michal Czader - GANTEF\u00dcHRER<\/title>\n<meta name=\"robots\" content=\"index, follow, max-snippet:-1, max-image-preview:large, max-video-preview:-1\" \/>\n<link rel=\"canonical\" href=\"https:\/\/www.gamapa.de\/fr\/conseillers\/michal-czader-conseiller-fiscal\/\" \/>\n<meta property=\"og:locale\" content=\"fr_FR\" \/>\n<meta property=\"og:type\" content=\"article\" \/>\n<meta property=\"og:title\" content=\"Michal Czader - GANTEF\u00dcHRER\" \/>\n<meta property=\"og:description\" content=\"Domaines de sp\u00e9cialisation Carri\u00e8re professionnelle 2009-2012 Formation en tant qu\u2018assistant fiscal 2013-2016 Formation duale chez PWC AG, D\u00fcsseldorf et \u00e0 la DHEW, Villingen-Schwenningen, fiscalit\u00e9 et audit, en tant que \u00ab&nbsp;fiscaliste d\u2019entreprise&nbsp;\u00bb 2016-2020 Assistant fiscaliste dans diff\u00e9rents cabinets de taille moyenne \u00e0 D\u00fcsseldorf 2020 Obtention du dipl\u00f4me de conseiller fiscal 2020-2022 Conseiller fiscal dans un cabinet [\u2026]\" \/>\n<meta property=\"og:url\" content=\"https:\/\/www.gamapa.de\/fr\/conseillers\/michal-czader-conseiller-fiscal\/\" \/>\n<meta property=\"og:site_name\" content=\"GANTEF\u00dcHRER\" \/>\n<meta property=\"article:modified_time\" content=\"2025-07-09T15:02:18+00:00\" \/>\n<meta property=\"og:image\" content=\"https:\/\/www.gamapa.de\/wp-content\/uploads\/2023\/02\/Czader_02.jpg\" \/>\n\t<meta property=\"og:image:width\" content=\"1440\" \/>\n\t<meta property=\"og:image:height\" content=\"859\" \/>\n\t<meta property=\"og:image:type\" content=\"image\/jpeg\" \/>\n<meta name=\"twitter:card\" content=\"summary_large_image\" \/>\n<meta name=\"twitter:label1\" content=\"Dur\u00e9e de lecture estim\u00e9e\" \/>\n\t<meta name=\"twitter:data1\" content=\"1 minute\" \/>\n<script type=\"application\/ld+json\" class=\"yoast-schema-graph\">{\"@context\":\"https:\\\/\\\/schema.org\",\"@graph\":[{\"@type\":\"WebPage\",\"@id\":\"https:\\\/\\\/www.gamapa.de\\\/fr\\\/conseillers\\\/michal-czader-conseiller-fiscal\\\/\",\"url\":\"https:\\\/\\\/www.gamapa.de\\\/fr\\\/conseillers\\\/michal-czader-conseiller-fiscal\\\/\",\"name\":\"Michal Czader - GANTEF\u00dcHRER\",\"isPartOf\":{\"@id\":\"https:\\\/\\\/www.gamapa.de\\\/fr\\\/#website\"},\"primaryImageOfPage\":{\"@id\":\"https:\\\/\\\/www.gamapa.de\\\/fr\\\/conseillers\\\/michal-czader-conseiller-fiscal\\\/#primaryimage\"},\"image\":{\"@id\":\"https:\\\/\\\/www.gamapa.de\\\/fr\\\/conseillers\\\/michal-czader-conseiller-fiscal\\\/#primaryimage\"},\"thumbnailUrl\":\"https:\\\/\\\/www.gamapa.de\\\/wp-content\\\/uploads\\\/2023\\\/02\\\/Czader_02.jpg\",\"datePublished\":\"2023-01-05T12:24:02+00:00\",\"dateModified\":\"2025-07-09T15:02:18+00:00\",\"breadcrumb\":{\"@id\":\"https:\\\/\\\/www.gamapa.de\\\/fr\\\/conseillers\\\/michal-czader-conseiller-fiscal\\\/#breadcrumb\"},\"inLanguage\":\"fr-FR\",\"potentialAction\":[{\"@type\":\"ReadAction\",\"target\":[\"https:\\\/\\\/www.gamapa.de\\\/fr\\\/conseillers\\\/michal-czader-conseiller-fiscal\\\/\"]}]},{\"@type\":\"ImageObject\",\"inLanguage\":\"fr-FR\",\"@id\":\"https:\\\/\\\/www.gamapa.de\\\/fr\\\/conseillers\\\/michal-czader-conseiller-fiscal\\\/#primaryimage\",\"url\":\"https:\\\/\\\/www.gamapa.de\\\/wp-content\\\/uploads\\\/2023\\\/02\\\/Czader_02.jpg\",\"contentUrl\":\"https:\\\/\\\/www.gamapa.de\\\/wp-content\\\/uploads\\\/2023\\\/02\\\/Czader_02.jpg\",\"width\":1440,\"height\":859,\"caption\":\"Michal Czader, Steuerberater\"},{\"@type\":\"BreadcrumbList\",\"@id\":\"https:\\\/\\\/www.gamapa.de\\\/fr\\\/conseillers\\\/michal-czader-conseiller-fiscal\\\/#breadcrumb\",\"itemListElement\":[{\"@type\":\"ListItem\",\"position\":1,\"name\":\"Startseite\",\"item\":\"https:\\\/\\\/www.gamapa.de\\\/fr\\\/\"},{\"@type\":\"ListItem\",\"position\":2,\"name\":\"Conseillers\",\"item\":\"https:\\\/\\\/www.gamapa.de\\\/fr\\\/conseillers\\\/\"},{\"@type\":\"ListItem\",\"position\":3,\"name\":\"Michal Czader\"}]},{\"@type\":\"WebSite\",\"@id\":\"https:\\\/\\\/www.gamapa.de\\\/fr\\\/#website\",\"url\":\"https:\\\/\\\/www.gamapa.de\\\/fr\\\/\",\"name\":\"GANTEF\u00dcHRER\",\"description\":\"Wirtschaftspr\u00fcfer, Steuerberater, Rechtsanw\u00e4lte\",\"publisher\":{\"@id\":\"https:\\\/\\\/www.gamapa.de\\\/fr\\\/#organization\"},\"potentialAction\":[{\"@type\":\"SearchAction\",\"target\":{\"@type\":\"EntryPoint\",\"urlTemplate\":\"https:\\\/\\\/www.gamapa.de\\\/fr\\\/?s={search_term_string}\"},\"query-input\":{\"@type\":\"PropertyValueSpecification\",\"valueRequired\":true,\"valueName\":\"search_term_string\"}}],\"inLanguage\":\"fr-FR\"},{\"@type\":\"Organization\",\"@id\":\"https:\\\/\\\/www.gamapa.de\\\/fr\\\/#organization\",\"name\":\"Gantef\u00fchrer Wirtschaftspr\u00fcfer, Steuerberater, Rechtsanw\u00e4lte\",\"url\":\"https:\\\/\\\/www.gamapa.de\\\/fr\\\/\",\"logo\":{\"@type\":\"ImageObject\",\"inLanguage\":\"fr-FR\",\"@id\":\"https:\\\/\\\/www.gamapa.de\\\/fr\\\/#\\\/schema\\\/logo\\\/image\\\/\",\"url\":\"https:\\\/\\\/www.gamapa.de\\\/wp-content\\\/uploads\\\/2026\\\/01\\\/Logo-Gantefuehrer.png\",\"contentUrl\":\"https:\\\/\\\/www.gamapa.de\\\/wp-content\\\/uploads\\\/2026\\\/01\\\/Logo-Gantefuehrer.png\",\"width\":767,\"height\":156,\"caption\":\"Gantef\u00fchrer Wirtschaftspr\u00fcfer, Steuerberater, Rechtsanw\u00e4lte\"},\"image\":{\"@id\":\"https:\\\/\\\/www.gamapa.de\\\/fr\\\/#\\\/schema\\\/logo\\\/image\\\/\"}}]}<\/script>\n<!-- \/ Yoast SEO plugin. -->","yoast_head_json":{"title":"Michal Czader - GANTEF\u00dcHRER","robots":{"index":"index","follow":"follow","max-snippet":"max-snippet:-1","max-image-preview":"max-image-preview:large","max-video-preview":"max-video-preview:-1"},"canonical":"https:\/\/www.gamapa.de\/fr\/conseillers\/michal-czader-conseiller-fiscal\/","og_locale":"fr_FR","og_type":"article","og_title":"Michal Czader - GANTEF\u00dcHRER","og_description":"Domaines de sp\u00e9cialisation Carri\u00e8re professionnelle 2009-2012 Formation en tant qu\u2018assistant fiscal 2013-2016 Formation duale chez PWC AG, D\u00fcsseldorf et \u00e0 la DHEW, Villingen-Schwenningen, fiscalit\u00e9 et audit, en tant que \u00ab&nbsp;fiscaliste d\u2019entreprise&nbsp;\u00bb 2016-2020 Assistant fiscaliste dans diff\u00e9rents cabinets de taille moyenne \u00e0 D\u00fcsseldorf 2020 Obtention du dipl\u00f4me de conseiller fiscal 2020-2022 Conseiller fiscal dans un cabinet [\u2026]","og_url":"https:\/\/www.gamapa.de\/fr\/conseillers\/michal-czader-conseiller-fiscal\/","og_site_name":"GANTEF\u00dcHRER","article_modified_time":"2025-07-09T15:02:18+00:00","og_image":[{"width":1440,"height":859,"url":"https:\/\/www.gamapa.de\/wp-content\/uploads\/2023\/02\/Czader_02.jpg","type":"image\/jpeg"}],"twitter_card":"summary_large_image","twitter_misc":{"Dur\u00e9e de lecture estim\u00e9e":"1 minute"},"schema":{"@context":"https:\/\/schema.org","@graph":[{"@type":"WebPage","@id":"https:\/\/www.gamapa.de\/fr\/conseillers\/michal-czader-conseiller-fiscal\/","url":"https:\/\/www.gamapa.de\/fr\/conseillers\/michal-czader-conseiller-fiscal\/","name":"Michal Czader - GANTEF\u00dcHRER","isPartOf":{"@id":"https:\/\/www.gamapa.de\/fr\/#website"},"primaryImageOfPage":{"@id":"https:\/\/www.gamapa.de\/fr\/conseillers\/michal-czader-conseiller-fiscal\/#primaryimage"},"image":{"@id":"https:\/\/www.gamapa.de\/fr\/conseillers\/michal-czader-conseiller-fiscal\/#primaryimage"},"thumbnailUrl":"https:\/\/www.gamapa.de\/wp-content\/uploads\/2023\/02\/Czader_02.jpg","datePublished":"2023-01-05T12:24:02+00:00","dateModified":"2025-07-09T15:02:18+00:00","breadcrumb":{"@id":"https:\/\/www.gamapa.de\/fr\/conseillers\/michal-czader-conseiller-fiscal\/#breadcrumb"},"inLanguage":"fr-FR","potentialAction":[{"@type":"ReadAction","target":["https:\/\/www.gamapa.de\/fr\/conseillers\/michal-czader-conseiller-fiscal\/"]}]},{"@type":"ImageObject","inLanguage":"fr-FR","@id":"https:\/\/www.gamapa.de\/fr\/conseillers\/michal-czader-conseiller-fiscal\/#primaryimage","url":"https:\/\/www.gamapa.de\/wp-content\/uploads\/2023\/02\/Czader_02.jpg","contentUrl":"https:\/\/www.gamapa.de\/wp-content\/uploads\/2023\/02\/Czader_02.jpg","width":1440,"height":859,"caption":"Michal Czader, Steuerberater"},{"@type":"BreadcrumbList","@id":"https:\/\/www.gamapa.de\/fr\/conseillers\/michal-czader-conseiller-fiscal\/#breadcrumb","itemListElement":[{"@type":"ListItem","position":1,"name":"Startseite","item":"https:\/\/www.gamapa.de\/fr\/"},{"@type":"ListItem","position":2,"name":"Conseillers","item":"https:\/\/www.gamapa.de\/fr\/conseillers\/"},{"@type":"ListItem","position":3,"name":"Michal Czader"}]},{"@type":"WebSite","@id":"https:\/\/www.gamapa.de\/fr\/#website","url":"https:\/\/www.gamapa.de\/fr\/","name":"GANTEF\u00dcHRER","description":"Wirtschaftspr\u00fcfer, Steuerberater, Rechtsanw\u00e4lte","publisher":{"@id":"https:\/\/www.gamapa.de\/fr\/#organization"},"potentialAction":[{"@type":"SearchAction","target":{"@type":"EntryPoint","urlTemplate":"https:\/\/www.gamapa.de\/fr\/?s={search_term_string}"},"query-input":{"@type":"PropertyValueSpecification","valueRequired":true,"valueName":"search_term_string"}}],"inLanguage":"fr-FR"},{"@type":"Organization","@id":"https:\/\/www.gamapa.de\/fr\/#organization","name":"Gantef\u00fchrer Wirtschaftspr\u00fcfer, Steuerberater, Rechtsanw\u00e4lte","url":"https:\/\/www.gamapa.de\/fr\/","logo":{"@type":"ImageObject","inLanguage":"fr-FR","@id":"https:\/\/www.gamapa.de\/fr\/#\/schema\/logo\/image\/","url":"https:\/\/www.gamapa.de\/wp-content\/uploads\/2026\/01\/Logo-Gantefuehrer.png","contentUrl":"https:\/\/www.gamapa.de\/wp-content\/uploads\/2026\/01\/Logo-Gantefuehrer.png","width":767,"height":156,"caption":"Gantef\u00fchrer Wirtschaftspr\u00fcfer, Steuerberater, Rechtsanw\u00e4lte"},"image":{"@id":"https:\/\/www.gamapa.de\/fr\/#\/schema\/logo\/image\/"}}]}},"uagb_featured_image_src":{"full":["https:\/\/www.gamapa.de\/wp-content\/uploads\/2023\/02\/Czader_02.jpg",1440,859,false],"thumbnail":["https:\/\/www.gamapa.de\/wp-content\/uploads\/2023\/02\/Czader_02-150x150.jpg",150,150,true],"medium":["https:\/\/www.gamapa.de\/wp-content\/uploads\/2023\/02\/Czader_02-600x358.jpg",600,358,true],"medium_large":["https:\/\/www.gamapa.de\/wp-content\/uploads\/2023\/02\/Czader_02-768x458.jpg",580,346,true],"large":["https:\/\/www.gamapa.de\/wp-content\/uploads\/2023\/02\/Czader_02.jpg",580,346,false],"gs-tiny":["https:\/\/www.gamapa.de\/wp-content\/uploads\/2023\/02\/Czader_02.jpg",50,30,false],"xl":["https:\/\/www.gamapa.de\/wp-content\/uploads\/2023\/02\/Czader_02.jpg",1440,859,false],"xxl":["https:\/\/www.gamapa.de\/wp-content\/uploads\/2023\/02\/Czader_02.jpg",1440,859,false],"xxxl":["https:\/\/www.gamapa.de\/wp-content\/uploads\/2023\/02\/Czader_02.jpg",1440,859,false],"xxxxl":["https:\/\/www.gamapa.de\/wp-content\/uploads\/2023\/02\/Czader_02.jpg",1440,859,false],"xxxxxl":["https:\/\/www.gamapa.de\/wp-content\/uploads\/2023\/02\/Czader_02.jpg",1440,859,false],"1536x1536":["https:\/\/www.gamapa.de\/wp-content\/uploads\/2023\/02\/Czader_02.jpg",1440,859,false],"2048x2048":["https:\/\/www.gamapa.de\/wp-content\/uploads\/2023\/02\/Czader_02.jpg",1440,859,false],"post-thumbnail":["https:\/\/www.gamapa.de\/wp-content\/uploads\/2023\/02\/Czader_02.jpg",1440,859,false],"twentytwenty-fullscreen":["https:\/\/www.gamapa.de\/wp-content\/uploads\/2023\/02\/Czader_02.jpg",1440,859,false],"theme-slug-single-post":["https:\/\/www.gamapa.de\/wp-content\/uploads\/2023\/02\/Czader_02-1440x400.jpg",1440,400,true]},"uagb_author_info":{"display_name":"linda","author_link":"https:\/\/www.gamapa.de\/fr\/author\/linda\/"},"uagb_comment_info":0,"uagb_excerpt":"Domaines de sp\u00e9cialisation Carri\u00e8re professionnelle 2009-2012 Formation en tant qu\u2018assistant fiscal 2013-2016 Formation duale chez PWC AG, D\u00fcsseldorf et \u00e0 la DHEW, Villingen-Schwenningen, fiscalit\u00e9 et audit, en tant que \u00ab&nbsp;fiscaliste d\u2019entreprise&nbsp;\u00bb 2016-2020 Assistant fiscaliste dans diff\u00e9rents cabinets de taille moyenne \u00e0 D\u00fcsseldorf 2020 Obtention du dipl\u00f4me de conseiller fiscal 2020-2022 Conseiller fiscal dans un cabinet\u2026","_links":{"self":[{"href":"https:\/\/www.gamapa.de\/fr\/wp-json\/wp\/v2\/pages\/13846","targetHints":{"allow":["GET"]}}],"collection":[{"href":"https:\/\/www.gamapa.de\/fr\/wp-json\/wp\/v2\/pages"}],"about":[{"href":"https:\/\/www.gamapa.de\/fr\/wp-json\/wp\/v2\/types\/page"}],"author":[{"embeddable":true,"href":"https:\/\/www.gamapa.de\/fr\/wp-json\/wp\/v2\/users\/1"}],"replies":[{"embeddable":true,"href":"https:\/\/www.gamapa.de\/fr\/wp-json\/wp\/v2\/comments?post=13846"}],"version-history":[{"count":14,"href":"https:\/\/www.gamapa.de\/fr\/wp-json\/wp\/v2\/pages\/13846\/revisions"}],"predecessor-version":[{"id":20420,"href":"https:\/\/www.gamapa.de\/fr\/wp-json\/wp\/v2\/pages\/13846\/revisions\/20420"}],"up":[{"embeddable":true,"href":"https:\/\/www.gamapa.de\/fr\/wp-json\/wp\/v2\/pages\/4584"}],"wp:featuredmedia":[{"embeddable":true,"href":"https:\/\/www.gamapa.de\/fr\/wp-json\/wp\/v2\/media\/14119"}],"wp:attachment":[{"href":"https:\/\/www.gamapa.de\/fr\/wp-json\/wp\/v2\/media?parent=13846"}],"curies":[{"name":"wp","href":"https:\/\/api.w.org\/{rel}","templated":true}]}}