

{"id":14064,"date":"2023-02-06T12:21:55","date_gmt":"2023-02-06T11:21:55","guid":{"rendered":"https:\/\/www.gamapa.de\/dr-victoria-bratvogel-rechtsanwaeltin\/"},"modified":"2025-07-09T16:57:52","modified_gmt":"2025-07-09T14:57:52","slug":"dr-victoria-bratvogel-avocate","status":"publish","type":"page","link":"https:\/\/www.gamapa.de\/fr\/conseillers\/dr-victoria-bratvogel-avocate\/","title":{"rendered":"Dr. Victoria Bratvogel"},"content":{"rendered":"\n<h3 class=\"wp-block-heading\">Domaines de sp\u00e9cialisation<\/h3>\n\n\n\n<ul class=\"wp-block-list\">\n<li>Droit commercial et des soci\u00e9t\u00e9s<\/li>\n\n\n\n<li>Droit des fondations<\/li>\n\n\n\n<li>Droit de l\u2019art<\/li>\n\n\n\n<li>Droit des successions<\/li>\n\n\n\n<li>Gestion des litiges<\/li>\n<\/ul>\n\n\n\n<h3 class=\"wp-block-heading\">Carri\u00e8re professionnelle<\/h3>\n\n\n\n<figure class=\"wp-block-table tablist\"><table><tbody><tr><td>2010-2016<\/td><td>Etudes de droit \u00e0 l\u2019Universit\u00e9 de Bielefeld<\/td><\/tr><tr><td>2016-2019<\/td><td>Collaboratrice scientifique, European Legal Studies Institute, Universit\u00e9 d&rsquo;Osnabr\u00fcck<\/td><\/tr><tr><td>2019-2021<\/td><td>Stage juridique<\/td><\/tr><tr><td>2021<\/td><td>Doctorat, Universit\u00e9 d\u2018Osnabr\u00fcck<\/td><\/tr><tr><td>2022-2023<\/td><td>Associate, Taylor Wessing, D\u00fcsseldorf<\/td><\/tr><tr><td>depuis 2023<\/td><td>Avocate chez Dr. Gantef\u00fchrer, Marquardt und Partner<\/td><\/tr><\/tbody><\/table><\/figure>\n\n\n\n<h3 class=\"wp-block-heading\">Secteurs<\/h3>\n\n\n\n<ul class=\"wp-block-list\">\n<li>Entreprises moyennes de divers secteurs<\/li>\n\n\n\n<li>Fondations<\/li>\n\n\n\n<li>Clients priv\u00e9s<\/li>\n<\/ul>\n\n\n\n<h3 class=\"wp-block-heading\">Publications<\/h3>\n\n\n\n<ul class=\"wp-block-list\">\n<li>Normalisation des services et droit priv\u00e9 dans le march\u00e9 int\u00e9rieur europ\u00e9en, V&amp;R unipress, Universit\u00e4tsverlag Osnabr\u00fcck, 2022<\/li>\n<\/ul>\n\n\n\n<div class=\"wp-block-buttons is-layout-flex wp-block-buttons-is-layout-flex\">\n<div class=\"wp-block-button zurueck\"><a class=\"wp-block-button__link wp-element-button\" href=\"https:\/\/www.gamapa.de\/fr\/conseillers\/\">retour<\/a><\/div>\n<\/div>\n","protected":false},"excerpt":{"rendered":"<p>Domaines de sp\u00e9cialisation Carri\u00e8re professionnelle 2010-2016 Etudes de droit \u00e0 l\u2019Universit\u00e9 de Bielefeld 2016-2019 Collaboratrice scientifique, European Legal Studies Institute, Universit\u00e9 d&rsquo;Osnabr\u00fcck 2019-2021 Stage juridique 2021 Doctorat, Universit\u00e9 d\u2018Osnabr\u00fcck 2022-2023 Associate, Taylor Wessing, D\u00fcsseldorf depuis 2023 Avocate chez Dr. Gantef\u00fchrer, Marquardt und Partner Secteurs Publications<\/p>\n","protected":false},"author":1,"featured_media":14167,"parent":4584,"menu_order":7,"comment_status":"closed","ping_status":"closed","template":"templates\/template-Profil.php","meta":{"_acf_changed":false,"_uag_custom_page_level_css":"","footnotes":""},"class_list":["post-14064","page","type-page","status-publish","has-post-thumbnail","hentry"],"acf":[],"yoast_head":"<!-- This site is optimized with the Yoast SEO plugin v27.3 - https:\/\/yoast.com\/product\/yoast-seo-wordpress\/ -->\n<title>Dr. Victoria Bratvogel - GANTEF\u00dcHRER<\/title>\n<meta name=\"robots\" content=\"index, follow, max-snippet:-1, max-image-preview:large, max-video-preview:-1\" \/>\n<link rel=\"canonical\" href=\"https:\/\/www.gamapa.de\/fr\/conseillers\/dr-victoria-bratvogel-avocate\/\" \/>\n<meta property=\"og:locale\" content=\"fr_FR\" \/>\n<meta property=\"og:type\" content=\"article\" \/>\n<meta property=\"og:title\" content=\"Dr. Victoria Bratvogel - GANTEF\u00dcHRER\" \/>\n<meta property=\"og:description\" content=\"Domaines de sp\u00e9cialisation Carri\u00e8re professionnelle 2010-2016 Etudes de droit \u00e0 l\u2019Universit\u00e9 de Bielefeld 2016-2019 Collaboratrice scientifique, European Legal Studies Institute, Universit\u00e9 d&rsquo;Osnabr\u00fcck 2019-2021 Stage juridique 2021 Doctorat, Universit\u00e9 d\u2018Osnabr\u00fcck 2022-2023 Associate, Taylor Wessing, D\u00fcsseldorf depuis 2023 Avocate chez Dr. Gantef\u00fchrer, Marquardt und Partner Secteurs Publications\" \/>\n<meta property=\"og:url\" content=\"https:\/\/www.gamapa.de\/fr\/conseillers\/dr-victoria-bratvogel-avocate\/\" \/>\n<meta property=\"og:site_name\" content=\"GANTEF\u00dcHRER\" \/>\n<meta property=\"article:modified_time\" content=\"2025-07-09T14:57:52+00:00\" \/>\n<meta property=\"og:image\" content=\"https:\/\/www.gamapa.de\/wp-content\/uploads\/2023\/02\/Bratvogel_2.jpg\" \/>\n\t<meta property=\"og:image:width\" content=\"1440\" \/>\n\t<meta property=\"og:image:height\" content=\"859\" \/>\n\t<meta property=\"og:image:type\" content=\"image\/jpeg\" \/>\n<meta name=\"twitter:card\" content=\"summary_large_image\" \/>\n<meta name=\"twitter:label1\" content=\"Dur\u00e9e de lecture estim\u00e9e\" \/>\n\t<meta name=\"twitter:data1\" content=\"1 minute\" \/>\n<script type=\"application\/ld+json\" class=\"yoast-schema-graph\">{\"@context\":\"https:\\\/\\\/schema.org\",\"@graph\":[{\"@type\":\"WebPage\",\"@id\":\"https:\\\/\\\/www.gamapa.de\\\/fr\\\/conseillers\\\/dr-victoria-bratvogel-avocate\\\/\",\"url\":\"https:\\\/\\\/www.gamapa.de\\\/fr\\\/conseillers\\\/dr-victoria-bratvogel-avocate\\\/\",\"name\":\"Dr. Victoria Bratvogel - GANTEF\u00dcHRER\",\"isPartOf\":{\"@id\":\"https:\\\/\\\/www.gamapa.de\\\/fr\\\/#website\"},\"primaryImageOfPage\":{\"@id\":\"https:\\\/\\\/www.gamapa.de\\\/fr\\\/conseillers\\\/dr-victoria-bratvogel-avocate\\\/#primaryimage\"},\"image\":{\"@id\":\"https:\\\/\\\/www.gamapa.de\\\/fr\\\/conseillers\\\/dr-victoria-bratvogel-avocate\\\/#primaryimage\"},\"thumbnailUrl\":\"https:\\\/\\\/www.gamapa.de\\\/wp-content\\\/uploads\\\/2023\\\/02\\\/Bratvogel_2.jpg\",\"datePublished\":\"2023-02-06T11:21:55+00:00\",\"dateModified\":\"2025-07-09T14:57:52+00:00\",\"breadcrumb\":{\"@id\":\"https:\\\/\\\/www.gamapa.de\\\/fr\\\/conseillers\\\/dr-victoria-bratvogel-avocate\\\/#breadcrumb\"},\"inLanguage\":\"fr-FR\",\"potentialAction\":[{\"@type\":\"ReadAction\",\"target\":[\"https:\\\/\\\/www.gamapa.de\\\/fr\\\/conseillers\\\/dr-victoria-bratvogel-avocate\\\/\"]}]},{\"@type\":\"ImageObject\",\"inLanguage\":\"fr-FR\",\"@id\":\"https:\\\/\\\/www.gamapa.de\\\/fr\\\/conseillers\\\/dr-victoria-bratvogel-avocate\\\/#primaryimage\",\"url\":\"https:\\\/\\\/www.gamapa.de\\\/wp-content\\\/uploads\\\/2023\\\/02\\\/Bratvogel_2.jpg\",\"contentUrl\":\"https:\\\/\\\/www.gamapa.de\\\/wp-content\\\/uploads\\\/2023\\\/02\\\/Bratvogel_2.jpg\",\"width\":1440,\"height\":859,\"caption\":\"Dr. Victoria Bratvogel, Rechtsanw\u00e4ltin\"},{\"@type\":\"BreadcrumbList\",\"@id\":\"https:\\\/\\\/www.gamapa.de\\\/fr\\\/conseillers\\\/dr-victoria-bratvogel-avocate\\\/#breadcrumb\",\"itemListElement\":[{\"@type\":\"ListItem\",\"position\":1,\"name\":\"Startseite\",\"item\":\"https:\\\/\\\/www.gamapa.de\\\/fr\\\/\"},{\"@type\":\"ListItem\",\"position\":2,\"name\":\"Conseillers\",\"item\":\"https:\\\/\\\/www.gamapa.de\\\/fr\\\/conseillers\\\/\"},{\"@type\":\"ListItem\",\"position\":3,\"name\":\"Dr. Victoria Bratvogel\"}]},{\"@type\":\"WebSite\",\"@id\":\"https:\\\/\\\/www.gamapa.de\\\/fr\\\/#website\",\"url\":\"https:\\\/\\\/www.gamapa.de\\\/fr\\\/\",\"name\":\"GANTEF\u00dcHRER\",\"description\":\"Wirtschaftspr\u00fcfer, Steuerberater, Rechtsanw\u00e4lte\",\"publisher\":{\"@id\":\"https:\\\/\\\/www.gamapa.de\\\/fr\\\/#organization\"},\"potentialAction\":[{\"@type\":\"SearchAction\",\"target\":{\"@type\":\"EntryPoint\",\"urlTemplate\":\"https:\\\/\\\/www.gamapa.de\\\/fr\\\/?s={search_term_string}\"},\"query-input\":{\"@type\":\"PropertyValueSpecification\",\"valueRequired\":true,\"valueName\":\"search_term_string\"}}],\"inLanguage\":\"fr-FR\"},{\"@type\":\"Organization\",\"@id\":\"https:\\\/\\\/www.gamapa.de\\\/fr\\\/#organization\",\"name\":\"Gantef\u00fchrer Wirtschaftspr\u00fcfer, Steuerberater, Rechtsanw\u00e4lte\",\"url\":\"https:\\\/\\\/www.gamapa.de\\\/fr\\\/\",\"logo\":{\"@type\":\"ImageObject\",\"inLanguage\":\"fr-FR\",\"@id\":\"https:\\\/\\\/www.gamapa.de\\\/fr\\\/#\\\/schema\\\/logo\\\/image\\\/\",\"url\":\"https:\\\/\\\/www.gamapa.de\\\/wp-content\\\/uploads\\\/2026\\\/01\\\/Logo-Gantefuehrer.png\",\"contentUrl\":\"https:\\\/\\\/www.gamapa.de\\\/wp-content\\\/uploads\\\/2026\\\/01\\\/Logo-Gantefuehrer.png\",\"width\":767,\"height\":156,\"caption\":\"Gantef\u00fchrer Wirtschaftspr\u00fcfer, Steuerberater, Rechtsanw\u00e4lte\"},\"image\":{\"@id\":\"https:\\\/\\\/www.gamapa.de\\\/fr\\\/#\\\/schema\\\/logo\\\/image\\\/\"}}]}<\/script>\n<!-- \/ Yoast SEO plugin. -->","yoast_head_json":{"title":"Dr. Victoria Bratvogel - GANTEF\u00dcHRER","robots":{"index":"index","follow":"follow","max-snippet":"max-snippet:-1","max-image-preview":"max-image-preview:large","max-video-preview":"max-video-preview:-1"},"canonical":"https:\/\/www.gamapa.de\/fr\/conseillers\/dr-victoria-bratvogel-avocate\/","og_locale":"fr_FR","og_type":"article","og_title":"Dr. Victoria Bratvogel - GANTEF\u00dcHRER","og_description":"Domaines de sp\u00e9cialisation Carri\u00e8re professionnelle 2010-2016 Etudes de droit \u00e0 l\u2019Universit\u00e9 de Bielefeld 2016-2019 Collaboratrice scientifique, European Legal Studies Institute, Universit\u00e9 d&rsquo;Osnabr\u00fcck 2019-2021 Stage juridique 2021 Doctorat, Universit\u00e9 d\u2018Osnabr\u00fcck 2022-2023 Associate, Taylor Wessing, D\u00fcsseldorf depuis 2023 Avocate chez Dr. Gantef\u00fchrer, Marquardt und Partner Secteurs Publications","og_url":"https:\/\/www.gamapa.de\/fr\/conseillers\/dr-victoria-bratvogel-avocate\/","og_site_name":"GANTEF\u00dcHRER","article_modified_time":"2025-07-09T14:57:52+00:00","og_image":[{"width":1440,"height":859,"url":"https:\/\/www.gamapa.de\/wp-content\/uploads\/2023\/02\/Bratvogel_2.jpg","type":"image\/jpeg"}],"twitter_card":"summary_large_image","twitter_misc":{"Dur\u00e9e de lecture estim\u00e9e":"1 minute"},"schema":{"@context":"https:\/\/schema.org","@graph":[{"@type":"WebPage","@id":"https:\/\/www.gamapa.de\/fr\/conseillers\/dr-victoria-bratvogel-avocate\/","url":"https:\/\/www.gamapa.de\/fr\/conseillers\/dr-victoria-bratvogel-avocate\/","name":"Dr. Victoria Bratvogel - GANTEF\u00dcHRER","isPartOf":{"@id":"https:\/\/www.gamapa.de\/fr\/#website"},"primaryImageOfPage":{"@id":"https:\/\/www.gamapa.de\/fr\/conseillers\/dr-victoria-bratvogel-avocate\/#primaryimage"},"image":{"@id":"https:\/\/www.gamapa.de\/fr\/conseillers\/dr-victoria-bratvogel-avocate\/#primaryimage"},"thumbnailUrl":"https:\/\/www.gamapa.de\/wp-content\/uploads\/2023\/02\/Bratvogel_2.jpg","datePublished":"2023-02-06T11:21:55+00:00","dateModified":"2025-07-09T14:57:52+00:00","breadcrumb":{"@id":"https:\/\/www.gamapa.de\/fr\/conseillers\/dr-victoria-bratvogel-avocate\/#breadcrumb"},"inLanguage":"fr-FR","potentialAction":[{"@type":"ReadAction","target":["https:\/\/www.gamapa.de\/fr\/conseillers\/dr-victoria-bratvogel-avocate\/"]}]},{"@type":"ImageObject","inLanguage":"fr-FR","@id":"https:\/\/www.gamapa.de\/fr\/conseillers\/dr-victoria-bratvogel-avocate\/#primaryimage","url":"https:\/\/www.gamapa.de\/wp-content\/uploads\/2023\/02\/Bratvogel_2.jpg","contentUrl":"https:\/\/www.gamapa.de\/wp-content\/uploads\/2023\/02\/Bratvogel_2.jpg","width":1440,"height":859,"caption":"Dr. Victoria Bratvogel, Rechtsanw\u00e4ltin"},{"@type":"BreadcrumbList","@id":"https:\/\/www.gamapa.de\/fr\/conseillers\/dr-victoria-bratvogel-avocate\/#breadcrumb","itemListElement":[{"@type":"ListItem","position":1,"name":"Startseite","item":"https:\/\/www.gamapa.de\/fr\/"},{"@type":"ListItem","position":2,"name":"Conseillers","item":"https:\/\/www.gamapa.de\/fr\/conseillers\/"},{"@type":"ListItem","position":3,"name":"Dr. Victoria Bratvogel"}]},{"@type":"WebSite","@id":"https:\/\/www.gamapa.de\/fr\/#website","url":"https:\/\/www.gamapa.de\/fr\/","name":"GANTEF\u00dcHRER","description":"Wirtschaftspr\u00fcfer, Steuerberater, Rechtsanw\u00e4lte","publisher":{"@id":"https:\/\/www.gamapa.de\/fr\/#organization"},"potentialAction":[{"@type":"SearchAction","target":{"@type":"EntryPoint","urlTemplate":"https:\/\/www.gamapa.de\/fr\/?s={search_term_string}"},"query-input":{"@type":"PropertyValueSpecification","valueRequired":true,"valueName":"search_term_string"}}],"inLanguage":"fr-FR"},{"@type":"Organization","@id":"https:\/\/www.gamapa.de\/fr\/#organization","name":"Gantef\u00fchrer Wirtschaftspr\u00fcfer, Steuerberater, Rechtsanw\u00e4lte","url":"https:\/\/www.gamapa.de\/fr\/","logo":{"@type":"ImageObject","inLanguage":"fr-FR","@id":"https:\/\/www.gamapa.de\/fr\/#\/schema\/logo\/image\/","url":"https:\/\/www.gamapa.de\/wp-content\/uploads\/2026\/01\/Logo-Gantefuehrer.png","contentUrl":"https:\/\/www.gamapa.de\/wp-content\/uploads\/2026\/01\/Logo-Gantefuehrer.png","width":767,"height":156,"caption":"Gantef\u00fchrer Wirtschaftspr\u00fcfer, Steuerberater, Rechtsanw\u00e4lte"},"image":{"@id":"https:\/\/www.gamapa.de\/fr\/#\/schema\/logo\/image\/"}}]}},"uagb_featured_image_src":{"full":["https:\/\/www.gamapa.de\/wp-content\/uploads\/2023\/02\/Bratvogel_2.jpg",1440,859,false],"thumbnail":["https:\/\/www.gamapa.de\/wp-content\/uploads\/2023\/02\/Bratvogel_2-150x150.jpg",150,150,true],"medium":["https:\/\/www.gamapa.de\/wp-content\/uploads\/2023\/02\/Bratvogel_2-600x358.jpg",600,358,true],"medium_large":["https:\/\/www.gamapa.de\/wp-content\/uploads\/2023\/02\/Bratvogel_2-768x458.jpg",580,346,true],"large":["https:\/\/www.gamapa.de\/wp-content\/uploads\/2023\/02\/Bratvogel_2.jpg",580,346,false],"gs-tiny":["https:\/\/www.gamapa.de\/wp-content\/uploads\/2023\/02\/Bratvogel_2.jpg",50,30,false],"xl":["https:\/\/www.gamapa.de\/wp-content\/uploads\/2023\/02\/Bratvogel_2.jpg",1440,859,false],"xxl":["https:\/\/www.gamapa.de\/wp-content\/uploads\/2023\/02\/Bratvogel_2.jpg",1440,859,false],"xxxl":["https:\/\/www.gamapa.de\/wp-content\/uploads\/2023\/02\/Bratvogel_2.jpg",1440,859,false],"xxxxl":["https:\/\/www.gamapa.de\/wp-content\/uploads\/2023\/02\/Bratvogel_2.jpg",1440,859,false],"xxxxxl":["https:\/\/www.gamapa.de\/wp-content\/uploads\/2023\/02\/Bratvogel_2.jpg",1440,859,false],"1536x1536":["https:\/\/www.gamapa.de\/wp-content\/uploads\/2023\/02\/Bratvogel_2.jpg",1440,859,false],"2048x2048":["https:\/\/www.gamapa.de\/wp-content\/uploads\/2023\/02\/Bratvogel_2.jpg",1440,859,false],"post-thumbnail":["https:\/\/www.gamapa.de\/wp-content\/uploads\/2023\/02\/Bratvogel_2.jpg",1440,859,false],"twentytwenty-fullscreen":["https:\/\/www.gamapa.de\/wp-content\/uploads\/2023\/02\/Bratvogel_2.jpg",1440,859,false],"theme-slug-single-post":["https:\/\/www.gamapa.de\/wp-content\/uploads\/2023\/02\/Bratvogel_2-1440x400.jpg",1440,400,true]},"uagb_author_info":{"display_name":"linda","author_link":"https:\/\/www.gamapa.de\/fr\/author\/linda\/"},"uagb_comment_info":0,"uagb_excerpt":"Domaines de sp\u00e9cialisation Carri\u00e8re professionnelle 2010-2016 Etudes de droit \u00e0 l\u2019Universit\u00e9 de Bielefeld 2016-2019 Collaboratrice scientifique, European Legal Studies Institute, Universit\u00e9 d&rsquo;Osnabr\u00fcck 2019-2021 Stage juridique 2021 Doctorat, Universit\u00e9 d\u2018Osnabr\u00fcck 2022-2023 Associate, Taylor Wessing, D\u00fcsseldorf depuis 2023 Avocate chez Dr. Gantef\u00fchrer, Marquardt und Partner Secteurs Publications","_links":{"self":[{"href":"https:\/\/www.gamapa.de\/fr\/wp-json\/wp\/v2\/pages\/14064","targetHints":{"allow":["GET"]}}],"collection":[{"href":"https:\/\/www.gamapa.de\/fr\/wp-json\/wp\/v2\/pages"}],"about":[{"href":"https:\/\/www.gamapa.de\/fr\/wp-json\/wp\/v2\/types\/page"}],"author":[{"embeddable":true,"href":"https:\/\/www.gamapa.de\/fr\/wp-json\/wp\/v2\/users\/1"}],"replies":[{"embeddable":true,"href":"https:\/\/www.gamapa.de\/fr\/wp-json\/wp\/v2\/comments?post=14064"}],"version-history":[{"count":12,"href":"https:\/\/www.gamapa.de\/fr\/wp-json\/wp\/v2\/pages\/14064\/revisions"}],"predecessor-version":[{"id":20416,"href":"https:\/\/www.gamapa.de\/fr\/wp-json\/wp\/v2\/pages\/14064\/revisions\/20416"}],"up":[{"embeddable":true,"href":"https:\/\/www.gamapa.de\/fr\/wp-json\/wp\/v2\/pages\/4584"}],"wp:featuredmedia":[{"embeddable":true,"href":"https:\/\/www.gamapa.de\/fr\/wp-json\/wp\/v2\/media\/14167"}],"wp:attachment":[{"href":"https:\/\/www.gamapa.de\/fr\/wp-json\/wp\/v2\/media?parent=14064"}],"curies":[{"name":"wp","href":"https:\/\/api.w.org\/{rel}","templated":true}]}}