

{"id":20243,"date":"2025-07-08T11:22:26","date_gmt":"2025-07-08T09:22:26","guid":{"rendered":"https:\/\/www.gamapa.de\/conseillers\/maximilian-boehm-ll-m\/"},"modified":"2026-02-10T12:24:03","modified_gmt":"2026-02-10T11:24:03","slug":"maximilian-boehm-ll-m","status":"publish","type":"page","link":"https:\/\/www.gamapa.de\/fr\/conseillers\/maximilian-boehm-ll-m\/","title":{"rendered":"Maximilian B\u00f6hm, LL.M."},"content":{"rendered":"\n<h3 class=\"wp-block-heading\">Domaines de sp\u00e9cialisation<\/h3>\n\n\n\n<ul class=\"wp-block-list\">\n<li>Droit des successions<\/li>\n\n\n\n<li>Droit commercial et droit des soci\u00e9t\u00e9s<\/li>\n\n\n\n<li>Droit immobilier<\/li>\n<\/ul>\n\n\n\n<h3 class=\"wp-block-heading\">Carri\u00e8re professionnelle<\/h3>\n\n\n\n<figure class=\"wp-block-table tablist\"><table><tbody><tr><td>2013-2019<\/td><td>\u00c9tudes de droit \u00e0 l&rsquo;universit\u00e9 Martin Luther de Halle-Wittenberg et \u00e0 l&rsquo;universit\u00e9 Northumbria de Newcastle upon Tyne (Royaume-Uni)<\/td><\/tr><tr><td>2020<\/td><td>LL.M.-\u00e9tudes \u00e0 l&rsquo;universit\u00e9 de Stellenbosch (Afrique du Sud)<\/td><\/tr><tr><td>2021-2023<\/td><td>Stage de droit \u00e0 Halle et Berlin<\/td><\/tr><tr><td>2024-2025<\/td><td>Avocat chez Loschelder Rechtsanw\u00e4lte Partnerschaftsgesellschaft mbB, Cologne<\/td><\/tr><tr><td>depuis 2025<\/td><td>Avocat chez Dr. Gantef\u00fchrer, Marquardt und Partner<\/td><\/tr><\/tbody><\/table><\/figure>\n\n\n\n<h3 class=\"wp-block-heading\">Secteurs<\/h3>\n\n\n\n<ul class=\"wp-block-list\">\n<li>Entreprises moyennes de divers secteurs<\/li>\n\n\n\n<li>Fondations<\/li>\n\n\n\n<li>Clients priv\u00e9s<\/li>\n<\/ul>\n\n\n\n<div class=\"wp-block-buttons is-layout-flex wp-block-buttons-is-layout-flex\">\n<div class=\"wp-block-button zurueck\"><a class=\"wp-block-button__link wp-element-button\" href=\"https:\/\/www.gamapa.de\/fr\/conseillers\/\">Retour<\/a><\/div>\n<\/div>\n","protected":false},"excerpt":{"rendered":"<p>Domaines de sp\u00e9cialisation Carri\u00e8re professionnelle 2013-2019 \u00c9tudes de droit \u00e0 l&rsquo;universit\u00e9 Martin Luther de Halle-Wittenberg et \u00e0 l&rsquo;universit\u00e9 Northumbria de Newcastle upon Tyne (Royaume-Uni) 2020 LL.M.-\u00e9tudes \u00e0 l&rsquo;universit\u00e9 de Stellenbosch (Afrique du Sud) 2021-2023 Stage de droit \u00e0 Halle et Berlin 2024-2025 Avocat chez Loschelder Rechtsanw\u00e4lte Partnerschaftsgesellschaft mbB, Cologne depuis 2025 Avocat chez Dr. Gantef\u00fchrer, <a href=\"https:\/\/www.gamapa.de\/fr\/conseillers\/maximilian-boehm-ll-m\/\">[\u2026]<\/a><\/p>\n","protected":false},"author":11,"featured_media":20210,"parent":4584,"menu_order":34,"comment_status":"closed","ping_status":"closed","template":"templates\/template-Profil.php","meta":{"_acf_changed":false,"_uag_custom_page_level_css":"","footnotes":""},"class_list":["post-20243","page","type-page","status-publish","has-post-thumbnail","hentry"],"acf":[],"yoast_head":"<!-- This site is optimized with the Yoast SEO plugin v27.3 - https:\/\/yoast.com\/product\/yoast-seo-wordpress\/ -->\n<title>Maximilian B\u00f6hm, LL.M. - GANTEF\u00dcHRER<\/title>\n<meta name=\"robots\" content=\"index, follow, max-snippet:-1, max-image-preview:large, max-video-preview:-1\" \/>\n<link rel=\"canonical\" href=\"https:\/\/www.gamapa.de\/fr\/conseillers\/maximilian-boehm-ll-m\/\" \/>\n<meta property=\"og:locale\" content=\"fr_FR\" \/>\n<meta property=\"og:type\" content=\"article\" \/>\n<meta property=\"og:title\" content=\"Maximilian B\u00f6hm, LL.M. - GANTEF\u00dcHRER\" \/>\n<meta property=\"og:description\" content=\"Domaines de sp\u00e9cialisation Carri\u00e8re professionnelle 2013-2019 \u00c9tudes de droit \u00e0 l&rsquo;universit\u00e9 Martin Luther de Halle-Wittenberg et \u00e0 l&rsquo;universit\u00e9 Northumbria de Newcastle upon Tyne (Royaume-Uni) 2020 LL.M.-\u00e9tudes \u00e0 l&rsquo;universit\u00e9 de Stellenbosch (Afrique du Sud) 2021-2023 Stage de droit \u00e0 Halle et Berlin 2024-2025 Avocat chez Loschelder Rechtsanw\u00e4lte Partnerschaftsgesellschaft mbB, Cologne depuis 2025 Avocat chez Dr. Gantef\u00fchrer, [\u2026]\" \/>\n<meta property=\"og:url\" content=\"https:\/\/www.gamapa.de\/fr\/conseillers\/maximilian-boehm-ll-m\/\" \/>\n<meta property=\"og:site_name\" content=\"GANTEF\u00dcHRER\" \/>\n<meta property=\"article:modified_time\" content=\"2026-02-10T11:24:03+00:00\" \/>\n<meta property=\"og:image\" content=\"https:\/\/www.gamapa.de\/wp-content\/uploads\/2025\/07\/Boehm_gross-web.png\" \/>\n\t<meta property=\"og:image:width\" content=\"1440\" \/>\n\t<meta property=\"og:image:height\" content=\"859\" \/>\n\t<meta property=\"og:image:type\" content=\"image\/png\" \/>\n<meta name=\"twitter:card\" content=\"summary_large_image\" \/>\n<meta name=\"twitter:label1\" content=\"Dur\u00e9e de lecture estim\u00e9e\" \/>\n\t<meta name=\"twitter:data1\" content=\"1 minute\" \/>\n<script type=\"application\/ld+json\" class=\"yoast-schema-graph\">{\"@context\":\"https:\\\/\\\/schema.org\",\"@graph\":[{\"@type\":\"WebPage\",\"@id\":\"https:\\\/\\\/www.gamapa.de\\\/fr\\\/conseillers\\\/maximilian-boehm-ll-m\\\/\",\"url\":\"https:\\\/\\\/www.gamapa.de\\\/fr\\\/conseillers\\\/maximilian-boehm-ll-m\\\/\",\"name\":\"Maximilian B\u00f6hm, LL.M. - GANTEF\u00dcHRER\",\"isPartOf\":{\"@id\":\"https:\\\/\\\/www.gamapa.de\\\/fr\\\/#website\"},\"primaryImageOfPage\":{\"@id\":\"https:\\\/\\\/www.gamapa.de\\\/fr\\\/conseillers\\\/maximilian-boehm-ll-m\\\/#primaryimage\"},\"image\":{\"@id\":\"https:\\\/\\\/www.gamapa.de\\\/fr\\\/conseillers\\\/maximilian-boehm-ll-m\\\/#primaryimage\"},\"thumbnailUrl\":\"https:\\\/\\\/www.gamapa.de\\\/wp-content\\\/uploads\\\/2025\\\/07\\\/Boehm_gross-web.png\",\"datePublished\":\"2025-07-08T09:22:26+00:00\",\"dateModified\":\"2026-02-10T11:24:03+00:00\",\"breadcrumb\":{\"@id\":\"https:\\\/\\\/www.gamapa.de\\\/fr\\\/conseillers\\\/maximilian-boehm-ll-m\\\/#breadcrumb\"},\"inLanguage\":\"fr-FR\",\"potentialAction\":[{\"@type\":\"ReadAction\",\"target\":[\"https:\\\/\\\/www.gamapa.de\\\/fr\\\/conseillers\\\/maximilian-boehm-ll-m\\\/\"]}]},{\"@type\":\"ImageObject\",\"inLanguage\":\"fr-FR\",\"@id\":\"https:\\\/\\\/www.gamapa.de\\\/fr\\\/conseillers\\\/maximilian-boehm-ll-m\\\/#primaryimage\",\"url\":\"https:\\\/\\\/www.gamapa.de\\\/wp-content\\\/uploads\\\/2025\\\/07\\\/Boehm_gross-web.png\",\"contentUrl\":\"https:\\\/\\\/www.gamapa.de\\\/wp-content\\\/uploads\\\/2025\\\/07\\\/Boehm_gross-web.png\",\"width\":1440,\"height\":859},{\"@type\":\"BreadcrumbList\",\"@id\":\"https:\\\/\\\/www.gamapa.de\\\/fr\\\/conseillers\\\/maximilian-boehm-ll-m\\\/#breadcrumb\",\"itemListElement\":[{\"@type\":\"ListItem\",\"position\":1,\"name\":\"Startseite\",\"item\":\"https:\\\/\\\/www.gamapa.de\\\/fr\\\/\"},{\"@type\":\"ListItem\",\"position\":2,\"name\":\"Conseillers\",\"item\":\"https:\\\/\\\/www.gamapa.de\\\/fr\\\/conseillers\\\/\"},{\"@type\":\"ListItem\",\"position\":3,\"name\":\"Maximilian B\u00f6hm, LL.M.\"}]},{\"@type\":\"WebSite\",\"@id\":\"https:\\\/\\\/www.gamapa.de\\\/fr\\\/#website\",\"url\":\"https:\\\/\\\/www.gamapa.de\\\/fr\\\/\",\"name\":\"GANTEF\u00dcHRER\",\"description\":\"Wirtschaftspr\u00fcfer, Steuerberater, Rechtsanw\u00e4lte\",\"publisher\":{\"@id\":\"https:\\\/\\\/www.gamapa.de\\\/fr\\\/#organization\"},\"potentialAction\":[{\"@type\":\"SearchAction\",\"target\":{\"@type\":\"EntryPoint\",\"urlTemplate\":\"https:\\\/\\\/www.gamapa.de\\\/fr\\\/?s={search_term_string}\"},\"query-input\":{\"@type\":\"PropertyValueSpecification\",\"valueRequired\":true,\"valueName\":\"search_term_string\"}}],\"inLanguage\":\"fr-FR\"},{\"@type\":\"Organization\",\"@id\":\"https:\\\/\\\/www.gamapa.de\\\/fr\\\/#organization\",\"name\":\"Gantef\u00fchrer Wirtschaftspr\u00fcfer, Steuerberater, Rechtsanw\u00e4lte\",\"url\":\"https:\\\/\\\/www.gamapa.de\\\/fr\\\/\",\"logo\":{\"@type\":\"ImageObject\",\"inLanguage\":\"fr-FR\",\"@id\":\"https:\\\/\\\/www.gamapa.de\\\/fr\\\/#\\\/schema\\\/logo\\\/image\\\/\",\"url\":\"https:\\\/\\\/www.gamapa.de\\\/wp-content\\\/uploads\\\/2026\\\/01\\\/Logo-Gantefuehrer.png\",\"contentUrl\":\"https:\\\/\\\/www.gamapa.de\\\/wp-content\\\/uploads\\\/2026\\\/01\\\/Logo-Gantefuehrer.png\",\"width\":767,\"height\":156,\"caption\":\"Gantef\u00fchrer Wirtschaftspr\u00fcfer, Steuerberater, Rechtsanw\u00e4lte\"},\"image\":{\"@id\":\"https:\\\/\\\/www.gamapa.de\\\/fr\\\/#\\\/schema\\\/logo\\\/image\\\/\"}}]}<\/script>\n<!-- \/ Yoast SEO plugin. -->","yoast_head_json":{"title":"Maximilian B\u00f6hm, LL.M. - GANTEF\u00dcHRER","robots":{"index":"index","follow":"follow","max-snippet":"max-snippet:-1","max-image-preview":"max-image-preview:large","max-video-preview":"max-video-preview:-1"},"canonical":"https:\/\/www.gamapa.de\/fr\/conseillers\/maximilian-boehm-ll-m\/","og_locale":"fr_FR","og_type":"article","og_title":"Maximilian B\u00f6hm, LL.M. - GANTEF\u00dcHRER","og_description":"Domaines de sp\u00e9cialisation Carri\u00e8re professionnelle 2013-2019 \u00c9tudes de droit \u00e0 l&rsquo;universit\u00e9 Martin Luther de Halle-Wittenberg et \u00e0 l&rsquo;universit\u00e9 Northumbria de Newcastle upon Tyne (Royaume-Uni) 2020 LL.M.-\u00e9tudes \u00e0 l&rsquo;universit\u00e9 de Stellenbosch (Afrique du Sud) 2021-2023 Stage de droit \u00e0 Halle et Berlin 2024-2025 Avocat chez Loschelder Rechtsanw\u00e4lte Partnerschaftsgesellschaft mbB, Cologne depuis 2025 Avocat chez Dr. Gantef\u00fchrer, [\u2026]","og_url":"https:\/\/www.gamapa.de\/fr\/conseillers\/maximilian-boehm-ll-m\/","og_site_name":"GANTEF\u00dcHRER","article_modified_time":"2026-02-10T11:24:03+00:00","og_image":[{"width":1440,"height":859,"url":"https:\/\/www.gamapa.de\/wp-content\/uploads\/2025\/07\/Boehm_gross-web.png","type":"image\/png"}],"twitter_card":"summary_large_image","twitter_misc":{"Dur\u00e9e de lecture estim\u00e9e":"1 minute"},"schema":{"@context":"https:\/\/schema.org","@graph":[{"@type":"WebPage","@id":"https:\/\/www.gamapa.de\/fr\/conseillers\/maximilian-boehm-ll-m\/","url":"https:\/\/www.gamapa.de\/fr\/conseillers\/maximilian-boehm-ll-m\/","name":"Maximilian B\u00f6hm, LL.M. - GANTEF\u00dcHRER","isPartOf":{"@id":"https:\/\/www.gamapa.de\/fr\/#website"},"primaryImageOfPage":{"@id":"https:\/\/www.gamapa.de\/fr\/conseillers\/maximilian-boehm-ll-m\/#primaryimage"},"image":{"@id":"https:\/\/www.gamapa.de\/fr\/conseillers\/maximilian-boehm-ll-m\/#primaryimage"},"thumbnailUrl":"https:\/\/www.gamapa.de\/wp-content\/uploads\/2025\/07\/Boehm_gross-web.png","datePublished":"2025-07-08T09:22:26+00:00","dateModified":"2026-02-10T11:24:03+00:00","breadcrumb":{"@id":"https:\/\/www.gamapa.de\/fr\/conseillers\/maximilian-boehm-ll-m\/#breadcrumb"},"inLanguage":"fr-FR","potentialAction":[{"@type":"ReadAction","target":["https:\/\/www.gamapa.de\/fr\/conseillers\/maximilian-boehm-ll-m\/"]}]},{"@type":"ImageObject","inLanguage":"fr-FR","@id":"https:\/\/www.gamapa.de\/fr\/conseillers\/maximilian-boehm-ll-m\/#primaryimage","url":"https:\/\/www.gamapa.de\/wp-content\/uploads\/2025\/07\/Boehm_gross-web.png","contentUrl":"https:\/\/www.gamapa.de\/wp-content\/uploads\/2025\/07\/Boehm_gross-web.png","width":1440,"height":859},{"@type":"BreadcrumbList","@id":"https:\/\/www.gamapa.de\/fr\/conseillers\/maximilian-boehm-ll-m\/#breadcrumb","itemListElement":[{"@type":"ListItem","position":1,"name":"Startseite","item":"https:\/\/www.gamapa.de\/fr\/"},{"@type":"ListItem","position":2,"name":"Conseillers","item":"https:\/\/www.gamapa.de\/fr\/conseillers\/"},{"@type":"ListItem","position":3,"name":"Maximilian B\u00f6hm, LL.M."}]},{"@type":"WebSite","@id":"https:\/\/www.gamapa.de\/fr\/#website","url":"https:\/\/www.gamapa.de\/fr\/","name":"GANTEF\u00dcHRER","description":"Wirtschaftspr\u00fcfer, Steuerberater, Rechtsanw\u00e4lte","publisher":{"@id":"https:\/\/www.gamapa.de\/fr\/#organization"},"potentialAction":[{"@type":"SearchAction","target":{"@type":"EntryPoint","urlTemplate":"https:\/\/www.gamapa.de\/fr\/?s={search_term_string}"},"query-input":{"@type":"PropertyValueSpecification","valueRequired":true,"valueName":"search_term_string"}}],"inLanguage":"fr-FR"},{"@type":"Organization","@id":"https:\/\/www.gamapa.de\/fr\/#organization","name":"Gantef\u00fchrer Wirtschaftspr\u00fcfer, Steuerberater, Rechtsanw\u00e4lte","url":"https:\/\/www.gamapa.de\/fr\/","logo":{"@type":"ImageObject","inLanguage":"fr-FR","@id":"https:\/\/www.gamapa.de\/fr\/#\/schema\/logo\/image\/","url":"https:\/\/www.gamapa.de\/wp-content\/uploads\/2026\/01\/Logo-Gantefuehrer.png","contentUrl":"https:\/\/www.gamapa.de\/wp-content\/uploads\/2026\/01\/Logo-Gantefuehrer.png","width":767,"height":156,"caption":"Gantef\u00fchrer Wirtschaftspr\u00fcfer, Steuerberater, Rechtsanw\u00e4lte"},"image":{"@id":"https:\/\/www.gamapa.de\/fr\/#\/schema\/logo\/image\/"}}]}},"uagb_featured_image_src":{"full":["https:\/\/www.gamapa.de\/wp-content\/uploads\/2025\/07\/Boehm_gross-web.png",1440,859,false],"thumbnail":["https:\/\/www.gamapa.de\/wp-content\/uploads\/2025\/07\/Boehm_gross-web-150x150.png",150,150,true],"medium":["https:\/\/www.gamapa.de\/wp-content\/uploads\/2025\/07\/Boehm_gross-web-600x358.png",600,358,true],"medium_large":["https:\/\/www.gamapa.de\/wp-content\/uploads\/2025\/07\/Boehm_gross-web-768x458.png",580,346,true],"large":["https:\/\/www.gamapa.de\/wp-content\/uploads\/2025\/07\/Boehm_gross-web.png",580,346,false],"gs-tiny":["https:\/\/www.gamapa.de\/wp-content\/uploads\/2025\/07\/Boehm_gross-web-50x30.png",50,30,true],"xl":["https:\/\/www.gamapa.de\/wp-content\/uploads\/2025\/07\/Boehm_gross-web.png",1440,859,false],"xxl":["https:\/\/www.gamapa.de\/wp-content\/uploads\/2025\/07\/Boehm_gross-web.png",1440,859,false],"xxxl":["https:\/\/www.gamapa.de\/wp-content\/uploads\/2025\/07\/Boehm_gross-web.png",1440,859,false],"xxxxl":["https:\/\/www.gamapa.de\/wp-content\/uploads\/2025\/07\/Boehm_gross-web.png",1440,859,false],"xxxxxl":["https:\/\/www.gamapa.de\/wp-content\/uploads\/2025\/07\/Boehm_gross-web.png",1440,859,false],"1536x1536":["https:\/\/www.gamapa.de\/wp-content\/uploads\/2025\/07\/Boehm_gross-web.png",1440,859,false],"2048x2048":["https:\/\/www.gamapa.de\/wp-content\/uploads\/2025\/07\/Boehm_gross-web.png",1440,859,false],"post-thumbnail":["https:\/\/www.gamapa.de\/wp-content\/uploads\/2025\/07\/Boehm_gross-web.png",1440,859,false],"twentytwenty-fullscreen":["https:\/\/www.gamapa.de\/wp-content\/uploads\/2025\/07\/Boehm_gross-web.png",1440,859,false],"theme-slug-single-post":["https:\/\/www.gamapa.de\/wp-content\/uploads\/2025\/07\/Boehm_gross-web-1440x400.png",1440,400,true]},"uagb_author_info":{"display_name":"ninasenft","author_link":"https:\/\/www.gamapa.de\/fr\/author\/ninasenft\/"},"uagb_comment_info":0,"uagb_excerpt":"Domaines de sp\u00e9cialisation Carri\u00e8re professionnelle 2013-2019 \u00c9tudes de droit \u00e0 l&rsquo;universit\u00e9 Martin Luther de Halle-Wittenberg et \u00e0 l&rsquo;universit\u00e9 Northumbria de Newcastle upon Tyne (Royaume-Uni) 2020 LL.M.-\u00e9tudes \u00e0 l&rsquo;universit\u00e9 de Stellenbosch (Afrique du Sud) 2021-2023 Stage de droit \u00e0 Halle et Berlin 2024-2025 Avocat chez Loschelder Rechtsanw\u00e4lte Partnerschaftsgesellschaft mbB, Cologne depuis 2025 Avocat chez Dr. Gantef\u00fchrer,\u2026","_links":{"self":[{"href":"https:\/\/www.gamapa.de\/fr\/wp-json\/wp\/v2\/pages\/20243","targetHints":{"allow":["GET"]}}],"collection":[{"href":"https:\/\/www.gamapa.de\/fr\/wp-json\/wp\/v2\/pages"}],"about":[{"href":"https:\/\/www.gamapa.de\/fr\/wp-json\/wp\/v2\/types\/page"}],"author":[{"embeddable":true,"href":"https:\/\/www.gamapa.de\/fr\/wp-json\/wp\/v2\/users\/11"}],"replies":[{"embeddable":true,"href":"https:\/\/www.gamapa.de\/fr\/wp-json\/wp\/v2\/comments?post=20243"}],"version-history":[{"count":8,"href":"https:\/\/www.gamapa.de\/fr\/wp-json\/wp\/v2\/pages\/20243\/revisions"}],"predecessor-version":[{"id":23961,"href":"https:\/\/www.gamapa.de\/fr\/wp-json\/wp\/v2\/pages\/20243\/revisions\/23961"}],"up":[{"embeddable":true,"href":"https:\/\/www.gamapa.de\/fr\/wp-json\/wp\/v2\/pages\/4584"}],"wp:featuredmedia":[{"embeddable":true,"href":"https:\/\/www.gamapa.de\/fr\/wp-json\/wp\/v2\/media\/20210"}],"wp:attachment":[{"href":"https:\/\/www.gamapa.de\/fr\/wp-json\/wp\/v2\/media?parent=20243"}],"curies":[{"name":"wp","href":"https:\/\/api.w.org\/{rel}","templated":true}]}}