

{"id":21885,"date":"2025-10-09T11:36:44","date_gmt":"2025-10-09T09:36:44","guid":{"rendered":"https:\/\/www.gamapa.de\/?page_id=21885"},"modified":"2025-11-04T15:50:15","modified_gmt":"2025-11-04T14:50:15","slug":"dr-martin-minkner","status":"publish","type":"page","link":"https:\/\/www.gamapa.de\/fr\/conseillers\/dr-martin-minkner\/","title":{"rendered":"Dr. Martin Minkner"},"content":{"rendered":"\n<h3 class=\"wp-block-heading\">Domaines de sp\u00e9cialisation<\/h3>\n\n\n\n<ul class=\"wp-block-list\">\n<li>Droit de la concurrence<\/li>\n\n\n\n<li>Droit des marques, des dessins et mod\u00e8les et droit d&rsquo;auteur<\/li>\n\n\n\n<li>Droit des technologies de l&rsquo;information<\/li>\n\n\n\n<li>Droit de la protection des donn\u00e9es<\/li>\n\n\n\n<li>Droit de l&rsquo;utilisation des donn\u00e9es<\/li>\n\n\n\n<li>Questions de cybers\u00e9curit\u00e9<\/li>\n\n\n\n<li>Conformit\u00e9 en mati\u00e8re d&rsquo;intelligence artificielle<\/li>\n\n\n\n<li>Protection du savoir-faire<\/li>\n\n\n\n<li>Droit des agents commerciaux<\/li>\n\n\n\n<li>Contentieux<\/li>\n<\/ul>\n\n\n\n<h3 class=\"wp-block-heading\">Carri\u00e8re professionnelle<\/h3>\n\n\n\n<figure class=\"wp-block-table tablist\"><table><tbody><tr><td>2004-2011<\/td><td>\u00c9tudes de droit aux universit\u00e9s de Heidelberg, Ferrare (Italie) et M\u00fcnster<\/td><\/tr><tr><td>2011-2014<\/td><td>Doctorat en droit \u00e0 l&rsquo;universit\u00e9 de M\u00fcnster avec s\u00e9jour de recherche \u00e0 l&rsquo;universit\u00e9 de Bologne<\/td><\/tr><tr><td>2014-2016<\/td><td>Stage juridique \u00e0 Essen avec passage \u00e0 l&rsquo;ambassade allemande \u00e0 Bangkok<\/td><\/tr><tr><td>2017-2018<\/td><td>Avocat chez Loschelder, K\u00f6ln<\/td><\/tr><tr><td>2018-2025<\/td><td>Avocat et associ\u00e9 chez Schmidt, von der Osten &amp; Huber, Essen<\/td><\/tr><tr><td>depuis 2021<\/td><td>Avocat sp\u00e9cialis\u00e9 en droit de la propri\u00e9t\u00e9 industrielle<\/td><\/tr><tr><td>depuis  2025<\/td><td>Avocat chez Dr. Gantef\u00fchrer, Marquardt &amp; Partner<\/td><\/tr><\/tbody><\/table><\/figure>\n\n\n\n<h3 class=\"wp-block-heading\">Secteurs<\/h3>\n\n\n\n<ul class=\"wp-block-list\">\n<li>Commerce \u00e9lectronique<\/li>\n\n\n\n<li>Commerce de d\u00e9tail (alimentaire)<\/li>\n\n\n\n<li>Publicit\u00e9\/marketing<\/li>\n\n\n\n<li>Sport et fitness (notamment conseil \u00e0 un club de football de premi\u00e8re division)<\/li>\n\n\n\n<li>Prestataires de services informatiques<\/li>\n\n\n\n<li>Entreprises moyennes issues de diff\u00e9rents secteurs<\/li>\n<\/ul>\n\n\n\n<h3 class=\"wp-block-heading\">Publications\u00a0<\/h3>\n\n\n\n<ul class=\"wp-block-list\">\n<li>L&rsquo;administration judiciaire en Allemagne et en Italie \u2013 L\u00e9gitimit\u00e9 d\u00e9mocratique contre l\u00e9gitimit\u00e9 technique, Mohr Siebeck, 2015<\/li>\n\n\n\n<li>\u00c9tat et religion. Nouvelles questions sur une relation suppos\u00e9e bien rod\u00e9e (actes de colloque, publi\u00e9s en collaboration avec Katharina Ebner, Tosan Kraneis, Yvonne Neuefeind et Daniel Wolff), Mohr Siebeck, 2014<\/li>\n<\/ul>\n\n\n\n<h3 class=\"wp-block-heading\">R\u00e9compenses<\/h3>\n\n\n\n<ul class=\"wp-block-list\">\n<li>Distinction \u00ab Best Lawyers 2025 \u2013 Ones To Watch \u00bb pour le droit des technologies de l&rsquo;information et la propri\u00e9t\u00e9 intellectuelle<\/li>\n\n\n\n<li>Distinction \u00ab Best Lawyers 2024 \u2013 Ones To Watch \u00bb pour le droit des technologies de l&rsquo;information et la propri\u00e9t\u00e9 intellectuelle<\/li>\n<\/ul>\n\n\n\n<h3 class=\"wp-block-heading\">Appartenance<\/h3>\n\n\n\n<ul class=\"wp-block-list\">\n<li>Association allemande pour la protection de la propri\u00e9t\u00e9 industrielle et le droit d&rsquo;auteur<\/li>\n<\/ul>\n\n\n\n<div class=\"wp-block-buttons is-layout-flex wp-block-buttons-is-layout-flex\">\n<div class=\"wp-block-button zurueck\"><a class=\"wp-block-button__link wp-element-button\" href=\"https:\/\/www.gamapa.de\/fr\/conseillers\/\">Retour<\/a><\/div>\n<\/div>\n","protected":false},"excerpt":{"rendered":"<p>Domaines de sp\u00e9cialisation Carri\u00e8re professionnelle 2004-2011 \u00c9tudes de droit aux universit\u00e9s de Heidelberg, Ferrare (Italie) et M\u00fcnster 2011-2014 Doctorat en droit \u00e0 l&rsquo;universit\u00e9 de M\u00fcnster avec s\u00e9jour de recherche \u00e0 l&rsquo;universit\u00e9 de Bologne 2014-2016 Stage juridique \u00e0 Essen avec passage \u00e0 l&rsquo;ambassade allemande \u00e0 Bangkok 2017-2018 Avocat chez Loschelder, K\u00f6ln 2018-2025 Avocat et associ\u00e9 chez <a href=\"https:\/\/www.gamapa.de\/fr\/conseillers\/dr-martin-minkner\/\">[\u2026]<\/a><\/p>\n","protected":false},"author":11,"featured_media":22047,"parent":4584,"menu_order":4,"comment_status":"closed","ping_status":"closed","template":"templates\/template-Profil.php","meta":{"_acf_changed":false,"_uag_custom_page_level_css":"","footnotes":""},"class_list":["post-21885","page","type-page","status-publish","has-post-thumbnail","hentry"],"acf":[],"yoast_head":"<!-- This site is optimized with the Yoast SEO plugin v27.5 - https:\/\/yoast.com\/product\/yoast-seo-wordpress\/ -->\n<title>Dr. Martin Minkner | Dr. Gantef\u00fchrer, Marquardt &amp; Partner mbB<\/title>\n<meta name=\"description\" content=\"Dr. Martin Minkner, Avocat sp\u00e9cialis\u00e9 dans la propri\u00e9t\u00e9 intellectuelle, distingu\u00e9 comme \u00ab Best Lawyers 2025 \u2013 Ones To Watch \u00bb\" \/>\n<meta name=\"robots\" content=\"index, follow, max-snippet:-1, max-image-preview:large, max-video-preview:-1\" \/>\n<link rel=\"canonical\" href=\"https:\/\/www.gamapa.de\/fr\/conseillers\/dr-martin-minkner\/\" \/>\n<meta property=\"og:locale\" content=\"fr_FR\" \/>\n<meta property=\"og:type\" content=\"article\" \/>\n<meta property=\"og:title\" content=\"Dr. Martin Minkner | Dr. Gantef\u00fchrer, Marquardt &amp; Partner mbB\" \/>\n<meta property=\"og:description\" content=\"Dr. Martin Minkner, Avocat sp\u00e9cialis\u00e9 dans la propri\u00e9t\u00e9 intellectuelle, distingu\u00e9 comme \u00ab Best Lawyers 2025 \u2013 Ones To Watch \u00bb\" \/>\n<meta property=\"og:url\" content=\"https:\/\/www.gamapa.de\/fr\/conseillers\/dr-martin-minkner\/\" \/>\n<meta property=\"og:site_name\" content=\"GANTEF\u00dcHRER\" \/>\n<meta property=\"article:modified_time\" content=\"2025-11-04T14:50:15+00:00\" \/>\n<meta property=\"og:image\" content=\"https:\/\/www.gamapa.de\/wp-content\/uploads\/2025\/10\/Minkner_2.jpg\" \/>\n\t<meta property=\"og:image:width\" content=\"1440\" \/>\n\t<meta property=\"og:image:height\" content=\"859\" \/>\n\t<meta property=\"og:image:type\" content=\"image\/jpeg\" \/>\n<meta name=\"twitter:card\" content=\"summary_large_image\" \/>\n<meta name=\"twitter:label1\" content=\"Dur\u00e9e de lecture estim\u00e9e\" \/>\n\t<meta name=\"twitter:data1\" content=\"2 minutes\" \/>\n<script type=\"application\/ld+json\" class=\"yoast-schema-graph\">{\"@context\":\"https:\\\/\\\/schema.org\",\"@graph\":[{\"@type\":\"WebPage\",\"@id\":\"https:\\\/\\\/www.gamapa.de\\\/fr\\\/conseillers\\\/dr-martin-minkner\\\/\",\"url\":\"https:\\\/\\\/www.gamapa.de\\\/fr\\\/conseillers\\\/dr-martin-minkner\\\/\",\"name\":\"Dr. Martin Minkner | Dr. Gantef\u00fchrer, Marquardt & Partner mbB\",\"isPartOf\":{\"@id\":\"https:\\\/\\\/www.gamapa.de\\\/fr\\\/#website\"},\"primaryImageOfPage\":{\"@id\":\"https:\\\/\\\/www.gamapa.de\\\/fr\\\/conseillers\\\/dr-martin-minkner\\\/#primaryimage\"},\"image\":{\"@id\":\"https:\\\/\\\/www.gamapa.de\\\/fr\\\/conseillers\\\/dr-martin-minkner\\\/#primaryimage\"},\"thumbnailUrl\":\"https:\\\/\\\/www.gamapa.de\\\/wp-content\\\/uploads\\\/2025\\\/10\\\/Minkner_2.jpg\",\"datePublished\":\"2025-10-09T09:36:44+00:00\",\"dateModified\":\"2025-11-04T14:50:15+00:00\",\"description\":\"Dr. Martin Minkner, Avocat sp\u00e9cialis\u00e9 dans la propri\u00e9t\u00e9 intellectuelle, distingu\u00e9 comme \u00ab Best Lawyers 2025 \u2013 Ones To Watch \u00bb\",\"breadcrumb\":{\"@id\":\"https:\\\/\\\/www.gamapa.de\\\/fr\\\/conseillers\\\/dr-martin-minkner\\\/#breadcrumb\"},\"inLanguage\":\"fr-FR\",\"potentialAction\":[{\"@type\":\"ReadAction\",\"target\":[\"https:\\\/\\\/www.gamapa.de\\\/fr\\\/conseillers\\\/dr-martin-minkner\\\/\"]}]},{\"@type\":\"ImageObject\",\"inLanguage\":\"fr-FR\",\"@id\":\"https:\\\/\\\/www.gamapa.de\\\/fr\\\/conseillers\\\/dr-martin-minkner\\\/#primaryimage\",\"url\":\"https:\\\/\\\/www.gamapa.de\\\/wp-content\\\/uploads\\\/2025\\\/10\\\/Minkner_2.jpg\",\"contentUrl\":\"https:\\\/\\\/www.gamapa.de\\\/wp-content\\\/uploads\\\/2025\\\/10\\\/Minkner_2.jpg\",\"width\":1440,\"height\":859,\"caption\":\"Dr. Minkner\"},{\"@type\":\"BreadcrumbList\",\"@id\":\"https:\\\/\\\/www.gamapa.de\\\/fr\\\/conseillers\\\/dr-martin-minkner\\\/#breadcrumb\",\"itemListElement\":[{\"@type\":\"ListItem\",\"position\":1,\"name\":\"Startseite\",\"item\":\"https:\\\/\\\/www.gamapa.de\\\/fr\\\/\"},{\"@type\":\"ListItem\",\"position\":2,\"name\":\"Conseillers\",\"item\":\"https:\\\/\\\/www.gamapa.de\\\/fr\\\/conseillers\\\/\"},{\"@type\":\"ListItem\",\"position\":3,\"name\":\"Dr. Martin Minkner\"}]},{\"@type\":\"WebSite\",\"@id\":\"https:\\\/\\\/www.gamapa.de\\\/fr\\\/#website\",\"url\":\"https:\\\/\\\/www.gamapa.de\\\/fr\\\/\",\"name\":\"GANTEF\u00dcHRER\",\"description\":\"Wirtschaftspr\u00fcfer, Steuerberater, Rechtsanw\u00e4lte\",\"publisher\":{\"@id\":\"https:\\\/\\\/www.gamapa.de\\\/fr\\\/#organization\"},\"potentialAction\":[{\"@type\":\"SearchAction\",\"target\":{\"@type\":\"EntryPoint\",\"urlTemplate\":\"https:\\\/\\\/www.gamapa.de\\\/fr\\\/?s={search_term_string}\"},\"query-input\":{\"@type\":\"PropertyValueSpecification\",\"valueRequired\":true,\"valueName\":\"search_term_string\"}}],\"inLanguage\":\"fr-FR\"},{\"@type\":\"Organization\",\"@id\":\"https:\\\/\\\/www.gamapa.de\\\/fr\\\/#organization\",\"name\":\"Gantef\u00fchrer Wirtschaftspr\u00fcfer, Steuerberater, Rechtsanw\u00e4lte\",\"url\":\"https:\\\/\\\/www.gamapa.de\\\/fr\\\/\",\"logo\":{\"@type\":\"ImageObject\",\"inLanguage\":\"fr-FR\",\"@id\":\"https:\\\/\\\/www.gamapa.de\\\/fr\\\/#\\\/schema\\\/logo\\\/image\\\/\",\"url\":\"https:\\\/\\\/www.gamapa.de\\\/wp-content\\\/uploads\\\/2026\\\/01\\\/Logo-Gantefuehrer.png\",\"contentUrl\":\"https:\\\/\\\/www.gamapa.de\\\/wp-content\\\/uploads\\\/2026\\\/01\\\/Logo-Gantefuehrer.png\",\"width\":767,\"height\":156,\"caption\":\"Gantef\u00fchrer Wirtschaftspr\u00fcfer, Steuerberater, Rechtsanw\u00e4lte\"},\"image\":{\"@id\":\"https:\\\/\\\/www.gamapa.de\\\/fr\\\/#\\\/schema\\\/logo\\\/image\\\/\"}}]}<\/script>\n<!-- \/ Yoast SEO plugin. -->","yoast_head_json":{"title":"Dr. Martin Minkner | Dr. Gantef\u00fchrer, Marquardt & Partner mbB","description":"Dr. Martin Minkner, Avocat sp\u00e9cialis\u00e9 dans la propri\u00e9t\u00e9 intellectuelle, distingu\u00e9 comme \u00ab Best Lawyers 2025 \u2013 Ones To Watch \u00bb","robots":{"index":"index","follow":"follow","max-snippet":"max-snippet:-1","max-image-preview":"max-image-preview:large","max-video-preview":"max-video-preview:-1"},"canonical":"https:\/\/www.gamapa.de\/fr\/conseillers\/dr-martin-minkner\/","og_locale":"fr_FR","og_type":"article","og_title":"Dr. Martin Minkner | Dr. Gantef\u00fchrer, Marquardt & Partner mbB","og_description":"Dr. Martin Minkner, Avocat sp\u00e9cialis\u00e9 dans la propri\u00e9t\u00e9 intellectuelle, distingu\u00e9 comme \u00ab Best Lawyers 2025 \u2013 Ones To Watch \u00bb","og_url":"https:\/\/www.gamapa.de\/fr\/conseillers\/dr-martin-minkner\/","og_site_name":"GANTEF\u00dcHRER","article_modified_time":"2025-11-04T14:50:15+00:00","og_image":[{"width":1440,"height":859,"url":"https:\/\/www.gamapa.de\/wp-content\/uploads\/2025\/10\/Minkner_2.jpg","type":"image\/jpeg"}],"twitter_card":"summary_large_image","twitter_misc":{"Dur\u00e9e de lecture estim\u00e9e":"2 minutes"},"schema":{"@context":"https:\/\/schema.org","@graph":[{"@type":"WebPage","@id":"https:\/\/www.gamapa.de\/fr\/conseillers\/dr-martin-minkner\/","url":"https:\/\/www.gamapa.de\/fr\/conseillers\/dr-martin-minkner\/","name":"Dr. Martin Minkner | Dr. Gantef\u00fchrer, Marquardt & Partner mbB","isPartOf":{"@id":"https:\/\/www.gamapa.de\/fr\/#website"},"primaryImageOfPage":{"@id":"https:\/\/www.gamapa.de\/fr\/conseillers\/dr-martin-minkner\/#primaryimage"},"image":{"@id":"https:\/\/www.gamapa.de\/fr\/conseillers\/dr-martin-minkner\/#primaryimage"},"thumbnailUrl":"https:\/\/www.gamapa.de\/wp-content\/uploads\/2025\/10\/Minkner_2.jpg","datePublished":"2025-10-09T09:36:44+00:00","dateModified":"2025-11-04T14:50:15+00:00","description":"Dr. Martin Minkner, Avocat sp\u00e9cialis\u00e9 dans la propri\u00e9t\u00e9 intellectuelle, distingu\u00e9 comme \u00ab Best Lawyers 2025 \u2013 Ones To Watch \u00bb","breadcrumb":{"@id":"https:\/\/www.gamapa.de\/fr\/conseillers\/dr-martin-minkner\/#breadcrumb"},"inLanguage":"fr-FR","potentialAction":[{"@type":"ReadAction","target":["https:\/\/www.gamapa.de\/fr\/conseillers\/dr-martin-minkner\/"]}]},{"@type":"ImageObject","inLanguage":"fr-FR","@id":"https:\/\/www.gamapa.de\/fr\/conseillers\/dr-martin-minkner\/#primaryimage","url":"https:\/\/www.gamapa.de\/wp-content\/uploads\/2025\/10\/Minkner_2.jpg","contentUrl":"https:\/\/www.gamapa.de\/wp-content\/uploads\/2025\/10\/Minkner_2.jpg","width":1440,"height":859,"caption":"Dr. Minkner"},{"@type":"BreadcrumbList","@id":"https:\/\/www.gamapa.de\/fr\/conseillers\/dr-martin-minkner\/#breadcrumb","itemListElement":[{"@type":"ListItem","position":1,"name":"Startseite","item":"https:\/\/www.gamapa.de\/fr\/"},{"@type":"ListItem","position":2,"name":"Conseillers","item":"https:\/\/www.gamapa.de\/fr\/conseillers\/"},{"@type":"ListItem","position":3,"name":"Dr. Martin Minkner"}]},{"@type":"WebSite","@id":"https:\/\/www.gamapa.de\/fr\/#website","url":"https:\/\/www.gamapa.de\/fr\/","name":"GANTEF\u00dcHRER","description":"Wirtschaftspr\u00fcfer, Steuerberater, Rechtsanw\u00e4lte","publisher":{"@id":"https:\/\/www.gamapa.de\/fr\/#organization"},"potentialAction":[{"@type":"SearchAction","target":{"@type":"EntryPoint","urlTemplate":"https:\/\/www.gamapa.de\/fr\/?s={search_term_string}"},"query-input":{"@type":"PropertyValueSpecification","valueRequired":true,"valueName":"search_term_string"}}],"inLanguage":"fr-FR"},{"@type":"Organization","@id":"https:\/\/www.gamapa.de\/fr\/#organization","name":"Gantef\u00fchrer Wirtschaftspr\u00fcfer, Steuerberater, Rechtsanw\u00e4lte","url":"https:\/\/www.gamapa.de\/fr\/","logo":{"@type":"ImageObject","inLanguage":"fr-FR","@id":"https:\/\/www.gamapa.de\/fr\/#\/schema\/logo\/image\/","url":"https:\/\/www.gamapa.de\/wp-content\/uploads\/2026\/01\/Logo-Gantefuehrer.png","contentUrl":"https:\/\/www.gamapa.de\/wp-content\/uploads\/2026\/01\/Logo-Gantefuehrer.png","width":767,"height":156,"caption":"Gantef\u00fchrer Wirtschaftspr\u00fcfer, Steuerberater, Rechtsanw\u00e4lte"},"image":{"@id":"https:\/\/www.gamapa.de\/fr\/#\/schema\/logo\/image\/"}}]}},"uagb_featured_image_src":{"full":["https:\/\/www.gamapa.de\/wp-content\/uploads\/2025\/10\/Minkner_2.jpg",1440,859,false],"thumbnail":["https:\/\/www.gamapa.de\/wp-content\/uploads\/2025\/10\/Minkner_2-150x150.jpg",150,150,true],"medium":["https:\/\/www.gamapa.de\/wp-content\/uploads\/2025\/10\/Minkner_2-600x358.jpg",600,358,true],"medium_large":["https:\/\/www.gamapa.de\/wp-content\/uploads\/2025\/10\/Minkner_2-768x458.jpg",580,346,true],"large":["https:\/\/www.gamapa.de\/wp-content\/uploads\/2025\/10\/Minkner_2.jpg",580,346,false],"gs-tiny":["https:\/\/www.gamapa.de\/wp-content\/uploads\/2025\/10\/Minkner_2-50x30.jpg",50,30,true],"xl":["https:\/\/www.gamapa.de\/wp-content\/uploads\/2025\/10\/Minkner_2.jpg",1440,859,false],"xxl":["https:\/\/www.gamapa.de\/wp-content\/uploads\/2025\/10\/Minkner_2.jpg",1440,859,false],"xxxl":["https:\/\/www.gamapa.de\/wp-content\/uploads\/2025\/10\/Minkner_2.jpg",1440,859,false],"xxxxl":["https:\/\/www.gamapa.de\/wp-content\/uploads\/2025\/10\/Minkner_2.jpg",1440,859,false],"xxxxxl":["https:\/\/www.gamapa.de\/wp-content\/uploads\/2025\/10\/Minkner_2.jpg",1440,859,false],"1536x1536":["https:\/\/www.gamapa.de\/wp-content\/uploads\/2025\/10\/Minkner_2.jpg",1440,859,false],"2048x2048":["https:\/\/www.gamapa.de\/wp-content\/uploads\/2025\/10\/Minkner_2.jpg",1440,859,false],"post-thumbnail":["https:\/\/www.gamapa.de\/wp-content\/uploads\/2025\/10\/Minkner_2.jpg",1440,859,false],"twentytwenty-fullscreen":["https:\/\/www.gamapa.de\/wp-content\/uploads\/2025\/10\/Minkner_2.jpg",1440,859,false],"theme-slug-single-post":["https:\/\/www.gamapa.de\/wp-content\/uploads\/2025\/10\/Minkner_2-1440x400.jpg",1440,400,true]},"uagb_author_info":{"display_name":"ninasenft","author_link":"https:\/\/www.gamapa.de\/fr\/author\/ninasenft\/"},"uagb_comment_info":0,"uagb_excerpt":"Domaines de sp\u00e9cialisation Carri\u00e8re professionnelle 2004-2011 \u00c9tudes de droit aux universit\u00e9s de Heidelberg, Ferrare (Italie) et M\u00fcnster 2011-2014 Doctorat en droit \u00e0 l&rsquo;universit\u00e9 de M\u00fcnster avec s\u00e9jour de recherche \u00e0 l&rsquo;universit\u00e9 de Bologne 2014-2016 Stage juridique \u00e0 Essen avec passage \u00e0 l&rsquo;ambassade allemande \u00e0 Bangkok 2017-2018 Avocat chez Loschelder, K\u00f6ln 2018-2025 Avocat et associ\u00e9 chez\u2026","_links":{"self":[{"href":"https:\/\/www.gamapa.de\/fr\/wp-json\/wp\/v2\/pages\/21885","targetHints":{"allow":["GET"]}}],"collection":[{"href":"https:\/\/www.gamapa.de\/fr\/wp-json\/wp\/v2\/pages"}],"about":[{"href":"https:\/\/www.gamapa.de\/fr\/wp-json\/wp\/v2\/types\/page"}],"author":[{"embeddable":true,"href":"https:\/\/www.gamapa.de\/fr\/wp-json\/wp\/v2\/users\/11"}],"replies":[{"embeddable":true,"href":"https:\/\/www.gamapa.de\/fr\/wp-json\/wp\/v2\/comments?post=21885"}],"version-history":[{"count":11,"href":"https:\/\/www.gamapa.de\/fr\/wp-json\/wp\/v2\/pages\/21885\/revisions"}],"predecessor-version":[{"id":22216,"href":"https:\/\/www.gamapa.de\/fr\/wp-json\/wp\/v2\/pages\/21885\/revisions\/22216"}],"up":[{"embeddable":true,"href":"https:\/\/www.gamapa.de\/fr\/wp-json\/wp\/v2\/pages\/4584"}],"wp:featuredmedia":[{"embeddable":true,"href":"https:\/\/www.gamapa.de\/fr\/wp-json\/wp\/v2\/media\/22047"}],"wp:attachment":[{"href":"https:\/\/www.gamapa.de\/fr\/wp-json\/wp\/v2\/media?parent=21885"}],"curies":[{"name":"wp","href":"https:\/\/api.w.org\/{rel}","templated":true}]}}