

{"id":22463,"date":"2025-11-10T10:15:03","date_gmt":"2025-11-10T09:15:03","guid":{"rendered":"https:\/\/www.gamapa.de\/domaines-de-services-de-conseil\/conseil-juridique\/wettbewerbsrecht\/"},"modified":"2025-11-13T17:35:43","modified_gmt":"2025-11-13T16:35:43","slug":"droit-de-la-concurrence","status":"publish","type":"page","link":"https:\/\/www.gamapa.de\/fr\/domaines-de-services-de-conseil\/conseil-juridique\/droit-de-la-concurrence\/","title":{"rendered":"Droit de la concurrence"},"content":{"rendered":"\n<h2 class=\"wp-block-heading\">Nous garantissons une concurrence loyale pour votre entreprise<\/h2>\n\n\n\n<p>La loi sur la concurrence d\u00e9loyale (UWG) d\u00e9finit les r\u00e8gles de conduite \u00e9conomique \u00e9quitable que toute entreprise doit respecter lorsqu&rsquo;elle propose et ach\u00e8te des services. Nous d\u00e9veloppons avec vous une strat\u00e9gie viable pour votre image, votre offre, votre publicit\u00e9 et votre distribution \u2013 juridiquement s\u00fbre, minimisant les risques et proche de la pratique.<\/p>\n\n\n\n<h3 class=\"wp-block-heading\">Notre gamme de services de conseil en droit de la concurrence comprend:<\/h3>\n\n\n\n<ul class=\"wp-block-list\">\n<li>Examen des campagnes publicitaires et marketing (par exemple, publicit\u00e9 verte, all\u00e9gations sant\u00e9, jeux-concours)<\/li>\n\n\n\n<li>Conseil en mati\u00e8re de marketing d&rsquo;influence<\/li>\n\n\n\n<li>Conseil en mati\u00e8re de protection concurrentielle contre la contrefa\u00e7on de conception de produits<\/li>\n\n\n\n<li>Lutte contre la publicit\u00e9 d\u00e9loyale et autres pratiques commerciales d\u00e9loyales des concurrents<\/li>\n\n\n\n<li>R\u00e9daction de contrats: contrats d&rsquo;agence, contrats d&rsquo;influence et accords de r\u00e8glement<\/li>\n\n\n\n<li>Protection des secrets d&rsquo;affaires: concepts de conformit\u00e9 et strat\u00e9gies de d\u00e9fense en cas de divulgation ou d&rsquo;utilisation abusive de secrets d&rsquo;affaires<\/li>\n\n\n\n<li>Ex\u00e9cution et d\u00e9fense extrajudiciaires et judiciaires: conseil en mati\u00e8re de demandes de cessation, d&rsquo;information et de dommages-int\u00e9r\u00eats par voie de mise en demeure et repr\u00e9sentation en justice (c\u00f4t\u00e9 actif et passif)<\/li>\n<\/ul>\n\n\n\n<p>Trouvez <a href=\"https:\/\/www.gamapa.de\/fr\/conseillers\/\">ici<\/a> votre interlocuteur dans le domaine du droit de la concurrence.<\/p>\n","protected":false},"excerpt":{"rendered":"<p>Nous garantissons une concurrence loyale pour votre entreprise La loi sur la concurrence d\u00e9loyale (UWG) d\u00e9finit les r\u00e8gles de conduite \u00e9conomique \u00e9quitable que toute entreprise doit respecter lorsqu&rsquo;elle propose et ach\u00e8te des services. Nous d\u00e9veloppons avec vous une strat\u00e9gie viable pour votre image, votre offre, votre publicit\u00e9 et votre distribution \u2013 juridiquement s\u00fbre, minimisant les <a href=\"https:\/\/www.gamapa.de\/fr\/domaines-de-services-de-conseil\/conseil-juridique\/droit-de-la-concurrence\/\">[\u2026]<\/a><\/p>\n","protected":false},"author":11,"featured_media":3877,"parent":4489,"menu_order":14,"comment_status":"closed","ping_status":"closed","template":"templates\/template-simple-site.php","meta":{"_acf_changed":false,"_uag_custom_page_level_css":"","footnotes":""},"class_list":["post-22463","page","type-page","status-publish","has-post-thumbnail","hentry"],"acf":[],"yoast_head":"<!-- This site is optimized with the Yoast SEO plugin v27.3 - https:\/\/yoast.com\/product\/yoast-seo-wordpress\/ -->\n<title>Droit de la concurrence | Dr. Gantef\u00fchrer, Marquardt und Partner<\/title>\n<meta name=\"description\" content=\"Droit de la concurrence: conseil, contr\u00f4les de conformit\u00e9 et conduite de proc\u00e8s. Minimiser les risques, \u00e9viter les infractions.\" \/>\n<meta name=\"robots\" content=\"index, follow, max-snippet:-1, max-image-preview:large, max-video-preview:-1\" \/>\n<link rel=\"canonical\" href=\"https:\/\/www.gamapa.de\/fr\/domaines-de-services-de-conseil\/conseil-juridique\/droit-de-la-concurrence\/\" \/>\n<meta property=\"og:locale\" content=\"fr_FR\" \/>\n<meta property=\"og:type\" content=\"article\" \/>\n<meta property=\"og:title\" content=\"Droit de la concurrence | Dr. Gantef\u00fchrer, Marquardt und Partner\" \/>\n<meta property=\"og:description\" content=\"Droit de la concurrence: conseil, contr\u00f4les de conformit\u00e9 et conduite de proc\u00e8s. Minimiser les risques, \u00e9viter les infractions.\" \/>\n<meta property=\"og:url\" content=\"https:\/\/www.gamapa.de\/fr\/domaines-de-services-de-conseil\/conseil-juridique\/droit-de-la-concurrence\/\" \/>\n<meta property=\"og:site_name\" content=\"GANTEF\u00dcHRER\" \/>\n<meta property=\"article:modified_time\" content=\"2025-11-13T16:35:43+00:00\" \/>\n<meta property=\"og:image\" content=\"https:\/\/www.gamapa.de\/wp-content\/uploads\/2020\/07\/U-Header-Rechtsgebiete-2-scaled.jpg\" \/>\n\t<meta property=\"og:image:width\" content=\"2560\" \/>\n\t<meta property=\"og:image:height\" content=\"764\" \/>\n\t<meta property=\"og:image:type\" content=\"image\/jpeg\" \/>\n<meta name=\"twitter:card\" content=\"summary_large_image\" \/>\n<meta name=\"twitter:label1\" content=\"Dur\u00e9e de lecture estim\u00e9e\" \/>\n\t<meta name=\"twitter:data1\" content=\"2 minutes\" \/>\n<script type=\"application\/ld+json\" class=\"yoast-schema-graph\">{\"@context\":\"https:\\\/\\\/schema.org\",\"@graph\":[{\"@type\":\"WebPage\",\"@id\":\"https:\\\/\\\/www.gamapa.de\\\/fr\\\/domaines-de-services-de-conseil\\\/conseil-juridique\\\/droit-de-la-concurrence\\\/\",\"url\":\"https:\\\/\\\/www.gamapa.de\\\/fr\\\/domaines-de-services-de-conseil\\\/conseil-juridique\\\/droit-de-la-concurrence\\\/\",\"name\":\"Droit de la concurrence | Dr. Gantef\u00fchrer, Marquardt und Partner\",\"isPartOf\":{\"@id\":\"https:\\\/\\\/www.gamapa.de\\\/fr\\\/#website\"},\"primaryImageOfPage\":{\"@id\":\"https:\\\/\\\/www.gamapa.de\\\/fr\\\/domaines-de-services-de-conseil\\\/conseil-juridique\\\/droit-de-la-concurrence\\\/#primaryimage\"},\"image\":{\"@id\":\"https:\\\/\\\/www.gamapa.de\\\/fr\\\/domaines-de-services-de-conseil\\\/conseil-juridique\\\/droit-de-la-concurrence\\\/#primaryimage\"},\"thumbnailUrl\":\"https:\\\/\\\/www.gamapa.de\\\/wp-content\\\/uploads\\\/2020\\\/07\\\/U-Header-Rechtsgebiete-2-scaled.jpg\",\"datePublished\":\"2025-11-10T09:15:03+00:00\",\"dateModified\":\"2025-11-13T16:35:43+00:00\",\"description\":\"Droit de la concurrence: conseil, contr\u00f4les de conformit\u00e9 et conduite de proc\u00e8s. Minimiser les risques, \u00e9viter les infractions.\",\"breadcrumb\":{\"@id\":\"https:\\\/\\\/www.gamapa.de\\\/fr\\\/domaines-de-services-de-conseil\\\/conseil-juridique\\\/droit-de-la-concurrence\\\/#breadcrumb\"},\"inLanguage\":\"fr-FR\",\"potentialAction\":[{\"@type\":\"ReadAction\",\"target\":[\"https:\\\/\\\/www.gamapa.de\\\/fr\\\/domaines-de-services-de-conseil\\\/conseil-juridique\\\/droit-de-la-concurrence\\\/\"]}]},{\"@type\":\"ImageObject\",\"inLanguage\":\"fr-FR\",\"@id\":\"https:\\\/\\\/www.gamapa.de\\\/fr\\\/domaines-de-services-de-conseil\\\/conseil-juridique\\\/droit-de-la-concurrence\\\/#primaryimage\",\"url\":\"https:\\\/\\\/www.gamapa.de\\\/wp-content\\\/uploads\\\/2020\\\/07\\\/U-Header-Rechtsgebiete-2-scaled.jpg\",\"contentUrl\":\"https:\\\/\\\/www.gamapa.de\\\/wp-content\\\/uploads\\\/2020\\\/07\\\/U-Header-Rechtsgebiete-2-scaled.jpg\",\"width\":2560,\"height\":764,\"caption\":\"Allgemeines Wirtschaftsrecht, Rechtsberatung D\u00fcsseldorf \u2013multidisziplin\u00e4re Kanzleien f\u00fcr den Mittelstand in Nordrhein-Westfalen\"},{\"@type\":\"BreadcrumbList\",\"@id\":\"https:\\\/\\\/www.gamapa.de\\\/fr\\\/domaines-de-services-de-conseil\\\/conseil-juridique\\\/droit-de-la-concurrence\\\/#breadcrumb\",\"itemListElement\":[{\"@type\":\"ListItem\",\"position\":1,\"name\":\"Startseite\",\"item\":\"https:\\\/\\\/www.gamapa.de\\\/fr\\\/\"},{\"@type\":\"ListItem\",\"position\":2,\"name\":\"Domaines de conseil\",\"item\":\"https:\\\/\\\/www.gamapa.de\\\/fr\\\/domaines-de-services-de-conseil\\\/\"},{\"@type\":\"ListItem\",\"position\":3,\"name\":\"Conseil juridique\",\"item\":\"https:\\\/\\\/www.gamapa.de\\\/fr\\\/domaines-de-services-de-conseil\\\/conseil-juridique\\\/\"},{\"@type\":\"ListItem\",\"position\":4,\"name\":\"Droit de la concurrence\"}]},{\"@type\":\"WebSite\",\"@id\":\"https:\\\/\\\/www.gamapa.de\\\/fr\\\/#website\",\"url\":\"https:\\\/\\\/www.gamapa.de\\\/fr\\\/\",\"name\":\"GANTEF\u00dcHRER\",\"description\":\"Wirtschaftspr\u00fcfer, Steuerberater, Rechtsanw\u00e4lte\",\"publisher\":{\"@id\":\"https:\\\/\\\/www.gamapa.de\\\/fr\\\/#organization\"},\"potentialAction\":[{\"@type\":\"SearchAction\",\"target\":{\"@type\":\"EntryPoint\",\"urlTemplate\":\"https:\\\/\\\/www.gamapa.de\\\/fr\\\/?s={search_term_string}\"},\"query-input\":{\"@type\":\"PropertyValueSpecification\",\"valueRequired\":true,\"valueName\":\"search_term_string\"}}],\"inLanguage\":\"fr-FR\"},{\"@type\":\"Organization\",\"@id\":\"https:\\\/\\\/www.gamapa.de\\\/fr\\\/#organization\",\"name\":\"Gantef\u00fchrer Wirtschaftspr\u00fcfer, Steuerberater, Rechtsanw\u00e4lte\",\"url\":\"https:\\\/\\\/www.gamapa.de\\\/fr\\\/\",\"logo\":{\"@type\":\"ImageObject\",\"inLanguage\":\"fr-FR\",\"@id\":\"https:\\\/\\\/www.gamapa.de\\\/fr\\\/#\\\/schema\\\/logo\\\/image\\\/\",\"url\":\"https:\\\/\\\/www.gamapa.de\\\/wp-content\\\/uploads\\\/2026\\\/01\\\/Logo-Gantefuehrer.png\",\"contentUrl\":\"https:\\\/\\\/www.gamapa.de\\\/wp-content\\\/uploads\\\/2026\\\/01\\\/Logo-Gantefuehrer.png\",\"width\":767,\"height\":156,\"caption\":\"Gantef\u00fchrer Wirtschaftspr\u00fcfer, Steuerberater, Rechtsanw\u00e4lte\"},\"image\":{\"@id\":\"https:\\\/\\\/www.gamapa.de\\\/fr\\\/#\\\/schema\\\/logo\\\/image\\\/\"}}]}<\/script>\n<!-- \/ Yoast SEO plugin. -->","yoast_head_json":{"title":"Droit de la concurrence | Dr. Gantef\u00fchrer, Marquardt und Partner","description":"Droit de la concurrence: conseil, contr\u00f4les de conformit\u00e9 et conduite de proc\u00e8s. Minimiser les risques, \u00e9viter les infractions.","robots":{"index":"index","follow":"follow","max-snippet":"max-snippet:-1","max-image-preview":"max-image-preview:large","max-video-preview":"max-video-preview:-1"},"canonical":"https:\/\/www.gamapa.de\/fr\/domaines-de-services-de-conseil\/conseil-juridique\/droit-de-la-concurrence\/","og_locale":"fr_FR","og_type":"article","og_title":"Droit de la concurrence | Dr. Gantef\u00fchrer, Marquardt und Partner","og_description":"Droit de la concurrence: conseil, contr\u00f4les de conformit\u00e9 et conduite de proc\u00e8s. Minimiser les risques, \u00e9viter les infractions.","og_url":"https:\/\/www.gamapa.de\/fr\/domaines-de-services-de-conseil\/conseil-juridique\/droit-de-la-concurrence\/","og_site_name":"GANTEF\u00dcHRER","article_modified_time":"2025-11-13T16:35:43+00:00","og_image":[{"width":2560,"height":764,"url":"https:\/\/www.gamapa.de\/wp-content\/uploads\/2020\/07\/U-Header-Rechtsgebiete-2-scaled.jpg","type":"image\/jpeg"}],"twitter_card":"summary_large_image","twitter_misc":{"Dur\u00e9e de lecture estim\u00e9e":"2 minutes"},"schema":{"@context":"https:\/\/schema.org","@graph":[{"@type":"WebPage","@id":"https:\/\/www.gamapa.de\/fr\/domaines-de-services-de-conseil\/conseil-juridique\/droit-de-la-concurrence\/","url":"https:\/\/www.gamapa.de\/fr\/domaines-de-services-de-conseil\/conseil-juridique\/droit-de-la-concurrence\/","name":"Droit de la concurrence | Dr. Gantef\u00fchrer, Marquardt und Partner","isPartOf":{"@id":"https:\/\/www.gamapa.de\/fr\/#website"},"primaryImageOfPage":{"@id":"https:\/\/www.gamapa.de\/fr\/domaines-de-services-de-conseil\/conseil-juridique\/droit-de-la-concurrence\/#primaryimage"},"image":{"@id":"https:\/\/www.gamapa.de\/fr\/domaines-de-services-de-conseil\/conseil-juridique\/droit-de-la-concurrence\/#primaryimage"},"thumbnailUrl":"https:\/\/www.gamapa.de\/wp-content\/uploads\/2020\/07\/U-Header-Rechtsgebiete-2-scaled.jpg","datePublished":"2025-11-10T09:15:03+00:00","dateModified":"2025-11-13T16:35:43+00:00","description":"Droit de la concurrence: conseil, contr\u00f4les de conformit\u00e9 et conduite de proc\u00e8s. Minimiser les risques, \u00e9viter les infractions.","breadcrumb":{"@id":"https:\/\/www.gamapa.de\/fr\/domaines-de-services-de-conseil\/conseil-juridique\/droit-de-la-concurrence\/#breadcrumb"},"inLanguage":"fr-FR","potentialAction":[{"@type":"ReadAction","target":["https:\/\/www.gamapa.de\/fr\/domaines-de-services-de-conseil\/conseil-juridique\/droit-de-la-concurrence\/"]}]},{"@type":"ImageObject","inLanguage":"fr-FR","@id":"https:\/\/www.gamapa.de\/fr\/domaines-de-services-de-conseil\/conseil-juridique\/droit-de-la-concurrence\/#primaryimage","url":"https:\/\/www.gamapa.de\/wp-content\/uploads\/2020\/07\/U-Header-Rechtsgebiete-2-scaled.jpg","contentUrl":"https:\/\/www.gamapa.de\/wp-content\/uploads\/2020\/07\/U-Header-Rechtsgebiete-2-scaled.jpg","width":2560,"height":764,"caption":"Allgemeines Wirtschaftsrecht, Rechtsberatung D\u00fcsseldorf \u2013multidisziplin\u00e4re Kanzleien f\u00fcr den Mittelstand in Nordrhein-Westfalen"},{"@type":"BreadcrumbList","@id":"https:\/\/www.gamapa.de\/fr\/domaines-de-services-de-conseil\/conseil-juridique\/droit-de-la-concurrence\/#breadcrumb","itemListElement":[{"@type":"ListItem","position":1,"name":"Startseite","item":"https:\/\/www.gamapa.de\/fr\/"},{"@type":"ListItem","position":2,"name":"Domaines de conseil","item":"https:\/\/www.gamapa.de\/fr\/domaines-de-services-de-conseil\/"},{"@type":"ListItem","position":3,"name":"Conseil juridique","item":"https:\/\/www.gamapa.de\/fr\/domaines-de-services-de-conseil\/conseil-juridique\/"},{"@type":"ListItem","position":4,"name":"Droit de la concurrence"}]},{"@type":"WebSite","@id":"https:\/\/www.gamapa.de\/fr\/#website","url":"https:\/\/www.gamapa.de\/fr\/","name":"GANTEF\u00dcHRER","description":"Wirtschaftspr\u00fcfer, Steuerberater, Rechtsanw\u00e4lte","publisher":{"@id":"https:\/\/www.gamapa.de\/fr\/#organization"},"potentialAction":[{"@type":"SearchAction","target":{"@type":"EntryPoint","urlTemplate":"https:\/\/www.gamapa.de\/fr\/?s={search_term_string}"},"query-input":{"@type":"PropertyValueSpecification","valueRequired":true,"valueName":"search_term_string"}}],"inLanguage":"fr-FR"},{"@type":"Organization","@id":"https:\/\/www.gamapa.de\/fr\/#organization","name":"Gantef\u00fchrer Wirtschaftspr\u00fcfer, Steuerberater, Rechtsanw\u00e4lte","url":"https:\/\/www.gamapa.de\/fr\/","logo":{"@type":"ImageObject","inLanguage":"fr-FR","@id":"https:\/\/www.gamapa.de\/fr\/#\/schema\/logo\/image\/","url":"https:\/\/www.gamapa.de\/wp-content\/uploads\/2026\/01\/Logo-Gantefuehrer.png","contentUrl":"https:\/\/www.gamapa.de\/wp-content\/uploads\/2026\/01\/Logo-Gantefuehrer.png","width":767,"height":156,"caption":"Gantef\u00fchrer Wirtschaftspr\u00fcfer, Steuerberater, Rechtsanw\u00e4lte"},"image":{"@id":"https:\/\/www.gamapa.de\/fr\/#\/schema\/logo\/image\/"}}]}},"uagb_featured_image_src":{"full":["https:\/\/www.gamapa.de\/wp-content\/uploads\/2020\/07\/U-Header-Rechtsgebiete-2-scaled.jpg",2560,764,false],"thumbnail":["https:\/\/www.gamapa.de\/wp-content\/uploads\/2020\/07\/U-Header-Rechtsgebiete-2-150x150.jpg",150,150,true],"medium":["https:\/\/www.gamapa.de\/wp-content\/uploads\/2020\/07\/U-Header-Rechtsgebiete-2-600x179.jpg",600,179,true],"medium_large":["https:\/\/www.gamapa.de\/wp-content\/uploads\/2020\/07\/U-Header-Rechtsgebiete-2-768x229.jpg",580,173,true],"large":["https:\/\/www.gamapa.de\/wp-content\/uploads\/2020\/07\/U-Header-Rechtsgebiete-2-scaled.jpg",580,173,false],"gs-tiny":["https:\/\/www.gamapa.de\/wp-content\/uploads\/2020\/07\/U-Header-Rechtsgebiete-2-scaled.jpg",50,15,false],"xl":["https:\/\/www.gamapa.de\/wp-content\/uploads\/2020\/07\/U-Header-Rechtsgebiete-2-scaled.jpg",1600,478,false],"xxl":["https:\/\/www.gamapa.de\/wp-content\/uploads\/2020\/07\/U-Header-Rechtsgebiete-2-scaled.jpg",2200,657,false],"xxxl":["https:\/\/www.gamapa.de\/wp-content\/uploads\/2020\/07\/U-Header-Rechtsgebiete-2-scaled.jpg",2560,764,false],"xxxxl":["https:\/\/www.gamapa.de\/wp-content\/uploads\/2020\/07\/U-Header-Rechtsgebiete-2-scaled.jpg",2560,764,false],"xxxxxl":["https:\/\/www.gamapa.de\/wp-content\/uploads\/2020\/07\/U-Header-Rechtsgebiete-2-scaled.jpg",2560,764,false],"1536x1536":["https:\/\/www.gamapa.de\/wp-content\/uploads\/2020\/07\/U-Header-Rechtsgebiete-2-1536x458.jpg",1536,458,true],"2048x2048":["https:\/\/www.gamapa.de\/wp-content\/uploads\/2020\/07\/U-Header-Rechtsgebiete-2-2048x611.jpg",2048,611,true],"post-thumbnail":["https:\/\/www.gamapa.de\/wp-content\/uploads\/2020\/07\/U-Header-Rechtsgebiete-2-scaled.jpg",2560,764,false],"twentytwenty-fullscreen":["https:\/\/www.gamapa.de\/wp-content\/uploads\/2020\/07\/U-Header-Rechtsgebiete-2-scaled.jpg",2560,764,false],"theme-slug-single-post":["https:\/\/www.gamapa.de\/wp-content\/uploads\/2020\/07\/U-Header-Rechtsgebiete-2-1600x400.jpg",1600,400,true]},"uagb_author_info":{"display_name":"ninasenft","author_link":"https:\/\/www.gamapa.de\/fr\/author\/ninasenft\/"},"uagb_comment_info":0,"uagb_excerpt":"Nous garantissons une concurrence loyale pour votre entreprise La loi sur la concurrence d\u00e9loyale (UWG) d\u00e9finit les r\u00e8gles de conduite \u00e9conomique \u00e9quitable que toute entreprise doit respecter lorsqu&rsquo;elle propose et ach\u00e8te des services. Nous d\u00e9veloppons avec vous une strat\u00e9gie viable pour votre image, votre offre, votre publicit\u00e9 et votre distribution \u2013 juridiquement s\u00fbre, minimisant les\u2026","_links":{"self":[{"href":"https:\/\/www.gamapa.de\/fr\/wp-json\/wp\/v2\/pages\/22463","targetHints":{"allow":["GET"]}}],"collection":[{"href":"https:\/\/www.gamapa.de\/fr\/wp-json\/wp\/v2\/pages"}],"about":[{"href":"https:\/\/www.gamapa.de\/fr\/wp-json\/wp\/v2\/types\/page"}],"author":[{"embeddable":true,"href":"https:\/\/www.gamapa.de\/fr\/wp-json\/wp\/v2\/users\/11"}],"replies":[{"embeddable":true,"href":"https:\/\/www.gamapa.de\/fr\/wp-json\/wp\/v2\/comments?post=22463"}],"version-history":[{"count":3,"href":"https:\/\/www.gamapa.de\/fr\/wp-json\/wp\/v2\/pages\/22463\/revisions"}],"predecessor-version":[{"id":22498,"href":"https:\/\/www.gamapa.de\/fr\/wp-json\/wp\/v2\/pages\/22463\/revisions\/22498"}],"up":[{"embeddable":true,"href":"https:\/\/www.gamapa.de\/fr\/wp-json\/wp\/v2\/pages\/4489"}],"wp:featuredmedia":[{"embeddable":true,"href":"https:\/\/www.gamapa.de\/fr\/wp-json\/wp\/v2\/media\/3877"}],"wp:attachment":[{"href":"https:\/\/www.gamapa.de\/fr\/wp-json\/wp\/v2\/media?parent=22463"}],"curies":[{"name":"wp","href":"https:\/\/api.w.org\/{rel}","templated":true}]}}