

{"id":22572,"date":"2022-01-18T15:59:58","date_gmt":"2022-01-18T14:59:58","guid":{"rendered":"https:\/\/www.gamapa.de\/domaines-de-services-de-conseil\/mediation\/"},"modified":"2025-11-18T14:05:57","modified_gmt":"2025-11-18T13:05:57","slug":"mediation","status":"publish","type":"page","link":"https:\/\/www.gamapa.de\/fr\/domaines-de-services-de-conseil\/mediation\/","title":{"rendered":"M\u00e9diation"},"content":{"rendered":"\n<h2 class=\"wp-block-heading inhalt\">R\u00e8glement extrajudiciaire et rapide des litiges<\/h2>\n\n\n\n<p class=\"inhalt\">Les th\u00e8mes abord\u00e9s dans le cadre d&rsquo;une m\u00e9diation sont omnipr\u00e9sents dans la vie quotidienne. En effet, des conflits surgissent partout et tous les jours, car des personnes diff\u00e9rentes, avec des int\u00e9r\u00eats et des besoins diff\u00e9rents, se rencontrent. Dans la sph\u00e8re priv\u00e9e, les divergences d&rsquo;opinion se retrouvent souvent dans les conflits familiaux ou les litiges successoraux. Dans le domaine entrepreneurial, des litiges peuvent survenir au niveau de la soci\u00e9t\u00e9 entre les associ\u00e9s, au niveau hi\u00e9rarchique entre les sup\u00e9rieurs et les employ\u00e9s ou au sein d&rsquo;un m\u00eame niveau entre les employ\u00e9s. En outre, il existe souvent des conflits dans le cadre de la planification de la succession dans l&rsquo;entreprise ou dans le cadre des relations avec les clients.<\/p>\n\n\n\n<p>Les conflits co\u00fbtent g\u00e9n\u00e9ralement beaucoup de temps, de patience et de nerfs aux personnes concern\u00e9es et sont souvent tr\u00e8s co\u00fbteux.<\/p>\n\n\n\n<p>Souvent, les parties en conflit ne voient d&rsquo;autre solution que de saisir la justice. Cependant, dans ce cas, seule une partie peut gagner, si tant est qu&rsquo;il y ait un gagnant, et il est g\u00e9n\u00e9ralement impossible de savoir qui ce sera. Les causes du litige ne sont ni mises en lumi\u00e8re ni r\u00e9solues.<\/p>\n\n\n\n<p>En faisant appel \u00e0 un m\u00e9diateur, vous vous donnez les moyens de r\u00e9soudre les conflits rapidement, efficacement et de mani\u00e8re personnalis\u00e9e. La proc\u00e9dure de m\u00e9diation est une v\u00e9ritable alternative aux proc\u00e9dures judiciaires longues et co\u00fbteuses, car elle permet aux parties de trouver elles-m\u00eames une solution \u00e0 leur probl\u00e8me qui leur convienne.<\/p>\n\n\n\n<div style=\"height:40px\" aria-hidden=\"true\" class=\"wp-block-spacer\"><\/div>\n\n\n\n<div class=\"wp-block-pb-accordion-item c-accordion__item js-accordion-item no-js medi\" data-initially-open=\"false\" data-click-to-close=\"true\" data-auto-close=\"true\" data-scroll=\"false\" data-scroll-offset=\"0\"><h2 id=\"at-225720\" class=\"c-accordion__title js-accordion-controller\" role=\"button\">Qu&rsquo;est-ce que la m\u00e9diation?<\/h2><div id=\"ac-225720\" class=\"c-accordion__content\">\n<p>La m\u00e9diation est une proc\u00e9dure extrajudiciaire, r\u00e9glement\u00e9e par la loi et structur\u00e9e, dans laquelle les parties s&rsquo;efforcent, avec l&rsquo;aide d&rsquo;un m\u00e9diateur ind\u00e9pendant et impartial, de trouver volontairement et de mani\u00e8re responsable un r\u00e8glement \u00e0 l&rsquo;amiable du conflit.<\/p>\n\n\n\n<p>L&rsquo;objectif de la m\u00e9diation est de parvenir \u00e0 une solution dite \u00ab\u00a0gagnant-gagnant\u00a0\u00bb: au lieu d&rsquo;une d\u00e9cision prise par un tiers, vous \u00e9laborez vous-m\u00eame, avec l&rsquo;autre partie et sous la direction d&rsquo;un tiers neutre, le m\u00e9diateur, une solution qui vous convienne \u00e0 tous les deux. Les int\u00e9r\u00eats et les besoins des personnes impliqu\u00e9es sont pris en compte et mis en \u00e9vidence, afin de permettre une compr\u00e9hension mutuelle sans pour autant n\u00e9gliger ou mettre de c\u00f4t\u00e9 ses propres pr\u00e9occupations. La solution \u00e9labor\u00e9e est ensuite consign\u00e9e dans un accord contraignant et tourn\u00e9 vers l&rsquo;avenir, \u00e0 l&rsquo;amiable et sans recours judiciaire.<\/p>\n<\/div><\/div>\n\n\n\n<div class=\"wp-block-pb-accordion-item c-accordion__item js-accordion-item no-js medi\" data-initially-open=\"false\" data-click-to-close=\"true\" data-auto-close=\"true\" data-scroll=\"false\" data-scroll-offset=\"0\"><h2 id=\"at-225721\" class=\"c-accordion__title js-accordion-controller\" role=\"button\">\u00c0 qui la m\u00e9diation est-elle utile ?<\/h2><div id=\"ac-225721\" class=\"c-accordion__content\">\n<p>Notre exp\u00e9rience nous permet d&rsquo;affirmer que tous les conflits peuvent en principe faire l&rsquo;objet d&rsquo;une m\u00e9diation, m\u00eame dans les cas o\u00f9 l&rsquo;atmosph\u00e8re est tr\u00e8s tendue en raison de divergences importantes, de blessures et d&rsquo;incidents divers et o\u00f9, \u00e0 premi\u00e8re vue, un accord \u00e0 l&rsquo;amiable semble impossible.<\/p>\n\n\n\n<p>Le recours \u00e0 une proc\u00e9dure de m\u00e9diation est particuli\u00e8rement judicieux lorsque:<\/p>\n\n\n\n<ul class=\"wp-block-list\">\n<li>entre les parties, \u00ab\u00a0rien ne va plus\u00a0\u00bb, les discussions tournent en rond ou une communication claire et constructive n&rsquo;est plus possible<\/li>\n\n\n\n<li>les diff\u00e9rends sont tr\u00e8s complexes et confus; il n&rsquo;y a plus de clart\u00e9<\/li>\n\n\n\n<li>le conflit est fortement charg\u00e9 \u00e9motionnellement<\/li>\n\n\n\n<li>un contact ou une collaboration futurs ne peuvent ou ne doivent pas \u00eatre \u00e9vit\u00e9s, il s&rsquo;agit donc de maintenir les relations<\/li>\n\n\n\n<li>une solution rapide et non bureaucratique doit \u00eatre trouv\u00e9e<\/li>\n\n\n\n<li>la plus grande confidentialit\u00e9 possible doit \u00eatre garantie<\/li>\n\n\n\n<li>les co\u00fbts (du conflit) doivent \u00eatre maintenus \u00e0 un niveau bas<\/li>\n<\/ul>\n\n\n\n<p>La m\u00e9diation n&rsquo;a pas de sens si les parties ne participent pas volontairement \u00e0 la m\u00e9diation. Dans ce cas, il peut toutefois \u00eatre recommand\u00e9 de conseiller uniquement l&rsquo;une des parties afin d&rsquo;\u00e9laborer la mani\u00e8re dont le litige sera trait\u00e9 \u00e0 l&rsquo;avenir. La m\u00e9diation n&rsquo;est bien s\u00fbr pas une panac\u00e9e. Les acteurs doivent participer \u00e0 la m\u00e9diation de leur plein gr\u00e9 et sous leur propre responsabilit\u00e9. Ils doivent \u00e9galement \u00eatre fondamentalement dispos\u00e9s \u00e0 trouver un accord. Si ces conditions sont remplies, rien ne s&rsquo;oppose en principe \u00e0 la recherche d&rsquo;une solution individuelle dans le cadre de la proc\u00e9dure de m\u00e9diation.<\/p>\n<\/div><\/div>\n\n\n\n<h3 class=\"wp-block-heading\">Vos interlocuteurs:<\/h3>\n\n\n\n<div class=\"wp-block-columns is-layout-flex wp-container-core-columns-is-layout-9d6595d7 wp-block-columns-is-layout-flex\">\n<div class=\"wp-block-column is-layout-flow wp-block-column-is-layout-flow\">\n<figure class=\"wp-block-image size-full\"><a href=\"https:\/\/www.gamapa.de\/fr\/conseillers\/vera-niedermeyer-avocat-mediatrice\/\"><img loading=\"lazy\" decoding=\"async\" width=\"600\" height=\"389\" src=\"https:\/\/www.gamapa.de\/wp-content\/uploads\/2020\/08\/Niedermeyer-600x389-1.jpg\" alt=\"\" class=\"wp-image-8135\"\/><\/a><figcaption class=\"wp-element-caption\">Vera Niedermeyer<\/figcaption><\/figure>\n<\/div>\n\n\n\n<div class=\"wp-block-column 2-5rem is-layout-flow wp-block-column-is-layout-flow\">\n<figure class=\"wp-block-image size-full\"><a href=\"https:\/\/www.gamapa.de\/fr\/conseillers\/antje-stosch-avocat-specialise-en-droit-de-la-famillespecialise-en-droit-de-la-famille\/\"><img loading=\"lazy\" decoding=\"async\" width=\"600\" height=\"389\" src=\"https:\/\/www.gamapa.de\/wp-content\/uploads\/2021\/10\/Antje-Stosch_1.jpg\" alt=\"\" class=\"wp-image-9442\"\/><\/a><figcaption class=\"wp-element-caption\">Antje Stosch<\/figcaption><\/figure>\n<\/div>\n<\/div>\n\n\n\n<div class=\"wp-block-columns is-layout-flex wp-container-core-columns-is-layout-9d6595d7 wp-block-columns-is-layout-flex\">\n<div class=\"wp-block-column is-layout-flow wp-block-column-is-layout-flow\">\n<figure class=\"wp-block-image size-full\"><a href=\"https:\/\/www.gamapa.de\/fr\/conseillers\/eva-schmitz-dipl-kff-conseillere-fiscale\/\"><img loading=\"lazy\" decoding=\"async\" width=\"600\" height=\"389\" src=\"https:\/\/www.gamapa.de\/wp-content\/uploads\/2022\/02\/Schmitz_1.jpg\" alt=\"Eva Schmitz\" class=\"wp-image-12284\"\/><\/a><figcaption class=\"wp-element-caption\">Eva Schmitz<\/figcaption><\/figure>\n<\/div>\n\n\n\n<div class=\"wp-block-column is-layout-flow wp-block-column-is-layout-flow\">\n<figure class=\"wp-block-image size-full\"><a href=\"https:\/\/www.gamapa.de\/fr\/conseillers\/daniel-troost-conseiller-fiscal-associe\/\"><img loading=\"lazy\" decoding=\"async\" width=\"600\" height=\"389\" src=\"https:\/\/www.gamapa.de\/wp-content\/uploads\/2022\/11\/Troost_1.jpg\" alt=\"\" class=\"wp-image-13723\"\/><\/a><figcaption class=\"wp-element-caption\">Daniel Troost<\/figcaption><\/figure>\n<\/div>\n<\/div>\n\n\n\n<div style=\"height:40px\" aria-hidden=\"true\" class=\"wp-block-spacer\"><\/div>\n\n\n\n<div class=\"wp-block-columns is-layout-flex wp-container-core-columns-is-layout-9d6595d7 wp-block-columns-is-layout-flex\">\n<div class=\"wp-block-column breites-raster med is-layout-flow wp-block-column-is-layout-flow\">\n<div class=\"wp-block-button\"><a class=\"wp-block-button__link has-background wp-element-button\" href=\"https:\/\/www.gamapa.de\/fr\/domaines-de-services-de-conseil\/mediation\/mediation-commerciale\/\" style=\"background-color:#003565\">m\u00e9diation commerciale<\/a><\/div>\n<\/div>\n\n\n\n<div class=\"wp-block-column med is-layout-flow wp-block-column-is-layout-flow\">\n<div class=\"wp-block-button\"><a class=\"wp-block-button__link has-background wp-element-button\" href=\"https:\/\/www.gamapa.de\/fr\/domaines-de-services-de-conseil\/mediation\/M\u00e9diation dans le domaine priv\u00e9\/\" style=\"background-color:#003565\">M\u00e9diation dans le domaine priv\u00e9<\/a><\/div>\n<\/div>\n\n\n\n<div class=\"wp-block-column med is-layout-flow wp-block-column-is-layout-flow\">\n<div class=\"wp-block-button\"><a class=\"wp-block-button__link has-background wp-element-button\" href=\"https:\/\/www.gamapa.de\/fr\/domaines-de-services-de-conseil\/mediation\/cas-pratiques-comme-exemples-concrets\/\" style=\"background-color:#003565\">Cas pratiques comme exemples concrets<\/a><\/div>\n<\/div>\n<\/div>\n\n\n\n<div class=\"wp-block-columns is-layout-flex wp-container-core-columns-is-layout-9d6595d7 wp-block-columns-is-layout-flex\"><\/div>\n","protected":false},"excerpt":{"rendered":"<p>R\u00e8glement extrajudiciaire et rapide des litiges Les th\u00e8mes abord\u00e9s dans le cadre d&rsquo;une m\u00e9diation sont omnipr\u00e9sents dans la vie quotidienne. En effet, des conflits surgissent partout et tous les jours, car des personnes diff\u00e9rentes, avec des int\u00e9r\u00eats et des besoins diff\u00e9rents, se rencontrent. Dans la sph\u00e8re priv\u00e9e, les divergences d&rsquo;opinion se retrouvent souvent dans les <a href=\"https:\/\/www.gamapa.de\/fr\/domaines-de-services-de-conseil\/mediation\/\">[\u2026]<\/a><\/p>\n","protected":false},"author":1,"featured_media":12066,"parent":4484,"menu_order":6,"comment_status":"closed","ping_status":"closed","template":"","meta":{"_acf_changed":false,"_uag_custom_page_level_css":"","footnotes":""},"class_list":["post-22572","page","type-page","status-publish","has-post-thumbnail","hentry"],"acf":[],"yoast_head":"<!-- This site is optimized with the Yoast SEO plugin v27.3 - https:\/\/yoast.com\/product\/yoast-seo-wordpress\/ -->\n<title>M\u00e9diation| Dr. Gantef\u00fchrer Marquardt und Partner<\/title>\n<meta name=\"description\" content=\"La m\u00e9diation permet de r\u00e9soudre les conflits rapidement, efficacement et de mani\u00e8re personnalis\u00e9e - contactez-nous.\" \/>\n<meta name=\"robots\" content=\"index, follow, max-snippet:-1, max-image-preview:large, max-video-preview:-1\" \/>\n<link rel=\"canonical\" href=\"https:\/\/www.gamapa.de\/fr\/domaines-de-services-de-conseil\/mediation\/\" \/>\n<meta property=\"og:locale\" content=\"fr_FR\" \/>\n<meta property=\"og:type\" content=\"article\" \/>\n<meta property=\"og:title\" content=\"M\u00e9diation| Dr. Gantef\u00fchrer Marquardt und Partner\" \/>\n<meta property=\"og:description\" content=\"La m\u00e9diation permet de r\u00e9soudre les conflits rapidement, efficacement et de mani\u00e8re personnalis\u00e9e - contactez-nous.\" \/>\n<meta property=\"og:url\" content=\"https:\/\/www.gamapa.de\/fr\/domaines-de-services-de-conseil\/mediation\/\" \/>\n<meta property=\"og:site_name\" content=\"GANTEF\u00dcHRER\" \/>\n<meta property=\"article:modified_time\" content=\"2025-11-18T13:05:57+00:00\" \/>\n<meta property=\"og:image\" content=\"https:\/\/www.gamapa.de\/wp-content\/uploads\/2022\/02\/Mediation-2-scaled.jpg\" \/>\n\t<meta property=\"og:image:width\" content=\"2560\" \/>\n\t<meta property=\"og:image:height\" content=\"764\" \/>\n\t<meta property=\"og:image:type\" content=\"image\/jpeg\" \/>\n<meta name=\"twitter:card\" content=\"summary_large_image\" \/>\n<meta name=\"twitter:label1\" content=\"Dur\u00e9e de lecture estim\u00e9e\" \/>\n\t<meta name=\"twitter:data1\" content=\"5 minutes\" \/>\n<script type=\"application\/ld+json\" class=\"yoast-schema-graph\">{\"@context\":\"https:\\\/\\\/schema.org\",\"@graph\":[{\"@type\":\"WebPage\",\"@id\":\"https:\\\/\\\/www.gamapa.de\\\/fr\\\/domaines-de-services-de-conseil\\\/mediation\\\/\",\"url\":\"https:\\\/\\\/www.gamapa.de\\\/fr\\\/domaines-de-services-de-conseil\\\/mediation\\\/\",\"name\":\"M\u00e9diation| Dr. Gantef\u00fchrer Marquardt und Partner\",\"isPartOf\":{\"@id\":\"https:\\\/\\\/www.gamapa.de\\\/fr\\\/#website\"},\"primaryImageOfPage\":{\"@id\":\"https:\\\/\\\/www.gamapa.de\\\/fr\\\/domaines-de-services-de-conseil\\\/mediation\\\/#primaryimage\"},\"image\":{\"@id\":\"https:\\\/\\\/www.gamapa.de\\\/fr\\\/domaines-de-services-de-conseil\\\/mediation\\\/#primaryimage\"},\"thumbnailUrl\":\"https:\\\/\\\/www.gamapa.de\\\/wp-content\\\/uploads\\\/2022\\\/02\\\/Mediation-2-scaled.jpg\",\"datePublished\":\"2022-01-18T14:59:58+00:00\",\"dateModified\":\"2025-11-18T13:05:57+00:00\",\"description\":\"La m\u00e9diation permet de r\u00e9soudre les conflits rapidement, efficacement et de mani\u00e8re personnalis\u00e9e - contactez-nous.\",\"breadcrumb\":{\"@id\":\"https:\\\/\\\/www.gamapa.de\\\/fr\\\/domaines-de-services-de-conseil\\\/mediation\\\/#breadcrumb\"},\"inLanguage\":\"fr-FR\",\"potentialAction\":[{\"@type\":\"ReadAction\",\"target\":[\"https:\\\/\\\/www.gamapa.de\\\/fr\\\/domaines-de-services-de-conseil\\\/mediation\\\/\"]}]},{\"@type\":\"ImageObject\",\"inLanguage\":\"fr-FR\",\"@id\":\"https:\\\/\\\/www.gamapa.de\\\/fr\\\/domaines-de-services-de-conseil\\\/mediation\\\/#primaryimage\",\"url\":\"https:\\\/\\\/www.gamapa.de\\\/wp-content\\\/uploads\\\/2022\\\/02\\\/Mediation-2-scaled.jpg\",\"contentUrl\":\"https:\\\/\\\/www.gamapa.de\\\/wp-content\\\/uploads\\\/2022\\\/02\\\/Mediation-2-scaled.jpg\",\"width\":2560,\"height\":764,\"caption\":\"Mediation-2\"},{\"@type\":\"BreadcrumbList\",\"@id\":\"https:\\\/\\\/www.gamapa.de\\\/fr\\\/domaines-de-services-de-conseil\\\/mediation\\\/#breadcrumb\",\"itemListElement\":[{\"@type\":\"ListItem\",\"position\":1,\"name\":\"Startseite\",\"item\":\"https:\\\/\\\/www.gamapa.de\\\/fr\\\/\"},{\"@type\":\"ListItem\",\"position\":2,\"name\":\"Domaines de conseil\",\"item\":\"https:\\\/\\\/www.gamapa.de\\\/fr\\\/domaines-de-services-de-conseil\\\/\"},{\"@type\":\"ListItem\",\"position\":3,\"name\":\"M\u00e9diation\"}]},{\"@type\":\"WebSite\",\"@id\":\"https:\\\/\\\/www.gamapa.de\\\/fr\\\/#website\",\"url\":\"https:\\\/\\\/www.gamapa.de\\\/fr\\\/\",\"name\":\"GANTEF\u00dcHRER\",\"description\":\"Wirtschaftspr\u00fcfer, Steuerberater, Rechtsanw\u00e4lte\",\"publisher\":{\"@id\":\"https:\\\/\\\/www.gamapa.de\\\/fr\\\/#organization\"},\"potentialAction\":[{\"@type\":\"SearchAction\",\"target\":{\"@type\":\"EntryPoint\",\"urlTemplate\":\"https:\\\/\\\/www.gamapa.de\\\/fr\\\/?s={search_term_string}\"},\"query-input\":{\"@type\":\"PropertyValueSpecification\",\"valueRequired\":true,\"valueName\":\"search_term_string\"}}],\"inLanguage\":\"fr-FR\"},{\"@type\":\"Organization\",\"@id\":\"https:\\\/\\\/www.gamapa.de\\\/fr\\\/#organization\",\"name\":\"Gantef\u00fchrer Wirtschaftspr\u00fcfer, Steuerberater, Rechtsanw\u00e4lte\",\"url\":\"https:\\\/\\\/www.gamapa.de\\\/fr\\\/\",\"logo\":{\"@type\":\"ImageObject\",\"inLanguage\":\"fr-FR\",\"@id\":\"https:\\\/\\\/www.gamapa.de\\\/fr\\\/#\\\/schema\\\/logo\\\/image\\\/\",\"url\":\"https:\\\/\\\/www.gamapa.de\\\/wp-content\\\/uploads\\\/2026\\\/01\\\/Logo-Gantefuehrer.png\",\"contentUrl\":\"https:\\\/\\\/www.gamapa.de\\\/wp-content\\\/uploads\\\/2026\\\/01\\\/Logo-Gantefuehrer.png\",\"width\":767,\"height\":156,\"caption\":\"Gantef\u00fchrer Wirtschaftspr\u00fcfer, Steuerberater, Rechtsanw\u00e4lte\"},\"image\":{\"@id\":\"https:\\\/\\\/www.gamapa.de\\\/fr\\\/#\\\/schema\\\/logo\\\/image\\\/\"}}]}<\/script>\n<!-- \/ Yoast SEO plugin. -->","yoast_head_json":{"title":"M\u00e9diation| Dr. Gantef\u00fchrer Marquardt und Partner","description":"La m\u00e9diation permet de r\u00e9soudre les conflits rapidement, efficacement et de mani\u00e8re personnalis\u00e9e - contactez-nous.","robots":{"index":"index","follow":"follow","max-snippet":"max-snippet:-1","max-image-preview":"max-image-preview:large","max-video-preview":"max-video-preview:-1"},"canonical":"https:\/\/www.gamapa.de\/fr\/domaines-de-services-de-conseil\/mediation\/","og_locale":"fr_FR","og_type":"article","og_title":"M\u00e9diation| Dr. Gantef\u00fchrer Marquardt und Partner","og_description":"La m\u00e9diation permet de r\u00e9soudre les conflits rapidement, efficacement et de mani\u00e8re personnalis\u00e9e - contactez-nous.","og_url":"https:\/\/www.gamapa.de\/fr\/domaines-de-services-de-conseil\/mediation\/","og_site_name":"GANTEF\u00dcHRER","article_modified_time":"2025-11-18T13:05:57+00:00","og_image":[{"width":2560,"height":764,"url":"https:\/\/www.gamapa.de\/wp-content\/uploads\/2022\/02\/Mediation-2-scaled.jpg","type":"image\/jpeg"}],"twitter_card":"summary_large_image","twitter_misc":{"Dur\u00e9e de lecture estim\u00e9e":"5 minutes"},"schema":{"@context":"https:\/\/schema.org","@graph":[{"@type":"WebPage","@id":"https:\/\/www.gamapa.de\/fr\/domaines-de-services-de-conseil\/mediation\/","url":"https:\/\/www.gamapa.de\/fr\/domaines-de-services-de-conseil\/mediation\/","name":"M\u00e9diation| Dr. Gantef\u00fchrer Marquardt und Partner","isPartOf":{"@id":"https:\/\/www.gamapa.de\/fr\/#website"},"primaryImageOfPage":{"@id":"https:\/\/www.gamapa.de\/fr\/domaines-de-services-de-conseil\/mediation\/#primaryimage"},"image":{"@id":"https:\/\/www.gamapa.de\/fr\/domaines-de-services-de-conseil\/mediation\/#primaryimage"},"thumbnailUrl":"https:\/\/www.gamapa.de\/wp-content\/uploads\/2022\/02\/Mediation-2-scaled.jpg","datePublished":"2022-01-18T14:59:58+00:00","dateModified":"2025-11-18T13:05:57+00:00","description":"La m\u00e9diation permet de r\u00e9soudre les conflits rapidement, efficacement et de mani\u00e8re personnalis\u00e9e - contactez-nous.","breadcrumb":{"@id":"https:\/\/www.gamapa.de\/fr\/domaines-de-services-de-conseil\/mediation\/#breadcrumb"},"inLanguage":"fr-FR","potentialAction":[{"@type":"ReadAction","target":["https:\/\/www.gamapa.de\/fr\/domaines-de-services-de-conseil\/mediation\/"]}]},{"@type":"ImageObject","inLanguage":"fr-FR","@id":"https:\/\/www.gamapa.de\/fr\/domaines-de-services-de-conseil\/mediation\/#primaryimage","url":"https:\/\/www.gamapa.de\/wp-content\/uploads\/2022\/02\/Mediation-2-scaled.jpg","contentUrl":"https:\/\/www.gamapa.de\/wp-content\/uploads\/2022\/02\/Mediation-2-scaled.jpg","width":2560,"height":764,"caption":"Mediation-2"},{"@type":"BreadcrumbList","@id":"https:\/\/www.gamapa.de\/fr\/domaines-de-services-de-conseil\/mediation\/#breadcrumb","itemListElement":[{"@type":"ListItem","position":1,"name":"Startseite","item":"https:\/\/www.gamapa.de\/fr\/"},{"@type":"ListItem","position":2,"name":"Domaines de conseil","item":"https:\/\/www.gamapa.de\/fr\/domaines-de-services-de-conseil\/"},{"@type":"ListItem","position":3,"name":"M\u00e9diation"}]},{"@type":"WebSite","@id":"https:\/\/www.gamapa.de\/fr\/#website","url":"https:\/\/www.gamapa.de\/fr\/","name":"GANTEF\u00dcHRER","description":"Wirtschaftspr\u00fcfer, Steuerberater, Rechtsanw\u00e4lte","publisher":{"@id":"https:\/\/www.gamapa.de\/fr\/#organization"},"potentialAction":[{"@type":"SearchAction","target":{"@type":"EntryPoint","urlTemplate":"https:\/\/www.gamapa.de\/fr\/?s={search_term_string}"},"query-input":{"@type":"PropertyValueSpecification","valueRequired":true,"valueName":"search_term_string"}}],"inLanguage":"fr-FR"},{"@type":"Organization","@id":"https:\/\/www.gamapa.de\/fr\/#organization","name":"Gantef\u00fchrer Wirtschaftspr\u00fcfer, Steuerberater, Rechtsanw\u00e4lte","url":"https:\/\/www.gamapa.de\/fr\/","logo":{"@type":"ImageObject","inLanguage":"fr-FR","@id":"https:\/\/www.gamapa.de\/fr\/#\/schema\/logo\/image\/","url":"https:\/\/www.gamapa.de\/wp-content\/uploads\/2026\/01\/Logo-Gantefuehrer.png","contentUrl":"https:\/\/www.gamapa.de\/wp-content\/uploads\/2026\/01\/Logo-Gantefuehrer.png","width":767,"height":156,"caption":"Gantef\u00fchrer Wirtschaftspr\u00fcfer, Steuerberater, Rechtsanw\u00e4lte"},"image":{"@id":"https:\/\/www.gamapa.de\/fr\/#\/schema\/logo\/image\/"}}]}},"uagb_featured_image_src":{"full":["https:\/\/www.gamapa.de\/wp-content\/uploads\/2022\/02\/Mediation-2-scaled.jpg",2560,764,false],"thumbnail":["https:\/\/www.gamapa.de\/wp-content\/uploads\/2022\/02\/Mediation-2-150x150.jpg",150,150,true],"medium":["https:\/\/www.gamapa.de\/wp-content\/uploads\/2022\/02\/Mediation-2-600x179.jpg",600,179,true],"medium_large":["https:\/\/www.gamapa.de\/wp-content\/uploads\/2022\/02\/Mediation-2-768x229.jpg",580,173,true],"large":["https:\/\/www.gamapa.de\/wp-content\/uploads\/2022\/02\/Mediation-2-scaled.jpg",580,173,false],"gs-tiny":["https:\/\/www.gamapa.de\/wp-content\/uploads\/2022\/02\/Mediation-2-scaled.jpg",50,15,false],"xl":["https:\/\/www.gamapa.de\/wp-content\/uploads\/2022\/02\/Mediation-2-1600x477.jpg",1600,477,true],"xxl":["https:\/\/www.gamapa.de\/wp-content\/uploads\/2022\/02\/Mediation-2-2200x656.jpg",2200,656,true],"xxxl":["https:\/\/www.gamapa.de\/wp-content\/uploads\/2022\/02\/Mediation-2-2800x835.jpg",2800,835,true],"xxxxl":["https:\/\/www.gamapa.de\/wp-content\/uploads\/2022\/02\/Mediation-2-scaled.jpg",2560,764,false],"xxxxxl":["https:\/\/www.gamapa.de\/wp-content\/uploads\/2022\/02\/Mediation-2-scaled.jpg",2560,764,false],"1536x1536":["https:\/\/www.gamapa.de\/wp-content\/uploads\/2022\/02\/Mediation-2-1536x458.jpg",1536,458,true],"2048x2048":["https:\/\/www.gamapa.de\/wp-content\/uploads\/2022\/02\/Mediation-2-2048x611.jpg",2048,611,true],"post-thumbnail":["https:\/\/www.gamapa.de\/wp-content\/uploads\/2022\/02\/Mediation-2-scaled.jpg",2560,764,false],"twentytwenty-fullscreen":["https:\/\/www.gamapa.de\/wp-content\/uploads\/2022\/02\/Mediation-2-scaled.jpg",2560,764,false],"theme-slug-single-post":["https:\/\/www.gamapa.de\/wp-content\/uploads\/2022\/02\/Mediation-2-1600x400.jpg",1600,400,true]},"uagb_author_info":{"display_name":"linda","author_link":"https:\/\/www.gamapa.de\/fr\/author\/linda\/"},"uagb_comment_info":0,"uagb_excerpt":"R\u00e8glement extrajudiciaire et rapide des litiges Les th\u00e8mes abord\u00e9s dans le cadre d&rsquo;une m\u00e9diation sont omnipr\u00e9sents dans la vie quotidienne. En effet, des conflits surgissent partout et tous les jours, car des personnes diff\u00e9rentes, avec des int\u00e9r\u00eats et des besoins diff\u00e9rents, se rencontrent. Dans la sph\u00e8re priv\u00e9e, les divergences d&rsquo;opinion se retrouvent souvent dans les\u2026","_links":{"self":[{"href":"https:\/\/www.gamapa.de\/fr\/wp-json\/wp\/v2\/pages\/22572","targetHints":{"allow":["GET"]}}],"collection":[{"href":"https:\/\/www.gamapa.de\/fr\/wp-json\/wp\/v2\/pages"}],"about":[{"href":"https:\/\/www.gamapa.de\/fr\/wp-json\/wp\/v2\/types\/page"}],"author":[{"embeddable":true,"href":"https:\/\/www.gamapa.de\/fr\/wp-json\/wp\/v2\/users\/1"}],"replies":[{"embeddable":true,"href":"https:\/\/www.gamapa.de\/fr\/wp-json\/wp\/v2\/comments?post=22572"}],"version-history":[{"count":7,"href":"https:\/\/www.gamapa.de\/fr\/wp-json\/wp\/v2\/pages\/22572\/revisions"}],"predecessor-version":[{"id":22593,"href":"https:\/\/www.gamapa.de\/fr\/wp-json\/wp\/v2\/pages\/22572\/revisions\/22593"}],"up":[{"embeddable":true,"href":"https:\/\/www.gamapa.de\/fr\/wp-json\/wp\/v2\/pages\/4484"}],"wp:featuredmedia":[{"embeddable":true,"href":"https:\/\/www.gamapa.de\/fr\/wp-json\/wp\/v2\/media\/12066"}],"wp:attachment":[{"href":"https:\/\/www.gamapa.de\/fr\/wp-json\/wp\/v2\/media?parent=22572"}],"curies":[{"name":"wp","href":"https:\/\/api.w.org\/{rel}","templated":true}]}}