

{"id":22579,"date":"2022-01-18T17:28:04","date_gmt":"2022-01-18T16:28:04","guid":{"rendered":"https:\/\/www.gamapa.de\/domaines-de-services-de-conseil\/mediation\/mediation-im-privaten-bereich\/"},"modified":"2026-01-19T16:35:32","modified_gmt":"2026-01-19T15:35:32","slug":"mediation-dans-le-domaine-prive","status":"publish","type":"page","link":"https:\/\/www.gamapa.de\/fr\/domaines-de-services-de-conseil\/mediation\/mediation-dans-le-domaine-prive\/","title":{"rendered":"M\u00e9diation dans le domaine priv\u00e9"},"content":{"rendered":"\n<p>Dans la sph\u00e8re priv\u00e9e, il existe toute une s\u00e9rie de domaines conflictuels dans lesquels la m\u00e9diation peut s&rsquo;av\u00e9rer utile pour trouver une solution \u00e0 l&rsquo;amiable aux diff\u00e9rends. Il s&rsquo;agit souvent ici de pr\u00e9server les relations au sein du syst\u00e8me familial et de trouver une solution commune, tourn\u00e9e vers l&rsquo;avenir, afin de pouvoir \u00e0 nouveau entretenir des relations meilleures et plus sereines les uns avec les autres.<\/p>\n\n\n\n<h2 class=\"wp-block-heading\">Dans le domaine priv\u00e9, il s&rsquo;agit notamment de transmettre:<\/h2>\n\n\n\n<ul class=\"wp-block-list\">\n<li>dans les situations de s\u00e9paration et de divorce et toutes les questions connexes \u00e0 r\u00e9gler<\/li>\n\n\n\n<li>dans les conflits g\u00e9n\u00e9rationnels, en particulier entre parents et enfants, par exemple dans le cadre de la planification successorale<\/li>\n\n\n\n<li>dans tous les conflits au sein d&rsquo;entreprises familiales<\/li>\n\n\n\n<li>dans les litiges successoraux au sein de la famille<\/li>\n<\/ul>\n\n\n\n<h2 class=\"wp-block-heading\">Vos avantages<\/h2>\n\n\n\n<ul class=\"wp-block-list\">\n<li>offre un cadre s\u00fbr pour aborder m\u00eame les sujets difficiles<\/li>\n\n\n\n<li>solutions rapides, non bureaucratiques et confidentielles sans recours juridique<\/li>\n\n\n\n<li>les parties utilisent leur \u00e9nergie de mani\u00e8re positive pour rechercher une solution commune (mobilisation positive des ressources)<\/li>\n\n\n\n<li>apporte de la clart\u00e9 dans le conflit<\/li>\n\n\n\n<li>renforce la recherche autonome de solutions par toutes les parties concern\u00e9es<\/li>\n\n\n\n<li>haut niveau d&rsquo;acceptation et de transparence chez toutes les parties concern\u00e9es<\/li>\n\n\n\n<li>maintien des relations<\/li>\n\n\n\n<li>am\u00e9lioration de la communication entre les parties<\/li>\n\n\n\n<li>vie familiale harmonieuse<\/li>\n\n\n\n<li>faible co\u00fbt de la proc\u00e9dure de r\u00e9solution des conflits<\/li>\n\n\n\n<li>accord contraignant et tourn\u00e9 vers l&rsquo;avenir, applicable \u00e0 tous<\/li>\n<\/ul>\n\n\n\n<p>Dans le contexte des conflits familiaux, le m\u00e9diateur s&rsquo;efforce, en tant que tiers neutre, de servir d&rsquo;interm\u00e9diaire entre les parties en assumant la responsabilit\u00e9 de l&rsquo;organisation du processus de discussion, sans prendre de d\u00e9cision autoritaire. En outre, le m\u00e9diateur dispose de nombreuses m\u00e9thodes et techniques pour organiser les diff\u00e9rentes \u00e9tapes du processus afin que le conflit puisse \u00eatre r\u00e9solu de la meilleure fa\u00e7on possible et dans l&rsquo;int\u00e9r\u00eat de tous les membres de la famille.<\/p>\n","protected":false},"excerpt":{"rendered":"<p>Dans la sph\u00e8re priv\u00e9e, il existe toute une s\u00e9rie de domaines conflictuels dans lesquels la m\u00e9diation peut s&rsquo;av\u00e9rer utile pour trouver une solution \u00e0 l&rsquo;amiable aux diff\u00e9rends. Il s&rsquo;agit souvent ici de pr\u00e9server les relations au sein du syst\u00e8me familial et de trouver une solution commune, tourn\u00e9e vers l&rsquo;avenir, afin de pouvoir \u00e0 nouveau entretenir <a href=\"https:\/\/www.gamapa.de\/fr\/domaines-de-services-de-conseil\/mediation\/mediation-dans-le-domaine-prive\/\">[\u2026]<\/a><\/p>\n","protected":false},"author":1,"featured_media":12205,"parent":22572,"menu_order":0,"comment_status":"closed","ping_status":"closed","template":"templates\/template-simple-site.php","meta":{"_acf_changed":false,"_uag_custom_page_level_css":"","footnotes":""},"class_list":["post-22579","page","type-page","status-publish","has-post-thumbnail","hentry"],"acf":[],"yoast_head":"<!-- This site is optimized with the Yoast SEO plugin v27.3 - https:\/\/yoast.com\/product\/yoast-seo-wordpress\/ -->\n<title>M\u00e9diation dans le domaine priv\u00e9 | Dr. Gantef\u00fchrer<\/title>\n<meta name=\"description\" content=\"La m\u00e9diation peut \u00e9galement contribuer \u00e0 la r\u00e9solution \u00e0 l&#039;amiable de litiges dans le domaine priv\u00e9 - contactez-nous!\" \/>\n<meta name=\"robots\" content=\"index, follow, max-snippet:-1, max-image-preview:large, max-video-preview:-1\" \/>\n<link rel=\"canonical\" href=\"https:\/\/www.gamapa.de\/fr\/domaines-de-services-de-conseil\/mediation\/mediation-dans-le-domaine-prive\/\" \/>\n<meta property=\"og:locale\" content=\"fr_FR\" \/>\n<meta property=\"og:type\" content=\"article\" \/>\n<meta property=\"og:title\" content=\"M\u00e9diation dans le domaine priv\u00e9 | Dr. Gantef\u00fchrer\" \/>\n<meta property=\"og:description\" content=\"La m\u00e9diation peut \u00e9galement contribuer \u00e0 la r\u00e9solution \u00e0 l&#039;amiable de litiges dans le domaine priv\u00e9 - contactez-nous!\" \/>\n<meta property=\"og:url\" content=\"https:\/\/www.gamapa.de\/fr\/domaines-de-services-de-conseil\/mediation\/mediation-dans-le-domaine-prive\/\" \/>\n<meta property=\"og:site_name\" content=\"GANTEF\u00dcHRER\" \/>\n<meta property=\"article:modified_time\" content=\"2026-01-19T15:35:32+00:00\" \/>\n<meta property=\"og:image\" content=\"https:\/\/www.gamapa.de\/wp-content\/uploads\/2022\/02\/Mediation-im-privaten-Bereich-3-scaled.jpg\" \/>\n\t<meta property=\"og:image:width\" content=\"2560\" \/>\n\t<meta property=\"og:image:height\" content=\"764\" \/>\n\t<meta property=\"og:image:type\" content=\"image\/jpeg\" \/>\n<meta name=\"twitter:card\" content=\"summary_large_image\" \/>\n<meta name=\"twitter:label1\" content=\"Dur\u00e9e de lecture estim\u00e9e\" \/>\n\t<meta name=\"twitter:data1\" content=\"2 minutes\" \/>\n<script type=\"application\/ld+json\" class=\"yoast-schema-graph\">{\"@context\":\"https:\\\/\\\/schema.org\",\"@graph\":[{\"@type\":\"WebPage\",\"@id\":\"https:\\\/\\\/www.gamapa.de\\\/fr\\\/domaines-de-services-de-conseil\\\/mediation\\\/mediation-dans-le-domaine-prive\\\/\",\"url\":\"https:\\\/\\\/www.gamapa.de\\\/fr\\\/domaines-de-services-de-conseil\\\/mediation\\\/mediation-dans-le-domaine-prive\\\/\",\"name\":\"M\u00e9diation dans le domaine priv\u00e9 | Dr. Gantef\u00fchrer\",\"isPartOf\":{\"@id\":\"https:\\\/\\\/www.gamapa.de\\\/fr\\\/#website\"},\"primaryImageOfPage\":{\"@id\":\"https:\\\/\\\/www.gamapa.de\\\/fr\\\/domaines-de-services-de-conseil\\\/mediation\\\/mediation-dans-le-domaine-prive\\\/#primaryimage\"},\"image\":{\"@id\":\"https:\\\/\\\/www.gamapa.de\\\/fr\\\/domaines-de-services-de-conseil\\\/mediation\\\/mediation-dans-le-domaine-prive\\\/#primaryimage\"},\"thumbnailUrl\":\"https:\\\/\\\/www.gamapa.de\\\/wp-content\\\/uploads\\\/2022\\\/02\\\/Mediation-im-privaten-Bereich-3-scaled.jpg\",\"datePublished\":\"2022-01-18T16:28:04+00:00\",\"dateModified\":\"2026-01-19T15:35:32+00:00\",\"description\":\"La m\u00e9diation peut \u00e9galement contribuer \u00e0 la r\u00e9solution \u00e0 l'amiable de litiges dans le domaine priv\u00e9 - contactez-nous!\",\"breadcrumb\":{\"@id\":\"https:\\\/\\\/www.gamapa.de\\\/fr\\\/domaines-de-services-de-conseil\\\/mediation\\\/mediation-dans-le-domaine-prive\\\/#breadcrumb\"},\"inLanguage\":\"fr-FR\",\"potentialAction\":[{\"@type\":\"ReadAction\",\"target\":[\"https:\\\/\\\/www.gamapa.de\\\/fr\\\/domaines-de-services-de-conseil\\\/mediation\\\/mediation-dans-le-domaine-prive\\\/\"]}]},{\"@type\":\"ImageObject\",\"inLanguage\":\"fr-FR\",\"@id\":\"https:\\\/\\\/www.gamapa.de\\\/fr\\\/domaines-de-services-de-conseil\\\/mediation\\\/mediation-dans-le-domaine-prive\\\/#primaryimage\",\"url\":\"https:\\\/\\\/www.gamapa.de\\\/wp-content\\\/uploads\\\/2022\\\/02\\\/Mediation-im-privaten-Bereich-3-scaled.jpg\",\"contentUrl\":\"https:\\\/\\\/www.gamapa.de\\\/wp-content\\\/uploads\\\/2022\\\/02\\\/Mediation-im-privaten-Bereich-3-scaled.jpg\",\"width\":2560,\"height\":764,\"caption\":\"Mediation im privaten Bereich\"},{\"@type\":\"BreadcrumbList\",\"@id\":\"https:\\\/\\\/www.gamapa.de\\\/fr\\\/domaines-de-services-de-conseil\\\/mediation\\\/mediation-dans-le-domaine-prive\\\/#breadcrumb\",\"itemListElement\":[{\"@type\":\"ListItem\",\"position\":1,\"name\":\"Startseite\",\"item\":\"https:\\\/\\\/www.gamapa.de\\\/fr\\\/\"},{\"@type\":\"ListItem\",\"position\":2,\"name\":\"Domaines de conseil\",\"item\":\"https:\\\/\\\/www.gamapa.de\\\/fr\\\/domaines-de-services-de-conseil\\\/\"},{\"@type\":\"ListItem\",\"position\":3,\"name\":\"M\u00e9diation\",\"item\":\"https:\\\/\\\/www.gamapa.de\\\/fr\\\/domaines-de-services-de-conseil\\\/mediation\\\/\"},{\"@type\":\"ListItem\",\"position\":4,\"name\":\"M\u00e9diation dans le domaine priv\u00e9\"}]},{\"@type\":\"WebSite\",\"@id\":\"https:\\\/\\\/www.gamapa.de\\\/fr\\\/#website\",\"url\":\"https:\\\/\\\/www.gamapa.de\\\/fr\\\/\",\"name\":\"GANTEF\u00dcHRER\",\"description\":\"Wirtschaftspr\u00fcfer, Steuerberater, Rechtsanw\u00e4lte\",\"publisher\":{\"@id\":\"https:\\\/\\\/www.gamapa.de\\\/fr\\\/#organization\"},\"potentialAction\":[{\"@type\":\"SearchAction\",\"target\":{\"@type\":\"EntryPoint\",\"urlTemplate\":\"https:\\\/\\\/www.gamapa.de\\\/fr\\\/?s={search_term_string}\"},\"query-input\":{\"@type\":\"PropertyValueSpecification\",\"valueRequired\":true,\"valueName\":\"search_term_string\"}}],\"inLanguage\":\"fr-FR\"},{\"@type\":\"Organization\",\"@id\":\"https:\\\/\\\/www.gamapa.de\\\/fr\\\/#organization\",\"name\":\"Gantef\u00fchrer Wirtschaftspr\u00fcfer, Steuerberater, Rechtsanw\u00e4lte\",\"url\":\"https:\\\/\\\/www.gamapa.de\\\/fr\\\/\",\"logo\":{\"@type\":\"ImageObject\",\"inLanguage\":\"fr-FR\",\"@id\":\"https:\\\/\\\/www.gamapa.de\\\/fr\\\/#\\\/schema\\\/logo\\\/image\\\/\",\"url\":\"https:\\\/\\\/www.gamapa.de\\\/wp-content\\\/uploads\\\/2026\\\/01\\\/Logo-Gantefuehrer.png\",\"contentUrl\":\"https:\\\/\\\/www.gamapa.de\\\/wp-content\\\/uploads\\\/2026\\\/01\\\/Logo-Gantefuehrer.png\",\"width\":767,\"height\":156,\"caption\":\"Gantef\u00fchrer Wirtschaftspr\u00fcfer, Steuerberater, Rechtsanw\u00e4lte\"},\"image\":{\"@id\":\"https:\\\/\\\/www.gamapa.de\\\/fr\\\/#\\\/schema\\\/logo\\\/image\\\/\"}}]}<\/script>\n<!-- \/ Yoast SEO plugin. -->","yoast_head_json":{"title":"M\u00e9diation dans le domaine priv\u00e9 | Dr. Gantef\u00fchrer","description":"La m\u00e9diation peut \u00e9galement contribuer \u00e0 la r\u00e9solution \u00e0 l'amiable de litiges dans le domaine priv\u00e9 - contactez-nous!","robots":{"index":"index","follow":"follow","max-snippet":"max-snippet:-1","max-image-preview":"max-image-preview:large","max-video-preview":"max-video-preview:-1"},"canonical":"https:\/\/www.gamapa.de\/fr\/domaines-de-services-de-conseil\/mediation\/mediation-dans-le-domaine-prive\/","og_locale":"fr_FR","og_type":"article","og_title":"M\u00e9diation dans le domaine priv\u00e9 | Dr. Gantef\u00fchrer","og_description":"La m\u00e9diation peut \u00e9galement contribuer \u00e0 la r\u00e9solution \u00e0 l'amiable de litiges dans le domaine priv\u00e9 - contactez-nous!","og_url":"https:\/\/www.gamapa.de\/fr\/domaines-de-services-de-conseil\/mediation\/mediation-dans-le-domaine-prive\/","og_site_name":"GANTEF\u00dcHRER","article_modified_time":"2026-01-19T15:35:32+00:00","og_image":[{"width":2560,"height":764,"url":"https:\/\/www.gamapa.de\/wp-content\/uploads\/2022\/02\/Mediation-im-privaten-Bereich-3-scaled.jpg","type":"image\/jpeg"}],"twitter_card":"summary_large_image","twitter_misc":{"Dur\u00e9e de lecture estim\u00e9e":"2 minutes"},"schema":{"@context":"https:\/\/schema.org","@graph":[{"@type":"WebPage","@id":"https:\/\/www.gamapa.de\/fr\/domaines-de-services-de-conseil\/mediation\/mediation-dans-le-domaine-prive\/","url":"https:\/\/www.gamapa.de\/fr\/domaines-de-services-de-conseil\/mediation\/mediation-dans-le-domaine-prive\/","name":"M\u00e9diation dans le domaine priv\u00e9 | Dr. Gantef\u00fchrer","isPartOf":{"@id":"https:\/\/www.gamapa.de\/fr\/#website"},"primaryImageOfPage":{"@id":"https:\/\/www.gamapa.de\/fr\/domaines-de-services-de-conseil\/mediation\/mediation-dans-le-domaine-prive\/#primaryimage"},"image":{"@id":"https:\/\/www.gamapa.de\/fr\/domaines-de-services-de-conseil\/mediation\/mediation-dans-le-domaine-prive\/#primaryimage"},"thumbnailUrl":"https:\/\/www.gamapa.de\/wp-content\/uploads\/2022\/02\/Mediation-im-privaten-Bereich-3-scaled.jpg","datePublished":"2022-01-18T16:28:04+00:00","dateModified":"2026-01-19T15:35:32+00:00","description":"La m\u00e9diation peut \u00e9galement contribuer \u00e0 la r\u00e9solution \u00e0 l'amiable de litiges dans le domaine priv\u00e9 - contactez-nous!","breadcrumb":{"@id":"https:\/\/www.gamapa.de\/fr\/domaines-de-services-de-conseil\/mediation\/mediation-dans-le-domaine-prive\/#breadcrumb"},"inLanguage":"fr-FR","potentialAction":[{"@type":"ReadAction","target":["https:\/\/www.gamapa.de\/fr\/domaines-de-services-de-conseil\/mediation\/mediation-dans-le-domaine-prive\/"]}]},{"@type":"ImageObject","inLanguage":"fr-FR","@id":"https:\/\/www.gamapa.de\/fr\/domaines-de-services-de-conseil\/mediation\/mediation-dans-le-domaine-prive\/#primaryimage","url":"https:\/\/www.gamapa.de\/wp-content\/uploads\/2022\/02\/Mediation-im-privaten-Bereich-3-scaled.jpg","contentUrl":"https:\/\/www.gamapa.de\/wp-content\/uploads\/2022\/02\/Mediation-im-privaten-Bereich-3-scaled.jpg","width":2560,"height":764,"caption":"Mediation im privaten Bereich"},{"@type":"BreadcrumbList","@id":"https:\/\/www.gamapa.de\/fr\/domaines-de-services-de-conseil\/mediation\/mediation-dans-le-domaine-prive\/#breadcrumb","itemListElement":[{"@type":"ListItem","position":1,"name":"Startseite","item":"https:\/\/www.gamapa.de\/fr\/"},{"@type":"ListItem","position":2,"name":"Domaines de conseil","item":"https:\/\/www.gamapa.de\/fr\/domaines-de-services-de-conseil\/"},{"@type":"ListItem","position":3,"name":"M\u00e9diation","item":"https:\/\/www.gamapa.de\/fr\/domaines-de-services-de-conseil\/mediation\/"},{"@type":"ListItem","position":4,"name":"M\u00e9diation dans le domaine priv\u00e9"}]},{"@type":"WebSite","@id":"https:\/\/www.gamapa.de\/fr\/#website","url":"https:\/\/www.gamapa.de\/fr\/","name":"GANTEF\u00dcHRER","description":"Wirtschaftspr\u00fcfer, Steuerberater, Rechtsanw\u00e4lte","publisher":{"@id":"https:\/\/www.gamapa.de\/fr\/#organization"},"potentialAction":[{"@type":"SearchAction","target":{"@type":"EntryPoint","urlTemplate":"https:\/\/www.gamapa.de\/fr\/?s={search_term_string}"},"query-input":{"@type":"PropertyValueSpecification","valueRequired":true,"valueName":"search_term_string"}}],"inLanguage":"fr-FR"},{"@type":"Organization","@id":"https:\/\/www.gamapa.de\/fr\/#organization","name":"Gantef\u00fchrer Wirtschaftspr\u00fcfer, Steuerberater, Rechtsanw\u00e4lte","url":"https:\/\/www.gamapa.de\/fr\/","logo":{"@type":"ImageObject","inLanguage":"fr-FR","@id":"https:\/\/www.gamapa.de\/fr\/#\/schema\/logo\/image\/","url":"https:\/\/www.gamapa.de\/wp-content\/uploads\/2026\/01\/Logo-Gantefuehrer.png","contentUrl":"https:\/\/www.gamapa.de\/wp-content\/uploads\/2026\/01\/Logo-Gantefuehrer.png","width":767,"height":156,"caption":"Gantef\u00fchrer Wirtschaftspr\u00fcfer, Steuerberater, Rechtsanw\u00e4lte"},"image":{"@id":"https:\/\/www.gamapa.de\/fr\/#\/schema\/logo\/image\/"}}]}},"uagb_featured_image_src":{"full":["https:\/\/www.gamapa.de\/wp-content\/uploads\/2022\/02\/Mediation-im-privaten-Bereich-3-scaled.jpg",2560,764,false],"thumbnail":["https:\/\/www.gamapa.de\/wp-content\/uploads\/2022\/02\/Mediation-im-privaten-Bereich-3-150x150.jpg",150,150,true],"medium":["https:\/\/www.gamapa.de\/wp-content\/uploads\/2022\/02\/Mediation-im-privaten-Bereich-3-600x179.jpg",600,179,true],"medium_large":["https:\/\/www.gamapa.de\/wp-content\/uploads\/2022\/02\/Mediation-im-privaten-Bereich-3-768x229.jpg",580,173,true],"large":["https:\/\/www.gamapa.de\/wp-content\/uploads\/2022\/02\/Mediation-im-privaten-Bereich-3-scaled.jpg",580,173,false],"gs-tiny":["https:\/\/www.gamapa.de\/wp-content\/uploads\/2022\/02\/Mediation-im-privaten-Bereich-3-scaled.jpg",50,15,false],"xl":["https:\/\/www.gamapa.de\/wp-content\/uploads\/2022\/02\/Mediation-im-privaten-Bereich-3-1600x477.jpg",1600,477,true],"xxl":["https:\/\/www.gamapa.de\/wp-content\/uploads\/2022\/02\/Mediation-im-privaten-Bereich-3-2200x656.jpg",2200,656,true],"xxxl":["https:\/\/www.gamapa.de\/wp-content\/uploads\/2022\/02\/Mediation-im-privaten-Bereich-3-2800x835.jpg",2800,835,true],"xxxxl":["https:\/\/www.gamapa.de\/wp-content\/uploads\/2022\/02\/Mediation-im-privaten-Bereich-3-scaled.jpg",2560,764,false],"xxxxxl":["https:\/\/www.gamapa.de\/wp-content\/uploads\/2022\/02\/Mediation-im-privaten-Bereich-3-scaled.jpg",2560,764,false],"1536x1536":["https:\/\/www.gamapa.de\/wp-content\/uploads\/2022\/02\/Mediation-im-privaten-Bereich-3-1536x458.jpg",1536,458,true],"2048x2048":["https:\/\/www.gamapa.de\/wp-content\/uploads\/2022\/02\/Mediation-im-privaten-Bereich-3-2048x611.jpg",2048,611,true],"post-thumbnail":["https:\/\/www.gamapa.de\/wp-content\/uploads\/2022\/02\/Mediation-im-privaten-Bereich-3-scaled.jpg",2560,764,false],"twentytwenty-fullscreen":["https:\/\/www.gamapa.de\/wp-content\/uploads\/2022\/02\/Mediation-im-privaten-Bereich-3-scaled.jpg",2560,764,false],"theme-slug-single-post":["https:\/\/www.gamapa.de\/wp-content\/uploads\/2022\/02\/Mediation-im-privaten-Bereich-3-1600x400.jpg",1600,400,true]},"uagb_author_info":{"display_name":"linda","author_link":"https:\/\/www.gamapa.de\/fr\/author\/linda\/"},"uagb_comment_info":0,"uagb_excerpt":"Dans la sph\u00e8re priv\u00e9e, il existe toute une s\u00e9rie de domaines conflictuels dans lesquels la m\u00e9diation peut s&rsquo;av\u00e9rer utile pour trouver une solution \u00e0 l&rsquo;amiable aux diff\u00e9rends. Il s&rsquo;agit souvent ici de pr\u00e9server les relations au sein du syst\u00e8me familial et de trouver une solution commune, tourn\u00e9e vers l&rsquo;avenir, afin de pouvoir \u00e0 nouveau entretenir\u2026","_links":{"self":[{"href":"https:\/\/www.gamapa.de\/fr\/wp-json\/wp\/v2\/pages\/22579","targetHints":{"allow":["GET"]}}],"collection":[{"href":"https:\/\/www.gamapa.de\/fr\/wp-json\/wp\/v2\/pages"}],"about":[{"href":"https:\/\/www.gamapa.de\/fr\/wp-json\/wp\/v2\/types\/page"}],"author":[{"embeddable":true,"href":"https:\/\/www.gamapa.de\/fr\/wp-json\/wp\/v2\/users\/1"}],"replies":[{"embeddable":true,"href":"https:\/\/www.gamapa.de\/fr\/wp-json\/wp\/v2\/comments?post=22579"}],"version-history":[{"count":3,"href":"https:\/\/www.gamapa.de\/fr\/wp-json\/wp\/v2\/pages\/22579\/revisions"}],"predecessor-version":[{"id":23649,"href":"https:\/\/www.gamapa.de\/fr\/wp-json\/wp\/v2\/pages\/22579\/revisions\/23649"}],"up":[{"embeddable":true,"href":"https:\/\/www.gamapa.de\/fr\/wp-json\/wp\/v2\/pages\/22572"}],"wp:featuredmedia":[{"embeddable":true,"href":"https:\/\/www.gamapa.de\/fr\/wp-json\/wp\/v2\/media\/12205"}],"wp:attachment":[{"href":"https:\/\/www.gamapa.de\/fr\/wp-json\/wp\/v2\/media?parent=22579"}],"curies":[{"name":"wp","href":"https:\/\/api.w.org\/{rel}","templated":true}]}}