

{"id":22584,"date":"2022-01-18T17:21:20","date_gmt":"2022-01-18T16:21:20","guid":{"rendered":"https:\/\/www.gamapa.de\/domaines-de-services-de-conseil\/mediation\/wirtschaftsmediation\/"},"modified":"2026-01-19T16:33:13","modified_gmt":"2026-01-19T15:33:13","slug":"mediation-commerciale","status":"publish","type":"page","link":"https:\/\/www.gamapa.de\/fr\/domaines-de-services-de-conseil\/mediation\/mediation-commerciale\/","title":{"rendered":"M\u00e9diation commerciale"},"content":{"rendered":"\n<p>La m\u00e9diation \u00e9conomique rec\u00e8le un potentiel \u00e9norme. En effet, les conflits \u00e9conomiques surgissent chaque jour et sont in\u00e9vitables, car ils opposent des personnes aux int\u00e9r\u00eats divergents. Dans de nombreux cas, cela cr\u00e9e un potentiel de changement positif et favorise le d\u00e9veloppement de l&rsquo;entreprise. Toutefois, si les parties en conflit ne parviennent pas \u00e0 trouver une solution ax\u00e9e sur leurs int\u00e9r\u00eats, cela peut entra\u00eener, selon l&rsquo;importance du diff\u00e9rend et le degr\u00e9 d&rsquo;escalade, une perte de valeur \u00e9conomique et un manque \u00e0 gagner consid\u00e9rable.<\/p>\n\n\n\n<p>Retards dans les projets, climat conflictuel au sein des \u00e9quipes, discussions interminables pendant les heures de travail, restrictions dans la communication, recherche de partisans, mise de c\u00f4t\u00e9 des objectifs communs sup\u00e9rieurs, blocage des d\u00e9cisions, refus de coop\u00e9rer, arr\u00eats maladie, restructurations inutiles, perte de qualit\u00e9, clients insatisfaits, perte de chiffre d&rsquo;affaires, rotation du personnel, perte d&rsquo;image de l&rsquo;entreprise, frais juridiques \u00e9lev\u00e9s et bien d&rsquo;autres cons\u00e9quences li\u00e9es aux litiges font que les co\u00fbts des conflits atteignent rapidement des montants consid\u00e9rables.<\/p>\n\n\n\n<p>Les co\u00fbts li\u00e9s aux conflits ne figurent pas dans le compte de r\u00e9sultat. Si tel \u00e9tait le cas, les associ\u00e9s et les dirigeants de l&rsquo;entreprise prendraient conscience de l&rsquo;ampleur consid\u00e9rable que peuvent atteindre ce type de co\u00fbts.<\/p>\n\n\n\n<p>Les co\u00fbts li\u00e9s aux conflits dans le domaine entrepreneurial constituent un poste de d\u00e9penses important pour les entreprises. Selon une \u00e9tude r\u00e9alis\u00e9e par un grand cabinet d&rsquo;audit sur les co\u00fbts li\u00e9s aux conflits, chaque entreprise pourrait r\u00e9aliser des \u00e9conomies de 15 \u00e0 20 % sur ses frais de personnel en r\u00e9glant les conflits. Les co\u00fbts li\u00e9s aux conflits comprennent tous les co\u00fbts directement identifiables, tels que ceux li\u00e9s \u00e0 la r\u00e9siliation d&rsquo;un contrat de travail ou au recrutement d&rsquo;un nouveau collaborateur. \u00c0 cela s&rsquo;ajoutent toutes les d\u00e9penses estimables, telles que celles li\u00e9es \u00e0 la perte d&rsquo;opportunit\u00e9s commerciales ou \u00e0 la fluctuation de la client\u00e8le, par exemple parce que les collaborateurs responsables \u00e9taient mobilis\u00e9s par le conflit.<\/p>\n\n\n\n<p>Les domaines d&rsquo;application de la m\u00e9diation \u00e9conomique sont notamment les suivants:<\/p>\n\n\n\n<div style=\"height:30px\" aria-hidden=\"true\" class=\"wp-block-spacer\"><\/div>\n\n\n\n<h3 class=\"wp-block-heading low\">Conflits entre associ\u00e9s:<\/h3>\n\n\n\n<ul class=\"wp-block-list\">\n<li>dans le cadre de la planification de la succession<\/li>\n\n\n\n<li>en raison d&rsquo;objectifs divergents pour l&rsquo;entreprise<\/li>\n\n\n\n<li>perte de confiance<\/li>\n<\/ul>\n\n\n\n<h3 class=\"wp-block-heading low\">Conflits au sein de l&rsquo;entreprise:<\/h3>\n\n\n\n<ul class=\"wp-block-list\">\n<li>entre l&#8217;employeur et le(s) salari\u00e9(s)<\/li>\n\n\n\n<li>entre la direction et le comit\u00e9 d&rsquo;entreprise<\/li>\n\n\n\n<li>entre coll\u00e8gues<\/li>\n<\/ul>\n\n\n\n<h3 class=\"wp-block-heading low\">Conflits dans les relations commerciales:<\/h3>\n\n\n\n<ul class=\"wp-block-list\">\n<li>entre entreprises et fournisseurs<\/li>\n\n\n\n<li>entre entreprises et clients<\/li>\n<\/ul>\n\n\n\n<h3 class=\"wp-block-heading low\">Conflits entre entreprises et autorit\u00e9s publiques\/entreprises voisines:<\/h3>\n\n\n\n<ul class=\"wp-block-list\">\n<li>Environnement, \u00e9missions, taxes, etc.<\/li>\n\n\n\n<li>Litiges avec d&rsquo;autres entreprises de toute nature<\/li>\n<\/ul>\n\n\n\n<p>Gr\u00e2ce \u00e0 l&rsquo;utilisation cibl\u00e9e de la m\u00e9diation \u00e9conomique, vous pouvez am\u00e9liorer durablement le climat au sein de votre entreprise, augmenter la satisfaction de vos collaborateurs et r\u00e9duire les co\u00fbts li\u00e9s aux conflits.<\/p>\n\n\n\n<p>La m\u00e9diation \u00e9conomique est donc de plus en plus utilis\u00e9e comme mode privil\u00e9gi\u00e9 de r\u00e8glement des litiges.<\/p>\n\n\n\n<div style=\"height:40px\" aria-hidden=\"true\" class=\"wp-block-spacer\"><\/div>\n\n\n\n<h2 class=\"wp-block-heading low\">Vos avantages:<\/h2>\n\n\n\n<ul class=\"wp-block-list\">\n<li>offre un cadre s\u00fbr pour aborder m\u00eame les sujets difficiles<\/li>\n\n\n\n<li>apporte des solutions rapides, non bureaucratiques et confidentielles sans recours juridique<\/li>\n\n\n\n<li>clarifie le conflit<\/li>\n\n\n\n<li>renforce la recherche autonome de solutions par toutes les parties concern\u00e9es<\/li>\n\n\n\n<li>b\u00e9n\u00e9ficie d&rsquo;un haut niveau d&rsquo;acceptation et de transparence aupr\u00e8s de toutes les parties concern\u00e9es<\/li>\n\n\n\n<li>pr\u00e9serve les relations<\/li>\n\n\n\n<li>am\u00e9liore la communication entre les parties<\/li>\n\n\n\n<li>reste concentr\u00e9 sur les questions factuelles<\/li>\n\n\n\n<li>se concentre sur des solutions gagnant-gagnant ax\u00e9es sur les int\u00e9r\u00eats<\/li>\n\n\n\n<li>r\u00e9duit les co\u00fbts li\u00e9s aux conflits<\/li>\n\n\n\n<li>augmente la productivit\u00e9<\/li>\n\n\n\n<li>identifie le potentiel et les besoins de changement<\/li>\n\n\n\n<li>fid\u00e9lise les bons collaborateurs<\/li>\n\n\n\n<li>est ax\u00e9 sur les solutions et produit des r\u00e9sultats durables<\/li>\n\n\n\n<li>conclut un accord contraignant et tourn\u00e9 vers l&rsquo;avenir qui s&rsquo;applique \u00e0 tous<\/li>\n<\/ul>\n","protected":false},"excerpt":{"rendered":"<p>La m\u00e9diation \u00e9conomique rec\u00e8le un potentiel \u00e9norme. En effet, les conflits \u00e9conomiques surgissent chaque jour et sont in\u00e9vitables, car ils opposent des personnes aux int\u00e9r\u00eats divergents. Dans de nombreux cas, cela cr\u00e9e un potentiel de changement positif et favorise le d\u00e9veloppement de l&rsquo;entreprise. Toutefois, si les parties en conflit ne parviennent pas \u00e0 trouver une <a href=\"https:\/\/www.gamapa.de\/fr\/domaines-de-services-de-conseil\/mediation\/mediation-commerciale\/\">[\u2026]<\/a><\/p>\n","protected":false},"author":1,"featured_media":12073,"parent":22572,"menu_order":2,"comment_status":"closed","ping_status":"closed","template":"templates\/template-simple-site.php","meta":{"_acf_changed":false,"_uag_custom_page_level_css":"","footnotes":""},"class_list":["post-22584","page","type-page","status-publish","has-post-thumbnail","hentry"],"acf":[],"yoast_head":"<!-- This site is optimized with the Yoast SEO plugin v27.3 - https:\/\/yoast.com\/product\/yoast-seo-wordpress\/ -->\n<title>M\u00e9diation commerciale | Dr. Gantef\u00fchrer, Marquardt und Partner<\/title>\n<meta name=\"description\" content=\"Nous vous aidons, en tant que m\u00e9diateur neutre, \u00e0 r\u00e9soudre les conflits au sein de votre entreprise de mani\u00e8re autonome et responsable.\" \/>\n<meta name=\"robots\" content=\"index, follow, max-snippet:-1, max-image-preview:large, max-video-preview:-1\" \/>\n<link rel=\"canonical\" href=\"https:\/\/www.gamapa.de\/fr\/domaines-de-services-de-conseil\/mediation\/mediation-commerciale\/\" \/>\n<meta property=\"og:locale\" content=\"fr_FR\" \/>\n<meta property=\"og:type\" content=\"article\" \/>\n<meta property=\"og:title\" content=\"M\u00e9diation commerciale | Dr. Gantef\u00fchrer, Marquardt und Partner\" \/>\n<meta property=\"og:description\" content=\"Nous vous aidons, en tant que m\u00e9diateur neutre, \u00e0 r\u00e9soudre les conflits au sein de votre entreprise de mani\u00e8re autonome et responsable.\" \/>\n<meta property=\"og:url\" content=\"https:\/\/www.gamapa.de\/fr\/domaines-de-services-de-conseil\/mediation\/mediation-commerciale\/\" \/>\n<meta property=\"og:site_name\" content=\"GANTEF\u00dcHRER\" \/>\n<meta property=\"article:modified_time\" content=\"2026-01-19T15:33:13+00:00\" \/>\n<meta property=\"og:image\" content=\"https:\/\/www.gamapa.de\/wp-content\/uploads\/2022\/02\/Wirtschaftsmediation-scaled.jpg\" \/>\n\t<meta property=\"og:image:width\" content=\"2560\" \/>\n\t<meta property=\"og:image:height\" content=\"764\" \/>\n\t<meta property=\"og:image:type\" content=\"image\/jpeg\" \/>\n<meta name=\"twitter:card\" content=\"summary_large_image\" \/>\n<meta name=\"twitter:label1\" content=\"Dur\u00e9e de lecture estim\u00e9e\" \/>\n\t<meta name=\"twitter:data1\" content=\"4 minutes\" \/>\n<script type=\"application\/ld+json\" class=\"yoast-schema-graph\">{\"@context\":\"https:\\\/\\\/schema.org\",\"@graph\":[{\"@type\":\"WebPage\",\"@id\":\"https:\\\/\\\/www.gamapa.de\\\/fr\\\/domaines-de-services-de-conseil\\\/mediation\\\/mediation-commerciale\\\/\",\"url\":\"https:\\\/\\\/www.gamapa.de\\\/fr\\\/domaines-de-services-de-conseil\\\/mediation\\\/mediation-commerciale\\\/\",\"name\":\"M\u00e9diation commerciale | Dr. Gantef\u00fchrer, Marquardt und Partner\",\"isPartOf\":{\"@id\":\"https:\\\/\\\/www.gamapa.de\\\/fr\\\/#website\"},\"primaryImageOfPage\":{\"@id\":\"https:\\\/\\\/www.gamapa.de\\\/fr\\\/domaines-de-services-de-conseil\\\/mediation\\\/mediation-commerciale\\\/#primaryimage\"},\"image\":{\"@id\":\"https:\\\/\\\/www.gamapa.de\\\/fr\\\/domaines-de-services-de-conseil\\\/mediation\\\/mediation-commerciale\\\/#primaryimage\"},\"thumbnailUrl\":\"https:\\\/\\\/www.gamapa.de\\\/wp-content\\\/uploads\\\/2022\\\/02\\\/Wirtschaftsmediation-scaled.jpg\",\"datePublished\":\"2022-01-18T16:21:20+00:00\",\"dateModified\":\"2026-01-19T15:33:13+00:00\",\"description\":\"Nous vous aidons, en tant que m\u00e9diateur neutre, \u00e0 r\u00e9soudre les conflits au sein de votre entreprise de mani\u00e8re autonome et responsable.\",\"breadcrumb\":{\"@id\":\"https:\\\/\\\/www.gamapa.de\\\/fr\\\/domaines-de-services-de-conseil\\\/mediation\\\/mediation-commerciale\\\/#breadcrumb\"},\"inLanguage\":\"fr-FR\",\"potentialAction\":[{\"@type\":\"ReadAction\",\"target\":[\"https:\\\/\\\/www.gamapa.de\\\/fr\\\/domaines-de-services-de-conseil\\\/mediation\\\/mediation-commerciale\\\/\"]}]},{\"@type\":\"ImageObject\",\"inLanguage\":\"fr-FR\",\"@id\":\"https:\\\/\\\/www.gamapa.de\\\/fr\\\/domaines-de-services-de-conseil\\\/mediation\\\/mediation-commerciale\\\/#primaryimage\",\"url\":\"https:\\\/\\\/www.gamapa.de\\\/wp-content\\\/uploads\\\/2022\\\/02\\\/Wirtschaftsmediation-scaled.jpg\",\"contentUrl\":\"https:\\\/\\\/www.gamapa.de\\\/wp-content\\\/uploads\\\/2022\\\/02\\\/Wirtschaftsmediation-scaled.jpg\",\"width\":2560,\"height\":764,\"caption\":\"Wirtschaftsmediation\"},{\"@type\":\"BreadcrumbList\",\"@id\":\"https:\\\/\\\/www.gamapa.de\\\/fr\\\/domaines-de-services-de-conseil\\\/mediation\\\/mediation-commerciale\\\/#breadcrumb\",\"itemListElement\":[{\"@type\":\"ListItem\",\"position\":1,\"name\":\"Startseite\",\"item\":\"https:\\\/\\\/www.gamapa.de\\\/fr\\\/\"},{\"@type\":\"ListItem\",\"position\":2,\"name\":\"Domaines de conseil\",\"item\":\"https:\\\/\\\/www.gamapa.de\\\/fr\\\/domaines-de-services-de-conseil\\\/\"},{\"@type\":\"ListItem\",\"position\":3,\"name\":\"M\u00e9diation\",\"item\":\"https:\\\/\\\/www.gamapa.de\\\/fr\\\/domaines-de-services-de-conseil\\\/mediation\\\/\"},{\"@type\":\"ListItem\",\"position\":4,\"name\":\"M\u00e9diation commerciale\"}]},{\"@type\":\"WebSite\",\"@id\":\"https:\\\/\\\/www.gamapa.de\\\/fr\\\/#website\",\"url\":\"https:\\\/\\\/www.gamapa.de\\\/fr\\\/\",\"name\":\"GANTEF\u00dcHRER\",\"description\":\"Wirtschaftspr\u00fcfer, Steuerberater, Rechtsanw\u00e4lte\",\"publisher\":{\"@id\":\"https:\\\/\\\/www.gamapa.de\\\/fr\\\/#organization\"},\"potentialAction\":[{\"@type\":\"SearchAction\",\"target\":{\"@type\":\"EntryPoint\",\"urlTemplate\":\"https:\\\/\\\/www.gamapa.de\\\/fr\\\/?s={search_term_string}\"},\"query-input\":{\"@type\":\"PropertyValueSpecification\",\"valueRequired\":true,\"valueName\":\"search_term_string\"}}],\"inLanguage\":\"fr-FR\"},{\"@type\":\"Organization\",\"@id\":\"https:\\\/\\\/www.gamapa.de\\\/fr\\\/#organization\",\"name\":\"Gantef\u00fchrer Wirtschaftspr\u00fcfer, Steuerberater, Rechtsanw\u00e4lte\",\"url\":\"https:\\\/\\\/www.gamapa.de\\\/fr\\\/\",\"logo\":{\"@type\":\"ImageObject\",\"inLanguage\":\"fr-FR\",\"@id\":\"https:\\\/\\\/www.gamapa.de\\\/fr\\\/#\\\/schema\\\/logo\\\/image\\\/\",\"url\":\"https:\\\/\\\/www.gamapa.de\\\/wp-content\\\/uploads\\\/2026\\\/01\\\/Logo-Gantefuehrer.png\",\"contentUrl\":\"https:\\\/\\\/www.gamapa.de\\\/wp-content\\\/uploads\\\/2026\\\/01\\\/Logo-Gantefuehrer.png\",\"width\":767,\"height\":156,\"caption\":\"Gantef\u00fchrer Wirtschaftspr\u00fcfer, Steuerberater, Rechtsanw\u00e4lte\"},\"image\":{\"@id\":\"https:\\\/\\\/www.gamapa.de\\\/fr\\\/#\\\/schema\\\/logo\\\/image\\\/\"}}]}<\/script>\n<!-- \/ Yoast SEO plugin. -->","yoast_head_json":{"title":"M\u00e9diation commerciale | Dr. Gantef\u00fchrer, Marquardt und Partner","description":"Nous vous aidons, en tant que m\u00e9diateur neutre, \u00e0 r\u00e9soudre les conflits au sein de votre entreprise de mani\u00e8re autonome et responsable.","robots":{"index":"index","follow":"follow","max-snippet":"max-snippet:-1","max-image-preview":"max-image-preview:large","max-video-preview":"max-video-preview:-1"},"canonical":"https:\/\/www.gamapa.de\/fr\/domaines-de-services-de-conseil\/mediation\/mediation-commerciale\/","og_locale":"fr_FR","og_type":"article","og_title":"M\u00e9diation commerciale | Dr. Gantef\u00fchrer, Marquardt und Partner","og_description":"Nous vous aidons, en tant que m\u00e9diateur neutre, \u00e0 r\u00e9soudre les conflits au sein de votre entreprise de mani\u00e8re autonome et responsable.","og_url":"https:\/\/www.gamapa.de\/fr\/domaines-de-services-de-conseil\/mediation\/mediation-commerciale\/","og_site_name":"GANTEF\u00dcHRER","article_modified_time":"2026-01-19T15:33:13+00:00","og_image":[{"width":2560,"height":764,"url":"https:\/\/www.gamapa.de\/wp-content\/uploads\/2022\/02\/Wirtschaftsmediation-scaled.jpg","type":"image\/jpeg"}],"twitter_card":"summary_large_image","twitter_misc":{"Dur\u00e9e de lecture estim\u00e9e":"4 minutes"},"schema":{"@context":"https:\/\/schema.org","@graph":[{"@type":"WebPage","@id":"https:\/\/www.gamapa.de\/fr\/domaines-de-services-de-conseil\/mediation\/mediation-commerciale\/","url":"https:\/\/www.gamapa.de\/fr\/domaines-de-services-de-conseil\/mediation\/mediation-commerciale\/","name":"M\u00e9diation commerciale | Dr. Gantef\u00fchrer, Marquardt und Partner","isPartOf":{"@id":"https:\/\/www.gamapa.de\/fr\/#website"},"primaryImageOfPage":{"@id":"https:\/\/www.gamapa.de\/fr\/domaines-de-services-de-conseil\/mediation\/mediation-commerciale\/#primaryimage"},"image":{"@id":"https:\/\/www.gamapa.de\/fr\/domaines-de-services-de-conseil\/mediation\/mediation-commerciale\/#primaryimage"},"thumbnailUrl":"https:\/\/www.gamapa.de\/wp-content\/uploads\/2022\/02\/Wirtschaftsmediation-scaled.jpg","datePublished":"2022-01-18T16:21:20+00:00","dateModified":"2026-01-19T15:33:13+00:00","description":"Nous vous aidons, en tant que m\u00e9diateur neutre, \u00e0 r\u00e9soudre les conflits au sein de votre entreprise de mani\u00e8re autonome et responsable.","breadcrumb":{"@id":"https:\/\/www.gamapa.de\/fr\/domaines-de-services-de-conseil\/mediation\/mediation-commerciale\/#breadcrumb"},"inLanguage":"fr-FR","potentialAction":[{"@type":"ReadAction","target":["https:\/\/www.gamapa.de\/fr\/domaines-de-services-de-conseil\/mediation\/mediation-commerciale\/"]}]},{"@type":"ImageObject","inLanguage":"fr-FR","@id":"https:\/\/www.gamapa.de\/fr\/domaines-de-services-de-conseil\/mediation\/mediation-commerciale\/#primaryimage","url":"https:\/\/www.gamapa.de\/wp-content\/uploads\/2022\/02\/Wirtschaftsmediation-scaled.jpg","contentUrl":"https:\/\/www.gamapa.de\/wp-content\/uploads\/2022\/02\/Wirtschaftsmediation-scaled.jpg","width":2560,"height":764,"caption":"Wirtschaftsmediation"},{"@type":"BreadcrumbList","@id":"https:\/\/www.gamapa.de\/fr\/domaines-de-services-de-conseil\/mediation\/mediation-commerciale\/#breadcrumb","itemListElement":[{"@type":"ListItem","position":1,"name":"Startseite","item":"https:\/\/www.gamapa.de\/fr\/"},{"@type":"ListItem","position":2,"name":"Domaines de conseil","item":"https:\/\/www.gamapa.de\/fr\/domaines-de-services-de-conseil\/"},{"@type":"ListItem","position":3,"name":"M\u00e9diation","item":"https:\/\/www.gamapa.de\/fr\/domaines-de-services-de-conseil\/mediation\/"},{"@type":"ListItem","position":4,"name":"M\u00e9diation commerciale"}]},{"@type":"WebSite","@id":"https:\/\/www.gamapa.de\/fr\/#website","url":"https:\/\/www.gamapa.de\/fr\/","name":"GANTEF\u00dcHRER","description":"Wirtschaftspr\u00fcfer, Steuerberater, Rechtsanw\u00e4lte","publisher":{"@id":"https:\/\/www.gamapa.de\/fr\/#organization"},"potentialAction":[{"@type":"SearchAction","target":{"@type":"EntryPoint","urlTemplate":"https:\/\/www.gamapa.de\/fr\/?s={search_term_string}"},"query-input":{"@type":"PropertyValueSpecification","valueRequired":true,"valueName":"search_term_string"}}],"inLanguage":"fr-FR"},{"@type":"Organization","@id":"https:\/\/www.gamapa.de\/fr\/#organization","name":"Gantef\u00fchrer Wirtschaftspr\u00fcfer, Steuerberater, Rechtsanw\u00e4lte","url":"https:\/\/www.gamapa.de\/fr\/","logo":{"@type":"ImageObject","inLanguage":"fr-FR","@id":"https:\/\/www.gamapa.de\/fr\/#\/schema\/logo\/image\/","url":"https:\/\/www.gamapa.de\/wp-content\/uploads\/2026\/01\/Logo-Gantefuehrer.png","contentUrl":"https:\/\/www.gamapa.de\/wp-content\/uploads\/2026\/01\/Logo-Gantefuehrer.png","width":767,"height":156,"caption":"Gantef\u00fchrer Wirtschaftspr\u00fcfer, Steuerberater, Rechtsanw\u00e4lte"},"image":{"@id":"https:\/\/www.gamapa.de\/fr\/#\/schema\/logo\/image\/"}}]}},"uagb_featured_image_src":{"full":["https:\/\/www.gamapa.de\/wp-content\/uploads\/2022\/02\/Wirtschaftsmediation-scaled.jpg",2560,764,false],"thumbnail":["https:\/\/www.gamapa.de\/wp-content\/uploads\/2022\/02\/Wirtschaftsmediation-150x150.jpg",150,150,true],"medium":["https:\/\/www.gamapa.de\/wp-content\/uploads\/2022\/02\/Wirtschaftsmediation-600x179.jpg",600,179,true],"medium_large":["https:\/\/www.gamapa.de\/wp-content\/uploads\/2022\/02\/Wirtschaftsmediation-768x229.jpg",580,173,true],"large":["https:\/\/www.gamapa.de\/wp-content\/uploads\/2022\/02\/Wirtschaftsmediation-scaled.jpg",580,173,false],"gs-tiny":["https:\/\/www.gamapa.de\/wp-content\/uploads\/2022\/02\/Wirtschaftsmediation-scaled.jpg",50,15,false],"xl":["https:\/\/www.gamapa.de\/wp-content\/uploads\/2022\/02\/Wirtschaftsmediation-1600x477.jpg",1600,477,true],"xxl":["https:\/\/www.gamapa.de\/wp-content\/uploads\/2022\/02\/Wirtschaftsmediation-2200x656.jpg",2200,656,true],"xxxl":["https:\/\/www.gamapa.de\/wp-content\/uploads\/2022\/02\/Wirtschaftsmediation-2800x835.jpg",2800,835,true],"xxxxl":["https:\/\/www.gamapa.de\/wp-content\/uploads\/2022\/02\/Wirtschaftsmediation-scaled.jpg",2560,764,false],"xxxxxl":["https:\/\/www.gamapa.de\/wp-content\/uploads\/2022\/02\/Wirtschaftsmediation-scaled.jpg",2560,764,false],"1536x1536":["https:\/\/www.gamapa.de\/wp-content\/uploads\/2022\/02\/Wirtschaftsmediation-1536x458.jpg",1536,458,true],"2048x2048":["https:\/\/www.gamapa.de\/wp-content\/uploads\/2022\/02\/Wirtschaftsmediation-2048x611.jpg",2048,611,true],"post-thumbnail":["https:\/\/www.gamapa.de\/wp-content\/uploads\/2022\/02\/Wirtschaftsmediation-scaled.jpg",2560,764,false],"twentytwenty-fullscreen":["https:\/\/www.gamapa.de\/wp-content\/uploads\/2022\/02\/Wirtschaftsmediation-scaled.jpg",2560,764,false],"theme-slug-single-post":["https:\/\/www.gamapa.de\/wp-content\/uploads\/2022\/02\/Wirtschaftsmediation-1600x400.jpg",1600,400,true]},"uagb_author_info":{"display_name":"linda","author_link":"https:\/\/www.gamapa.de\/fr\/author\/linda\/"},"uagb_comment_info":0,"uagb_excerpt":"La m\u00e9diation \u00e9conomique rec\u00e8le un potentiel \u00e9norme. En effet, les conflits \u00e9conomiques surgissent chaque jour et sont in\u00e9vitables, car ils opposent des personnes aux int\u00e9r\u00eats divergents. Dans de nombreux cas, cela cr\u00e9e un potentiel de changement positif et favorise le d\u00e9veloppement de l&rsquo;entreprise. Toutefois, si les parties en conflit ne parviennent pas \u00e0 trouver une\u2026","_links":{"self":[{"href":"https:\/\/www.gamapa.de\/fr\/wp-json\/wp\/v2\/pages\/22584","targetHints":{"allow":["GET"]}}],"collection":[{"href":"https:\/\/www.gamapa.de\/fr\/wp-json\/wp\/v2\/pages"}],"about":[{"href":"https:\/\/www.gamapa.de\/fr\/wp-json\/wp\/v2\/types\/page"}],"author":[{"embeddable":true,"href":"https:\/\/www.gamapa.de\/fr\/wp-json\/wp\/v2\/users\/1"}],"replies":[{"embeddable":true,"href":"https:\/\/www.gamapa.de\/fr\/wp-json\/wp\/v2\/comments?post=22584"}],"version-history":[{"count":3,"href":"https:\/\/www.gamapa.de\/fr\/wp-json\/wp\/v2\/pages\/22584\/revisions"}],"predecessor-version":[{"id":23647,"href":"https:\/\/www.gamapa.de\/fr\/wp-json\/wp\/v2\/pages\/22584\/revisions\/23647"}],"up":[{"embeddable":true,"href":"https:\/\/www.gamapa.de\/fr\/wp-json\/wp\/v2\/pages\/22572"}],"wp:featuredmedia":[{"embeddable":true,"href":"https:\/\/www.gamapa.de\/fr\/wp-json\/wp\/v2\/media\/12073"}],"wp:attachment":[{"href":"https:\/\/www.gamapa.de\/fr\/wp-json\/wp\/v2\/media?parent=22584"}],"curies":[{"name":"wp","href":"https:\/\/api.w.org\/{rel}","templated":true}]}}