

{"id":22589,"date":"2022-01-18T17:38:50","date_gmt":"2022-01-18T16:38:50","guid":{"rendered":"https:\/\/www.gamapa.de\/domaines-de-services-de-conseil\/mediation\/praxisfaelle-als-fallbeispiele\/"},"modified":"2026-01-19T16:34:51","modified_gmt":"2026-01-19T15:34:51","slug":"cas-pratiques-comme-exemples-concrets","status":"publish","type":"page","link":"https:\/\/www.gamapa.de\/fr\/domaines-de-services-de-conseil\/mediation\/cas-pratiques-comme-exemples-concrets\/","title":{"rendered":"Cas pratiques comme exemples concrets"},"content":{"rendered":"\n<h3 class=\"wp-block-heading\">a. Changement g\u00e9n\u00e9rationnel<\/h3>\n\n\n\n<p>Dans une entreprise moyenne prosp\u00e8re, le fondateur et directeur g\u00e9n\u00e9ral a transf\u00e9r\u00e9 la direction et les parts sociales \u00e0 son fils. Le p\u00e8re souhaite profiter de sa nouvelle libert\u00e9 pour jouer au golf et voyager. Le fils doit d\u00e9sormais diriger seul l&rsquo;entreprise. Mais d\u00e8s le d\u00e9but, le p\u00e8re s&rsquo;immisce dans la gestion de son fils. Le fils trouve cela d\u00e9rangeant et paternaliste. Les conflits entre le p\u00e8re et le fils s&rsquo;intensifient, au point que la situation menace de d\u00e9g\u00e9n\u00e9rer et que le fils ne souhaite plus diriger les affaires de l&rsquo;entreprise et envisage de se retirer de la direction.<\/p>\n\n\n\n<p>Sur recommandation du conseiller fiscal de l&rsquo;entreprise, un m\u00e9diateur \u00e9conomique exp\u00e9riment\u00e9 est appel\u00e9 \u00e0 intervenir. Au cours de la proc\u00e9dure de m\u00e9diation, tous les points litigieux entre le p\u00e8re et le fils peuvent \u00eatre r\u00e9solus apr\u00e8s un \u00e9change d&rsquo;int\u00e9r\u00eats et l&rsquo;\u00e9laboration de solutions possibles. Au final, le fils reste directeur g\u00e9n\u00e9ral et continue \u00e0 diriger seul l&rsquo;entreprise avec succ\u00e8s. Le p\u00e8re peut enfin profiter pleinement de sa libert\u00e9. La paix est r\u00e9tablie tant au sein de l&rsquo;entreprise que dans la famille.<\/p>\n\n\n\n<h3 class=\"wp-block-heading\">b. Fusion<\/h3>\n\n\n\n<p>Deux concessionnaires automobiles souhaitent fusionner, car leurs concessions sont situ\u00e9es \u00e0 quelques kilom\u00e8tres l&rsquo;une de l&rsquo;autre et les deux sites, qui sont tous deux rentables, commercialisent la m\u00eame marque de voitures. La client\u00e8le est trop restreinte pour que les deux concessions puissent g\u00e9n\u00e9rer un chiffre d&rsquo;affaires satisfaisant. Le constructeur automobile exige \u00e9galement la fusion pour des raisons \u00e9conomiques.<\/p>\n\n\n\n<p>Le conflit appara\u00eet rapidement, car les deux propri\u00e9taires de concessions automobiles revendiquent le poste de directeur g\u00e9n\u00e9ral unique, et ce, pour des raisons et des int\u00e9r\u00eats diff\u00e9rents, comme le montre la m\u00e9diation qui s&rsquo;ensuit. Au cours de la m\u00e9diation, ces int\u00e9r\u00eats divergents sont mis en \u00e9vidence et des solutions sont \u00e9labor\u00e9es qui permettent \u00e0 toutes les parties d&rsquo;y trouver leur compte. Les postes de directeur g\u00e9n\u00e9ral ont \u00e9t\u00e9 r\u00e9partis en fonction des int\u00e9r\u00eats et des points forts de chacun, dans une optique de r\u00e9ussite.<\/p>\n\n\n\n<h3 class=\"wp-block-heading\">c. Fluctuation du personnel<\/h3>\n\n\n\n<p>Depuis quelque temps, de plus en plus d&#8217;employ\u00e9s d\u00e9missionnent dans une entreprise. La direction n&rsquo;en comprend pas les raisons. M\u00eame une discussion ouverte avec le personnel n&rsquo;aide pas la direction \u00e0 trouver une solution. La fluctuation du personnel est source de beaucoup de stress et d&rsquo;agitation dans l&rsquo;entreprise. Les employ\u00e9s restants doivent compenser le travail des employ\u00e9s manquants, ce qui augmente leur m\u00e9contentement. Une nouvelle vague de d\u00e9missions menace. La situation actuelle rend le recrutement de nouveaux employ\u00e9s tr\u00e8s difficile. Les co\u00fbts li\u00e9s au conflit sont \u00e9lev\u00e9s : recours \u00e0 un chasseur de t\u00eates, temps consacr\u00e9 aux entretiens d&#8217;embauche, personnel insatisfait, perte d&rsquo;efficacit\u00e9, perte de chiffre d&rsquo;affaires, temps de formation des nouveaux coll\u00e8gues, augmentation du stress et de l&rsquo;agitation au sein de l&rsquo;entreprise, nouvelles d\u00e9missions.<\/p>\n\n\n\n<p>La direction apprend l&rsquo;existence de la m\u00e9diation par un partenaire commercial et mandate alors un m\u00e9diateur \u00e9conomique. En quelques entretiens, celui-ci parvient \u00e0 d\u00e9couvrir, dans un cadre confidentiel, les raisons de la vague de d\u00e9missions parmi les employ\u00e9s et \u00e0 y mettre fin gr\u00e2ce \u00e0 des solutions qu&rsquo;il a lui-m\u00eame \u00e9labor\u00e9es, permettant ainsi \u00e0 l&rsquo;entreprise d&rsquo;envisager \u00e0 nouveau l&rsquo;avenir avec succ\u00e8s.<\/p>\n","protected":false},"excerpt":{"rendered":"<p>a. Changement g\u00e9n\u00e9rationnel Dans une entreprise moyenne prosp\u00e8re, le fondateur et directeur g\u00e9n\u00e9ral a transf\u00e9r\u00e9 la direction et les parts sociales \u00e0 son fils. Le p\u00e8re souhaite profiter de sa nouvelle libert\u00e9 pour jouer au golf et voyager. Le fils doit d\u00e9sormais diriger seul l&rsquo;entreprise. Mais d\u00e8s le d\u00e9but, le p\u00e8re s&rsquo;immisce dans la gestion <a href=\"https:\/\/www.gamapa.de\/fr\/domaines-de-services-de-conseil\/mediation\/cas-pratiques-comme-exemples-concrets\/\">[\u2026]<\/a><\/p>\n","protected":false},"author":1,"featured_media":12276,"parent":22572,"menu_order":4,"comment_status":"closed","ping_status":"closed","template":"templates\/template-simple-site.php","meta":{"_acf_changed":false,"_uag_custom_page_level_css":"","footnotes":""},"class_list":["post-22589","page","type-page","status-publish","has-post-thumbnail","hentry"],"acf":[],"yoast_head":"<!-- This site is optimized with the Yoast SEO plugin v27.3 - https:\/\/yoast.com\/product\/yoast-seo-wordpress\/ -->\n<title>Cas pratiques comme exemples concrets | Dr. Gantef\u00fchrer<\/title>\n<meta name=\"description\" content=\"Cas pratiques et exemples concrets - comme la m\u00e9diation dans le cadre d&#039;un changement de g\u00e9n\u00e9ration. Faites-vous conseiller par nos experts!\" \/>\n<meta name=\"robots\" content=\"index, follow, max-snippet:-1, max-image-preview:large, max-video-preview:-1\" \/>\n<link rel=\"canonical\" href=\"https:\/\/www.gamapa.de\/fr\/domaines-de-services-de-conseil\/mediation\/cas-pratiques-comme-exemples-concrets\/\" \/>\n<meta property=\"og:locale\" content=\"fr_FR\" \/>\n<meta property=\"og:type\" content=\"article\" \/>\n<meta property=\"og:title\" content=\"Cas pratiques comme exemples concrets | Dr. Gantef\u00fchrer\" \/>\n<meta property=\"og:description\" content=\"Cas pratiques et exemples concrets - comme la m\u00e9diation dans le cadre d&#039;un changement de g\u00e9n\u00e9ration. Faites-vous conseiller par nos experts!\" \/>\n<meta property=\"og:url\" content=\"https:\/\/www.gamapa.de\/fr\/domaines-de-services-de-conseil\/mediation\/cas-pratiques-comme-exemples-concrets\/\" \/>\n<meta property=\"og:site_name\" content=\"GANTEF\u00dcHRER\" \/>\n<meta property=\"article:modified_time\" content=\"2026-01-19T15:34:51+00:00\" \/>\n<meta property=\"og:image\" content=\"https:\/\/www.gamapa.de\/wp-content\/uploads\/2022\/02\/Mediation-Fallbeispiele-1-scaled.jpg\" \/>\n\t<meta property=\"og:image:width\" content=\"2560\" \/>\n\t<meta property=\"og:image:height\" content=\"764\" \/>\n\t<meta property=\"og:image:type\" content=\"image\/jpeg\" \/>\n<meta name=\"twitter:card\" content=\"summary_large_image\" \/>\n<meta name=\"twitter:label1\" content=\"Dur\u00e9e de lecture estim\u00e9e\" \/>\n\t<meta name=\"twitter:data1\" content=\"4 minutes\" \/>\n<script type=\"application\/ld+json\" class=\"yoast-schema-graph\">{\"@context\":\"https:\\\/\\\/schema.org\",\"@graph\":[{\"@type\":\"WebPage\",\"@id\":\"https:\\\/\\\/www.gamapa.de\\\/fr\\\/domaines-de-services-de-conseil\\\/mediation\\\/cas-pratiques-comme-exemples-concrets\\\/\",\"url\":\"https:\\\/\\\/www.gamapa.de\\\/fr\\\/domaines-de-services-de-conseil\\\/mediation\\\/cas-pratiques-comme-exemples-concrets\\\/\",\"name\":\"Cas pratiques comme exemples concrets | Dr. Gantef\u00fchrer\",\"isPartOf\":{\"@id\":\"https:\\\/\\\/www.gamapa.de\\\/fr\\\/#website\"},\"primaryImageOfPage\":{\"@id\":\"https:\\\/\\\/www.gamapa.de\\\/fr\\\/domaines-de-services-de-conseil\\\/mediation\\\/cas-pratiques-comme-exemples-concrets\\\/#primaryimage\"},\"image\":{\"@id\":\"https:\\\/\\\/www.gamapa.de\\\/fr\\\/domaines-de-services-de-conseil\\\/mediation\\\/cas-pratiques-comme-exemples-concrets\\\/#primaryimage\"},\"thumbnailUrl\":\"https:\\\/\\\/www.gamapa.de\\\/wp-content\\\/uploads\\\/2022\\\/02\\\/Mediation-Fallbeispiele-1-scaled.jpg\",\"datePublished\":\"2022-01-18T16:38:50+00:00\",\"dateModified\":\"2026-01-19T15:34:51+00:00\",\"description\":\"Cas pratiques et exemples concrets - comme la m\u00e9diation dans le cadre d'un changement de g\u00e9n\u00e9ration. Faites-vous conseiller par nos experts!\",\"breadcrumb\":{\"@id\":\"https:\\\/\\\/www.gamapa.de\\\/fr\\\/domaines-de-services-de-conseil\\\/mediation\\\/cas-pratiques-comme-exemples-concrets\\\/#breadcrumb\"},\"inLanguage\":\"fr-FR\",\"potentialAction\":[{\"@type\":\"ReadAction\",\"target\":[\"https:\\\/\\\/www.gamapa.de\\\/fr\\\/domaines-de-services-de-conseil\\\/mediation\\\/cas-pratiques-comme-exemples-concrets\\\/\"]}]},{\"@type\":\"ImageObject\",\"inLanguage\":\"fr-FR\",\"@id\":\"https:\\\/\\\/www.gamapa.de\\\/fr\\\/domaines-de-services-de-conseil\\\/mediation\\\/cas-pratiques-comme-exemples-concrets\\\/#primaryimage\",\"url\":\"https:\\\/\\\/www.gamapa.de\\\/wp-content\\\/uploads\\\/2022\\\/02\\\/Mediation-Fallbeispiele-1-scaled.jpg\",\"contentUrl\":\"https:\\\/\\\/www.gamapa.de\\\/wp-content\\\/uploads\\\/2022\\\/02\\\/Mediation-Fallbeispiele-1-scaled.jpg\",\"width\":2560,\"height\":764,\"caption\":\"Mediation Fallbeispiele\"},{\"@type\":\"BreadcrumbList\",\"@id\":\"https:\\\/\\\/www.gamapa.de\\\/fr\\\/domaines-de-services-de-conseil\\\/mediation\\\/cas-pratiques-comme-exemples-concrets\\\/#breadcrumb\",\"itemListElement\":[{\"@type\":\"ListItem\",\"position\":1,\"name\":\"Startseite\",\"item\":\"https:\\\/\\\/www.gamapa.de\\\/fr\\\/\"},{\"@type\":\"ListItem\",\"position\":2,\"name\":\"Domaines de conseil\",\"item\":\"https:\\\/\\\/www.gamapa.de\\\/fr\\\/domaines-de-services-de-conseil\\\/\"},{\"@type\":\"ListItem\",\"position\":3,\"name\":\"M\u00e9diation\",\"item\":\"https:\\\/\\\/www.gamapa.de\\\/fr\\\/domaines-de-services-de-conseil\\\/mediation\\\/\"},{\"@type\":\"ListItem\",\"position\":4,\"name\":\"Cas pratiques comme exemples concrets\"}]},{\"@type\":\"WebSite\",\"@id\":\"https:\\\/\\\/www.gamapa.de\\\/fr\\\/#website\",\"url\":\"https:\\\/\\\/www.gamapa.de\\\/fr\\\/\",\"name\":\"GANTEF\u00dcHRER\",\"description\":\"Wirtschaftspr\u00fcfer, Steuerberater, Rechtsanw\u00e4lte\",\"publisher\":{\"@id\":\"https:\\\/\\\/www.gamapa.de\\\/fr\\\/#organization\"},\"potentialAction\":[{\"@type\":\"SearchAction\",\"target\":{\"@type\":\"EntryPoint\",\"urlTemplate\":\"https:\\\/\\\/www.gamapa.de\\\/fr\\\/?s={search_term_string}\"},\"query-input\":{\"@type\":\"PropertyValueSpecification\",\"valueRequired\":true,\"valueName\":\"search_term_string\"}}],\"inLanguage\":\"fr-FR\"},{\"@type\":\"Organization\",\"@id\":\"https:\\\/\\\/www.gamapa.de\\\/fr\\\/#organization\",\"name\":\"Gantef\u00fchrer Wirtschaftspr\u00fcfer, Steuerberater, Rechtsanw\u00e4lte\",\"url\":\"https:\\\/\\\/www.gamapa.de\\\/fr\\\/\",\"logo\":{\"@type\":\"ImageObject\",\"inLanguage\":\"fr-FR\",\"@id\":\"https:\\\/\\\/www.gamapa.de\\\/fr\\\/#\\\/schema\\\/logo\\\/image\\\/\",\"url\":\"https:\\\/\\\/www.gamapa.de\\\/wp-content\\\/uploads\\\/2026\\\/01\\\/Logo-Gantefuehrer.png\",\"contentUrl\":\"https:\\\/\\\/www.gamapa.de\\\/wp-content\\\/uploads\\\/2026\\\/01\\\/Logo-Gantefuehrer.png\",\"width\":767,\"height\":156,\"caption\":\"Gantef\u00fchrer Wirtschaftspr\u00fcfer, Steuerberater, Rechtsanw\u00e4lte\"},\"image\":{\"@id\":\"https:\\\/\\\/www.gamapa.de\\\/fr\\\/#\\\/schema\\\/logo\\\/image\\\/\"}}]}<\/script>\n<!-- \/ Yoast SEO plugin. -->","yoast_head_json":{"title":"Cas pratiques comme exemples concrets | Dr. Gantef\u00fchrer","description":"Cas pratiques et exemples concrets - comme la m\u00e9diation dans le cadre d'un changement de g\u00e9n\u00e9ration. Faites-vous conseiller par nos experts!","robots":{"index":"index","follow":"follow","max-snippet":"max-snippet:-1","max-image-preview":"max-image-preview:large","max-video-preview":"max-video-preview:-1"},"canonical":"https:\/\/www.gamapa.de\/fr\/domaines-de-services-de-conseil\/mediation\/cas-pratiques-comme-exemples-concrets\/","og_locale":"fr_FR","og_type":"article","og_title":"Cas pratiques comme exemples concrets | Dr. Gantef\u00fchrer","og_description":"Cas pratiques et exemples concrets - comme la m\u00e9diation dans le cadre d'un changement de g\u00e9n\u00e9ration. Faites-vous conseiller par nos experts!","og_url":"https:\/\/www.gamapa.de\/fr\/domaines-de-services-de-conseil\/mediation\/cas-pratiques-comme-exemples-concrets\/","og_site_name":"GANTEF\u00dcHRER","article_modified_time":"2026-01-19T15:34:51+00:00","og_image":[{"width":2560,"height":764,"url":"https:\/\/www.gamapa.de\/wp-content\/uploads\/2022\/02\/Mediation-Fallbeispiele-1-scaled.jpg","type":"image\/jpeg"}],"twitter_card":"summary_large_image","twitter_misc":{"Dur\u00e9e de lecture estim\u00e9e":"4 minutes"},"schema":{"@context":"https:\/\/schema.org","@graph":[{"@type":"WebPage","@id":"https:\/\/www.gamapa.de\/fr\/domaines-de-services-de-conseil\/mediation\/cas-pratiques-comme-exemples-concrets\/","url":"https:\/\/www.gamapa.de\/fr\/domaines-de-services-de-conseil\/mediation\/cas-pratiques-comme-exemples-concrets\/","name":"Cas pratiques comme exemples concrets | Dr. Gantef\u00fchrer","isPartOf":{"@id":"https:\/\/www.gamapa.de\/fr\/#website"},"primaryImageOfPage":{"@id":"https:\/\/www.gamapa.de\/fr\/domaines-de-services-de-conseil\/mediation\/cas-pratiques-comme-exemples-concrets\/#primaryimage"},"image":{"@id":"https:\/\/www.gamapa.de\/fr\/domaines-de-services-de-conseil\/mediation\/cas-pratiques-comme-exemples-concrets\/#primaryimage"},"thumbnailUrl":"https:\/\/www.gamapa.de\/wp-content\/uploads\/2022\/02\/Mediation-Fallbeispiele-1-scaled.jpg","datePublished":"2022-01-18T16:38:50+00:00","dateModified":"2026-01-19T15:34:51+00:00","description":"Cas pratiques et exemples concrets - comme la m\u00e9diation dans le cadre d'un changement de g\u00e9n\u00e9ration. Faites-vous conseiller par nos experts!","breadcrumb":{"@id":"https:\/\/www.gamapa.de\/fr\/domaines-de-services-de-conseil\/mediation\/cas-pratiques-comme-exemples-concrets\/#breadcrumb"},"inLanguage":"fr-FR","potentialAction":[{"@type":"ReadAction","target":["https:\/\/www.gamapa.de\/fr\/domaines-de-services-de-conseil\/mediation\/cas-pratiques-comme-exemples-concrets\/"]}]},{"@type":"ImageObject","inLanguage":"fr-FR","@id":"https:\/\/www.gamapa.de\/fr\/domaines-de-services-de-conseil\/mediation\/cas-pratiques-comme-exemples-concrets\/#primaryimage","url":"https:\/\/www.gamapa.de\/wp-content\/uploads\/2022\/02\/Mediation-Fallbeispiele-1-scaled.jpg","contentUrl":"https:\/\/www.gamapa.de\/wp-content\/uploads\/2022\/02\/Mediation-Fallbeispiele-1-scaled.jpg","width":2560,"height":764,"caption":"Mediation Fallbeispiele"},{"@type":"BreadcrumbList","@id":"https:\/\/www.gamapa.de\/fr\/domaines-de-services-de-conseil\/mediation\/cas-pratiques-comme-exemples-concrets\/#breadcrumb","itemListElement":[{"@type":"ListItem","position":1,"name":"Startseite","item":"https:\/\/www.gamapa.de\/fr\/"},{"@type":"ListItem","position":2,"name":"Domaines de conseil","item":"https:\/\/www.gamapa.de\/fr\/domaines-de-services-de-conseil\/"},{"@type":"ListItem","position":3,"name":"M\u00e9diation","item":"https:\/\/www.gamapa.de\/fr\/domaines-de-services-de-conseil\/mediation\/"},{"@type":"ListItem","position":4,"name":"Cas pratiques comme exemples concrets"}]},{"@type":"WebSite","@id":"https:\/\/www.gamapa.de\/fr\/#website","url":"https:\/\/www.gamapa.de\/fr\/","name":"GANTEF\u00dcHRER","description":"Wirtschaftspr\u00fcfer, Steuerberater, Rechtsanw\u00e4lte","publisher":{"@id":"https:\/\/www.gamapa.de\/fr\/#organization"},"potentialAction":[{"@type":"SearchAction","target":{"@type":"EntryPoint","urlTemplate":"https:\/\/www.gamapa.de\/fr\/?s={search_term_string}"},"query-input":{"@type":"PropertyValueSpecification","valueRequired":true,"valueName":"search_term_string"}}],"inLanguage":"fr-FR"},{"@type":"Organization","@id":"https:\/\/www.gamapa.de\/fr\/#organization","name":"Gantef\u00fchrer Wirtschaftspr\u00fcfer, Steuerberater, Rechtsanw\u00e4lte","url":"https:\/\/www.gamapa.de\/fr\/","logo":{"@type":"ImageObject","inLanguage":"fr-FR","@id":"https:\/\/www.gamapa.de\/fr\/#\/schema\/logo\/image\/","url":"https:\/\/www.gamapa.de\/wp-content\/uploads\/2026\/01\/Logo-Gantefuehrer.png","contentUrl":"https:\/\/www.gamapa.de\/wp-content\/uploads\/2026\/01\/Logo-Gantefuehrer.png","width":767,"height":156,"caption":"Gantef\u00fchrer Wirtschaftspr\u00fcfer, Steuerberater, Rechtsanw\u00e4lte"},"image":{"@id":"https:\/\/www.gamapa.de\/fr\/#\/schema\/logo\/image\/"}}]}},"uagb_featured_image_src":{"full":["https:\/\/www.gamapa.de\/wp-content\/uploads\/2022\/02\/Mediation-Fallbeispiele-1-scaled.jpg",2560,764,false],"thumbnail":["https:\/\/www.gamapa.de\/wp-content\/uploads\/2022\/02\/Mediation-Fallbeispiele-1-150x150.jpg",150,150,true],"medium":["https:\/\/www.gamapa.de\/wp-content\/uploads\/2022\/02\/Mediation-Fallbeispiele-1-600x179.jpg",600,179,true],"medium_large":["https:\/\/www.gamapa.de\/wp-content\/uploads\/2022\/02\/Mediation-Fallbeispiele-1-768x229.jpg",580,173,true],"large":["https:\/\/www.gamapa.de\/wp-content\/uploads\/2022\/02\/Mediation-Fallbeispiele-1-scaled.jpg",580,173,false],"gs-tiny":["https:\/\/www.gamapa.de\/wp-content\/uploads\/2022\/02\/Mediation-Fallbeispiele-1-scaled.jpg",50,15,false],"xl":["https:\/\/www.gamapa.de\/wp-content\/uploads\/2022\/02\/Mediation-Fallbeispiele-1-1600x477.jpg",1600,477,true],"xxl":["https:\/\/www.gamapa.de\/wp-content\/uploads\/2022\/02\/Mediation-Fallbeispiele-1-2200x656.jpg",2200,656,true],"xxxl":["https:\/\/www.gamapa.de\/wp-content\/uploads\/2022\/02\/Mediation-Fallbeispiele-1-2800x835.jpg",2800,835,true],"xxxxl":["https:\/\/www.gamapa.de\/wp-content\/uploads\/2022\/02\/Mediation-Fallbeispiele-1-scaled.jpg",2560,764,false],"xxxxxl":["https:\/\/www.gamapa.de\/wp-content\/uploads\/2022\/02\/Mediation-Fallbeispiele-1-scaled.jpg",2560,764,false],"1536x1536":["https:\/\/www.gamapa.de\/wp-content\/uploads\/2022\/02\/Mediation-Fallbeispiele-1-1536x458.jpg",1536,458,true],"2048x2048":["https:\/\/www.gamapa.de\/wp-content\/uploads\/2022\/02\/Mediation-Fallbeispiele-1-2048x611.jpg",2048,611,true],"post-thumbnail":["https:\/\/www.gamapa.de\/wp-content\/uploads\/2022\/02\/Mediation-Fallbeispiele-1-scaled.jpg",2560,764,false],"twentytwenty-fullscreen":["https:\/\/www.gamapa.de\/wp-content\/uploads\/2022\/02\/Mediation-Fallbeispiele-1-scaled.jpg",2560,764,false],"theme-slug-single-post":["https:\/\/www.gamapa.de\/wp-content\/uploads\/2022\/02\/Mediation-Fallbeispiele-1-1600x400.jpg",1600,400,true]},"uagb_author_info":{"display_name":"linda","author_link":"https:\/\/www.gamapa.de\/fr\/author\/linda\/"},"uagb_comment_info":0,"uagb_excerpt":"a. Changement g\u00e9n\u00e9rationnel Dans une entreprise moyenne prosp\u00e8re, le fondateur et directeur g\u00e9n\u00e9ral a transf\u00e9r\u00e9 la direction et les parts sociales \u00e0 son fils. Le p\u00e8re souhaite profiter de sa nouvelle libert\u00e9 pour jouer au golf et voyager. Le fils doit d\u00e9sormais diriger seul l&rsquo;entreprise. Mais d\u00e8s le d\u00e9but, le p\u00e8re s&rsquo;immisce dans la gestion\u2026","_links":{"self":[{"href":"https:\/\/www.gamapa.de\/fr\/wp-json\/wp\/v2\/pages\/22589","targetHints":{"allow":["GET"]}}],"collection":[{"href":"https:\/\/www.gamapa.de\/fr\/wp-json\/wp\/v2\/pages"}],"about":[{"href":"https:\/\/www.gamapa.de\/fr\/wp-json\/wp\/v2\/types\/page"}],"author":[{"embeddable":true,"href":"https:\/\/www.gamapa.de\/fr\/wp-json\/wp\/v2\/users\/1"}],"replies":[{"embeddable":true,"href":"https:\/\/www.gamapa.de\/fr\/wp-json\/wp\/v2\/comments?post=22589"}],"version-history":[{"count":3,"href":"https:\/\/www.gamapa.de\/fr\/wp-json\/wp\/v2\/pages\/22589\/revisions"}],"predecessor-version":[{"id":23648,"href":"https:\/\/www.gamapa.de\/fr\/wp-json\/wp\/v2\/pages\/22589\/revisions\/23648"}],"up":[{"embeddable":true,"href":"https:\/\/www.gamapa.de\/fr\/wp-json\/wp\/v2\/pages\/22572"}],"wp:featuredmedia":[{"embeddable":true,"href":"https:\/\/www.gamapa.de\/fr\/wp-json\/wp\/v2\/media\/12276"}],"wp:attachment":[{"href":"https:\/\/www.gamapa.de\/fr\/wp-json\/wp\/v2\/media?parent=22589"}],"curies":[{"name":"wp","href":"https:\/\/api.w.org\/{rel}","templated":true}]}}