

{"id":22685,"date":"2025-12-15T14:41:10","date_gmt":"2025-12-15T13:41:10","guid":{"rendered":"https:\/\/www.gamapa.de\/?page_id=22685"},"modified":"2025-12-15T14:41:13","modified_gmt":"2025-12-15T13:41:13","slug":"aljoscha-frank","status":"publish","type":"page","link":"https:\/\/www.gamapa.de\/fr\/conseillers\/aljoscha-frank\/","title":{"rendered":"Aljoscha Frank"},"content":{"rendered":"\n<h3 class=\"wp-block-heading\">Domaines de sp\u00e9cialisation<\/h3>\n\n\n\n<ul class=\"wp-block-list\">\n<li>Audit des comptes annuels et des comptes consolid\u00e9s (HGB\/IFRS)<\/li>\n\n\n\n<li>\u00c9tablissement des comptes annuels et des comptes consolid\u00e9s (HGB)<\/li>\n\n\n\n<li>Analyse des donn\u00e9es des comptes annuels<\/li>\n\n\n\n<li>Audits MaBV<\/li>\n\n\n\n<li>Revues comptables<\/li>\n<\/ul>\n\n\n\n<h3 class=\"wp-block-heading\">Carri\u00e8re professionnelle<\/h3>\n\n\n\n<figure class=\"wp-block-table tablist\"><table><tbody><tr><td>2013-2016<\/td><td>Formation d&rsquo;assistant fiscal<\/td><\/tr><tr><td>2016-2019<\/td><td>Licence en sciences \u00e9conomiques \u00e0 l&rsquo;universit\u00e9 de Bielefeld<\/td><\/tr><tr><td>2019-2025<\/td><td>Assistant d&rsquo;audit\/responsable d&rsquo;examen chez Dr. Gantef\u00fchrer, Marquardt und Partner mbB<\/td><\/tr><tr><td>2025<\/td><td>Obtention du dipl\u00f4me de commissaire aux comptes<\/td><\/tr><tr><td>depuis 2025<\/td><td>Commissaire aux comptes chez Dr. Gantef\u00fchrer, Marquardt und Partner mbB<\/td><\/tr><tr><td>depuis 2025<\/td><td>Directeur g\u00e9n\u00e9ral chez GaMa GmbH Wirtschaftspr\u00fcfungsgesellschaft<\/td><\/tr><\/tbody><\/table><\/figure>\n\n\n\n<h3 class=\"wp-block-heading\">Secteurs<\/h3>\n\n\n\n<ul class=\"wp-block-list\">\n<li>Entreprises de taille moyenne<\/li>\n\n\n\n<li>Groupes internationaux<\/li>\n\n\n\n<li>Prestataires de services informatiques<\/li>\n\n\n\n<li>Pr\u00eats de main-d&rsquo;\u0153uvre<\/li>\n\n\n\n<li>\u00c9quipementiers automobiles<\/li>\n\n\n\n<li>Exploitants de salles de sport<\/li>\n<\/ul>\n\n\n\n<div class=\"wp-block-buttons is-layout-flex wp-block-buttons-is-layout-flex\">\n<div class=\"wp-block-button zurueck\"><a class=\"wp-block-button__link wp-element-button\" href=\"https:\/\/www.gamapa.de\/fr\/conseillers\/\">Zur\u00fcck<\/a><\/div>\n<\/div>\n","protected":false},"excerpt":{"rendered":"<p>Domaines de sp\u00e9cialisation Carri\u00e8re professionnelle 2013-2016 Formation d&rsquo;assistant fiscal 2016-2019 Licence en sciences \u00e9conomiques \u00e0 l&rsquo;universit\u00e9 de Bielefeld 2019-2025 Assistant d&rsquo;audit\/responsable d&rsquo;examen chez Dr. Gantef\u00fchrer, Marquardt und Partner mbB 2025 Obtention du dipl\u00f4me de commissaire aux comptes depuis 2025 Commissaire aux comptes chez Dr. Gantef\u00fchrer, Marquardt und Partner mbB depuis 2025 Directeur g\u00e9n\u00e9ral chez GaMa <a href=\"https:\/\/www.gamapa.de\/fr\/conseillers\/aljoscha-frank\/\">[\u2026]<\/a><\/p>\n","protected":false},"author":11,"featured_media":23058,"parent":4584,"menu_order":2,"comment_status":"closed","ping_status":"closed","template":"templates\/template-Profil.php","meta":{"_acf_changed":false,"_uag_custom_page_level_css":"","footnotes":""},"class_list":["post-22685","page","type-page","status-publish","has-post-thumbnail","hentry"],"acf":[],"yoast_head":"<!-- This site is optimized with the Yoast SEO plugin v27.5 - https:\/\/yoast.com\/product\/yoast-seo-wordpress\/ -->\n<title>Aljoscha Frank | Dr. Gantef\u00fchrer, Marquardt &amp; Partner mbB<\/title>\n<meta name=\"description\" content=\"Aljoscha Frank, Wirtschaftspr\u00fcfer bei Gantef\u00fchrer\" \/>\n<meta name=\"robots\" content=\"index, follow, max-snippet:-1, max-image-preview:large, max-video-preview:-1\" \/>\n<link rel=\"canonical\" href=\"https:\/\/www.gamapa.de\/fr\/conseillers\/aljoscha-frank\/\" \/>\n<meta property=\"og:locale\" content=\"fr_FR\" \/>\n<meta property=\"og:type\" content=\"article\" \/>\n<meta property=\"og:title\" content=\"Aljoscha Frank | Dr. Gantef\u00fchrer, Marquardt &amp; Partner mbB\" \/>\n<meta property=\"og:description\" content=\"Aljoscha Frank, Wirtschaftspr\u00fcfer bei Gantef\u00fchrer\" \/>\n<meta property=\"og:url\" content=\"https:\/\/www.gamapa.de\/fr\/conseillers\/aljoscha-frank\/\" \/>\n<meta property=\"og:site_name\" content=\"GANTEF\u00dcHRER\" \/>\n<meta property=\"article:modified_time\" content=\"2025-12-15T13:41:13+00:00\" \/>\n<meta property=\"og:image\" content=\"https:\/\/www.gamapa.de\/wp-content\/uploads\/2025\/12\/Frank-klein-neu.jpg\" \/>\n\t<meta property=\"og:image:width\" content=\"1000\" \/>\n\t<meta property=\"og:image:height\" content=\"596\" \/>\n\t<meta property=\"og:image:type\" content=\"image\/jpeg\" \/>\n<meta name=\"twitter:card\" content=\"summary_large_image\" \/>\n<meta name=\"twitter:label1\" content=\"Dur\u00e9e de lecture estim\u00e9e\" \/>\n\t<meta name=\"twitter:data1\" content=\"1 minute\" \/>\n<script type=\"application\/ld+json\" class=\"yoast-schema-graph\">{\"@context\":\"https:\\\/\\\/schema.org\",\"@graph\":[{\"@type\":\"WebPage\",\"@id\":\"https:\\\/\\\/www.gamapa.de\\\/fr\\\/conseillers\\\/aljoscha-frank\\\/\",\"url\":\"https:\\\/\\\/www.gamapa.de\\\/fr\\\/conseillers\\\/aljoscha-frank\\\/\",\"name\":\"Aljoscha Frank | Dr. Gantef\u00fchrer, Marquardt & Partner mbB\",\"isPartOf\":{\"@id\":\"https:\\\/\\\/www.gamapa.de\\\/fr\\\/#website\"},\"primaryImageOfPage\":{\"@id\":\"https:\\\/\\\/www.gamapa.de\\\/fr\\\/conseillers\\\/aljoscha-frank\\\/#primaryimage\"},\"image\":{\"@id\":\"https:\\\/\\\/www.gamapa.de\\\/fr\\\/conseillers\\\/aljoscha-frank\\\/#primaryimage\"},\"thumbnailUrl\":\"https:\\\/\\\/www.gamapa.de\\\/wp-content\\\/uploads\\\/2025\\\/12\\\/Frank-klein-neu.jpg\",\"datePublished\":\"2025-12-15T13:41:10+00:00\",\"dateModified\":\"2025-12-15T13:41:13+00:00\",\"description\":\"Aljoscha Frank, Wirtschaftspr\u00fcfer bei Gantef\u00fchrer\",\"breadcrumb\":{\"@id\":\"https:\\\/\\\/www.gamapa.de\\\/fr\\\/conseillers\\\/aljoscha-frank\\\/#breadcrumb\"},\"inLanguage\":\"fr-FR\",\"potentialAction\":[{\"@type\":\"ReadAction\",\"target\":[\"https:\\\/\\\/www.gamapa.de\\\/fr\\\/conseillers\\\/aljoscha-frank\\\/\"]}]},{\"@type\":\"ImageObject\",\"inLanguage\":\"fr-FR\",\"@id\":\"https:\\\/\\\/www.gamapa.de\\\/fr\\\/conseillers\\\/aljoscha-frank\\\/#primaryimage\",\"url\":\"https:\\\/\\\/www.gamapa.de\\\/wp-content\\\/uploads\\\/2025\\\/12\\\/Frank-klein-neu.jpg\",\"contentUrl\":\"https:\\\/\\\/www.gamapa.de\\\/wp-content\\\/uploads\\\/2025\\\/12\\\/Frank-klein-neu.jpg\",\"width\":1000,\"height\":596,\"caption\":\"Aljoscha Frank Arbeitssituation\"},{\"@type\":\"BreadcrumbList\",\"@id\":\"https:\\\/\\\/www.gamapa.de\\\/fr\\\/conseillers\\\/aljoscha-frank\\\/#breadcrumb\",\"itemListElement\":[{\"@type\":\"ListItem\",\"position\":1,\"name\":\"Startseite\",\"item\":\"https:\\\/\\\/www.gamapa.de\\\/fr\\\/\"},{\"@type\":\"ListItem\",\"position\":2,\"name\":\"Conseillers\",\"item\":\"https:\\\/\\\/www.gamapa.de\\\/fr\\\/conseillers\\\/\"},{\"@type\":\"ListItem\",\"position\":3,\"name\":\"Aljoscha Frank\"}]},{\"@type\":\"WebSite\",\"@id\":\"https:\\\/\\\/www.gamapa.de\\\/fr\\\/#website\",\"url\":\"https:\\\/\\\/www.gamapa.de\\\/fr\\\/\",\"name\":\"GANTEF\u00dcHRER\",\"description\":\"Wirtschaftspr\u00fcfer, Steuerberater, Rechtsanw\u00e4lte\",\"publisher\":{\"@id\":\"https:\\\/\\\/www.gamapa.de\\\/fr\\\/#organization\"},\"potentialAction\":[{\"@type\":\"SearchAction\",\"target\":{\"@type\":\"EntryPoint\",\"urlTemplate\":\"https:\\\/\\\/www.gamapa.de\\\/fr\\\/?s={search_term_string}\"},\"query-input\":{\"@type\":\"PropertyValueSpecification\",\"valueRequired\":true,\"valueName\":\"search_term_string\"}}],\"inLanguage\":\"fr-FR\"},{\"@type\":\"Organization\",\"@id\":\"https:\\\/\\\/www.gamapa.de\\\/fr\\\/#organization\",\"name\":\"Gantef\u00fchrer Wirtschaftspr\u00fcfer, Steuerberater, Rechtsanw\u00e4lte\",\"url\":\"https:\\\/\\\/www.gamapa.de\\\/fr\\\/\",\"logo\":{\"@type\":\"ImageObject\",\"inLanguage\":\"fr-FR\",\"@id\":\"https:\\\/\\\/www.gamapa.de\\\/fr\\\/#\\\/schema\\\/logo\\\/image\\\/\",\"url\":\"https:\\\/\\\/www.gamapa.de\\\/wp-content\\\/uploads\\\/2026\\\/01\\\/Logo-Gantefuehrer.png\",\"contentUrl\":\"https:\\\/\\\/www.gamapa.de\\\/wp-content\\\/uploads\\\/2026\\\/01\\\/Logo-Gantefuehrer.png\",\"width\":767,\"height\":156,\"caption\":\"Gantef\u00fchrer Wirtschaftspr\u00fcfer, Steuerberater, Rechtsanw\u00e4lte\"},\"image\":{\"@id\":\"https:\\\/\\\/www.gamapa.de\\\/fr\\\/#\\\/schema\\\/logo\\\/image\\\/\"}}]}<\/script>\n<!-- \/ Yoast SEO plugin. -->","yoast_head_json":{"title":"Aljoscha Frank | Dr. Gantef\u00fchrer, Marquardt & Partner mbB","description":"Aljoscha Frank, Wirtschaftspr\u00fcfer bei Gantef\u00fchrer","robots":{"index":"index","follow":"follow","max-snippet":"max-snippet:-1","max-image-preview":"max-image-preview:large","max-video-preview":"max-video-preview:-1"},"canonical":"https:\/\/www.gamapa.de\/fr\/conseillers\/aljoscha-frank\/","og_locale":"fr_FR","og_type":"article","og_title":"Aljoscha Frank | Dr. Gantef\u00fchrer, Marquardt & Partner mbB","og_description":"Aljoscha Frank, Wirtschaftspr\u00fcfer bei Gantef\u00fchrer","og_url":"https:\/\/www.gamapa.de\/fr\/conseillers\/aljoscha-frank\/","og_site_name":"GANTEF\u00dcHRER","article_modified_time":"2025-12-15T13:41:13+00:00","og_image":[{"width":1000,"height":596,"url":"https:\/\/www.gamapa.de\/wp-content\/uploads\/2025\/12\/Frank-klein-neu.jpg","type":"image\/jpeg"}],"twitter_card":"summary_large_image","twitter_misc":{"Dur\u00e9e de lecture estim\u00e9e":"1 minute"},"schema":{"@context":"https:\/\/schema.org","@graph":[{"@type":"WebPage","@id":"https:\/\/www.gamapa.de\/fr\/conseillers\/aljoscha-frank\/","url":"https:\/\/www.gamapa.de\/fr\/conseillers\/aljoscha-frank\/","name":"Aljoscha Frank | Dr. Gantef\u00fchrer, Marquardt & Partner mbB","isPartOf":{"@id":"https:\/\/www.gamapa.de\/fr\/#website"},"primaryImageOfPage":{"@id":"https:\/\/www.gamapa.de\/fr\/conseillers\/aljoscha-frank\/#primaryimage"},"image":{"@id":"https:\/\/www.gamapa.de\/fr\/conseillers\/aljoscha-frank\/#primaryimage"},"thumbnailUrl":"https:\/\/www.gamapa.de\/wp-content\/uploads\/2025\/12\/Frank-klein-neu.jpg","datePublished":"2025-12-15T13:41:10+00:00","dateModified":"2025-12-15T13:41:13+00:00","description":"Aljoscha Frank, Wirtschaftspr\u00fcfer bei Gantef\u00fchrer","breadcrumb":{"@id":"https:\/\/www.gamapa.de\/fr\/conseillers\/aljoscha-frank\/#breadcrumb"},"inLanguage":"fr-FR","potentialAction":[{"@type":"ReadAction","target":["https:\/\/www.gamapa.de\/fr\/conseillers\/aljoscha-frank\/"]}]},{"@type":"ImageObject","inLanguage":"fr-FR","@id":"https:\/\/www.gamapa.de\/fr\/conseillers\/aljoscha-frank\/#primaryimage","url":"https:\/\/www.gamapa.de\/wp-content\/uploads\/2025\/12\/Frank-klein-neu.jpg","contentUrl":"https:\/\/www.gamapa.de\/wp-content\/uploads\/2025\/12\/Frank-klein-neu.jpg","width":1000,"height":596,"caption":"Aljoscha Frank Arbeitssituation"},{"@type":"BreadcrumbList","@id":"https:\/\/www.gamapa.de\/fr\/conseillers\/aljoscha-frank\/#breadcrumb","itemListElement":[{"@type":"ListItem","position":1,"name":"Startseite","item":"https:\/\/www.gamapa.de\/fr\/"},{"@type":"ListItem","position":2,"name":"Conseillers","item":"https:\/\/www.gamapa.de\/fr\/conseillers\/"},{"@type":"ListItem","position":3,"name":"Aljoscha Frank"}]},{"@type":"WebSite","@id":"https:\/\/www.gamapa.de\/fr\/#website","url":"https:\/\/www.gamapa.de\/fr\/","name":"GANTEF\u00dcHRER","description":"Wirtschaftspr\u00fcfer, Steuerberater, Rechtsanw\u00e4lte","publisher":{"@id":"https:\/\/www.gamapa.de\/fr\/#organization"},"potentialAction":[{"@type":"SearchAction","target":{"@type":"EntryPoint","urlTemplate":"https:\/\/www.gamapa.de\/fr\/?s={search_term_string}"},"query-input":{"@type":"PropertyValueSpecification","valueRequired":true,"valueName":"search_term_string"}}],"inLanguage":"fr-FR"},{"@type":"Organization","@id":"https:\/\/www.gamapa.de\/fr\/#organization","name":"Gantef\u00fchrer Wirtschaftspr\u00fcfer, Steuerberater, Rechtsanw\u00e4lte","url":"https:\/\/www.gamapa.de\/fr\/","logo":{"@type":"ImageObject","inLanguage":"fr-FR","@id":"https:\/\/www.gamapa.de\/fr\/#\/schema\/logo\/image\/","url":"https:\/\/www.gamapa.de\/wp-content\/uploads\/2026\/01\/Logo-Gantefuehrer.png","contentUrl":"https:\/\/www.gamapa.de\/wp-content\/uploads\/2026\/01\/Logo-Gantefuehrer.png","width":767,"height":156,"caption":"Gantef\u00fchrer Wirtschaftspr\u00fcfer, Steuerberater, Rechtsanw\u00e4lte"},"image":{"@id":"https:\/\/www.gamapa.de\/fr\/#\/schema\/logo\/image\/"}}]}},"uagb_featured_image_src":{"full":["https:\/\/www.gamapa.de\/wp-content\/uploads\/2025\/12\/Frank-klein-neu.jpg",1000,596,false],"thumbnail":["https:\/\/www.gamapa.de\/wp-content\/uploads\/2025\/12\/Frank-klein-neu-150x150.jpg",150,150,true],"medium":["https:\/\/www.gamapa.de\/wp-content\/uploads\/2025\/12\/Frank-klein-neu-600x358.jpg",600,358,true],"medium_large":["https:\/\/www.gamapa.de\/wp-content\/uploads\/2025\/12\/Frank-klein-neu-768x458.jpg",580,346,true],"large":["https:\/\/www.gamapa.de\/wp-content\/uploads\/2025\/12\/Frank-klein-neu.jpg",580,346,false],"gs-tiny":["https:\/\/www.gamapa.de\/wp-content\/uploads\/2025\/12\/Frank-klein-neu-50x30.jpg",50,30,true],"xl":["https:\/\/www.gamapa.de\/wp-content\/uploads\/2025\/12\/Frank-klein-neu.jpg",1000,596,false],"xxl":["https:\/\/www.gamapa.de\/wp-content\/uploads\/2025\/12\/Frank-klein-neu.jpg",1000,596,false],"xxxl":["https:\/\/www.gamapa.de\/wp-content\/uploads\/2025\/12\/Frank-klein-neu.jpg",1000,596,false],"xxxxl":["https:\/\/www.gamapa.de\/wp-content\/uploads\/2025\/12\/Frank-klein-neu.jpg",1000,596,false],"xxxxxl":["https:\/\/www.gamapa.de\/wp-content\/uploads\/2025\/12\/Frank-klein-neu.jpg",1000,596,false],"1536x1536":["https:\/\/www.gamapa.de\/wp-content\/uploads\/2025\/12\/Frank-klein-neu.jpg",1000,596,false],"2048x2048":["https:\/\/www.gamapa.de\/wp-content\/uploads\/2025\/12\/Frank-klein-neu.jpg",1000,596,false],"post-thumbnail":["https:\/\/www.gamapa.de\/wp-content\/uploads\/2025\/12\/Frank-klein-neu.jpg",1000,596,false],"twentytwenty-fullscreen":["https:\/\/www.gamapa.de\/wp-content\/uploads\/2025\/12\/Frank-klein-neu.jpg",1000,596,false],"theme-slug-single-post":["https:\/\/www.gamapa.de\/wp-content\/uploads\/2025\/12\/Frank-klein-neu-1000x400.jpg",1000,400,true]},"uagb_author_info":{"display_name":"ninasenft","author_link":"https:\/\/www.gamapa.de\/fr\/author\/ninasenft\/"},"uagb_comment_info":0,"uagb_excerpt":"Domaines de sp\u00e9cialisation Carri\u00e8re professionnelle 2013-2016 Formation d&rsquo;assistant fiscal 2016-2019 Licence en sciences \u00e9conomiques \u00e0 l&rsquo;universit\u00e9 de Bielefeld 2019-2025 Assistant d&rsquo;audit\/responsable d&rsquo;examen chez Dr. Gantef\u00fchrer, Marquardt und Partner mbB 2025 Obtention du dipl\u00f4me de commissaire aux comptes depuis 2025 Commissaire aux comptes chez Dr. Gantef\u00fchrer, Marquardt und Partner mbB depuis 2025 Directeur g\u00e9n\u00e9ral chez GaMa\u2026","_links":{"self":[{"href":"https:\/\/www.gamapa.de\/fr\/wp-json\/wp\/v2\/pages\/22685","targetHints":{"allow":["GET"]}}],"collection":[{"href":"https:\/\/www.gamapa.de\/fr\/wp-json\/wp\/v2\/pages"}],"about":[{"href":"https:\/\/www.gamapa.de\/fr\/wp-json\/wp\/v2\/types\/page"}],"author":[{"embeddable":true,"href":"https:\/\/www.gamapa.de\/fr\/wp-json\/wp\/v2\/users\/11"}],"replies":[{"embeddable":true,"href":"https:\/\/www.gamapa.de\/fr\/wp-json\/wp\/v2\/comments?post=22685"}],"version-history":[{"count":2,"href":"https:\/\/www.gamapa.de\/fr\/wp-json\/wp\/v2\/pages\/22685\/revisions"}],"predecessor-version":[{"id":22692,"href":"https:\/\/www.gamapa.de\/fr\/wp-json\/wp\/v2\/pages\/22685\/revisions\/22692"}],"up":[{"embeddable":true,"href":"https:\/\/www.gamapa.de\/fr\/wp-json\/wp\/v2\/pages\/4584"}],"wp:featuredmedia":[{"embeddable":true,"href":"https:\/\/www.gamapa.de\/fr\/wp-json\/wp\/v2\/media\/23058"}],"wp:attachment":[{"href":"https:\/\/www.gamapa.de\/fr\/wp-json\/wp\/v2\/media?parent=22685"}],"curies":[{"name":"wp","href":"https:\/\/api.w.org\/{rel}","templated":true}]}}