

{"id":22875,"date":"2025-12-03T19:24:44","date_gmt":"2025-12-03T18:24:44","guid":{"rendered":"https:\/\/www.gamapa.de\/conseillers\/jan-eltzschig-ll-m\/"},"modified":"2026-01-21T16:47:01","modified_gmt":"2026-01-21T15:47:01","slug":"jan-eltzschig-ll-m","status":"publish","type":"page","link":"https:\/\/www.gamapa.de\/fr\/conseillers\/jan-eltzschig-ll-m\/","title":{"rendered":"Jan Eltzschig, LL.M."},"content":{"rendered":"\n<h3 class=\"wp-block-heading\">Domaines de sp\u00e9cialisation<\/h3>\n\n\n\n<ul class=\"wp-block-list\">\n<li>Droit des soci\u00e9t\u00e9s (soci\u00e9t\u00e9s de personnes et soci\u00e9t\u00e9s de capitaux)<\/li>\n\n\n\n<li>Transactions d&rsquo;entreprises\/fusions-acquisitions, au niveau national et international<\/li>\n\n\n\n<li>Coentreprises, coop\u00e9rations, investissements (financiers et strat\u00e9giques), transferts de portefeuille<\/li>\n\n\n\n<li>Structuration et (r\u00e9)organisation de groupes<\/li>\n\n\n\n<li>Conseil aux conseils d&rsquo;administration et aux conseils de surveillance (y compris la cogestion et la conformit\u00e9)<\/li>\n<\/ul>\n\n\n\n<h3 class=\"wp-block-heading\">Carri\u00e8re professionnelle<\/h3>\n\n\n\n<figure class=\"wp-block-table tablist\"><table><tbody><tr><td>1995-2002<\/td><td>\u00c9tudes de droit \u00e0 l&rsquo;universit\u00e9 de Cologne et \u00e0 l&rsquo;universit\u00e9 Paris I (Paris I\/Sorbonne)<\/td><\/tr><tr><td>2002-2007<\/td><td>Assistant de recherche, Universit\u00e9 de Cologne<\/td><\/tr><tr><td>2005-2007<\/td><td>Stage juridique \u00e0 Cologne<\/td><\/tr><tr><td>2007-2013<\/td><td>Avocat chez Cleary, Gottlieb, Steen &amp; Hamilton \u00e0 Cologne et Francfort<\/td><\/tr><tr><td>2013-2021<\/td><td>Avocat chez DLA Piper, Cologne (Associ\u00e9 depuis 2015)<\/td><\/tr><tr><td>2021-2023<\/td><td>Avocat et associ\u00e9 chez Herbert Smith Freehills, D\u00fcsseldorf<\/td><\/tr><tr><td>2023-2025<\/td><td>Avocat et associ\u00e9 chez Advant Beiten, D\u00fcsseldorf<\/td><\/tr><tr><td>depuis 2025<\/td><td>Avocat et associ\u00e9 chez Dr. Gantef\u00fchrer, Marquardt &amp; Partner<\/td><\/tr><\/tbody><\/table><\/figure>\n\n\n\n<h3 class=\"wp-block-heading\">Secteurs<\/h3>\n\n\n\n<ul class=\"wp-block-list\">\n<li>Secteur des assurances et de la finance<\/li>\n\n\n\n<li>Industrie\/Fabrication<\/li>\n\n\n\n<li>Secteur de la sant\u00e9<\/li>\n\n\n\n<li>PME et entreprises familiales<\/li>\n\n\n\n<li>D\u00e9fense<\/li>\n\n\n\n<li>Automobile<\/li>\n\n\n\n<li>Chimie<\/li>\n<\/ul>\n\n\n\n<h3 class=\"wp-block-heading\">Auszeichnungen<\/h3>\n\n\n\n<ul class=\"wp-block-list\">\n<li>JUVE (2020 et 2021): Avocat recommand\u00e9<\/li>\n\n\n\n<li>Legal 500 Allemagne (2021): Avocat recommand\u00e9<\/li>\n\n\n\n<li>Handelsblatt Best Lawyers (2022, 2025): Avocat recommand\u00e9<\/li>\n<\/ul>\n\n\n\n<h3 class=\"wp-block-heading\">Transactions s\u00e9lectionn\u00e9es<\/h3>\n\n\n\n<ul class=\"wp-block-list\">\n<li>Groupe international (sant\u00e9): conseil sur la structure complexe du groupe et la r\u00e9organisation potentielle de l&rsquo;entreprise (plus de 100 entit\u00e9s juridiques, en tenant particuli\u00e8rement compte des aspects li\u00e9s au droit des soci\u00e9t\u00e9s, au droit du travail, au droit fiscal et au droit de la surveillance)*<\/li>\n\n\n\n<li>Entrepreneurs allemands de taille moyenne dans le cadre de plusieurs transactions concernant la cession de leurs participations et la restructuration de structures de participation complexes dans le secteur des services \u00e9nerg\u00e9tiques*<\/li>\n\n\n\n<li>Groupe international (d\u00e9fense) sur divers sujets li\u00e9s \u00e0 la structuration du groupe allemand et au droit des soci\u00e9t\u00e9s*<\/li>\n\n\n\n<li>Groupe international (chimie, industrie) sur de nombreuses questions et transactions relevant du droit des soci\u00e9t\u00e9s allemand et international*<\/li>\n\n\n\n<li>Groupe d&rsquo;assurance Gothaer: diverses participations nationales et internationales dans des entreprises et des investissements (fonds propres et mezzanine), notamment dans le domaine des \u00e9nergies renouvelables (onshore\/offshore) et des services de mobilit\u00e9*<\/li>\n\n\n\n<li>Groupe TilT: participation minoritaire dans un groupe allemand sp\u00e9cialis\u00e9 dans les \u00e9nergies renouvelables*<\/li>\n\n\n\n<li>Steadfast Group: acquisition d&rsquo;une participation majoritaire dans le r\u00e9seau mondial unisonSteadfast*<\/li>\n\n\n\n<li>Verivox: acquisition de l&rsquo;activit\u00e9 de courtage de GetSafe, y compris une plateforme web de n\u00e9gociation et de service \u00e0 la client\u00e8le*<\/li>\n\n\n\n<li>Groupe Baloise: dans le cadre de la cession de sa participation dans Deutscher Ring Bausparkasse AG \u00e0 BAWAG et de la vente du portefeuille de run-off et des activit\u00e9s commerciales de la succursale allemande de Basler Leben AG au groupe Frankfurter Leben*<\/li>\n<\/ul>\n\n\n\n<p><sub>* Mandats avant le d\u00e9but de l&rsquo;activit\u00e9 chez Gantef\u00fchrer<\/sub><\/p>\n\n\n\n<div class=\"wp-block-buttons is-layout-flex wp-block-buttons-is-layout-flex\">\n<div class=\"wp-block-button zurueck\"><a class=\"wp-block-button__link wp-element-button\" href=\"https:\/\/www.gamapa.de\/fr\/conseillers\/\">retour<\/a><\/div>\n<\/div>\n","protected":false},"excerpt":{"rendered":"<p>Domaines de sp\u00e9cialisation Carri\u00e8re professionnelle 1995-2002 \u00c9tudes de droit \u00e0 l&rsquo;universit\u00e9 de Cologne et \u00e0 l&rsquo;universit\u00e9 Paris I (Paris I\/Sorbonne) 2002-2007 Assistant de recherche, Universit\u00e9 de Cologne 2005-2007 Stage juridique \u00e0 Cologne 2007-2013 Avocat chez Cleary, Gottlieb, Steen &amp; Hamilton \u00e0 Cologne et Francfort 2013-2021 Avocat chez DLA Piper, Cologne (Associ\u00e9 depuis 2015) 2021-2023 Avocat <a href=\"https:\/\/www.gamapa.de\/fr\/conseillers\/jan-eltzschig-ll-m\/\">[\u2026]<\/a><\/p>\n","protected":false},"author":11,"featured_media":23117,"parent":4584,"menu_order":3,"comment_status":"closed","ping_status":"closed","template":"templates\/template-Profil.php","meta":{"_acf_changed":false,"_uag_custom_page_level_css":"","footnotes":""},"class_list":["post-22875","page","type-page","status-publish","has-post-thumbnail","hentry"],"acf":[],"yoast_head":"<!-- This site is optimized with the Yoast SEO plugin v27.5 - https:\/\/yoast.com\/product\/yoast-seo-wordpress\/ -->\n<title>Jan Eltzschig LL.M. | Dr. Gantef\u00fchrer, Marquardt &amp; Partner mbB<\/title>\n<meta name=\"description\" content=\"Jan Eltzschig conseille les entreprises sur les op\u00e9rations de fusion-acquisition priv\u00e9es et les questions de droit des soci\u00e9t\u00e9s. Il apporte une vaste exp\u00e9rience dans les op\u00e9rations nationales et internationales et les restructurations complexes.\" \/>\n<meta name=\"robots\" content=\"index, follow, max-snippet:-1, max-image-preview:large, max-video-preview:-1\" \/>\n<link rel=\"canonical\" href=\"https:\/\/www.gamapa.de\/fr\/conseillers\/jan-eltzschig-ll-m\/\" \/>\n<meta property=\"og:locale\" content=\"fr_FR\" \/>\n<meta property=\"og:type\" content=\"article\" \/>\n<meta property=\"og:title\" content=\"Jan Eltzschig LL.M. | Dr. Gantef\u00fchrer, Marquardt &amp; Partner mbB\" \/>\n<meta property=\"og:description\" content=\"Jan Eltzschig conseille les entreprises sur les op\u00e9rations de fusion-acquisition priv\u00e9es et les questions de droit des soci\u00e9t\u00e9s. Il apporte une vaste exp\u00e9rience dans les op\u00e9rations nationales et internationales et les restructurations complexes.\" \/>\n<meta property=\"og:url\" content=\"https:\/\/www.gamapa.de\/fr\/conseillers\/jan-eltzschig-ll-m\/\" \/>\n<meta property=\"og:site_name\" content=\"GANTEF\u00dcHRER\" \/>\n<meta property=\"article:modified_time\" content=\"2026-01-21T15:47:01+00:00\" \/>\n<meta property=\"og:image\" content=\"https:\/\/www.gamapa.de\/wp-content\/uploads\/2025\/12\/Eltzschig-2.jpg\" \/>\n\t<meta property=\"og:image:width\" content=\"1700\" \/>\n\t<meta property=\"og:image:height\" content=\"1014\" \/>\n\t<meta property=\"og:image:type\" content=\"image\/jpeg\" \/>\n<meta name=\"twitter:card\" content=\"summary_large_image\" \/>\n<meta name=\"twitter:label1\" content=\"Dur\u00e9e de lecture estim\u00e9e\" \/>\n\t<meta name=\"twitter:data1\" content=\"3 minutes\" \/>\n<script type=\"application\/ld+json\" class=\"yoast-schema-graph\">{\"@context\":\"https:\\\/\\\/schema.org\",\"@graph\":[{\"@type\":\"WebPage\",\"@id\":\"https:\\\/\\\/www.gamapa.de\\\/fr\\\/conseillers\\\/jan-eltzschig-ll-m\\\/\",\"url\":\"https:\\\/\\\/www.gamapa.de\\\/fr\\\/conseillers\\\/jan-eltzschig-ll-m\\\/\",\"name\":\"Jan Eltzschig LL.M. | Dr. Gantef\u00fchrer, Marquardt & Partner mbB\",\"isPartOf\":{\"@id\":\"https:\\\/\\\/www.gamapa.de\\\/fr\\\/#website\"},\"primaryImageOfPage\":{\"@id\":\"https:\\\/\\\/www.gamapa.de\\\/fr\\\/conseillers\\\/jan-eltzschig-ll-m\\\/#primaryimage\"},\"image\":{\"@id\":\"https:\\\/\\\/www.gamapa.de\\\/fr\\\/conseillers\\\/jan-eltzschig-ll-m\\\/#primaryimage\"},\"thumbnailUrl\":\"https:\\\/\\\/www.gamapa.de\\\/wp-content\\\/uploads\\\/2025\\\/12\\\/Eltzschig-2.jpg\",\"datePublished\":\"2025-12-03T18:24:44+00:00\",\"dateModified\":\"2026-01-21T15:47:01+00:00\",\"description\":\"Jan Eltzschig conseille les entreprises sur les op\u00e9rations de fusion-acquisition priv\u00e9es et les questions de droit des soci\u00e9t\u00e9s. Il apporte une vaste exp\u00e9rience dans les op\u00e9rations nationales et internationales et les restructurations complexes.\",\"breadcrumb\":{\"@id\":\"https:\\\/\\\/www.gamapa.de\\\/fr\\\/conseillers\\\/jan-eltzschig-ll-m\\\/#breadcrumb\"},\"inLanguage\":\"fr-FR\",\"potentialAction\":[{\"@type\":\"ReadAction\",\"target\":[\"https:\\\/\\\/www.gamapa.de\\\/fr\\\/conseillers\\\/jan-eltzschig-ll-m\\\/\"]}]},{\"@type\":\"ImageObject\",\"inLanguage\":\"fr-FR\",\"@id\":\"https:\\\/\\\/www.gamapa.de\\\/fr\\\/conseillers\\\/jan-eltzschig-ll-m\\\/#primaryimage\",\"url\":\"https:\\\/\\\/www.gamapa.de\\\/wp-content\\\/uploads\\\/2025\\\/12\\\/Eltzschig-2.jpg\",\"contentUrl\":\"https:\\\/\\\/www.gamapa.de\\\/wp-content\\\/uploads\\\/2025\\\/12\\\/Eltzschig-2.jpg\",\"width\":1700,\"height\":1014,\"caption\":\"Jan Eltzschig am Laptop\"},{\"@type\":\"BreadcrumbList\",\"@id\":\"https:\\\/\\\/www.gamapa.de\\\/fr\\\/conseillers\\\/jan-eltzschig-ll-m\\\/#breadcrumb\",\"itemListElement\":[{\"@type\":\"ListItem\",\"position\":1,\"name\":\"Startseite\",\"item\":\"https:\\\/\\\/www.gamapa.de\\\/fr\\\/\"},{\"@type\":\"ListItem\",\"position\":2,\"name\":\"Conseillers\",\"item\":\"https:\\\/\\\/www.gamapa.de\\\/fr\\\/conseillers\\\/\"},{\"@type\":\"ListItem\",\"position\":3,\"name\":\"Jan Eltzschig, LL.M.\"}]},{\"@type\":\"WebSite\",\"@id\":\"https:\\\/\\\/www.gamapa.de\\\/fr\\\/#website\",\"url\":\"https:\\\/\\\/www.gamapa.de\\\/fr\\\/\",\"name\":\"GANTEF\u00dcHRER\",\"description\":\"Wirtschaftspr\u00fcfer, Steuerberater, Rechtsanw\u00e4lte\",\"publisher\":{\"@id\":\"https:\\\/\\\/www.gamapa.de\\\/fr\\\/#organization\"},\"potentialAction\":[{\"@type\":\"SearchAction\",\"target\":{\"@type\":\"EntryPoint\",\"urlTemplate\":\"https:\\\/\\\/www.gamapa.de\\\/fr\\\/?s={search_term_string}\"},\"query-input\":{\"@type\":\"PropertyValueSpecification\",\"valueRequired\":true,\"valueName\":\"search_term_string\"}}],\"inLanguage\":\"fr-FR\"},{\"@type\":\"Organization\",\"@id\":\"https:\\\/\\\/www.gamapa.de\\\/fr\\\/#organization\",\"name\":\"Gantef\u00fchrer Wirtschaftspr\u00fcfer, Steuerberater, Rechtsanw\u00e4lte\",\"url\":\"https:\\\/\\\/www.gamapa.de\\\/fr\\\/\",\"logo\":{\"@type\":\"ImageObject\",\"inLanguage\":\"fr-FR\",\"@id\":\"https:\\\/\\\/www.gamapa.de\\\/fr\\\/#\\\/schema\\\/logo\\\/image\\\/\",\"url\":\"https:\\\/\\\/www.gamapa.de\\\/wp-content\\\/uploads\\\/2026\\\/01\\\/Logo-Gantefuehrer.png\",\"contentUrl\":\"https:\\\/\\\/www.gamapa.de\\\/wp-content\\\/uploads\\\/2026\\\/01\\\/Logo-Gantefuehrer.png\",\"width\":767,\"height\":156,\"caption\":\"Gantef\u00fchrer Wirtschaftspr\u00fcfer, Steuerberater, Rechtsanw\u00e4lte\"},\"image\":{\"@id\":\"https:\\\/\\\/www.gamapa.de\\\/fr\\\/#\\\/schema\\\/logo\\\/image\\\/\"}}]}<\/script>\n<!-- \/ Yoast SEO plugin. -->","yoast_head_json":{"title":"Jan Eltzschig LL.M. | Dr. Gantef\u00fchrer, Marquardt & Partner mbB","description":"Jan Eltzschig conseille les entreprises sur les op\u00e9rations de fusion-acquisition priv\u00e9es et les questions de droit des soci\u00e9t\u00e9s. Il apporte une vaste exp\u00e9rience dans les op\u00e9rations nationales et internationales et les restructurations complexes.","robots":{"index":"index","follow":"follow","max-snippet":"max-snippet:-1","max-image-preview":"max-image-preview:large","max-video-preview":"max-video-preview:-1"},"canonical":"https:\/\/www.gamapa.de\/fr\/conseillers\/jan-eltzschig-ll-m\/","og_locale":"fr_FR","og_type":"article","og_title":"Jan Eltzschig LL.M. | Dr. Gantef\u00fchrer, Marquardt & Partner mbB","og_description":"Jan Eltzschig conseille les entreprises sur les op\u00e9rations de fusion-acquisition priv\u00e9es et les questions de droit des soci\u00e9t\u00e9s. Il apporte une vaste exp\u00e9rience dans les op\u00e9rations nationales et internationales et les restructurations complexes.","og_url":"https:\/\/www.gamapa.de\/fr\/conseillers\/jan-eltzschig-ll-m\/","og_site_name":"GANTEF\u00dcHRER","article_modified_time":"2026-01-21T15:47:01+00:00","og_image":[{"width":1700,"height":1014,"url":"https:\/\/www.gamapa.de\/wp-content\/uploads\/2025\/12\/Eltzschig-2.jpg","type":"image\/jpeg"}],"twitter_card":"summary_large_image","twitter_misc":{"Dur\u00e9e de lecture estim\u00e9e":"3 minutes"},"schema":{"@context":"https:\/\/schema.org","@graph":[{"@type":"WebPage","@id":"https:\/\/www.gamapa.de\/fr\/conseillers\/jan-eltzschig-ll-m\/","url":"https:\/\/www.gamapa.de\/fr\/conseillers\/jan-eltzschig-ll-m\/","name":"Jan Eltzschig LL.M. | Dr. Gantef\u00fchrer, Marquardt & Partner mbB","isPartOf":{"@id":"https:\/\/www.gamapa.de\/fr\/#website"},"primaryImageOfPage":{"@id":"https:\/\/www.gamapa.de\/fr\/conseillers\/jan-eltzschig-ll-m\/#primaryimage"},"image":{"@id":"https:\/\/www.gamapa.de\/fr\/conseillers\/jan-eltzschig-ll-m\/#primaryimage"},"thumbnailUrl":"https:\/\/www.gamapa.de\/wp-content\/uploads\/2025\/12\/Eltzschig-2.jpg","datePublished":"2025-12-03T18:24:44+00:00","dateModified":"2026-01-21T15:47:01+00:00","description":"Jan Eltzschig conseille les entreprises sur les op\u00e9rations de fusion-acquisition priv\u00e9es et les questions de droit des soci\u00e9t\u00e9s. Il apporte une vaste exp\u00e9rience dans les op\u00e9rations nationales et internationales et les restructurations complexes.","breadcrumb":{"@id":"https:\/\/www.gamapa.de\/fr\/conseillers\/jan-eltzschig-ll-m\/#breadcrumb"},"inLanguage":"fr-FR","potentialAction":[{"@type":"ReadAction","target":["https:\/\/www.gamapa.de\/fr\/conseillers\/jan-eltzschig-ll-m\/"]}]},{"@type":"ImageObject","inLanguage":"fr-FR","@id":"https:\/\/www.gamapa.de\/fr\/conseillers\/jan-eltzschig-ll-m\/#primaryimage","url":"https:\/\/www.gamapa.de\/wp-content\/uploads\/2025\/12\/Eltzschig-2.jpg","contentUrl":"https:\/\/www.gamapa.de\/wp-content\/uploads\/2025\/12\/Eltzschig-2.jpg","width":1700,"height":1014,"caption":"Jan Eltzschig am Laptop"},{"@type":"BreadcrumbList","@id":"https:\/\/www.gamapa.de\/fr\/conseillers\/jan-eltzschig-ll-m\/#breadcrumb","itemListElement":[{"@type":"ListItem","position":1,"name":"Startseite","item":"https:\/\/www.gamapa.de\/fr\/"},{"@type":"ListItem","position":2,"name":"Conseillers","item":"https:\/\/www.gamapa.de\/fr\/conseillers\/"},{"@type":"ListItem","position":3,"name":"Jan Eltzschig, LL.M."}]},{"@type":"WebSite","@id":"https:\/\/www.gamapa.de\/fr\/#website","url":"https:\/\/www.gamapa.de\/fr\/","name":"GANTEF\u00dcHRER","description":"Wirtschaftspr\u00fcfer, Steuerberater, Rechtsanw\u00e4lte","publisher":{"@id":"https:\/\/www.gamapa.de\/fr\/#organization"},"potentialAction":[{"@type":"SearchAction","target":{"@type":"EntryPoint","urlTemplate":"https:\/\/www.gamapa.de\/fr\/?s={search_term_string}"},"query-input":{"@type":"PropertyValueSpecification","valueRequired":true,"valueName":"search_term_string"}}],"inLanguage":"fr-FR"},{"@type":"Organization","@id":"https:\/\/www.gamapa.de\/fr\/#organization","name":"Gantef\u00fchrer Wirtschaftspr\u00fcfer, Steuerberater, Rechtsanw\u00e4lte","url":"https:\/\/www.gamapa.de\/fr\/","logo":{"@type":"ImageObject","inLanguage":"fr-FR","@id":"https:\/\/www.gamapa.de\/fr\/#\/schema\/logo\/image\/","url":"https:\/\/www.gamapa.de\/wp-content\/uploads\/2026\/01\/Logo-Gantefuehrer.png","contentUrl":"https:\/\/www.gamapa.de\/wp-content\/uploads\/2026\/01\/Logo-Gantefuehrer.png","width":767,"height":156,"caption":"Gantef\u00fchrer Wirtschaftspr\u00fcfer, Steuerberater, Rechtsanw\u00e4lte"},"image":{"@id":"https:\/\/www.gamapa.de\/fr\/#\/schema\/logo\/image\/"}}]}},"uagb_featured_image_src":{"full":["https:\/\/www.gamapa.de\/wp-content\/uploads\/2025\/12\/Eltzschig-2.jpg",1700,1014,false],"thumbnail":["https:\/\/www.gamapa.de\/wp-content\/uploads\/2025\/12\/Eltzschig-2-150x150.jpg",150,150,true],"medium":["https:\/\/www.gamapa.de\/wp-content\/uploads\/2025\/12\/Eltzschig-2-600x358.jpg",600,358,true],"medium_large":["https:\/\/www.gamapa.de\/wp-content\/uploads\/2025\/12\/Eltzschig-2-768x458.jpg",580,346,true],"large":["https:\/\/www.gamapa.de\/wp-content\/uploads\/2025\/12\/Eltzschig-2.jpg",580,346,false],"gs-tiny":["https:\/\/www.gamapa.de\/wp-content\/uploads\/2025\/12\/Eltzschig-2-50x30.jpg",50,30,true],"xl":["https:\/\/www.gamapa.de\/wp-content\/uploads\/2025\/12\/Eltzschig-2-1600x954.jpg",1600,954,true],"xxl":["https:\/\/www.gamapa.de\/wp-content\/uploads\/2025\/12\/Eltzschig-2.jpg",1700,1014,false],"xxxl":["https:\/\/www.gamapa.de\/wp-content\/uploads\/2025\/12\/Eltzschig-2.jpg",1700,1014,false],"xxxxl":["https:\/\/www.gamapa.de\/wp-content\/uploads\/2025\/12\/Eltzschig-2.jpg",1700,1014,false],"xxxxxl":["https:\/\/www.gamapa.de\/wp-content\/uploads\/2025\/12\/Eltzschig-2.jpg",1700,1014,false],"1536x1536":["https:\/\/www.gamapa.de\/wp-content\/uploads\/2025\/12\/Eltzschig-2-1536x916.jpg",1536,916,true],"2048x2048":["https:\/\/www.gamapa.de\/wp-content\/uploads\/2025\/12\/Eltzschig-2.jpg",1700,1014,false],"post-thumbnail":["https:\/\/www.gamapa.de\/wp-content\/uploads\/2025\/12\/Eltzschig-2.jpg",1700,1014,false],"twentytwenty-fullscreen":["https:\/\/www.gamapa.de\/wp-content\/uploads\/2025\/12\/Eltzschig-2.jpg",1700,1014,false],"theme-slug-single-post":["https:\/\/www.gamapa.de\/wp-content\/uploads\/2025\/12\/Eltzschig-2-1600x400.jpg",1600,400,true]},"uagb_author_info":{"display_name":"ninasenft","author_link":"https:\/\/www.gamapa.de\/fr\/author\/ninasenft\/"},"uagb_comment_info":0,"uagb_excerpt":"Domaines de sp\u00e9cialisation Carri\u00e8re professionnelle 1995-2002 \u00c9tudes de droit \u00e0 l&rsquo;universit\u00e9 de Cologne et \u00e0 l&rsquo;universit\u00e9 Paris I (Paris I\/Sorbonne) 2002-2007 Assistant de recherche, Universit\u00e9 de Cologne 2005-2007 Stage juridique \u00e0 Cologne 2007-2013 Avocat chez Cleary, Gottlieb, Steen &amp; Hamilton \u00e0 Cologne et Francfort 2013-2021 Avocat chez DLA Piper, Cologne (Associ\u00e9 depuis 2015) 2021-2023 Avocat\u2026","_links":{"self":[{"href":"https:\/\/www.gamapa.de\/fr\/wp-json\/wp\/v2\/pages\/22875","targetHints":{"allow":["GET"]}}],"collection":[{"href":"https:\/\/www.gamapa.de\/fr\/wp-json\/wp\/v2\/pages"}],"about":[{"href":"https:\/\/www.gamapa.de\/fr\/wp-json\/wp\/v2\/types\/page"}],"author":[{"embeddable":true,"href":"https:\/\/www.gamapa.de\/fr\/wp-json\/wp\/v2\/users\/11"}],"replies":[{"embeddable":true,"href":"https:\/\/www.gamapa.de\/fr\/wp-json\/wp\/v2\/comments?post=22875"}],"version-history":[{"count":3,"href":"https:\/\/www.gamapa.de\/fr\/wp-json\/wp\/v2\/pages\/22875\/revisions"}],"predecessor-version":[{"id":23814,"href":"https:\/\/www.gamapa.de\/fr\/wp-json\/wp\/v2\/pages\/22875\/revisions\/23814"}],"up":[{"embeddable":true,"href":"https:\/\/www.gamapa.de\/fr\/wp-json\/wp\/v2\/pages\/4584"}],"wp:featuredmedia":[{"embeddable":true,"href":"https:\/\/www.gamapa.de\/fr\/wp-json\/wp\/v2\/media\/23117"}],"wp:attachment":[{"href":"https:\/\/www.gamapa.de\/fr\/wp-json\/wp\/v2\/media?parent=22875"}],"curies":[{"name":"wp","href":"https:\/\/api.w.org\/{rel}","templated":true}]}}