

{"id":23518,"date":"2021-11-19T18:30:59","date_gmt":"2021-11-19T17:30:59","guid":{"rendered":"https:\/\/www.gamapa.de\/domaines-de-services-de-conseil\/conseil-fiscal\/grundsteuerreform\/"},"modified":"2026-01-16T22:26:58","modified_gmt":"2026-01-16T21:26:58","slug":"reforme-de-la-taxe-fonciere","status":"publish","type":"page","link":"https:\/\/www.gamapa.de\/fr\/domaines-de-services-de-conseil\/conseil-fiscal\/reforme-de-la-taxe-fonciere\/","title":{"rendered":"R\u00e9forme de la taxe fonci\u00e8re"},"content":{"rendered":"\n<h2 class=\"wp-block-heading\"><br>R\u00e9forme de la taxe fonci\u00e8re<\/h2>\n\n\n\n<p>Eines steht fest: Die Grundsteuerreform bringt f\u00fcr Grundst\u00fcckseigent\u00fcmer in diesem Jahr einen erheblich h\u00f6heren Verwaltungsaufwand mit sich. Gerade bei gewachsenen Immobilienstrukturen ist eine kurzfristige Datenzusammenstellung und -\u00fcbermittlung nur eingeschr\u00e4nkt m\u00f6glich. Wir raten Ihnen, sich <strong>bereits jetzt <\/strong>mit der Thematik auseinanderzusetzen, um optimal vorbereitet zu sein. Denn sp\u00e4testens dann, wenn das Finanzamt Sie zur Abgabe der Grundsteuererkl\u00e4rung(en) auffordert, m\u00fcssen Sie als Grundst\u00fcckseigent\u00fcmer aktiv werden.&nbsp;<\/p>\n\n\n\n<p>Nach Bekanntgabe des Aufforderungsschreibens haben Sie <strong>einen Monat<\/strong> Zeit, s\u00e4mtliche Informationen und Unterlagen zusammenzustellen und Ihre Grundsteuererkl\u00e4rung beim zust\u00e4ndigen Finanzamt einzureichen. Wer die Frist vers\u00e4umt, l\u00e4uft der Gefahr ein, <strong>Versp\u00e4tungszuschl\u00e4ge<\/strong> zahlen zu m\u00fcssen. Um genau das zu vermeiden, m\u00f6chten wir Ihnen unsere Unterst\u00fctzung anbieten.<\/p>\n\n\n\n<p><\/p>\n\n\n\n<p><\/p>\n\n\n\n<div class=\"wp-block-pb-accordion-item c-accordion__item js-accordion-item no-js\" data-initially-open=\"false\" data-click-to-close=\"true\" data-auto-close=\"true\" data-scroll=\"false\" data-scroll-offset=\"0\"><h2 id=\"at-235180\" class=\"c-accordion__title js-accordion-controller\" role=\"button\"><strong>Worum genau geht es eigentlich bei der Grundsteuerreform?&nbsp;<\/strong><\/h2><div id=\"ac-235180\" class=\"c-accordion__content\">\n<p>Das Bundesverfassungsgericht (BVerfG) hat im April 2018 die geltende Grundsteuerberechnung f\u00fcr&nbsp;<strong>verfassungswidrig<\/strong>&nbsp;erkl\u00e4rt. Grund hierf\u00fcr seien die sich durch die v\u00f6llig veralteten Datengrundlagen ergebenden Wertverzerrungen. Durch die Grundsteuerreform soll es allerdings nicht zu einem h\u00f6heren Grundsteueraufkommen kommen, dem sollen die Gemeinden durch Anpassung der kommunalen Hebes\u00e4tze entgegenwirken.&nbsp;<\/p>\n\n\n\n<p>Nun sollen alle Grundst\u00fccke zum&nbsp;<strong>Feststellungszeitpunkt 1. Januar 2022<\/strong>&nbsp;neu bewertet werden. Danach erfolgt alle sieben Jahre eine Neubewertung. Bislang wurde die Grundsteuer auf Basis von Einheitswerten berechnet, die zuletzt 1964 festgesetzt und seitdem fortgeschrieben wurden. Das Grundsteuerreformgesetz sieht eine&nbsp;<strong>Neufestsetzung der Grundsteuer auf der Grundlage der neuen<\/strong>&nbsp;<strong>Grundsteuerwerte auf den 1. Januar 2025<\/strong>&nbsp;vor.&nbsp;<\/p>\n\n\n\n<p>Die Grundsteuer berechnet sich auf Basis des Grundsteuerwerts in Abh\u00e4ngigkeit von der jeweiligen Grundst\u00fccksart. Hierzu hat der Bund ein eigenes Modell zur Neuberechnung entwickelt, das in den meisten Bundesl\u00e4ndern \u00fcbernommen wird. Einige L\u00e4nder werden infolge der L\u00e4nderer\u00f6ffnungsklausel jedoch auf eine vom Bundesmodell abweichende Regelung zur\u00fcckgreifen, was die \u00dcbersichtlichkeit&nbsp;der Ermittlungsverfahren verkompliziert.&nbsp;<\/p>\n<\/div><\/div>\n\n\n\n<p><\/p>\n\n\n\n<div class=\"wp-block-pb-accordion-item c-accordion__item js-accordion-item no-js\" data-initially-open=\"false\" data-click-to-close=\"true\" data-auto-close=\"true\" data-scroll=\"false\" data-scroll-offset=\"0\"><h2 id=\"at-235181\" class=\"c-accordion__title js-accordion-controller\" role=\"button\"><strong>Was ist das sog. Bundesmodell?<\/strong><\/h2><div id=\"ac-235181\" class=\"c-accordion__content\">\n<p>Die Grundsteuer wird nach dem&nbsp;sog.&nbsp;<strong>Bundesmodell<\/strong>, dem die Mehrheit der L\u00e4nder&nbsp;\u2013 auch Nordrhein-Westfalen &#8211;&nbsp;folgt, in einem dreistufigen Verfahren ermittelt.&nbsp;Wir m\u00f6chten Ihnen einen kurzen \u00dcberblick \u00fcber die Neuregelung verschaffen.&nbsp;<\/p>\n\n\n\n<p>Bevor das Gesetz am 1. Januar 2025 in Kraft tritt, m\u00fcssen alle bebauten und unbebauten Grundst\u00fccke sowie land- und forstwirtschaftlichen Betriebe in der Bundesrepublik Deutschland neu bewertet werden. Diese&nbsp;<strong>Grundbesitzwerte<\/strong>&nbsp;bilden ab dem Kalenderjahr 2025 die ma\u00dfgebliche&nbsp;<strong>Bemessungsgrundlage f\u00fcr die Festsetzung und die Erhebung der Grundsteuer<\/strong>&nbsp;durch die St\u00e4dte und Gemeinden.&nbsp;&nbsp;<\/p>\n\n\n\n<p>In&nbsp;<strong>Abh\u00e4ngigkeit der Grundst\u00fccks- und Immobilienart<\/strong>&nbsp;werden bei der Ermittlung der Grundbesitzwerte&nbsp;<strong>verschiedene Bewertungsverfahren<\/strong>&nbsp;herangezogen.&nbsp;Zu&nbsp;unterscheiden ist&nbsp;im Detail&nbsp;zwischen einer Bewertung im Ertragswertverfahren und im Sachwertverfahren.&nbsp;&nbsp;<\/p>\n\n\n\n<p>Das&nbsp;<strong>Ertragswertverfahren<\/strong>&nbsp;kommt insbesondere f\u00fcr Ein- oder Zweifamilienh\u00e4user, Mietwohngrundst\u00fccke und Wohnungseigentum in Betracht. Diesem Verfahren liegt der Gedanke zugrunde, dass sich der Wert eines Grundst\u00fccks aus seinem nachhaltig erzielbaren Reinertrag ergibt. Der Grundbesitzwert wird hier anhand des Bodenrichtwerts, der Grundst\u00fccksfl\u00e4che, der statistisch ermittelten Nettokaltmiete sowie der Wohnfl\u00e4che und des Baujahres des Geb\u00e4udes ermittelt.&nbsp;<\/p>\n\n\n\n<p>Das&nbsp;<strong>Sachwertverfahren&nbsp;<\/strong>findet f\u00fcr Gesch\u00e4ftsgrundst\u00fccke, gemischt genutzte Grundst\u00fccke, Teileigentum und sonstige bebaute Grundst\u00fccke Anwendung. Zu beachten gilt, dass beispielsweise die private Immobilie des Gesch\u00e4ftsf\u00fchrers oder auch das Ferienhaus oder die vermietete Garage als Einzelobjekt zu ber\u00fccksichtigen ist.&nbsp;<\/p>\n\n\n\n<p>Der Boden- und Geb\u00e4udewert wird mit einer Wertzahl multipliziert, um den&nbsp;<strong>Grundsteuerwert<\/strong>&nbsp;zu erhalten. Dabei wird der&nbsp;<strong>Bodenwert<\/strong>&nbsp;durch Multiplikation von\u202fGrundst\u00fccksfl\u00e4che\u202fund\u202fBodenrichtwert ermittelt. Der&nbsp;<strong>Geb\u00e4udewert<\/strong>&nbsp;ergibt sich infolge einer Multiplikation der\u202fNormalherstellungskosten\u202fmit dem vom Statistischen Bundesamt ver\u00f6ffentlichten\u202fBaupreisindex\u202fund der\u202fBrutto-Grundfl\u00e4che, unter Ber\u00fccksichtigung des Abzugs einer Alterswertminderung von bis zu 70%.\u202fDie&nbsp;<strong>Normalherstellungskoste<\/strong>n richten sich nach der\u202fGeb\u00e4udeart\u202f(z.B. B\u00fcrogeb\u00e4ude oder Lagergeb\u00e4ude in Abh\u00e4ngigkeit von der Nutzung) und dem\u202fBaujahr. Die&nbsp;<strong>Brutto-Grundfl\u00e4che<\/strong>&nbsp;ergibt sich aus der Summe der nutzbaren Grundfl\u00e4chen aller Grundrissebenen, einschlie\u00dflich nur \u00fcberdeckter Fl\u00e4chen wie z.B. Durchfahrten. Die\u202f<strong>Wertzahl<\/strong>\u202fh\u00e4ngt vom Boden- und Geb\u00e4udewert sowie dem Bodenrichtwert ab.&nbsp;<\/p>\n\n\n\n<p>Dem Finanzamt anzugeben sind insbesondere die&nbsp;Grundst\u00fccksfl\u00e4che, der Bodenrichtwert, die Geb\u00e4udeart, die Bruttogrundfl\u00e4che\/Nutzfl\u00e4chen und das Baujahr.&nbsp;<\/p>\n\n\n\n<p class=\"medi\">Die Bewertung&nbsp;<strong>unbebauter Grundst\u00fccke<\/strong>&nbsp;erfolgt durch Multiplikation der\u202fGrundst\u00fccksfl\u00e4che\u202fmit dem\u202fBodenrichtwert.&nbsp;<\/p>\n<\/div><\/div>\n\n\n\n<p>In nur wenigen Schritten erstellen wir kollaborativ Ihre Grundsteuererkl\u00e4rung(en). Hierzu bieten wir ein zeitgem\u00e4\u00dfes <strong>digitales Tool<\/strong>, welches durch intelligente Hilfestellungen und n\u00fctzliche Tipps einen schnellen und komfortablen Datenaustausch garantiert. So wird gew\u00e4hrleistet, dass Ihre Erkl\u00e4rung(en) vollst\u00e4ndig, fristgerecht und vor allem durch Fachkr\u00e4fte gepr\u00fcft beim Finanzamt eingehen.<\/p>\n\n\n\n<p>F\u00fcr mehr Informationen bzw. um ein Angebot zu erhalten, <a href=\"https:\/\/www.gamapa.de\/fr\/contact\/\">kontaktieren Sie uns gerne.<\/a><\/p>\n\n\n\n<div style=\"height:70px\" aria-hidden=\"true\" class=\"wp-block-spacer spac70\"><\/div>\n","protected":false},"excerpt":{"rendered":"<p>R\u00e9forme de la taxe fonci\u00e8re Eines steht fest: Die Grundsteuerreform bringt f\u00fcr Grundst\u00fcckseigent\u00fcmer in diesem Jahr einen erheblich h\u00f6heren Verwaltungsaufwand mit sich. Gerade bei gewachsenen Immobilienstrukturen ist eine kurzfristige Datenzusammenstellung und -\u00fcbermittlung nur eingeschr\u00e4nkt m\u00f6glich. Wir raten Ihnen, sich bereits jetzt mit der Thematik auseinanderzusetzen, um optimal vorbereitet zu sein. Denn sp\u00e4testens dann, wenn das <a href=\"https:\/\/www.gamapa.de\/fr\/domaines-de-services-de-conseil\/conseil-fiscal\/reforme-de-la-taxe-fonciere\/\">[\u2026]<\/a><\/p>\n","protected":false},"author":1,"featured_media":3361,"parent":4498,"menu_order":2,"comment_status":"closed","ping_status":"closed","template":"templates\/template-simple-site.php","meta":{"_acf_changed":false,"_uag_custom_page_level_css":"","footnotes":""},"class_list":["post-23518","page","type-page","status-publish","has-post-thumbnail","hentry"],"acf":[],"yoast_head":"<!-- This site is optimized with the Yoast SEO plugin v27.3 - https:\/\/yoast.com\/product\/yoast-seo-wordpress\/ -->\n<title>R\u00e9forme de la taxe fonci\u00e8re - GANTEF\u00dcHRER<\/title>\n<meta name=\"robots\" content=\"index, follow, max-snippet:-1, max-image-preview:large, max-video-preview:-1\" \/>\n<link rel=\"canonical\" href=\"https:\/\/www.gamapa.de\/fr\/domaines-de-services-de-conseil\/conseil-fiscal\/reforme-de-la-taxe-fonciere\/\" \/>\n<meta property=\"og:locale\" content=\"fr_FR\" \/>\n<meta property=\"og:type\" content=\"article\" \/>\n<meta property=\"og:title\" content=\"R\u00e9forme de la taxe fonci\u00e8re - GANTEF\u00dcHRER\" \/>\n<meta property=\"og:description\" content=\"R\u00e9forme de la taxe fonci\u00e8re Eines steht fest: Die Grundsteuerreform bringt f\u00fcr Grundst\u00fcckseigent\u00fcmer in diesem Jahr einen erheblich h\u00f6heren Verwaltungsaufwand mit sich. Gerade bei gewachsenen Immobilienstrukturen ist eine kurzfristige Datenzusammenstellung und -\u00fcbermittlung nur eingeschr\u00e4nkt m\u00f6glich. Wir raten Ihnen, sich bereits jetzt mit der Thematik auseinanderzusetzen, um optimal vorbereitet zu sein. Denn sp\u00e4testens dann, wenn das [\u2026]\" \/>\n<meta property=\"og:url\" content=\"https:\/\/www.gamapa.de\/fr\/domaines-de-services-de-conseil\/conseil-fiscal\/reforme-de-la-taxe-fonciere\/\" \/>\n<meta property=\"og:site_name\" content=\"GANTEF\u00dcHRER\" \/>\n<meta property=\"article:modified_time\" content=\"2026-01-16T21:26:58+00:00\" \/>\n<meta property=\"og:image\" content=\"https:\/\/www.gamapa.de\/wp-content\/uploads\/2020\/03\/Header-Interdisziplinaere-Beratung-5-scaled.jpg\" \/>\n\t<meta property=\"og:image:width\" content=\"2560\" \/>\n\t<meta property=\"og:image:height\" content=\"764\" \/>\n\t<meta property=\"og:image:type\" content=\"image\/jpeg\" \/>\n<meta name=\"twitter:card\" content=\"summary_large_image\" \/>\n<meta name=\"twitter:label1\" content=\"Dur\u00e9e de lecture estim\u00e9e\" \/>\n\t<meta name=\"twitter:data1\" content=\"4 minutes\" \/>\n<script type=\"application\/ld+json\" class=\"yoast-schema-graph\">{\"@context\":\"https:\\\/\\\/schema.org\",\"@graph\":[{\"@type\":\"WebPage\",\"@id\":\"https:\\\/\\\/www.gamapa.de\\\/fr\\\/domaines-de-services-de-conseil\\\/conseil-fiscal\\\/reforme-de-la-taxe-fonciere\\\/\",\"url\":\"https:\\\/\\\/www.gamapa.de\\\/fr\\\/domaines-de-services-de-conseil\\\/conseil-fiscal\\\/reforme-de-la-taxe-fonciere\\\/\",\"name\":\"R\u00e9forme de la taxe fonci\u00e8re - GANTEF\u00dcHRER\",\"isPartOf\":{\"@id\":\"https:\\\/\\\/www.gamapa.de\\\/fr\\\/#website\"},\"primaryImageOfPage\":{\"@id\":\"https:\\\/\\\/www.gamapa.de\\\/fr\\\/domaines-de-services-de-conseil\\\/conseil-fiscal\\\/reforme-de-la-taxe-fonciere\\\/#primaryimage\"},\"image\":{\"@id\":\"https:\\\/\\\/www.gamapa.de\\\/fr\\\/domaines-de-services-de-conseil\\\/conseil-fiscal\\\/reforme-de-la-taxe-fonciere\\\/#primaryimage\"},\"thumbnailUrl\":\"https:\\\/\\\/www.gamapa.de\\\/wp-content\\\/uploads\\\/2020\\\/03\\\/Header-Interdisziplinaere-Beratung-5-scaled.jpg\",\"datePublished\":\"2021-11-19T17:30:59+00:00\",\"dateModified\":\"2026-01-16T21:26:58+00:00\",\"breadcrumb\":{\"@id\":\"https:\\\/\\\/www.gamapa.de\\\/fr\\\/domaines-de-services-de-conseil\\\/conseil-fiscal\\\/reforme-de-la-taxe-fonciere\\\/#breadcrumb\"},\"inLanguage\":\"fr-FR\",\"potentialAction\":[{\"@type\":\"ReadAction\",\"target\":[\"https:\\\/\\\/www.gamapa.de\\\/fr\\\/domaines-de-services-de-conseil\\\/conseil-fiscal\\\/reforme-de-la-taxe-fonciere\\\/\"]}]},{\"@type\":\"ImageObject\",\"inLanguage\":\"fr-FR\",\"@id\":\"https:\\\/\\\/www.gamapa.de\\\/fr\\\/domaines-de-services-de-conseil\\\/conseil-fiscal\\\/reforme-de-la-taxe-fonciere\\\/#primaryimage\",\"url\":\"https:\\\/\\\/www.gamapa.de\\\/wp-content\\\/uploads\\\/2020\\\/03\\\/Header-Interdisziplinaere-Beratung-5-scaled.jpg\",\"contentUrl\":\"https:\\\/\\\/www.gamapa.de\\\/wp-content\\\/uploads\\\/2020\\\/03\\\/Header-Interdisziplinaere-Beratung-5-scaled.jpg\",\"width\":2560,\"height\":764},{\"@type\":\"BreadcrumbList\",\"@id\":\"https:\\\/\\\/www.gamapa.de\\\/fr\\\/domaines-de-services-de-conseil\\\/conseil-fiscal\\\/reforme-de-la-taxe-fonciere\\\/#breadcrumb\",\"itemListElement\":[{\"@type\":\"ListItem\",\"position\":1,\"name\":\"Startseite\",\"item\":\"https:\\\/\\\/www.gamapa.de\\\/fr\\\/\"},{\"@type\":\"ListItem\",\"position\":2,\"name\":\"Domaines de conseil\",\"item\":\"https:\\\/\\\/www.gamapa.de\\\/fr\\\/domaines-de-services-de-conseil\\\/\"},{\"@type\":\"ListItem\",\"position\":3,\"name\":\"Conseil fiscal\",\"item\":\"https:\\\/\\\/www.gamapa.de\\\/fr\\\/domaines-de-services-de-conseil\\\/conseil-fiscal\\\/\"},{\"@type\":\"ListItem\",\"position\":4,\"name\":\"R\u00e9forme de la taxe fonci\u00e8re\"}]},{\"@type\":\"WebSite\",\"@id\":\"https:\\\/\\\/www.gamapa.de\\\/fr\\\/#website\",\"url\":\"https:\\\/\\\/www.gamapa.de\\\/fr\\\/\",\"name\":\"GANTEF\u00dcHRER\",\"description\":\"Wirtschaftspr\u00fcfer, Steuerberater, Rechtsanw\u00e4lte\",\"publisher\":{\"@id\":\"https:\\\/\\\/www.gamapa.de\\\/fr\\\/#organization\"},\"potentialAction\":[{\"@type\":\"SearchAction\",\"target\":{\"@type\":\"EntryPoint\",\"urlTemplate\":\"https:\\\/\\\/www.gamapa.de\\\/fr\\\/?s={search_term_string}\"},\"query-input\":{\"@type\":\"PropertyValueSpecification\",\"valueRequired\":true,\"valueName\":\"search_term_string\"}}],\"inLanguage\":\"fr-FR\"},{\"@type\":\"Organization\",\"@id\":\"https:\\\/\\\/www.gamapa.de\\\/fr\\\/#organization\",\"name\":\"Gantef\u00fchrer Wirtschaftspr\u00fcfer, Steuerberater, Rechtsanw\u00e4lte\",\"url\":\"https:\\\/\\\/www.gamapa.de\\\/fr\\\/\",\"logo\":{\"@type\":\"ImageObject\",\"inLanguage\":\"fr-FR\",\"@id\":\"https:\\\/\\\/www.gamapa.de\\\/fr\\\/#\\\/schema\\\/logo\\\/image\\\/\",\"url\":\"https:\\\/\\\/www.gamapa.de\\\/wp-content\\\/uploads\\\/2026\\\/01\\\/Logo-Gantefuehrer.png\",\"contentUrl\":\"https:\\\/\\\/www.gamapa.de\\\/wp-content\\\/uploads\\\/2026\\\/01\\\/Logo-Gantefuehrer.png\",\"width\":767,\"height\":156,\"caption\":\"Gantef\u00fchrer Wirtschaftspr\u00fcfer, Steuerberater, Rechtsanw\u00e4lte\"},\"image\":{\"@id\":\"https:\\\/\\\/www.gamapa.de\\\/fr\\\/#\\\/schema\\\/logo\\\/image\\\/\"}}]}<\/script>\n<!-- \/ Yoast SEO plugin. -->","yoast_head_json":{"title":"R\u00e9forme de la taxe fonci\u00e8re - GANTEF\u00dcHRER","robots":{"index":"index","follow":"follow","max-snippet":"max-snippet:-1","max-image-preview":"max-image-preview:large","max-video-preview":"max-video-preview:-1"},"canonical":"https:\/\/www.gamapa.de\/fr\/domaines-de-services-de-conseil\/conseil-fiscal\/reforme-de-la-taxe-fonciere\/","og_locale":"fr_FR","og_type":"article","og_title":"R\u00e9forme de la taxe fonci\u00e8re - GANTEF\u00dcHRER","og_description":"R\u00e9forme de la taxe fonci\u00e8re Eines steht fest: Die Grundsteuerreform bringt f\u00fcr Grundst\u00fcckseigent\u00fcmer in diesem Jahr einen erheblich h\u00f6heren Verwaltungsaufwand mit sich. Gerade bei gewachsenen Immobilienstrukturen ist eine kurzfristige Datenzusammenstellung und -\u00fcbermittlung nur eingeschr\u00e4nkt m\u00f6glich. Wir raten Ihnen, sich bereits jetzt mit der Thematik auseinanderzusetzen, um optimal vorbereitet zu sein. Denn sp\u00e4testens dann, wenn das [\u2026]","og_url":"https:\/\/www.gamapa.de\/fr\/domaines-de-services-de-conseil\/conseil-fiscal\/reforme-de-la-taxe-fonciere\/","og_site_name":"GANTEF\u00dcHRER","article_modified_time":"2026-01-16T21:26:58+00:00","og_image":[{"width":2560,"height":764,"url":"https:\/\/www.gamapa.de\/wp-content\/uploads\/2020\/03\/Header-Interdisziplinaere-Beratung-5-scaled.jpg","type":"image\/jpeg"}],"twitter_card":"summary_large_image","twitter_misc":{"Dur\u00e9e de lecture estim\u00e9e":"4 minutes"},"schema":{"@context":"https:\/\/schema.org","@graph":[{"@type":"WebPage","@id":"https:\/\/www.gamapa.de\/fr\/domaines-de-services-de-conseil\/conseil-fiscal\/reforme-de-la-taxe-fonciere\/","url":"https:\/\/www.gamapa.de\/fr\/domaines-de-services-de-conseil\/conseil-fiscal\/reforme-de-la-taxe-fonciere\/","name":"R\u00e9forme de la taxe fonci\u00e8re - GANTEF\u00dcHRER","isPartOf":{"@id":"https:\/\/www.gamapa.de\/fr\/#website"},"primaryImageOfPage":{"@id":"https:\/\/www.gamapa.de\/fr\/domaines-de-services-de-conseil\/conseil-fiscal\/reforme-de-la-taxe-fonciere\/#primaryimage"},"image":{"@id":"https:\/\/www.gamapa.de\/fr\/domaines-de-services-de-conseil\/conseil-fiscal\/reforme-de-la-taxe-fonciere\/#primaryimage"},"thumbnailUrl":"https:\/\/www.gamapa.de\/wp-content\/uploads\/2020\/03\/Header-Interdisziplinaere-Beratung-5-scaled.jpg","datePublished":"2021-11-19T17:30:59+00:00","dateModified":"2026-01-16T21:26:58+00:00","breadcrumb":{"@id":"https:\/\/www.gamapa.de\/fr\/domaines-de-services-de-conseil\/conseil-fiscal\/reforme-de-la-taxe-fonciere\/#breadcrumb"},"inLanguage":"fr-FR","potentialAction":[{"@type":"ReadAction","target":["https:\/\/www.gamapa.de\/fr\/domaines-de-services-de-conseil\/conseil-fiscal\/reforme-de-la-taxe-fonciere\/"]}]},{"@type":"ImageObject","inLanguage":"fr-FR","@id":"https:\/\/www.gamapa.de\/fr\/domaines-de-services-de-conseil\/conseil-fiscal\/reforme-de-la-taxe-fonciere\/#primaryimage","url":"https:\/\/www.gamapa.de\/wp-content\/uploads\/2020\/03\/Header-Interdisziplinaere-Beratung-5-scaled.jpg","contentUrl":"https:\/\/www.gamapa.de\/wp-content\/uploads\/2020\/03\/Header-Interdisziplinaere-Beratung-5-scaled.jpg","width":2560,"height":764},{"@type":"BreadcrumbList","@id":"https:\/\/www.gamapa.de\/fr\/domaines-de-services-de-conseil\/conseil-fiscal\/reforme-de-la-taxe-fonciere\/#breadcrumb","itemListElement":[{"@type":"ListItem","position":1,"name":"Startseite","item":"https:\/\/www.gamapa.de\/fr\/"},{"@type":"ListItem","position":2,"name":"Domaines de conseil","item":"https:\/\/www.gamapa.de\/fr\/domaines-de-services-de-conseil\/"},{"@type":"ListItem","position":3,"name":"Conseil fiscal","item":"https:\/\/www.gamapa.de\/fr\/domaines-de-services-de-conseil\/conseil-fiscal\/"},{"@type":"ListItem","position":4,"name":"R\u00e9forme de la taxe fonci\u00e8re"}]},{"@type":"WebSite","@id":"https:\/\/www.gamapa.de\/fr\/#website","url":"https:\/\/www.gamapa.de\/fr\/","name":"GANTEF\u00dcHRER","description":"Wirtschaftspr\u00fcfer, Steuerberater, Rechtsanw\u00e4lte","publisher":{"@id":"https:\/\/www.gamapa.de\/fr\/#organization"},"potentialAction":[{"@type":"SearchAction","target":{"@type":"EntryPoint","urlTemplate":"https:\/\/www.gamapa.de\/fr\/?s={search_term_string}"},"query-input":{"@type":"PropertyValueSpecification","valueRequired":true,"valueName":"search_term_string"}}],"inLanguage":"fr-FR"},{"@type":"Organization","@id":"https:\/\/www.gamapa.de\/fr\/#organization","name":"Gantef\u00fchrer Wirtschaftspr\u00fcfer, Steuerberater, Rechtsanw\u00e4lte","url":"https:\/\/www.gamapa.de\/fr\/","logo":{"@type":"ImageObject","inLanguage":"fr-FR","@id":"https:\/\/www.gamapa.de\/fr\/#\/schema\/logo\/image\/","url":"https:\/\/www.gamapa.de\/wp-content\/uploads\/2026\/01\/Logo-Gantefuehrer.png","contentUrl":"https:\/\/www.gamapa.de\/wp-content\/uploads\/2026\/01\/Logo-Gantefuehrer.png","width":767,"height":156,"caption":"Gantef\u00fchrer Wirtschaftspr\u00fcfer, Steuerberater, Rechtsanw\u00e4lte"},"image":{"@id":"https:\/\/www.gamapa.de\/fr\/#\/schema\/logo\/image\/"}}]}},"uagb_featured_image_src":{"full":["https:\/\/www.gamapa.de\/wp-content\/uploads\/2020\/03\/Header-Interdisziplinaere-Beratung-5-scaled.jpg",2560,764,false],"thumbnail":["https:\/\/www.gamapa.de\/wp-content\/uploads\/2020\/03\/Header-Interdisziplinaere-Beratung-5-150x150.jpg",150,150,true],"medium":["https:\/\/www.gamapa.de\/wp-content\/uploads\/2020\/03\/Header-Interdisziplinaere-Beratung-5-600x179.jpg",600,179,true],"medium_large":["https:\/\/www.gamapa.de\/wp-content\/uploads\/2020\/03\/Header-Interdisziplinaere-Beratung-5-768x229.jpg",580,173,true],"large":["https:\/\/www.gamapa.de\/wp-content\/uploads\/2020\/03\/Header-Interdisziplinaere-Beratung-5-scaled.jpg",580,173,false],"gs-tiny":["https:\/\/www.gamapa.de\/wp-content\/uploads\/2020\/03\/Header-Interdisziplinaere-Beratung-5-scaled.jpg",50,15,false],"xl":["https:\/\/www.gamapa.de\/wp-content\/uploads\/2020\/03\/Header-Interdisziplinaere-Beratung-5-scaled.jpg",1600,478,false],"xxl":["https:\/\/www.gamapa.de\/wp-content\/uploads\/2020\/03\/Header-Interdisziplinaere-Beratung-5-scaled.jpg",2200,657,false],"xxxl":["https:\/\/www.gamapa.de\/wp-content\/uploads\/2020\/03\/Header-Interdisziplinaere-Beratung-5-scaled.jpg",2560,764,false],"xxxxl":["https:\/\/www.gamapa.de\/wp-content\/uploads\/2020\/03\/Header-Interdisziplinaere-Beratung-5-scaled.jpg",2560,764,false],"xxxxxl":["https:\/\/www.gamapa.de\/wp-content\/uploads\/2020\/03\/Header-Interdisziplinaere-Beratung-5-scaled.jpg",2560,764,false],"1536x1536":["https:\/\/www.gamapa.de\/wp-content\/uploads\/2020\/03\/Header-Interdisziplinaere-Beratung-5-1536x458.jpg",1536,458,true],"2048x2048":["https:\/\/www.gamapa.de\/wp-content\/uploads\/2020\/03\/Header-Interdisziplinaere-Beratung-5-2048x611.jpg",2048,611,true],"post-thumbnail":["https:\/\/www.gamapa.de\/wp-content\/uploads\/2020\/03\/Header-Interdisziplinaere-Beratung-5-scaled.jpg",2560,764,false],"twentytwenty-fullscreen":["https:\/\/www.gamapa.de\/wp-content\/uploads\/2020\/03\/Header-Interdisziplinaere-Beratung-5-scaled.jpg",2560,764,false],"theme-slug-single-post":["https:\/\/www.gamapa.de\/wp-content\/uploads\/2020\/03\/Header-Interdisziplinaere-Beratung-5-1600x400.jpg",1600,400,true]},"uagb_author_info":{"display_name":"linda","author_link":"https:\/\/www.gamapa.de\/fr\/author\/linda\/"},"uagb_comment_info":0,"uagb_excerpt":"R\u00e9forme de la taxe fonci\u00e8re Eines steht fest: Die Grundsteuerreform bringt f\u00fcr Grundst\u00fcckseigent\u00fcmer in diesem Jahr einen erheblich h\u00f6heren Verwaltungsaufwand mit sich. Gerade bei gewachsenen Immobilienstrukturen ist eine kurzfristige Datenzusammenstellung und -\u00fcbermittlung nur eingeschr\u00e4nkt m\u00f6glich. Wir raten Ihnen, sich bereits jetzt mit der Thematik auseinanderzusetzen, um optimal vorbereitet zu sein. Denn sp\u00e4testens dann, wenn das\u2026","_links":{"self":[{"href":"https:\/\/www.gamapa.de\/fr\/wp-json\/wp\/v2\/pages\/23518","targetHints":{"allow":["GET"]}}],"collection":[{"href":"https:\/\/www.gamapa.de\/fr\/wp-json\/wp\/v2\/pages"}],"about":[{"href":"https:\/\/www.gamapa.de\/fr\/wp-json\/wp\/v2\/types\/page"}],"author":[{"embeddable":true,"href":"https:\/\/www.gamapa.de\/fr\/wp-json\/wp\/v2\/users\/1"}],"replies":[{"embeddable":true,"href":"https:\/\/www.gamapa.de\/fr\/wp-json\/wp\/v2\/comments?post=23518"}],"version-history":[{"count":3,"href":"https:\/\/www.gamapa.de\/fr\/wp-json\/wp\/v2\/pages\/23518\/revisions"}],"predecessor-version":[{"id":23541,"href":"https:\/\/www.gamapa.de\/fr\/wp-json\/wp\/v2\/pages\/23518\/revisions\/23541"}],"up":[{"embeddable":true,"href":"https:\/\/www.gamapa.de\/fr\/wp-json\/wp\/v2\/pages\/4498"}],"wp:featuredmedia":[{"embeddable":true,"href":"https:\/\/www.gamapa.de\/fr\/wp-json\/wp\/v2\/media\/3361"}],"wp:attachment":[{"href":"https:\/\/www.gamapa.de\/fr\/wp-json\/wp\/v2\/media?parent=23518"}],"curies":[{"name":"wp","href":"https:\/\/api.w.org\/{rel}","templated":true}]}}