

{"id":23543,"date":"2021-04-21T11:13:59","date_gmt":"2021-04-21T09:13:59","guid":{"rendered":"https:\/\/www.gamapa.de\/domaines-de-services-de-conseil\/conseil-juridique\/insolvenzrecht\/"},"modified":"2026-01-16T22:32:02","modified_gmt":"2026-01-16T21:32:02","slug":"droit-de-linsolvabilite","status":"publish","type":"page","link":"https:\/\/www.gamapa.de\/fr\/domaines-de-services-de-conseil\/conseil-juridique\/droit-de-linsolvabilite\/","title":{"rendered":"Droit de l\u2019insolvabilit\u00e9"},"content":{"rendered":"\n<p>Wir unterst\u00fctzen Gl\u00e4ubiger und Kreditinstitute bei Fragen der Insolvenzvermeidung ihrer Kunden sowie bei der Pr\u00fcfung, ob die zu ihren Gunsten bestehenden Sicherheiten insolvenzfest sind. Bereits bei ersten Krisenanzeichen Ihrer Vertragspartner ergreifen wir vorbeugende Ma\u00dfnahmen, um Sie vor finanziellen und juristischen Nachteilen, insbesondere aus Insolvenzanfechtung, zu sch\u00fctzen.<\/p>\n\n\n\n<p>Wir begleiten Sie bei allen Fragen zum Umgang mit insolvenzgef\u00e4hrdeten oder insolventen Vertragspartnern und tragen daf\u00fcr Sorge, dass Ihre Interessen in einem Sanierungs- oder Insolvenzverfahren optimal wahrgenommen werden. Im Insolvenzfall setzen wir Forderungen sowie Sicherungsrechte gegen\u00fcber insolventen Unternehmen optimal durch. Unsere Berater vertreten Sie und Ihre Interessen im Insolvenzfall auch in Gl\u00e4ubigerversammlungen und Gl\u00e4ubigeraussch\u00fcssen.<\/p>\n\n\n\n<p>Wir beraten und vertreten Sie, falls Sie von einem Insolvenzverwalter mit Anspr\u00fcchen aus Insolvenzanfechtung in Anspruch genommen werden. Wir verf\u00fcgen \u00fcber langj\u00e4hrige Erfahrungen im Insolvenzrecht, die es uns erm\u00f6glicht, Sie bei der Abwehr von Insolvenzanfechtungsanspr\u00fcchen kompetent zu unterst\u00fctzen. Wenden Sie sich hierzu gern an <a href=\"https:\/\/www.gamapa.de\/fr\/conseillers\/dr-jan-huylmans-avocat\/\">Dr. Jan Huylmans<\/a>.<\/p>\n\n\n\n<p><\/p>\n","protected":false},"excerpt":{"rendered":"<p>Wir unterst\u00fctzen Gl\u00e4ubiger und Kreditinstitute bei Fragen der Insolvenzvermeidung ihrer Kunden sowie bei der Pr\u00fcfung, ob die zu ihren Gunsten bestehenden Sicherheiten insolvenzfest sind. Bereits bei ersten Krisenanzeichen Ihrer Vertragspartner ergreifen wir vorbeugende Ma\u00dfnahmen, um Sie vor finanziellen und juristischen Nachteilen, insbesondere aus Insolvenzanfechtung, zu sch\u00fctzen. Wir begleiten Sie bei allen Fragen zum Umgang mit <a href=\"https:\/\/www.gamapa.de\/fr\/domaines-de-services-de-conseil\/conseil-juridique\/droit-de-linsolvabilite\/\">[\u2026]<\/a><\/p>\n","protected":false},"author":1,"featured_media":3877,"parent":4489,"menu_order":15,"comment_status":"closed","ping_status":"closed","template":"templates\/template-simple-site.php","meta":{"_acf_changed":false,"_uag_custom_page_level_css":"","footnotes":""},"class_list":["post-23543","page","type-page","status-publish","has-post-thumbnail","hentry"],"acf":[],"yoast_head":"<!-- This site is optimized with the Yoast SEO plugin v27.3 - https:\/\/yoast.com\/product\/yoast-seo-wordpress\/ -->\n<title>Insolvenzrecht | Dr. Gantef\u00fchrer, Marquardt &amp; Partner<\/title>\n<meta name=\"description\" content=\"Bei allen Fragen rund um Insolvenzrecht und der Beratung von Gl\u00e4ubigern hilft Dr. Jan Huylmans Ihnen als kompetenter Ansprechpartner weiter.\" \/>\n<meta name=\"robots\" content=\"index, follow, max-snippet:-1, max-image-preview:large, max-video-preview:-1\" \/>\n<link rel=\"canonical\" href=\"https:\/\/www.gamapa.de\/fr\/domaines-de-services-de-conseil\/conseil-juridique\/droit-de-linsolvabilite\/\" \/>\n<meta property=\"og:locale\" content=\"fr_FR\" \/>\n<meta property=\"og:type\" content=\"article\" \/>\n<meta property=\"og:title\" content=\"Insolvenzrecht | Dr. Gantef\u00fchrer, Marquardt &amp; Partner\" \/>\n<meta property=\"og:description\" content=\"Bei allen Fragen rund um Insolvenzrecht und der Beratung von Gl\u00e4ubigern hilft Dr. Jan Huylmans Ihnen als kompetenter Ansprechpartner weiter.\" \/>\n<meta property=\"og:url\" content=\"https:\/\/www.gamapa.de\/fr\/domaines-de-services-de-conseil\/conseil-juridique\/droit-de-linsolvabilite\/\" \/>\n<meta property=\"og:site_name\" content=\"GANTEF\u00dcHRER\" \/>\n<meta property=\"article:modified_time\" content=\"2026-01-16T21:32:02+00:00\" \/>\n<meta property=\"og:image\" content=\"https:\/\/www.gamapa.de\/wp-content\/uploads\/2020\/07\/U-Header-Rechtsgebiete-2-scaled.jpg\" \/>\n\t<meta property=\"og:image:width\" content=\"2560\" \/>\n\t<meta property=\"og:image:height\" content=\"764\" \/>\n\t<meta property=\"og:image:type\" content=\"image\/jpeg\" \/>\n<meta name=\"twitter:card\" content=\"summary_large_image\" \/>\n<meta name=\"twitter:label1\" content=\"Dur\u00e9e de lecture estim\u00e9e\" \/>\n\t<meta name=\"twitter:data1\" content=\"2 minutes\" \/>\n<script type=\"application\/ld+json\" class=\"yoast-schema-graph\">{\"@context\":\"https:\\\/\\\/schema.org\",\"@graph\":[{\"@type\":\"WebPage\",\"@id\":\"https:\\\/\\\/www.gamapa.de\\\/fr\\\/domaines-de-services-de-conseil\\\/conseil-juridique\\\/droit-de-linsolvabilite\\\/\",\"url\":\"https:\\\/\\\/www.gamapa.de\\\/fr\\\/domaines-de-services-de-conseil\\\/conseil-juridique\\\/droit-de-linsolvabilite\\\/\",\"name\":\"Insolvenzrecht | Dr. Gantef\u00fchrer, Marquardt & Partner\",\"isPartOf\":{\"@id\":\"https:\\\/\\\/www.gamapa.de\\\/fr\\\/#website\"},\"primaryImageOfPage\":{\"@id\":\"https:\\\/\\\/www.gamapa.de\\\/fr\\\/domaines-de-services-de-conseil\\\/conseil-juridique\\\/droit-de-linsolvabilite\\\/#primaryimage\"},\"image\":{\"@id\":\"https:\\\/\\\/www.gamapa.de\\\/fr\\\/domaines-de-services-de-conseil\\\/conseil-juridique\\\/droit-de-linsolvabilite\\\/#primaryimage\"},\"thumbnailUrl\":\"https:\\\/\\\/www.gamapa.de\\\/wp-content\\\/uploads\\\/2020\\\/07\\\/U-Header-Rechtsgebiete-2-scaled.jpg\",\"datePublished\":\"2021-04-21T09:13:59+00:00\",\"dateModified\":\"2026-01-16T21:32:02+00:00\",\"description\":\"Bei allen Fragen rund um Insolvenzrecht und der Beratung von Gl\u00e4ubigern hilft Dr. Jan Huylmans Ihnen als kompetenter Ansprechpartner weiter.\",\"breadcrumb\":{\"@id\":\"https:\\\/\\\/www.gamapa.de\\\/fr\\\/domaines-de-services-de-conseil\\\/conseil-juridique\\\/droit-de-linsolvabilite\\\/#breadcrumb\"},\"inLanguage\":\"fr-FR\",\"potentialAction\":[{\"@type\":\"ReadAction\",\"target\":[\"https:\\\/\\\/www.gamapa.de\\\/fr\\\/domaines-de-services-de-conseil\\\/conseil-juridique\\\/droit-de-linsolvabilite\\\/\"]}]},{\"@type\":\"ImageObject\",\"inLanguage\":\"fr-FR\",\"@id\":\"https:\\\/\\\/www.gamapa.de\\\/fr\\\/domaines-de-services-de-conseil\\\/conseil-juridique\\\/droit-de-linsolvabilite\\\/#primaryimage\",\"url\":\"https:\\\/\\\/www.gamapa.de\\\/wp-content\\\/uploads\\\/2020\\\/07\\\/U-Header-Rechtsgebiete-2-scaled.jpg\",\"contentUrl\":\"https:\\\/\\\/www.gamapa.de\\\/wp-content\\\/uploads\\\/2020\\\/07\\\/U-Header-Rechtsgebiete-2-scaled.jpg\",\"width\":2560,\"height\":764,\"caption\":\"Allgemeines Wirtschaftsrecht, Rechtsberatung D\u00fcsseldorf \u2013multidisziplin\u00e4re Kanzleien f\u00fcr den Mittelstand in Nordrhein-Westfalen\"},{\"@type\":\"BreadcrumbList\",\"@id\":\"https:\\\/\\\/www.gamapa.de\\\/fr\\\/domaines-de-services-de-conseil\\\/conseil-juridique\\\/droit-de-linsolvabilite\\\/#breadcrumb\",\"itemListElement\":[{\"@type\":\"ListItem\",\"position\":1,\"name\":\"Startseite\",\"item\":\"https:\\\/\\\/www.gamapa.de\\\/fr\\\/\"},{\"@type\":\"ListItem\",\"position\":2,\"name\":\"Domaines de conseil\",\"item\":\"https:\\\/\\\/www.gamapa.de\\\/fr\\\/domaines-de-services-de-conseil\\\/\"},{\"@type\":\"ListItem\",\"position\":3,\"name\":\"Conseil juridique\",\"item\":\"https:\\\/\\\/www.gamapa.de\\\/fr\\\/domaines-de-services-de-conseil\\\/conseil-juridique\\\/\"},{\"@type\":\"ListItem\",\"position\":4,\"name\":\"Droit de l\u2019insolvabilit\u00e9\"}]},{\"@type\":\"WebSite\",\"@id\":\"https:\\\/\\\/www.gamapa.de\\\/fr\\\/#website\",\"url\":\"https:\\\/\\\/www.gamapa.de\\\/fr\\\/\",\"name\":\"GANTEF\u00dcHRER\",\"description\":\"Wirtschaftspr\u00fcfer, Steuerberater, Rechtsanw\u00e4lte\",\"publisher\":{\"@id\":\"https:\\\/\\\/www.gamapa.de\\\/fr\\\/#organization\"},\"potentialAction\":[{\"@type\":\"SearchAction\",\"target\":{\"@type\":\"EntryPoint\",\"urlTemplate\":\"https:\\\/\\\/www.gamapa.de\\\/fr\\\/?s={search_term_string}\"},\"query-input\":{\"@type\":\"PropertyValueSpecification\",\"valueRequired\":true,\"valueName\":\"search_term_string\"}}],\"inLanguage\":\"fr-FR\"},{\"@type\":\"Organization\",\"@id\":\"https:\\\/\\\/www.gamapa.de\\\/fr\\\/#organization\",\"name\":\"Gantef\u00fchrer Wirtschaftspr\u00fcfer, Steuerberater, Rechtsanw\u00e4lte\",\"url\":\"https:\\\/\\\/www.gamapa.de\\\/fr\\\/\",\"logo\":{\"@type\":\"ImageObject\",\"inLanguage\":\"fr-FR\",\"@id\":\"https:\\\/\\\/www.gamapa.de\\\/fr\\\/#\\\/schema\\\/logo\\\/image\\\/\",\"url\":\"https:\\\/\\\/www.gamapa.de\\\/wp-content\\\/uploads\\\/2026\\\/01\\\/Logo-Gantefuehrer.png\",\"contentUrl\":\"https:\\\/\\\/www.gamapa.de\\\/wp-content\\\/uploads\\\/2026\\\/01\\\/Logo-Gantefuehrer.png\",\"width\":767,\"height\":156,\"caption\":\"Gantef\u00fchrer Wirtschaftspr\u00fcfer, Steuerberater, Rechtsanw\u00e4lte\"},\"image\":{\"@id\":\"https:\\\/\\\/www.gamapa.de\\\/fr\\\/#\\\/schema\\\/logo\\\/image\\\/\"}}]}<\/script>\n<!-- \/ Yoast SEO plugin. -->","yoast_head_json":{"title":"Insolvenzrecht | Dr. Gantef\u00fchrer, Marquardt & Partner","description":"Bei allen Fragen rund um Insolvenzrecht und der Beratung von Gl\u00e4ubigern hilft Dr. Jan Huylmans Ihnen als kompetenter Ansprechpartner weiter.","robots":{"index":"index","follow":"follow","max-snippet":"max-snippet:-1","max-image-preview":"max-image-preview:large","max-video-preview":"max-video-preview:-1"},"canonical":"https:\/\/www.gamapa.de\/fr\/domaines-de-services-de-conseil\/conseil-juridique\/droit-de-linsolvabilite\/","og_locale":"fr_FR","og_type":"article","og_title":"Insolvenzrecht | Dr. Gantef\u00fchrer, Marquardt & Partner","og_description":"Bei allen Fragen rund um Insolvenzrecht und der Beratung von Gl\u00e4ubigern hilft Dr. Jan Huylmans Ihnen als kompetenter Ansprechpartner weiter.","og_url":"https:\/\/www.gamapa.de\/fr\/domaines-de-services-de-conseil\/conseil-juridique\/droit-de-linsolvabilite\/","og_site_name":"GANTEF\u00dcHRER","article_modified_time":"2026-01-16T21:32:02+00:00","og_image":[{"width":2560,"height":764,"url":"https:\/\/www.gamapa.de\/wp-content\/uploads\/2020\/07\/U-Header-Rechtsgebiete-2-scaled.jpg","type":"image\/jpeg"}],"twitter_card":"summary_large_image","twitter_misc":{"Dur\u00e9e de lecture estim\u00e9e":"2 minutes"},"schema":{"@context":"https:\/\/schema.org","@graph":[{"@type":"WebPage","@id":"https:\/\/www.gamapa.de\/fr\/domaines-de-services-de-conseil\/conseil-juridique\/droit-de-linsolvabilite\/","url":"https:\/\/www.gamapa.de\/fr\/domaines-de-services-de-conseil\/conseil-juridique\/droit-de-linsolvabilite\/","name":"Insolvenzrecht | Dr. Gantef\u00fchrer, Marquardt & Partner","isPartOf":{"@id":"https:\/\/www.gamapa.de\/fr\/#website"},"primaryImageOfPage":{"@id":"https:\/\/www.gamapa.de\/fr\/domaines-de-services-de-conseil\/conseil-juridique\/droit-de-linsolvabilite\/#primaryimage"},"image":{"@id":"https:\/\/www.gamapa.de\/fr\/domaines-de-services-de-conseil\/conseil-juridique\/droit-de-linsolvabilite\/#primaryimage"},"thumbnailUrl":"https:\/\/www.gamapa.de\/wp-content\/uploads\/2020\/07\/U-Header-Rechtsgebiete-2-scaled.jpg","datePublished":"2021-04-21T09:13:59+00:00","dateModified":"2026-01-16T21:32:02+00:00","description":"Bei allen Fragen rund um Insolvenzrecht und der Beratung von Gl\u00e4ubigern hilft Dr. Jan Huylmans Ihnen als kompetenter Ansprechpartner weiter.","breadcrumb":{"@id":"https:\/\/www.gamapa.de\/fr\/domaines-de-services-de-conseil\/conseil-juridique\/droit-de-linsolvabilite\/#breadcrumb"},"inLanguage":"fr-FR","potentialAction":[{"@type":"ReadAction","target":["https:\/\/www.gamapa.de\/fr\/domaines-de-services-de-conseil\/conseil-juridique\/droit-de-linsolvabilite\/"]}]},{"@type":"ImageObject","inLanguage":"fr-FR","@id":"https:\/\/www.gamapa.de\/fr\/domaines-de-services-de-conseil\/conseil-juridique\/droit-de-linsolvabilite\/#primaryimage","url":"https:\/\/www.gamapa.de\/wp-content\/uploads\/2020\/07\/U-Header-Rechtsgebiete-2-scaled.jpg","contentUrl":"https:\/\/www.gamapa.de\/wp-content\/uploads\/2020\/07\/U-Header-Rechtsgebiete-2-scaled.jpg","width":2560,"height":764,"caption":"Allgemeines Wirtschaftsrecht, Rechtsberatung D\u00fcsseldorf \u2013multidisziplin\u00e4re Kanzleien f\u00fcr den Mittelstand in Nordrhein-Westfalen"},{"@type":"BreadcrumbList","@id":"https:\/\/www.gamapa.de\/fr\/domaines-de-services-de-conseil\/conseil-juridique\/droit-de-linsolvabilite\/#breadcrumb","itemListElement":[{"@type":"ListItem","position":1,"name":"Startseite","item":"https:\/\/www.gamapa.de\/fr\/"},{"@type":"ListItem","position":2,"name":"Domaines de conseil","item":"https:\/\/www.gamapa.de\/fr\/domaines-de-services-de-conseil\/"},{"@type":"ListItem","position":3,"name":"Conseil juridique","item":"https:\/\/www.gamapa.de\/fr\/domaines-de-services-de-conseil\/conseil-juridique\/"},{"@type":"ListItem","position":4,"name":"Droit de l\u2019insolvabilit\u00e9"}]},{"@type":"WebSite","@id":"https:\/\/www.gamapa.de\/fr\/#website","url":"https:\/\/www.gamapa.de\/fr\/","name":"GANTEF\u00dcHRER","description":"Wirtschaftspr\u00fcfer, Steuerberater, Rechtsanw\u00e4lte","publisher":{"@id":"https:\/\/www.gamapa.de\/fr\/#organization"},"potentialAction":[{"@type":"SearchAction","target":{"@type":"EntryPoint","urlTemplate":"https:\/\/www.gamapa.de\/fr\/?s={search_term_string}"},"query-input":{"@type":"PropertyValueSpecification","valueRequired":true,"valueName":"search_term_string"}}],"inLanguage":"fr-FR"},{"@type":"Organization","@id":"https:\/\/www.gamapa.de\/fr\/#organization","name":"Gantef\u00fchrer Wirtschaftspr\u00fcfer, Steuerberater, Rechtsanw\u00e4lte","url":"https:\/\/www.gamapa.de\/fr\/","logo":{"@type":"ImageObject","inLanguage":"fr-FR","@id":"https:\/\/www.gamapa.de\/fr\/#\/schema\/logo\/image\/","url":"https:\/\/www.gamapa.de\/wp-content\/uploads\/2026\/01\/Logo-Gantefuehrer.png","contentUrl":"https:\/\/www.gamapa.de\/wp-content\/uploads\/2026\/01\/Logo-Gantefuehrer.png","width":767,"height":156,"caption":"Gantef\u00fchrer Wirtschaftspr\u00fcfer, Steuerberater, Rechtsanw\u00e4lte"},"image":{"@id":"https:\/\/www.gamapa.de\/fr\/#\/schema\/logo\/image\/"}}]}},"uagb_featured_image_src":{"full":["https:\/\/www.gamapa.de\/wp-content\/uploads\/2020\/07\/U-Header-Rechtsgebiete-2-scaled.jpg",2560,764,false],"thumbnail":["https:\/\/www.gamapa.de\/wp-content\/uploads\/2020\/07\/U-Header-Rechtsgebiete-2-150x150.jpg",150,150,true],"medium":["https:\/\/www.gamapa.de\/wp-content\/uploads\/2020\/07\/U-Header-Rechtsgebiete-2-600x179.jpg",600,179,true],"medium_large":["https:\/\/www.gamapa.de\/wp-content\/uploads\/2020\/07\/U-Header-Rechtsgebiete-2-768x229.jpg",580,173,true],"large":["https:\/\/www.gamapa.de\/wp-content\/uploads\/2020\/07\/U-Header-Rechtsgebiete-2-scaled.jpg",580,173,false],"gs-tiny":["https:\/\/www.gamapa.de\/wp-content\/uploads\/2020\/07\/U-Header-Rechtsgebiete-2-scaled.jpg",50,15,false],"xl":["https:\/\/www.gamapa.de\/wp-content\/uploads\/2020\/07\/U-Header-Rechtsgebiete-2-scaled.jpg",1600,478,false],"xxl":["https:\/\/www.gamapa.de\/wp-content\/uploads\/2020\/07\/U-Header-Rechtsgebiete-2-scaled.jpg",2200,657,false],"xxxl":["https:\/\/www.gamapa.de\/wp-content\/uploads\/2020\/07\/U-Header-Rechtsgebiete-2-scaled.jpg",2560,764,false],"xxxxl":["https:\/\/www.gamapa.de\/wp-content\/uploads\/2020\/07\/U-Header-Rechtsgebiete-2-scaled.jpg",2560,764,false],"xxxxxl":["https:\/\/www.gamapa.de\/wp-content\/uploads\/2020\/07\/U-Header-Rechtsgebiete-2-scaled.jpg",2560,764,false],"1536x1536":["https:\/\/www.gamapa.de\/wp-content\/uploads\/2020\/07\/U-Header-Rechtsgebiete-2-1536x458.jpg",1536,458,true],"2048x2048":["https:\/\/www.gamapa.de\/wp-content\/uploads\/2020\/07\/U-Header-Rechtsgebiete-2-2048x611.jpg",2048,611,true],"post-thumbnail":["https:\/\/www.gamapa.de\/wp-content\/uploads\/2020\/07\/U-Header-Rechtsgebiete-2-scaled.jpg",2560,764,false],"twentytwenty-fullscreen":["https:\/\/www.gamapa.de\/wp-content\/uploads\/2020\/07\/U-Header-Rechtsgebiete-2-scaled.jpg",2560,764,false],"theme-slug-single-post":["https:\/\/www.gamapa.de\/wp-content\/uploads\/2020\/07\/U-Header-Rechtsgebiete-2-1600x400.jpg",1600,400,true]},"uagb_author_info":{"display_name":"linda","author_link":"https:\/\/www.gamapa.de\/fr\/author\/linda\/"},"uagb_comment_info":0,"uagb_excerpt":"Wir unterst\u00fctzen Gl\u00e4ubiger und Kreditinstitute bei Fragen der Insolvenzvermeidung ihrer Kunden sowie bei der Pr\u00fcfung, ob die zu ihren Gunsten bestehenden Sicherheiten insolvenzfest sind. Bereits bei ersten Krisenanzeichen Ihrer Vertragspartner ergreifen wir vorbeugende Ma\u00dfnahmen, um Sie vor finanziellen und juristischen Nachteilen, insbesondere aus Insolvenzanfechtung, zu sch\u00fctzen. Wir begleiten Sie bei allen Fragen zum Umgang mit\u2026","_links":{"self":[{"href":"https:\/\/www.gamapa.de\/fr\/wp-json\/wp\/v2\/pages\/23543","targetHints":{"allow":["GET"]}}],"collection":[{"href":"https:\/\/www.gamapa.de\/fr\/wp-json\/wp\/v2\/pages"}],"about":[{"href":"https:\/\/www.gamapa.de\/fr\/wp-json\/wp\/v2\/types\/page"}],"author":[{"embeddable":true,"href":"https:\/\/www.gamapa.de\/fr\/wp-json\/wp\/v2\/users\/1"}],"replies":[{"embeddable":true,"href":"https:\/\/www.gamapa.de\/fr\/wp-json\/wp\/v2\/comments?post=23543"}],"version-history":[{"count":1,"href":"https:\/\/www.gamapa.de\/fr\/wp-json\/wp\/v2\/pages\/23543\/revisions"}],"predecessor-version":[{"id":23545,"href":"https:\/\/www.gamapa.de\/fr\/wp-json\/wp\/v2\/pages\/23543\/revisions\/23545"}],"up":[{"embeddable":true,"href":"https:\/\/www.gamapa.de\/fr\/wp-json\/wp\/v2\/pages\/4489"}],"wp:featuredmedia":[{"embeddable":true,"href":"https:\/\/www.gamapa.de\/fr\/wp-json\/wp\/v2\/media\/3877"}],"wp:attachment":[{"href":"https:\/\/www.gamapa.de\/fr\/wp-json\/wp\/v2\/media?parent=23543"}],"curies":[{"name":"wp","href":"https:\/\/api.w.org\/{rel}","templated":true}]}}