

{"id":23549,"date":"2026-01-06T11:49:15","date_gmt":"2026-01-06T10:49:15","guid":{"rendered":"https:\/\/www.gamapa.de\/domaines-de-services-de-conseil\/droit-des-faillites-et-des-redressements-judiciaires\/krisenfrueherkennung\/"},"modified":"2026-01-16T22:48:37","modified_gmt":"2026-01-16T21:48:37","slug":"detection-precoce-des-crises","status":"publish","type":"page","link":"https:\/\/www.gamapa.de\/fr\/domaines-de-services-de-conseil\/droit-des-faillites-et-des-redressements-judiciaires\/detection-precoce-des-crises\/","title":{"rendered":"D\u00e9tection pr\u00e9coce des crises"},"content":{"rendered":"\n<p>In unsicheren Zeiten, die durch wirtschaftliche Ver\u00e4nderungen und volatile M\u00e4rkte gepr\u00e4gt sind, steigt das Risiko f\u00fcr mittelst\u00e4ndische Unternehmen, in eine Krise zu geraten. Um sich fr\u00fchzeitig vor m\u00f6glichen Gefahren zu sch\u00fctzen, sind Gesch\u00e4ftsf\u00fchrende nach \u00a71 StaRUG gesetzlich verpflichtet, ein Krisenfr\u00fcherkennungssystem zu implementieren. Wir helfen Ihnen dabei, diese Pflicht einfach und sicher umzusetzen.<\/p>\n\n\n\n<h2 class=\"wp-block-heading\">Fr\u00fchwarnsysteme als erster Schritt<\/h2>\n\n\n\n<p>Ein funktionierendes Fr\u00fchwarnsystem hilft Ihnen, Krisen rechtzeitig zu erkennen und rechtzeitig zu handeln. So k\u00f6nnen Sie Risiken wie Liquidit\u00e4tsprobleme oder Ertragsverlust fr\u00fchzeitig angehen und sich vor Haftungsrisiken sch\u00fctzen. Unsere Experten unterst\u00fctzen Sie dabei, ein passendes und leicht verst\u00e4ndliches System f\u00fcr Ihr Unternehmen zu entwickeln.<\/p>\n\n\n\n<h2 class=\"wp-block-heading\">Warum ist Krisenfr\u00fcherkennung wichtig?<\/h2>\n\n\n\n<p>Die Krisenfr\u00fcherkennung ist gesetzlich vorgeschrieben: Gesch\u00e4ftsf\u00fchrende m\u00fcssen gem\u00e4\u00df \u00a7 1 StaRUG ein Krisenfr\u00fcherkennungssystem einrichten, um rechtzeitig auf Gef\u00e4hrdungen reagieren zu k\u00f6nnen. Zudem verlangen Kreditgeber und andere Stakeholder immer \u00f6fter verl\u00e4ssliche Planungen und transparente Kennzahlen. Ein gutes Fr\u00fchwarnsystem schafft somit Vertrauen und sorgt daf\u00fcr, dass Ihr Unternehmen bei externen Partnern positiv wahrgenommen wird. Dar\u00fcber hinaus sch\u00fctzt ein dokumentiertes Fr\u00fchwarnsystem die Gesch\u00e4ftsf\u00fchrung vor Haftungsrisiken, indem es eine fr\u00fchzeitige und nachvollziehbare Reaktion auf Krisen erm\u00f6glicht.<\/p>\n\n\n\n<h2 class=\"wp-block-heading\">Krisenfr\u00fcherkennung und Sanierungsberatung aus einer Hand<\/h2>\n\n\n\n<p>Mit unserer Krisenfr\u00fcherkennungsl\u00f6sung bieten wir Ihnen eine schnelle, sichere und rechtskonforme Unterst\u00fctzung \u2013 und das alles aus einer Hand. Als <strong>interdisziplin\u00e4re Kanzlei<\/strong> vereinen wir <strong>Wirtschaftspr\u00fcfung, Steuerberatung <\/strong>und<strong> Rechtsberatung<\/strong>, um Ihnen in jeder Phase der Krisenbew\u00e4ltigung umfassend zur Seite zu stehen.<\/p>\n\n\n\n<p>Unsere Experten helfen Ihnen, Risiken fr\u00fchzeitig zu identifizieren und entwickeln gemeinsam mit Ihnen ma\u00dfgeschneiderte Handlungsoptionen i.V.m. den Anforderungen nach IDW S16: Durch rechtzeitig ergriffene Ma\u00dfnahmen minimieren Sie Haftungsrisiken und stabilisieren gleichzeitig Ihre Liquidit\u00e4t und Ertragskraft. So bieten wir Ihnen die notwendige Sicherheit und Expertise, damit Sie Ihre unternehmerische Handlungsf\u00e4higkeit bewahren und gleichzeitig gesetzliche Vorgaben korrekt umsetzen k\u00f6nnen.<\/p>\n\n\n\n<h2 class=\"wp-block-heading\">Krisenfr\u00fcherkennung sch\u00fctzt Ihr Unternehmen<\/h2>\n\n\n\n<p>Die Krisenfr\u00fcherkennung nach \u00a7 1 StaRUG ist nicht nur eine gesetzliche Verpflichtung, sondern auch ein wichtiger Schutzmechanismus f\u00fcr Ihr Unternehmen. Mit unserer Unterst\u00fctzung k\u00f6nnen Sie Risiken fr\u00fchzeitig erkennen und gezielt handeln, bevor es zu sp\u00e4t ist. Lassen Sie uns gemeinsam daf\u00fcr sorgen, dass Sie Ihr Unternehmen sicher durch unsichere Zeiten navigieren. <\/p>\n\n\n\n<p>Kontaktieren Sie uns noch heute und erhalten Sie ma\u00dfgeschneiderte Beratung, um Ihr Unternehmen f\u00fcr die Zukunft zu st\u00e4rken und rechtzeitig auf Krisen zu reagieren.<\/p>\n","protected":false},"excerpt":{"rendered":"<p>In unsicheren Zeiten, die durch wirtschaftliche Ver\u00e4nderungen und volatile M\u00e4rkte gepr\u00e4gt sind, steigt das Risiko f\u00fcr mittelst\u00e4ndische Unternehmen, in eine Krise zu geraten. Um sich fr\u00fchzeitig vor m\u00f6glichen Gefahren zu sch\u00fctzen, sind Gesch\u00e4ftsf\u00fchrende nach \u00a71 StaRUG gesetzlich verpflichtet, ein Krisenfr\u00fcherkennungssystem zu implementieren. Wir helfen Ihnen dabei, diese Pflicht einfach und sicher umzusetzen. Fr\u00fchwarnsysteme als erster <a href=\"https:\/\/www.gamapa.de\/fr\/domaines-de-services-de-conseil\/droit-des-faillites-et-des-redressements-judiciaires\/detection-precoce-des-crises\/\">[\u2026]<\/a><\/p>\n","protected":false},"author":11,"featured_media":3871,"parent":4544,"menu_order":1,"comment_status":"closed","ping_status":"closed","template":"templates\/template-simple-site.php","meta":{"_acf_changed":false,"_uag_custom_page_level_css":"","footnotes":""},"class_list":["post-23549","page","type-page","status-publish","has-post-thumbnail","hentry"],"acf":[],"yoast_head":"<!-- This site is optimized with the Yoast SEO plugin v27.3 - https:\/\/yoast.com\/product\/yoast-seo-wordpress\/ -->\n<title>Sanierungsberatung | Dr. Gantef\u00fchrer, Marquardt und Partner mbB<\/title>\n<meta name=\"description\" content=\"Krise und Insolvenz verstehen wir als Chance f\u00fcr die erfolgreiche Sanierungsberatung von Unternehmen und den unternehmerischen Neubeginn.\" \/>\n<meta name=\"robots\" content=\"index, follow, max-snippet:-1, max-image-preview:large, max-video-preview:-1\" \/>\n<link rel=\"canonical\" href=\"https:\/\/www.gamapa.de\/fr\/domaines-de-services-de-conseil\/droit-des-faillites-et-des-redressements-judiciaires\/detection-precoce-des-crises\/\" \/>\n<meta property=\"og:locale\" content=\"fr_FR\" \/>\n<meta property=\"og:type\" content=\"article\" \/>\n<meta property=\"og:title\" content=\"Sanierungsberatung | Dr. Gantef\u00fchrer, Marquardt und Partner mbB\" \/>\n<meta property=\"og:description\" content=\"Krise und Insolvenz verstehen wir als Chance f\u00fcr die erfolgreiche Sanierungsberatung von Unternehmen und den unternehmerischen Neubeginn.\" \/>\n<meta property=\"og:url\" content=\"https:\/\/www.gamapa.de\/fr\/domaines-de-services-de-conseil\/droit-des-faillites-et-des-redressements-judiciaires\/detection-precoce-des-crises\/\" \/>\n<meta property=\"og:site_name\" content=\"GANTEF\u00dcHRER\" \/>\n<meta property=\"article:modified_time\" content=\"2026-01-16T21:48:37+00:00\" \/>\n<meta property=\"og:image\" content=\"https:\/\/www.gamapa.de\/wp-content\/uploads\/2020\/07\/Header-var71-scaled.jpg\" \/>\n\t<meta property=\"og:image:width\" content=\"2560\" \/>\n\t<meta property=\"og:image:height\" content=\"764\" \/>\n\t<meta property=\"og:image:type\" content=\"image\/jpeg\" \/>\n<meta name=\"twitter:card\" content=\"summary_large_image\" \/>\n<meta name=\"twitter:label1\" content=\"Dur\u00e9e de lecture estim\u00e9e\" \/>\n\t<meta name=\"twitter:data1\" content=\"3 minutes\" \/>\n<script type=\"application\/ld+json\" class=\"yoast-schema-graph\">{\"@context\":\"https:\\\/\\\/schema.org\",\"@graph\":[{\"@type\":\"WebPage\",\"@id\":\"https:\\\/\\\/www.gamapa.de\\\/fr\\\/domaines-de-services-de-conseil\\\/droit-des-faillites-et-des-redressements-judiciaires\\\/detection-precoce-des-crises\\\/\",\"url\":\"https:\\\/\\\/www.gamapa.de\\\/fr\\\/domaines-de-services-de-conseil\\\/droit-des-faillites-et-des-redressements-judiciaires\\\/detection-precoce-des-crises\\\/\",\"name\":\"Sanierungsberatung | Dr. Gantef\u00fchrer, Marquardt und Partner mbB\",\"isPartOf\":{\"@id\":\"https:\\\/\\\/www.gamapa.de\\\/fr\\\/#website\"},\"primaryImageOfPage\":{\"@id\":\"https:\\\/\\\/www.gamapa.de\\\/fr\\\/domaines-de-services-de-conseil\\\/droit-des-faillites-et-des-redressements-judiciaires\\\/detection-precoce-des-crises\\\/#primaryimage\"},\"image\":{\"@id\":\"https:\\\/\\\/www.gamapa.de\\\/fr\\\/domaines-de-services-de-conseil\\\/droit-des-faillites-et-des-redressements-judiciaires\\\/detection-precoce-des-crises\\\/#primaryimage\"},\"thumbnailUrl\":\"https:\\\/\\\/www.gamapa.de\\\/wp-content\\\/uploads\\\/2020\\\/07\\\/Header-var71-scaled.jpg\",\"datePublished\":\"2026-01-06T10:49:15+00:00\",\"dateModified\":\"2026-01-16T21:48:37+00:00\",\"description\":\"Krise und Insolvenz verstehen wir als Chance f\u00fcr die erfolgreiche Sanierungsberatung von Unternehmen und den unternehmerischen Neubeginn.\",\"breadcrumb\":{\"@id\":\"https:\\\/\\\/www.gamapa.de\\\/fr\\\/domaines-de-services-de-conseil\\\/droit-des-faillites-et-des-redressements-judiciaires\\\/detection-precoce-des-crises\\\/#breadcrumb\"},\"inLanguage\":\"fr-FR\",\"potentialAction\":[{\"@type\":\"ReadAction\",\"target\":[\"https:\\\/\\\/www.gamapa.de\\\/fr\\\/domaines-de-services-de-conseil\\\/droit-des-faillites-et-des-redressements-judiciaires\\\/detection-precoce-des-crises\\\/\"]}]},{\"@type\":\"ImageObject\",\"inLanguage\":\"fr-FR\",\"@id\":\"https:\\\/\\\/www.gamapa.de\\\/fr\\\/domaines-de-services-de-conseil\\\/droit-des-faillites-et-des-redressements-judiciaires\\\/detection-precoce-des-crises\\\/#primaryimage\",\"url\":\"https:\\\/\\\/www.gamapa.de\\\/wp-content\\\/uploads\\\/2020\\\/07\\\/Header-var71-scaled.jpg\",\"contentUrl\":\"https:\\\/\\\/www.gamapa.de\\\/wp-content\\\/uploads\\\/2020\\\/07\\\/Header-var71-scaled.jpg\",\"width\":2560,\"height\":764},{\"@type\":\"BreadcrumbList\",\"@id\":\"https:\\\/\\\/www.gamapa.de\\\/fr\\\/domaines-de-services-de-conseil\\\/droit-des-faillites-et-des-redressements-judiciaires\\\/detection-precoce-des-crises\\\/#breadcrumb\",\"itemListElement\":[{\"@type\":\"ListItem\",\"position\":1,\"name\":\"Startseite\",\"item\":\"https:\\\/\\\/www.gamapa.de\\\/fr\\\/\"},{\"@type\":\"ListItem\",\"position\":2,\"name\":\"Domaines de conseil\",\"item\":\"https:\\\/\\\/www.gamapa.de\\\/fr\\\/domaines-de-services-de-conseil\\\/\"},{\"@type\":\"ListItem\",\"position\":3,\"name\":\"Droit des faillites et des redressements judiciaires\",\"item\":\"https:\\\/\\\/www.gamapa.de\\\/fr\\\/droit-des-faillites-et-des-redressements-judiciaires\\\/\"},{\"@type\":\"ListItem\",\"position\":4,\"name\":\"D\u00e9tection pr\u00e9coce des crises\"}]},{\"@type\":\"WebSite\",\"@id\":\"https:\\\/\\\/www.gamapa.de\\\/fr\\\/#website\",\"url\":\"https:\\\/\\\/www.gamapa.de\\\/fr\\\/\",\"name\":\"GANTEF\u00dcHRER\",\"description\":\"Wirtschaftspr\u00fcfer, Steuerberater, Rechtsanw\u00e4lte\",\"publisher\":{\"@id\":\"https:\\\/\\\/www.gamapa.de\\\/fr\\\/#organization\"},\"potentialAction\":[{\"@type\":\"SearchAction\",\"target\":{\"@type\":\"EntryPoint\",\"urlTemplate\":\"https:\\\/\\\/www.gamapa.de\\\/fr\\\/?s={search_term_string}\"},\"query-input\":{\"@type\":\"PropertyValueSpecification\",\"valueRequired\":true,\"valueName\":\"search_term_string\"}}],\"inLanguage\":\"fr-FR\"},{\"@type\":\"Organization\",\"@id\":\"https:\\\/\\\/www.gamapa.de\\\/fr\\\/#organization\",\"name\":\"Gantef\u00fchrer Wirtschaftspr\u00fcfer, Steuerberater, Rechtsanw\u00e4lte\",\"url\":\"https:\\\/\\\/www.gamapa.de\\\/fr\\\/\",\"logo\":{\"@type\":\"ImageObject\",\"inLanguage\":\"fr-FR\",\"@id\":\"https:\\\/\\\/www.gamapa.de\\\/fr\\\/#\\\/schema\\\/logo\\\/image\\\/\",\"url\":\"https:\\\/\\\/www.gamapa.de\\\/wp-content\\\/uploads\\\/2026\\\/01\\\/Logo-Gantefuehrer.png\",\"contentUrl\":\"https:\\\/\\\/www.gamapa.de\\\/wp-content\\\/uploads\\\/2026\\\/01\\\/Logo-Gantefuehrer.png\",\"width\":767,\"height\":156,\"caption\":\"Gantef\u00fchrer Wirtschaftspr\u00fcfer, Steuerberater, Rechtsanw\u00e4lte\"},\"image\":{\"@id\":\"https:\\\/\\\/www.gamapa.de\\\/fr\\\/#\\\/schema\\\/logo\\\/image\\\/\"}}]}<\/script>\n<!-- \/ Yoast SEO plugin. -->","yoast_head_json":{"title":"Sanierungsberatung | Dr. Gantef\u00fchrer, Marquardt und Partner mbB","description":"Krise und Insolvenz verstehen wir als Chance f\u00fcr die erfolgreiche Sanierungsberatung von Unternehmen und den unternehmerischen Neubeginn.","robots":{"index":"index","follow":"follow","max-snippet":"max-snippet:-1","max-image-preview":"max-image-preview:large","max-video-preview":"max-video-preview:-1"},"canonical":"https:\/\/www.gamapa.de\/fr\/domaines-de-services-de-conseil\/droit-des-faillites-et-des-redressements-judiciaires\/detection-precoce-des-crises\/","og_locale":"fr_FR","og_type":"article","og_title":"Sanierungsberatung | Dr. Gantef\u00fchrer, Marquardt und Partner mbB","og_description":"Krise und Insolvenz verstehen wir als Chance f\u00fcr die erfolgreiche Sanierungsberatung von Unternehmen und den unternehmerischen Neubeginn.","og_url":"https:\/\/www.gamapa.de\/fr\/domaines-de-services-de-conseil\/droit-des-faillites-et-des-redressements-judiciaires\/detection-precoce-des-crises\/","og_site_name":"GANTEF\u00dcHRER","article_modified_time":"2026-01-16T21:48:37+00:00","og_image":[{"width":2560,"height":764,"url":"https:\/\/www.gamapa.de\/wp-content\/uploads\/2020\/07\/Header-var71-scaled.jpg","type":"image\/jpeg"}],"twitter_card":"summary_large_image","twitter_misc":{"Dur\u00e9e de lecture estim\u00e9e":"3 minutes"},"schema":{"@context":"https:\/\/schema.org","@graph":[{"@type":"WebPage","@id":"https:\/\/www.gamapa.de\/fr\/domaines-de-services-de-conseil\/droit-des-faillites-et-des-redressements-judiciaires\/detection-precoce-des-crises\/","url":"https:\/\/www.gamapa.de\/fr\/domaines-de-services-de-conseil\/droit-des-faillites-et-des-redressements-judiciaires\/detection-precoce-des-crises\/","name":"Sanierungsberatung | Dr. Gantef\u00fchrer, Marquardt und Partner mbB","isPartOf":{"@id":"https:\/\/www.gamapa.de\/fr\/#website"},"primaryImageOfPage":{"@id":"https:\/\/www.gamapa.de\/fr\/domaines-de-services-de-conseil\/droit-des-faillites-et-des-redressements-judiciaires\/detection-precoce-des-crises\/#primaryimage"},"image":{"@id":"https:\/\/www.gamapa.de\/fr\/domaines-de-services-de-conseil\/droit-des-faillites-et-des-redressements-judiciaires\/detection-precoce-des-crises\/#primaryimage"},"thumbnailUrl":"https:\/\/www.gamapa.de\/wp-content\/uploads\/2020\/07\/Header-var71-scaled.jpg","datePublished":"2026-01-06T10:49:15+00:00","dateModified":"2026-01-16T21:48:37+00:00","description":"Krise und Insolvenz verstehen wir als Chance f\u00fcr die erfolgreiche Sanierungsberatung von Unternehmen und den unternehmerischen Neubeginn.","breadcrumb":{"@id":"https:\/\/www.gamapa.de\/fr\/domaines-de-services-de-conseil\/droit-des-faillites-et-des-redressements-judiciaires\/detection-precoce-des-crises\/#breadcrumb"},"inLanguage":"fr-FR","potentialAction":[{"@type":"ReadAction","target":["https:\/\/www.gamapa.de\/fr\/domaines-de-services-de-conseil\/droit-des-faillites-et-des-redressements-judiciaires\/detection-precoce-des-crises\/"]}]},{"@type":"ImageObject","inLanguage":"fr-FR","@id":"https:\/\/www.gamapa.de\/fr\/domaines-de-services-de-conseil\/droit-des-faillites-et-des-redressements-judiciaires\/detection-precoce-des-crises\/#primaryimage","url":"https:\/\/www.gamapa.de\/wp-content\/uploads\/2020\/07\/Header-var71-scaled.jpg","contentUrl":"https:\/\/www.gamapa.de\/wp-content\/uploads\/2020\/07\/Header-var71-scaled.jpg","width":2560,"height":764},{"@type":"BreadcrumbList","@id":"https:\/\/www.gamapa.de\/fr\/domaines-de-services-de-conseil\/droit-des-faillites-et-des-redressements-judiciaires\/detection-precoce-des-crises\/#breadcrumb","itemListElement":[{"@type":"ListItem","position":1,"name":"Startseite","item":"https:\/\/www.gamapa.de\/fr\/"},{"@type":"ListItem","position":2,"name":"Domaines de conseil","item":"https:\/\/www.gamapa.de\/fr\/domaines-de-services-de-conseil\/"},{"@type":"ListItem","position":3,"name":"Droit des faillites et des redressements judiciaires","item":"https:\/\/www.gamapa.de\/fr\/droit-des-faillites-et-des-redressements-judiciaires\/"},{"@type":"ListItem","position":4,"name":"D\u00e9tection pr\u00e9coce des crises"}]},{"@type":"WebSite","@id":"https:\/\/www.gamapa.de\/fr\/#website","url":"https:\/\/www.gamapa.de\/fr\/","name":"GANTEF\u00dcHRER","description":"Wirtschaftspr\u00fcfer, Steuerberater, Rechtsanw\u00e4lte","publisher":{"@id":"https:\/\/www.gamapa.de\/fr\/#organization"},"potentialAction":[{"@type":"SearchAction","target":{"@type":"EntryPoint","urlTemplate":"https:\/\/www.gamapa.de\/fr\/?s={search_term_string}"},"query-input":{"@type":"PropertyValueSpecification","valueRequired":true,"valueName":"search_term_string"}}],"inLanguage":"fr-FR"},{"@type":"Organization","@id":"https:\/\/www.gamapa.de\/fr\/#organization","name":"Gantef\u00fchrer Wirtschaftspr\u00fcfer, Steuerberater, Rechtsanw\u00e4lte","url":"https:\/\/www.gamapa.de\/fr\/","logo":{"@type":"ImageObject","inLanguage":"fr-FR","@id":"https:\/\/www.gamapa.de\/fr\/#\/schema\/logo\/image\/","url":"https:\/\/www.gamapa.de\/wp-content\/uploads\/2026\/01\/Logo-Gantefuehrer.png","contentUrl":"https:\/\/www.gamapa.de\/wp-content\/uploads\/2026\/01\/Logo-Gantefuehrer.png","width":767,"height":156,"caption":"Gantef\u00fchrer Wirtschaftspr\u00fcfer, Steuerberater, Rechtsanw\u00e4lte"},"image":{"@id":"https:\/\/www.gamapa.de\/fr\/#\/schema\/logo\/image\/"}}]}},"uagb_featured_image_src":{"full":["https:\/\/www.gamapa.de\/wp-content\/uploads\/2020\/07\/Header-var71-scaled.jpg",2560,764,false],"thumbnail":["https:\/\/www.gamapa.de\/wp-content\/uploads\/2020\/07\/Header-var71-150x150.jpg",150,150,true],"medium":["https:\/\/www.gamapa.de\/wp-content\/uploads\/2020\/07\/Header-var71-600x179.jpg",600,179,true],"medium_large":["https:\/\/www.gamapa.de\/wp-content\/uploads\/2020\/07\/Header-var71-768x229.jpg",580,173,true],"large":["https:\/\/www.gamapa.de\/wp-content\/uploads\/2020\/07\/Header-var71-scaled.jpg",580,173,false],"gs-tiny":["https:\/\/www.gamapa.de\/wp-content\/uploads\/2020\/07\/Header-var71-scaled.jpg",50,15,false],"xl":["https:\/\/www.gamapa.de\/wp-content\/uploads\/2020\/07\/Header-var71-scaled.jpg",1600,478,false],"xxl":["https:\/\/www.gamapa.de\/wp-content\/uploads\/2020\/07\/Header-var71-scaled.jpg",2200,657,false],"xxxl":["https:\/\/www.gamapa.de\/wp-content\/uploads\/2020\/07\/Header-var71-scaled.jpg",2560,764,false],"xxxxl":["https:\/\/www.gamapa.de\/wp-content\/uploads\/2020\/07\/Header-var71-scaled.jpg",2560,764,false],"xxxxxl":["https:\/\/www.gamapa.de\/wp-content\/uploads\/2020\/07\/Header-var71-scaled.jpg",2560,764,false],"1536x1536":["https:\/\/www.gamapa.de\/wp-content\/uploads\/2020\/07\/Header-var71-1536x458.jpg",1536,458,true],"2048x2048":["https:\/\/www.gamapa.de\/wp-content\/uploads\/2020\/07\/Header-var71-2048x611.jpg",2048,611,true],"post-thumbnail":["https:\/\/www.gamapa.de\/wp-content\/uploads\/2020\/07\/Header-var71-scaled.jpg",2560,764,false],"twentytwenty-fullscreen":["https:\/\/www.gamapa.de\/wp-content\/uploads\/2020\/07\/Header-var71-scaled.jpg",2560,764,false],"theme-slug-single-post":["https:\/\/www.gamapa.de\/wp-content\/uploads\/2020\/07\/Header-var71-1600x400.jpg",1600,400,true]},"uagb_author_info":{"display_name":"ninasenft","author_link":"https:\/\/www.gamapa.de\/fr\/author\/ninasenft\/"},"uagb_comment_info":0,"uagb_excerpt":"In unsicheren Zeiten, die durch wirtschaftliche Ver\u00e4nderungen und volatile M\u00e4rkte gepr\u00e4gt sind, steigt das Risiko f\u00fcr mittelst\u00e4ndische Unternehmen, in eine Krise zu geraten. Um sich fr\u00fchzeitig vor m\u00f6glichen Gefahren zu sch\u00fctzen, sind Gesch\u00e4ftsf\u00fchrende nach \u00a71 StaRUG gesetzlich verpflichtet, ein Krisenfr\u00fcherkennungssystem zu implementieren. Wir helfen Ihnen dabei, diese Pflicht einfach und sicher umzusetzen. Fr\u00fchwarnsysteme als erster\u2026","_links":{"self":[{"href":"https:\/\/www.gamapa.de\/fr\/wp-json\/wp\/v2\/pages\/23549","targetHints":{"allow":["GET"]}}],"collection":[{"href":"https:\/\/www.gamapa.de\/fr\/wp-json\/wp\/v2\/pages"}],"about":[{"href":"https:\/\/www.gamapa.de\/fr\/wp-json\/wp\/v2\/types\/page"}],"author":[{"embeddable":true,"href":"https:\/\/www.gamapa.de\/fr\/wp-json\/wp\/v2\/users\/11"}],"replies":[{"embeddable":true,"href":"https:\/\/www.gamapa.de\/fr\/wp-json\/wp\/v2\/comments?post=23549"}],"version-history":[{"count":1,"href":"https:\/\/www.gamapa.de\/fr\/wp-json\/wp\/v2\/pages\/23549\/revisions"}],"predecessor-version":[{"id":23552,"href":"https:\/\/www.gamapa.de\/fr\/wp-json\/wp\/v2\/pages\/23549\/revisions\/23552"}],"up":[{"embeddable":true,"href":"https:\/\/www.gamapa.de\/fr\/wp-json\/wp\/v2\/pages\/4544"}],"wp:featuredmedia":[{"embeddable":true,"href":"https:\/\/www.gamapa.de\/fr\/wp-json\/wp\/v2\/media\/3871"}],"wp:attachment":[{"href":"https:\/\/www.gamapa.de\/fr\/wp-json\/wp\/v2\/media?parent=23549"}],"curies":[{"name":"wp","href":"https:\/\/api.w.org\/{rel}","templated":true}]}}