

{"id":23595,"date":"2024-12-12T14:12:23","date_gmt":"2024-12-12T13:12:23","guid":{"rendered":"https:\/\/www.gamapa.de\/gesellschaftliches-engagement\/"},"modified":"2026-01-21T12:27:40","modified_gmt":"2026-01-21T11:27:40","slug":"engagement-social","status":"publish","type":"page","link":"https:\/\/www.gamapa.de\/fr\/engagement-social\/","title":{"rendered":"Engagement social"},"content":{"rendered":"\n<h3 class=\"wp-block-heading\">Responsabilit\u00e9 en mati\u00e8re de gestion durable<\/h3>\n\n\n\n<p>Nous orientons notre activit\u00e9 entrepreneuriale selon les principes fondamentaux d&rsquo;une gestion durable, c&rsquo;est-\u00e0-dire compatible sur les plans \u00e9conomique, \u00e9cologique et social. Les entreprises font partie int\u00e9grante d&rsquo;un syst\u00e8me mondial, social et \u00e9cologique. \u00c0 ce titre, nous sommes responsables de l&rsquo;avenir de notre plan\u00e8te, de ses soci\u00e9t\u00e9s et de la nature. La durabilit\u00e9 fait donc partie int\u00e9grante de nos lignes directrices et de nos objectifs d&rsquo;entreprise. La mise en \u0153uvre d&rsquo;une gestion durable est un processus continu dont la r\u00e9alisation est une priorit\u00e9 absolue \u00e0 tous les niveaux et dans tous les domaines de notre entreprise, au-del\u00e0 des exigences l\u00e9gales minimales.<\/p>\n\n\n\n<p>Traduit avec DeepL.com (version gratuite)<\/p>\n\n\n\n<h3 class=\"wp-block-heading\">Responsabilit\u00e9 envers la soci\u00e9t\u00e9<\/h3>\n\n\n\n<p>Nous prenons tr\u00e8s au s\u00e9rieux notre responsabilit\u00e9 envers nos employ\u00e9s et la coh\u00e9sion culturelle et sociale. Pour nous, le respect des droits de l&rsquo;homme va de soi, tout comme des conditions de travail \u00e9quitables et justes, non seulement chez nous, mais aussi chez nos fournisseurs. Nous rejetons cat\u00e9goriquement le travail des enfants, l&rsquo;exploitation et la corruption. Nous encourageons activement la diversit\u00e9 et nous engageons en faveur d&rsquo;une coexistence respectueuse dans tous les domaines de la soci\u00e9t\u00e9.<\/p>\n\n\n\n<h3 class=\"wp-block-heading\">Responsabilit\u00e9 pour l&rsquo;avenir<\/h3>\n\n\n\n<p>Notre action \u00e9conomique suit le principe consistant \u00e0 \u00e9viter les risques actuels, pr\u00e9visibles et susceptibles de se pr\u00e9senter \u00e0 l&rsquo;avenir pour l&rsquo;environnement et la soci\u00e9t\u00e9, voire \u00e0 les emp\u00eacher autant que possible. Nous voulons participer activement \u00e0 la construction de l&rsquo;avenir et tirer parti des multiples opportunit\u00e9s offertes par une \u00e9conomie durable.<\/p>\n\n\n\n<h3 class=\"wp-block-heading\">Responsabilit\u00e9 en mati\u00e8re de transparence<\/h3>\n\n\n\n<p>Nous rendons compte r\u00e9guli\u00e8rement, en interne et en externe, de mani\u00e8re exhaustive et transparente, de l&rsquo;\u00e9tat d&rsquo;avancement de la durabilit\u00e9 dans l&rsquo;entreprise. Cela concerne les progr\u00e8s r\u00e9alis\u00e9s, mais aussi les d\u00e9fis et les objectifs restants, ainsi que les mesures n\u00e9cessaires \u00e0 cet effet. Nous sommes pr\u00eats \u00e0 dialoguer ouvertement avec tous les groupes sociaux, nous mettons \u00e0 la disposition des m\u00e9dias des informations pertinentes en mati\u00e8re de durabilit\u00e9 et nous collaborons avec les autorit\u00e9s, les associations et d&rsquo;autres institutions.<\/p>\n\n\n\n<div class=\"wp-block-columns is-layout-flex wp-container-core-columns-is-layout-9d6595d7 wp-block-columns-is-layout-flex\"><\/div>\n\n\n\n<h2 class=\"wp-block-heading\">Nous soutenons de mani\u00e8re cibl\u00e9e les domaines suivants:<\/h2>\n\n\n\n<div class=\"wp-block-columns is-layout-flex wp-container-core-columns-is-layout-9d6595d7 wp-block-columns-is-layout-flex\">\n<div class=\"wp-block-column is-layout-flow wp-block-column-is-layout-flow\">\n<div class=\"wp-block-button\"><a class=\"wp-block-button__link has-background wp-element-button\" href=\"https:\/\/www.gamapa.de\/fr\/engagement-social\/engagement-sportif\/\" style=\"background-color:#003565\">Sport<\/a><\/div>\n<\/div>\n\n\n\n<div class=\"wp-block-column is-layout-flow wp-block-column-is-layout-flow\">\n<div class=\"wp-block-button zweizeilig\"><a class=\"wp-block-button__link has-background wp-element-button\" href=\"https:\/\/www.gamapa.de\/fr\/engagement-social\/art-et-culture\/\" style=\"background-color:#003565\">Art &amp; Culture<\/a><\/div>\n<\/div>\n<\/div>\n\n\n\n<div class=\"wp-block-columns is-layout-flex wp-container-core-columns-is-layout-9d6595d7 wp-block-columns-is-layout-flex\">\n<div class=\"wp-block-column is-layout-flow wp-block-column-is-layout-flow\">\n<div class=\"wp-block-button\"><a class=\"wp-block-button__link has-background wp-element-button\" href=\"https:\/\/www.gamapa.de\/fr\/engagement-social\/durabilite-et-environnement\/\" style=\"background-color:#003565\">Environnement<\/a><\/div>\n<\/div>\n\n\n\n<div class=\"wp-block-column is-layout-flow wp-block-column-is-layout-flow\">\n<div class=\"wp-block-button\"><a class=\"wp-block-button__link has-background wp-element-button\" href=\"https:\/\/www.gamapa.de\/fr\/engagement-social\/ancre-dans-la-region\/\" style=\"background-color:#003565\">Engagement local<\/a><\/div>\n<\/div>\n<\/div>\n","protected":false},"excerpt":{"rendered":"<p>Responsabilit\u00e9 en mati\u00e8re de gestion durable Nous orientons notre activit\u00e9 entrepreneuriale selon les principes fondamentaux d&rsquo;une gestion durable, c&rsquo;est-\u00e0-dire compatible sur les plans \u00e9conomique, \u00e9cologique et social. Les entreprises font partie int\u00e9grante d&rsquo;un syst\u00e8me mondial, social et \u00e9cologique. \u00c0 ce titre, nous sommes responsables de l&rsquo;avenir de notre plan\u00e8te, de ses soci\u00e9t\u00e9s et de la <a href=\"https:\/\/www.gamapa.de\/fr\/engagement-social\/\">[\u2026]<\/a><\/p>\n","protected":false},"author":11,"featured_media":12073,"parent":0,"menu_order":2,"comment_status":"closed","ping_status":"closed","template":"","meta":{"_acf_changed":false,"_uag_custom_page_level_css":"","footnotes":""},"class_list":["post-23595","page","type-page","status-publish","has-post-thumbnail","hentry"],"acf":[],"yoast_head":"<!-- This site is optimized with the Yoast SEO plugin v27.3 - https:\/\/yoast.com\/product\/yoast-seo-wordpress\/ -->\n<title>Gesellschaftliches Engagement<\/title>\n<meta name=\"description\" content=\"Notre engagement social: des activit\u00e9s vari\u00e9es avec une valeur ajout\u00e9e durable\" \/>\n<meta name=\"robots\" content=\"index, follow, max-snippet:-1, max-image-preview:large, max-video-preview:-1\" \/>\n<link rel=\"canonical\" href=\"https:\/\/www.gamapa.de\/fr\/engagement-social\/\" \/>\n<meta property=\"og:locale\" content=\"fr_FR\" \/>\n<meta property=\"og:type\" content=\"article\" \/>\n<meta property=\"og:title\" content=\"Gesellschaftliches Engagement\" \/>\n<meta property=\"og:description\" content=\"Notre engagement social: des activit\u00e9s vari\u00e9es avec une valeur ajout\u00e9e durable\" \/>\n<meta property=\"og:url\" content=\"https:\/\/www.gamapa.de\/fr\/engagement-social\/\" \/>\n<meta property=\"og:site_name\" content=\"GANTEF\u00dcHRER\" \/>\n<meta property=\"article:modified_time\" content=\"2026-01-21T11:27:40+00:00\" \/>\n<meta property=\"og:image\" content=\"https:\/\/www.gamapa.de\/wp-content\/uploads\/2022\/02\/Wirtschaftsmediation-scaled.jpg\" \/>\n\t<meta property=\"og:image:width\" content=\"2560\" \/>\n\t<meta property=\"og:image:height\" content=\"764\" \/>\n\t<meta property=\"og:image:type\" content=\"image\/jpeg\" \/>\n<meta name=\"twitter:card\" content=\"summary_large_image\" \/>\n<meta name=\"twitter:label1\" content=\"Dur\u00e9e de lecture estim\u00e9e\" \/>\n\t<meta name=\"twitter:data1\" content=\"3 minutes\" \/>\n<script type=\"application\/ld+json\" class=\"yoast-schema-graph\">{\"@context\":\"https:\\\/\\\/schema.org\",\"@graph\":[{\"@type\":\"WebPage\",\"@id\":\"https:\\\/\\\/www.gamapa.de\\\/fr\\\/engagement-social\\\/\",\"url\":\"https:\\\/\\\/www.gamapa.de\\\/fr\\\/engagement-social\\\/\",\"name\":\"Gesellschaftliches Engagement\",\"isPartOf\":{\"@id\":\"https:\\\/\\\/www.gamapa.de\\\/fr\\\/#website\"},\"primaryImageOfPage\":{\"@id\":\"https:\\\/\\\/www.gamapa.de\\\/fr\\\/engagement-social\\\/#primaryimage\"},\"image\":{\"@id\":\"https:\\\/\\\/www.gamapa.de\\\/fr\\\/engagement-social\\\/#primaryimage\"},\"thumbnailUrl\":\"https:\\\/\\\/www.gamapa.de\\\/wp-content\\\/uploads\\\/2022\\\/02\\\/Wirtschaftsmediation-scaled.jpg\",\"datePublished\":\"2024-12-12T13:12:23+00:00\",\"dateModified\":\"2026-01-21T11:27:40+00:00\",\"description\":\"Notre engagement social: des activit\u00e9s vari\u00e9es avec une valeur ajout\u00e9e durable\",\"breadcrumb\":{\"@id\":\"https:\\\/\\\/www.gamapa.de\\\/fr\\\/engagement-social\\\/#breadcrumb\"},\"inLanguage\":\"fr-FR\",\"potentialAction\":[{\"@type\":\"ReadAction\",\"target\":[\"https:\\\/\\\/www.gamapa.de\\\/fr\\\/engagement-social\\\/\"]}]},{\"@type\":\"ImageObject\",\"inLanguage\":\"fr-FR\",\"@id\":\"https:\\\/\\\/www.gamapa.de\\\/fr\\\/engagement-social\\\/#primaryimage\",\"url\":\"https:\\\/\\\/www.gamapa.de\\\/wp-content\\\/uploads\\\/2022\\\/02\\\/Wirtschaftsmediation-scaled.jpg\",\"contentUrl\":\"https:\\\/\\\/www.gamapa.de\\\/wp-content\\\/uploads\\\/2022\\\/02\\\/Wirtschaftsmediation-scaled.jpg\",\"width\":2560,\"height\":764,\"caption\":\"Wirtschaftsmediation\"},{\"@type\":\"BreadcrumbList\",\"@id\":\"https:\\\/\\\/www.gamapa.de\\\/fr\\\/engagement-social\\\/#breadcrumb\",\"itemListElement\":[{\"@type\":\"ListItem\",\"position\":1,\"name\":\"Startseite\",\"item\":\"https:\\\/\\\/www.gamapa.de\\\/fr\\\/\"},{\"@type\":\"ListItem\",\"position\":2,\"name\":\"Engagement social\"}]},{\"@type\":\"WebSite\",\"@id\":\"https:\\\/\\\/www.gamapa.de\\\/fr\\\/#website\",\"url\":\"https:\\\/\\\/www.gamapa.de\\\/fr\\\/\",\"name\":\"GANTEF\u00dcHRER\",\"description\":\"Wirtschaftspr\u00fcfer, Steuerberater, Rechtsanw\u00e4lte\",\"publisher\":{\"@id\":\"https:\\\/\\\/www.gamapa.de\\\/fr\\\/#organization\"},\"potentialAction\":[{\"@type\":\"SearchAction\",\"target\":{\"@type\":\"EntryPoint\",\"urlTemplate\":\"https:\\\/\\\/www.gamapa.de\\\/fr\\\/?s={search_term_string}\"},\"query-input\":{\"@type\":\"PropertyValueSpecification\",\"valueRequired\":true,\"valueName\":\"search_term_string\"}}],\"inLanguage\":\"fr-FR\"},{\"@type\":\"Organization\",\"@id\":\"https:\\\/\\\/www.gamapa.de\\\/fr\\\/#organization\",\"name\":\"Gantef\u00fchrer Wirtschaftspr\u00fcfer, Steuerberater, Rechtsanw\u00e4lte\",\"url\":\"https:\\\/\\\/www.gamapa.de\\\/fr\\\/\",\"logo\":{\"@type\":\"ImageObject\",\"inLanguage\":\"fr-FR\",\"@id\":\"https:\\\/\\\/www.gamapa.de\\\/fr\\\/#\\\/schema\\\/logo\\\/image\\\/\",\"url\":\"https:\\\/\\\/www.gamapa.de\\\/wp-content\\\/uploads\\\/2026\\\/01\\\/Logo-Gantefuehrer.png\",\"contentUrl\":\"https:\\\/\\\/www.gamapa.de\\\/wp-content\\\/uploads\\\/2026\\\/01\\\/Logo-Gantefuehrer.png\",\"width\":767,\"height\":156,\"caption\":\"Gantef\u00fchrer Wirtschaftspr\u00fcfer, Steuerberater, Rechtsanw\u00e4lte\"},\"image\":{\"@id\":\"https:\\\/\\\/www.gamapa.de\\\/fr\\\/#\\\/schema\\\/logo\\\/image\\\/\"}}]}<\/script>\n<!-- \/ Yoast SEO plugin. -->","yoast_head_json":{"title":"Gesellschaftliches Engagement","description":"Notre engagement social: des activit\u00e9s vari\u00e9es avec une valeur ajout\u00e9e durable","robots":{"index":"index","follow":"follow","max-snippet":"max-snippet:-1","max-image-preview":"max-image-preview:large","max-video-preview":"max-video-preview:-1"},"canonical":"https:\/\/www.gamapa.de\/fr\/engagement-social\/","og_locale":"fr_FR","og_type":"article","og_title":"Gesellschaftliches Engagement","og_description":"Notre engagement social: des activit\u00e9s vari\u00e9es avec une valeur ajout\u00e9e durable","og_url":"https:\/\/www.gamapa.de\/fr\/engagement-social\/","og_site_name":"GANTEF\u00dcHRER","article_modified_time":"2026-01-21T11:27:40+00:00","og_image":[{"width":2560,"height":764,"url":"https:\/\/www.gamapa.de\/wp-content\/uploads\/2022\/02\/Wirtschaftsmediation-scaled.jpg","type":"image\/jpeg"}],"twitter_card":"summary_large_image","twitter_misc":{"Dur\u00e9e de lecture estim\u00e9e":"3 minutes"},"schema":{"@context":"https:\/\/schema.org","@graph":[{"@type":"WebPage","@id":"https:\/\/www.gamapa.de\/fr\/engagement-social\/","url":"https:\/\/www.gamapa.de\/fr\/engagement-social\/","name":"Gesellschaftliches Engagement","isPartOf":{"@id":"https:\/\/www.gamapa.de\/fr\/#website"},"primaryImageOfPage":{"@id":"https:\/\/www.gamapa.de\/fr\/engagement-social\/#primaryimage"},"image":{"@id":"https:\/\/www.gamapa.de\/fr\/engagement-social\/#primaryimage"},"thumbnailUrl":"https:\/\/www.gamapa.de\/wp-content\/uploads\/2022\/02\/Wirtschaftsmediation-scaled.jpg","datePublished":"2024-12-12T13:12:23+00:00","dateModified":"2026-01-21T11:27:40+00:00","description":"Notre engagement social: des activit\u00e9s vari\u00e9es avec une valeur ajout\u00e9e durable","breadcrumb":{"@id":"https:\/\/www.gamapa.de\/fr\/engagement-social\/#breadcrumb"},"inLanguage":"fr-FR","potentialAction":[{"@type":"ReadAction","target":["https:\/\/www.gamapa.de\/fr\/engagement-social\/"]}]},{"@type":"ImageObject","inLanguage":"fr-FR","@id":"https:\/\/www.gamapa.de\/fr\/engagement-social\/#primaryimage","url":"https:\/\/www.gamapa.de\/wp-content\/uploads\/2022\/02\/Wirtschaftsmediation-scaled.jpg","contentUrl":"https:\/\/www.gamapa.de\/wp-content\/uploads\/2022\/02\/Wirtschaftsmediation-scaled.jpg","width":2560,"height":764,"caption":"Wirtschaftsmediation"},{"@type":"BreadcrumbList","@id":"https:\/\/www.gamapa.de\/fr\/engagement-social\/#breadcrumb","itemListElement":[{"@type":"ListItem","position":1,"name":"Startseite","item":"https:\/\/www.gamapa.de\/fr\/"},{"@type":"ListItem","position":2,"name":"Engagement social"}]},{"@type":"WebSite","@id":"https:\/\/www.gamapa.de\/fr\/#website","url":"https:\/\/www.gamapa.de\/fr\/","name":"GANTEF\u00dcHRER","description":"Wirtschaftspr\u00fcfer, Steuerberater, Rechtsanw\u00e4lte","publisher":{"@id":"https:\/\/www.gamapa.de\/fr\/#organization"},"potentialAction":[{"@type":"SearchAction","target":{"@type":"EntryPoint","urlTemplate":"https:\/\/www.gamapa.de\/fr\/?s={search_term_string}"},"query-input":{"@type":"PropertyValueSpecification","valueRequired":true,"valueName":"search_term_string"}}],"inLanguage":"fr-FR"},{"@type":"Organization","@id":"https:\/\/www.gamapa.de\/fr\/#organization","name":"Gantef\u00fchrer Wirtschaftspr\u00fcfer, Steuerberater, Rechtsanw\u00e4lte","url":"https:\/\/www.gamapa.de\/fr\/","logo":{"@type":"ImageObject","inLanguage":"fr-FR","@id":"https:\/\/www.gamapa.de\/fr\/#\/schema\/logo\/image\/","url":"https:\/\/www.gamapa.de\/wp-content\/uploads\/2026\/01\/Logo-Gantefuehrer.png","contentUrl":"https:\/\/www.gamapa.de\/wp-content\/uploads\/2026\/01\/Logo-Gantefuehrer.png","width":767,"height":156,"caption":"Gantef\u00fchrer Wirtschaftspr\u00fcfer, Steuerberater, Rechtsanw\u00e4lte"},"image":{"@id":"https:\/\/www.gamapa.de\/fr\/#\/schema\/logo\/image\/"}}]}},"uagb_featured_image_src":{"full":["https:\/\/www.gamapa.de\/wp-content\/uploads\/2022\/02\/Wirtschaftsmediation-scaled.jpg",2560,764,false],"thumbnail":["https:\/\/www.gamapa.de\/wp-content\/uploads\/2022\/02\/Wirtschaftsmediation-150x150.jpg",150,150,true],"medium":["https:\/\/www.gamapa.de\/wp-content\/uploads\/2022\/02\/Wirtschaftsmediation-600x179.jpg",600,179,true],"medium_large":["https:\/\/www.gamapa.de\/wp-content\/uploads\/2022\/02\/Wirtschaftsmediation-768x229.jpg",580,173,true],"large":["https:\/\/www.gamapa.de\/wp-content\/uploads\/2022\/02\/Wirtschaftsmediation-scaled.jpg",580,173,false],"gs-tiny":["https:\/\/www.gamapa.de\/wp-content\/uploads\/2022\/02\/Wirtschaftsmediation-scaled.jpg",50,15,false],"xl":["https:\/\/www.gamapa.de\/wp-content\/uploads\/2022\/02\/Wirtschaftsmediation-1600x477.jpg",1600,477,true],"xxl":["https:\/\/www.gamapa.de\/wp-content\/uploads\/2022\/02\/Wirtschaftsmediation-2200x656.jpg",2200,656,true],"xxxl":["https:\/\/www.gamapa.de\/wp-content\/uploads\/2022\/02\/Wirtschaftsmediation-2800x835.jpg",2800,835,true],"xxxxl":["https:\/\/www.gamapa.de\/wp-content\/uploads\/2022\/02\/Wirtschaftsmediation-scaled.jpg",2560,764,false],"xxxxxl":["https:\/\/www.gamapa.de\/wp-content\/uploads\/2022\/02\/Wirtschaftsmediation-scaled.jpg",2560,764,false],"1536x1536":["https:\/\/www.gamapa.de\/wp-content\/uploads\/2022\/02\/Wirtschaftsmediation-1536x458.jpg",1536,458,true],"2048x2048":["https:\/\/www.gamapa.de\/wp-content\/uploads\/2022\/02\/Wirtschaftsmediation-2048x611.jpg",2048,611,true],"post-thumbnail":["https:\/\/www.gamapa.de\/wp-content\/uploads\/2022\/02\/Wirtschaftsmediation-scaled.jpg",2560,764,false],"twentytwenty-fullscreen":["https:\/\/www.gamapa.de\/wp-content\/uploads\/2022\/02\/Wirtschaftsmediation-scaled.jpg",2560,764,false],"theme-slug-single-post":["https:\/\/www.gamapa.de\/wp-content\/uploads\/2022\/02\/Wirtschaftsmediation-1600x400.jpg",1600,400,true]},"uagb_author_info":{"display_name":"ninasenft","author_link":"https:\/\/www.gamapa.de\/fr\/author\/ninasenft\/"},"uagb_comment_info":0,"uagb_excerpt":"Responsabilit\u00e9 en mati\u00e8re de gestion durable Nous orientons notre activit\u00e9 entrepreneuriale selon les principes fondamentaux d&rsquo;une gestion durable, c&rsquo;est-\u00e0-dire compatible sur les plans \u00e9conomique, \u00e9cologique et social. Les entreprises font partie int\u00e9grante d&rsquo;un syst\u00e8me mondial, social et \u00e9cologique. \u00c0 ce titre, nous sommes responsables de l&rsquo;avenir de notre plan\u00e8te, de ses soci\u00e9t\u00e9s et de la\u2026","_links":{"self":[{"href":"https:\/\/www.gamapa.de\/fr\/wp-json\/wp\/v2\/pages\/23595","targetHints":{"allow":["GET"]}}],"collection":[{"href":"https:\/\/www.gamapa.de\/fr\/wp-json\/wp\/v2\/pages"}],"about":[{"href":"https:\/\/www.gamapa.de\/fr\/wp-json\/wp\/v2\/types\/page"}],"author":[{"embeddable":true,"href":"https:\/\/www.gamapa.de\/fr\/wp-json\/wp\/v2\/users\/11"}],"replies":[{"embeddable":true,"href":"https:\/\/www.gamapa.de\/fr\/wp-json\/wp\/v2\/comments?post=23595"}],"version-history":[{"count":3,"href":"https:\/\/www.gamapa.de\/fr\/wp-json\/wp\/v2\/pages\/23595\/revisions"}],"predecessor-version":[{"id":23735,"href":"https:\/\/www.gamapa.de\/fr\/wp-json\/wp\/v2\/pages\/23595\/revisions\/23735"}],"wp:featuredmedia":[{"embeddable":true,"href":"https:\/\/www.gamapa.de\/fr\/wp-json\/wp\/v2\/media\/12073"}],"wp:attachment":[{"href":"https:\/\/www.gamapa.de\/fr\/wp-json\/wp\/v2\/media?parent=23595"}],"curies":[{"name":"wp","href":"https:\/\/api.w.org\/{rel}","templated":true}]}}