

{"id":23714,"date":"2024-12-16T12:49:01","date_gmt":"2024-12-16T11:49:01","guid":{"rendered":"https:\/\/www.gamapa.de\/engagement-social\/nachhaltigkeit-und-umwelt\/"},"modified":"2026-01-21T12:30:12","modified_gmt":"2026-01-21T11:30:12","slug":"durabilite-et-environnement","status":"publish","type":"page","link":"https:\/\/www.gamapa.de\/fr\/engagement-social\/durabilite-et-environnement\/","title":{"rendered":"Durabilit\u00e9 et environnement"},"content":{"rendered":"\n<h2 class=\"wp-block-heading inhalt\">Responsabilit\u00e9 envers la nature<\/h2>\n\n\n\n<p>En tant qu&rsquo;entreprise, nous avons, par nos actions, une responsabilit\u00e9 particuli\u00e8re dans la pr\u00e9servation des ressources naturelles mondiales et l&rsquo;utilisation responsable des ressources. Nous voulons donc \u00e9viter autant que possible de nuire \u00e0 l&rsquo;environnement et aux \u00e9cosyst\u00e8mes et pr\u00e9server la biodiversit\u00e9. L&rsquo;am\u00e9lioration continue de la durabilit\u00e9 de nos produits, services et processus est au c\u0153ur de nos activit\u00e9s. Nous utilisons les ressources naturelles, les mati\u00e8res premi\u00e8res et autres biens de la mani\u00e8re la plus efficace possible, en tenant compte de l&rsquo;ensemble de la cha\u00eene de valeur, y compris l&rsquo;utilisation et la manipulation apr\u00e8s la fin de la dur\u00e9e de vie des produits, dans le but d&rsquo;utiliser les mat\u00e9riaux autant que possible dans des cycles. Nous impliquons nos fournisseurs et nos clients dans ce processus.<\/p>\n\n\n\n<p>Dans la mesure du possible, nous renon\u00e7ons aux longs d\u00e9placements professionnels en avion ou en voiture. Nous souhaitons \u00e9galement contribuer \u00e0 la transition vers une mobilit\u00e9 durable et subventionnons le Deutschlandticket pour notre \u00e9quipe. Gr\u00e2ce \u00e0 la visioconf\u00e9rence, nous offrons toutefois \u00e0 nos clients la possibilit\u00e9 de toujours pouvoir regarder leur conseiller dans les yeux. Dans le domaine de la comptabilit\u00e9 salariale et financi\u00e8re, nous fonctionnons comme un cabinet num\u00e9rique.<\/p>\n\n\n\n<h3 class=\"wp-block-heading\">Nous sommes \u00e9galement engag\u00e9s dans les r\u00e9seaux suivants:<\/h3>\n\n\n\n<div style=\"height:37px\" aria-hidden=\"true\" class=\"wp-block-spacer\"><\/div>\n\n\n\n<div class=\"wp-block-pb-accordion-item c-accordion__item js-accordion-item no-js medi\" data-initially-open=\"false\" data-click-to-close=\"true\" data-auto-close=\"true\" data-scroll=\"false\" data-scroll-offset=\"0\"><h2 id=\"at-237140\" class=\"c-accordion__title js-accordion-controller\" role=\"button\">Pacte climatique de D\u00fcsseldorf<\/h2><div id=\"ac-237140\" class=\"c-accordion__content\">\n<p>Neutralit\u00e9 climatique d&rsquo;ici 2035: c&rsquo;est avec cet objectif en t\u00eate que la ville de D\u00fcsseldorf, la Chambre de commerce et d&rsquo;industrie de D\u00fcsseldorf, la Chambre des m\u00e9tiers de D\u00fcsseldorf et l&rsquo;Association des artisans de D\u00fcsseldorf ont fond\u00e9 le \u00abPacte climatique de D\u00fcsseldorf avec l&rsquo;\u00e9conomie\u00bb. En tant que cabinet engag\u00e9, nous avons adh\u00e9r\u00e9 au <a href=\"https:\/\/klimapakt-duesseldorf.de\/\">Pacte climatique de D\u00fcsseldorf<\/a>, sign\u00e9 l&rsquo;accord sur le climat et souhaitons contribuer \u00e0 ce que D\u00fcsseldorf soit climatiquement neutre en 2035.<\/p>\n\n\n\n<section class=\"wp-block-uagb-section uagb-section__wrap uagb-section__background-none uagb-block-7076d4cd\"><div class=\"uagb-section__overlay\"><\/div><div class=\"uagb-section__inner-wrap\">\n<figure class=\"wp-block-image size-full is-resized\"><img loading=\"lazy\" decoding=\"async\" width=\"700\" height=\"232\" src=\"https:\/\/www.gamapa.de\/wp-content\/uploads\/2023\/05\/Klimapakt_Aktionslogo_Klimapartner_RGB_farbig-2880x1186-1.jpg\" alt=\"\" class=\"wp-image-14543\" style=\"width:404px;height:auto\" srcset=\"https:\/\/www.gamapa.de\/wp-content\/uploads\/2023\/05\/Klimapakt_Aktionslogo_Klimapartner_RGB_farbig-2880x1186-1.jpg 700w, https:\/\/www.gamapa.de\/wp-content\/uploads\/2023\/05\/Klimapakt_Aktionslogo_Klimapartner_RGB_farbig-2880x1186-1-600x199.jpg 600w\" sizes=\"auto, (max-width: 700px) 100vw, 700px\" \/><\/figure>\n<\/div><\/section>\n<\/div><\/div>\n\n\n\n<div class=\"wp-block-pb-accordion-item c-accordion__item js-accordion-item no-js medi\" data-initially-open=\"false\" data-click-to-close=\"true\" data-auto-close=\"true\" data-scroll=\"false\" data-scroll-offset=\"0\"><h2 id=\"at-237141\" class=\"c-accordion__title js-accordion-controller\" role=\"button\">Code B.A.U.M.<\/h2><div id=\"ac-237141\" class=\"c-accordion__content\">\n<p>Notre cabinet fait partie du r\u00e9seau <a href=\"https:\/\/www.baumev.de\/Kodex\">B.A.U.M. e.V.<\/a>, qui s&rsquo;engage en faveur d&rsquo;une cause centrale : la cr\u00e9ation d&rsquo;un avenir viable gr\u00e2ce \u00e0 une \u00e9conomie durable dans le respect des limites de la plan\u00e8te. En tant que membres du cercle des sponsors de B.A.U.M., nous nous engageons \u00e0 agir conform\u00e9ment au code B.A.U.M. pour une gestion durable et nous nous engageons activement pour sa mise en \u0153uvre.<\/p>\n\n\n\n<section class=\"wp-block-uagb-section uagb-section__wrap uagb-section__background-none uagb-block-e10f3879\"><div class=\"uagb-section__overlay\"><\/div><div class=\"uagb-section__inner-wrap\">\n<figure class=\"wp-block-image size-full is-resized\"><img loading=\"lazy\" decoding=\"async\" width=\"1549\" height=\"1222\" src=\"https:\/\/www.gamapa.de\/wp-content\/uploads\/2024\/03\/210107_BAUM_Logo_RGB_mit_Claim.png\" alt=\"\" class=\"wp-image-15702\" style=\"width:243px;height:auto\" srcset=\"https:\/\/www.gamapa.de\/wp-content\/uploads\/2024\/03\/210107_BAUM_Logo_RGB_mit_Claim.png 1549w, https:\/\/www.gamapa.de\/wp-content\/uploads\/2024\/03\/210107_BAUM_Logo_RGB_mit_Claim-600x473.png 600w, https:\/\/www.gamapa.de\/wp-content\/uploads\/2024\/03\/210107_BAUM_Logo_RGB_mit_Claim-768x606.png 768w, https:\/\/www.gamapa.de\/wp-content\/uploads\/2024\/03\/210107_BAUM_Logo_RGB_mit_Claim-1536x1212.png 1536w\" sizes=\"auto, (max-width: 1549px) 100vw, 1549px\" \/><\/figure>\n<\/div><\/section>\n<\/div><\/div>\n\n\n\n<div class=\"wp-block-pb-accordion-item c-accordion__item js-accordion-item no-js medi\" data-initially-open=\"false\" data-click-to-close=\"true\" data-auto-close=\"true\" data-scroll=\"false\" data-scroll-offset=\"0\"><h2 id=\"at-237142\" class=\"c-accordion__title js-accordion-controller\" role=\"button\">Des arbres pour les b\u00e9b\u00e9s<\/h2><div id=\"ac-237142\" class=\"c-accordion__content\">\n<p>2024 marque le d\u00e9but d&rsquo;une nouvelle tradition durable dans notre cabinet : pour c\u00e9l\u00e9brer la naissance d&rsquo;un enfant dans notre famille Gantef\u00fchrer, les heureux parents re\u00e7oivent entre autres un certificat sp\u00e9cial de notre part. Ce certificat symbolise notre engagement en faveur d&rsquo;un avenir plus vert : un don au service des espaces verts de D\u00fcsseldorf, qui permettra de planter un arbre en notre nom. \u00c0 chaque naissance, nous faisons ainsi don d&rsquo;un <a href=\"https:\/\/www.duesseldorf.de\/stadtgruen\/baeume-in-der-stadt\/strassenbaum\">arbre \u00e0 notre ville<\/a>.<\/p>\n<\/div><\/div>\n\n\n\n<h3 class=\"wp-block-heading\">Votre interlocuteur:<\/h3>\n\n\n\n<div class=\"wp-block-columns is-layout-flex wp-container-core-columns-is-layout-9d6595d7 wp-block-columns-is-layout-flex\">\n<div class=\"wp-block-column is-layout-flow wp-block-column-is-layout-flow\">\n<figure class=\"wp-block-image size-full\"><img loading=\"lazy\" decoding=\"async\" width=\"600\" height=\"389\" src=\"https:\/\/www.gamapa.de\/wp-content\/uploads\/2022\/11\/Troost_1.jpg\" alt=\"Daniel Troost, Steuerberater, Wirtschaftsmediator, Partner, Gantef\u00fchrer - \nSteuerberater, Rechtsanw\u00e4lte, Wirtschaftspr\u00fcfer\" class=\"wp-image-13723\"\/><figcaption class=\"wp-element-caption\"><a href=\"https:\/\/www.gamapa.de\/fr\/conseillers\/daniel-troost-conseiller-fiscal-associe\/\">Daniel Troost<\/a><\/figcaption><\/figure>\n<\/div>\n\n\n\n<div class=\"wp-block-column 2-5rem is-layout-flow wp-block-column-is-layout-flow\"><\/div>\n<\/div>\n\n\n\n<div style=\"height:40px\" aria-hidden=\"true\" class=\"wp-block-spacer\"><\/div>\n\n\n\n<p>Revenons aux autres domaines dans lesquels nous nous engageons personnellement et en tant que cabinet:<\/p>\n\n\n\n<div class=\"wp-block-columns is-layout-flex wp-container-core-columns-is-layout-9d6595d7 wp-block-columns-is-layout-flex\">\n<div class=\"wp-block-column breites-raster med is-layout-flow wp-block-column-is-layout-flow\">\n<div class=\"wp-block-button\"><a class=\"wp-block-button__link has-background wp-element-button\" href=\"https:\/\/www.gamapa.de\/fr\/engagement-social\/art-et-culture\/\" style=\"background-color:#003565\">Art &amp; culture<\/a><\/div>\n<\/div>\n\n\n\n<div class=\"wp-block-column med is-layout-flow wp-block-column-is-layout-flow\">\n<div class=\"wp-block-button\"><a class=\"wp-block-button__link has-background wp-element-button\" href=\"https:\/\/www.gamapa.de\/fr\/engagement-social\/engagement-sportif\/\" style=\"background-color:#003565\">Sport<\/a><\/div>\n<\/div>\n\n\n\n<div class=\"wp-block-column med is-layout-flow wp-block-column-is-layout-flow\">\n<div class=\"wp-block-button\"><a class=\"wp-block-button__link has-background wp-element-button\" href=\"https:\/\/www.gamapa.de\/fr\/engagement-social\/ancre-dans-la-region\/\" style=\"background-color:#003565\">Engagement local<\/a><\/div>\n<\/div>\n<\/div>\n\n\n\n<div class=\"wp-block-columns is-layout-flex wp-container-core-columns-is-layout-9d6595d7 wp-block-columns-is-layout-flex\"><\/div>\n","protected":false},"excerpt":{"rendered":"<p>Responsabilit\u00e9 envers la nature En tant qu&rsquo;entreprise, nous avons, par nos actions, une responsabilit\u00e9 particuli\u00e8re dans la pr\u00e9servation des ressources naturelles mondiales et l&rsquo;utilisation responsable des ressources. Nous voulons donc \u00e9viter autant que possible de nuire \u00e0 l&rsquo;environnement et aux \u00e9cosyst\u00e8mes et pr\u00e9server la biodiversit\u00e9. L&rsquo;am\u00e9lioration continue de la durabilit\u00e9 de nos produits, services et <a href=\"https:\/\/www.gamapa.de\/fr\/engagement-social\/durabilite-et-environnement\/\">[\u2026]<\/a><\/p>\n","protected":false},"author":11,"featured_media":15269,"parent":23595,"menu_order":1,"comment_status":"closed","ping_status":"closed","template":"","meta":{"_acf_changed":false,"_uag_custom_page_level_css":"","footnotes":""},"class_list":["post-23714","page","type-page","status-publish","has-post-thumbnail","hentry"],"acf":[],"yoast_head":"<!-- This site is optimized with the Yoast SEO plugin v27.3 - https:\/\/yoast.com\/product\/yoast-seo-wordpress\/ -->\n<title>Durabilit\u00e9 et environnement<\/title>\n<meta name=\"description\" content=\"Nous encourageons une gestion durable et nous engageons pour la protection des ressources naturelles et la pr\u00e9servation des ressources.\" \/>\n<meta name=\"robots\" content=\"index, follow, max-snippet:-1, max-image-preview:large, max-video-preview:-1\" \/>\n<link rel=\"canonical\" href=\"https:\/\/www.gamapa.de\/fr\/engagement-social\/durabilite-et-environnement\/\" \/>\n<meta property=\"og:locale\" content=\"fr_FR\" \/>\n<meta property=\"og:type\" content=\"article\" \/>\n<meta property=\"og:title\" content=\"Durabilit\u00e9 et environnement\" \/>\n<meta property=\"og:description\" content=\"Nous encourageons une gestion durable et nous engageons pour la protection des ressources naturelles et la pr\u00e9servation des ressources.\" \/>\n<meta property=\"og:url\" content=\"https:\/\/www.gamapa.de\/fr\/engagement-social\/durabilite-et-environnement\/\" \/>\n<meta property=\"og:site_name\" content=\"GANTEF\u00dcHRER\" \/>\n<meta property=\"article:modified_time\" content=\"2026-01-21T11:30:12+00:00\" \/>\n<meta property=\"og:image\" content=\"https:\/\/www.gamapa.de\/wp-content\/uploads\/2023\/11\/Nachhaltigkeit-5.jpg\" \/>\n\t<meta property=\"og:image:width\" content=\"2560\" \/>\n\t<meta property=\"og:image:height\" content=\"764\" \/>\n\t<meta property=\"og:image:type\" content=\"image\/jpeg\" \/>\n<meta name=\"twitter:card\" content=\"summary_large_image\" \/>\n<meta name=\"twitter:label1\" content=\"Dur\u00e9e de lecture estim\u00e9e\" \/>\n\t<meta name=\"twitter:data1\" content=\"4 minutes\" \/>\n<script type=\"application\/ld+json\" class=\"yoast-schema-graph\">{\"@context\":\"https:\\\/\\\/schema.org\",\"@graph\":[{\"@type\":\"WebPage\",\"@id\":\"https:\\\/\\\/www.gamapa.de\\\/fr\\\/engagement-social\\\/durabilite-et-environnement\\\/\",\"url\":\"https:\\\/\\\/www.gamapa.de\\\/fr\\\/engagement-social\\\/durabilite-et-environnement\\\/\",\"name\":\"Durabilit\u00e9 et environnement\",\"isPartOf\":{\"@id\":\"https:\\\/\\\/www.gamapa.de\\\/fr\\\/#website\"},\"primaryImageOfPage\":{\"@id\":\"https:\\\/\\\/www.gamapa.de\\\/fr\\\/engagement-social\\\/durabilite-et-environnement\\\/#primaryimage\"},\"image\":{\"@id\":\"https:\\\/\\\/www.gamapa.de\\\/fr\\\/engagement-social\\\/durabilite-et-environnement\\\/#primaryimage\"},\"thumbnailUrl\":\"https:\\\/\\\/www.gamapa.de\\\/wp-content\\\/uploads\\\/2023\\\/11\\\/Nachhaltigkeit-5.jpg\",\"datePublished\":\"2024-12-16T11:49:01+00:00\",\"dateModified\":\"2026-01-21T11:30:12+00:00\",\"description\":\"Nous encourageons une gestion durable et nous engageons pour la protection des ressources naturelles et la pr\u00e9servation des ressources.\",\"breadcrumb\":{\"@id\":\"https:\\\/\\\/www.gamapa.de\\\/fr\\\/engagement-social\\\/durabilite-et-environnement\\\/#breadcrumb\"},\"inLanguage\":\"fr-FR\",\"potentialAction\":[{\"@type\":\"ReadAction\",\"target\":[\"https:\\\/\\\/www.gamapa.de\\\/fr\\\/engagement-social\\\/durabilite-et-environnement\\\/\"]}]},{\"@type\":\"ImageObject\",\"inLanguage\":\"fr-FR\",\"@id\":\"https:\\\/\\\/www.gamapa.de\\\/fr\\\/engagement-social\\\/durabilite-et-environnement\\\/#primaryimage\",\"url\":\"https:\\\/\\\/www.gamapa.de\\\/wp-content\\\/uploads\\\/2023\\\/11\\\/Nachhaltigkeit-5.jpg\",\"contentUrl\":\"https:\\\/\\\/www.gamapa.de\\\/wp-content\\\/uploads\\\/2023\\\/11\\\/Nachhaltigkeit-5.jpg\",\"width\":2560,\"height\":764,\"caption\":\"Nachhaltige Unternehmensf\u00fchrung\"},{\"@type\":\"BreadcrumbList\",\"@id\":\"https:\\\/\\\/www.gamapa.de\\\/fr\\\/engagement-social\\\/durabilite-et-environnement\\\/#breadcrumb\",\"itemListElement\":[{\"@type\":\"ListItem\",\"position\":1,\"name\":\"Startseite\",\"item\":\"https:\\\/\\\/www.gamapa.de\\\/fr\\\/\"},{\"@type\":\"ListItem\",\"position\":2,\"name\":\"Engagement social\",\"item\":\"https:\\\/\\\/www.gamapa.de\\\/fr\\\/engagement-social\\\/\"},{\"@type\":\"ListItem\",\"position\":3,\"name\":\"Durabilit\u00e9 et environnement\"}]},{\"@type\":\"WebSite\",\"@id\":\"https:\\\/\\\/www.gamapa.de\\\/fr\\\/#website\",\"url\":\"https:\\\/\\\/www.gamapa.de\\\/fr\\\/\",\"name\":\"GANTEF\u00dcHRER\",\"description\":\"Wirtschaftspr\u00fcfer, Steuerberater, Rechtsanw\u00e4lte\",\"publisher\":{\"@id\":\"https:\\\/\\\/www.gamapa.de\\\/fr\\\/#organization\"},\"potentialAction\":[{\"@type\":\"SearchAction\",\"target\":{\"@type\":\"EntryPoint\",\"urlTemplate\":\"https:\\\/\\\/www.gamapa.de\\\/fr\\\/?s={search_term_string}\"},\"query-input\":{\"@type\":\"PropertyValueSpecification\",\"valueRequired\":true,\"valueName\":\"search_term_string\"}}],\"inLanguage\":\"fr-FR\"},{\"@type\":\"Organization\",\"@id\":\"https:\\\/\\\/www.gamapa.de\\\/fr\\\/#organization\",\"name\":\"Gantef\u00fchrer Wirtschaftspr\u00fcfer, Steuerberater, Rechtsanw\u00e4lte\",\"url\":\"https:\\\/\\\/www.gamapa.de\\\/fr\\\/\",\"logo\":{\"@type\":\"ImageObject\",\"inLanguage\":\"fr-FR\",\"@id\":\"https:\\\/\\\/www.gamapa.de\\\/fr\\\/#\\\/schema\\\/logo\\\/image\\\/\",\"url\":\"https:\\\/\\\/www.gamapa.de\\\/wp-content\\\/uploads\\\/2026\\\/01\\\/Logo-Gantefuehrer.png\",\"contentUrl\":\"https:\\\/\\\/www.gamapa.de\\\/wp-content\\\/uploads\\\/2026\\\/01\\\/Logo-Gantefuehrer.png\",\"width\":767,\"height\":156,\"caption\":\"Gantef\u00fchrer Wirtschaftspr\u00fcfer, Steuerberater, Rechtsanw\u00e4lte\"},\"image\":{\"@id\":\"https:\\\/\\\/www.gamapa.de\\\/fr\\\/#\\\/schema\\\/logo\\\/image\\\/\"}}]}<\/script>\n<!-- \/ Yoast SEO plugin. -->","yoast_head_json":{"title":"Durabilit\u00e9 et environnement","description":"Nous encourageons une gestion durable et nous engageons pour la protection des ressources naturelles et la pr\u00e9servation des ressources.","robots":{"index":"index","follow":"follow","max-snippet":"max-snippet:-1","max-image-preview":"max-image-preview:large","max-video-preview":"max-video-preview:-1"},"canonical":"https:\/\/www.gamapa.de\/fr\/engagement-social\/durabilite-et-environnement\/","og_locale":"fr_FR","og_type":"article","og_title":"Durabilit\u00e9 et environnement","og_description":"Nous encourageons une gestion durable et nous engageons pour la protection des ressources naturelles et la pr\u00e9servation des ressources.","og_url":"https:\/\/www.gamapa.de\/fr\/engagement-social\/durabilite-et-environnement\/","og_site_name":"GANTEF\u00dcHRER","article_modified_time":"2026-01-21T11:30:12+00:00","og_image":[{"width":2560,"height":764,"url":"https:\/\/www.gamapa.de\/wp-content\/uploads\/2023\/11\/Nachhaltigkeit-5.jpg","type":"image\/jpeg"}],"twitter_card":"summary_large_image","twitter_misc":{"Dur\u00e9e de lecture estim\u00e9e":"4 minutes"},"schema":{"@context":"https:\/\/schema.org","@graph":[{"@type":"WebPage","@id":"https:\/\/www.gamapa.de\/fr\/engagement-social\/durabilite-et-environnement\/","url":"https:\/\/www.gamapa.de\/fr\/engagement-social\/durabilite-et-environnement\/","name":"Durabilit\u00e9 et environnement","isPartOf":{"@id":"https:\/\/www.gamapa.de\/fr\/#website"},"primaryImageOfPage":{"@id":"https:\/\/www.gamapa.de\/fr\/engagement-social\/durabilite-et-environnement\/#primaryimage"},"image":{"@id":"https:\/\/www.gamapa.de\/fr\/engagement-social\/durabilite-et-environnement\/#primaryimage"},"thumbnailUrl":"https:\/\/www.gamapa.de\/wp-content\/uploads\/2023\/11\/Nachhaltigkeit-5.jpg","datePublished":"2024-12-16T11:49:01+00:00","dateModified":"2026-01-21T11:30:12+00:00","description":"Nous encourageons une gestion durable et nous engageons pour la protection des ressources naturelles et la pr\u00e9servation des ressources.","breadcrumb":{"@id":"https:\/\/www.gamapa.de\/fr\/engagement-social\/durabilite-et-environnement\/#breadcrumb"},"inLanguage":"fr-FR","potentialAction":[{"@type":"ReadAction","target":["https:\/\/www.gamapa.de\/fr\/engagement-social\/durabilite-et-environnement\/"]}]},{"@type":"ImageObject","inLanguage":"fr-FR","@id":"https:\/\/www.gamapa.de\/fr\/engagement-social\/durabilite-et-environnement\/#primaryimage","url":"https:\/\/www.gamapa.de\/wp-content\/uploads\/2023\/11\/Nachhaltigkeit-5.jpg","contentUrl":"https:\/\/www.gamapa.de\/wp-content\/uploads\/2023\/11\/Nachhaltigkeit-5.jpg","width":2560,"height":764,"caption":"Nachhaltige Unternehmensf\u00fchrung"},{"@type":"BreadcrumbList","@id":"https:\/\/www.gamapa.de\/fr\/engagement-social\/durabilite-et-environnement\/#breadcrumb","itemListElement":[{"@type":"ListItem","position":1,"name":"Startseite","item":"https:\/\/www.gamapa.de\/fr\/"},{"@type":"ListItem","position":2,"name":"Engagement social","item":"https:\/\/www.gamapa.de\/fr\/engagement-social\/"},{"@type":"ListItem","position":3,"name":"Durabilit\u00e9 et environnement"}]},{"@type":"WebSite","@id":"https:\/\/www.gamapa.de\/fr\/#website","url":"https:\/\/www.gamapa.de\/fr\/","name":"GANTEF\u00dcHRER","description":"Wirtschaftspr\u00fcfer, Steuerberater, Rechtsanw\u00e4lte","publisher":{"@id":"https:\/\/www.gamapa.de\/fr\/#organization"},"potentialAction":[{"@type":"SearchAction","target":{"@type":"EntryPoint","urlTemplate":"https:\/\/www.gamapa.de\/fr\/?s={search_term_string}"},"query-input":{"@type":"PropertyValueSpecification","valueRequired":true,"valueName":"search_term_string"}}],"inLanguage":"fr-FR"},{"@type":"Organization","@id":"https:\/\/www.gamapa.de\/fr\/#organization","name":"Gantef\u00fchrer Wirtschaftspr\u00fcfer, Steuerberater, Rechtsanw\u00e4lte","url":"https:\/\/www.gamapa.de\/fr\/","logo":{"@type":"ImageObject","inLanguage":"fr-FR","@id":"https:\/\/www.gamapa.de\/fr\/#\/schema\/logo\/image\/","url":"https:\/\/www.gamapa.de\/wp-content\/uploads\/2026\/01\/Logo-Gantefuehrer.png","contentUrl":"https:\/\/www.gamapa.de\/wp-content\/uploads\/2026\/01\/Logo-Gantefuehrer.png","width":767,"height":156,"caption":"Gantef\u00fchrer Wirtschaftspr\u00fcfer, Steuerberater, Rechtsanw\u00e4lte"},"image":{"@id":"https:\/\/www.gamapa.de\/fr\/#\/schema\/logo\/image\/"}}]}},"uagb_featured_image_src":{"full":["https:\/\/www.gamapa.de\/wp-content\/uploads\/2023\/11\/Nachhaltigkeit-5.jpg",2560,764,false],"thumbnail":["https:\/\/www.gamapa.de\/wp-content\/uploads\/2023\/11\/Nachhaltigkeit-5-150x150.jpg",150,150,true],"medium":["https:\/\/www.gamapa.de\/wp-content\/uploads\/2023\/11\/Nachhaltigkeit-5-600x179.jpg",600,179,true],"medium_large":["https:\/\/www.gamapa.de\/wp-content\/uploads\/2023\/11\/Nachhaltigkeit-5-768x229.jpg",580,173,true],"large":["https:\/\/www.gamapa.de\/wp-content\/uploads\/2023\/11\/Nachhaltigkeit-5.jpg",580,173,false],"gs-tiny":["https:\/\/www.gamapa.de\/wp-content\/uploads\/2023\/11\/Nachhaltigkeit-5.jpg",50,15,false],"xl":["https:\/\/www.gamapa.de\/wp-content\/uploads\/2023\/11\/Nachhaltigkeit-5-1600x478.jpg",1600,478,true],"xxl":["https:\/\/www.gamapa.de\/wp-content\/uploads\/2023\/11\/Nachhaltigkeit-5-2200x657.jpg",2200,657,true],"xxxl":["https:\/\/www.gamapa.de\/wp-content\/uploads\/2023\/11\/Nachhaltigkeit-5.jpg",2560,764,false],"xxxxl":["https:\/\/www.gamapa.de\/wp-content\/uploads\/2023\/11\/Nachhaltigkeit-5.jpg",2560,764,false],"xxxxxl":["https:\/\/www.gamapa.de\/wp-content\/uploads\/2023\/11\/Nachhaltigkeit-5.jpg",2560,764,false],"1536x1536":["https:\/\/www.gamapa.de\/wp-content\/uploads\/2023\/11\/Nachhaltigkeit-5-1536x458.jpg",1536,458,true],"2048x2048":["https:\/\/www.gamapa.de\/wp-content\/uploads\/2023\/11\/Nachhaltigkeit-5-2048x611.jpg",2048,611,true],"post-thumbnail":["https:\/\/www.gamapa.de\/wp-content\/uploads\/2023\/11\/Nachhaltigkeit-5.jpg",2560,764,false],"twentytwenty-fullscreen":["https:\/\/www.gamapa.de\/wp-content\/uploads\/2023\/11\/Nachhaltigkeit-5.jpg",2560,764,false],"theme-slug-single-post":["https:\/\/www.gamapa.de\/wp-content\/uploads\/2023\/11\/Nachhaltigkeit-5-1600x400.jpg",1600,400,true]},"uagb_author_info":{"display_name":"ninasenft","author_link":"https:\/\/www.gamapa.de\/fr\/author\/ninasenft\/"},"uagb_comment_info":0,"uagb_excerpt":"Responsabilit\u00e9 envers la nature En tant qu&rsquo;entreprise, nous avons, par nos actions, une responsabilit\u00e9 particuli\u00e8re dans la pr\u00e9servation des ressources naturelles mondiales et l&rsquo;utilisation responsable des ressources. Nous voulons donc \u00e9viter autant que possible de nuire \u00e0 l&rsquo;environnement et aux \u00e9cosyst\u00e8mes et pr\u00e9server la biodiversit\u00e9. L&rsquo;am\u00e9lioration continue de la durabilit\u00e9 de nos produits, services et\u2026","_links":{"self":[{"href":"https:\/\/www.gamapa.de\/fr\/wp-json\/wp\/v2\/pages\/23714","targetHints":{"allow":["GET"]}}],"collection":[{"href":"https:\/\/www.gamapa.de\/fr\/wp-json\/wp\/v2\/pages"}],"about":[{"href":"https:\/\/www.gamapa.de\/fr\/wp-json\/wp\/v2\/types\/page"}],"author":[{"embeddable":true,"href":"https:\/\/www.gamapa.de\/fr\/wp-json\/wp\/v2\/users\/11"}],"replies":[{"embeddable":true,"href":"https:\/\/www.gamapa.de\/fr\/wp-json\/wp\/v2\/comments?post=23714"}],"version-history":[{"count":3,"href":"https:\/\/www.gamapa.de\/fr\/wp-json\/wp\/v2\/pages\/23714\/revisions"}],"predecessor-version":[{"id":23737,"href":"https:\/\/www.gamapa.de\/fr\/wp-json\/wp\/v2\/pages\/23714\/revisions\/23737"}],"up":[{"embeddable":true,"href":"https:\/\/www.gamapa.de\/fr\/wp-json\/wp\/v2\/pages\/23595"}],"wp:featuredmedia":[{"embeddable":true,"href":"https:\/\/www.gamapa.de\/fr\/wp-json\/wp\/v2\/media\/15269"}],"wp:attachment":[{"href":"https:\/\/www.gamapa.de\/fr\/wp-json\/wp\/v2\/media?parent=23714"}],"curies":[{"name":"wp","href":"https:\/\/api.w.org\/{rel}","templated":true}]}}