

{"id":23718,"date":"2024-12-16T12:56:10","date_gmt":"2024-12-16T11:56:10","guid":{"rendered":"https:\/\/www.gamapa.de\/engagement-social\/sportliches-engagement\/"},"modified":"2026-01-21T12:28:41","modified_gmt":"2026-01-21T11:28:41","slug":"engagement-sportif","status":"publish","type":"page","link":"https:\/\/www.gamapa.de\/fr\/engagement-social\/engagement-sportif\/","title":{"rendered":"Engagement sportif"},"content":{"rendered":"\n<h3 class=\"wp-block-heading inhalt\">Bouger ensemble<\/h3>\n\n\n\n<p class=\"inhalt\">Le sport rassemble les gens et favorise la coh\u00e9sion, ce qui repr\u00e9sente une contribution importante pour la soci\u00e9t\u00e9.<\/p>\n\n\n\n<p class=\"inhalt\">Gr\u00e2ce \u00e0 notre engagement dans le secteur sportif, nous souhaitons \u00e0 la fois d\u00e9velopper davantage la gestion de la sant\u00e9 en entreprise et soutenir de mani\u00e8re cibl\u00e9e le sport de comp\u00e9tition local dans notre ville natale, \u00e0 laquelle nous sommes \u00e9troitement li\u00e9s.<\/p>\n\n\n\n<div style=\"height:40px\" aria-hidden=\"true\" class=\"wp-block-spacer\"><\/div>\n\n\n\n<div class=\"wp-block-pb-accordion-item c-accordion__item js-accordion-item no-js medi\" data-initially-open=\"false\" data-click-to-close=\"true\" data-auto-close=\"true\" data-scroll=\"false\" data-scroll-offset=\"0\"><h2 id=\"at-237180\" class=\"c-accordion__title js-accordion-controller\" role=\"button\">Fortuna D\u00fcsseldorf<\/h2><div id=\"ac-237180\" class=\"c-accordion__content\">\n<p><strong>95 ol\u00e9<\/strong> &#8211; En tant que membre du <a href=\"https:\/\/www.f95.de\/business\/partner\/club95partner\/\">Club95<\/a>, nous soutenons notre club local, le Fortuna D\u00fcsseldorf.<\/p>\n\n\n\n<section class=\"wp-block-uagb-section uagb-section__wrap uagb-section__background-none uagb-block-f9d9e8f1\"><div class=\"uagb-section__overlay\"><\/div><div class=\"uagb-section__inner-wrap\">\n<figure class=\"wp-block-image size-full is-resized\"><img loading=\"lazy\" decoding=\"async\" width=\"3159\" height=\"1000\" src=\"https:\/\/www.gamapa.de\/wp-content\/uploads\/2024\/12\/F95_Club95_r_extern-1.png\" alt=\"Fortuna 95 Club Logo\" class=\"wp-image-17177\" style=\"width:424px;height:auto\" srcset=\"https:\/\/www.gamapa.de\/wp-content\/uploads\/2024\/12\/F95_Club95_r_extern-1.png 3159w, https:\/\/www.gamapa.de\/wp-content\/uploads\/2024\/12\/F95_Club95_r_extern-1-600x190.png 600w, https:\/\/www.gamapa.de\/wp-content\/uploads\/2024\/12\/F95_Club95_r_extern-1-768x243.png 768w, https:\/\/www.gamapa.de\/wp-content\/uploads\/2024\/12\/F95_Club95_r_extern-1-50x16.png 50w, https:\/\/www.gamapa.de\/wp-content\/uploads\/2024\/12\/F95_Club95_r_extern-1-1600x506.png 1600w, https:\/\/www.gamapa.de\/wp-content\/uploads\/2024\/12\/F95_Club95_r_extern-1-1536x486.png 1536w, https:\/\/www.gamapa.de\/wp-content\/uploads\/2024\/12\/F95_Club95_r_extern-1-2048x648.png 2048w\" sizes=\"auto, (max-width: 3159px) 100vw, 3159px\" \/><\/figure>\n<\/div><\/section>\n<\/div><\/div>\n\n\n\n<div class=\"wp-block-pb-accordion-item c-accordion__item js-accordion-item no-js medi\" data-initially-open=\"false\" data-click-to-close=\"true\" data-auto-close=\"true\" data-scroll=\"false\" data-scroll-offset=\"0\"><h2 id=\"at-237181\" class=\"c-accordion__title js-accordion-controller\" role=\"button\">B2Run <\/h2><div id=\"ac-237181\" class=\"c-accordion__content\">\n<p>En tant que \u00abGantef\u00fchrer Runners\u00bb, nous avons pris le d\u00e9part du <a href=\"https:\/\/www.b2run.de\/run\/de\/de\/duesseldorf\/index.html\">B2Run \u00e0 D\u00fcsseldorf<\/a> pour la premi\u00e8re fois en 2024, aux c\u00f4t\u00e9s de 14 500 autres coureurs motiv\u00e9s. Mais pour nous, il ne s&rsquo;agit pas seulement de forme physique et de plaisir: chez Gantef\u00fchrer, la durabilit\u00e9 est au c\u0153ur de nos pr\u00e9occupations. Un arbre est plant\u00e9 pour chaque \u00e9quipe participante. Nous combinons ainsi l&rsquo;exercice physique et la communaut\u00e9 avec une contribution \u00e0 un avenir plus vert.<\/p>\n\n\n\n<section class=\"wp-block-uagb-section uagb-section__wrap uagb-section__background-none uagb-block-06e89ba1\"><div class=\"uagb-section__overlay\"><\/div><div class=\"uagb-section__inner-wrap\">\n<figure class=\"wp-block-image size-full is-resized\"><img loading=\"lazy\" decoding=\"async\" width=\"290\" height=\"174\" src=\"https:\/\/www.gamapa.de\/wp-content\/uploads\/2024\/12\/Herunterladen.png\" alt=\"B2 Run Logo\" class=\"wp-image-17184\" style=\"width:288px;height:auto\" srcset=\"https:\/\/www.gamapa.de\/wp-content\/uploads\/2024\/12\/Herunterladen.png 290w, https:\/\/www.gamapa.de\/wp-content\/uploads\/2024\/12\/Herunterladen-50x30.png 50w\" sizes=\"auto, (max-width: 290px) 100vw, 290px\" \/><\/figure>\n<\/div><\/section>\n<\/div><\/div>\n\n\n\n<h3 class=\"wp-block-heading\">Votre interlocuteur:<\/h3>\n\n\n\n<div class=\"wp-block-columns is-layout-flex wp-container-core-columns-is-layout-9d6595d7 wp-block-columns-is-layout-flex\">\n<div class=\"wp-block-column is-layout-flow wp-block-column-is-layout-flow\">\n<figure class=\"wp-block-image size-full\"><img loading=\"lazy\" decoding=\"async\" width=\"600\" height=\"389\" src=\"https:\/\/www.gamapa.de\/wp-content\/uploads\/2020\/08\/Schaar_1.jpg\" alt=\"R\u00fcdiger Schaar\" class=\"wp-image-15507\"\/><figcaption class=\"wp-element-caption\"><a href=\"https:\/\/www.gamapa.de\/ruediger-schaar-steuerberater\/\">R\u00fcdiger Schaar<\/a><\/figcaption><\/figure>\n<\/div>\n\n\n\n<div class=\"wp-block-column 2-5rem is-layout-flow wp-block-column-is-layout-flow\"><\/div>\n<\/div>\n\n\n\n<div style=\"height:40px\" aria-hidden=\"true\" class=\"wp-block-spacer\"><\/div>\n\n\n\n<p>Revenons aux autres domaines dans lesquels nous nous engageons personnellement et en tant que cabinet:<\/p>\n\n\n\n<div class=\"wp-block-columns is-layout-flex wp-container-core-columns-is-layout-9d6595d7 wp-block-columns-is-layout-flex\">\n<div class=\"wp-block-column breites-raster med is-layout-flow wp-block-column-is-layout-flow\">\n<div class=\"wp-block-button\"><a class=\"wp-block-button__link has-background wp-element-button\" href=\"https:\/\/www.gamapa.de\/fr\/engagement-social\/art-et-culture\/\" style=\"background-color:#003565\">Art &amp; culture<\/a><\/div>\n<\/div>\n\n\n\n<div class=\"wp-block-column med is-layout-flow wp-block-column-is-layout-flow\">\n<div class=\"wp-block-button\"><a class=\"wp-block-button__link has-background wp-element-button\" href=\"https:\/\/www.gamapa.de\/fr\/engagement-social\/durabilite-et-environnement\/\" style=\"background-color:#003565\">Environnement<\/a><\/div>\n<\/div>\n\n\n\n<div class=\"wp-block-column med is-layout-flow wp-block-column-is-layout-flow\">\n<div class=\"wp-block-button\"><a class=\"wp-block-button__link has-background wp-element-button\" href=\"https:\/\/www.gamapa.de\/fr\/engagement-social\/ancre-dans-la-region\/\" style=\"background-color:#003565\">Activit\u00e9s locales<\/a><\/div>\n<\/div>\n<\/div>\n\n\n\n<div class=\"wp-block-columns is-layout-flex wp-container-core-columns-is-layout-9d6595d7 wp-block-columns-is-layout-flex\"><\/div>\n","protected":false},"excerpt":{"rendered":"<p>Bouger ensemble Le sport rassemble les gens et favorise la coh\u00e9sion, ce qui repr\u00e9sente une contribution importante pour la soci\u00e9t\u00e9. Gr\u00e2ce \u00e0 notre engagement dans le secteur sportif, nous souhaitons \u00e0 la fois d\u00e9velopper davantage la gestion de la sant\u00e9 en entreprise et soutenir de mani\u00e8re cibl\u00e9e le sport de comp\u00e9tition local dans notre ville <a href=\"https:\/\/www.gamapa.de\/fr\/engagement-social\/engagement-sportif\/\">[\u2026]<\/a><\/p>\n","protected":false},"author":11,"featured_media":17192,"parent":23595,"menu_order":2,"comment_status":"closed","ping_status":"closed","template":"","meta":{"_acf_changed":false,"_uag_custom_page_level_css":"","footnotes":""},"class_list":["post-23718","page","type-page","status-publish","has-post-thumbnail","hentry"],"acf":[],"yoast_head":"<!-- This site is optimized with the Yoast SEO plugin v27.3 - https:\/\/yoast.com\/product\/yoast-seo-wordpress\/ -->\n<title>Engagement sportif<\/title>\n<meta name=\"description\" content=\"L&#039;engagement sportif rassemble les gens et renforce la coh\u00e9sion sociale \u2013 une contribution que nous soutenons activement.\" \/>\n<meta name=\"robots\" content=\"index, follow, max-snippet:-1, max-image-preview:large, max-video-preview:-1\" \/>\n<link rel=\"canonical\" href=\"https:\/\/www.gamapa.de\/fr\/engagement-social\/engagement-sportif\/\" \/>\n<meta property=\"og:locale\" content=\"fr_FR\" \/>\n<meta property=\"og:type\" content=\"article\" \/>\n<meta property=\"og:title\" content=\"Engagement sportif\" \/>\n<meta property=\"og:description\" content=\"L&#039;engagement sportif rassemble les gens et renforce la coh\u00e9sion sociale \u2013 une contribution que nous soutenons activement.\" \/>\n<meta property=\"og:url\" content=\"https:\/\/www.gamapa.de\/fr\/engagement-social\/engagement-sportif\/\" \/>\n<meta property=\"og:site_name\" content=\"GANTEF\u00dcHRER\" \/>\n<meta property=\"article:modified_time\" content=\"2026-01-21T11:28:41+00:00\" \/>\n<meta property=\"og:image\" content=\"https:\/\/www.gamapa.de\/wp-content\/uploads\/2024\/12\/pexels-pavel-danilyuk-6539272-scaled.jpg\" \/>\n\t<meta property=\"og:image:width\" content=\"2560\" \/>\n\t<meta property=\"og:image:height\" content=\"1709\" \/>\n\t<meta property=\"og:image:type\" content=\"image\/jpeg\" \/>\n<meta name=\"twitter:card\" content=\"summary_large_image\" \/>\n<meta name=\"twitter:label1\" content=\"Dur\u00e9e de lecture estim\u00e9e\" \/>\n\t<meta name=\"twitter:data1\" content=\"2 minutes\" \/>\n<script type=\"application\/ld+json\" class=\"yoast-schema-graph\">{\"@context\":\"https:\\\/\\\/schema.org\",\"@graph\":[{\"@type\":\"WebPage\",\"@id\":\"https:\\\/\\\/www.gamapa.de\\\/fr\\\/engagement-social\\\/engagement-sportif\\\/\",\"url\":\"https:\\\/\\\/www.gamapa.de\\\/fr\\\/engagement-social\\\/engagement-sportif\\\/\",\"name\":\"Engagement sportif\",\"isPartOf\":{\"@id\":\"https:\\\/\\\/www.gamapa.de\\\/fr\\\/#website\"},\"primaryImageOfPage\":{\"@id\":\"https:\\\/\\\/www.gamapa.de\\\/fr\\\/engagement-social\\\/engagement-sportif\\\/#primaryimage\"},\"image\":{\"@id\":\"https:\\\/\\\/www.gamapa.de\\\/fr\\\/engagement-social\\\/engagement-sportif\\\/#primaryimage\"},\"thumbnailUrl\":\"https:\\\/\\\/www.gamapa.de\\\/wp-content\\\/uploads\\\/2024\\\/12\\\/pexels-pavel-danilyuk-6539272-scaled.jpg\",\"datePublished\":\"2024-12-16T11:56:10+00:00\",\"dateModified\":\"2026-01-21T11:28:41+00:00\",\"description\":\"L'engagement sportif rassemble les gens et renforce la coh\u00e9sion sociale \u2013 une contribution que nous soutenons activement.\",\"breadcrumb\":{\"@id\":\"https:\\\/\\\/www.gamapa.de\\\/fr\\\/engagement-social\\\/engagement-sportif\\\/#breadcrumb\"},\"inLanguage\":\"fr-FR\",\"potentialAction\":[{\"@type\":\"ReadAction\",\"target\":[\"https:\\\/\\\/www.gamapa.de\\\/fr\\\/engagement-social\\\/engagement-sportif\\\/\"]}]},{\"@type\":\"ImageObject\",\"inLanguage\":\"fr-FR\",\"@id\":\"https:\\\/\\\/www.gamapa.de\\\/fr\\\/engagement-social\\\/engagement-sportif\\\/#primaryimage\",\"url\":\"https:\\\/\\\/www.gamapa.de\\\/wp-content\\\/uploads\\\/2024\\\/12\\\/pexels-pavel-danilyuk-6539272-scaled.jpg\",\"contentUrl\":\"https:\\\/\\\/www.gamapa.de\\\/wp-content\\\/uploads\\\/2024\\\/12\\\/pexels-pavel-danilyuk-6539272-scaled.jpg\",\"width\":2560,\"height\":1709},{\"@type\":\"BreadcrumbList\",\"@id\":\"https:\\\/\\\/www.gamapa.de\\\/fr\\\/engagement-social\\\/engagement-sportif\\\/#breadcrumb\",\"itemListElement\":[{\"@type\":\"ListItem\",\"position\":1,\"name\":\"Startseite\",\"item\":\"https:\\\/\\\/www.gamapa.de\\\/fr\\\/\"},{\"@type\":\"ListItem\",\"position\":2,\"name\":\"Engagement social\",\"item\":\"https:\\\/\\\/www.gamapa.de\\\/fr\\\/engagement-social\\\/\"},{\"@type\":\"ListItem\",\"position\":3,\"name\":\"Engagement sportif\"}]},{\"@type\":\"WebSite\",\"@id\":\"https:\\\/\\\/www.gamapa.de\\\/fr\\\/#website\",\"url\":\"https:\\\/\\\/www.gamapa.de\\\/fr\\\/\",\"name\":\"GANTEF\u00dcHRER\",\"description\":\"Wirtschaftspr\u00fcfer, Steuerberater, Rechtsanw\u00e4lte\",\"publisher\":{\"@id\":\"https:\\\/\\\/www.gamapa.de\\\/fr\\\/#organization\"},\"potentialAction\":[{\"@type\":\"SearchAction\",\"target\":{\"@type\":\"EntryPoint\",\"urlTemplate\":\"https:\\\/\\\/www.gamapa.de\\\/fr\\\/?s={search_term_string}\"},\"query-input\":{\"@type\":\"PropertyValueSpecification\",\"valueRequired\":true,\"valueName\":\"search_term_string\"}}],\"inLanguage\":\"fr-FR\"},{\"@type\":\"Organization\",\"@id\":\"https:\\\/\\\/www.gamapa.de\\\/fr\\\/#organization\",\"name\":\"Gantef\u00fchrer Wirtschaftspr\u00fcfer, Steuerberater, Rechtsanw\u00e4lte\",\"url\":\"https:\\\/\\\/www.gamapa.de\\\/fr\\\/\",\"logo\":{\"@type\":\"ImageObject\",\"inLanguage\":\"fr-FR\",\"@id\":\"https:\\\/\\\/www.gamapa.de\\\/fr\\\/#\\\/schema\\\/logo\\\/image\\\/\",\"url\":\"https:\\\/\\\/www.gamapa.de\\\/wp-content\\\/uploads\\\/2026\\\/01\\\/Logo-Gantefuehrer.png\",\"contentUrl\":\"https:\\\/\\\/www.gamapa.de\\\/wp-content\\\/uploads\\\/2026\\\/01\\\/Logo-Gantefuehrer.png\",\"width\":767,\"height\":156,\"caption\":\"Gantef\u00fchrer Wirtschaftspr\u00fcfer, Steuerberater, Rechtsanw\u00e4lte\"},\"image\":{\"@id\":\"https:\\\/\\\/www.gamapa.de\\\/fr\\\/#\\\/schema\\\/logo\\\/image\\\/\"}}]}<\/script>\n<!-- \/ Yoast SEO plugin. -->","yoast_head_json":{"title":"Engagement sportif","description":"L'engagement sportif rassemble les gens et renforce la coh\u00e9sion sociale \u2013 une contribution que nous soutenons activement.","robots":{"index":"index","follow":"follow","max-snippet":"max-snippet:-1","max-image-preview":"max-image-preview:large","max-video-preview":"max-video-preview:-1"},"canonical":"https:\/\/www.gamapa.de\/fr\/engagement-social\/engagement-sportif\/","og_locale":"fr_FR","og_type":"article","og_title":"Engagement sportif","og_description":"L'engagement sportif rassemble les gens et renforce la coh\u00e9sion sociale \u2013 une contribution que nous soutenons activement.","og_url":"https:\/\/www.gamapa.de\/fr\/engagement-social\/engagement-sportif\/","og_site_name":"GANTEF\u00dcHRER","article_modified_time":"2026-01-21T11:28:41+00:00","og_image":[{"width":2560,"height":1709,"url":"https:\/\/www.gamapa.de\/wp-content\/uploads\/2024\/12\/pexels-pavel-danilyuk-6539272-scaled.jpg","type":"image\/jpeg"}],"twitter_card":"summary_large_image","twitter_misc":{"Dur\u00e9e de lecture estim\u00e9e":"2 minutes"},"schema":{"@context":"https:\/\/schema.org","@graph":[{"@type":"WebPage","@id":"https:\/\/www.gamapa.de\/fr\/engagement-social\/engagement-sportif\/","url":"https:\/\/www.gamapa.de\/fr\/engagement-social\/engagement-sportif\/","name":"Engagement sportif","isPartOf":{"@id":"https:\/\/www.gamapa.de\/fr\/#website"},"primaryImageOfPage":{"@id":"https:\/\/www.gamapa.de\/fr\/engagement-social\/engagement-sportif\/#primaryimage"},"image":{"@id":"https:\/\/www.gamapa.de\/fr\/engagement-social\/engagement-sportif\/#primaryimage"},"thumbnailUrl":"https:\/\/www.gamapa.de\/wp-content\/uploads\/2024\/12\/pexels-pavel-danilyuk-6539272-scaled.jpg","datePublished":"2024-12-16T11:56:10+00:00","dateModified":"2026-01-21T11:28:41+00:00","description":"L'engagement sportif rassemble les gens et renforce la coh\u00e9sion sociale \u2013 une contribution que nous soutenons activement.","breadcrumb":{"@id":"https:\/\/www.gamapa.de\/fr\/engagement-social\/engagement-sportif\/#breadcrumb"},"inLanguage":"fr-FR","potentialAction":[{"@type":"ReadAction","target":["https:\/\/www.gamapa.de\/fr\/engagement-social\/engagement-sportif\/"]}]},{"@type":"ImageObject","inLanguage":"fr-FR","@id":"https:\/\/www.gamapa.de\/fr\/engagement-social\/engagement-sportif\/#primaryimage","url":"https:\/\/www.gamapa.de\/wp-content\/uploads\/2024\/12\/pexels-pavel-danilyuk-6539272-scaled.jpg","contentUrl":"https:\/\/www.gamapa.de\/wp-content\/uploads\/2024\/12\/pexels-pavel-danilyuk-6539272-scaled.jpg","width":2560,"height":1709},{"@type":"BreadcrumbList","@id":"https:\/\/www.gamapa.de\/fr\/engagement-social\/engagement-sportif\/#breadcrumb","itemListElement":[{"@type":"ListItem","position":1,"name":"Startseite","item":"https:\/\/www.gamapa.de\/fr\/"},{"@type":"ListItem","position":2,"name":"Engagement social","item":"https:\/\/www.gamapa.de\/fr\/engagement-social\/"},{"@type":"ListItem","position":3,"name":"Engagement sportif"}]},{"@type":"WebSite","@id":"https:\/\/www.gamapa.de\/fr\/#website","url":"https:\/\/www.gamapa.de\/fr\/","name":"GANTEF\u00dcHRER","description":"Wirtschaftspr\u00fcfer, Steuerberater, Rechtsanw\u00e4lte","publisher":{"@id":"https:\/\/www.gamapa.de\/fr\/#organization"},"potentialAction":[{"@type":"SearchAction","target":{"@type":"EntryPoint","urlTemplate":"https:\/\/www.gamapa.de\/fr\/?s={search_term_string}"},"query-input":{"@type":"PropertyValueSpecification","valueRequired":true,"valueName":"search_term_string"}}],"inLanguage":"fr-FR"},{"@type":"Organization","@id":"https:\/\/www.gamapa.de\/fr\/#organization","name":"Gantef\u00fchrer Wirtschaftspr\u00fcfer, Steuerberater, Rechtsanw\u00e4lte","url":"https:\/\/www.gamapa.de\/fr\/","logo":{"@type":"ImageObject","inLanguage":"fr-FR","@id":"https:\/\/www.gamapa.de\/fr\/#\/schema\/logo\/image\/","url":"https:\/\/www.gamapa.de\/wp-content\/uploads\/2026\/01\/Logo-Gantefuehrer.png","contentUrl":"https:\/\/www.gamapa.de\/wp-content\/uploads\/2026\/01\/Logo-Gantefuehrer.png","width":767,"height":156,"caption":"Gantef\u00fchrer Wirtschaftspr\u00fcfer, Steuerberater, Rechtsanw\u00e4lte"},"image":{"@id":"https:\/\/www.gamapa.de\/fr\/#\/schema\/logo\/image\/"}}]}},"uagb_featured_image_src":{"full":["https:\/\/www.gamapa.de\/wp-content\/uploads\/2024\/12\/pexels-pavel-danilyuk-6539272-scaled.jpg",2560,1709,false],"thumbnail":["https:\/\/www.gamapa.de\/wp-content\/uploads\/2024\/12\/pexels-pavel-danilyuk-6539272-150x150.jpg",150,150,true],"medium":["https:\/\/www.gamapa.de\/wp-content\/uploads\/2024\/12\/pexels-pavel-danilyuk-6539272-600x401.jpg",600,401,true],"medium_large":["https:\/\/www.gamapa.de\/wp-content\/uploads\/2024\/12\/pexels-pavel-danilyuk-6539272-768x513.jpg",580,387,true],"large":["https:\/\/www.gamapa.de\/wp-content\/uploads\/2024\/12\/pexels-pavel-danilyuk-6539272-2397x1600.jpg",580,387,true],"gs-tiny":["https:\/\/www.gamapa.de\/wp-content\/uploads\/2024\/12\/pexels-pavel-danilyuk-6539272-50x33.jpg",50,33,true],"xl":["https:\/\/www.gamapa.de\/wp-content\/uploads\/2024\/12\/pexels-pavel-danilyuk-6539272-1600x1068.jpg",1600,1068,true],"xxl":["https:\/\/www.gamapa.de\/wp-content\/uploads\/2024\/12\/pexels-pavel-danilyuk-6539272-2200x1469.jpg",2200,1469,true],"xxxl":["https:\/\/www.gamapa.de\/wp-content\/uploads\/2024\/12\/pexels-pavel-danilyuk-6539272-2800x1869.jpg",2800,1869,true],"xxxxl":["https:\/\/www.gamapa.de\/wp-content\/uploads\/2024\/12\/pexels-pavel-danilyuk-6539272-3400x2270.jpg",3400,2270,true],"xxxxxl":["https:\/\/www.gamapa.de\/wp-content\/uploads\/2024\/12\/pexels-pavel-danilyuk-6539272-4000x2670.jpg",4000,2670,true],"1536x1536":["https:\/\/www.gamapa.de\/wp-content\/uploads\/2024\/12\/pexels-pavel-danilyuk-6539272-1536x1025.jpg",1536,1025,true],"2048x2048":["https:\/\/www.gamapa.de\/wp-content\/uploads\/2024\/12\/pexels-pavel-danilyuk-6539272-2048x1367.jpg",2048,1367,true],"post-thumbnail":["https:\/\/www.gamapa.de\/wp-content\/uploads\/2024\/12\/pexels-pavel-danilyuk-6539272-2697x1800.jpg",2697,1800,true],"twentytwenty-fullscreen":["https:\/\/www.gamapa.de\/wp-content\/uploads\/2024\/12\/pexels-pavel-danilyuk-6539272-2880x1922.jpg",2880,1922,true],"theme-slug-single-post":["https:\/\/www.gamapa.de\/wp-content\/uploads\/2024\/12\/pexels-pavel-danilyuk-6539272-1600x400.jpg",1600,400,true]},"uagb_author_info":{"display_name":"ninasenft","author_link":"https:\/\/www.gamapa.de\/fr\/author\/ninasenft\/"},"uagb_comment_info":0,"uagb_excerpt":"Bouger ensemble Le sport rassemble les gens et favorise la coh\u00e9sion, ce qui repr\u00e9sente une contribution importante pour la soci\u00e9t\u00e9. Gr\u00e2ce \u00e0 notre engagement dans le secteur sportif, nous souhaitons \u00e0 la fois d\u00e9velopper davantage la gestion de la sant\u00e9 en entreprise et soutenir de mani\u00e8re cibl\u00e9e le sport de comp\u00e9tition local dans notre ville\u2026","_links":{"self":[{"href":"https:\/\/www.gamapa.de\/fr\/wp-json\/wp\/v2\/pages\/23718","targetHints":{"allow":["GET"]}}],"collection":[{"href":"https:\/\/www.gamapa.de\/fr\/wp-json\/wp\/v2\/pages"}],"about":[{"href":"https:\/\/www.gamapa.de\/fr\/wp-json\/wp\/v2\/types\/page"}],"author":[{"embeddable":true,"href":"https:\/\/www.gamapa.de\/fr\/wp-json\/wp\/v2\/users\/11"}],"replies":[{"embeddable":true,"href":"https:\/\/www.gamapa.de\/fr\/wp-json\/wp\/v2\/comments?post=23718"}],"version-history":[{"count":3,"href":"https:\/\/www.gamapa.de\/fr\/wp-json\/wp\/v2\/pages\/23718\/revisions"}],"predecessor-version":[{"id":23736,"href":"https:\/\/www.gamapa.de\/fr\/wp-json\/wp\/v2\/pages\/23718\/revisions\/23736"}],"up":[{"embeddable":true,"href":"https:\/\/www.gamapa.de\/fr\/wp-json\/wp\/v2\/pages\/23595"}],"wp:featuredmedia":[{"embeddable":true,"href":"https:\/\/www.gamapa.de\/fr\/wp-json\/wp\/v2\/media\/17192"}],"wp:attachment":[{"href":"https:\/\/www.gamapa.de\/fr\/wp-json\/wp\/v2\/media?parent=23718"}],"curies":[{"name":"wp","href":"https:\/\/api.w.org\/{rel}","templated":true}]}}