

{"id":23729,"date":"2024-12-16T12:56:54","date_gmt":"2024-12-16T11:56:54","guid":{"rendered":"https:\/\/www.gamapa.de\/engagement-social\/engagement-im-bereich-kunst-und-kultur\/"},"modified":"2026-01-21T12:25:59","modified_gmt":"2026-01-21T11:25:59","slug":"art-et-culture","status":"publish","type":"page","link":"https:\/\/www.gamapa.de\/fr\/engagement-social\/art-et-culture\/","title":{"rendered":"Engagement dans le domaine de l&rsquo;art et de la culture"},"content":{"rendered":"\n<h2 class=\"wp-block-heading inhalt\">La passion pour le c\u0153ur de m\u00e9tier de notre entreprise<\/h2>\n\n\n\n<p class=\"inhalt\">Depuis toujours, les arts plastiques constituent un domaine de conseil sp\u00e9cifique de notre cabinet. Cette passion, d\u00e9j\u00e0 d\u00e9velopp\u00e9e par notre fondateur, s&rsquo;exprime encore aujourd&rsquo;hui.<\/p>\n\n\n\n<div style=\"height:40px\" aria-hidden=\"true\" class=\"wp-block-spacer\"><\/div>\n\n\n\n<div class=\"wp-block-pb-accordion-item c-accordion__item js-accordion-item no-js medi\" data-initially-open=\"false\" data-click-to-close=\"true\" data-auto-close=\"true\" data-scroll=\"false\" data-scroll-offset=\"0\"><h2 id=\"at-237290\" class=\"c-accordion__title js-accordion-controller\" role=\"button\">Dezain Crush<\/h2><div id=\"ac-237290\" class=\"c-accordion__content\">\n<p>En 2025, nous \u00e9tions partenaire officiel de <a href=\"http:\/\/dezain-crush.com\">Dezain Crush<\/a>, l&rsquo;exposition de design japonais et allemand \u00e0 D\u00fcsseldorf.<\/p>\n\n\n\n<section class=\"wp-block-uagb-section uagb-section__wrap uagb-section__background-none uagb-block-aed27b53\"><div class=\"uagb-section__overlay\"><\/div><div class=\"uagb-section__inner-wrap\">\n<figure class=\"wp-block-image size-full is-resized\"><img loading=\"lazy\" decoding=\"async\" width=\"453\" height=\"216\" src=\"https:\/\/www.gamapa.de\/wp-content\/uploads\/2025\/01\/dezain-crush-rot.png\" alt=\"Dezain Crush Logo\" class=\"wp-image-18632\" style=\"width:326px;height:auto\" srcset=\"https:\/\/www.gamapa.de\/wp-content\/uploads\/2025\/01\/dezain-crush-rot.png 453w, https:\/\/www.gamapa.de\/wp-content\/uploads\/2025\/01\/dezain-crush-rot-50x24.png 50w\" sizes=\"auto, (max-width: 453px) 100vw, 453px\" \/><\/figure>\n<\/div><\/section>\n<\/div><\/div>\n\n\n\n<div class=\"wp-block-pb-accordion-item c-accordion__item js-accordion-item no-js medi\" data-initially-open=\"false\" data-click-to-close=\"true\" data-auto-close=\"true\" data-scroll=\"false\" data-scroll-offset=\"0\"><h2 id=\"at-237291\" class=\"c-accordion__title js-accordion-controller\" role=\"button\">Club 111<\/h2><div id=\"ac-237291\" class=\"c-accordion__content\">\n<p>Gantef\u00fchrer a \u00e9t\u00e9 fond\u00e9 \u00e0 D\u00fcsseldorf il y a 50 ans. C&rsquo;est pourquoi nous nous sentons \u00e9troitement li\u00e9s \u00e0 notre ville natale et \u00e0 ses traditions, et nous avons particuli\u00e8rement \u00e0 c\u0153ur de promouvoir activement le carnaval de D\u00fcsseldorf et nos coutumes rh\u00e9nanes.<\/p>\n\n\n\n<p>\u00c0 l&rsquo;occasion de l&rsquo;anniversaire de notre cabinet en 2025 et du 200e anniversaire du carnaval de D\u00fcsseldorf, nous avons rejoint le \u00ab Club 111 \u00bb du <a href=\"https:\/\/www.helau.cc\/de\">Comitee D\u00fcsseldorfer Carneval e.V.<\/a> (Comit\u00e9 du carnaval de D\u00fcsseldorf). Par cet engagement, nous voulons contribuer \u00e0 ce que les petites associations puissent \u00e9galement pr\u00e9server nos traditions et les transmettre aux g\u00e9n\u00e9rations futures.<\/p>\n\n\n\n<section class=\"wp-block-uagb-section uagb-section__wrap uagb-section__background-none uagb-block-44a4321e\"><div class=\"uagb-section__overlay\"><\/div><div class=\"uagb-section__inner-wrap\">\n<figure class=\"wp-block-image size-full is-resized\"><img loading=\"lazy\" decoding=\"async\" width=\"2560\" height=\"1437\" src=\"https:\/\/www.gamapa.de\/wp-content\/uploads\/2025\/01\/Club-111-Logo-scaled.jpg\" alt=\"Club 111 Logo \" class=\"wp-image-18642\" style=\"width:326px;height:auto\" srcset=\"https:\/\/www.gamapa.de\/wp-content\/uploads\/2025\/01\/Club-111-Logo-scaled.jpg 2560w, https:\/\/www.gamapa.de\/wp-content\/uploads\/2025\/01\/Club-111-Logo-600x337.jpg 600w, https:\/\/www.gamapa.de\/wp-content\/uploads\/2025\/01\/Club-111-Logo-768x431.jpg 768w, https:\/\/www.gamapa.de\/wp-content\/uploads\/2025\/01\/Club-111-Logo-50x28.jpg 50w, https:\/\/www.gamapa.de\/wp-content\/uploads\/2025\/01\/Club-111-Logo-1600x898.jpg 1600w, https:\/\/www.gamapa.de\/wp-content\/uploads\/2025\/01\/Club-111-Logo-1536x862.jpg 1536w, https:\/\/www.gamapa.de\/wp-content\/uploads\/2025\/01\/Club-111-Logo-2048x1150.jpg 2048w\" sizes=\"auto, (max-width: 2560px) 100vw, 2560px\" \/><\/figure>\n<\/div><\/section>\n<\/div><\/div>\n\n\n\n<div class=\"wp-block-pb-accordion-item c-accordion__item js-accordion-item no-js medi\" data-initially-open=\"false\" data-click-to-close=\"true\" data-auto-close=\"true\" data-scroll=\"false\" data-scroll-offset=\"0\"><h2 id=\"at-237292\" class=\"c-accordion__title js-accordion-controller\" role=\"button\">Association de soutien au d\u00e9partement Design de l&rsquo;universit\u00e9 de D\u00fcsseldorf<\/h2><div id=\"ac-237292\" class=\"c-accordion__content\">\n<p>Nous soutenons <a href=\"https:\/\/hsd-pbsa.de\/foerderverein\/\">l&rsquo;association de promotion du d\u00e9partement Design de l&rsquo;universit\u00e9 de D\u00fcsseldorf<\/a>. <\/p>\n\n\n\n<section class=\"wp-block-uagb-section uagb-section__wrap uagb-section__background-none uagb-block-d460c333\"><div class=\"uagb-section__overlay\"><\/div><div class=\"uagb-section__inner-wrap\">\n<figure class=\"wp-block-image size-full\"><img loading=\"lazy\" decoding=\"async\" width=\"307\" height=\"164\" src=\"https:\/\/www.gamapa.de\/wp-content\/uploads\/2024\/12\/HSD.png\" alt=\"Hochschule D\u00fcsseldorf HSD Logo\" class=\"wp-image-17196\" srcset=\"https:\/\/www.gamapa.de\/wp-content\/uploads\/2024\/12\/HSD.png 307w, https:\/\/www.gamapa.de\/wp-content\/uploads\/2024\/12\/HSD-50x27.png 50w\" sizes=\"auto, (max-width: 307px) 100vw, 307px\" \/><\/figure>\n<\/div><\/section>\n\n\n\n<div style=\"height:66px\" aria-hidden=\"true\" class=\"wp-block-spacer\"><\/div>\n<\/div><\/div>\n\n\n\n<div class=\"wp-block-pb-accordion-item c-accordion__item js-accordion-item no-js medi\" data-initially-open=\"false\" data-click-to-close=\"true\" data-auto-close=\"true\" data-scroll=\"false\" data-scroll-offset=\"0\"><h2 id=\"at-237293\" class=\"c-accordion__title js-accordion-controller\" role=\"button\">Association des amis du Mus\u00e9e Kunstpalast<\/h2><div id=\"ac-237293\" class=\"c-accordion__content\">\n<p>Nous sommes membres de l&rsquo;association \u00ab Freunde Museum Kunstpalast \u00bb (Les amis du mus\u00e9e Kunstpalast).<\/p>\n\n\n\n<p>La mission premi\u00e8re de l&rsquo;association <a href=\"https:\/\/freunde.kunstpalast.de\/\">Freunde Museum Kunstpalast e.V.<\/a> est de promouvoir le mus\u00e9e Kunstpalast et ses institutions partenaires, le NRW-Forum et la Robert-Schumann-Saal.<\/p>\n\n\n\n<section class=\"wp-block-uagb-section uagb-section__wrap uagb-section__background-none uagb-block-f3ebe76e\"><div class=\"uagb-section__overlay\"><\/div><div class=\"uagb-section__inner-wrap\">\n<figure class=\"wp-block-image size-full is-resized\"><img loading=\"lazy\" decoding=\"async\" width=\"682\" height=\"249\" src=\"https:\/\/www.gamapa.de\/wp-content\/uploads\/2024\/12\/brandingfriends-kunstpalast.png\" alt=\"\" class=\"wp-image-18213\" style=\"width:440px;height:auto\" srcset=\"https:\/\/www.gamapa.de\/wp-content\/uploads\/2024\/12\/brandingfriends-kunstpalast.png 682w, https:\/\/www.gamapa.de\/wp-content\/uploads\/2024\/12\/brandingfriends-kunstpalast-600x219.png 600w, https:\/\/www.gamapa.de\/wp-content\/uploads\/2024\/12\/brandingfriends-kunstpalast-50x18.png 50w\" sizes=\"auto, (max-width: 682px) 100vw, 682px\" \/><\/figure>\n<\/div><\/section>\n\n\n\n<div style=\"height:66px\" aria-hidden=\"true\" class=\"wp-block-spacer\"><\/div>\n<\/div><\/div>\n\n\n\n<div class=\"wp-block-pb-accordion-item c-accordion__item js-accordion-item no-js medi\" data-initially-open=\"false\" data-click-to-close=\"true\" data-auto-close=\"true\" data-scroll=\"false\" data-scroll-offset=\"0\"><h2 id=\"at-237294\" class=\"c-accordion__title js-accordion-controller\" role=\"button\">Association des amis de la collection d&rsquo;art NRW e.V.<\/h2><div id=\"ac-237294\" class=\"c-accordion__content\">\n<p>Les Amis de la collection d&rsquo;art de Rh\u00e9nanie-du-Nord-Westphalie (<a href=\"https:\/\/www.kunstsammlung.de\/de\/engagement\/friends\/\">Freunde der Kunstsammlung Nordrhein-Westfalen e.V.<\/a>) accompagnent la collection d&rsquo;art depuis 1969.<\/p>\n\n\n\n<p>Les missions de l&rsquo;association sont d\u00e9crites de mani\u00e8re tr\u00e8s pr\u00e9cise dans ses statuts: promotion id\u00e9ologique et mat\u00e9rielle de la collection d&rsquo;art de Rh\u00e9nanie-du-Nord-Westphalie. L&rsquo;acquisition d&rsquo;\u0153uvres d&rsquo;art est au premier plan. Au fil des ans, de nombreux souhaits autrement irr\u00e9alisables de la collection d&rsquo;art ont ainsi \u00e9t\u00e9 exauc\u00e9s (voir \u00abAcquisitions\u00bb).<\/p>\n\n\n\n<section class=\"wp-block-uagb-section uagb-section__wrap uagb-section__background-none uagb-block-4ffa4305\"><div class=\"uagb-section__overlay\"><\/div><div class=\"uagb-section__inner-wrap\">\n<figure class=\"wp-block-image size-full is-resized\"><img loading=\"lazy\" decoding=\"async\" width=\"305\" height=\"94\" src=\"https:\/\/www.gamapa.de\/wp-content\/uploads\/2024\/12\/freunde-Kunstsammlung.png\" alt=\"Freunde der Kunstsammlung NRW Logo\" class=\"wp-image-18220\" style=\"width:440px;height:auto\" srcset=\"https:\/\/www.gamapa.de\/wp-content\/uploads\/2024\/12\/freunde-Kunstsammlung.png 305w, https:\/\/www.gamapa.de\/wp-content\/uploads\/2024\/12\/freunde-Kunstsammlung-50x15.png 50w\" sizes=\"auto, (max-width: 305px) 100vw, 305px\" \/><\/figure>\n<\/div><\/section>\n\n\n\n<div style=\"height:66px\" aria-hidden=\"true\" class=\"wp-block-spacer\"><\/div>\n<\/div><\/div>\n\n\n\n<h3 class=\"wp-block-heading\">Vos interlocuteurs:<\/h3>\n\n\n\n<div class=\"wp-block-columns is-layout-flex wp-container-core-columns-is-layout-9d6595d7 wp-block-columns-is-layout-flex\">\n<div class=\"wp-block-column is-layout-flow wp-block-column-is-layout-flow\">\n<figure class=\"wp-block-image size-full\"><img loading=\"lazy\" decoding=\"async\" width=\"600\" height=\"389\" src=\"https:\/\/www.gamapa.de\/wp-content\/uploads\/2020\/08\/Niedermeyer-600x389-1.jpg\" alt=\"Vera Niedermeyer\" class=\"wp-image-8135\"\/><figcaption class=\"wp-element-caption\"><a href=\"https:\/\/www.gamapa.de\/vera-niedermeyer-rechstanwaeltin-mediatorin\/\">Vera Niedermeyer<\/a><\/figcaption><\/figure>\n<\/div>\n\n\n\n<div class=\"wp-block-column 2-5rem is-layout-flow wp-block-column-is-layout-flow\">\n<figure class=\"wp-block-image size-full\"><img loading=\"lazy\" decoding=\"async\" width=\"600\" height=\"389\" src=\"https:\/\/www.gamapa.de\/wp-content\/uploads\/2020\/08\/Schaar_1.jpg\" alt=\"R\u00fcdiger Schaar\" class=\"wp-image-15507\"\/><figcaption class=\"wp-element-caption\"><a href=\"https:\/\/www.gamapa.de\/ruediger-schaar-steuerberater\/\">R\u00fcdiger Schaar<\/a><\/figcaption><\/figure>\n<\/div>\n<\/div>\n\n\n\n<div style=\"height:65px\" aria-hidden=\"true\" class=\"wp-block-spacer\"><\/div>\n\n\n\n<p>Revenons aux autres domaines dans lesquels nous nous engageons personnellement et en tant que cabinet:<\/p>\n\n\n\n<div class=\"wp-block-columns is-layout-flex wp-container-core-columns-is-layout-9d6595d7 wp-block-columns-is-layout-flex\">\n<div class=\"wp-block-column breites-raster med is-layout-flow wp-block-column-is-layout-flow\">\n<div class=\"wp-block-button\"><a class=\"wp-block-button__link has-background wp-element-button\" href=\"https:\/\/www.gamapa.de\/fr\/engagement-social\/engagement-sportif\/\" style=\"background-color:#003565\">Sport<\/a><\/div>\n<\/div>\n\n\n\n<div class=\"wp-block-column med is-layout-flow wp-block-column-is-layout-flow\">\n<div class=\"wp-block-button\"><a class=\"wp-block-button__link has-background wp-element-button\" href=\"https:\/\/www.gamapa.de\/fr\/engagement-social\/durabilite-et-environnement\/\" style=\"background-color:#003565\">Umwelt<\/a><\/div>\n<\/div>\n\n\n\n<div class=\"wp-block-column med is-layout-flow wp-block-column-is-layout-flow\">\n<div class=\"wp-block-button\"><a class=\"wp-block-button__link has-background wp-element-button\" href=\"https:\/\/www.gamapa.de\/fr\/engagement-social\/ancre-dans-la-region\/\" style=\"background-color:#003565\">Lokales<\/a><\/div>\n<\/div>\n<\/div>\n\n\n\n<div class=\"wp-block-columns is-layout-flex wp-container-core-columns-is-layout-9d6595d7 wp-block-columns-is-layout-flex\"><\/div>\n","protected":false},"excerpt":{"rendered":"<p>La passion pour le c\u0153ur de m\u00e9tier de notre entreprise Depuis toujours, les arts plastiques constituent un domaine de conseil sp\u00e9cifique de notre cabinet. Cette passion, d\u00e9j\u00e0 d\u00e9velopp\u00e9e par notre fondateur, s&rsquo;exprime encore aujourd&rsquo;hui. Vos interlocuteurs: Revenons aux autres domaines dans lesquels nous nous engageons personnellement et en tant que cabinet:<\/p>\n","protected":false},"author":11,"featured_media":8955,"parent":23595,"menu_order":3,"comment_status":"closed","ping_status":"closed","template":"","meta":{"_acf_changed":false,"_uag_custom_page_level_css":"","footnotes":""},"class_list":["post-23729","page","type-page","status-publish","has-post-thumbnail","hentry"],"acf":[],"yoast_head":"<!-- This site is optimized with the Yoast SEO plugin v27.3 - https:\/\/yoast.com\/product\/yoast-seo-wordpress\/ -->\n<title>l&#039;art et culture<\/title>\n<meta name=\"description\" content=\"Depuis toujours, les arts plastiques constituent un domaine de conseil sp\u00e9cifique de notre cabinet; d&#039;o\u00f9 notre engagement dans ce domaine.\" \/>\n<meta name=\"robots\" content=\"index, follow, max-snippet:-1, max-image-preview:large, max-video-preview:-1\" \/>\n<link rel=\"canonical\" href=\"https:\/\/www.gamapa.de\/fr\/engagement-social\/art-et-culture\/\" \/>\n<meta property=\"og:locale\" content=\"fr_FR\" \/>\n<meta property=\"og:type\" content=\"article\" \/>\n<meta property=\"og:title\" content=\"l&#039;art et culture\" \/>\n<meta property=\"og:description\" content=\"Depuis toujours, les arts plastiques constituent un domaine de conseil sp\u00e9cifique de notre cabinet; d&#039;o\u00f9 notre engagement dans ce domaine.\" \/>\n<meta property=\"og:url\" content=\"https:\/\/www.gamapa.de\/fr\/engagement-social\/art-et-culture\/\" \/>\n<meta property=\"og:site_name\" content=\"GANTEF\u00dcHRER\" \/>\n<meta property=\"article:modified_time\" content=\"2026-01-21T11:25:59+00:00\" \/>\n<meta property=\"og:image\" content=\"https:\/\/www.gamapa.de\/wp-content\/uploads\/2021\/08\/Header-rat-scaled.jpg\" \/>\n\t<meta property=\"og:image:width\" content=\"2560\" \/>\n\t<meta property=\"og:image:height\" content=\"764\" \/>\n\t<meta property=\"og:image:type\" content=\"image\/jpeg\" \/>\n<meta name=\"twitter:card\" content=\"summary_large_image\" \/>\n<meta name=\"twitter:label1\" content=\"Dur\u00e9e de lecture estim\u00e9e\" \/>\n\t<meta name=\"twitter:data1\" content=\"4 minutes\" \/>\n<script type=\"application\/ld+json\" class=\"yoast-schema-graph\">{\"@context\":\"https:\\\/\\\/schema.org\",\"@graph\":[{\"@type\":\"WebPage\",\"@id\":\"https:\\\/\\\/www.gamapa.de\\\/fr\\\/engagement-social\\\/art-et-culture\\\/\",\"url\":\"https:\\\/\\\/www.gamapa.de\\\/fr\\\/engagement-social\\\/art-et-culture\\\/\",\"name\":\"l'art et culture\",\"isPartOf\":{\"@id\":\"https:\\\/\\\/www.gamapa.de\\\/fr\\\/#website\"},\"primaryImageOfPage\":{\"@id\":\"https:\\\/\\\/www.gamapa.de\\\/fr\\\/engagement-social\\\/art-et-culture\\\/#primaryimage\"},\"image\":{\"@id\":\"https:\\\/\\\/www.gamapa.de\\\/fr\\\/engagement-social\\\/art-et-culture\\\/#primaryimage\"},\"thumbnailUrl\":\"https:\\\/\\\/www.gamapa.de\\\/wp-content\\\/uploads\\\/2021\\\/08\\\/Header-rat-scaled.jpg\",\"datePublished\":\"2024-12-16T11:56:54+00:00\",\"dateModified\":\"2026-01-21T11:25:59+00:00\",\"description\":\"Depuis toujours, les arts plastiques constituent un domaine de conseil sp\u00e9cifique de notre cabinet; d'o\u00f9 notre engagement dans ce domaine.\",\"breadcrumb\":{\"@id\":\"https:\\\/\\\/www.gamapa.de\\\/fr\\\/engagement-social\\\/art-et-culture\\\/#breadcrumb\"},\"inLanguage\":\"fr-FR\",\"potentialAction\":[{\"@type\":\"ReadAction\",\"target\":[\"https:\\\/\\\/www.gamapa.de\\\/fr\\\/engagement-social\\\/art-et-culture\\\/\"]}]},{\"@type\":\"ImageObject\",\"inLanguage\":\"fr-FR\",\"@id\":\"https:\\\/\\\/www.gamapa.de\\\/fr\\\/engagement-social\\\/art-et-culture\\\/#primaryimage\",\"url\":\"https:\\\/\\\/www.gamapa.de\\\/wp-content\\\/uploads\\\/2021\\\/08\\\/Header-rat-scaled.jpg\",\"contentUrl\":\"https:\\\/\\\/www.gamapa.de\\\/wp-content\\\/uploads\\\/2021\\\/08\\\/Header-rat-scaled.jpg\",\"width\":2560,\"height\":764},{\"@type\":\"BreadcrumbList\",\"@id\":\"https:\\\/\\\/www.gamapa.de\\\/fr\\\/engagement-social\\\/art-et-culture\\\/#breadcrumb\",\"itemListElement\":[{\"@type\":\"ListItem\",\"position\":1,\"name\":\"Startseite\",\"item\":\"https:\\\/\\\/www.gamapa.de\\\/fr\\\/\"},{\"@type\":\"ListItem\",\"position\":2,\"name\":\"Engagement social\",\"item\":\"https:\\\/\\\/www.gamapa.de\\\/fr\\\/engagement-social\\\/\"},{\"@type\":\"ListItem\",\"position\":3,\"name\":\"Engagement dans le domaine de l&#8217;art et de la culture\"}]},{\"@type\":\"WebSite\",\"@id\":\"https:\\\/\\\/www.gamapa.de\\\/fr\\\/#website\",\"url\":\"https:\\\/\\\/www.gamapa.de\\\/fr\\\/\",\"name\":\"GANTEF\u00dcHRER\",\"description\":\"Wirtschaftspr\u00fcfer, Steuerberater, Rechtsanw\u00e4lte\",\"publisher\":{\"@id\":\"https:\\\/\\\/www.gamapa.de\\\/fr\\\/#organization\"},\"potentialAction\":[{\"@type\":\"SearchAction\",\"target\":{\"@type\":\"EntryPoint\",\"urlTemplate\":\"https:\\\/\\\/www.gamapa.de\\\/fr\\\/?s={search_term_string}\"},\"query-input\":{\"@type\":\"PropertyValueSpecification\",\"valueRequired\":true,\"valueName\":\"search_term_string\"}}],\"inLanguage\":\"fr-FR\"},{\"@type\":\"Organization\",\"@id\":\"https:\\\/\\\/www.gamapa.de\\\/fr\\\/#organization\",\"name\":\"Gantef\u00fchrer Wirtschaftspr\u00fcfer, Steuerberater, Rechtsanw\u00e4lte\",\"url\":\"https:\\\/\\\/www.gamapa.de\\\/fr\\\/\",\"logo\":{\"@type\":\"ImageObject\",\"inLanguage\":\"fr-FR\",\"@id\":\"https:\\\/\\\/www.gamapa.de\\\/fr\\\/#\\\/schema\\\/logo\\\/image\\\/\",\"url\":\"https:\\\/\\\/www.gamapa.de\\\/wp-content\\\/uploads\\\/2026\\\/01\\\/Logo-Gantefuehrer.png\",\"contentUrl\":\"https:\\\/\\\/www.gamapa.de\\\/wp-content\\\/uploads\\\/2026\\\/01\\\/Logo-Gantefuehrer.png\",\"width\":767,\"height\":156,\"caption\":\"Gantef\u00fchrer Wirtschaftspr\u00fcfer, Steuerberater, Rechtsanw\u00e4lte\"},\"image\":{\"@id\":\"https:\\\/\\\/www.gamapa.de\\\/fr\\\/#\\\/schema\\\/logo\\\/image\\\/\"}}]}<\/script>\n<!-- \/ Yoast SEO plugin. -->","yoast_head_json":{"title":"l'art et culture","description":"Depuis toujours, les arts plastiques constituent un domaine de conseil sp\u00e9cifique de notre cabinet; d'o\u00f9 notre engagement dans ce domaine.","robots":{"index":"index","follow":"follow","max-snippet":"max-snippet:-1","max-image-preview":"max-image-preview:large","max-video-preview":"max-video-preview:-1"},"canonical":"https:\/\/www.gamapa.de\/fr\/engagement-social\/art-et-culture\/","og_locale":"fr_FR","og_type":"article","og_title":"l'art et culture","og_description":"Depuis toujours, les arts plastiques constituent un domaine de conseil sp\u00e9cifique de notre cabinet; d'o\u00f9 notre engagement dans ce domaine.","og_url":"https:\/\/www.gamapa.de\/fr\/engagement-social\/art-et-culture\/","og_site_name":"GANTEF\u00dcHRER","article_modified_time":"2026-01-21T11:25:59+00:00","og_image":[{"width":2560,"height":764,"url":"https:\/\/www.gamapa.de\/wp-content\/uploads\/2021\/08\/Header-rat-scaled.jpg","type":"image\/jpeg"}],"twitter_card":"summary_large_image","twitter_misc":{"Dur\u00e9e de lecture estim\u00e9e":"4 minutes"},"schema":{"@context":"https:\/\/schema.org","@graph":[{"@type":"WebPage","@id":"https:\/\/www.gamapa.de\/fr\/engagement-social\/art-et-culture\/","url":"https:\/\/www.gamapa.de\/fr\/engagement-social\/art-et-culture\/","name":"l'art et culture","isPartOf":{"@id":"https:\/\/www.gamapa.de\/fr\/#website"},"primaryImageOfPage":{"@id":"https:\/\/www.gamapa.de\/fr\/engagement-social\/art-et-culture\/#primaryimage"},"image":{"@id":"https:\/\/www.gamapa.de\/fr\/engagement-social\/art-et-culture\/#primaryimage"},"thumbnailUrl":"https:\/\/www.gamapa.de\/wp-content\/uploads\/2021\/08\/Header-rat-scaled.jpg","datePublished":"2024-12-16T11:56:54+00:00","dateModified":"2026-01-21T11:25:59+00:00","description":"Depuis toujours, les arts plastiques constituent un domaine de conseil sp\u00e9cifique de notre cabinet; d'o\u00f9 notre engagement dans ce domaine.","breadcrumb":{"@id":"https:\/\/www.gamapa.de\/fr\/engagement-social\/art-et-culture\/#breadcrumb"},"inLanguage":"fr-FR","potentialAction":[{"@type":"ReadAction","target":["https:\/\/www.gamapa.de\/fr\/engagement-social\/art-et-culture\/"]}]},{"@type":"ImageObject","inLanguage":"fr-FR","@id":"https:\/\/www.gamapa.de\/fr\/engagement-social\/art-et-culture\/#primaryimage","url":"https:\/\/www.gamapa.de\/wp-content\/uploads\/2021\/08\/Header-rat-scaled.jpg","contentUrl":"https:\/\/www.gamapa.de\/wp-content\/uploads\/2021\/08\/Header-rat-scaled.jpg","width":2560,"height":764},{"@type":"BreadcrumbList","@id":"https:\/\/www.gamapa.de\/fr\/engagement-social\/art-et-culture\/#breadcrumb","itemListElement":[{"@type":"ListItem","position":1,"name":"Startseite","item":"https:\/\/www.gamapa.de\/fr\/"},{"@type":"ListItem","position":2,"name":"Engagement social","item":"https:\/\/www.gamapa.de\/fr\/engagement-social\/"},{"@type":"ListItem","position":3,"name":"Engagement dans le domaine de l&#8217;art et de la culture"}]},{"@type":"WebSite","@id":"https:\/\/www.gamapa.de\/fr\/#website","url":"https:\/\/www.gamapa.de\/fr\/","name":"GANTEF\u00dcHRER","description":"Wirtschaftspr\u00fcfer, Steuerberater, Rechtsanw\u00e4lte","publisher":{"@id":"https:\/\/www.gamapa.de\/fr\/#organization"},"potentialAction":[{"@type":"SearchAction","target":{"@type":"EntryPoint","urlTemplate":"https:\/\/www.gamapa.de\/fr\/?s={search_term_string}"},"query-input":{"@type":"PropertyValueSpecification","valueRequired":true,"valueName":"search_term_string"}}],"inLanguage":"fr-FR"},{"@type":"Organization","@id":"https:\/\/www.gamapa.de\/fr\/#organization","name":"Gantef\u00fchrer Wirtschaftspr\u00fcfer, Steuerberater, Rechtsanw\u00e4lte","url":"https:\/\/www.gamapa.de\/fr\/","logo":{"@type":"ImageObject","inLanguage":"fr-FR","@id":"https:\/\/www.gamapa.de\/fr\/#\/schema\/logo\/image\/","url":"https:\/\/www.gamapa.de\/wp-content\/uploads\/2026\/01\/Logo-Gantefuehrer.png","contentUrl":"https:\/\/www.gamapa.de\/wp-content\/uploads\/2026\/01\/Logo-Gantefuehrer.png","width":767,"height":156,"caption":"Gantef\u00fchrer Wirtschaftspr\u00fcfer, Steuerberater, Rechtsanw\u00e4lte"},"image":{"@id":"https:\/\/www.gamapa.de\/fr\/#\/schema\/logo\/image\/"}}]}},"uagb_featured_image_src":{"full":["https:\/\/www.gamapa.de\/wp-content\/uploads\/2021\/08\/Header-rat-scaled.jpg",2560,764,false],"thumbnail":["https:\/\/www.gamapa.de\/wp-content\/uploads\/2021\/08\/Header-rat-150x150.jpg",150,150,true],"medium":["https:\/\/www.gamapa.de\/wp-content\/uploads\/2021\/08\/Header-rat-600x179.jpg",600,179,true],"medium_large":["https:\/\/www.gamapa.de\/wp-content\/uploads\/2021\/08\/Header-rat-768x229.jpg",580,173,true],"large":["https:\/\/www.gamapa.de\/wp-content\/uploads\/2021\/08\/Header-rat-scaled.jpg",580,173,false],"gs-tiny":["https:\/\/www.gamapa.de\/wp-content\/uploads\/2021\/08\/Header-rat-scaled.jpg",50,15,false],"xl":["https:\/\/www.gamapa.de\/wp-content\/uploads\/2021\/08\/Header-rat-1600x477.jpg",1600,477,true],"xxl":["https:\/\/www.gamapa.de\/wp-content\/uploads\/2021\/08\/Header-rat-2200x656.jpg",2200,656,true],"xxxl":["https:\/\/www.gamapa.de\/wp-content\/uploads\/2021\/08\/Header-rat-2800x835.jpg",2800,835,true],"xxxxl":["https:\/\/www.gamapa.de\/wp-content\/uploads\/2021\/08\/Header-rat-scaled.jpg",2560,764,false],"xxxxxl":["https:\/\/www.gamapa.de\/wp-content\/uploads\/2021\/08\/Header-rat-scaled.jpg",2560,764,false],"1536x1536":["https:\/\/www.gamapa.de\/wp-content\/uploads\/2021\/08\/Header-rat-1536x458.jpg",1536,458,true],"2048x2048":["https:\/\/www.gamapa.de\/wp-content\/uploads\/2021\/08\/Header-rat-2048x611.jpg",2048,611,true],"post-thumbnail":["https:\/\/www.gamapa.de\/wp-content\/uploads\/2021\/08\/Header-rat-scaled.jpg",2560,764,false],"twentytwenty-fullscreen":["https:\/\/www.gamapa.de\/wp-content\/uploads\/2021\/08\/Header-rat-scaled.jpg",2560,764,false],"theme-slug-single-post":["https:\/\/www.gamapa.de\/wp-content\/uploads\/2021\/08\/Header-rat-1600x400.jpg",1600,400,true]},"uagb_author_info":{"display_name":"ninasenft","author_link":"https:\/\/www.gamapa.de\/fr\/author\/ninasenft\/"},"uagb_comment_info":0,"uagb_excerpt":"La passion pour le c\u0153ur de m\u00e9tier de notre entreprise Depuis toujours, les arts plastiques constituent un domaine de conseil sp\u00e9cifique de notre cabinet. Cette passion, d\u00e9j\u00e0 d\u00e9velopp\u00e9e par notre fondateur, s&rsquo;exprime encore aujourd&rsquo;hui. Vos interlocuteurs: Revenons aux autres domaines dans lesquels nous nous engageons personnellement et en tant que cabinet:","_links":{"self":[{"href":"https:\/\/www.gamapa.de\/fr\/wp-json\/wp\/v2\/pages\/23729","targetHints":{"allow":["GET"]}}],"collection":[{"href":"https:\/\/www.gamapa.de\/fr\/wp-json\/wp\/v2\/pages"}],"about":[{"href":"https:\/\/www.gamapa.de\/fr\/wp-json\/wp\/v2\/types\/page"}],"author":[{"embeddable":true,"href":"https:\/\/www.gamapa.de\/fr\/wp-json\/wp\/v2\/users\/11"}],"replies":[{"embeddable":true,"href":"https:\/\/www.gamapa.de\/fr\/wp-json\/wp\/v2\/comments?post=23729"}],"version-history":[{"count":3,"href":"https:\/\/www.gamapa.de\/fr\/wp-json\/wp\/v2\/pages\/23729\/revisions"}],"predecessor-version":[{"id":23733,"href":"https:\/\/www.gamapa.de\/fr\/wp-json\/wp\/v2\/pages\/23729\/revisions\/23733"}],"up":[{"embeddable":true,"href":"https:\/\/www.gamapa.de\/fr\/wp-json\/wp\/v2\/pages\/23595"}],"wp:featuredmedia":[{"embeddable":true,"href":"https:\/\/www.gamapa.de\/fr\/wp-json\/wp\/v2\/media\/8955"}],"wp:attachment":[{"href":"https:\/\/www.gamapa.de\/fr\/wp-json\/wp\/v2\/media?parent=23729"}],"curies":[{"name":"wp","href":"https:\/\/api.w.org\/{rel}","templated":true}]}}