

{"id":23779,"date":"2026-01-21T15:16:12","date_gmt":"2026-01-21T14:16:12","guid":{"rendered":"https:\/\/www.gamapa.de\/conseillers\/dr-frank-kafka\/"},"modified":"2026-02-23T10:10:13","modified_gmt":"2026-02-23T09:10:13","slug":"dr-frank-kafka","status":"publish","type":"page","link":"https:\/\/www.gamapa.de\/fr\/conseillers\/dr-frank-kafka\/","title":{"rendered":"Dr. Frank Kafka"},"content":{"rendered":"\n<h3 class=\"wp-block-heading\">Domaines de sp\u00e9cialisation<\/h3>\n\n\n\n<ul class=\"wp-block-list\">\n<li>Fusions et acquisitions<\/li>\n\n\n\n<li>Transactions d&rsquo;entreprises<\/li>\n\n\n\n<li>Succession d&rsquo;entreprises et de patrimoine<\/li>\n\n\n\n<li>Structuration patrimoniale<\/li>\n<\/ul>\n\n\n\n<h3 class=\"wp-block-heading\">Carri\u00e8re professionnelle<\/h3>\n\n\n\n<figure class=\"wp-block-table tablist\"><table><tbody><tr><td>2016-2017<\/td><td>Avocat sp\u00e9cialis\u00e9 en fusions-acquisitions chez Paul Hastings, Francfort-sur-le-Main<\/td><\/tr><tr><td>2018-2019<\/td><td>Souscripteur senior en fusions-acquisitions chez AIG Europe S.A., Francfort-sur-le-Main<\/td><\/tr><tr><td>2019-2021<\/td><td>Avocat sp\u00e9cialis\u00e9 en fusions-acquisitions chez Mayer Brown, Francfort-sur-le-Main<\/td><\/tr><tr><td>2021-2022<\/td><td>Responsable juridique et conformit\u00e9 d&rsquo;un fonds de capital-risque, Cologne<\/td><\/tr><tr><td>2022-2024<\/td><td>Cadre sup\u00e9rieur dans le domaine des fusions-acquisitions chez KPMG Law, Francfort-sur-le-Main et Cologne<\/td><\/tr><tr><td>2025<\/td><td>Ind\u00e9pendant chez \u00ab\u00a0Kafka Law\u00a0\u00bb, Francfort-sur-le-Main<\/td><\/tr><tr><td>depuis 2026<\/td><td>Avocat et associ\u00e9 chez Dr. Gantef\u00fchrer, Marquardt &amp; Partner<\/td><\/tr><\/tbody><\/table><\/figure>\n\n\n\n<h3 class=\"wp-block-heading\">Secteurs<\/h3>\n\n\n\n<ul class=\"wp-block-list\">\n<li>Entrepreneurs de taille moyenne<\/li>\n\n\n\n<li>Clients priv\u00e9s<\/li>\n\n\n\n<li>Capital-investissement<\/li>\n\n\n\n<li>Capital-risque<\/li>\n\n\n\n<li>Secteur financier<\/li>\n\n\n\n<li>Secteur des assurances<\/li>\n<\/ul>\n\n\n\n<h3 class=\"wp-block-heading\">Mandats s\u00e9lectionn\u00e9s<\/h3>\n\n\n\n<ul class=\"wp-block-list\">\n<li>Conseil aupr\u00e8s de l&rsquo;actionnaire principal de Hacker Motor GmbH, sp\u00e9cialiste des moteurs \u00e9lectriques et des syst\u00e8mes d&rsquo;entra\u00eenement haut de gamme et performants, dans le cadre de la vente de sa participation \u00e0 Quantum Systems GmbH*<\/li>\n\n\n\n<li>Conseil de MRH Trowe Credit &amp; Finance GmbH, l&rsquo;un des principaux courtiers en assurance industrielle g\u00e9r\u00e9s par leurs propri\u00e9taires en Allemagne, dans le cadre de l&rsquo;acquisition de FM Holding GmbH et de sa filiale FM Leasing Partner GmbH*<\/li>\n\n\n\n<li>Conseil de MRH Trowe Credit &amp; Finance GmbH dans le cadre de l&rsquo;acquisition d&rsquo;une participation minoritaire dans Debt Advisory Partners, une soci\u00e9t\u00e9 de conseil financier sp\u00e9cialis\u00e9e dans le conseil en mati\u00e8re de dette*<\/li>\n\n\n\n<li>Conseil aupr\u00e8s de YER Global B.V., une soci\u00e9t\u00e9 du portefeuille de l&rsquo;investisseur en capital-investissement Inflexion, dans le cadre de l&rsquo;acquisition d&rsquo;AVANTGARDE Experts GmbH et d&rsquo;AVANTGARDE Talents GmbH*<\/li>\n\n\n\n<li>Conseil aupr\u00e8s de TT Medic GmbH et de ses associ\u00e9s, un d\u00e9veloppeur et fabricant de composants plastiques haut de gamme, dans le cadre de la vente \u00e0 Trill Impact*<\/li>\n\n\n\n<li>Conseil de Conrad Electronic SE, l&rsquo;une des principales plateformes europ\u00e9ennes d&rsquo;approvisionnement en mat\u00e9riel technique, dans le cadre de l&rsquo;acquisition d&rsquo;Electronic Direct GmbH*<\/li>\n\n\n\n<li>Conseil de Busch SE, l&rsquo;un des plus grands fabricants de pompes \u00e0 vide, dans le cadre de l&rsquo;acquisition de centrotherm clean solutions GmbH, un leader technologique dans le domaine des syst\u00e8mes industriels d&rsquo;\u00e9puration des gaz d&rsquo;\u00e9chappement*<\/li>\n\n\n\n<li><\/li>\n\n\n\n<li>Conseil d&rsquo;un fabricant leader de pompes \u00e0 b\u00e9ton dans le cadre de la scission d&rsquo;une division et de la conception et la mise en \u0153uvre d&rsquo;un programme de participation des cadres \u00e0 la propri\u00e9t\u00e9*<\/li>\n\n\n\n<li>Conseil aupr\u00e8s de LVM Versicherung, l&rsquo;un des 20 plus grands groupes d&rsquo;assurance directe et l&rsquo;un des cinq plus grands assureurs automobiles d&rsquo;Allemagne, dans le cadre de sa prise de participation dans rightmart GmbH*<\/li>\n\n\n\n<li>Conseil aupr\u00e8s du groupe SoftwareONE, actif dans le domaine de la gestion de portefeuille logiciel et des licences logicielles, dans le cadre de l&rsquo;acquisition de BenivaGroup*<\/li>\n\n\n\n<li>Conseil aupr\u00e8s de heptus 391. GmbH, soci\u00e9t\u00e9 m\u00e8re de Syserso Networks GmbH et soci\u00e9t\u00e9 du portefeuille de Chequers Capital, dans le cadre de l&rsquo;acquisition de SHD System-Haus-Dresden GmbH*<\/li>\n\n\n\n<li>Conseil aupr\u00e8s de Cenntro Electric Group Limited, une entreprise technologique sp\u00e9cialis\u00e9e dans les v\u00e9hicules utilitaires \u00e9lectriques, dans le cadre de l&rsquo;acquisition d&rsquo;une participation dans Antric GmbH*<\/li>\n\n\n\n<li>Conseil des associ\u00e9s de metaphacts GmbH lors de la vente \u00e0 DS Digital Science GmbH*<\/li>\n\n\n\n<li>Conseil de Bundesimmobiliengesellschaft m.b.H., l&rsquo;une des plus grandes soci\u00e9t\u00e9s de gestion immobili\u00e8re et de construction neuve d&rsquo;Autriche, lors d&rsquo;un tour de financement de s\u00e9rie B d&rsquo;Ampeers Energy GmbH, pionnier dans le domaine de l&rsquo;immobilier sans \u00e9missions de CO\u2082*<\/li>\n\n\n\n<li>Conseil de Hauck &amp; Aufh\u00e4user, l&rsquo;une des principales banques priv\u00e9es ind\u00e9pendantes en Allemagne, dans le cadre de l&rsquo;acquisition r\u00e9ussie de la banque Lampe*<\/li>\n\n\n\n<li>Conseil aupr\u00e8s d&rsquo;Avedon Capital Partners, un investisseur priv\u00e9 de premier plan dans le segment du march\u00e9 interm\u00e9diaire, dans le cadre de l&rsquo;acquisition r\u00e9ussie du groupe Hauck*.<\/li>\n\n\n\n<li>Conseil aupr\u00e8s de Deutsche Beteiligungs AG dans le cadre de l&rsquo;acquisition r\u00e9ussie de participations majoritaires dans Catalysts GmbH (Autriche) et Crisp Research AG (Allemagne) dans le cadre de deux rachats par les cadres, ainsi que dans le cadre de la cr\u00e9ation r\u00e9ussie du groupe Cloudflight*<\/li>\n\n\n\n<li>Conseil aupr\u00e8s de Fujian Grand Chip Investment Fund LP, un investisseur chinois, dans le cadre du projet d&rsquo;acquisition d&rsquo;Aixtron SE*<\/li>\n\n\n\n<li>Conseil de Samsung Electronics Co. Ltd., un groupe \u00e9lectronique leader mondial, dans le cadre de l&rsquo;acquisition de Harman International Industries Inc.*<\/li>\n\n\n\n<li>Conseil de Capvis Equity Partners AG, une soci\u00e9t\u00e9 de capital-investissement leader en Suisse, dans le cadre de l&rsquo;acquisition du groupe Felss*<\/li>\n\n\n\n<li>Conseil de Dexcom Inc., un fabricant leader d&rsquo;appareils m\u00e9dicaux pour la mesure de la glyc\u00e9mie, dans le cadre de l&rsquo;acquisition du groupe Nintamed*<\/li>\n<\/ul>\n\n\n\n<p><sub>* Mandats avant le d\u00e9but de l\u2019activit\u00e9 chez Gantef\u00fchrer<\/sub><\/p>\n\n\n\n<div class=\"wp-block-button zurueck\"><a class=\"wp-block-button__link wp-element-button\" href=\"https:\/\/www.gamapa.de\/fr\/conseillers\/\">retour<\/a><\/div>\n\n\n\n<p><\/p>\n","protected":false},"excerpt":{"rendered":"<p>Domaines de sp\u00e9cialisation Carri\u00e8re professionnelle 2016-2017 Avocat sp\u00e9cialis\u00e9 en fusions-acquisitions chez Paul Hastings, Francfort-sur-le-Main 2018-2019 Souscripteur senior en fusions-acquisitions chez AIG Europe S.A., Francfort-sur-le-Main 2019-2021 Avocat sp\u00e9cialis\u00e9 en fusions-acquisitions chez Mayer Brown, Francfort-sur-le-Main 2021-2022 Responsable juridique et conformit\u00e9 d&rsquo;un fonds de capital-risque, Cologne 2022-2024 Cadre sup\u00e9rieur dans le domaine des fusions-acquisitions chez KPMG Law, Francfort-sur-le-Main <a href=\"https:\/\/www.gamapa.de\/fr\/conseillers\/dr-frank-kafka\/\">[\u2026]<\/a><\/p>\n","protected":false},"author":11,"featured_media":23485,"parent":4584,"menu_order":21,"comment_status":"closed","ping_status":"closed","template":"templates\/template-Profil.php","meta":{"_acf_changed":false,"_uag_custom_page_level_css":"","footnotes":""},"class_list":["post-23779","page","type-page","status-publish","has-post-thumbnail","hentry"],"acf":[],"yoast_head":"<!-- This site is optimized with the Yoast SEO plugin v27.3 - https:\/\/yoast.com\/product\/yoast-seo-wordpress\/ -->\n<title>Dr. Frank Kafka | Dr. Gantef\u00fchrer, Marquardt &amp; Partner mbB<\/title>\n<meta name=\"description\" content=\"Dr. Frank Kafka \u2013 RA und Partner bei Gantef\u00fchrer mit Expertise im Bereich M&amp;A, Private Equity und Venture Capital.\" \/>\n<meta name=\"robots\" content=\"index, follow, max-snippet:-1, max-image-preview:large, max-video-preview:-1\" \/>\n<link rel=\"canonical\" href=\"https:\/\/www.gamapa.de\/fr\/conseillers\/dr-frank-kafka\/\" \/>\n<meta property=\"og:locale\" content=\"fr_FR\" \/>\n<meta property=\"og:type\" content=\"article\" \/>\n<meta property=\"og:title\" content=\"Dr. Frank Kafka | Dr. Gantef\u00fchrer, Marquardt &amp; Partner mbB\" \/>\n<meta property=\"og:description\" content=\"Dr. Frank Kafka \u2013 RA und Partner bei Gantef\u00fchrer mit Expertise im Bereich M&amp;A, Private Equity und Venture Capital.\" \/>\n<meta property=\"og:url\" content=\"https:\/\/www.gamapa.de\/fr\/conseillers\/dr-frank-kafka\/\" \/>\n<meta property=\"og:site_name\" content=\"GANTEF\u00dcHRER\" \/>\n<meta property=\"article:modified_time\" content=\"2026-02-23T09:10:13+00:00\" \/>\n<meta property=\"og:image\" content=\"https:\/\/www.gamapa.de\/wp-content\/uploads\/2026\/01\/kafka-laptop.jpg\" \/>\n\t<meta property=\"og:image:width\" content=\"1440\" \/>\n\t<meta property=\"og:image:height\" content=\"859\" \/>\n\t<meta property=\"og:image:type\" content=\"image\/jpeg\" \/>\n<meta name=\"twitter:card\" content=\"summary_large_image\" \/>\n<meta name=\"twitter:label1\" content=\"Dur\u00e9e de lecture estim\u00e9e\" \/>\n\t<meta name=\"twitter:data1\" content=\"5 minutes\" \/>\n<script type=\"application\/ld+json\" class=\"yoast-schema-graph\">{\"@context\":\"https:\\\/\\\/schema.org\",\"@graph\":[{\"@type\":\"WebPage\",\"@id\":\"https:\\\/\\\/www.gamapa.de\\\/fr\\\/conseillers\\\/dr-frank-kafka\\\/\",\"url\":\"https:\\\/\\\/www.gamapa.de\\\/fr\\\/conseillers\\\/dr-frank-kafka\\\/\",\"name\":\"Dr. Frank Kafka | Dr. Gantef\u00fchrer, Marquardt & Partner mbB\",\"isPartOf\":{\"@id\":\"https:\\\/\\\/www.gamapa.de\\\/fr\\\/#website\"},\"primaryImageOfPage\":{\"@id\":\"https:\\\/\\\/www.gamapa.de\\\/fr\\\/conseillers\\\/dr-frank-kafka\\\/#primaryimage\"},\"image\":{\"@id\":\"https:\\\/\\\/www.gamapa.de\\\/fr\\\/conseillers\\\/dr-frank-kafka\\\/#primaryimage\"},\"thumbnailUrl\":\"https:\\\/\\\/www.gamapa.de\\\/wp-content\\\/uploads\\\/2026\\\/01\\\/kafka-laptop.jpg\",\"datePublished\":\"2026-01-21T14:16:12+00:00\",\"dateModified\":\"2026-02-23T09:10:13+00:00\",\"description\":\"Dr. Frank Kafka \u2013 RA und Partner bei Gantef\u00fchrer mit Expertise im Bereich M&A, Private Equity und Venture Capital.\",\"breadcrumb\":{\"@id\":\"https:\\\/\\\/www.gamapa.de\\\/fr\\\/conseillers\\\/dr-frank-kafka\\\/#breadcrumb\"},\"inLanguage\":\"fr-FR\",\"potentialAction\":[{\"@type\":\"ReadAction\",\"target\":[\"https:\\\/\\\/www.gamapa.de\\\/fr\\\/conseillers\\\/dr-frank-kafka\\\/\"]}]},{\"@type\":\"ImageObject\",\"inLanguage\":\"fr-FR\",\"@id\":\"https:\\\/\\\/www.gamapa.de\\\/fr\\\/conseillers\\\/dr-frank-kafka\\\/#primaryimage\",\"url\":\"https:\\\/\\\/www.gamapa.de\\\/wp-content\\\/uploads\\\/2026\\\/01\\\/kafka-laptop.jpg\",\"contentUrl\":\"https:\\\/\\\/www.gamapa.de\\\/wp-content\\\/uploads\\\/2026\\\/01\\\/kafka-laptop.jpg\",\"width\":1440,\"height\":859,\"caption\":\"Dr. Frank Kafka\"},{\"@type\":\"BreadcrumbList\",\"@id\":\"https:\\\/\\\/www.gamapa.de\\\/fr\\\/conseillers\\\/dr-frank-kafka\\\/#breadcrumb\",\"itemListElement\":[{\"@type\":\"ListItem\",\"position\":1,\"name\":\"Startseite\",\"item\":\"https:\\\/\\\/www.gamapa.de\\\/fr\\\/\"},{\"@type\":\"ListItem\",\"position\":2,\"name\":\"Conseillers\",\"item\":\"https:\\\/\\\/www.gamapa.de\\\/fr\\\/conseillers\\\/\"},{\"@type\":\"ListItem\",\"position\":3,\"name\":\"Dr. Frank Kafka\"}]},{\"@type\":\"WebSite\",\"@id\":\"https:\\\/\\\/www.gamapa.de\\\/fr\\\/#website\",\"url\":\"https:\\\/\\\/www.gamapa.de\\\/fr\\\/\",\"name\":\"GANTEF\u00dcHRER\",\"description\":\"Wirtschaftspr\u00fcfer, Steuerberater, Rechtsanw\u00e4lte\",\"publisher\":{\"@id\":\"https:\\\/\\\/www.gamapa.de\\\/fr\\\/#organization\"},\"potentialAction\":[{\"@type\":\"SearchAction\",\"target\":{\"@type\":\"EntryPoint\",\"urlTemplate\":\"https:\\\/\\\/www.gamapa.de\\\/fr\\\/?s={search_term_string}\"},\"query-input\":{\"@type\":\"PropertyValueSpecification\",\"valueRequired\":true,\"valueName\":\"search_term_string\"}}],\"inLanguage\":\"fr-FR\"},{\"@type\":\"Organization\",\"@id\":\"https:\\\/\\\/www.gamapa.de\\\/fr\\\/#organization\",\"name\":\"Gantef\u00fchrer Wirtschaftspr\u00fcfer, Steuerberater, Rechtsanw\u00e4lte\",\"url\":\"https:\\\/\\\/www.gamapa.de\\\/fr\\\/\",\"logo\":{\"@type\":\"ImageObject\",\"inLanguage\":\"fr-FR\",\"@id\":\"https:\\\/\\\/www.gamapa.de\\\/fr\\\/#\\\/schema\\\/logo\\\/image\\\/\",\"url\":\"https:\\\/\\\/www.gamapa.de\\\/wp-content\\\/uploads\\\/2026\\\/01\\\/Logo-Gantefuehrer.png\",\"contentUrl\":\"https:\\\/\\\/www.gamapa.de\\\/wp-content\\\/uploads\\\/2026\\\/01\\\/Logo-Gantefuehrer.png\",\"width\":767,\"height\":156,\"caption\":\"Gantef\u00fchrer Wirtschaftspr\u00fcfer, Steuerberater, Rechtsanw\u00e4lte\"},\"image\":{\"@id\":\"https:\\\/\\\/www.gamapa.de\\\/fr\\\/#\\\/schema\\\/logo\\\/image\\\/\"}}]}<\/script>\n<!-- \/ Yoast SEO plugin. -->","yoast_head_json":{"title":"Dr. Frank Kafka | Dr. Gantef\u00fchrer, Marquardt & Partner mbB","description":"Dr. Frank Kafka \u2013 RA und Partner bei Gantef\u00fchrer mit Expertise im Bereich M&A, Private Equity und Venture Capital.","robots":{"index":"index","follow":"follow","max-snippet":"max-snippet:-1","max-image-preview":"max-image-preview:large","max-video-preview":"max-video-preview:-1"},"canonical":"https:\/\/www.gamapa.de\/fr\/conseillers\/dr-frank-kafka\/","og_locale":"fr_FR","og_type":"article","og_title":"Dr. Frank Kafka | Dr. Gantef\u00fchrer, Marquardt & Partner mbB","og_description":"Dr. Frank Kafka \u2013 RA und Partner bei Gantef\u00fchrer mit Expertise im Bereich M&A, Private Equity und Venture Capital.","og_url":"https:\/\/www.gamapa.de\/fr\/conseillers\/dr-frank-kafka\/","og_site_name":"GANTEF\u00dcHRER","article_modified_time":"2026-02-23T09:10:13+00:00","og_image":[{"width":1440,"height":859,"url":"https:\/\/www.gamapa.de\/wp-content\/uploads\/2026\/01\/kafka-laptop.jpg","type":"image\/jpeg"}],"twitter_card":"summary_large_image","twitter_misc":{"Dur\u00e9e de lecture estim\u00e9e":"5 minutes"},"schema":{"@context":"https:\/\/schema.org","@graph":[{"@type":"WebPage","@id":"https:\/\/www.gamapa.de\/fr\/conseillers\/dr-frank-kafka\/","url":"https:\/\/www.gamapa.de\/fr\/conseillers\/dr-frank-kafka\/","name":"Dr. Frank Kafka | Dr. Gantef\u00fchrer, Marquardt & Partner mbB","isPartOf":{"@id":"https:\/\/www.gamapa.de\/fr\/#website"},"primaryImageOfPage":{"@id":"https:\/\/www.gamapa.de\/fr\/conseillers\/dr-frank-kafka\/#primaryimage"},"image":{"@id":"https:\/\/www.gamapa.de\/fr\/conseillers\/dr-frank-kafka\/#primaryimage"},"thumbnailUrl":"https:\/\/www.gamapa.de\/wp-content\/uploads\/2026\/01\/kafka-laptop.jpg","datePublished":"2026-01-21T14:16:12+00:00","dateModified":"2026-02-23T09:10:13+00:00","description":"Dr. Frank Kafka \u2013 RA und Partner bei Gantef\u00fchrer mit Expertise im Bereich M&A, Private Equity und Venture Capital.","breadcrumb":{"@id":"https:\/\/www.gamapa.de\/fr\/conseillers\/dr-frank-kafka\/#breadcrumb"},"inLanguage":"fr-FR","potentialAction":[{"@type":"ReadAction","target":["https:\/\/www.gamapa.de\/fr\/conseillers\/dr-frank-kafka\/"]}]},{"@type":"ImageObject","inLanguage":"fr-FR","@id":"https:\/\/www.gamapa.de\/fr\/conseillers\/dr-frank-kafka\/#primaryimage","url":"https:\/\/www.gamapa.de\/wp-content\/uploads\/2026\/01\/kafka-laptop.jpg","contentUrl":"https:\/\/www.gamapa.de\/wp-content\/uploads\/2026\/01\/kafka-laptop.jpg","width":1440,"height":859,"caption":"Dr. Frank Kafka"},{"@type":"BreadcrumbList","@id":"https:\/\/www.gamapa.de\/fr\/conseillers\/dr-frank-kafka\/#breadcrumb","itemListElement":[{"@type":"ListItem","position":1,"name":"Startseite","item":"https:\/\/www.gamapa.de\/fr\/"},{"@type":"ListItem","position":2,"name":"Conseillers","item":"https:\/\/www.gamapa.de\/fr\/conseillers\/"},{"@type":"ListItem","position":3,"name":"Dr. Frank Kafka"}]},{"@type":"WebSite","@id":"https:\/\/www.gamapa.de\/fr\/#website","url":"https:\/\/www.gamapa.de\/fr\/","name":"GANTEF\u00dcHRER","description":"Wirtschaftspr\u00fcfer, Steuerberater, Rechtsanw\u00e4lte","publisher":{"@id":"https:\/\/www.gamapa.de\/fr\/#organization"},"potentialAction":[{"@type":"SearchAction","target":{"@type":"EntryPoint","urlTemplate":"https:\/\/www.gamapa.de\/fr\/?s={search_term_string}"},"query-input":{"@type":"PropertyValueSpecification","valueRequired":true,"valueName":"search_term_string"}}],"inLanguage":"fr-FR"},{"@type":"Organization","@id":"https:\/\/www.gamapa.de\/fr\/#organization","name":"Gantef\u00fchrer Wirtschaftspr\u00fcfer, Steuerberater, Rechtsanw\u00e4lte","url":"https:\/\/www.gamapa.de\/fr\/","logo":{"@type":"ImageObject","inLanguage":"fr-FR","@id":"https:\/\/www.gamapa.de\/fr\/#\/schema\/logo\/image\/","url":"https:\/\/www.gamapa.de\/wp-content\/uploads\/2026\/01\/Logo-Gantefuehrer.png","contentUrl":"https:\/\/www.gamapa.de\/wp-content\/uploads\/2026\/01\/Logo-Gantefuehrer.png","width":767,"height":156,"caption":"Gantef\u00fchrer Wirtschaftspr\u00fcfer, Steuerberater, Rechtsanw\u00e4lte"},"image":{"@id":"https:\/\/www.gamapa.de\/fr\/#\/schema\/logo\/image\/"}}]}},"uagb_featured_image_src":{"full":["https:\/\/www.gamapa.de\/wp-content\/uploads\/2026\/01\/kafka-laptop.jpg",1440,859,false],"thumbnail":["https:\/\/www.gamapa.de\/wp-content\/uploads\/2026\/01\/kafka-laptop-150x150.jpg",150,150,true],"medium":["https:\/\/www.gamapa.de\/wp-content\/uploads\/2026\/01\/kafka-laptop-600x358.jpg",600,358,true],"medium_large":["https:\/\/www.gamapa.de\/wp-content\/uploads\/2026\/01\/kafka-laptop-768x458.jpg",580,346,true],"large":["https:\/\/www.gamapa.de\/wp-content\/uploads\/2026\/01\/kafka-laptop.jpg",580,346,false],"gs-tiny":["https:\/\/www.gamapa.de\/wp-content\/uploads\/2026\/01\/kafka-laptop-50x30.jpg",50,30,true],"xl":["https:\/\/www.gamapa.de\/wp-content\/uploads\/2026\/01\/kafka-laptop.jpg",1440,859,false],"xxl":["https:\/\/www.gamapa.de\/wp-content\/uploads\/2026\/01\/kafka-laptop.jpg",1440,859,false],"xxxl":["https:\/\/www.gamapa.de\/wp-content\/uploads\/2026\/01\/kafka-laptop.jpg",1440,859,false],"xxxxl":["https:\/\/www.gamapa.de\/wp-content\/uploads\/2026\/01\/kafka-laptop.jpg",1440,859,false],"xxxxxl":["https:\/\/www.gamapa.de\/wp-content\/uploads\/2026\/01\/kafka-laptop.jpg",1440,859,false],"1536x1536":["https:\/\/www.gamapa.de\/wp-content\/uploads\/2026\/01\/kafka-laptop.jpg",1440,859,false],"2048x2048":["https:\/\/www.gamapa.de\/wp-content\/uploads\/2026\/01\/kafka-laptop.jpg",1440,859,false],"post-thumbnail":["https:\/\/www.gamapa.de\/wp-content\/uploads\/2026\/01\/kafka-laptop.jpg",1440,859,false],"twentytwenty-fullscreen":["https:\/\/www.gamapa.de\/wp-content\/uploads\/2026\/01\/kafka-laptop.jpg",1440,859,false],"theme-slug-single-post":["https:\/\/www.gamapa.de\/wp-content\/uploads\/2026\/01\/kafka-laptop-1440x400.jpg",1440,400,true]},"uagb_author_info":{"display_name":"ninasenft","author_link":"https:\/\/www.gamapa.de\/fr\/author\/ninasenft\/"},"uagb_comment_info":0,"uagb_excerpt":"Domaines de sp\u00e9cialisation Carri\u00e8re professionnelle 2016-2017 Avocat sp\u00e9cialis\u00e9 en fusions-acquisitions chez Paul Hastings, Francfort-sur-le-Main 2018-2019 Souscripteur senior en fusions-acquisitions chez AIG Europe S.A., Francfort-sur-le-Main 2019-2021 Avocat sp\u00e9cialis\u00e9 en fusions-acquisitions chez Mayer Brown, Francfort-sur-le-Main 2021-2022 Responsable juridique et conformit\u00e9 d&rsquo;un fonds de capital-risque, Cologne 2022-2024 Cadre sup\u00e9rieur dans le domaine des fusions-acquisitions chez KPMG Law, Francfort-sur-le-Main\u2026","_links":{"self":[{"href":"https:\/\/www.gamapa.de\/fr\/wp-json\/wp\/v2\/pages\/23779","targetHints":{"allow":["GET"]}}],"collection":[{"href":"https:\/\/www.gamapa.de\/fr\/wp-json\/wp\/v2\/pages"}],"about":[{"href":"https:\/\/www.gamapa.de\/fr\/wp-json\/wp\/v2\/types\/page"}],"author":[{"embeddable":true,"href":"https:\/\/www.gamapa.de\/fr\/wp-json\/wp\/v2\/users\/11"}],"replies":[{"embeddable":true,"href":"https:\/\/www.gamapa.de\/fr\/wp-json\/wp\/v2\/comments?post=23779"}],"version-history":[{"count":12,"href":"https:\/\/www.gamapa.de\/fr\/wp-json\/wp\/v2\/pages\/23779\/revisions"}],"predecessor-version":[{"id":24039,"href":"https:\/\/www.gamapa.de\/fr\/wp-json\/wp\/v2\/pages\/23779\/revisions\/24039"}],"up":[{"embeddable":true,"href":"https:\/\/www.gamapa.de\/fr\/wp-json\/wp\/v2\/pages\/4584"}],"wp:featuredmedia":[{"embeddable":true,"href":"https:\/\/www.gamapa.de\/fr\/wp-json\/wp\/v2\/media\/23485"}],"wp:attachment":[{"href":"https:\/\/www.gamapa.de\/fr\/wp-json\/wp\/v2\/media?parent=23779"}],"curies":[{"name":"wp","href":"https:\/\/api.w.org\/{rel}","templated":true}]}}