

{"id":4478,"date":"2020-03-04T15:55:33","date_gmt":"2020-03-04T14:55:33","guid":{"rendered":"https:\/\/www.gamapa.de\/netzwerk\/"},"modified":"2026-01-21T09:49:36","modified_gmt":"2026-01-21T08:49:36","slug":"reseau","status":"publish","type":"page","link":"https:\/\/www.gamapa.de\/fr\/reseau\/","title":{"rendered":"R\u00e9seau"},"content":{"rendered":"\n<h2 class=\"wp-block-heading\">\u00c9change des connaissances, synergie des comp\u00e9tences<\/h2>\n\n\n\n<p>Nous faisons partie du r\u00e9seau HLB, une association qui regroupe 24 cabinets de taille moyenne, actifs dans le secteur de l\u2019audit et du conseil fiscal. HLB Deutschland est l\u2019un des 3 plus grands r\u00e9seaux de ce type op\u00e9rant en Allemagne et fait partie du r\u00e9seau global HLB International.<\/p>\n\n\n\n<h2 class=\"wp-block-heading\">Helping Local Business Internationally<\/h2>\n\n\n\n<p>Le r\u00e9seau global HLB a \u00e9t\u00e9 constitu\u00e9 en 1969. Il regroupe aujourd\u2019hui 1100 bureaux et emploie plus de 51.000 salari\u00e9s dans plus de 155 pays du monde entier.<\/p>\n\n\n<p><img decoding=\"async\" src=\"https:\/\/www.gamapa.de\/wp-content\/uploads\/2020\/06\/Tax-network-1.jpg\" style=\"margin-left:-5px;margin-top:30px\" width=\"300\"><\/p>","protected":false},"excerpt":{"rendered":"<p>\u00c9change des connaissances, synergie des comp\u00e9tences Nous faisons partie du r\u00e9seau HLB, une association qui regroupe 24 cabinets de taille moyenne, actifs dans le secteur de l\u2019audit et du conseil fiscal. HLB Deutschland est l\u2019un des 3 plus grands r\u00e9seaux de ce type op\u00e9rant en Allemagne et fait partie du r\u00e9seau global HLB International. Helping <a href=\"https:\/\/www.gamapa.de\/fr\/reseau\/\">[\u2026]<\/a><\/p>\n","protected":false},"author":1,"featured_media":3865,"parent":0,"menu_order":3,"comment_status":"closed","ping_status":"closed","template":"","meta":{"_acf_changed":false,"_uag_custom_page_level_css":"","footnotes":""},"class_list":["post-4478","page","type-page","status-publish","has-post-thumbnail","hentry"],"acf":[],"yoast_head":"<!-- This site is optimized with the Yoast SEO plugin v27.3 - https:\/\/yoast.com\/product\/yoast-seo-wordpress\/ -->\n<title>R\u00e9seau - GANTEF\u00dcHRER<\/title>\n<meta name=\"description\" content=\"Wir sind Teil des HLB-Netzwerkes, eines Verbundes von 21 mittelst\u00e4ndischen Wirtschaftspr\u00fcfungs- und Steuerberatungsgesellschaften.\" \/>\n<meta name=\"robots\" content=\"index, follow, max-snippet:-1, max-image-preview:large, max-video-preview:-1\" \/>\n<link rel=\"canonical\" href=\"https:\/\/www.gamapa.de\/fr\/reseau\/\" \/>\n<meta property=\"og:locale\" content=\"fr_FR\" \/>\n<meta property=\"og:type\" content=\"article\" \/>\n<meta property=\"og:title\" content=\"R\u00e9seau - GANTEF\u00dcHRER\" \/>\n<meta property=\"og:description\" content=\"Wir sind Teil des HLB-Netzwerkes, eines Verbundes von 21 mittelst\u00e4ndischen Wirtschaftspr\u00fcfungs- und Steuerberatungsgesellschaften.\" \/>\n<meta property=\"og:url\" content=\"https:\/\/www.gamapa.de\/fr\/reseau\/\" \/>\n<meta property=\"og:site_name\" content=\"GANTEF\u00dcHRER\" \/>\n<meta property=\"article:modified_time\" content=\"2026-01-21T08:49:36+00:00\" \/>\n<meta property=\"og:image\" content=\"https:\/\/www.gamapa.de\/wp-content\/uploads\/2020\/07\/Header-var53-scaled.jpg\" \/>\n\t<meta property=\"og:image:width\" content=\"2560\" \/>\n\t<meta property=\"og:image:height\" content=\"764\" \/>\n\t<meta property=\"og:image:type\" content=\"image\/jpeg\" \/>\n<meta name=\"twitter:card\" content=\"summary_large_image\" \/>\n<meta name=\"twitter:label1\" content=\"Dur\u00e9e de lecture estim\u00e9e\" \/>\n\t<meta name=\"twitter:data1\" content=\"1 minute\" \/>\n<script type=\"application\/ld+json\" class=\"yoast-schema-graph\">{\"@context\":\"https:\\\/\\\/schema.org\",\"@graph\":[{\"@type\":\"WebPage\",\"@id\":\"https:\\\/\\\/www.gamapa.de\\\/fr\\\/reseau\\\/\",\"url\":\"https:\\\/\\\/www.gamapa.de\\\/fr\\\/reseau\\\/\",\"name\":\"R\u00e9seau - GANTEF\u00dcHRER\",\"isPartOf\":{\"@id\":\"https:\\\/\\\/www.gamapa.de\\\/fr\\\/#website\"},\"primaryImageOfPage\":{\"@id\":\"https:\\\/\\\/www.gamapa.de\\\/fr\\\/reseau\\\/#primaryimage\"},\"image\":{\"@id\":\"https:\\\/\\\/www.gamapa.de\\\/fr\\\/reseau\\\/#primaryimage\"},\"thumbnailUrl\":\"https:\\\/\\\/www.gamapa.de\\\/wp-content\\\/uploads\\\/2020\\\/07\\\/Header-var53-scaled.jpg\",\"datePublished\":\"2020-03-04T14:55:33+00:00\",\"dateModified\":\"2026-01-21T08:49:36+00:00\",\"description\":\"Wir sind Teil des HLB-Netzwerkes, eines Verbundes von 21 mittelst\u00e4ndischen Wirtschaftspr\u00fcfungs- und Steuerberatungsgesellschaften.\",\"breadcrumb\":{\"@id\":\"https:\\\/\\\/www.gamapa.de\\\/fr\\\/reseau\\\/#breadcrumb\"},\"inLanguage\":\"fr-FR\",\"potentialAction\":[{\"@type\":\"ReadAction\",\"target\":[\"https:\\\/\\\/www.gamapa.de\\\/fr\\\/reseau\\\/\"]}]},{\"@type\":\"ImageObject\",\"inLanguage\":\"fr-FR\",\"@id\":\"https:\\\/\\\/www.gamapa.de\\\/fr\\\/reseau\\\/#primaryimage\",\"url\":\"https:\\\/\\\/www.gamapa.de\\\/wp-content\\\/uploads\\\/2020\\\/07\\\/Header-var53-scaled.jpg\",\"contentUrl\":\"https:\\\/\\\/www.gamapa.de\\\/wp-content\\\/uploads\\\/2020\\\/07\\\/Header-var53-scaled.jpg\",\"width\":2560,\"height\":764,\"caption\":\"Ansicht vin An\"},{\"@type\":\"BreadcrumbList\",\"@id\":\"https:\\\/\\\/www.gamapa.de\\\/fr\\\/reseau\\\/#breadcrumb\",\"itemListElement\":[{\"@type\":\"ListItem\",\"position\":1,\"name\":\"Startseite\",\"item\":\"https:\\\/\\\/www.gamapa.de\\\/fr\\\/\"},{\"@type\":\"ListItem\",\"position\":2,\"name\":\"R\u00e9seau\"}]},{\"@type\":\"WebSite\",\"@id\":\"https:\\\/\\\/www.gamapa.de\\\/fr\\\/#website\",\"url\":\"https:\\\/\\\/www.gamapa.de\\\/fr\\\/\",\"name\":\"GANTEF\u00dcHRER\",\"description\":\"Wirtschaftspr\u00fcfer, Steuerberater, Rechtsanw\u00e4lte\",\"publisher\":{\"@id\":\"https:\\\/\\\/www.gamapa.de\\\/fr\\\/#organization\"},\"potentialAction\":[{\"@type\":\"SearchAction\",\"target\":{\"@type\":\"EntryPoint\",\"urlTemplate\":\"https:\\\/\\\/www.gamapa.de\\\/fr\\\/?s={search_term_string}\"},\"query-input\":{\"@type\":\"PropertyValueSpecification\",\"valueRequired\":true,\"valueName\":\"search_term_string\"}}],\"inLanguage\":\"fr-FR\"},{\"@type\":\"Organization\",\"@id\":\"https:\\\/\\\/www.gamapa.de\\\/fr\\\/#organization\",\"name\":\"Gantef\u00fchrer Wirtschaftspr\u00fcfer, Steuerberater, Rechtsanw\u00e4lte\",\"url\":\"https:\\\/\\\/www.gamapa.de\\\/fr\\\/\",\"logo\":{\"@type\":\"ImageObject\",\"inLanguage\":\"fr-FR\",\"@id\":\"https:\\\/\\\/www.gamapa.de\\\/fr\\\/#\\\/schema\\\/logo\\\/image\\\/\",\"url\":\"https:\\\/\\\/www.gamapa.de\\\/wp-content\\\/uploads\\\/2026\\\/01\\\/Logo-Gantefuehrer.png\",\"contentUrl\":\"https:\\\/\\\/www.gamapa.de\\\/wp-content\\\/uploads\\\/2026\\\/01\\\/Logo-Gantefuehrer.png\",\"width\":767,\"height\":156,\"caption\":\"Gantef\u00fchrer Wirtschaftspr\u00fcfer, Steuerberater, Rechtsanw\u00e4lte\"},\"image\":{\"@id\":\"https:\\\/\\\/www.gamapa.de\\\/fr\\\/#\\\/schema\\\/logo\\\/image\\\/\"}}]}<\/script>\n<!-- \/ Yoast SEO plugin. -->","yoast_head_json":{"title":"R\u00e9seau - GANTEF\u00dcHRER","description":"Wir sind Teil des HLB-Netzwerkes, eines Verbundes von 21 mittelst\u00e4ndischen Wirtschaftspr\u00fcfungs- und Steuerberatungsgesellschaften.","robots":{"index":"index","follow":"follow","max-snippet":"max-snippet:-1","max-image-preview":"max-image-preview:large","max-video-preview":"max-video-preview:-1"},"canonical":"https:\/\/www.gamapa.de\/fr\/reseau\/","og_locale":"fr_FR","og_type":"article","og_title":"R\u00e9seau - GANTEF\u00dcHRER","og_description":"Wir sind Teil des HLB-Netzwerkes, eines Verbundes von 21 mittelst\u00e4ndischen Wirtschaftspr\u00fcfungs- und Steuerberatungsgesellschaften.","og_url":"https:\/\/www.gamapa.de\/fr\/reseau\/","og_site_name":"GANTEF\u00dcHRER","article_modified_time":"2026-01-21T08:49:36+00:00","og_image":[{"width":2560,"height":764,"url":"https:\/\/www.gamapa.de\/wp-content\/uploads\/2020\/07\/Header-var53-scaled.jpg","type":"image\/jpeg"}],"twitter_card":"summary_large_image","twitter_misc":{"Dur\u00e9e de lecture estim\u00e9e":"1 minute"},"schema":{"@context":"https:\/\/schema.org","@graph":[{"@type":"WebPage","@id":"https:\/\/www.gamapa.de\/fr\/reseau\/","url":"https:\/\/www.gamapa.de\/fr\/reseau\/","name":"R\u00e9seau - GANTEF\u00dcHRER","isPartOf":{"@id":"https:\/\/www.gamapa.de\/fr\/#website"},"primaryImageOfPage":{"@id":"https:\/\/www.gamapa.de\/fr\/reseau\/#primaryimage"},"image":{"@id":"https:\/\/www.gamapa.de\/fr\/reseau\/#primaryimage"},"thumbnailUrl":"https:\/\/www.gamapa.de\/wp-content\/uploads\/2020\/07\/Header-var53-scaled.jpg","datePublished":"2020-03-04T14:55:33+00:00","dateModified":"2026-01-21T08:49:36+00:00","description":"Wir sind Teil des HLB-Netzwerkes, eines Verbundes von 21 mittelst\u00e4ndischen Wirtschaftspr\u00fcfungs- und Steuerberatungsgesellschaften.","breadcrumb":{"@id":"https:\/\/www.gamapa.de\/fr\/reseau\/#breadcrumb"},"inLanguage":"fr-FR","potentialAction":[{"@type":"ReadAction","target":["https:\/\/www.gamapa.de\/fr\/reseau\/"]}]},{"@type":"ImageObject","inLanguage":"fr-FR","@id":"https:\/\/www.gamapa.de\/fr\/reseau\/#primaryimage","url":"https:\/\/www.gamapa.de\/wp-content\/uploads\/2020\/07\/Header-var53-scaled.jpg","contentUrl":"https:\/\/www.gamapa.de\/wp-content\/uploads\/2020\/07\/Header-var53-scaled.jpg","width":2560,"height":764,"caption":"Ansicht vin An"},{"@type":"BreadcrumbList","@id":"https:\/\/www.gamapa.de\/fr\/reseau\/#breadcrumb","itemListElement":[{"@type":"ListItem","position":1,"name":"Startseite","item":"https:\/\/www.gamapa.de\/fr\/"},{"@type":"ListItem","position":2,"name":"R\u00e9seau"}]},{"@type":"WebSite","@id":"https:\/\/www.gamapa.de\/fr\/#website","url":"https:\/\/www.gamapa.de\/fr\/","name":"GANTEF\u00dcHRER","description":"Wirtschaftspr\u00fcfer, Steuerberater, Rechtsanw\u00e4lte","publisher":{"@id":"https:\/\/www.gamapa.de\/fr\/#organization"},"potentialAction":[{"@type":"SearchAction","target":{"@type":"EntryPoint","urlTemplate":"https:\/\/www.gamapa.de\/fr\/?s={search_term_string}"},"query-input":{"@type":"PropertyValueSpecification","valueRequired":true,"valueName":"search_term_string"}}],"inLanguage":"fr-FR"},{"@type":"Organization","@id":"https:\/\/www.gamapa.de\/fr\/#organization","name":"Gantef\u00fchrer Wirtschaftspr\u00fcfer, Steuerberater, Rechtsanw\u00e4lte","url":"https:\/\/www.gamapa.de\/fr\/","logo":{"@type":"ImageObject","inLanguage":"fr-FR","@id":"https:\/\/www.gamapa.de\/fr\/#\/schema\/logo\/image\/","url":"https:\/\/www.gamapa.de\/wp-content\/uploads\/2026\/01\/Logo-Gantefuehrer.png","contentUrl":"https:\/\/www.gamapa.de\/wp-content\/uploads\/2026\/01\/Logo-Gantefuehrer.png","width":767,"height":156,"caption":"Gantef\u00fchrer Wirtschaftspr\u00fcfer, Steuerberater, Rechtsanw\u00e4lte"},"image":{"@id":"https:\/\/www.gamapa.de\/fr\/#\/schema\/logo\/image\/"}}]}},"uagb_featured_image_src":{"full":["https:\/\/www.gamapa.de\/wp-content\/uploads\/2020\/07\/Header-var53-scaled.jpg",2560,764,false],"thumbnail":["https:\/\/www.gamapa.de\/wp-content\/uploads\/2020\/07\/Header-var53-150x150.jpg",150,150,true],"medium":["https:\/\/www.gamapa.de\/wp-content\/uploads\/2020\/07\/Header-var53-600x179.jpg",600,179,true],"medium_large":["https:\/\/www.gamapa.de\/wp-content\/uploads\/2020\/07\/Header-var53-768x229.jpg",580,173,true],"large":["https:\/\/www.gamapa.de\/wp-content\/uploads\/2020\/07\/Header-var53-scaled.jpg",580,173,false],"gs-tiny":["https:\/\/www.gamapa.de\/wp-content\/uploads\/2020\/07\/Header-var53-scaled.jpg",50,15,false],"xl":["https:\/\/www.gamapa.de\/wp-content\/uploads\/2020\/07\/Header-var53-scaled.jpg",1600,478,false],"xxl":["https:\/\/www.gamapa.de\/wp-content\/uploads\/2020\/07\/Header-var53-scaled.jpg",2200,657,false],"xxxl":["https:\/\/www.gamapa.de\/wp-content\/uploads\/2020\/07\/Header-var53-scaled.jpg",2560,764,false],"xxxxl":["https:\/\/www.gamapa.de\/wp-content\/uploads\/2020\/07\/Header-var53-scaled.jpg",2560,764,false],"xxxxxl":["https:\/\/www.gamapa.de\/wp-content\/uploads\/2020\/07\/Header-var53-scaled.jpg",2560,764,false],"1536x1536":["https:\/\/www.gamapa.de\/wp-content\/uploads\/2020\/07\/Header-var53-1536x458.jpg",1536,458,true],"2048x2048":["https:\/\/www.gamapa.de\/wp-content\/uploads\/2020\/07\/Header-var53-2048x611.jpg",2048,611,true],"post-thumbnail":["https:\/\/www.gamapa.de\/wp-content\/uploads\/2020\/07\/Header-var53-scaled.jpg",2560,764,false],"twentytwenty-fullscreen":["https:\/\/www.gamapa.de\/wp-content\/uploads\/2020\/07\/Header-var53-scaled.jpg",2560,764,false],"theme-slug-single-post":["https:\/\/www.gamapa.de\/wp-content\/uploads\/2020\/07\/Header-var53-1600x400.jpg",1600,400,true]},"uagb_author_info":{"display_name":"linda","author_link":"https:\/\/www.gamapa.de\/fr\/author\/linda\/"},"uagb_comment_info":0,"uagb_excerpt":"\u00c9change des connaissances, synergie des comp\u00e9tences Nous faisons partie du r\u00e9seau HLB, une association qui regroupe 24 cabinets de taille moyenne, actifs dans le secteur de l\u2019audit et du conseil fiscal. HLB Deutschland est l\u2019un des 3 plus grands r\u00e9seaux de ce type op\u00e9rant en Allemagne et fait partie du r\u00e9seau global HLB International. Helping\u2026","_links":{"self":[{"href":"https:\/\/www.gamapa.de\/fr\/wp-json\/wp\/v2\/pages\/4478","targetHints":{"allow":["GET"]}}],"collection":[{"href":"https:\/\/www.gamapa.de\/fr\/wp-json\/wp\/v2\/pages"}],"about":[{"href":"https:\/\/www.gamapa.de\/fr\/wp-json\/wp\/v2\/types\/page"}],"author":[{"embeddable":true,"href":"https:\/\/www.gamapa.de\/fr\/wp-json\/wp\/v2\/users\/1"}],"replies":[{"embeddable":true,"href":"https:\/\/www.gamapa.de\/fr\/wp-json\/wp\/v2\/comments?post=4478"}],"version-history":[{"count":5,"href":"https:\/\/www.gamapa.de\/fr\/wp-json\/wp\/v2\/pages\/4478\/revisions"}],"predecessor-version":[{"id":23673,"href":"https:\/\/www.gamapa.de\/fr\/wp-json\/wp\/v2\/pages\/4478\/revisions\/23673"}],"wp:featuredmedia":[{"embeddable":true,"href":"https:\/\/www.gamapa.de\/fr\/wp-json\/wp\/v2\/media\/3865"}],"wp:attachment":[{"href":"https:\/\/www.gamapa.de\/fr\/wp-json\/wp\/v2\/media?parent=4478"}],"curies":[{"name":"wp","href":"https:\/\/api.w.org\/{rel}","templated":true}]}}